{"id":8684,"date":"2023-09-23T14:44:44","date_gmt":"2023-09-23T12:44:44","guid":{"rendered":"https:\/\/www.kanzlei-steinwachs.de\/lubeka\/"},"modified":"2023-11-24T13:10:51","modified_gmt":"2023-11-24T12:10:51","slug":"lubeka","status":"publish","type":"page","link":"https:\/\/www.kanzlei-steinwachs.de\/pl\/lubeka\/","title":{"rendered":"Lubeka"},"content":{"rendered":"<div class=\"wpb-content-wrapper\"><p>[vc_row triangle_shape=&#8221;no&#8221;][vc_column][vc_raw_html]PGlmcmFtZSBzcmM9Imh0dHBzOi8vd3d3Lmdvb2dsZS5jb20vbWFwcy9lbWJlZD9wYj0hMW0xNCExbTghMW0zITFkNDcwNS42NzU4NDAwMDY0MjQhMmQxMC42ODU5NjghM2Q1My44NjM1MyEzbTIhMWkxMDI0ITJpNzY4ITRmMTMuMSEzbTMhMW0yITFzMHg0N2IyMDlkMzlkYzU5ZDAzJTNBMHhiOWZjZjIzMjBjNWFjYzdjITJzU1RFSU5XQUNIUyUyMFJlY2h0c2Fud2FsdHNrYW56bGVpJTIwTCVDMyVCQ2JlY2slMjBaZW50cnVtITVlMCEzbTIhMXNkZSEyc2RlITR2MTY5NTc5MjI1ODQ3NCE1bTIhMXNkZSEyc2RlIiB3aWR0aD0iMjAwMCIgaGVpZ2h0PSI0MDAiIHN0eWxlPSJib3JkZXI6MDsiIGFsbG93ZnVsbHNjcmVlbj0iIiBsb2FkaW5nPSJsYXp5IiByZWZlcnJlcnBvbGljeT0ibm8tcmVmZXJyZXItd2hlbi1kb3duZ3JhZGUiPjwvaWZyYW1lPg==[\/vc_raw_html][\/vc_column][\/vc_row][vc_row content_width=&#8221;grid&#8221; triangle_shape=&#8221;no&#8221; css=&#8221;.vc_custom_1447839811894{padding-top: 58px !important;padding-bottom: 23px !important;background-color: #f2f2f2 !important;}&#8221;][vc_column offset=&#8221;vc_col-lg-4 vc_col-md-4&#8243;][vc_column_text]<\/p>\n<h2>Nasze boro<\/h2>\n<p>[\/vc_column_text]<div class=\"mkd-separator-holder clearfix  mkd-separator-center mkd-separator-full-width\" style=\"margin-top: -9px; margin-bottom: 0px; height: 0px\">\n\t<div class=\"mkd-separator\" style=\"border-color: rgba(255,255,255,0.01);border-bottom-width: 0px\"><\/div>\n<\/div>\n[vc_empty_space height=&#8221;20px&#8221;][vc_single_image image=&#8221;5979&#8243; img_size=&#8221;full&#8221;][vc_empty_space height=&#8221;20px&#8221;][vc_column_text]STEINWACHS Lubeka M\u00fchlenstra\u00dfe 24 23552 Lubeka[\/vc_column_text][vc_empty_space height=&#8221;55px&#8221;][\/vc_column][vc_column offset=&#8221;vc_col-lg-4 vc_col-md-4&#8243;][vc_column_text]<\/p>\n<h2>Jak mo\u017cemy ci pom\u00f3c?<\/h2>\n<p>[\/vc_column_text]<div class=\"mkd-separator-holder clearfix  mkd-separator-center mkd-separator-full-width\" style=\"margin-top: -9px; margin-bottom: 0px; height: 0px\">\n\t<div class=\"mkd-separator\" style=\"border-color: rgba(255,255,255,0.01);border-bottom-width: 0px\"><\/div>\n<\/div>\n[vc_empty_space height=&#8221;20px&#8221;]\n<div class=\"wpcf7 no-js\" id=\"wpcf7-f12507-o1\" lang=\"pl-PL\" dir=\"ltr\" data-wpcf7-id=\"12507\">\n<div class=\"screen-reader-response\"><p role=\"status\" aria-live=\"polite\" aria-atomic=\"true\"><\/p> <ul><\/ul><\/div>\n<form action=\"\/pl\/wp-json\/wp\/v2\/pages\/8684#wpcf7-f12507-o1\" method=\"post\" class=\"wpcf7-form init cf7_custom_style_1\" aria-label=\"Formularz kontaktowy\" novalidate=\"novalidate\" data-status=\"init\">\n<fieldset class=\"hidden-fields-container\"><input type=\"hidden\" name=\"_wpcf7\" value=\"12507\" \/><input type=\"hidden\" name=\"_wpcf7_version\" value=\"6.1.5\" \/><input type=\"hidden\" name=\"_wpcf7_locale\" value=\"pl_PL\" \/><input type=\"hidden\" name=\"_wpcf7_unit_tag\" value=\"wpcf7-f12507-o1\" \/><input type=\"hidden\" name=\"_wpcf7_container_post\" value=\"0\" \/><input type=\"hidden\" name=\"_wpcf7_posted_data_hash\" value=\"\" \/>\n<\/fieldset>\n<p><span class=\"wpcf7-form-control-wrap\" data-name=\"text-185\"><input size=\"40\" maxlength=\"400\" class=\"wpcf7-form-control wpcf7-text wpcf7-validates-as-required\" aria-required=\"true\" aria-invalid=\"false\" placeholder=\"Twoje pe\u0142ne imi\u0119 i nazwisko*\" value=\"\" type=\"text\" name=\"text-185\" \/><\/span>\n<\/p>\n<p><span class=\"wpcf7-form-control-wrap\" data-name=\"email-978\"><input size=\"40\" maxlength=\"400\" class=\"wpcf7-form-control wpcf7-email wpcf7-validates-as-required wpcf7-text wpcf7-validates-as-email\" aria-required=\"true\" aria-invalid=\"false\" placeholder=\"Tw\u00f3j adres email*\" value=\"\" type=\"email\" name=\"email-978\" \/><\/span>\n<\/p>\n<p><span class=\"wpcf7-form-control-wrap\" data-name=\"textarea-233\"><textarea cols=\"40\" rows=\"10\" maxlength=\"2000\" class=\"wpcf7-form-control wpcf7-textarea\" aria-invalid=\"false\" placeholder=\"Kr\u00f3tko opisz sw\u00f3j przypadek.\" name=\"textarea-233\"><\/textarea><\/span>\n<\/p>\n<p><input class=\"wpcf7-form-control wpcf7-submit has-spinner\" type=\"submit\" value=\"Kontaktiere uns jetzt\" \/>\n<\/p><p style=\"display: none !important;\" class=\"akismet-fields-container\" data-prefix=\"_wpcf7_ak_\"><label>&#916;<textarea name=\"_wpcf7_ak_hp_textarea\" cols=\"45\" rows=\"8\" maxlength=\"100\"><\/textarea><\/label><input type=\"hidden\" id=\"ak_js_1\" name=\"_wpcf7_ak_js\" value=\"220\"\/><script data-jetpack-boost=\"ignore\">document.getElementById( \"ak_js_1\" ).setAttribute( \"value\", ( new Date() ).getTime() );<\/script><\/p><div class=\"wpcf7-response-output\" aria-hidden=\"true\"><\/div>\n<\/form>\n<\/div>\n[vc_empty_space height=&#8221;55px&#8221;][\/vc_column][vc_column offset=&#8221;vc_col-lg-4 vc_col-md-4&#8243;][vc_column_text]<\/p>\n<h2>Skontaktuj si\u0119 z nami teraz<\/h2>\n<p>[\/vc_column_text]<div class=\"mkd-separator-holder clearfix  mkd-separator-center mkd-separator-full-width\" style=\"margin-top: -9px; margin-bottom: 0px; height: 0px\">\n\t<div class=\"mkd-separator\" style=\"border-color: rgba(255,255,255,0.01);border-bottom-width: 0px\"><\/div>\n<\/div>\n[vc_empty_space height=&#8221;14px&#8221;][vc_column_text]Kwestie prawne mog\u0105 by\u0107 skomplikowane, ale jeste\u015bmy tutaj, aby Ci pom\u00f3c. Je\u015bli potrzebujesz porady, masz pytania dotycz\u0105ce naszych us\u0142ug lub chcesz um\u00f3wi\u0107 si\u0119 na konsultacj\u0119, skontaktuj si\u0119 z nami. Skontaktuj si\u0119 z nami za pomoc\u0105 udost\u0119pnionego formularza, mailowo lub telefonicznie. Twoje dobro prawne jest dla nas najwy\u017cszym priorytetem[\/vc_column_text][vc_empty_space height=&#8221;22px&#8221;][vc_column_text]<a href=\"mailto:luebeck@kanzlei-steinwachs.de\"><span style=\"color: #222222;\"><span style=\"vertical-align: inherit;\">Wsparcie:<\/span><\/span> <span style=\"color: #c18f59;\"><span style=\"vertical-align: inherit;\"><span style=\"vertical-align: inherit;\">luebeck@kanzlei-steinwachs.de<\/span><\/span><\/span><\/a>[\/vc_column_text][vc_empty_space height=&#8221;50px&#8221;]<div class=\"mkd-elements-holder mkd-two-columns mkd-responsive-mode-1280\" ><div class=\"mkd-elements-holder-item mkd-horizontal-alignment-left\" >\n\t<div class=\"mkd-elements-holder-item-inner\">\n\t\t<div class=\"mkd-elements-holder-item-content mkd-elements-holder-custom-307174\" style=\"padding: 0 5px 0 0\">\n\t\t\t\t\t\t<div class=\"mkd-icon-list-item\">\n\t<div class=\"mkd-icon-list-icon-holder\">\n        <div class=\"mkd-icon-list-icon-holder-inner clearfix\" data-icon-size=23>\n\t\t\t<i class=\"mkd-icon-font-awesome fa fa-fax \" style=\"color:#c18f59;font-size:23px\" ><\/i>\t\t<\/div>\n\t<\/div>\n\t<p class=\"mkd-icon-list-text\" style=\"color:#222222;font-size:17px;padding-left:8px;font-weight:400\" data-title-size=17> +49 451 30505656<\/p>\n<\/div>[vc_empty_space height=&#8221;2px&#8221;][vc_column_text]Aby uzyska\u0107 szczeg\u00f3\u0142owe informacje, prze\u015blij faks[\/vc_column_text][vc_empty_space height=&#8221;30px&#8221;]\t\t<\/div>\n\t<\/div>\n<\/div><div class=\"mkd-elements-holder-item mkd-horizontal-alignment-left\" >\n\t<div class=\"mkd-elements-holder-item-inner\">\n\t\t<div class=\"mkd-elements-holder-item-content mkd-elements-holder-custom-373390\" style=\"padding: 0 5px 0 0\">\n\t\t\t\t\t\t<div class=\"mkd-icon-list-item\">\n\t<div class=\"mkd-icon-list-icon-holder\">\n        <div class=\"mkd-icon-list-icon-holder-inner clearfix\" data-icon-size=23>\n\t\t\t<i class=\"mkd-icon-font-awesome fa fa-phone \" style=\"color:#c18f59;font-size:23px\" ><\/i>\t\t<\/div>\n\t<\/div>\n\t<p class=\"mkd-icon-list-text\" style=\"color:#222222;font-size:17px;padding-left:8px;font-weight:400\" data-title-size=17> +49 451 30505650<\/p>\n<\/div>[vc_empty_space height=&#8221;2px&#8221;][vc_column_text]Zadzwo\u0144 po darmow\u0105 konsultacj\u0119[\/vc_column_text][vc_empty_space height=&#8221;30px&#8221;]\t\t<\/div>\n\t<\/div>\n<\/div><\/div>[vc_empty_space height=&#8221;25px&#8221;][\/vc_column][\/vc_row]<\/p>\n<div id=\"gtx-trans\" style=\"position: absolute; left: 191px; top: 337.719px;\">\n<div class=\"gtx-trans-icon\"><\/div>\n<\/div>\n<\/div>","protected":false},"excerpt":{"rendered":"<p>[vc_row triangle_shape=&#8221;no&#8221;][vc_column][vc_raw_html]PGlmcmFtZSBzcmM9Imh0dHBzOi8vd3d3Lmdvb2dsZS5jb20vbWFwcy9lbWJlZD9wYj0hMW0xNCExbTghMW0zITFkNDcwNS42NzU4NDAwMDY0MjQhMmQxMC42ODU5NjghM2Q1My44NjM1MyEzbTIhMWkxMDI0ITJpNzY4ITRmMTMuMSEzbTMhMW0yITFzMHg0N2IyMDlkMzlkYzU5ZDAzJTNBMHhiOWZjZjIzMjBjNWFjYzdjITJzU1RFSU5XQUNIUyUyMFJlY2h0c2Fud2FsdHNrYW56bGVpJTIwTCVDMyVCQ2JlY2slMjBaZW50cnVtITVlMCEzbTIhMXNkZSEyc2RlITR2MTY5NTc5MjI1ODQ3NCE1bTIhMXNkZSEyc2RlIiB3aWR0aD0iMjAwMCIgaGVpZ2h0PSI0MDAiIHN0eWxlPSJib3JkZXI6MDsiIGFsbG93ZnVsbHNjcmVlbj0iIiBsb2FkaW5nPSJsYXp5IiByZWZlcnJlcnBvbGljeT0ibm8tcmVmZXJyZXItd2hlbi1kb3duZ3JhZGUiPjwvaWZyYW1lPg==[\/vc_raw_html][\/vc_column][\/vc_row][vc_row content_width=&#8221;grid&#8221; triangle_shape=&#8221;no&#8221; css=&#8221;.vc_custom_1447839811894{padding-top: 58px !important;padding-bottom: 23px !important;background-color: #f2f2f2 !important;}&#8221;][vc_column offset=&#8221;vc_col-lg-4 vc_col-md-4&#8243;][vc_column_text] Nasze boro [\/vc_column_text][vc_empty_space height=&#8221;20px&#8221;][vc_single_image image=&#8221;5979&#8243; img_size=&#8221;full&#8221;][vc_empty_space height=&#8221;20px&#8221;][vc_column_text]STEINWACHS Lubeka M\u00fchlenstra\u00dfe 24 23552 Lubeka[\/vc_column_text][vc_empty_space height=&#8221;55px&#8221;][\/vc_column][vc_column offset=&#8221;vc_col-lg-4 vc_col-md-4&#8243;][vc_column_text] Jak mo\u017cemy ci pom\u00f3c? [\/vc_column_text][vc_empty_space height=&#8221;20px&#8221;][vc_empty_space height=&#8221;55px&#8221;][\/vc_column][vc_column offset=&#8221;vc_col-lg-4 vc_col-md-4&#8243;][vc_column_text] Skontaktuj si\u0119 z nami teraz [\/vc_column_text][vc_empty_space height=&#8221;14px&#8221;][vc_column_text]Kwestie prawne mog\u0105 by\u0107 skomplikowane, ale jeste\u015bmy tutaj, aby Ci pom\u00f3c. Je\u015bli potrzebujesz porady, masz pytania dotycz\u0105ce naszych us\u0142ug lub chcesz um\u00f3wi\u0107 si\u0119 na konsultacj\u0119, skontaktuj si\u0119 z nami. Skontaktuj si\u0119 z nami za pomoc\u0105 udost\u0119pnionego formularza, mailowo lub telefonicznie. Twoje dobro prawne jest dla nas najwy\u017cszym priorytetem[\/vc_column_text][vc_empty_space height=&#8221;22px&#8221;][vc_column_text]Wsparcie: luebeck@kanzlei-steinwachs.de[\/vc_column_text][vc_empty_space height=&#8221;50px&#8221;][vc_empty_space height=&#8221;25px&#8221;][\/vc_column][\/vc_row]<\/p>\n","protected":false},"author":1,"featured_media":12048,"parent":0,"menu_order":0,"comment_status":"closed","ping_status":"closed","template":"full-width.php","meta":{"footnotes":""},"class_list":["post-8684","page","type-page","status-publish","has-post-thumbnail","hentry"],"yoast_head":"<!-- This site is optimized with the Yoast SEO Premium plugin v27.2 (Yoast SEO v27.4) - https:\/\/yoast.com\/product\/yoast-seo-premium-wordpress\/ -->\n<title>Rechtsanwaltskanzlei in Hamburg Berlin Bremen Hannover L\u00fcbeck<\/title>\n<meta name=\"description\" content=\"Rechtsanwaltskanzlei f\u00fcr Arbeitsrecht, Arzthaftung, Mietrecht, Gewerbemietrecht ,Gastronomierecht, Immobilienrecht, Schadensersatz Yachtrecht\" \/>\n<meta name=\"robots\" content=\"index, follow, max-snippet:-1, max-image-preview:large, max-video-preview:-1\" \/>\n<link rel=\"canonical\" href=\"https:\/\/www.kanzlei-steinwachs.de\/pl\/lubeka\/\" \/>\n<meta property=\"og:locale\" content=\"pl_PL\" \/>\n<meta property=\"og:type\" content=\"article\" \/>\n<meta property=\"og:title\" content=\"Rechtsanwaltskanzlei in Hamburg Berlin Bremen Hannover L\u00fcbeck\" \/>\n<meta property=\"og:description\" content=\"Rechtsanwaltskanzlei f\u00fcr Arbeitsrecht, Arzthaftung, Mietrecht, Gewerbemietrecht ,Gastronomierecht, Immobilienrecht, Schadensersatz Yachtrecht\" \/>\n<meta property=\"og:url\" content=\"https:\/\/www.kanzlei-steinwachs.de\/pl\/lubeka\/\" \/>\n<meta property=\"og:site_name\" content=\"Rechtsanwaltskanzlei Anwalt Hamburg Berlin Bremen Hannover L\u00fcbeck\" \/>\n<meta property=\"article:publisher\" content=\"https:\/\/www.facebook.com\/STEINWACHSRechtsanwaltskanzlei\/\" \/>\n<meta property=\"article:modified_time\" content=\"2023-11-24T12:10:51+00:00\" \/>\n<meta name=\"twitter:card\" content=\"summary_large_image\" \/>\n<meta name=\"twitter:site\" content=\"@rasteinwachs\" \/>\n<meta name=\"twitter:label1\" content=\"Szacowany czas czytania\" \/>\n\t<meta name=\"twitter:data1\" content=\"1 minuta\" \/>\n<script type=\"application\/ld+json\" class=\"yoast-schema-graph\">{\"@context\":\"https:\\\/\\\/schema.org\",\"@graph\":[{\"@type\":\"WebPage\",\"@id\":\"https:\\\/\\\/www.kanzlei-steinwachs.de\\\/pl\\\/lubeka\\\/\",\"url\":\"https:\\\/\\\/www.kanzlei-steinwachs.de\\\/pl\\\/lubeka\\\/\",\"name\":\"Rechtsanwaltskanzlei in Hamburg Berlin Bremen Hannover L\u00fcbeck\",\"isPartOf\":{\"@id\":\"https:\\\/\\\/www.kanzlei-steinwachs.de\\\/pl\\\/#website\"},\"primaryImageOfPage\":{\"@id\":\"https:\\\/\\\/www.kanzlei-steinwachs.de\\\/pl\\\/lubeka\\\/#primaryimage\"},\"image\":{\"@id\":\"https:\\\/\\\/www.kanzlei-steinwachs.de\\\/pl\\\/lubeka\\\/#primaryimage\"},\"thumbnailUrl\":\"https:\\\/\\\/i0.wp.com\\\/www.kanzlei-steinwachs.de\\\/wp-content\\\/uploads\\\/2023\\\/11\\\/Lubek-slider-1-scaled.jpg?fit=%2C&quality=20&ssl=1\",\"datePublished\":\"2023-09-23T12:44:44+00:00\",\"dateModified\":\"2023-11-24T12:10:51+00:00\",\"description\":\"Rechtsanwaltskanzlei f\u00fcr Arbeitsrecht, Arzthaftung, Mietrecht, Gewerbemietrecht ,Gastronomierecht, Immobilienrecht, Schadensersatz Yachtrecht\",\"inLanguage\":\"pl-PL\",\"potentialAction\":[{\"@type\":\"ReadAction\",\"target\":[\"https:\\\/\\\/www.kanzlei-steinwachs.de\\\/pl\\\/lubeka\\\/\"]}]},{\"@type\":\"ImageObject\",\"inLanguage\":\"pl-PL\",\"@id\":\"https:\\\/\\\/www.kanzlei-steinwachs.de\\\/pl\\\/lubeka\\\/#primaryimage\",\"url\":\"https:\\\/\\\/i0.wp.com\\\/www.kanzlei-steinwachs.de\\\/wp-content\\\/uploads\\\/2023\\\/11\\\/Lubek-slider-1-scaled.jpg?fit=%2C&quality=20&ssl=1\",\"contentUrl\":\"https:\\\/\\\/i0.wp.com\\\/www.kanzlei-steinwachs.de\\\/wp-content\\\/uploads\\\/2023\\\/11\\\/Lubek-slider-1-scaled.jpg?fit=%2C&quality=20&ssl=1\"},{\"@type\":\"WebSite\",\"@id\":\"https:\\\/\\\/www.kanzlei-steinwachs.de\\\/pl\\\/#website\",\"url\":\"https:\\\/\\\/www.kanzlei-steinwachs.de\\\/pl\\\/\",\"name\":\"Rechtsanwaltskanzlei Anwalt Hamburg Berlin Bremen Hannover L\u00fcbeck\",\"description\":\"Wir leisten mehr als Recht bietet\",\"publisher\":{\"@id\":\"https:\\\/\\\/www.kanzlei-steinwachs.de\\\/pl\\\/#organization\"},\"potentialAction\":[{\"@type\":\"SearchAction\",\"target\":{\"@type\":\"EntryPoint\",\"urlTemplate\":\"https:\\\/\\\/www.kanzlei-steinwachs.de\\\/pl\\\/?s={search_term_string}\"},\"query-input\":{\"@type\":\"PropertyValueSpecification\",\"valueRequired\":true,\"valueName\":\"search_term_string\"}}],\"inLanguage\":\"pl-PL\"},{\"@type\":[\"Organization\",\"Place\"],\"@id\":\"https:\\\/\\\/www.kanzlei-steinwachs.de\\\/pl\\\/#organization\",\"name\":\"Rechtsanwaltskanzlei Anwalt Hamburg Berlin Bremen Hannover L\u00fcbeck\",\"url\":\"https:\\\/\\\/www.kanzlei-steinwachs.de\\\/\",\"logo\":{\"@type\":\"ImageObject\",\"inLanguage\":\"pl-PL\",\"@id\":\"https:\\\/\\\/www.kanzlei-steinwachs.de\\\/pl\\\/#\\\/schema\\\/logo\\\/image\\\/\",\"url\":\"https:\\\/\\\/i0.wp.com\\\/www.kanzlei-steinwachs.de\\\/wp-content\\\/uploads\\\/2023\\\/12\\\/logo.webp?fit=174%2C76&quality=80&ssl=1\",\"contentUrl\":\"https:\\\/\\\/i0.wp.com\\\/www.kanzlei-steinwachs.de\\\/wp-content\\\/uploads\\\/2023\\\/12\\\/logo.webp?fit=174%2C76&quality=80&ssl=1\",\"width\":174,\"height\":76,\"caption\":\"Rechtsanwaltskanzlei Anwalt Hamburg Berlin Bremen Hannover L\u00fcbeck\"},\"image\":{\"@id\":\"https:\\\/\\\/www.kanzlei-steinwachs.de\\\/pl\\\/#\\\/schema\\\/logo\\\/image\\\/\"},\"sameAs\":[\"https:\\\/\\\/www.facebook.com\\\/STEINWACHSRechtsanwaltskanzlei\\\/\",\"https:\\\/\\\/x.com\\\/rasteinwachs\",\"https:\\\/\\\/www.instagram.com\\\/steinwachs_rechtsanwaelte\\\/\",\"https:\\\/\\\/www.linkedin.com\\\/in\\\/stephan-steinwachs-7a270197\\\/\",\"https:\\\/\\\/www.youtube.com\\\/channel\\\/UCffmodDlQx81remXm395RWA\"],\"telephone\":[]}]}<\/script>\n<!-- \/ Yoast SEO Premium plugin. -->","yoast_head_json":{"title":"Rechtsanwaltskanzlei in Hamburg Berlin Bremen Hannover L\u00fcbeck","description":"Rechtsanwaltskanzlei f\u00fcr Arbeitsrecht, Arzthaftung, Mietrecht, Gewerbemietrecht ,Gastronomierecht, Immobilienrecht, Schadensersatz Yachtrecht","robots":{"index":"index","follow":"follow","max-snippet":"max-snippet:-1","max-image-preview":"max-image-preview:large","max-video-preview":"max-video-preview:-1"},"canonical":"https:\/\/www.kanzlei-steinwachs.de\/pl\/lubeka\/","og_locale":"pl_PL","og_type":"article","og_title":"Rechtsanwaltskanzlei in Hamburg Berlin Bremen Hannover L\u00fcbeck","og_description":"Rechtsanwaltskanzlei f\u00fcr Arbeitsrecht, Arzthaftung, Mietrecht, Gewerbemietrecht ,Gastronomierecht, Immobilienrecht, Schadensersatz Yachtrecht","og_url":"https:\/\/www.kanzlei-steinwachs.de\/pl\/lubeka\/","og_site_name":"Rechtsanwaltskanzlei Anwalt Hamburg Berlin Bremen Hannover L\u00fcbeck","article_publisher":"https:\/\/www.facebook.com\/STEINWACHSRechtsanwaltskanzlei\/","article_modified_time":"2023-11-24T12:10:51+00:00","twitter_card":"summary_large_image","twitter_site":"@rasteinwachs","twitter_misc":{"Szacowany czas czytania":"1 minuta"},"schema":{"@context":"https:\/\/schema.org","@graph":[{"@type":"WebPage","@id":"https:\/\/www.kanzlei-steinwachs.de\/pl\/lubeka\/","url":"https:\/\/www.kanzlei-steinwachs.de\/pl\/lubeka\/","name":"Rechtsanwaltskanzlei in Hamburg Berlin Bremen Hannover L\u00fcbeck","isPartOf":{"@id":"https:\/\/www.kanzlei-steinwachs.de\/pl\/#website"},"primaryImageOfPage":{"@id":"https:\/\/www.kanzlei-steinwachs.de\/pl\/lubeka\/#primaryimage"},"image":{"@id":"https:\/\/www.kanzlei-steinwachs.de\/pl\/lubeka\/#primaryimage"},"thumbnailUrl":"https:\/\/i0.wp.com\/www.kanzlei-steinwachs.de\/wp-content\/uploads\/2023\/11\/Lubek-slider-1-scaled.jpg?fit=%2C&quality=20&ssl=1","datePublished":"2023-09-23T12:44:44+00:00","dateModified":"2023-11-24T12:10:51+00:00","description":"Rechtsanwaltskanzlei f\u00fcr Arbeitsrecht, Arzthaftung, Mietrecht, Gewerbemietrecht ,Gastronomierecht, Immobilienrecht, Schadensersatz Yachtrecht","inLanguage":"pl-PL","potentialAction":[{"@type":"ReadAction","target":["https:\/\/www.kanzlei-steinwachs.de\/pl\/lubeka\/"]}]},{"@type":"ImageObject","inLanguage":"pl-PL","@id":"https:\/\/www.kanzlei-steinwachs.de\/pl\/lubeka\/#primaryimage","url":"https:\/\/i0.wp.com\/www.kanzlei-steinwachs.de\/wp-content\/uploads\/2023\/11\/Lubek-slider-1-scaled.jpg?fit=%2C&quality=20&ssl=1","contentUrl":"https:\/\/i0.wp.com\/www.kanzlei-steinwachs.de\/wp-content\/uploads\/2023\/11\/Lubek-slider-1-scaled.jpg?fit=%2C&quality=20&ssl=1"},{"@type":"WebSite","@id":"https:\/\/www.kanzlei-steinwachs.de\/pl\/#website","url":"https:\/\/www.kanzlei-steinwachs.de\/pl\/","name":"Rechtsanwaltskanzlei Anwalt Hamburg Berlin Bremen Hannover L\u00fcbeck","description":"Wir leisten mehr als Recht bietet","publisher":{"@id":"https:\/\/www.kanzlei-steinwachs.de\/pl\/#organization"},"potentialAction":[{"@type":"SearchAction","target":{"@type":"EntryPoint","urlTemplate":"https:\/\/www.kanzlei-steinwachs.de\/pl\/?s={search_term_string}"},"query-input":{"@type":"PropertyValueSpecification","valueRequired":true,"valueName":"search_term_string"}}],"inLanguage":"pl-PL"},{"@type":["Organization","Place"],"@id":"https:\/\/www.kanzlei-steinwachs.de\/pl\/#organization","name":"Rechtsanwaltskanzlei Anwalt Hamburg Berlin Bremen Hannover L\u00fcbeck","url":"https:\/\/www.kanzlei-steinwachs.de\/","logo":{"@type":"ImageObject","inLanguage":"pl-PL","@id":"https:\/\/www.kanzlei-steinwachs.de\/pl\/#\/schema\/logo\/image\/","url":"https:\/\/i0.wp.com\/www.kanzlei-steinwachs.de\/wp-content\/uploads\/2023\/12\/logo.webp?fit=174%2C76&quality=80&ssl=1","contentUrl":"https:\/\/i0.wp.com\/www.kanzlei-steinwachs.de\/wp-content\/uploads\/2023\/12\/logo.webp?fit=174%2C76&quality=80&ssl=1","width":174,"height":76,"caption":"Rechtsanwaltskanzlei Anwalt Hamburg Berlin Bremen Hannover L\u00fcbeck"},"image":{"@id":"https:\/\/www.kanzlei-steinwachs.de\/pl\/#\/schema\/logo\/image\/"},"sameAs":["https:\/\/www.facebook.com\/STEINWACHSRechtsanwaltskanzlei\/","https:\/\/x.com\/rasteinwachs","https:\/\/www.instagram.com\/steinwachs_rechtsanwaelte\/","https:\/\/www.linkedin.com\/in\/stephan-steinwachs-7a270197\/","https:\/\/www.youtube.com\/channel\/UCffmodDlQx81remXm395RWA"],"telephone":[]}]}},"jetpack_sharing_enabled":true,"_links":{"self":[{"href":"https:\/\/www.kanzlei-steinwachs.de\/pl\/wp-json\/wp\/v2\/pages\/8684","targetHints":{"allow":["GET"]}}],"collection":[{"href":"https:\/\/www.kanzlei-steinwachs.de\/pl\/wp-json\/wp\/v2\/pages"}],"about":[{"href":"https:\/\/www.kanzlei-steinwachs.de\/pl\/wp-json\/wp\/v2\/types\/page"}],"author":[{"embeddable":true,"href":"https:\/\/www.kanzlei-steinwachs.de\/pl\/wp-json\/wp\/v2\/users\/1"}],"replies":[{"embeddable":true,"href":"https:\/\/www.kanzlei-steinwachs.de\/pl\/wp-json\/wp\/v2\/comments?post=8684"}],"version-history":[{"count":0,"href":"https:\/\/www.kanzlei-steinwachs.de\/pl\/wp-json\/wp\/v2\/pages\/8684\/revisions"}],"wp:featuredmedia":[{"embeddable":true,"href":"https:\/\/www.kanzlei-steinwachs.de\/pl\/wp-json\/wp\/v2\/media\/12048"}],"wp:attachment":[{"href":"https:\/\/www.kanzlei-steinwachs.de\/pl\/wp-json\/wp\/v2\/media?parent=8684"}],"curies":[{"name":"wp","href":"https:\/\/api.w.org\/{rel}","templated":true}]}}