{"id":8678,"date":"2023-10-17T14:33:43","date_gmt":"2023-10-17T12:33:43","guid":{"rendered":"https:\/\/www.kanzlei-steinwachs.de\/prawo-leasingu\/"},"modified":"2023-10-23T08:46:07","modified_gmt":"2023-10-23T06:46:07","slug":"prawo-leasingu","status":"publish","type":"page","link":"https:\/\/www.kanzlei-steinwachs.de\/pl\/prawo-leasingu\/","title":{"rendered":"Prawo leasingu"},"content":{"rendered":"<div class=\"wpb-content-wrapper\"><p>[vc_row content_width=&#8221;grid&#8221; content_aligment=&#8221;center&#8221; triangle_shape=&#8221;no&#8221; css=&#8221;.vc_custom_1696926719838{padding-bottom: 10px !important;background-position: center !important;background-repeat: no-repeat !important;background-size: cover !important;}&#8221;][vc_column]<div class=\"mkd-separator-holder clearfix  mkd-separator-center mkd-separator-with-icon mkd-animate\" style=\"margin-top: 20px; margin-bottom: 30px\">\n\t<div class=\"mkd-separator\" style=\"border-color: #c18f59;border-style: solid;width: 97.5px\"><\/div>\n\t\t<div class=\"mkd-separator-icon\">\n\t\t\t                    \t\t\t\t\t\t<\/div>\n\t<div class=\"mkd-separator\" style=\"border-color: #c18f59;border-style: solid;width: 97.5px\"><\/div>\n<\/div>\n[\/vc_column][\/vc_row][vc_row triangle_shape=&#8221;no&#8221;][vc_column][vc_column_text css=&#8221;.vc_custom_1697546319475{margin-bottom: 0px !important;padding-top: 20px !important;padding-bottom: 1px !important;}&#8221;]Do prawa leasingu zalicza si\u0119 te regulacje, kt\u00f3re dotycz\u0105 konstrukcji prawnej um\u00f3w leasingu lub dotycz\u0105 transakcji leasingowych.<\/p>\n<div id=\"gtx-trans\" style=\"position: absolute; left: 124px; top: -10px;\">\n<div class=\"gtx-trans-icon\"><\/div>\n<\/div>\n<p>[\/vc_column_text][vc_column_text css=&#8221;.vc_custom_1697546326948{margin-bottom: 0px !important;padding-top: 20px !important;padding-bottom: 1px !important;}&#8221;]W prawie leasingu nie ma legalnej definicji terminu leasing. Jest to szczeg\u00f3lna forma wynajmu\/dzier\u017cawy. Najpopularniejsz\u0105 form\u0105 leasingu w prawie leasingowym jest tzw. leasing finansowy.  <\/p>\n<div id=\"gtx-trans\" style=\"position: absolute; left: 146px; top: -10px;\">\n<div class=\"gtx-trans-icon\"><\/div>\n<\/div>\n<p>[\/vc_column_text][vc_column_text css=&#8221;.vc_custom_1697546333035{margin-bottom: 0px !important;padding-top: 20px !important;padding-bottom: 1px !important;}&#8221;]W przypadku leasingu finansowego leasingodawca (np. bank) kupuje przedmiot leasingu (np. samoch\u00f3d) na podstawie prawa leasingu i oddaje go leasingobiorcy (np. konsumentowi) do u\u017cywania na czas, podczas kt\u00f3rego leasingobiorca w zamian p\u0142aci raty leasingowe, oraz na koniec okresu warto\u015bci ko\u0144cowej leasingowanej nieruchomo\u015bci. W prawie leasingu leasingobiorca cz\u0119sto otrzymuje opcj\u0119 wykupu na koniec okresu leasingu. W prawie leasingu leasingodawca zazwyczaj ko\u0144czy swoj\u0105 odpowiedzialno\u015b\u0107 z tytu\u0142u r\u0119kojmi wobec leasingobiorcy poprzez przeniesienie swoich praw z tytu\u0142u r\u0119kojmi na osob\u0119 trzeci\u0105. W prawie leasingowym jest to og\u00f3lnie dozwolone w og\u00f3lnych warunkach.   <\/p>\n<div id=\"gtx-trans\" style=\"position: absolute; left: 145px; top: 110px;\">\n<div class=\"gtx-trans-icon\"><\/div>\n<\/div>\n<p>[\/vc_column_text][vc_column_text css=&#8221;.vc_custom_1697546341522{padding-top: 10px !important;}&#8221;]Ramy prawne um\u00f3w leasingu nie s\u0105 samodzielnie ujednolicone w prawie leasingu, lecz zasadniczo opieraj\u0105 si\u0119 na przepisach og\u00f3lnych Kodeksu Cywilnego. Leasing finansowy jest w prawie leasingu nietypow\u0105 umow\u0105 najmu (odpowiednio stosuje si\u0119 art. 535 i nast. niemieckiego kodeksu cywilnego (BGB), poniewa\u017c podobnie jak najem istnieje obowi\u0105zek czasowego u\u017cytkowania. W prawie leasingu jednak leasingobiorca, w odr\u00f3\u017cnieniu od najemcy, ponosi ryzyko cenowe i rzeczowe, czyli ponosi ryzyko pogorszenia si\u0119 lub utraty przedmiotu leasingu.[\/vc_column_text][\/vc_column][\/vc_row][vc_row triangle_shape=&#8221;no&#8221; css=&#8221;.vc_custom_1697798243629{padding-top: 30px !important;}&#8221; el_class=&#8221;all-least-pages&#8221;][vc_column][vc_row_inner css=&#8221;.vc_custom_1697455935676{padding-bottom: 10px !important;}&#8221;][vc_column_inner width=&#8221;1\/2&#8243;][vc_column_text css=&#8221;.vc_custom_1697546549931{padding-top: 10px !important;}&#8221;]Leasing jest obecnie niezb\u0119dnym \u015brodkiem finansowania, a w prawie leasingu istnieje wiele r\u00f3\u017cnych ustale\u0144 umownych dotycz\u0105cych um\u00f3w leasingu.<\/p>\n<div id=\"gtx-trans\" style=\"position: absolute; left: 104px; top: 38px;\">\n<div class=\"gtx-trans-icon\"><\/div>\n<\/div>\n<p>[\/vc_column_text]\n<h2 class=\"mkd-custom-font-holder\" style=\"font-size: 20px;line-height: 30px;font-weight: 700\" data-font-size= 20 data-line-height= 30>\n\tDazu geh\u00f6ren unter anderem:<\/h2>[vc_empty_space]<div class=\"mkd-unordered-list \" ><ul>\n<li>Operating Leasing<\/li>\n<li>Sale-and-lease-Back<\/li>\n<li>Herstellerleasing<\/li>\n<li>indirektes \/ direktes Leasing<\/li>\n<li>Mobilienleasing \/ Immobilienleasing<\/li>\n<li>Fahrzeugleasing<\/li>\n<li>Computerleasing<\/li>\n<\/ul>\n<\/div>[\/vc_column_inner][vc_column_inner width=&#8221;1\/2&#8243;][vc_single_image image=&#8221;1425&#8243; img_size=&#8221;full&#8221;][\/vc_column_inner][\/vc_row_inner][\/vc_column][\/vc_row][vc_row triangle_shape=&#8221;no&#8221; css=&#8221;.vc_custom_1697798254309{padding-bottom: 50px !important;}&#8221; el_class=&#8221;all-least-pages1&#8243;][vc_column]\n<h2 class=\"mkd-custom-font-holder\" style=\"font-size: 20px;line-height: 20px;font-weight: 700\" data-font-size= 20 data-line-height= 20>\n\tAbschluss<\/h2>[vc_column_text css=&#8221;.vc_custom_1697546593531{padding-top: 10px !important;}&#8221;]<\/p>\n<div class=\"art-content\">\n<div class=\"art-Post\">\n<div class=\"art-Post-body\">\n<div class=\"art-Post-inner art-article\">\n<div class=\"art-PostContent\">\n<p>Na kolejnych stronach postaramy si\u0119 przekaza\u0107 Pa\u0144stwu jak najwi\u0119cej informacji na temat podstawowych zasad prawa leasingu.<\/p>\n<\/div>\n<\/div>\n<\/div>\n<\/div>\n<\/div>\n<p>[\/vc_column_text][vc_column_text css=&#8221;.vc_custom_1697546610396{padding-top: 10px !important;}&#8221;]<\/p>\n<div class=\"art-content\">\n<div class=\"art-Post\">\n<div class=\"art-Post-body\">\n<div class=\"art-Post-inner art-article\">\n<div class=\"art-PostContent\">\n<p>Polecamy tak\u017ce poni\u017csze strony po\u015bwi\u0119cone tematyce prawa leasingu<\/p>\n<\/div>\n<\/div>\n<\/div>\n<\/div>\n<\/div>\n<div id=\"gtx-trans\" style=\"position: absolute; left: 216px; top: 62px;\">\n<div class=\"gtx-trans-icon\"><\/div>\n<\/div>\n<p>[\/vc_column_text][\/vc_column][\/vc_row]<\/p>\n<\/div>","protected":false},"excerpt":{"rendered":"<p>[vc_row content_width=&#8221;grid&#8221; content_aligment=&#8221;center&#8221; triangle_shape=&#8221;no&#8221; css=&#8221;.vc_custom_1696926719838{padding-bottom: 10px !important;background-position: center !important;background-repeat: no-repeat !important;background-size: cover !important;}&#8221;][vc_column][\/vc_column][\/vc_row][vc_row triangle_shape=&#8221;no&#8221;][vc_column][vc_column_text css=&#8221;.vc_custom_1697546319475{margin-bottom: 0px !important;padding-top: 20px !important;padding-bottom: 1px !important;}&#8221;]Do prawa leasingu zalicza si\u0119 te regulacje, kt\u00f3re dotycz\u0105 konstrukcji prawnej um\u00f3w leasingu lub dotycz\u0105 transakcji leasingowych. [\/vc_column_text][vc_column_text css=&#8221;.vc_custom_1697546326948{margin-bottom: 0px !important;padding-top: 20px !important;padding-bottom: 1px !important;}&#8221;]W prawie leasingu nie ma legalnej definicji terminu leasing. Jest to szczeg\u00f3lna forma wynajmu\/dzier\u017cawy. Najpopularniejsz\u0105 form\u0105 leasingu w prawie leasingowym jest tzw. leasing finansowy. [\/vc_column_text][vc_column_text css=&#8221;.vc_custom_1697546333035{margin-bottom: 0px !important;padding-top: 20px !important;padding-bottom: 1px !important;}&#8221;]W przypadku leasingu finansowego leasingodawca (np. bank) kupuje przedmiot leasingu (np. samoch\u00f3d) na podstawie prawa leasingu i oddaje go leasingobiorcy (np. konsumentowi) do u\u017cywania na&#8230;<\/p>\n","protected":false},"author":1,"featured_media":0,"parent":0,"menu_order":0,"comment_status":"closed","ping_status":"closed","template":"","meta":{"footnotes":""},"class_list":["post-8678","page","type-page","status-publish","hentry"],"yoast_head":"<!-- This site is optimized with the Yoast SEO Premium plugin v27.2 (Yoast SEO v27.4) - https:\/\/yoast.com\/product\/yoast-seo-premium-wordpress\/ -->\n<title>Rechtsanwaltskanzlei in Hamburg Berlin Bremen Hannover L\u00fcbeck<\/title>\n<meta name=\"description\" content=\"Rechtsanwaltskanzlei f\u00fcr Arbeitsrecht, Arzthaftung, Mietrecht, Gewerbemietrecht ,Gastronomierecht, Immobilienrecht, Schadensersatz Yachtrecht\" \/>\n<meta name=\"robots\" content=\"index, follow, max-snippet:-1, max-image-preview:large, max-video-preview:-1\" \/>\n<link rel=\"canonical\" href=\"https:\/\/www.kanzlei-steinwachs.de\/pl\/prawo-leasingu\/\" \/>\n<meta property=\"og:locale\" content=\"pl_PL\" \/>\n<meta property=\"og:type\" content=\"article\" \/>\n<meta property=\"og:title\" content=\"Rechtsanwaltskanzlei in Hamburg Berlin Bremen Hannover L\u00fcbeck\" \/>\n<meta property=\"og:description\" content=\"Rechtsanwaltskanzlei f\u00fcr Arbeitsrecht, Arzthaftung, Mietrecht, Gewerbemietrecht ,Gastronomierecht, Immobilienrecht, Schadensersatz Yachtrecht\" \/>\n<meta property=\"og:url\" content=\"https:\/\/www.kanzlei-steinwachs.de\/pl\/prawo-leasingu\/\" \/>\n<meta property=\"og:site_name\" content=\"Rechtsanwaltskanzlei Anwalt Hamburg Berlin Bremen Hannover L\u00fcbeck\" \/>\n<meta property=\"article:publisher\" content=\"https:\/\/www.facebook.com\/STEINWACHSRechtsanwaltskanzlei\/\" \/>\n<meta property=\"article:modified_time\" content=\"2023-10-23T06:46:07+00:00\" \/>\n<meta name=\"twitter:card\" content=\"summary_large_image\" \/>\n<meta name=\"twitter:site\" content=\"@rasteinwachs\" \/>\n<meta name=\"twitter:label1\" content=\"Szacowany czas czytania\" \/>\n\t<meta name=\"twitter:data1\" content=\"3 minuty\" \/>\n<script type=\"application\/ld+json\" class=\"yoast-schema-graph\">{\"@context\":\"https:\\\/\\\/schema.org\",\"@graph\":[{\"@type\":\"WebPage\",\"@id\":\"https:\\\/\\\/www.kanzlei-steinwachs.de\\\/pl\\\/prawo-leasingu\\\/\",\"url\":\"https:\\\/\\\/www.kanzlei-steinwachs.de\\\/pl\\\/prawo-leasingu\\\/\",\"name\":\"Rechtsanwaltskanzlei in Hamburg Berlin Bremen Hannover L\u00fcbeck\",\"isPartOf\":{\"@id\":\"https:\\\/\\\/www.kanzlei-steinwachs.de\\\/pl\\\/#website\"},\"datePublished\":\"2023-10-17T12:33:43+00:00\",\"dateModified\":\"2023-10-23T06:46:07+00:00\",\"description\":\"Rechtsanwaltskanzlei f\u00fcr Arbeitsrecht, Arzthaftung, Mietrecht, Gewerbemietrecht ,Gastronomierecht, Immobilienrecht, Schadensersatz Yachtrecht\",\"inLanguage\":\"pl-PL\",\"potentialAction\":[{\"@type\":\"ReadAction\",\"target\":[\"https:\\\/\\\/www.kanzlei-steinwachs.de\\\/pl\\\/prawo-leasingu\\\/\"]}]},{\"@type\":\"WebSite\",\"@id\":\"https:\\\/\\\/www.kanzlei-steinwachs.de\\\/pl\\\/#website\",\"url\":\"https:\\\/\\\/www.kanzlei-steinwachs.de\\\/pl\\\/\",\"name\":\"Rechtsanwaltskanzlei Anwalt Hamburg Berlin Bremen Hannover L\u00fcbeck\",\"description\":\"Wir leisten mehr als Recht bietet\",\"publisher\":{\"@id\":\"https:\\\/\\\/www.kanzlei-steinwachs.de\\\/pl\\\/#organization\"},\"potentialAction\":[{\"@type\":\"SearchAction\",\"target\":{\"@type\":\"EntryPoint\",\"urlTemplate\":\"https:\\\/\\\/www.kanzlei-steinwachs.de\\\/pl\\\/?s={search_term_string}\"},\"query-input\":{\"@type\":\"PropertyValueSpecification\",\"valueRequired\":true,\"valueName\":\"search_term_string\"}}],\"inLanguage\":\"pl-PL\"},{\"@type\":[\"Organization\",\"Place\"],\"@id\":\"https:\\\/\\\/www.kanzlei-steinwachs.de\\\/pl\\\/#organization\",\"name\":\"Rechtsanwaltskanzlei Anwalt Hamburg Berlin Bremen Hannover L\u00fcbeck\",\"url\":\"https:\\\/\\\/www.kanzlei-steinwachs.de\\\/\",\"logo\":{\"@type\":\"ImageObject\",\"inLanguage\":\"pl-PL\",\"@id\":\"https:\\\/\\\/www.kanzlei-steinwachs.de\\\/pl\\\/#\\\/schema\\\/logo\\\/image\\\/\",\"url\":\"https:\\\/\\\/i0.wp.com\\\/www.kanzlei-steinwachs.de\\\/wp-content\\\/uploads\\\/2023\\\/12\\\/logo.webp?fit=174%2C76&quality=80&ssl=1\",\"contentUrl\":\"https:\\\/\\\/i0.wp.com\\\/www.kanzlei-steinwachs.de\\\/wp-content\\\/uploads\\\/2023\\\/12\\\/logo.webp?fit=174%2C76&quality=80&ssl=1\",\"width\":174,\"height\":76,\"caption\":\"Rechtsanwaltskanzlei Anwalt Hamburg Berlin Bremen Hannover L\u00fcbeck\"},\"image\":{\"@id\":\"https:\\\/\\\/www.kanzlei-steinwachs.de\\\/pl\\\/#\\\/schema\\\/logo\\\/image\\\/\"},\"sameAs\":[\"https:\\\/\\\/www.facebook.com\\\/STEINWACHSRechtsanwaltskanzlei\\\/\",\"https:\\\/\\\/x.com\\\/rasteinwachs\",\"https:\\\/\\\/www.instagram.com\\\/steinwachs_rechtsanwaelte\\\/\",\"https:\\\/\\\/www.linkedin.com\\\/in\\\/stephan-steinwachs-7a270197\\\/\",\"https:\\\/\\\/www.youtube.com\\\/channel\\\/UCffmodDlQx81remXm395RWA\"],\"telephone\":[]}]}<\/script>\n<!-- \/ Yoast SEO Premium plugin. -->","yoast_head_json":{"title":"Rechtsanwaltskanzlei in Hamburg Berlin Bremen Hannover L\u00fcbeck","description":"Rechtsanwaltskanzlei f\u00fcr Arbeitsrecht, Arzthaftung, Mietrecht, Gewerbemietrecht ,Gastronomierecht, Immobilienrecht, Schadensersatz Yachtrecht","robots":{"index":"index","follow":"follow","max-snippet":"max-snippet:-1","max-image-preview":"max-image-preview:large","max-video-preview":"max-video-preview:-1"},"canonical":"https:\/\/www.kanzlei-steinwachs.de\/pl\/prawo-leasingu\/","og_locale":"pl_PL","og_type":"article","og_title":"Rechtsanwaltskanzlei in Hamburg Berlin Bremen Hannover L\u00fcbeck","og_description":"Rechtsanwaltskanzlei f\u00fcr Arbeitsrecht, Arzthaftung, Mietrecht, Gewerbemietrecht ,Gastronomierecht, Immobilienrecht, Schadensersatz Yachtrecht","og_url":"https:\/\/www.kanzlei-steinwachs.de\/pl\/prawo-leasingu\/","og_site_name":"Rechtsanwaltskanzlei Anwalt Hamburg Berlin Bremen Hannover L\u00fcbeck","article_publisher":"https:\/\/www.facebook.com\/STEINWACHSRechtsanwaltskanzlei\/","article_modified_time":"2023-10-23T06:46:07+00:00","twitter_card":"summary_large_image","twitter_site":"@rasteinwachs","twitter_misc":{"Szacowany czas czytania":"3 minuty"},"schema":{"@context":"https:\/\/schema.org","@graph":[{"@type":"WebPage","@id":"https:\/\/www.kanzlei-steinwachs.de\/pl\/prawo-leasingu\/","url":"https:\/\/www.kanzlei-steinwachs.de\/pl\/prawo-leasingu\/","name":"Rechtsanwaltskanzlei in Hamburg Berlin Bremen Hannover L\u00fcbeck","isPartOf":{"@id":"https:\/\/www.kanzlei-steinwachs.de\/pl\/#website"},"datePublished":"2023-10-17T12:33:43+00:00","dateModified":"2023-10-23T06:46:07+00:00","description":"Rechtsanwaltskanzlei f\u00fcr Arbeitsrecht, Arzthaftung, Mietrecht, Gewerbemietrecht ,Gastronomierecht, Immobilienrecht, Schadensersatz Yachtrecht","inLanguage":"pl-PL","potentialAction":[{"@type":"ReadAction","target":["https:\/\/www.kanzlei-steinwachs.de\/pl\/prawo-leasingu\/"]}]},{"@type":"WebSite","@id":"https:\/\/www.kanzlei-steinwachs.de\/pl\/#website","url":"https:\/\/www.kanzlei-steinwachs.de\/pl\/","name":"Rechtsanwaltskanzlei Anwalt Hamburg Berlin Bremen Hannover L\u00fcbeck","description":"Wir leisten mehr als Recht bietet","publisher":{"@id":"https:\/\/www.kanzlei-steinwachs.de\/pl\/#organization"},"potentialAction":[{"@type":"SearchAction","target":{"@type":"EntryPoint","urlTemplate":"https:\/\/www.kanzlei-steinwachs.de\/pl\/?s={search_term_string}"},"query-input":{"@type":"PropertyValueSpecification","valueRequired":true,"valueName":"search_term_string"}}],"inLanguage":"pl-PL"},{"@type":["Organization","Place"],"@id":"https:\/\/www.kanzlei-steinwachs.de\/pl\/#organization","name":"Rechtsanwaltskanzlei Anwalt Hamburg Berlin Bremen Hannover L\u00fcbeck","url":"https:\/\/www.kanzlei-steinwachs.de\/","logo":{"@type":"ImageObject","inLanguage":"pl-PL","@id":"https:\/\/www.kanzlei-steinwachs.de\/pl\/#\/schema\/logo\/image\/","url":"https:\/\/i0.wp.com\/www.kanzlei-steinwachs.de\/wp-content\/uploads\/2023\/12\/logo.webp?fit=174%2C76&quality=80&ssl=1","contentUrl":"https:\/\/i0.wp.com\/www.kanzlei-steinwachs.de\/wp-content\/uploads\/2023\/12\/logo.webp?fit=174%2C76&quality=80&ssl=1","width":174,"height":76,"caption":"Rechtsanwaltskanzlei Anwalt Hamburg Berlin Bremen Hannover L\u00fcbeck"},"image":{"@id":"https:\/\/www.kanzlei-steinwachs.de\/pl\/#\/schema\/logo\/image\/"},"sameAs":["https:\/\/www.facebook.com\/STEINWACHSRechtsanwaltskanzlei\/","https:\/\/x.com\/rasteinwachs","https:\/\/www.instagram.com\/steinwachs_rechtsanwaelte\/","https:\/\/www.linkedin.com\/in\/stephan-steinwachs-7a270197\/","https:\/\/www.youtube.com\/channel\/UCffmodDlQx81remXm395RWA"],"telephone":[]}]}},"jetpack_sharing_enabled":true,"_links":{"self":[{"href":"https:\/\/www.kanzlei-steinwachs.de\/pl\/wp-json\/wp\/v2\/pages\/8678","targetHints":{"allow":["GET"]}}],"collection":[{"href":"https:\/\/www.kanzlei-steinwachs.de\/pl\/wp-json\/wp\/v2\/pages"}],"about":[{"href":"https:\/\/www.kanzlei-steinwachs.de\/pl\/wp-json\/wp\/v2\/types\/page"}],"author":[{"embeddable":true,"href":"https:\/\/www.kanzlei-steinwachs.de\/pl\/wp-json\/wp\/v2\/users\/1"}],"replies":[{"embeddable":true,"href":"https:\/\/www.kanzlei-steinwachs.de\/pl\/wp-json\/wp\/v2\/comments?post=8678"}],"version-history":[{"count":0,"href":"https:\/\/www.kanzlei-steinwachs.de\/pl\/wp-json\/wp\/v2\/pages\/8678\/revisions"}],"wp:attachment":[{"href":"https:\/\/www.kanzlei-steinwachs.de\/pl\/wp-json\/wp\/v2\/media?parent=8678"}],"curies":[{"name":"wp","href":"https:\/\/api.w.org\/{rel}","templated":true}]}}