{"id":8657,"date":"2023-09-22T14:27:48","date_gmt":"2023-09-22T12:27:48","guid":{"rendered":"https:\/\/www.kanzlei-steinwachs.de\/prawo-nieruchomosci-2\/"},"modified":"2023-10-23T08:29:56","modified_gmt":"2023-10-23T06:29:56","slug":"prawo-nieruchomosci-2","status":"publish","type":"page","link":"https:\/\/www.kanzlei-steinwachs.de\/pl\/prawo-nieruchomosci-2\/","title":{"rendered":"Prawo nieruchomo\u015bci"},"content":{"rendered":"<div class=\"wpb-content-wrapper\"><p>[vc_row triangle_shape=&#8221;no&#8221; css=&#8221;.vc_custom_1695385722271{padding-bottom: 20px !important;}&#8221;][vc_column][vc_column_text]Prawo nieruchomo\u015bci prywatnych obejmuje wszelkie zagadnienia prawne zwi\u0105zane z zawieraniem i wykonywaniem um\u00f3w o grunty, budow\u0105 i u\u017cytkowaniem budynk\u00f3w oraz finansowaniem tych projekt\u00f3w, a tak\u017ce prawo najmu komercyjnego i prawo leasingu oraz leasingu nieruchomo\u015bci. Zagadnienia prawne dotycz\u0105ce nieruchomo\u015bci s\u0105 r\u00f3\u017cnorodne i wymagaj\u0105 specjalistycznej wiedzy, mi\u0119dzy innymi dlatego, \u017ce w prawie nieruchomo\u015bci cz\u0119sto w gr\u0119 wchodz\u0105 wielkie warto\u015bci. Niezale\u017cnie od tego, czy chodzi o budow\u0119 nieruchomo\u015bci, zbycie jej w formie umownej, czy te\u017c w przypadku dziedziczenia, o ci\u0119\u017car lub udzia\u0142.[\/vc_column_text][\/vc_column][\/vc_row][vc_row triangle_shape=&#8221;no&#8221; css=&#8221;.vc_custom_1695385744354{padding-bottom: 20px !important;}&#8221;][vc_column][vc_column_text]Skorzystaj z do\u015bwiadczenia prawnik\u00f3w Kancelarii STEINWACHS i ich partner\u00f3w do wsp\u00f3\u0142pracy w zakresie prawa nieruchomo\u015bci przy kupnie i sprzeda\u017cy nieruchomo\u015bci, sporz\u0105dzaniu um\u00f3w, doradzaniu w zakresie finansowania, ustalaniu hipotek i op\u0142at gruntowych, a tak\u017ce strukturyzowaniu i egzekwowaniu praw rzeczowych do u\u017cytkowania (s\u0142u\u017cebno\u015bci) oraz mo\u017cliwo\u015bci strukturyzacji podatkowej Kupno nieruchomo\u015bci.[\/vc_column_text][\/vc_column][\/vc_row][vc_row triangle_shape=&#8221;no&#8221; css=&#8221;.vc_custom_1695385775394{padding-bottom: 20px !important;}&#8221;][vc_column][vc_column_text]Niezale\u017cnie od tego, czy skonsultujesz si\u0119 z doradc\u0105 prawnym, przed zakupem nieruchomo\u015bci powiniene\u015b zawsze zapozna\u0107 si\u0119 z cenami obowi\u0105zuj\u0105cymi w regionie. Por\u00f3wnaj je pod k\u0105tem lokalizacji, wielko\u015bci i wyposa\u017cenia mieszkania oraz innych akcesori\u00f3w mieszkania, takich jak miejsce parkingowe, piwnica, ogr\u00f3dki itp., a zw\u0142aszcza pod k\u0105tem wieku i stanu konstrukcyjnego nieruchomo\u015bci. Nie spiesz si\u0119! P\u00f3\u017aniejsze spory prawne cz\u0119sto poprzedzone s\u0105 pochopnym zakupem. Je\u015bli masz w\u0105tpliwo\u015bci co do szacunkowej warto\u015bci lub stanu konstrukcyjnego nieruchomo\u015bci, warto skonsultowa\u0107 si\u0119 ze specjalist\u0105.[\/vc_column_text][\/vc_column][\/vc_row][vc_row triangle_shape=&#8221;no&#8221; css=&#8221;.vc_custom_1695385892555{padding-bottom: 20px !important;}&#8221;][vc_column][vc_column_text]Zawsze zabezpiecz si\u0119 w odpowiednim czasie fachow\u0105 porad\u0105 prawn\u0105 z zakresu prawa nieruchomo\u015bci, aby zapobiec mo\u017cliwym niedogodno\u015bciom. Kancelaria ch\u0119tnie zapewni Pa\u0144stwu notariuszy, doradc\u00f3w podatkowych i ekspert\u00f3w na terenie ca\u0142ych Niemiec.[\/vc_column_text][\/vc_column][\/vc_row][vc_row triangle_shape=&#8221;no&#8221; css=&#8221;.vc_custom_1695385887859{padding-bottom: 20px !important;}&#8221;][vc_column][vc_column_text]Mo\u017cliwe odpowiednie federalne standardy prawne wymieniono w fragmentach poni\u017cej. Prawo federalne:<\/p>\n<ul>\n<li>Kodeks budowlany (BauGB)<\/li>\n<li>Kodeks cywilny (BGB)<\/li>\n<li>Ustawa o w\u0142asno\u015bci kondominium (WEG)<\/li>\n<li>Rozporz\u0105dzenie w sprawie broker\u00f3w i deweloper\u00f3w (MABV)<\/li>\n<\/ul>\n<p>[\/vc_column_text][\/vc_column][\/vc_row][vc_row triangle_shape=&#8221;no&#8221; css=&#8221;.vc_custom_1695386015674{padding-bottom: 20px !important;}&#8221;][vc_column][vc_column_text]Rozporz\u0105dzenie w sprawie broker\u00f3w i deweloper\u00f3w (MABV)[\/vc_column_text][\/vc_column][\/vc_row][vc_row triangle_shape=&#8221;no&#8221; css=&#8221;.vc_custom_1695386011042{padding-bottom: 20px !important;}&#8221;][vc_column][vc_column_text]Je\u017celi chcieliby Pa\u0144stwo dowiedzie\u0107 si\u0119 wi\u0119cej na ten temat, polecamy naszego bloga po\u015bwi\u0119conego prawu nieruchomo\u015bci.[\/vc_column_text][\/vc_column][\/vc_row][vc_row triangle_shape=&#8221;no&#8221; css=&#8221;.vc_custom_1695386006059{padding-bottom: 20px !important;}&#8221;][vc_column][vc_column_text]Odpowiedzialny za tre\u015b\u0107 strony Prawnik Prawo nieruchomo\u015bci Hamburg Berlin Brema: Prawnik Stephan Steinwachs (Prawnik Hamburg Berlin Brema)[\/vc_column_text][\/vc_column][\/vc_row]<\/p>\n<\/div>","protected":false},"excerpt":{"rendered":"<p>[vc_row triangle_shape=&#8221;no&#8221; css=&#8221;.vc_custom_1695385722271{padding-bottom: 20px !important;}&#8221;][vc_column][vc_column_text]Prawo nieruchomo\u015bci prywatnych obejmuje wszelkie zagadnienia prawne zwi\u0105zane z zawieraniem i wykonywaniem um\u00f3w o grunty, budow\u0105 i u\u017cytkowaniem budynk\u00f3w oraz finansowaniem tych projekt\u00f3w, a tak\u017ce prawo najmu komercyjnego i prawo leasingu oraz leasingu nieruchomo\u015bci. Zagadnienia prawne dotycz\u0105ce nieruchomo\u015bci s\u0105 r\u00f3\u017cnorodne i wymagaj\u0105 specjalistycznej wiedzy, mi\u0119dzy innymi dlatego, \u017ce w prawie nieruchomo\u015bci cz\u0119sto w gr\u0119 wchodz\u0105 wielkie warto\u015bci. Niezale\u017cnie od tego, czy chodzi o budow\u0119 nieruchomo\u015bci, zbycie jej w formie umownej, czy te\u017c w przypadku dziedziczenia, o ci\u0119\u017car lub udzia\u0142.[\/vc_column_text][\/vc_column][\/vc_row][vc_row triangle_shape=&#8221;no&#8221; css=&#8221;.vc_custom_1695385744354{padding-bottom: 20px !important;}&#8221;][vc_column][vc_column_text]Skorzystaj z do\u015bwiadczenia prawnik\u00f3w Kancelarii STEINWACHS i ich partner\u00f3w do wsp\u00f3\u0142pracy w zakresie prawa&#8230;<\/p>\n","protected":false},"author":1,"featured_media":0,"parent":0,"menu_order":0,"comment_status":"closed","ping_status":"closed","template":"","meta":{"footnotes":""},"class_list":["post-8657","page","type-page","status-publish","hentry"],"yoast_head":"<!-- This site is optimized with the Yoast SEO Premium plugin v27.2 (Yoast SEO v27.6) - https:\/\/yoast.com\/product\/yoast-seo-premium-wordpress\/ -->\n<title>Rechtsanwaltskanzlei in Hamburg Berlin Bremen Hannover L\u00fcbeck<\/title>\n<meta name=\"description\" content=\"Rechtsanwaltskanzlei f\u00fcr Arbeitsrecht, Arzthaftung, Mietrecht, Gewerbemietrecht ,Gastronomierecht, Immobilienrecht, Schadensersatz Yachtrecht\" \/>\n<meta name=\"robots\" content=\"index, follow, max-snippet:-1, max-image-preview:large, max-video-preview:-1\" \/>\n<link rel=\"canonical\" href=\"https:\/\/www.kanzlei-steinwachs.de\/pl\/prawo-nieruchomosci-2\/\" \/>\n<meta property=\"og:locale\" content=\"pl_PL\" \/>\n<meta property=\"og:type\" content=\"article\" \/>\n<meta property=\"og:title\" content=\"Rechtsanwaltskanzlei in Hamburg Berlin Bremen Hannover L\u00fcbeck\" \/>\n<meta property=\"og:description\" content=\"Rechtsanwaltskanzlei f\u00fcr Arbeitsrecht, Arzthaftung, Mietrecht, Gewerbemietrecht ,Gastronomierecht, Immobilienrecht, Schadensersatz Yachtrecht\" \/>\n<meta property=\"og:url\" content=\"https:\/\/www.kanzlei-steinwachs.de\/pl\/prawo-nieruchomosci-2\/\" \/>\n<meta property=\"og:site_name\" content=\"Rechtsanwaltskanzlei Anwalt Hamburg Berlin Bremen Hannover L\u00fcbeck\" \/>\n<meta property=\"article:publisher\" content=\"https:\/\/www.facebook.com\/STEINWACHSRechtsanwaltskanzlei\/\" \/>\n<meta property=\"article:modified_time\" content=\"2023-10-23T06:29:56+00:00\" \/>\n<meta name=\"twitter:card\" content=\"summary_large_image\" \/>\n<meta name=\"twitter:site\" content=\"@rasteinwachs\" \/>\n<meta name=\"twitter:label1\" content=\"Szacowany czas czytania\" \/>\n\t<meta name=\"twitter:data1\" content=\"3 minuty\" \/>\n<script type=\"application\/ld+json\" class=\"yoast-schema-graph\">{\"@context\":\"https:\\\/\\\/schema.org\",\"@graph\":[{\"@type\":\"WebPage\",\"@id\":\"https:\\\/\\\/www.kanzlei-steinwachs.de\\\/pl\\\/prawo-nieruchomosci-2\\\/\",\"url\":\"https:\\\/\\\/www.kanzlei-steinwachs.de\\\/pl\\\/prawo-nieruchomosci-2\\\/\",\"name\":\"Rechtsanwaltskanzlei in Hamburg Berlin Bremen Hannover L\u00fcbeck\",\"isPartOf\":{\"@id\":\"https:\\\/\\\/www.kanzlei-steinwachs.de\\\/pl\\\/#website\"},\"datePublished\":\"2023-09-22T12:27:48+00:00\",\"dateModified\":\"2023-10-23T06:29:56+00:00\",\"description\":\"Rechtsanwaltskanzlei f\u00fcr Arbeitsrecht, Arzthaftung, Mietrecht, Gewerbemietrecht ,Gastronomierecht, Immobilienrecht, Schadensersatz Yachtrecht\",\"inLanguage\":\"pl-PL\",\"potentialAction\":[{\"@type\":\"ReadAction\",\"target\":[\"https:\\\/\\\/www.kanzlei-steinwachs.de\\\/pl\\\/prawo-nieruchomosci-2\\\/\"]}]},{\"@type\":\"WebSite\",\"@id\":\"https:\\\/\\\/www.kanzlei-steinwachs.de\\\/pl\\\/#website\",\"url\":\"https:\\\/\\\/www.kanzlei-steinwachs.de\\\/pl\\\/\",\"name\":\"Rechtsanwaltskanzlei Anwalt Hamburg Berlin Bremen Hannover L\u00fcbeck\",\"description\":\"Wir leisten mehr als Recht bietet\",\"publisher\":{\"@id\":\"https:\\\/\\\/www.kanzlei-steinwachs.de\\\/pl\\\/#organization\"},\"potentialAction\":[{\"@type\":\"SearchAction\",\"target\":{\"@type\":\"EntryPoint\",\"urlTemplate\":\"https:\\\/\\\/www.kanzlei-steinwachs.de\\\/pl\\\/?s={search_term_string}\"},\"query-input\":{\"@type\":\"PropertyValueSpecification\",\"valueRequired\":true,\"valueName\":\"search_term_string\"}}],\"inLanguage\":\"pl-PL\"},{\"@type\":[\"Organization\",\"Place\"],\"@id\":\"https:\\\/\\\/www.kanzlei-steinwachs.de\\\/pl\\\/#organization\",\"name\":\"Rechtsanwaltskanzlei Anwalt Hamburg Berlin Bremen Hannover L\u00fcbeck\",\"url\":\"https:\\\/\\\/www.kanzlei-steinwachs.de\\\/\",\"logo\":{\"@type\":\"ImageObject\",\"inLanguage\":\"pl-PL\",\"@id\":\"https:\\\/\\\/www.kanzlei-steinwachs.de\\\/pl\\\/#\\\/schema\\\/logo\\\/image\\\/\",\"url\":\"https:\\\/\\\/i0.wp.com\\\/www.kanzlei-steinwachs.de\\\/wp-content\\\/uploads\\\/2023\\\/12\\\/logo.webp?fit=174%2C76&quality=80&ssl=1\",\"contentUrl\":\"https:\\\/\\\/i0.wp.com\\\/www.kanzlei-steinwachs.de\\\/wp-content\\\/uploads\\\/2023\\\/12\\\/logo.webp?fit=174%2C76&quality=80&ssl=1\",\"width\":174,\"height\":76,\"caption\":\"Rechtsanwaltskanzlei Anwalt Hamburg Berlin Bremen Hannover L\u00fcbeck\"},\"image\":{\"@id\":\"https:\\\/\\\/www.kanzlei-steinwachs.de\\\/pl\\\/#\\\/schema\\\/logo\\\/image\\\/\"},\"sameAs\":[\"https:\\\/\\\/www.facebook.com\\\/STEINWACHSRechtsanwaltskanzlei\\\/\",\"https:\\\/\\\/x.com\\\/rasteinwachs\",\"https:\\\/\\\/www.instagram.com\\\/steinwachs_rechtsanwaelte\\\/\",\"https:\\\/\\\/www.linkedin.com\\\/in\\\/stephan-steinwachs-7a270197\\\/\",\"https:\\\/\\\/www.youtube.com\\\/channel\\\/UCffmodDlQx81remXm395RWA\"],\"telephone\":[]}]}<\/script>\n<!-- \/ Yoast SEO Premium plugin. -->","yoast_head_json":{"title":"Rechtsanwaltskanzlei in Hamburg Berlin Bremen Hannover L\u00fcbeck","description":"Rechtsanwaltskanzlei f\u00fcr Arbeitsrecht, Arzthaftung, Mietrecht, Gewerbemietrecht ,Gastronomierecht, Immobilienrecht, Schadensersatz Yachtrecht","robots":{"index":"index","follow":"follow","max-snippet":"max-snippet:-1","max-image-preview":"max-image-preview:large","max-video-preview":"max-video-preview:-1"},"canonical":"https:\/\/www.kanzlei-steinwachs.de\/pl\/prawo-nieruchomosci-2\/","og_locale":"pl_PL","og_type":"article","og_title":"Rechtsanwaltskanzlei in Hamburg Berlin Bremen Hannover L\u00fcbeck","og_description":"Rechtsanwaltskanzlei f\u00fcr Arbeitsrecht, Arzthaftung, Mietrecht, Gewerbemietrecht ,Gastronomierecht, Immobilienrecht, Schadensersatz Yachtrecht","og_url":"https:\/\/www.kanzlei-steinwachs.de\/pl\/prawo-nieruchomosci-2\/","og_site_name":"Rechtsanwaltskanzlei Anwalt Hamburg Berlin Bremen Hannover L\u00fcbeck","article_publisher":"https:\/\/www.facebook.com\/STEINWACHSRechtsanwaltskanzlei\/","article_modified_time":"2023-10-23T06:29:56+00:00","twitter_card":"summary_large_image","twitter_site":"@rasteinwachs","twitter_misc":{"Szacowany czas czytania":"3 minuty"},"schema":{"@context":"https:\/\/schema.org","@graph":[{"@type":"WebPage","@id":"https:\/\/www.kanzlei-steinwachs.de\/pl\/prawo-nieruchomosci-2\/","url":"https:\/\/www.kanzlei-steinwachs.de\/pl\/prawo-nieruchomosci-2\/","name":"Rechtsanwaltskanzlei in Hamburg Berlin Bremen Hannover L\u00fcbeck","isPartOf":{"@id":"https:\/\/www.kanzlei-steinwachs.de\/pl\/#website"},"datePublished":"2023-09-22T12:27:48+00:00","dateModified":"2023-10-23T06:29:56+00:00","description":"Rechtsanwaltskanzlei f\u00fcr Arbeitsrecht, Arzthaftung, Mietrecht, Gewerbemietrecht ,Gastronomierecht, Immobilienrecht, Schadensersatz Yachtrecht","inLanguage":"pl-PL","potentialAction":[{"@type":"ReadAction","target":["https:\/\/www.kanzlei-steinwachs.de\/pl\/prawo-nieruchomosci-2\/"]}]},{"@type":"WebSite","@id":"https:\/\/www.kanzlei-steinwachs.de\/pl\/#website","url":"https:\/\/www.kanzlei-steinwachs.de\/pl\/","name":"Rechtsanwaltskanzlei Anwalt Hamburg Berlin Bremen Hannover L\u00fcbeck","description":"Wir leisten mehr als Recht bietet","publisher":{"@id":"https:\/\/www.kanzlei-steinwachs.de\/pl\/#organization"},"potentialAction":[{"@type":"SearchAction","target":{"@type":"EntryPoint","urlTemplate":"https:\/\/www.kanzlei-steinwachs.de\/pl\/?s={search_term_string}"},"query-input":{"@type":"PropertyValueSpecification","valueRequired":true,"valueName":"search_term_string"}}],"inLanguage":"pl-PL"},{"@type":["Organization","Place"],"@id":"https:\/\/www.kanzlei-steinwachs.de\/pl\/#organization","name":"Rechtsanwaltskanzlei Anwalt Hamburg Berlin Bremen Hannover L\u00fcbeck","url":"https:\/\/www.kanzlei-steinwachs.de\/","logo":{"@type":"ImageObject","inLanguage":"pl-PL","@id":"https:\/\/www.kanzlei-steinwachs.de\/pl\/#\/schema\/logo\/image\/","url":"https:\/\/i0.wp.com\/www.kanzlei-steinwachs.de\/wp-content\/uploads\/2023\/12\/logo.webp?fit=174%2C76&quality=80&ssl=1","contentUrl":"https:\/\/i0.wp.com\/www.kanzlei-steinwachs.de\/wp-content\/uploads\/2023\/12\/logo.webp?fit=174%2C76&quality=80&ssl=1","width":174,"height":76,"caption":"Rechtsanwaltskanzlei Anwalt Hamburg Berlin Bremen Hannover L\u00fcbeck"},"image":{"@id":"https:\/\/www.kanzlei-steinwachs.de\/pl\/#\/schema\/logo\/image\/"},"sameAs":["https:\/\/www.facebook.com\/STEINWACHSRechtsanwaltskanzlei\/","https:\/\/x.com\/rasteinwachs","https:\/\/www.instagram.com\/steinwachs_rechtsanwaelte\/","https:\/\/www.linkedin.com\/in\/stephan-steinwachs-7a270197\/","https:\/\/www.youtube.com\/channel\/UCffmodDlQx81remXm395RWA"],"telephone":[]}]}},"jetpack_sharing_enabled":true,"_links":{"self":[{"href":"https:\/\/www.kanzlei-steinwachs.de\/pl\/wp-json\/wp\/v2\/pages\/8657","targetHints":{"allow":["GET"]}}],"collection":[{"href":"https:\/\/www.kanzlei-steinwachs.de\/pl\/wp-json\/wp\/v2\/pages"}],"about":[{"href":"https:\/\/www.kanzlei-steinwachs.de\/pl\/wp-json\/wp\/v2\/types\/page"}],"author":[{"embeddable":true,"href":"https:\/\/www.kanzlei-steinwachs.de\/pl\/wp-json\/wp\/v2\/users\/1"}],"replies":[{"embeddable":true,"href":"https:\/\/www.kanzlei-steinwachs.de\/pl\/wp-json\/wp\/v2\/comments?post=8657"}],"version-history":[{"count":0,"href":"https:\/\/www.kanzlei-steinwachs.de\/pl\/wp-json\/wp\/v2\/pages\/8657\/revisions"}],"wp:attachment":[{"href":"https:\/\/www.kanzlei-steinwachs.de\/pl\/wp-json\/wp\/v2\/media?parent=8657"}],"curies":[{"name":"wp","href":"https:\/\/api.w.org\/{rel}","templated":true}]}}