{"id":8635,"date":"2023-09-22T13:29:34","date_gmt":"2023-09-22T11:29:34","guid":{"rendered":"https:\/\/www.kanzlei-steinwachs.de\/prawo-najmu-komercyjnego\/"},"modified":"2023-10-23T07:44:16","modified_gmt":"2023-10-23T05:44:16","slug":"prawo-najmu-komercyjnego","status":"publish","type":"page","link":"https:\/\/www.kanzlei-steinwachs.de\/pl\/prawo-najmu-komercyjnego\/","title":{"rendered":"Prawo najmu komercyjnego"},"content":{"rendered":"<div class=\"wpb-content-wrapper\"><p>[vc_row triangle_shape=&#8221;no&#8221; css=&#8221;.vc_custom_1695383110497{padding-bottom: 20px !important;}&#8221;][vc_column][vc_column_text]Prawo najmu komercyjnego dla wynajmuj\u0105cych i najemc\u00f3w[\/vc_column_text][\/vc_column][\/vc_row][vc_row triangle_shape=&#8221;no&#8221; css=&#8221;.vc_custom_1695383105225{padding-bottom: 20px !important;}&#8221;][vc_column][vc_column_text]W zakresie prawa najmu komercyjnego doradzamy Pa\u0144stwu jako nowemu w\u0142a\u015bcicielowi firmy lub istniej\u0105cemu przedsi\u0119biorcy &#8211; doradzamy Pa\u0144stwu jako potencjalnemu najemcy lub je\u017celi jeste\u015bcie ju\u017c najemc\u0105 nieruchomo\u015bci komercyjnej.[\/vc_column_text][\/vc_column][\/vc_row][vc_row triangle_shape=&#8221;no&#8221; css=&#8221;.vc_custom_1695383100665{padding-bottom: 20px !important;}&#8221;][vc_column][vc_column_text]Reprezentujemy Ci\u0119 r\u00f3wnie\u017c jako w\u0142a\u015bciciela nieruchomo\u015bci komercyjnej we wszystkich sprawach zwi\u0105zanych z najmem komercyjnym.[\/vc_column_text][\/vc_column][\/vc_row][vc_row triangle_shape=&#8221;no&#8221; css=&#8221;.vc_custom_1695383090426{padding-bottom: 20px !important;}&#8221;][vc_column][vc_column_text]Posiadamy r\u00f3wnie\u017c wieloletnie do\u015bwiadczenie w obszarze inicjowania, projektowania, interpretacji i oceny komercyjnych um\u00f3w najmu, a tak\u017ce ich s\u0105dowej egzekucji. Zawsze my\u015blimy ze szczeg\u00f3lnym uwzgl\u0119dnieniem celu biznesowego i danej bran\u017cy. Dzi\u0119ki naszemu wieloletniemu do\u015bwiadczeniu w doradztwie i sporach s\u0105dowych jeste\u015bmy w stanie sporz\u0105dza\u0107 umowy najmu komercyjnego zar\u00f3wno dla wynajmuj\u0105cego, jak i najemcy komercyjnego, w ramach warunk\u00f3w ramowych przewidzianych przez ustawodawstwo i orzecznictwo, z wahad\u0142owym spojrzeniem na odpowiednie interes\u00f3w ekonomicznych najemcy komercyjnego i wynajmuj\u0105cego, co zapewnia bezpieczn\u0105 podstaw\u0119 jako wynajmuj\u0105cy i najemca.[\/vc_column_text][\/vc_column][\/vc_row][vc_row triangle_shape=&#8221;no&#8221; css=&#8221;.vc_custom_1695383085530{padding-bottom: 20px !important;}&#8221;][vc_column][vc_column_text]Nale\u017cy zauwa\u017cy\u0107, \u017ce umowy najmu przedsi\u0119biorstwa mog\u0105 by\u0107 swobodnie negocjowane i nie podlegaj\u0105 bardziej rygorystycznym kryteriom umowy najmu lokalu mieszkalnego. Niemniej jednak nawet w przypadku komercyjnych um\u00f3w najmu swoboda tre\u015bci takich um\u00f3w jest ograniczona przepisami prawa i orzecznictwem.[\/vc_column_text][\/vc_column][\/vc_row][vc_row triangle_shape=&#8221;no&#8221; css=&#8221;.vc_custom_1695383080850{padding-bottom: 20px !important;}&#8221;][vc_column][vc_column_text]W przeciwie\u0144stwie do umowy najmu lokalu mieszkalnego, wysoko\u015b\u0107 czynszu s\u0142u\u017cbowego mo\u017cna dowolnie negocjowa\u0107. Niemniej jednak, szczeg\u00f3lnie jako najemca komercyjny, powiniene\u015b zdoby\u0107 wiedz\u0119 rynkow\u0105 na temat cen rynkowych zwi\u0105zanych z lokalizacj\u0105 oraz uwarunkowa\u0144 strukturalnych, a tak\u017ce miksu najemc\u00f3w i miksu bran\u017cowego, je\u015bli jest to nieruchomo\u015b\u0107 z kilkoma s\u0105siaduj\u0105cymi najemcami komercyjnymi w obr\u0119bie ca\u0142ego obszar.[\/vc_column_text][\/vc_column][\/vc_row][vc_row triangle_shape=&#8221;no&#8221; css=&#8221;.vc_custom_1695383074763{padding-bottom: 20px !important;}&#8221;][vc_column][vc_column_text]Specjalne funkcje dla obu stron[\/vc_column_text][\/vc_column][\/vc_row][vc_row triangle_shape=&#8221;no&#8221; css=&#8221;.vc_custom_1695382612313{padding-bottom: 20px !important;}&#8221;][vc_column][vc_column_text]Jako w\u0142a\u015bciciel obiektu komercyjnego, zanim zawrzesz umow\u0119 najmu komercyjnego z najemc\u0105 komercyjnym, powiniene\u015b r\u00f3wnie\u017c rozwa\u017cy\u0107, jaki cel biznesowy powinien zosta\u0107 uwzgl\u0119dniony w umowie najmu komercyjnego oraz czy nieruchomo\u015b\u0107 do wynaj\u0119cia powinna by\u0107 przygotowana konstrukcyjnie lub umeblowana przez Ciebie, czy przez najemc\u0119 komercyjnego wcze\u015bniej, aby osi\u0105gn\u0105\u0107 ten cel biznesowy.[\/vc_column_text][\/vc_column][\/vc_row][vc_row triangle_shape=&#8221;no&#8221; css=&#8221;.vc_custom_1695383065058{padding-bottom: 20px !important;}&#8221;][vc_column][vc_column_text]Jako najemca komercyjny powiniene\u015b zwr\u00f3ci\u0107 uwag\u0119 na fakt, \u017ce umowy najmu komercyjnego cz\u0119sto oznaczaj\u0105 d\u0142ugi okres zobowi\u0105zania w ramach umowy najmu na czas okre\u015blony, cz\u0119sto z mo\u017cliwo\u015bci\u0105 przed\u0142u\u017cenia, z kt\u00f3rej musisz terminowo skorzysta\u0107.[\/vc_column_text][\/vc_column][\/vc_row][vc_row triangle_shape=&#8221;no&#8221; css=&#8221;.vc_custom_1695383060034{padding-bottom: 20px !important;}&#8221;][vc_column][vc_column_text]Poniewa\u017c na prawo najmu komercyjnego du\u017cy wp\u0142yw ma orzecznictwo, kt\u00f3re stale si\u0119 rozwija, a w prawie najmu komercyjnego istnieje niewiele niezale\u017cnych regulacji prawnych, a eksperci prawni maj\u0105 do dyspozycji mniej literatury specjalistycznej ni\u017c w innych dziedzinach prawa, dlatego warto zaufa\u0107 do\u015bwiadczonym prawnikom kt\u00f3rzy wespr\u0105 Ci\u0119 w sporz\u0105dzaniu um\u00f3w, ich egzekwowaniu i ochronie Twoich interes\u00f3w.[\/vc_column_text][\/vc_column][\/vc_row][vc_row triangle_shape=&#8221;no&#8221; css=&#8221;.vc_custom_1695383055313{padding-bottom: 20px !important;}&#8221;][vc_column][vc_column_text]Dzi\u0119ki naszemu do\u015bwiadczeniu we wszystkich obszarach wynajmu nieruchomo\u015bci komercyjnych, czy to powierzchni komercyjnych na wynajem w centrach handlowych, galeriach handlowych, mieszanych lokalach mieszkalno-handlowych, parkach rozrywki, czy te\u017c pojedynczych nieruchomo\u015bciach, mo\u017cemy zapewni\u0107 Pa\u0144stwu kompleksowe doradztwo i reprezentacj\u0119 we wszystkich obszarach ustawy o najmie komercyjnym.[\/vc_column_text][\/vc_column][\/vc_row][vc_row triangle_shape=&#8221;no&#8221; css=&#8221;.vc_custom_1695383051370{padding-bottom: 20px !important;}&#8221;][vc_column][vc_column_text]Doradzamy i reprezentujemy naszych klient\u00f3w w zakresie prawa najmu komercyjnego w nast\u0119puj\u0105cych tematach:<\/p>\n<ul>\n<li>Projekt umowy<\/li>\n<li>Egzekwowanie umowy<\/li>\n<li>Zako\u0144czenie<\/li>\n<li>Og\u0142oszenie o eksmisji<\/li>\n<li>koszty operacyjne<\/li>\n<li>Mieta gra<\/li>\n<li>Obni\u017cka czynszu<\/li>\n<li>odszkodowanie<\/li>\n<li>Bezpiecze\u0144stwo najmu<\/li>\n<li>Gwarancja wynajmu<\/li>\n<li>Cel operacyjny<\/li>\n<li>podwy\u017cka czynszu<\/li>\n<li>Naprawy kosmetyczne<\/li>\n<li>Absolwent czynszu<\/li>\n<li>Wynajem indeksu<\/li>\n<li>Mieszanka najemc\u00f3w<\/li>\n<li>Branchenmiks<\/li>\n<li>modyfikacja<\/li>\n<li>Renowacja<\/li>\n<li>renowacja<\/li>\n<li>Izolacja akustyczna<\/li>\n<li>Test<\/li>\n<li>Klauzule umowne<\/li>\n<li>wcze\u015bniejsze rozwi\u0105zanie umowy najmu lokalu komercyjnego<\/li>\n<li>Umowa o rozwi\u0105zaniu umowy<\/li>\n<\/ul>\n<p>[\/vc_column_text][\/vc_column][\/vc_row][vc_row triangle_shape=&#8221;no&#8221; css=&#8221;.vc_custom_1695383045570{padding-bottom: 20px !important;}&#8221;][vc_column][vc_column_text]Prawo najmu komercyjnego nie jest samodzieln\u0105 dziedzin\u0105 prawa. Jej podstaw\u0119 stanowi prawo najmu zawarte w niemieckim kodeksie cywilnym (BGB). Reguluje to \u00a7\u00a7 535 \u2013 580a BGB.[\/vc_column_text][\/vc_column][\/vc_row][vc_row triangle_shape=&#8221;no&#8221; css=&#8221;.vc_custom_1695383039994{padding-bottom: 20px !important;}&#8221;][vc_column][vc_column_text]Wszyscy doradzaj\u0105cy firmie STEINWACHS w zakresie prawa najmu maj\u0105 r\u00f3wnie\u017c do\u015bwiadczenie w zarz\u0105dzaniu nieruchomo\u015bciami i dlatego znaj\u0105 istotne zagadnienia daleko wykraczaj\u0105ce poza horyzont prawny. Skontaktuj si\u0119 z nami bez zobowi\u0105za\u0144.[\/vc_column_text][\/vc_column][\/vc_row][vc_row triangle_shape=&#8221;no&#8221; css=&#8221;.vc_custom_1695383035514{padding-bottom: 20px !important;}&#8221;][vc_column][vc_column_text]Zapraszamy r\u00f3wnie\u017c do zapoznania si\u0119 z naszym portalem po\u015bwi\u0119conym prawu najmu.[\/vc_column_text][\/vc_column][\/vc_row][vc_row triangle_shape=&#8221;no&#8221; css=&#8221;.vc_custom_1695383031234{padding-bottom: 20px !important;}&#8221;][vc_column][vc_column_text]Odpowiedzialny za tre\u015b\u0107 strony Kancelaria Prawna STEINWACHS Prawo najmu komercyjnego Hamburg Berlin Brema: Prawnik Stephan Steinwachs (Prawnik Hamburg Berlin Brema)[\/vc_column_text][\/vc_column][\/vc_row]<\/p>\n<\/div>","protected":false},"excerpt":{"rendered":"<p>[vc_row triangle_shape=&#8221;no&#8221; css=&#8221;.vc_custom_1695383110497{padding-bottom: 20px !important;}&#8221;][vc_column][vc_column_text]Prawo najmu komercyjnego dla wynajmuj\u0105cych i najemc\u00f3w[\/vc_column_text][\/vc_column][\/vc_row][vc_row triangle_shape=&#8221;no&#8221; css=&#8221;.vc_custom_1695383105225{padding-bottom: 20px !important;}&#8221;][vc_column][vc_column_text]W zakresie prawa najmu komercyjnego doradzamy Pa\u0144stwu jako nowemu w\u0142a\u015bcicielowi firmy lub istniej\u0105cemu przedsi\u0119biorcy &#8211; doradzamy Pa\u0144stwu jako potencjalnemu najemcy lub je\u017celi jeste\u015bcie ju\u017c najemc\u0105 nieruchomo\u015bci komercyjnej.[\/vc_column_text][\/vc_column][\/vc_row][vc_row triangle_shape=&#8221;no&#8221; css=&#8221;.vc_custom_1695383100665{padding-bottom: 20px !important;}&#8221;][vc_column][vc_column_text]Reprezentujemy Ci\u0119 r\u00f3wnie\u017c jako w\u0142a\u015bciciela nieruchomo\u015bci komercyjnej we wszystkich sprawach zwi\u0105zanych z najmem komercyjnym.[\/vc_column_text][\/vc_column][\/vc_row][vc_row triangle_shape=&#8221;no&#8221; css=&#8221;.vc_custom_1695383090426{padding-bottom: 20px !important;}&#8221;][vc_column][vc_column_text]Posiadamy r\u00f3wnie\u017c wieloletnie do\u015bwiadczenie w obszarze inicjowania, projektowania, interpretacji i oceny komercyjnych um\u00f3w najmu, a tak\u017ce ich s\u0105dowej egzekucji. Zawsze my\u015blimy ze szczeg\u00f3lnym uwzgl\u0119dnieniem celu biznesowego i danej bran\u017cy. Dzi\u0119ki naszemu wieloletniemu do\u015bwiadczeniu w doradztwie i sporach s\u0105dowych jeste\u015bmy&#8230;<\/p>\n","protected":false},"author":1,"featured_media":15784,"parent":0,"menu_order":0,"comment_status":"closed","ping_status":"closed","template":"","meta":{"footnotes":""},"class_list":["post-8635","page","type-page","status-publish","has-post-thumbnail","hentry"],"yoast_head":"<!-- This site is optimized with the Yoast SEO Premium plugin v27.2 (Yoast SEO v27.6) - https:\/\/yoast.com\/product\/yoast-seo-premium-wordpress\/ -->\n<title>Rechtsanwaltskanzlei in Hamburg Berlin Bremen Hannover L\u00fcbeck<\/title>\n<meta name=\"description\" content=\"Rechtsanwaltskanzlei f\u00fcr Arbeitsrecht, Arzthaftung, Mietrecht, Gewerbemietrecht ,Gastronomierecht, Immobilienrecht, Schadensersatz Yachtrecht\" \/>\n<meta name=\"robots\" content=\"index, follow, max-snippet:-1, max-image-preview:large, max-video-preview:-1\" \/>\n<link rel=\"canonical\" href=\"https:\/\/www.kanzlei-steinwachs.de\/pl\/prawo-najmu-komercyjnego\/\" \/>\n<meta property=\"og:locale\" content=\"pl_PL\" \/>\n<meta property=\"og:type\" content=\"article\" \/>\n<meta property=\"og:title\" content=\"Rechtsanwaltskanzlei in Hamburg Berlin Bremen Hannover L\u00fcbeck\" \/>\n<meta property=\"og:description\" content=\"Rechtsanwaltskanzlei f\u00fcr Arbeitsrecht, Arzthaftung, Mietrecht, Gewerbemietrecht ,Gastronomierecht, Immobilienrecht, Schadensersatz Yachtrecht\" \/>\n<meta property=\"og:url\" content=\"https:\/\/www.kanzlei-steinwachs.de\/pl\/prawo-najmu-komercyjnego\/\" \/>\n<meta property=\"og:site_name\" content=\"Rechtsanwaltskanzlei Anwalt Hamburg Berlin Bremen Hannover L\u00fcbeck\" \/>\n<meta property=\"article:publisher\" content=\"https:\/\/www.facebook.com\/STEINWACHSRechtsanwaltskanzlei\/\" \/>\n<meta property=\"article:modified_time\" content=\"2023-10-23T05:44:16+00:00\" \/>\n<meta name=\"twitter:card\" content=\"summary_large_image\" \/>\n<meta name=\"twitter:site\" content=\"@rasteinwachs\" \/>\n<meta name=\"twitter:label1\" content=\"Szacowany czas czytania\" \/>\n\t<meta name=\"twitter:data1\" content=\"5 minut\" \/>\n<script type=\"application\/ld+json\" class=\"yoast-schema-graph\">{\"@context\":\"https:\\\/\\\/schema.org\",\"@graph\":[{\"@type\":\"WebPage\",\"@id\":\"https:\\\/\\\/www.kanzlei-steinwachs.de\\\/pl\\\/prawo-najmu-komercyjnego\\\/\",\"url\":\"https:\\\/\\\/www.kanzlei-steinwachs.de\\\/pl\\\/prawo-najmu-komercyjnego\\\/\",\"name\":\"Rechtsanwaltskanzlei in Hamburg Berlin Bremen Hannover L\u00fcbeck\",\"isPartOf\":{\"@id\":\"https:\\\/\\\/www.kanzlei-steinwachs.de\\\/pl\\\/#website\"},\"primaryImageOfPage\":{\"@id\":\"https:\\\/\\\/www.kanzlei-steinwachs.de\\\/pl\\\/prawo-najmu-komercyjnego\\\/#primaryimage\"},\"image\":{\"@id\":\"https:\\\/\\\/www.kanzlei-steinwachs.de\\\/pl\\\/prawo-najmu-komercyjnego\\\/#primaryimage\"},\"thumbnailUrl\":\"https:\\\/\\\/i0.wp.com\\\/www.kanzlei-steinwachs.de\\\/wp-content\\\/uploads\\\/2023\\\/12\\\/logo.webp?fit=174%2C76&quality=20&ssl=1\",\"datePublished\":\"2023-09-22T11:29:34+00:00\",\"dateModified\":\"2023-10-23T05:44:16+00:00\",\"description\":\"Rechtsanwaltskanzlei f\u00fcr Arbeitsrecht, Arzthaftung, Mietrecht, Gewerbemietrecht ,Gastronomierecht, Immobilienrecht, Schadensersatz Yachtrecht\",\"inLanguage\":\"pl-PL\",\"potentialAction\":[{\"@type\":\"ReadAction\",\"target\":[\"https:\\\/\\\/www.kanzlei-steinwachs.de\\\/pl\\\/prawo-najmu-komercyjnego\\\/\"]}]},{\"@type\":\"ImageObject\",\"inLanguage\":\"pl-PL\",\"@id\":\"https:\\\/\\\/www.kanzlei-steinwachs.de\\\/pl\\\/prawo-najmu-komercyjnego\\\/#primaryimage\",\"url\":\"https:\\\/\\\/i0.wp.com\\\/www.kanzlei-steinwachs.de\\\/wp-content\\\/uploads\\\/2023\\\/12\\\/logo.webp?fit=174%2C76&quality=20&ssl=1\",\"contentUrl\":\"https:\\\/\\\/i0.wp.com\\\/www.kanzlei-steinwachs.de\\\/wp-content\\\/uploads\\\/2023\\\/12\\\/logo.webp?fit=174%2C76&quality=20&ssl=1\",\"width\":174,\"height\":76,\"caption\":\"Kanzlei Steinwachs\"},{\"@type\":\"WebSite\",\"@id\":\"https:\\\/\\\/www.kanzlei-steinwachs.de\\\/pl\\\/#website\",\"url\":\"https:\\\/\\\/www.kanzlei-steinwachs.de\\\/pl\\\/\",\"name\":\"Rechtsanwaltskanzlei Anwalt Hamburg Berlin Bremen Hannover L\u00fcbeck\",\"description\":\"Wir leisten mehr als Recht bietet\",\"publisher\":{\"@id\":\"https:\\\/\\\/www.kanzlei-steinwachs.de\\\/pl\\\/#organization\"},\"potentialAction\":[{\"@type\":\"SearchAction\",\"target\":{\"@type\":\"EntryPoint\",\"urlTemplate\":\"https:\\\/\\\/www.kanzlei-steinwachs.de\\\/pl\\\/?s={search_term_string}\"},\"query-input\":{\"@type\":\"PropertyValueSpecification\",\"valueRequired\":true,\"valueName\":\"search_term_string\"}}],\"inLanguage\":\"pl-PL\"},{\"@type\":[\"Organization\",\"Place\"],\"@id\":\"https:\\\/\\\/www.kanzlei-steinwachs.de\\\/pl\\\/#organization\",\"name\":\"Rechtsanwaltskanzlei Anwalt Hamburg Berlin Bremen Hannover L\u00fcbeck\",\"url\":\"https:\\\/\\\/www.kanzlei-steinwachs.de\\\/\",\"logo\":{\"@type\":\"ImageObject\",\"inLanguage\":\"pl-PL\",\"@id\":\"https:\\\/\\\/www.kanzlei-steinwachs.de\\\/pl\\\/#\\\/schema\\\/logo\\\/image\\\/\",\"url\":\"https:\\\/\\\/i0.wp.com\\\/www.kanzlei-steinwachs.de\\\/wp-content\\\/uploads\\\/2023\\\/12\\\/logo.webp?fit=174%2C76&quality=80&ssl=1\",\"contentUrl\":\"https:\\\/\\\/i0.wp.com\\\/www.kanzlei-steinwachs.de\\\/wp-content\\\/uploads\\\/2023\\\/12\\\/logo.webp?fit=174%2C76&quality=80&ssl=1\",\"width\":174,\"height\":76,\"caption\":\"Rechtsanwaltskanzlei Anwalt Hamburg Berlin Bremen Hannover L\u00fcbeck\"},\"image\":{\"@id\":\"https:\\\/\\\/www.kanzlei-steinwachs.de\\\/pl\\\/#\\\/schema\\\/logo\\\/image\\\/\"},\"sameAs\":[\"https:\\\/\\\/www.facebook.com\\\/STEINWACHSRechtsanwaltskanzlei\\\/\",\"https:\\\/\\\/x.com\\\/rasteinwachs\",\"https:\\\/\\\/www.instagram.com\\\/steinwachs_rechtsanwaelte\\\/\",\"https:\\\/\\\/www.linkedin.com\\\/in\\\/stephan-steinwachs-7a270197\\\/\",\"https:\\\/\\\/www.youtube.com\\\/channel\\\/UCffmodDlQx81remXm395RWA\"],\"telephone\":[]}]}<\/script>\n<!-- \/ Yoast SEO Premium plugin. -->","yoast_head_json":{"title":"Rechtsanwaltskanzlei in Hamburg Berlin Bremen Hannover L\u00fcbeck","description":"Rechtsanwaltskanzlei f\u00fcr Arbeitsrecht, Arzthaftung, Mietrecht, Gewerbemietrecht ,Gastronomierecht, Immobilienrecht, Schadensersatz Yachtrecht","robots":{"index":"index","follow":"follow","max-snippet":"max-snippet:-1","max-image-preview":"max-image-preview:large","max-video-preview":"max-video-preview:-1"},"canonical":"https:\/\/www.kanzlei-steinwachs.de\/pl\/prawo-najmu-komercyjnego\/","og_locale":"pl_PL","og_type":"article","og_title":"Rechtsanwaltskanzlei in Hamburg Berlin Bremen Hannover L\u00fcbeck","og_description":"Rechtsanwaltskanzlei f\u00fcr Arbeitsrecht, Arzthaftung, Mietrecht, Gewerbemietrecht ,Gastronomierecht, Immobilienrecht, Schadensersatz Yachtrecht","og_url":"https:\/\/www.kanzlei-steinwachs.de\/pl\/prawo-najmu-komercyjnego\/","og_site_name":"Rechtsanwaltskanzlei Anwalt Hamburg Berlin Bremen Hannover L\u00fcbeck","article_publisher":"https:\/\/www.facebook.com\/STEINWACHSRechtsanwaltskanzlei\/","article_modified_time":"2023-10-23T05:44:16+00:00","twitter_card":"summary_large_image","twitter_site":"@rasteinwachs","twitter_misc":{"Szacowany czas czytania":"5 minut"},"schema":{"@context":"https:\/\/schema.org","@graph":[{"@type":"WebPage","@id":"https:\/\/www.kanzlei-steinwachs.de\/pl\/prawo-najmu-komercyjnego\/","url":"https:\/\/www.kanzlei-steinwachs.de\/pl\/prawo-najmu-komercyjnego\/","name":"Rechtsanwaltskanzlei in Hamburg Berlin Bremen Hannover L\u00fcbeck","isPartOf":{"@id":"https:\/\/www.kanzlei-steinwachs.de\/pl\/#website"},"primaryImageOfPage":{"@id":"https:\/\/www.kanzlei-steinwachs.de\/pl\/prawo-najmu-komercyjnego\/#primaryimage"},"image":{"@id":"https:\/\/www.kanzlei-steinwachs.de\/pl\/prawo-najmu-komercyjnego\/#primaryimage"},"thumbnailUrl":"https:\/\/i0.wp.com\/www.kanzlei-steinwachs.de\/wp-content\/uploads\/2023\/12\/logo.webp?fit=174%2C76&quality=20&ssl=1","datePublished":"2023-09-22T11:29:34+00:00","dateModified":"2023-10-23T05:44:16+00:00","description":"Rechtsanwaltskanzlei f\u00fcr Arbeitsrecht, Arzthaftung, Mietrecht, Gewerbemietrecht ,Gastronomierecht, Immobilienrecht, Schadensersatz Yachtrecht","inLanguage":"pl-PL","potentialAction":[{"@type":"ReadAction","target":["https:\/\/www.kanzlei-steinwachs.de\/pl\/prawo-najmu-komercyjnego\/"]}]},{"@type":"ImageObject","inLanguage":"pl-PL","@id":"https:\/\/www.kanzlei-steinwachs.de\/pl\/prawo-najmu-komercyjnego\/#primaryimage","url":"https:\/\/i0.wp.com\/www.kanzlei-steinwachs.de\/wp-content\/uploads\/2023\/12\/logo.webp?fit=174%2C76&quality=20&ssl=1","contentUrl":"https:\/\/i0.wp.com\/www.kanzlei-steinwachs.de\/wp-content\/uploads\/2023\/12\/logo.webp?fit=174%2C76&quality=20&ssl=1","width":174,"height":76,"caption":"Kanzlei Steinwachs"},{"@type":"WebSite","@id":"https:\/\/www.kanzlei-steinwachs.de\/pl\/#website","url":"https:\/\/www.kanzlei-steinwachs.de\/pl\/","name":"Rechtsanwaltskanzlei Anwalt Hamburg Berlin Bremen Hannover L\u00fcbeck","description":"Wir leisten mehr als Recht bietet","publisher":{"@id":"https:\/\/www.kanzlei-steinwachs.de\/pl\/#organization"},"potentialAction":[{"@type":"SearchAction","target":{"@type":"EntryPoint","urlTemplate":"https:\/\/www.kanzlei-steinwachs.de\/pl\/?s={search_term_string}"},"query-input":{"@type":"PropertyValueSpecification","valueRequired":true,"valueName":"search_term_string"}}],"inLanguage":"pl-PL"},{"@type":["Organization","Place"],"@id":"https:\/\/www.kanzlei-steinwachs.de\/pl\/#organization","name":"Rechtsanwaltskanzlei Anwalt Hamburg Berlin Bremen Hannover L\u00fcbeck","url":"https:\/\/www.kanzlei-steinwachs.de\/","logo":{"@type":"ImageObject","inLanguage":"pl-PL","@id":"https:\/\/www.kanzlei-steinwachs.de\/pl\/#\/schema\/logo\/image\/","url":"https:\/\/i0.wp.com\/www.kanzlei-steinwachs.de\/wp-content\/uploads\/2023\/12\/logo.webp?fit=174%2C76&quality=80&ssl=1","contentUrl":"https:\/\/i0.wp.com\/www.kanzlei-steinwachs.de\/wp-content\/uploads\/2023\/12\/logo.webp?fit=174%2C76&quality=80&ssl=1","width":174,"height":76,"caption":"Rechtsanwaltskanzlei Anwalt Hamburg Berlin Bremen Hannover L\u00fcbeck"},"image":{"@id":"https:\/\/www.kanzlei-steinwachs.de\/pl\/#\/schema\/logo\/image\/"},"sameAs":["https:\/\/www.facebook.com\/STEINWACHSRechtsanwaltskanzlei\/","https:\/\/x.com\/rasteinwachs","https:\/\/www.instagram.com\/steinwachs_rechtsanwaelte\/","https:\/\/www.linkedin.com\/in\/stephan-steinwachs-7a270197\/","https:\/\/www.youtube.com\/channel\/UCffmodDlQx81remXm395RWA"],"telephone":[]}]}},"jetpack_sharing_enabled":true,"_links":{"self":[{"href":"https:\/\/www.kanzlei-steinwachs.de\/pl\/wp-json\/wp\/v2\/pages\/8635","targetHints":{"allow":["GET"]}}],"collection":[{"href":"https:\/\/www.kanzlei-steinwachs.de\/pl\/wp-json\/wp\/v2\/pages"}],"about":[{"href":"https:\/\/www.kanzlei-steinwachs.de\/pl\/wp-json\/wp\/v2\/types\/page"}],"author":[{"embeddable":true,"href":"https:\/\/www.kanzlei-steinwachs.de\/pl\/wp-json\/wp\/v2\/users\/1"}],"replies":[{"embeddable":true,"href":"https:\/\/www.kanzlei-steinwachs.de\/pl\/wp-json\/wp\/v2\/comments?post=8635"}],"version-history":[{"count":0,"href":"https:\/\/www.kanzlei-steinwachs.de\/pl\/wp-json\/wp\/v2\/pages\/8635\/revisions"}],"wp:featuredmedia":[{"embeddable":true,"href":"https:\/\/www.kanzlei-steinwachs.de\/pl\/wp-json\/wp\/v2\/media\/15784"}],"wp:attachment":[{"href":"https:\/\/www.kanzlei-steinwachs.de\/pl\/wp-json\/wp\/v2\/media?parent=8635"}],"curies":[{"name":"wp","href":"https:\/\/api.w.org\/{rel}","templated":true}]}}