{"id":8629,"date":"2023-09-22T13:20:27","date_gmt":"2023-09-22T11:20:27","guid":{"rendered":"https:\/\/www.kanzlei-steinwachs.de\/prawo-gastronomiczne\/"},"modified":"2023-10-23T07:22:33","modified_gmt":"2023-10-23T05:22:33","slug":"prawo-gastronomiczne","status":"publish","type":"page","link":"https:\/\/www.kanzlei-steinwachs.de\/pl\/prawo-gastronomiczne\/","title":{"rendered":"Prawo gastronomiczne"},"content":{"rendered":"<div class=\"wpb-content-wrapper\"><p>[vc_row triangle_shape=&#8221;no&#8221; css=&#8221;.vc_custom_1695381824185{padding-bottom: 20px !important;}&#8221;][vc_column][vc_column_text]Prawo gastronomiczne jest dla nas najwy\u017cszym priorytetem![\/vc_column_text][\/vc_column][\/vc_row][vc_row triangle_shape=&#8221;no&#8221; css=&#8221;.vc_custom_1695381814473{padding-bottom: 20px !important;}&#8221;][vc_column][vc_column_text]Ma\u0142o kt\u00f3ry inny przedsi\u0119biorca widzi siebie w por\u00f3wnywalnym obszarze napi\u0119cia pomi\u0119dzy wymogami prawnymi a rzeczywistymi wymogami odnosz\u0105cej sukcesy ekonomiczne dzia\u0142alno\u015bci gospodarczej jak hotelarze i restauratorzy. Niemal nie do opanowania bogactwo federalnych i stanowych przepis\u00f3w ustawowych, wykonawczych i w\u0105tpliwych wytycznych europejskich sprawia, \u017ce \u200b\u200bpozornie niemo\u017cliwe jest \u201ew\u0142a\u015bciwe\u201d obronienie si\u0119 w sensie prawa gastronomicznego na wysoce konkurencyjnym rynku hotelarsko-gastronomicznym. Cho\u0107 niemieccy przedsi\u0119biorcy ju\u017c stoj\u0105 w obliczu bezprecedensowego szale\u0144stwa regulacyjnego ze strony legislatury, szczeg\u00f3lnie mocno uderza to w hotelarzy i restaurator\u00f3w.[\/vc_column_text][\/vc_column][\/vc_row][vc_row triangle_shape=&#8221;no&#8221; css=&#8221;.vc_custom_1695381808665{padding-bottom: 20px !important;}&#8221;][vc_column][vc_column_text]Z drugiej strony brakuje jasnych przepis\u00f3w i wyspecjalizowanych w bran\u017cy prawnik\u00f3w. Prawo gastronomiczne jest wci\u0105\u017c terminem prawnie niejasnym i dalekim od bycia samodzieln\u0105 dziedzin\u0105 prawa. Z wyj\u0105tkiem prawa restauracyjnego, przepis\u00f3w dotycz\u0105cych punkt\u00f3w wydawania napoj\u00f3w, przepis\u00f3w dotycz\u0105cych kszta\u0142cenia zawodowego w bran\u017cy hotelarsko-gastronomicznej oraz wyra\u017anych przepis\u00f3w dotycz\u0105cych prawa podr\u00f3\u017cnego w \u00a7\u00a7 651 i nast. BGB oraz odpowiedzialno\u015bci karczmarza w \u00a7\u00a7 701 ff. BGB, z kt\u00f3rego jasno wynika odniesienie bran\u017cowe, to przede wszystkim liczne \u201eprzepisy pomocnicze\u201d (cz\u0119sto nieznane prawnikom), kt\u00f3re determinuj\u0105 codzienn\u0105 prac\u0119 przedsi\u0119biorcy gastronomicznego, a kt\u00f3rych nieprzestrzeganie mo\u017ce czasami zagrozi\u0107 jego egzystencji.[\/vc_column_text][\/vc_column][\/vc_row][vc_row triangle_shape=&#8221;no&#8221; css=&#8221;.vc_custom_1695382026393{padding-bottom: 20px !important;}&#8221;][vc_column][vc_column_text]Z drugiej strony brakuje jasnych przepis\u00f3w i wyspecjalizowanych w bran\u017cy prawnik\u00f3w. Prawo gastronomiczne jest wci\u0105\u017c terminem prawnie niejasnym i dalekim od bycia samodzieln\u0105 dziedzin\u0105 prawa. Z wyj\u0105tkiem prawa restauracyjnego, przepis\u00f3w dotycz\u0105cych punkt\u00f3w wydawania napoj\u00f3w, przepis\u00f3w dotycz\u0105cych kszta\u0142cenia zawodowego w bran\u017cy hotelarsko-gastronomicznej oraz wyra\u017anych przepis\u00f3w dotycz\u0105cych prawa podr\u00f3\u017cnego w \u00a7\u00a7 651 i nast. BGB oraz odpowiedzialno\u015bci karczmarza w \u00a7\u00a7 701 ff. BGB, z kt\u00f3rego jasno wynika odniesienie bran\u017cowe, to przede wszystkim liczne \u201eprzepisy pomocnicze\u201d (cz\u0119sto nieznane prawnikom), kt\u00f3re determinuj\u0105 codzienn\u0105 prac\u0119 przedsi\u0119biorcy gastronomicznego, a kt\u00f3rych nieprzestrzeganie mo\u017ce czasami zagrozi\u0107 jego egzystencji.[\/vc_column_text][\/vc_column][\/vc_row][vc_row triangle_shape=&#8221;no&#8221; css=&#8221;.vc_custom_1695382015369{padding-bottom: 20px !important;}&#8221;][vc_column][vc_column_text]Skorzystaj z do\u015bwiadczenia Kancelarii Prawnej STEINWACHS oraz wsp\u00f3\u0142pracuj\u0105cych z ni\u0105 prawnik\u00f3w i doradc\u00f3w podatkowych w poni\u017cszych obszarach prawnych:<\/p>\n<ul>\n<li>Rozpocz\u0119cie dzia\u0142alno\u015bci w bran\u017cy gastronomicznej<\/li>\n<li>Sporz\u0105dzanie um\u00f3w najmu i um\u00f3w najmu<\/li>\n<li>Prawo najmu<\/li>\n<li>Przegl\u0105danie i opracowywanie um\u00f3w z dostawcami (m.in.<\/li>\n<li>umowy na dostaw\u0119 piwa i po\u017cyczki)<\/li>\n<li>Prawo pracy<\/li>\n<li>Prawo konkurencji<\/li>\n<li>Egzekucja roszcze\u0144 gwarancyjnych<\/li>\n<li>Pytania dotycz\u0105ce licencji i innych przepis\u00f3w restauracyjnych oraz prawa restauracyjnego<\/li>\n<li>inne \u201esprawy urz\u0119dowe\u201d<\/li>\n<li>Opracowanie og\u00f3lnych warunk\u00f3w handlowych lub<\/li>\n<li>Warunki zakwaterowania<\/li>\n<li>S\u0105siaduj\u0105ce spory prawne<\/li>\n<li>Zarz\u0105dzanie nale\u017cno\u015bciami<\/li>\n<\/ul>\n<p>[\/vc_column_text][\/vc_column][\/vc_row][vc_row triangle_shape=&#8221;no&#8221; css=&#8221;.vc_custom_1695382066545{padding-bottom: 20px !important;}&#8221;][vc_column][vc_column_text]Zapraszamy r\u00f3wnie\u017c do zapoznania si\u0119 z naszym blogiem po\u015bwi\u0119conym zagadnieniom prawnym w prawie gastronomicznym.[\/vc_column_text][\/vc_column][\/vc_row][vc_row triangle_shape=&#8221;no&#8221; css=&#8221;.vc_custom_1695382120009{padding-bottom: 20px !important;}&#8221;][vc_column][vc_column_text]Odpowiedzialny za tre\u015b\u0107 strony Prawnik Prawo gastronomiczne Hamburg Berlin Brema: Prawnik Stephan Steinwachs (Prawnik Hamburg Berlin Brema)[\/vc_column_text][\/vc_column][\/vc_row]<\/p>\n<\/div>","protected":false},"excerpt":{"rendered":"<p>[vc_row triangle_shape=&#8221;no&#8221; css=&#8221;.vc_custom_1695381824185{padding-bottom: 20px !important;}&#8221;][vc_column][vc_column_text]Prawo gastronomiczne jest dla nas najwy\u017cszym priorytetem![\/vc_column_text][\/vc_column][\/vc_row][vc_row triangle_shape=&#8221;no&#8221; css=&#8221;.vc_custom_1695381814473{padding-bottom: 20px !important;}&#8221;][vc_column][vc_column_text]Ma\u0142o kt\u00f3ry inny przedsi\u0119biorca widzi siebie w por\u00f3wnywalnym obszarze napi\u0119cia pomi\u0119dzy wymogami prawnymi a rzeczywistymi wymogami odnosz\u0105cej sukcesy ekonomiczne dzia\u0142alno\u015bci gospodarczej jak hotelarze i restauratorzy. Niemal nie do opanowania bogactwo federalnych i stanowych przepis\u00f3w ustawowych, wykonawczych i w\u0105tpliwych wytycznych europejskich sprawia, \u017ce \u200b\u200bpozornie niemo\u017cliwe jest \u201ew\u0142a\u015bciwe\u201d obronienie si\u0119 w sensie prawa gastronomicznego na wysoce konkurencyjnym rynku hotelarsko-gastronomicznym. Cho\u0107 niemieccy przedsi\u0119biorcy ju\u017c stoj\u0105 w obliczu bezprecedensowego szale\u0144stwa regulacyjnego ze strony legislatury, szczeg\u00f3lnie mocno uderza to w hotelarzy i restaurator\u00f3w.[\/vc_column_text][\/vc_column][\/vc_row][vc_row triangle_shape=&#8221;no&#8221; css=&#8221;.vc_custom_1695381808665{padding-bottom: 20px !important;}&#8221;][vc_column][vc_column_text]Z drugiej strony brakuje jasnych&#8230;<\/p>\n","protected":false},"author":1,"featured_media":15784,"parent":0,"menu_order":0,"comment_status":"closed","ping_status":"closed","template":"","meta":{"footnotes":""},"class_list":["post-8629","page","type-page","status-publish","has-post-thumbnail","hentry"],"yoast_head":"<!-- This site is optimized with the Yoast SEO Premium plugin v27.2 (Yoast SEO v27.4) - https:\/\/yoast.com\/product\/yoast-seo-premium-wordpress\/ -->\n<title>Rechtsanwaltskanzlei in Hamburg Berlin Bremen Hannover L\u00fcbeck<\/title>\n<meta name=\"description\" content=\"Rechtsanwaltskanzlei f\u00fcr Arbeitsrecht, Arzthaftung, Mietrecht, Gewerbemietrecht ,Gastronomierecht, Immobilienrecht, Schadensersatz Yachtrecht\" \/>\n<meta name=\"robots\" content=\"index, follow, max-snippet:-1, max-image-preview:large, max-video-preview:-1\" \/>\n<link rel=\"canonical\" href=\"https:\/\/www.kanzlei-steinwachs.de\/pl\/prawo-gastronomiczne\/\" \/>\n<meta property=\"og:locale\" content=\"pl_PL\" \/>\n<meta property=\"og:type\" content=\"article\" \/>\n<meta property=\"og:title\" content=\"Rechtsanwaltskanzlei in Hamburg Berlin Bremen Hannover L\u00fcbeck\" \/>\n<meta property=\"og:description\" content=\"Rechtsanwaltskanzlei f\u00fcr Arbeitsrecht, Arzthaftung, Mietrecht, Gewerbemietrecht ,Gastronomierecht, Immobilienrecht, Schadensersatz Yachtrecht\" \/>\n<meta property=\"og:url\" content=\"https:\/\/www.kanzlei-steinwachs.de\/pl\/prawo-gastronomiczne\/\" \/>\n<meta property=\"og:site_name\" content=\"Rechtsanwaltskanzlei Anwalt Hamburg Berlin Bremen Hannover L\u00fcbeck\" \/>\n<meta property=\"article:publisher\" content=\"https:\/\/www.facebook.com\/STEINWACHSRechtsanwaltskanzlei\/\" \/>\n<meta property=\"article:modified_time\" content=\"2023-10-23T05:22:33+00:00\" \/>\n<meta name=\"twitter:card\" content=\"summary_large_image\" \/>\n<meta name=\"twitter:site\" content=\"@rasteinwachs\" \/>\n<meta name=\"twitter:label1\" content=\"Szacowany czas czytania\" \/>\n\t<meta name=\"twitter:data1\" content=\"3 minuty\" \/>\n<script type=\"application\/ld+json\" class=\"yoast-schema-graph\">{\"@context\":\"https:\\\/\\\/schema.org\",\"@graph\":[{\"@type\":\"WebPage\",\"@id\":\"https:\\\/\\\/www.kanzlei-steinwachs.de\\\/pl\\\/prawo-gastronomiczne\\\/\",\"url\":\"https:\\\/\\\/www.kanzlei-steinwachs.de\\\/pl\\\/prawo-gastronomiczne\\\/\",\"name\":\"Rechtsanwaltskanzlei in Hamburg Berlin Bremen Hannover L\u00fcbeck\",\"isPartOf\":{\"@id\":\"https:\\\/\\\/www.kanzlei-steinwachs.de\\\/pl\\\/#website\"},\"primaryImageOfPage\":{\"@id\":\"https:\\\/\\\/www.kanzlei-steinwachs.de\\\/pl\\\/prawo-gastronomiczne\\\/#primaryimage\"},\"image\":{\"@id\":\"https:\\\/\\\/www.kanzlei-steinwachs.de\\\/pl\\\/prawo-gastronomiczne\\\/#primaryimage\"},\"thumbnailUrl\":\"https:\\\/\\\/i0.wp.com\\\/www.kanzlei-steinwachs.de\\\/wp-content\\\/uploads\\\/2023\\\/12\\\/logo.webp?fit=174%2C76&quality=20&ssl=1\",\"datePublished\":\"2023-09-22T11:20:27+00:00\",\"dateModified\":\"2023-10-23T05:22:33+00:00\",\"description\":\"Rechtsanwaltskanzlei f\u00fcr Arbeitsrecht, Arzthaftung, Mietrecht, Gewerbemietrecht ,Gastronomierecht, Immobilienrecht, Schadensersatz Yachtrecht\",\"inLanguage\":\"pl-PL\",\"potentialAction\":[{\"@type\":\"ReadAction\",\"target\":[\"https:\\\/\\\/www.kanzlei-steinwachs.de\\\/pl\\\/prawo-gastronomiczne\\\/\"]}]},{\"@type\":\"ImageObject\",\"inLanguage\":\"pl-PL\",\"@id\":\"https:\\\/\\\/www.kanzlei-steinwachs.de\\\/pl\\\/prawo-gastronomiczne\\\/#primaryimage\",\"url\":\"https:\\\/\\\/i0.wp.com\\\/www.kanzlei-steinwachs.de\\\/wp-content\\\/uploads\\\/2023\\\/12\\\/logo.webp?fit=174%2C76&quality=20&ssl=1\",\"contentUrl\":\"https:\\\/\\\/i0.wp.com\\\/www.kanzlei-steinwachs.de\\\/wp-content\\\/uploads\\\/2023\\\/12\\\/logo.webp?fit=174%2C76&quality=20&ssl=1\",\"width\":174,\"height\":76,\"caption\":\"Kanzlei Steinwachs\"},{\"@type\":\"WebSite\",\"@id\":\"https:\\\/\\\/www.kanzlei-steinwachs.de\\\/pl\\\/#website\",\"url\":\"https:\\\/\\\/www.kanzlei-steinwachs.de\\\/pl\\\/\",\"name\":\"Rechtsanwaltskanzlei Anwalt Hamburg Berlin Bremen Hannover L\u00fcbeck\",\"description\":\"Wir leisten mehr als Recht bietet\",\"publisher\":{\"@id\":\"https:\\\/\\\/www.kanzlei-steinwachs.de\\\/pl\\\/#organization\"},\"potentialAction\":[{\"@type\":\"SearchAction\",\"target\":{\"@type\":\"EntryPoint\",\"urlTemplate\":\"https:\\\/\\\/www.kanzlei-steinwachs.de\\\/pl\\\/?s={search_term_string}\"},\"query-input\":{\"@type\":\"PropertyValueSpecification\",\"valueRequired\":true,\"valueName\":\"search_term_string\"}}],\"inLanguage\":\"pl-PL\"},{\"@type\":[\"Organization\",\"Place\"],\"@id\":\"https:\\\/\\\/www.kanzlei-steinwachs.de\\\/pl\\\/#organization\",\"name\":\"Rechtsanwaltskanzlei Anwalt Hamburg Berlin Bremen Hannover L\u00fcbeck\",\"url\":\"https:\\\/\\\/www.kanzlei-steinwachs.de\\\/\",\"logo\":{\"@type\":\"ImageObject\",\"inLanguage\":\"pl-PL\",\"@id\":\"https:\\\/\\\/www.kanzlei-steinwachs.de\\\/pl\\\/#\\\/schema\\\/logo\\\/image\\\/\",\"url\":\"https:\\\/\\\/i0.wp.com\\\/www.kanzlei-steinwachs.de\\\/wp-content\\\/uploads\\\/2023\\\/12\\\/logo.webp?fit=174%2C76&quality=80&ssl=1\",\"contentUrl\":\"https:\\\/\\\/i0.wp.com\\\/www.kanzlei-steinwachs.de\\\/wp-content\\\/uploads\\\/2023\\\/12\\\/logo.webp?fit=174%2C76&quality=80&ssl=1\",\"width\":174,\"height\":76,\"caption\":\"Rechtsanwaltskanzlei Anwalt Hamburg Berlin Bremen Hannover L\u00fcbeck\"},\"image\":{\"@id\":\"https:\\\/\\\/www.kanzlei-steinwachs.de\\\/pl\\\/#\\\/schema\\\/logo\\\/image\\\/\"},\"sameAs\":[\"https:\\\/\\\/www.facebook.com\\\/STEINWACHSRechtsanwaltskanzlei\\\/\",\"https:\\\/\\\/x.com\\\/rasteinwachs\",\"https:\\\/\\\/www.instagram.com\\\/steinwachs_rechtsanwaelte\\\/\",\"https:\\\/\\\/www.linkedin.com\\\/in\\\/stephan-steinwachs-7a270197\\\/\",\"https:\\\/\\\/www.youtube.com\\\/channel\\\/UCffmodDlQx81remXm395RWA\"],\"telephone\":[]}]}<\/script>\n<!-- \/ Yoast SEO Premium plugin. -->","yoast_head_json":{"title":"Rechtsanwaltskanzlei in Hamburg Berlin Bremen Hannover L\u00fcbeck","description":"Rechtsanwaltskanzlei f\u00fcr Arbeitsrecht, Arzthaftung, Mietrecht, Gewerbemietrecht ,Gastronomierecht, Immobilienrecht, Schadensersatz Yachtrecht","robots":{"index":"index","follow":"follow","max-snippet":"max-snippet:-1","max-image-preview":"max-image-preview:large","max-video-preview":"max-video-preview:-1"},"canonical":"https:\/\/www.kanzlei-steinwachs.de\/pl\/prawo-gastronomiczne\/","og_locale":"pl_PL","og_type":"article","og_title":"Rechtsanwaltskanzlei in Hamburg Berlin Bremen Hannover L\u00fcbeck","og_description":"Rechtsanwaltskanzlei f\u00fcr Arbeitsrecht, Arzthaftung, Mietrecht, Gewerbemietrecht ,Gastronomierecht, Immobilienrecht, Schadensersatz Yachtrecht","og_url":"https:\/\/www.kanzlei-steinwachs.de\/pl\/prawo-gastronomiczne\/","og_site_name":"Rechtsanwaltskanzlei Anwalt Hamburg Berlin Bremen Hannover L\u00fcbeck","article_publisher":"https:\/\/www.facebook.com\/STEINWACHSRechtsanwaltskanzlei\/","article_modified_time":"2023-10-23T05:22:33+00:00","twitter_card":"summary_large_image","twitter_site":"@rasteinwachs","twitter_misc":{"Szacowany czas czytania":"3 minuty"},"schema":{"@context":"https:\/\/schema.org","@graph":[{"@type":"WebPage","@id":"https:\/\/www.kanzlei-steinwachs.de\/pl\/prawo-gastronomiczne\/","url":"https:\/\/www.kanzlei-steinwachs.de\/pl\/prawo-gastronomiczne\/","name":"Rechtsanwaltskanzlei in Hamburg Berlin Bremen Hannover L\u00fcbeck","isPartOf":{"@id":"https:\/\/www.kanzlei-steinwachs.de\/pl\/#website"},"primaryImageOfPage":{"@id":"https:\/\/www.kanzlei-steinwachs.de\/pl\/prawo-gastronomiczne\/#primaryimage"},"image":{"@id":"https:\/\/www.kanzlei-steinwachs.de\/pl\/prawo-gastronomiczne\/#primaryimage"},"thumbnailUrl":"https:\/\/i0.wp.com\/www.kanzlei-steinwachs.de\/wp-content\/uploads\/2023\/12\/logo.webp?fit=174%2C76&quality=20&ssl=1","datePublished":"2023-09-22T11:20:27+00:00","dateModified":"2023-10-23T05:22:33+00:00","description":"Rechtsanwaltskanzlei f\u00fcr Arbeitsrecht, Arzthaftung, Mietrecht, Gewerbemietrecht ,Gastronomierecht, Immobilienrecht, Schadensersatz Yachtrecht","inLanguage":"pl-PL","potentialAction":[{"@type":"ReadAction","target":["https:\/\/www.kanzlei-steinwachs.de\/pl\/prawo-gastronomiczne\/"]}]},{"@type":"ImageObject","inLanguage":"pl-PL","@id":"https:\/\/www.kanzlei-steinwachs.de\/pl\/prawo-gastronomiczne\/#primaryimage","url":"https:\/\/i0.wp.com\/www.kanzlei-steinwachs.de\/wp-content\/uploads\/2023\/12\/logo.webp?fit=174%2C76&quality=20&ssl=1","contentUrl":"https:\/\/i0.wp.com\/www.kanzlei-steinwachs.de\/wp-content\/uploads\/2023\/12\/logo.webp?fit=174%2C76&quality=20&ssl=1","width":174,"height":76,"caption":"Kanzlei Steinwachs"},{"@type":"WebSite","@id":"https:\/\/www.kanzlei-steinwachs.de\/pl\/#website","url":"https:\/\/www.kanzlei-steinwachs.de\/pl\/","name":"Rechtsanwaltskanzlei Anwalt Hamburg Berlin Bremen Hannover L\u00fcbeck","description":"Wir leisten mehr als Recht bietet","publisher":{"@id":"https:\/\/www.kanzlei-steinwachs.de\/pl\/#organization"},"potentialAction":[{"@type":"SearchAction","target":{"@type":"EntryPoint","urlTemplate":"https:\/\/www.kanzlei-steinwachs.de\/pl\/?s={search_term_string}"},"query-input":{"@type":"PropertyValueSpecification","valueRequired":true,"valueName":"search_term_string"}}],"inLanguage":"pl-PL"},{"@type":["Organization","Place"],"@id":"https:\/\/www.kanzlei-steinwachs.de\/pl\/#organization","name":"Rechtsanwaltskanzlei Anwalt Hamburg Berlin Bremen Hannover L\u00fcbeck","url":"https:\/\/www.kanzlei-steinwachs.de\/","logo":{"@type":"ImageObject","inLanguage":"pl-PL","@id":"https:\/\/www.kanzlei-steinwachs.de\/pl\/#\/schema\/logo\/image\/","url":"https:\/\/i0.wp.com\/www.kanzlei-steinwachs.de\/wp-content\/uploads\/2023\/12\/logo.webp?fit=174%2C76&quality=80&ssl=1","contentUrl":"https:\/\/i0.wp.com\/www.kanzlei-steinwachs.de\/wp-content\/uploads\/2023\/12\/logo.webp?fit=174%2C76&quality=80&ssl=1","width":174,"height":76,"caption":"Rechtsanwaltskanzlei Anwalt Hamburg Berlin Bremen Hannover L\u00fcbeck"},"image":{"@id":"https:\/\/www.kanzlei-steinwachs.de\/pl\/#\/schema\/logo\/image\/"},"sameAs":["https:\/\/www.facebook.com\/STEINWACHSRechtsanwaltskanzlei\/","https:\/\/x.com\/rasteinwachs","https:\/\/www.instagram.com\/steinwachs_rechtsanwaelte\/","https:\/\/www.linkedin.com\/in\/stephan-steinwachs-7a270197\/","https:\/\/www.youtube.com\/channel\/UCffmodDlQx81remXm395RWA"],"telephone":[]}]}},"jetpack_sharing_enabled":true,"_links":{"self":[{"href":"https:\/\/www.kanzlei-steinwachs.de\/pl\/wp-json\/wp\/v2\/pages\/8629","targetHints":{"allow":["GET"]}}],"collection":[{"href":"https:\/\/www.kanzlei-steinwachs.de\/pl\/wp-json\/wp\/v2\/pages"}],"about":[{"href":"https:\/\/www.kanzlei-steinwachs.de\/pl\/wp-json\/wp\/v2\/types\/page"}],"author":[{"embeddable":true,"href":"https:\/\/www.kanzlei-steinwachs.de\/pl\/wp-json\/wp\/v2\/users\/1"}],"replies":[{"embeddable":true,"href":"https:\/\/www.kanzlei-steinwachs.de\/pl\/wp-json\/wp\/v2\/comments?post=8629"}],"version-history":[{"count":0,"href":"https:\/\/www.kanzlei-steinwachs.de\/pl\/wp-json\/wp\/v2\/pages\/8629\/revisions"}],"wp:featuredmedia":[{"embeddable":true,"href":"https:\/\/www.kanzlei-steinwachs.de\/pl\/wp-json\/wp\/v2\/media\/15784"}],"wp:attachment":[{"href":"https:\/\/www.kanzlei-steinwachs.de\/pl\/wp-json\/wp\/v2\/media?parent=8629"}],"curies":[{"name":"wp","href":"https:\/\/api.w.org\/{rel}","templated":true}]}}