{"id":8609,"date":"2023-09-22T12:49:02","date_gmt":"2023-09-22T10:49:02","guid":{"rendered":"https:\/\/www.kanzlei-steinwachs.de\/prawo-rodzinne\/"},"modified":"2023-10-23T06:53:48","modified_gmt":"2023-10-23T04:53:48","slug":"prawo-rodzinne","status":"publish","type":"page","link":"https:\/\/www.kanzlei-steinwachs.de\/pl\/prawo-rodzinne\/","title":{"rendered":"Prawo rodzinne"},"content":{"rendered":"<div class=\"wpb-content-wrapper\"><p>[vc_row triangle_shape=&#8221;no&#8221; css=&#8221;.vc_custom_1695380020352{padding-bottom: 20px !important;}&#8221;][vc_column][vc_column_text]Kolejnym kluczowym obszarem praktyki Kancelarii jest prawo rodzinne. Reprezentacja w prawie rodzinnym przez naszych prawnik\u00f3w obejmuje wszystkie dziedziny prawa rodzinnego. Posiadamy wieloletnie do\u015bwiadczenie w sprawach ma\u0142\u017ce\u0144skich i rodzinnych (szczeg\u00f3lnie) z powi\u0105zaniami zagranicznymi. Prawo rodzinne wymaga od prawnika zajmuj\u0105cego si\u0119 prawem rodzinnym posiadania nie tylko do\u015bwiadczenia i ch\u0119ci ci\u0105g\u0142ego dokszta\u0142cania si\u0119 w zakresie stale zmieniaj\u0105cego si\u0119 prawa rodzinnego, ale tak\u017ce wysokiego poziomu kompetencji spo\u0142ecznych.[\/vc_column_text][\/vc_column][\/vc_row][vc_row triangle_shape=&#8221;no&#8221; css=&#8221;.vc_custom_1695380025625{padding-bottom: 20px !important;}&#8221;][vc_column][vc_column_text]Pracujemy dla Ciebie w nast\u0119puj\u0105cych obszarach prawa rodzinnego: Rozwody<\/p>\n<ul>\n<li>Sporz\u0105dzanie i opiniowanie um\u00f3w ma\u0142\u017ce\u0144skich<\/li>\n<li>Umowy dotycz\u0105ce skutk\u00f3w separacji i rozwodu<\/li>\n<li>Alimenty w trakcie separacji \/ alimenty po rozwodzie<\/li>\n<li>Pomoc dzieciom<\/li>\n<li>Opieka i prawa dost\u0119pu<\/li>\n<li>Dom ma\u0142\u017ce\u0144ski\/efekty gospodarstwa domowego<\/li>\n<li>Wyr\u00f3wnanie poda\u017cy<\/li>\n<li>Zugewinnausgleich\/Verm\u00f6gensauseinandersetzung<\/li>\n<li>Mi\u0119dzynarodowe prawo rozwodowe<\/li>\n<li>\u015arodki zgodnie z ustaw\u0105 o ochronie przed przemoc\u0105<\/li>\n<li>\u015arodki zgodnie z ustaw\u0105 o ochronie przed przemoc\u0105<\/li>\n<li>Mediacja w prawie rodzinnym<\/li>\n<\/ul>\n<p>[\/vc_column_text][\/vc_column][\/vc_row][vc_row triangle_shape=&#8221;no&#8221; css=&#8221;.vc_custom_1695380071841{padding-bottom: 20px !important;}&#8221;][vc_column][vc_column_text]Opr\u00f3cz separacji i rozwodu, w wielu przypadkach warto zasi\u0119gn\u0105\u0107 porady z zakresu prawa rodzinnego jeszcze przed \u015blubem, aby m\u00f3c dok\u0142adnie zrozumie\u0107 skutki finansowe ma\u0142\u017ce\u0144stwa i dostosowa\u0107 je do w\u0142asnych potrzeb. Przedsi\u0119biorca powinien regularnie zawiera\u0107 umow\u0119 ma\u0142\u017ce\u0144sk\u0105 w celu zabezpieczenia biznesu.[\/vc_column_text][\/vc_column][\/vc_row][vc_row triangle_shape=&#8221;no&#8221; css=&#8221;.vc_custom_1695381284977{padding-bottom: 20px !important;}&#8221;][vc_column][vc_column_text]Cz\u0119sto konieczne jest szybkie dzia\u0142anie. Jest to szczeg\u00f3lnie prawdziwe, je\u015bli jeste\u015b pilnie zale\u017cny od p\u0142acenia aliment\u00f3w lub je\u015bli Twoje warunki mieszkaniowe wymagaj\u0105 pilnej zmiany ze wzgl\u0119du na trudno\u015bci. W takich przypadkach mo\u017cesz poprosi\u0107 o piln\u0105 wizyt\u0119 w sprawie prawa rodzinnego![\/vc_column_text][\/vc_column][\/vc_row][vc_row triangle_shape=&#8221;no&#8221; css=&#8221;.vc_custom_1695381348833{padding-bottom: 20px !important;}&#8221;][vc_column][vc_column_text]Pozw\u00f3l, aby nasi do\u015bwiadczeni prawnicy z zakresu prawa rodzinnego doradzili i reprezentowali Ci\u0119 w zakresie r\u00f3\u017cnorodnych mo\u017cliwych rozwi\u0105za\u0144 w prawie rodzinnym. Pole manewru i perspektywy na przysz\u0142o\u015b\u0107 pokazywane s\u0105 w doradztwie z zakresu prawa rodzinnego, a podczas reprezentacji s\u0105 rozwijane i zabezpieczane.[\/vc_column_text][\/vc_column][\/vc_row][vc_row triangle_shape=&#8221;no&#8221; css=&#8221;.vc_custom_1695381355689{padding-bottom: 20px !important;}&#8221;][vc_column][vc_column_text]Chcesz po prostu uzyska\u0107 wi\u0119cej og\u00f3lnych informacji na temat prawa rodzinnego?[\/vc_column_text][\/vc_column][\/vc_row][vc_row triangle_shape=&#8221;no&#8221; css=&#8221;.vc_custom_1695381431088{padding-bottom: 20px !important;}&#8221;][vc_column][vc_column_text]Obszerne informacje na ten temat znajdziesz na naszym blogu po\u015bwi\u0119conym prawu rodzinnemu.[\/vc_column_text][\/vc_column][\/vc_row][vc_row triangle_shape=&#8221;no&#8221; css=&#8221;.vc_custom_1695381424768{padding-bottom: 20px !important;}&#8221;][vc_column][vc_column_text]Odpowiedzialny za tre\u015b\u0107 strony Prawnik Prawo rodzinne Hamburg Berlin Brema: Prawnik Stephan Steinwachs (Prawnik Hamburg Berlin Brema)\u201d[\/vc_column_text][\/vc_column][\/vc_row]<\/p>\n<\/div>","protected":false},"excerpt":{"rendered":"<p>[vc_row triangle_shape=&#8221;no&#8221; css=&#8221;.vc_custom_1695380020352{padding-bottom: 20px !important;}&#8221;][vc_column][vc_column_text]Kolejnym kluczowym obszarem praktyki Kancelarii jest prawo rodzinne. Reprezentacja w prawie rodzinnym przez naszych prawnik\u00f3w obejmuje wszystkie dziedziny prawa rodzinnego. Posiadamy wieloletnie do\u015bwiadczenie w sprawach ma\u0142\u017ce\u0144skich i rodzinnych (szczeg\u00f3lnie) z powi\u0105zaniami zagranicznymi. Prawo rodzinne wymaga od prawnika zajmuj\u0105cego si\u0119 prawem rodzinnym posiadania nie tylko do\u015bwiadczenia i ch\u0119ci ci\u0105g\u0142ego dokszta\u0142cania si\u0119 w zakresie stale zmieniaj\u0105cego si\u0119 prawa rodzinnego, ale tak\u017ce wysokiego poziomu kompetencji spo\u0142ecznych.[\/vc_column_text][\/vc_column][\/vc_row][vc_row triangle_shape=&#8221;no&#8221; css=&#8221;.vc_custom_1695380025625{padding-bottom: 20px !important;}&#8221;][vc_column][vc_column_text]Pracujemy dla Ciebie w nast\u0119puj\u0105cych obszarach prawa rodzinnego: Rozwody Sporz\u0105dzanie i opiniowanie um\u00f3w ma\u0142\u017ce\u0144skich Umowy dotycz\u0105ce skutk\u00f3w separacji i rozwodu Alimenty w trakcie separacji \/ alimenty po rozwodzie Pomoc dzieciom&#8230;<\/p>\n","protected":false},"author":1,"featured_media":0,"parent":0,"menu_order":0,"comment_status":"closed","ping_status":"closed","template":"","meta":{"footnotes":""},"class_list":["post-8609","page","type-page","status-publish","hentry"],"yoast_head":"<!-- This site is optimized with the Yoast SEO Premium plugin v27.2 (Yoast SEO v27.6) - https:\/\/yoast.com\/product\/yoast-seo-premium-wordpress\/ -->\n<title>Rechtsanwaltskanzlei in Hamburg Berlin Bremen Hannover L\u00fcbeck<\/title>\n<meta name=\"description\" content=\"Rechtsanwaltskanzlei f\u00fcr Arbeitsrecht, Arzthaftung, Mietrecht, Gewerbemietrecht ,Gastronomierecht, Immobilienrecht, Schadensersatz Yachtrecht\" \/>\n<meta name=\"robots\" content=\"index, follow, max-snippet:-1, max-image-preview:large, max-video-preview:-1\" \/>\n<link rel=\"canonical\" href=\"https:\/\/www.kanzlei-steinwachs.de\/pl\/prawo-rodzinne\/\" \/>\n<meta property=\"og:locale\" content=\"pl_PL\" \/>\n<meta property=\"og:type\" content=\"article\" \/>\n<meta property=\"og:title\" content=\"Rechtsanwaltskanzlei in Hamburg Berlin Bremen Hannover L\u00fcbeck\" \/>\n<meta property=\"og:description\" content=\"Rechtsanwaltskanzlei f\u00fcr Arbeitsrecht, Arzthaftung, Mietrecht, Gewerbemietrecht ,Gastronomierecht, Immobilienrecht, Schadensersatz Yachtrecht\" \/>\n<meta property=\"og:url\" content=\"https:\/\/www.kanzlei-steinwachs.de\/pl\/prawo-rodzinne\/\" \/>\n<meta property=\"og:site_name\" content=\"Rechtsanwaltskanzlei Anwalt Hamburg Berlin Bremen Hannover L\u00fcbeck\" \/>\n<meta property=\"article:publisher\" content=\"https:\/\/www.facebook.com\/STEINWACHSRechtsanwaltskanzlei\/\" \/>\n<meta property=\"article:modified_time\" content=\"2023-10-23T04:53:48+00:00\" \/>\n<meta name=\"twitter:card\" content=\"summary_large_image\" \/>\n<meta name=\"twitter:site\" content=\"@rasteinwachs\" \/>\n<meta name=\"twitter:label1\" content=\"Szacowany czas czytania\" \/>\n\t<meta name=\"twitter:data1\" content=\"3 minuty\" \/>\n<script type=\"application\/ld+json\" class=\"yoast-schema-graph\">{\"@context\":\"https:\\\/\\\/schema.org\",\"@graph\":[{\"@type\":\"WebPage\",\"@id\":\"https:\\\/\\\/www.kanzlei-steinwachs.de\\\/pl\\\/prawo-rodzinne\\\/\",\"url\":\"https:\\\/\\\/www.kanzlei-steinwachs.de\\\/pl\\\/prawo-rodzinne\\\/\",\"name\":\"Rechtsanwaltskanzlei in Hamburg Berlin Bremen Hannover L\u00fcbeck\",\"isPartOf\":{\"@id\":\"https:\\\/\\\/www.kanzlei-steinwachs.de\\\/pl\\\/#website\"},\"datePublished\":\"2023-09-22T10:49:02+00:00\",\"dateModified\":\"2023-10-23T04:53:48+00:00\",\"description\":\"Rechtsanwaltskanzlei f\u00fcr Arbeitsrecht, Arzthaftung, Mietrecht, Gewerbemietrecht ,Gastronomierecht, Immobilienrecht, Schadensersatz Yachtrecht\",\"inLanguage\":\"pl-PL\",\"potentialAction\":[{\"@type\":\"ReadAction\",\"target\":[\"https:\\\/\\\/www.kanzlei-steinwachs.de\\\/pl\\\/prawo-rodzinne\\\/\"]}]},{\"@type\":\"WebSite\",\"@id\":\"https:\\\/\\\/www.kanzlei-steinwachs.de\\\/pl\\\/#website\",\"url\":\"https:\\\/\\\/www.kanzlei-steinwachs.de\\\/pl\\\/\",\"name\":\"Rechtsanwaltskanzlei Anwalt Hamburg Berlin Bremen Hannover L\u00fcbeck\",\"description\":\"Wir leisten mehr als Recht bietet\",\"publisher\":{\"@id\":\"https:\\\/\\\/www.kanzlei-steinwachs.de\\\/pl\\\/#organization\"},\"potentialAction\":[{\"@type\":\"SearchAction\",\"target\":{\"@type\":\"EntryPoint\",\"urlTemplate\":\"https:\\\/\\\/www.kanzlei-steinwachs.de\\\/pl\\\/?s={search_term_string}\"},\"query-input\":{\"@type\":\"PropertyValueSpecification\",\"valueRequired\":true,\"valueName\":\"search_term_string\"}}],\"inLanguage\":\"pl-PL\"},{\"@type\":[\"Organization\",\"Place\"],\"@id\":\"https:\\\/\\\/www.kanzlei-steinwachs.de\\\/pl\\\/#organization\",\"name\":\"Rechtsanwaltskanzlei Anwalt Hamburg Berlin Bremen Hannover L\u00fcbeck\",\"url\":\"https:\\\/\\\/www.kanzlei-steinwachs.de\\\/\",\"logo\":{\"@type\":\"ImageObject\",\"inLanguage\":\"pl-PL\",\"@id\":\"https:\\\/\\\/www.kanzlei-steinwachs.de\\\/pl\\\/#\\\/schema\\\/logo\\\/image\\\/\",\"url\":\"https:\\\/\\\/i0.wp.com\\\/www.kanzlei-steinwachs.de\\\/wp-content\\\/uploads\\\/2023\\\/12\\\/logo.webp?fit=174%2C76&quality=80&ssl=1\",\"contentUrl\":\"https:\\\/\\\/i0.wp.com\\\/www.kanzlei-steinwachs.de\\\/wp-content\\\/uploads\\\/2023\\\/12\\\/logo.webp?fit=174%2C76&quality=80&ssl=1\",\"width\":174,\"height\":76,\"caption\":\"Rechtsanwaltskanzlei Anwalt Hamburg Berlin Bremen Hannover L\u00fcbeck\"},\"image\":{\"@id\":\"https:\\\/\\\/www.kanzlei-steinwachs.de\\\/pl\\\/#\\\/schema\\\/logo\\\/image\\\/\"},\"sameAs\":[\"https:\\\/\\\/www.facebook.com\\\/STEINWACHSRechtsanwaltskanzlei\\\/\",\"https:\\\/\\\/x.com\\\/rasteinwachs\",\"https:\\\/\\\/www.instagram.com\\\/steinwachs_rechtsanwaelte\\\/\",\"https:\\\/\\\/www.linkedin.com\\\/in\\\/stephan-steinwachs-7a270197\\\/\",\"https:\\\/\\\/www.youtube.com\\\/channel\\\/UCffmodDlQx81remXm395RWA\"],\"telephone\":[]}]}<\/script>\n<!-- \/ Yoast SEO Premium plugin. -->","yoast_head_json":{"title":"Rechtsanwaltskanzlei in Hamburg Berlin Bremen Hannover L\u00fcbeck","description":"Rechtsanwaltskanzlei f\u00fcr Arbeitsrecht, Arzthaftung, Mietrecht, Gewerbemietrecht ,Gastronomierecht, Immobilienrecht, Schadensersatz Yachtrecht","robots":{"index":"index","follow":"follow","max-snippet":"max-snippet:-1","max-image-preview":"max-image-preview:large","max-video-preview":"max-video-preview:-1"},"canonical":"https:\/\/www.kanzlei-steinwachs.de\/pl\/prawo-rodzinne\/","og_locale":"pl_PL","og_type":"article","og_title":"Rechtsanwaltskanzlei in Hamburg Berlin Bremen Hannover L\u00fcbeck","og_description":"Rechtsanwaltskanzlei f\u00fcr Arbeitsrecht, Arzthaftung, Mietrecht, Gewerbemietrecht ,Gastronomierecht, Immobilienrecht, Schadensersatz Yachtrecht","og_url":"https:\/\/www.kanzlei-steinwachs.de\/pl\/prawo-rodzinne\/","og_site_name":"Rechtsanwaltskanzlei Anwalt Hamburg Berlin Bremen Hannover L\u00fcbeck","article_publisher":"https:\/\/www.facebook.com\/STEINWACHSRechtsanwaltskanzlei\/","article_modified_time":"2023-10-23T04:53:48+00:00","twitter_card":"summary_large_image","twitter_site":"@rasteinwachs","twitter_misc":{"Szacowany czas czytania":"3 minuty"},"schema":{"@context":"https:\/\/schema.org","@graph":[{"@type":"WebPage","@id":"https:\/\/www.kanzlei-steinwachs.de\/pl\/prawo-rodzinne\/","url":"https:\/\/www.kanzlei-steinwachs.de\/pl\/prawo-rodzinne\/","name":"Rechtsanwaltskanzlei in Hamburg Berlin Bremen Hannover L\u00fcbeck","isPartOf":{"@id":"https:\/\/www.kanzlei-steinwachs.de\/pl\/#website"},"datePublished":"2023-09-22T10:49:02+00:00","dateModified":"2023-10-23T04:53:48+00:00","description":"Rechtsanwaltskanzlei f\u00fcr Arbeitsrecht, Arzthaftung, Mietrecht, Gewerbemietrecht ,Gastronomierecht, Immobilienrecht, Schadensersatz Yachtrecht","inLanguage":"pl-PL","potentialAction":[{"@type":"ReadAction","target":["https:\/\/www.kanzlei-steinwachs.de\/pl\/prawo-rodzinne\/"]}]},{"@type":"WebSite","@id":"https:\/\/www.kanzlei-steinwachs.de\/pl\/#website","url":"https:\/\/www.kanzlei-steinwachs.de\/pl\/","name":"Rechtsanwaltskanzlei Anwalt Hamburg Berlin Bremen Hannover L\u00fcbeck","description":"Wir leisten mehr als Recht bietet","publisher":{"@id":"https:\/\/www.kanzlei-steinwachs.de\/pl\/#organization"},"potentialAction":[{"@type":"SearchAction","target":{"@type":"EntryPoint","urlTemplate":"https:\/\/www.kanzlei-steinwachs.de\/pl\/?s={search_term_string}"},"query-input":{"@type":"PropertyValueSpecification","valueRequired":true,"valueName":"search_term_string"}}],"inLanguage":"pl-PL"},{"@type":["Organization","Place"],"@id":"https:\/\/www.kanzlei-steinwachs.de\/pl\/#organization","name":"Rechtsanwaltskanzlei Anwalt Hamburg Berlin Bremen Hannover L\u00fcbeck","url":"https:\/\/www.kanzlei-steinwachs.de\/","logo":{"@type":"ImageObject","inLanguage":"pl-PL","@id":"https:\/\/www.kanzlei-steinwachs.de\/pl\/#\/schema\/logo\/image\/","url":"https:\/\/i0.wp.com\/www.kanzlei-steinwachs.de\/wp-content\/uploads\/2023\/12\/logo.webp?fit=174%2C76&quality=80&ssl=1","contentUrl":"https:\/\/i0.wp.com\/www.kanzlei-steinwachs.de\/wp-content\/uploads\/2023\/12\/logo.webp?fit=174%2C76&quality=80&ssl=1","width":174,"height":76,"caption":"Rechtsanwaltskanzlei Anwalt Hamburg Berlin Bremen Hannover L\u00fcbeck"},"image":{"@id":"https:\/\/www.kanzlei-steinwachs.de\/pl\/#\/schema\/logo\/image\/"},"sameAs":["https:\/\/www.facebook.com\/STEINWACHSRechtsanwaltskanzlei\/","https:\/\/x.com\/rasteinwachs","https:\/\/www.instagram.com\/steinwachs_rechtsanwaelte\/","https:\/\/www.linkedin.com\/in\/stephan-steinwachs-7a270197\/","https:\/\/www.youtube.com\/channel\/UCffmodDlQx81remXm395RWA"],"telephone":[]}]}},"jetpack_sharing_enabled":true,"_links":{"self":[{"href":"https:\/\/www.kanzlei-steinwachs.de\/pl\/wp-json\/wp\/v2\/pages\/8609","targetHints":{"allow":["GET"]}}],"collection":[{"href":"https:\/\/www.kanzlei-steinwachs.de\/pl\/wp-json\/wp\/v2\/pages"}],"about":[{"href":"https:\/\/www.kanzlei-steinwachs.de\/pl\/wp-json\/wp\/v2\/types\/page"}],"author":[{"embeddable":true,"href":"https:\/\/www.kanzlei-steinwachs.de\/pl\/wp-json\/wp\/v2\/users\/1"}],"replies":[{"embeddable":true,"href":"https:\/\/www.kanzlei-steinwachs.de\/pl\/wp-json\/wp\/v2\/comments?post=8609"}],"version-history":[{"count":0,"href":"https:\/\/www.kanzlei-steinwachs.de\/pl\/wp-json\/wp\/v2\/pages\/8609\/revisions"}],"wp:attachment":[{"href":"https:\/\/www.kanzlei-steinwachs.de\/pl\/wp-json\/wp\/v2\/media?parent=8609"}],"curies":[{"name":"wp","href":"https:\/\/api.w.org\/{rel}","templated":true}]}}