{"id":8600,"date":"2023-09-22T12:26:23","date_gmt":"2023-09-22T10:26:23","guid":{"rendered":"https:\/\/www.kanzlei-steinwachs.de\/prawo-dziedziczenia\/"},"modified":"2023-10-23T06:36:55","modified_gmt":"2023-10-23T04:36:55","slug":"prawo-dziedziczenia","status":"publish","type":"page","link":"https:\/\/www.kanzlei-steinwachs.de\/pl\/prawo-dziedziczenia\/","title":{"rendered":"Prawo dziedziczenia"},"content":{"rendered":"<div class=\"wpb-content-wrapper\"><p>[vc_row triangle_shape=&#8221;no&#8221; css=&#8221;.vc_custom_1695378857848{padding-bottom: 20px !important;}&#8221;][vc_column][vc_column_text]Podobnie jak prawo rodzinne, prawo spadkowe cz\u0119sto charakteryzuje si\u0119 prawnie wymagaj\u0105cymi sporami. G\u0142\u00f3wnym powodem jest tu prawna definicja spadku jako sukcesji uniwersalnej i istnienia r\u0119ki wsp\u00f3lnej w przypadku kilku spadkobierc\u00f3w. Dlatego te\u017c po smutnej wiadomo\u015bci o stracie bliskiej osoby cz\u0119sto nast\u0119puj\u0105 jeszcze bardziej stresuj\u0105ce spory prawne o spadek, kt\u00f3re cz\u0119sto wci\u0105gaj\u0105 bliskich w spory i tym samym prowadz\u0105 do znacznego stresu lub do ich rozstania. Prawo spadkowe wymaga od prawnika zajmuj\u0105cego si\u0119 prawem spadkowym posiadania nie tylko do\u015bwiadczenia i ch\u0119ci ci\u0105g\u0142ego dokszta\u0142cania si\u0119 w zakresie stale zmieniaj\u0105cego si\u0119 prawa spadkowego, ale tak\u017ce wysokiego poziomu kompetencji spo\u0142ecznych.[\/vc_column_text][\/vc_column][\/vc_row][vc_row triangle_shape=&#8221;no&#8221; css=&#8221;.vc_custom_1695378852568{padding-bottom: 20px !important;}&#8221;][vc_column][vc_column_text]W zawi\u0142ej dziedzinie prawa spadkowego zdecydowanie zaleca si\u0119 porad\u0119 prawnika specjalizuj\u0105cego si\u0119 w prawie spadkowym, je\u015bli chcesz unikn\u0105\u0107 czasami bardzo drastycznych niedogodno\u015bci. Dzieje si\u0119 tak g\u0142\u00f3wnie dlatego, \u017ce w prawie spadkowym nadal istniej\u0105 zasadniczo b\u0142\u0119dne przekonania, na przyk\u0142ad, \u017ce d\u0142ugi spadkodawcy nie podlegaj\u0105 dziedziczeniu lub \u017ce mo\u017cna je p\u00f3\u017aniej \u0142atwo usun\u0105\u0107 ze spadku. Kolejnym przedmiotem, kt\u00f3ry cz\u0119sto nie jest uznawany, jest istnienie wsp\u00f3\u0142w\u0142asno\u015bci kilku spadkobierc\u00f3w, w ramach kt\u00f3rej prawnie zastrze\u017cono, \u017ce spadkiem nie mo\u017cna rozporz\u0105dza\u0107 indywidualnie, lecz jedynie ca\u0142o\u015bci\u0105 (za zgod\u0105 wszystkich spadkobierc\u00f3w). Prowadzi to ju\u017c do znacznych r\u00f3\u017cnic w obszarze prawa prywatnego \u2013 w przypadku sukcesji sp\u00f3\u0142ek szybko w gr\u0119 wchodzi bardzo znacz\u0105ca suma pieni\u0119dzy, \u015brodki do \u017cycia, a co nie mniej wa\u017cne, dorobek \u017cycia spadkodawcy.[\/vc_column_text][\/vc_column][\/vc_row][vc_row triangle_shape=&#8221;no&#8221; css=&#8221;.vc_custom_1695378841440{padding-bottom: 20px !important;}&#8221;][vc_column][vc_column_text]To sprawia, \u017ce \u200b\u200bzrozumienie i ukierunkowane porady s\u0105 tym wa\u017cniejsze. Zlecaj\u0105c Kancelari\u0119 Prawn\u0105 STEINWACHS, mog\u0105 Pa\u0144stwo mie\u0107 pewno\u015b\u0107, \u017ce Pa\u0144stwa cele zostan\u0105 zrealizowane z niezb\u0119dn\u0105 wra\u017cliwo\u015bci\u0105 i w najszerszym zakresie przez prawnika posiadaj\u0105cego do\u015bwiadczenie w prawie spadkowym.[\/vc_column_text][\/vc_column][\/vc_row][vc_row triangle_shape=&#8221;no&#8221; css=&#8221;.vc_custom_1695378835272{padding-bottom: 20px !important;}&#8221;][vc_column][vc_column_text]Nasi prawnicy b\u0119d\u0105 pracowa\u0107 dla Ciebie w nast\u0119puj\u0105cych obszarach prawa spadkowego:<\/p>\n<ul>\n<li>Testament i umowa dziedziczenia<\/li>\n<li>Pe\u0142nomocnictwo<\/li>\n<li>Wola \u017cycia<\/li>\n<li>Przewidywana sukcesja<\/li>\n<li>Sukcesja biznesowa<\/li>\n<li>Podatek od spadk\u00f3w i darowizn<\/li>\n<li>Obowi\u0105zkowa cz\u0119\u015b\u0107 prawa<\/li>\n<li>Wsp\u00f3lnota spadkobierc\u00f3w<\/li>\n<li>Procedura dziedziczenia<\/li>\n<li>Wykonanie testamentu<\/li>\n<li>Mi\u0119dzynarodowe prawo spadkowe<\/li>\n<li>Prawo dziedziczenia rolnego<\/li>\n<li>Prawo fundacyjne<\/li>\n<\/ul>\n<p>[\/vc_column_text][\/vc_column][\/vc_row][vc_row triangle_shape=&#8221;no&#8221; css=&#8221;.vc_custom_1695378827464{padding-bottom: 20px !important;}&#8221;][vc_column][vc_column_text]Odpowiedzialny za tre\u015b\u0107 strony Prawnik Prawo spadkowe Hamburg Berlin Brema: Prawnik Stephan Steinwachs (Prawnik Hamburg Berlin Brema)[\/vc_column_text][\/vc_column][\/vc_row]<\/p>\n<\/div>","protected":false},"excerpt":{"rendered":"<p>[vc_row triangle_shape=&#8221;no&#8221; css=&#8221;.vc_custom_1695378857848{padding-bottom: 20px !important;}&#8221;][vc_column][vc_column_text]Podobnie jak prawo rodzinne, prawo spadkowe cz\u0119sto charakteryzuje si\u0119 prawnie wymagaj\u0105cymi sporami. G\u0142\u00f3wnym powodem jest tu prawna definicja spadku jako sukcesji uniwersalnej i istnienia r\u0119ki wsp\u00f3lnej w przypadku kilku spadkobierc\u00f3w. Dlatego te\u017c po smutnej wiadomo\u015bci o stracie bliskiej osoby cz\u0119sto nast\u0119puj\u0105 jeszcze bardziej stresuj\u0105ce spory prawne o spadek, kt\u00f3re cz\u0119sto wci\u0105gaj\u0105 bliskich w spory i tym samym prowadz\u0105 do znacznego stresu lub do ich rozstania. Prawo spadkowe wymaga od prawnika zajmuj\u0105cego si\u0119 prawem spadkowym posiadania nie tylko do\u015bwiadczenia i ch\u0119ci ci\u0105g\u0142ego dokszta\u0142cania si\u0119 w zakresie stale zmieniaj\u0105cego si\u0119 prawa spadkowego, ale tak\u017ce wysokiego poziomu kompetencji spo\u0142ecznych.[\/vc_column_text][\/vc_column][\/vc_row][vc_row&#8230;<\/p>\n","protected":false},"author":1,"featured_media":5960,"parent":0,"menu_order":0,"comment_status":"closed","ping_status":"closed","template":"","meta":{"footnotes":""},"class_list":["post-8600","page","type-page","status-publish","has-post-thumbnail","hentry"],"yoast_head":"<!-- This site is optimized with the Yoast SEO Premium plugin v27.2 (Yoast SEO v27.5) - https:\/\/yoast.com\/product\/yoast-seo-premium-wordpress\/ -->\n<title>Rechtsanwaltskanzlei in Hamburg Berlin Bremen Hannover L\u00fcbeck<\/title>\n<meta name=\"description\" content=\"Rechtsanwaltskanzlei f\u00fcr Arbeitsrecht, Arzthaftung, Mietrecht, Gewerbemietrecht ,Gastronomierecht, Immobilienrecht, Schadensersatz Yachtrecht\" \/>\n<meta name=\"robots\" content=\"index, follow, max-snippet:-1, max-image-preview:large, max-video-preview:-1\" \/>\n<link rel=\"canonical\" href=\"https:\/\/www.kanzlei-steinwachs.de\/pl\/prawo-dziedziczenia\/\" \/>\n<meta property=\"og:locale\" content=\"pl_PL\" \/>\n<meta property=\"og:type\" content=\"article\" \/>\n<meta property=\"og:title\" content=\"Rechtsanwaltskanzlei in Hamburg Berlin Bremen Hannover L\u00fcbeck\" \/>\n<meta property=\"og:description\" content=\"Rechtsanwaltskanzlei f\u00fcr Arbeitsrecht, Arzthaftung, Mietrecht, Gewerbemietrecht ,Gastronomierecht, Immobilienrecht, Schadensersatz Yachtrecht\" \/>\n<meta property=\"og:url\" content=\"https:\/\/www.kanzlei-steinwachs.de\/pl\/prawo-dziedziczenia\/\" \/>\n<meta property=\"og:site_name\" content=\"Rechtsanwaltskanzlei Anwalt Hamburg Berlin Bremen Hannover L\u00fcbeck\" \/>\n<meta property=\"article:publisher\" content=\"https:\/\/www.facebook.com\/STEINWACHSRechtsanwaltskanzlei\/\" \/>\n<meta property=\"article:modified_time\" content=\"2023-10-23T04:36:55+00:00\" \/>\n<meta name=\"twitter:card\" content=\"summary_large_image\" \/>\n<meta name=\"twitter:site\" content=\"@rasteinwachs\" \/>\n<meta name=\"twitter:label1\" content=\"Szacowany czas czytania\" \/>\n\t<meta name=\"twitter:data1\" content=\"2 minuty\" \/>\n<script type=\"application\/ld+json\" class=\"yoast-schema-graph\">{\"@context\":\"https:\\\/\\\/schema.org\",\"@graph\":[{\"@type\":\"WebPage\",\"@id\":\"https:\\\/\\\/www.kanzlei-steinwachs.de\\\/pl\\\/prawo-dziedziczenia\\\/\",\"url\":\"https:\\\/\\\/www.kanzlei-steinwachs.de\\\/pl\\\/prawo-dziedziczenia\\\/\",\"name\":\"Rechtsanwaltskanzlei in Hamburg Berlin Bremen Hannover L\u00fcbeck\",\"isPartOf\":{\"@id\":\"https:\\\/\\\/www.kanzlei-steinwachs.de\\\/pl\\\/#website\"},\"primaryImageOfPage\":{\"@id\":\"https:\\\/\\\/www.kanzlei-steinwachs.de\\\/pl\\\/prawo-dziedziczenia\\\/#primaryimage\"},\"image\":{\"@id\":\"https:\\\/\\\/www.kanzlei-steinwachs.de\\\/pl\\\/prawo-dziedziczenia\\\/#primaryimage\"},\"thumbnailUrl\":\"https:\\\/\\\/i0.wp.com\\\/www.kanzlei-steinwachs.de\\\/wp-content\\\/uploads\\\/2023\\\/10\\\/businessman-businesswoman-sitting-front-manager-workplace.jpg?fit=1000%2C667&quality=20&ssl=1\",\"datePublished\":\"2023-09-22T10:26:23+00:00\",\"dateModified\":\"2023-10-23T04:36:55+00:00\",\"description\":\"Rechtsanwaltskanzlei f\u00fcr Arbeitsrecht, Arzthaftung, Mietrecht, Gewerbemietrecht ,Gastronomierecht, Immobilienrecht, Schadensersatz Yachtrecht\",\"inLanguage\":\"pl-PL\",\"potentialAction\":[{\"@type\":\"ReadAction\",\"target\":[\"https:\\\/\\\/www.kanzlei-steinwachs.de\\\/pl\\\/prawo-dziedziczenia\\\/\"]}]},{\"@type\":\"ImageObject\",\"inLanguage\":\"pl-PL\",\"@id\":\"https:\\\/\\\/www.kanzlei-steinwachs.de\\\/pl\\\/prawo-dziedziczenia\\\/#primaryimage\",\"url\":\"https:\\\/\\\/i0.wp.com\\\/www.kanzlei-steinwachs.de\\\/wp-content\\\/uploads\\\/2023\\\/10\\\/businessman-businesswoman-sitting-front-manager-workplace.jpg?fit=1000%2C667&quality=20&ssl=1\",\"contentUrl\":\"https:\\\/\\\/i0.wp.com\\\/www.kanzlei-steinwachs.de\\\/wp-content\\\/uploads\\\/2023\\\/10\\\/businessman-businesswoman-sitting-front-manager-workplace.jpg?fit=1000%2C667&quality=20&ssl=1\",\"width\":1000,\"height\":667},{\"@type\":\"WebSite\",\"@id\":\"https:\\\/\\\/www.kanzlei-steinwachs.de\\\/pl\\\/#website\",\"url\":\"https:\\\/\\\/www.kanzlei-steinwachs.de\\\/pl\\\/\",\"name\":\"Rechtsanwaltskanzlei Anwalt Hamburg Berlin Bremen Hannover L\u00fcbeck\",\"description\":\"Wir leisten mehr als Recht bietet\",\"publisher\":{\"@id\":\"https:\\\/\\\/www.kanzlei-steinwachs.de\\\/pl\\\/#organization\"},\"potentialAction\":[{\"@type\":\"SearchAction\",\"target\":{\"@type\":\"EntryPoint\",\"urlTemplate\":\"https:\\\/\\\/www.kanzlei-steinwachs.de\\\/pl\\\/?s={search_term_string}\"},\"query-input\":{\"@type\":\"PropertyValueSpecification\",\"valueRequired\":true,\"valueName\":\"search_term_string\"}}],\"inLanguage\":\"pl-PL\"},{\"@type\":[\"Organization\",\"Place\"],\"@id\":\"https:\\\/\\\/www.kanzlei-steinwachs.de\\\/pl\\\/#organization\",\"name\":\"Rechtsanwaltskanzlei Anwalt Hamburg Berlin Bremen Hannover L\u00fcbeck\",\"url\":\"https:\\\/\\\/www.kanzlei-steinwachs.de\\\/\",\"logo\":{\"@type\":\"ImageObject\",\"inLanguage\":\"pl-PL\",\"@id\":\"https:\\\/\\\/www.kanzlei-steinwachs.de\\\/pl\\\/#\\\/schema\\\/logo\\\/image\\\/\",\"url\":\"https:\\\/\\\/i0.wp.com\\\/www.kanzlei-steinwachs.de\\\/wp-content\\\/uploads\\\/2023\\\/12\\\/logo.webp?fit=174%2C76&quality=80&ssl=1\",\"contentUrl\":\"https:\\\/\\\/i0.wp.com\\\/www.kanzlei-steinwachs.de\\\/wp-content\\\/uploads\\\/2023\\\/12\\\/logo.webp?fit=174%2C76&quality=80&ssl=1\",\"width\":174,\"height\":76,\"caption\":\"Rechtsanwaltskanzlei Anwalt Hamburg Berlin Bremen Hannover L\u00fcbeck\"},\"image\":{\"@id\":\"https:\\\/\\\/www.kanzlei-steinwachs.de\\\/pl\\\/#\\\/schema\\\/logo\\\/image\\\/\"},\"sameAs\":[\"https:\\\/\\\/www.facebook.com\\\/STEINWACHSRechtsanwaltskanzlei\\\/\",\"https:\\\/\\\/x.com\\\/rasteinwachs\",\"https:\\\/\\\/www.instagram.com\\\/steinwachs_rechtsanwaelte\\\/\",\"https:\\\/\\\/www.linkedin.com\\\/in\\\/stephan-steinwachs-7a270197\\\/\",\"https:\\\/\\\/www.youtube.com\\\/channel\\\/UCffmodDlQx81remXm395RWA\"],\"telephone\":[]}]}<\/script>\n<!-- \/ Yoast SEO Premium plugin. -->","yoast_head_json":{"title":"Rechtsanwaltskanzlei in Hamburg Berlin Bremen Hannover L\u00fcbeck","description":"Rechtsanwaltskanzlei f\u00fcr Arbeitsrecht, Arzthaftung, Mietrecht, Gewerbemietrecht ,Gastronomierecht, Immobilienrecht, Schadensersatz Yachtrecht","robots":{"index":"index","follow":"follow","max-snippet":"max-snippet:-1","max-image-preview":"max-image-preview:large","max-video-preview":"max-video-preview:-1"},"canonical":"https:\/\/www.kanzlei-steinwachs.de\/pl\/prawo-dziedziczenia\/","og_locale":"pl_PL","og_type":"article","og_title":"Rechtsanwaltskanzlei in Hamburg Berlin Bremen Hannover L\u00fcbeck","og_description":"Rechtsanwaltskanzlei f\u00fcr Arbeitsrecht, Arzthaftung, Mietrecht, Gewerbemietrecht ,Gastronomierecht, Immobilienrecht, Schadensersatz Yachtrecht","og_url":"https:\/\/www.kanzlei-steinwachs.de\/pl\/prawo-dziedziczenia\/","og_site_name":"Rechtsanwaltskanzlei Anwalt Hamburg Berlin Bremen Hannover L\u00fcbeck","article_publisher":"https:\/\/www.facebook.com\/STEINWACHSRechtsanwaltskanzlei\/","article_modified_time":"2023-10-23T04:36:55+00:00","twitter_card":"summary_large_image","twitter_site":"@rasteinwachs","twitter_misc":{"Szacowany czas czytania":"2 minuty"},"schema":{"@context":"https:\/\/schema.org","@graph":[{"@type":"WebPage","@id":"https:\/\/www.kanzlei-steinwachs.de\/pl\/prawo-dziedziczenia\/","url":"https:\/\/www.kanzlei-steinwachs.de\/pl\/prawo-dziedziczenia\/","name":"Rechtsanwaltskanzlei in Hamburg Berlin Bremen Hannover L\u00fcbeck","isPartOf":{"@id":"https:\/\/www.kanzlei-steinwachs.de\/pl\/#website"},"primaryImageOfPage":{"@id":"https:\/\/www.kanzlei-steinwachs.de\/pl\/prawo-dziedziczenia\/#primaryimage"},"image":{"@id":"https:\/\/www.kanzlei-steinwachs.de\/pl\/prawo-dziedziczenia\/#primaryimage"},"thumbnailUrl":"https:\/\/i0.wp.com\/www.kanzlei-steinwachs.de\/wp-content\/uploads\/2023\/10\/businessman-businesswoman-sitting-front-manager-workplace.jpg?fit=1000%2C667&quality=20&ssl=1","datePublished":"2023-09-22T10:26:23+00:00","dateModified":"2023-10-23T04:36:55+00:00","description":"Rechtsanwaltskanzlei f\u00fcr Arbeitsrecht, Arzthaftung, Mietrecht, Gewerbemietrecht ,Gastronomierecht, Immobilienrecht, Schadensersatz Yachtrecht","inLanguage":"pl-PL","potentialAction":[{"@type":"ReadAction","target":["https:\/\/www.kanzlei-steinwachs.de\/pl\/prawo-dziedziczenia\/"]}]},{"@type":"ImageObject","inLanguage":"pl-PL","@id":"https:\/\/www.kanzlei-steinwachs.de\/pl\/prawo-dziedziczenia\/#primaryimage","url":"https:\/\/i0.wp.com\/www.kanzlei-steinwachs.de\/wp-content\/uploads\/2023\/10\/businessman-businesswoman-sitting-front-manager-workplace.jpg?fit=1000%2C667&quality=20&ssl=1","contentUrl":"https:\/\/i0.wp.com\/www.kanzlei-steinwachs.de\/wp-content\/uploads\/2023\/10\/businessman-businesswoman-sitting-front-manager-workplace.jpg?fit=1000%2C667&quality=20&ssl=1","width":1000,"height":667},{"@type":"WebSite","@id":"https:\/\/www.kanzlei-steinwachs.de\/pl\/#website","url":"https:\/\/www.kanzlei-steinwachs.de\/pl\/","name":"Rechtsanwaltskanzlei Anwalt Hamburg Berlin Bremen Hannover L\u00fcbeck","description":"Wir leisten mehr als Recht bietet","publisher":{"@id":"https:\/\/www.kanzlei-steinwachs.de\/pl\/#organization"},"potentialAction":[{"@type":"SearchAction","target":{"@type":"EntryPoint","urlTemplate":"https:\/\/www.kanzlei-steinwachs.de\/pl\/?s={search_term_string}"},"query-input":{"@type":"PropertyValueSpecification","valueRequired":true,"valueName":"search_term_string"}}],"inLanguage":"pl-PL"},{"@type":["Organization","Place"],"@id":"https:\/\/www.kanzlei-steinwachs.de\/pl\/#organization","name":"Rechtsanwaltskanzlei Anwalt Hamburg Berlin Bremen Hannover L\u00fcbeck","url":"https:\/\/www.kanzlei-steinwachs.de\/","logo":{"@type":"ImageObject","inLanguage":"pl-PL","@id":"https:\/\/www.kanzlei-steinwachs.de\/pl\/#\/schema\/logo\/image\/","url":"https:\/\/i0.wp.com\/www.kanzlei-steinwachs.de\/wp-content\/uploads\/2023\/12\/logo.webp?fit=174%2C76&quality=80&ssl=1","contentUrl":"https:\/\/i0.wp.com\/www.kanzlei-steinwachs.de\/wp-content\/uploads\/2023\/12\/logo.webp?fit=174%2C76&quality=80&ssl=1","width":174,"height":76,"caption":"Rechtsanwaltskanzlei Anwalt Hamburg Berlin Bremen Hannover L\u00fcbeck"},"image":{"@id":"https:\/\/www.kanzlei-steinwachs.de\/pl\/#\/schema\/logo\/image\/"},"sameAs":["https:\/\/www.facebook.com\/STEINWACHSRechtsanwaltskanzlei\/","https:\/\/x.com\/rasteinwachs","https:\/\/www.instagram.com\/steinwachs_rechtsanwaelte\/","https:\/\/www.linkedin.com\/in\/stephan-steinwachs-7a270197\/","https:\/\/www.youtube.com\/channel\/UCffmodDlQx81remXm395RWA"],"telephone":[]}]}},"jetpack_sharing_enabled":true,"_links":{"self":[{"href":"https:\/\/www.kanzlei-steinwachs.de\/pl\/wp-json\/wp\/v2\/pages\/8600","targetHints":{"allow":["GET"]}}],"collection":[{"href":"https:\/\/www.kanzlei-steinwachs.de\/pl\/wp-json\/wp\/v2\/pages"}],"about":[{"href":"https:\/\/www.kanzlei-steinwachs.de\/pl\/wp-json\/wp\/v2\/types\/page"}],"author":[{"embeddable":true,"href":"https:\/\/www.kanzlei-steinwachs.de\/pl\/wp-json\/wp\/v2\/users\/1"}],"replies":[{"embeddable":true,"href":"https:\/\/www.kanzlei-steinwachs.de\/pl\/wp-json\/wp\/v2\/comments?post=8600"}],"version-history":[{"count":0,"href":"https:\/\/www.kanzlei-steinwachs.de\/pl\/wp-json\/wp\/v2\/pages\/8600\/revisions"}],"wp:featuredmedia":[{"embeddable":true,"href":"https:\/\/www.kanzlei-steinwachs.de\/pl\/wp-json\/wp\/v2\/media\/5960"}],"wp:attachment":[{"href":"https:\/\/www.kanzlei-steinwachs.de\/pl\/wp-json\/wp\/v2\/media?parent=8600"}],"curies":[{"name":"wp","href":"https:\/\/api.w.org\/{rel}","templated":true}]}}