{"id":8590,"date":"2023-10-18T11:43:16","date_gmt":"2023-10-18T09:43:16","guid":{"rendered":"https:\/\/www.kanzlei-steinwachs.de\/wladze\/"},"modified":"2023-10-24T06:26:57","modified_gmt":"2023-10-24T04:26:57","slug":"wladze","status":"publish","type":"page","link":"https:\/\/www.kanzlei-steinwachs.de\/pl\/wladze\/","title":{"rendered":"W\u0142adze"},"content":{"rendered":"<div class=\"wpb-content-wrapper\"><p>[vc_row content_width=&#8221;grid&#8221; content_aligment=&#8221;center&#8221; triangle_shape=&#8221;no&#8221; css=&#8221;.vc_custom_1696926719838{padding-bottom: 10px !important;background-position: center !important;background-repeat: no-repeat !important;background-size: cover !important;}&#8221;][vc_column]<div class=\"mkd-separator-holder clearfix  mkd-separator-center mkd-separator-with-icon mkd-animate\" style=\"margin-top: 20px; margin-bottom: 30px\">\n\t<div class=\"mkd-separator\" style=\"border-color: #c18f59;border-style: solid;width: 97.5px\"><\/div>\n\t\t<div class=\"mkd-separator-icon\">\n\t\t\t                    \t\t\t\t\t\t<\/div>\n\t<div class=\"mkd-separator\" style=\"border-color: #c18f59;border-style: solid;width: 97.5px\"><\/div>\n<\/div>\n[\/vc_column][\/vc_row][vc_row triangle_shape=&#8221;no&#8221; css=&#8221;.vc_custom_1697623054550{padding-bottom: 50px !important;}&#8221;][vc_column][vc_column_text css=&#8221;.vc_custom_1697623193495{padding-top: 10px !important;}&#8221;]<\/p>\n<table class=\" alignleft\" border=\"0\" width=\"1537\" cellspacing=\"0\" cellpadding=\"0\">\n<tbody>\n<tr>\n<td valign=\"top\">Prezydent Federalny<\/td>\n<td valign=\"top\"><a href=\"http:\/\/www.bundespraesident.de\/\" target=\"_blank\" rel=\"noopener\">www.bundespraesident.de<\/a><\/td>\n<td valign=\"top\">Informacje przekazane przez Prezydenta Federalnego<\/td>\n<\/tr>\n<tr>\n<td valign=\"top\">Kanclerz<\/td>\n<td valign=\"top\"><a href=\"http:\/\/www.bundeskanzlerin.de\/\" target=\"_blank\" rel=\"noopener\">www.bundeskanzlerin.de<\/a><\/td>\n<td valign=\"top\">Kanclerz<\/td>\n<\/tr>\n<tr>\n<td valign=\"top\">Rz\u0105d federalny<\/td>\n<td valign=\"top\"><a href=\"http:\/\/www.bundesregierung.de\/\" target=\"_blank\" rel=\"noopener\">www.bundesregierung.de<\/a><\/td>\n<td valign=\"top\">Oferta Federalnego Biura Prasowego i Informacyjnego Rz\u0105du (BPA)<\/td>\n<\/tr>\n<tr>\n<td valign=\"top\">Administracja federalna<\/td>\n<td valign=\"top\"><a href=\"http:\/\/www.bund.de\/\" target=\"_blank\" rel=\"noopener\">www.bund.de<\/a><\/td>\n<td valign=\"top\">Oferty pracy, og\u0142oszenia i nieruchomo\u015bci, urz\u0119dy i instytucje oraz oferty us\u0142ug federalnych.<\/td>\n<\/tr>\n<tr>\n<td valign=\"top\">Rada Federalna<\/td>\n<td valign=\"top\"><a href=\"http:\/\/www.bundesrat.de\/\" target=\"_blank\" rel=\"noopener\">www.bundesrat.de<\/a><\/td>\n<td valign=\"top\">Informacje dostarczane przez Rad\u0119 Federaln\u0105, w tym daty i komunikaty prasowe<\/td>\n<\/tr>\n<tr>\n<td valign=\"top\">Federalny Trybuna\u0142 Konstytucyjny<\/td>\n<td valign=\"top\"><a href=\"http:\/\/www.bundesverfassungsgericht.de\/\" target=\"_blank\" rel=\"noopener\">www.bundes verfassungsgericht.de<\/a><\/td>\n<td valign=\"top\">Informacje przekazane przez Federalny Trybuna\u0142 Konstytucyjny<\/td>\n<\/tr>\n<tr>\n<td valign=\"top\">Federalny Trybuna\u0142 Sprawiedliwo\u015bci<\/td>\n<td valign=\"top\"><a href=\"http:\/\/www.bundesgerichtshof.de\/\" target=\"_blank\" rel=\"noopener\">www.bundesgerichtshof.de<\/a><\/td>\n<td valign=\"top\">Oficjalna strona internetowa BGH w Karlsruhe<\/td>\n<\/tr>\n<\/tbody>\n<\/table>\n<p>[\/vc_column_text][\/vc_column][\/vc_row][vc_row content_width=&#8221;grid&#8221; content_aligment=&#8221;center&#8221; triangle_shape=&#8221;no&#8221; css=&#8221;.vc_custom_1696926719838{padding-bottom: 10px !important;background-position: center !important;background-repeat: no-repeat !important;background-size: cover !important;}&#8221;][vc_column]<div class=\"mkd-separator-holder clearfix  mkd-separator-center mkd-separator-with-icon mkd-animate\" style=\"margin-top: 20px; margin-bottom: 30px\">\n\t<div class=\"mkd-separator\" style=\"border-color: #c18f59;border-style: solid;width: 97.5px\"><\/div>\n\t\t<div class=\"mkd-separator-icon\">\n\t\t\t                    \t\t\t\t\t\t<\/div>\n\t<div class=\"mkd-separator\" style=\"border-color: #c18f59;border-style: solid;width: 97.5px\"><\/div>\n<\/div>\n[\/vc_column][\/vc_row][vc_row triangle_shape=&#8221;no&#8221; css=&#8221;.vc_custom_1697623058685{padding-bottom: 50px !important;}&#8221;][vc_column][vc_column_text css=&#8221;.vc_custom_1697623199935{padding-top: 10px !important;}&#8221;]<\/p>\n<table border=\"0\" width=\"1537\" cellspacing=\"0\" cellpadding=\"0\">\n<tbody>\n<tr>\n<td colspan=\"2\" valign=\"top\">Ministerstwa federalne i podleg\u0142e im w\u0142adze<\/td>\n<\/tr>\n<tr>\n<td valign=\"top\">Federalne Ministerstwo Pracy i Spraw Socjalnych<\/td>\n<td valign=\"top\"><a href=\"http:\/\/www.bmas.de\/\" target=\"_blank\" rel=\"noopener\">www.bmas.de<\/a><\/td>\n<\/tr>\n<tr>\n<td valign=\"top\">Ministerstwo Spraw Zagranicznych<\/td>\n<td valign=\"top\"><a href=\"http:\/\/www.auswaertiges-amt.de\/\" target=\"_blank\" rel=\"noopener\">www.auswaertiges-amt.de<\/a><\/td>\n<\/tr>\n<tr>\n<td valign=\"top\">Federalne Ministerstwo Spraw Wewn\u0119trznych<\/td>\n<td valign=\"top\"><a href=\"http:\/\/www.bmi.bund.de\/\" target=\"_blank\" rel=\"noopener\">www.bmi.bund.de<\/a><\/td>\n<\/tr>\n<tr>\n<td valign=\"top\">Federalna Agencja Edukacji Obywatelskiej<\/td>\n<td valign=\"top\"><a href=\"http:\/\/www.bpb.de\/\" target=\"_blank\" rel=\"noopener\">www.bpb.de<\/a><\/td>\n<\/tr>\n<tr>\n<td valign=\"top\">Federalny Urz\u0105d Statystyczny<\/td>\n<td valign=\"top\"><a href=\"http:\/\/www.destatis.de\/\" target=\"_blank\" rel=\"noopener\">www.destatis.de\/<\/a><\/td>\n<\/tr>\n<tr>\n<td valign=\"top\">federalne Ministerstwo Sprawiedliwo\u015bci<\/td>\n<td valign=\"top\"><a href=\"http:\/\/www.bmj.de\/\" target=\"_blank\" rel=\"noopener\">www.bmj.de<\/a><\/td>\n<\/tr>\n<tr>\n<td valign=\"top\">Federalne Ministerstwo Finans\u00f3w<\/td>\n<td valign=\"top\"><a href=\"http:\/\/www.bundesfinanzministerium.de\/\" target=\"_blank\" rel=\"noopener\">www.bundesfinanzministerium.de<\/a><\/td>\n<\/tr>\n<tr>\n<td valign=\"top\">Federalne Ministerstwo Gospodarki i Technologii<\/td>\n<td valign=\"top\"><a href=\"http:\/\/www.bmwi.de\/\" target=\"_blank\" rel=\"noopener\">www.bmwi.de<\/a><\/td>\n<\/tr>\n<tr>\n<td valign=\"top\">Federalne Ministerstwo \u017bywno\u015bci, Rolnictwa i Ochrony Konsument\u00f3w<\/td>\n<td valign=\"top\"><a href=\"http:\/\/www.bmelv.de\/\" target=\"_blank\" rel=\"noopener\">www.bmelv.de<\/a><\/td>\n<\/tr>\n<tr>\n<td valign=\"top\">Federalne Ministerstwo Spraw Rodzinnych<\/td>\n<td valign=\"top\"><a href=\"http:\/\/www.bmfsfj.de\/\" target=\"_blank\" rel=\"noopener\">www.bmfsfj.de<\/a><\/td>\n<\/tr>\n<tr>\n<td valign=\"top\">Federalne Ministerstwo Zdrowia<\/td>\n<td valign=\"top\"><a href=\"http:\/\/www.bmg.bund.de\/\" target=\"_blank\" rel=\"noopener\">www.bmg.bund.de<\/a><\/td>\n<\/tr>\n<tr>\n<td valign=\"top\">Federalne Ministerstwo Ruchu, Budownictwa i Rozwoju Miasta<\/td>\n<td valign=\"top\"><a href=\"http:\/\/www.bmvbs.de\/\" target=\"_blank\" rel=\"noopener\">www.bmvbs.de<\/a><\/td>\n<\/tr>\n<tr>\n<td valign=\"top\">Federalne Ministerstwo \u015arodowiska, Ochrony Przyrody i Bezpiecze\u0144stwa J\u0105drowego<\/td>\n<td valign=\"top\"><a href=\"http:\/\/www.bmu.de\/\" target=\"_blank\" rel=\"noopener\">www.bmu.de<\/a><\/td>\n<\/tr>\n<tr>\n<td valign=\"top\">Federalne Ministerstwo Edukacji i Bada\u0144 Naukowych<\/td>\n<td valign=\"top\"><a href=\"http:\/\/www.bmbf.de\/\" target=\"_blank\" rel=\"noopener\">www.bmbf.de<\/a><\/td>\n<\/tr>\n<tr>\n<td valign=\"top\">Federalne Ministerstwo Wsp\u00f3\u0142pracy Gospodarczej i Rozwoju<\/td>\n<td valign=\"top\"><a href=\"http:\/\/www.bmz.de\/\" target=\"_blank\" rel=\"noopener\">www.bmz.de<\/a><\/td>\n<\/tr>\n<tr>\n<td valign=\"top\">Federal ministry of defense<\/td>\n<td valign=\"top\"><a href=\"http:\/\/www.bmvg.de\/\" target=\"_blank\" rel=\"noopener\">www.bmvg.de<\/a><\/td>\n<\/tr>\n<\/tbody>\n<\/table>\n<p>[\/vc_column_text][\/vc_column][\/vc_row][vc_row content_width=&#8221;grid&#8221; content_aligment=&#8221;center&#8221; triangle_shape=&#8221;no&#8221; css=&#8221;.vc_custom_1696926719838{padding-bottom: 10px !important;background-position: center !important;background-repeat: no-repeat !important;background-size: cover !important;}&#8221;][vc_column]<div class=\"mkd-separator-holder clearfix  mkd-separator-center mkd-separator-with-icon mkd-animate\" style=\"margin-top: 20px; margin-bottom: 30px\">\n\t<div class=\"mkd-separator\" style=\"border-color: #c18f59;border-style: solid;width: 97.5px\"><\/div>\n\t\t<div class=\"mkd-separator-icon\">\n\t\t\t                    \t\t\t\t\t\t<\/div>\n\t<div class=\"mkd-separator\" style=\"border-color: #c18f59;border-style: solid;width: 97.5px\"><\/div>\n<\/div>\n[\/vc_column][\/vc_row][vc_row triangle_shape=&#8221;no&#8221; css=&#8221;.vc_custom_1697623063670{padding-bottom: 50px !important;}&#8221;][vc_column][vc_column_text css=&#8221;.vc_custom_1697623082705{padding-top: 10px !important;}&#8221;]<\/p>\n<table class=\" alignleft\" border=\"0\" width=\"1537\" cellspacing=\"0\" cellpadding=\"0\">\n<tbody>\n<tr>\n<td colspan=\"2\" valign=\"top\">State legislatures<\/td>\n<\/tr>\n<tr>\n<td valign=\"top\">State Parliament of Baden-W\u00fcrttemberg<\/td>\n<td valign=\"top\"><a href=\"http:\/\/www.landtag-bw.de\/\" target=\"_blank\" rel=\"noopener\">www.landtag-bw.de<\/a><\/td>\n<\/tr>\n<tr>\n<td valign=\"top\">Bavarian state parliament<\/td>\n<td valign=\"top\"><a href=\"http:\/\/www.bayern.landtag.de\/\" target=\"_blank\" rel=\"noopener\">www.bayern.landtag.de<\/a><\/td>\n<\/tr>\n<tr>\n<td valign=\"top\">Berlin House of Representatives<\/td>\n<td valign=\"top\"><a href=\"http:\/\/www.parlament-berlin.de\/\" target=\"_blank\" rel=\"noopener\">www.parlament-berlin.de<\/a><\/td>\n<\/tr>\n<tr>\n<td valign=\"top\">Brandenburg State Parliament<\/td>\n<td valign=\"top\"><a href=\"http:\/\/www.landtag.brandenburg.de\/\" target=\"_blank\" rel=\"noopener\">www.landtag.brandenburg.de<\/a><\/td>\n<\/tr>\n<tr>\n<td valign=\"top\">Bremen citizenship<\/td>\n<td valign=\"top\"><a href=\"http:\/\/www.bremische-buergerschaft.de\/\" target=\"_blank\" rel=\"noopener\">www.bremische-buergerschaft.de<\/a><\/td>\n<\/tr>\n<tr>\n<td valign=\"top\">Hamburg citizenship<\/td>\n<td valign=\"top\"><a href=\"http:\/\/www.hamburgische-buergerschaft.de\/\" target=\"_blank\" rel=\"noopener\">www.hamburgische-buergerschaft.de<\/a><\/td>\n<\/tr>\n<tr>\n<td valign=\"top\">Hessian state parliament<\/td>\n<td valign=\"top\"><a href=\"http:\/\/www.hessischer-landtag.de\/\" target=\"_blank\" rel=\"noopener\">www.hessischer-landtag.de<\/a><\/td>\n<\/tr>\n<tr>\n<td valign=\"top\">State Parliament of Mecklenburg-Western Pomerania<\/td>\n<td valign=\"top\"><a href=\"http:\/\/www.landtag-mv.de\/\" target=\"_blank\" rel=\"noopener\">www.landtag-mv.de<\/a><\/td>\n<\/tr>\n<tr>\n<td valign=\"top\">Lower Saxony state parliament<\/td>\n<td valign=\"top\"><a href=\"http:\/\/www.landtag-niedersachsen.de\/\" target=\"_blank\" rel=\"noopener\">www.landtag-niedersachsen.de<\/a><\/td>\n<\/tr>\n<tr>\n<td valign=\"top\">State Parliament of North Rhine-Westphalia<\/td>\n<td valign=\"top\"><a href=\"http:\/\/www.landtag.nrw.de\/\" target=\"_blank\" rel=\"noopener\">www.landtag.nrw.de<\/a><\/td>\n<\/tr>\n<tr>\n<td valign=\"top\">State Parliament of Rhineland-Palatinate<\/td>\n<td valign=\"top\"><a href=\"http:\/\/www.landtag.rlp.de\/\" target=\"_blank\" rel=\"noopener\">www.landtag.rlp.de<\/a><\/td>\n<\/tr>\n<tr>\n<td valign=\"top\">Saarland State Parliament<\/td>\n<td valign=\"top\"><a href=\"http:\/\/www.landtag-saar.de\/\" target=\"_blank\" rel=\"noopener\">www.landtag-saar.de<\/a><\/td>\n<\/tr>\n<tr>\n<td valign=\"top\">State Parliament of Saxony-Anhalt<\/td>\n<td valign=\"top\"><a href=\"http:\/\/www.landtag.sachsen-anhalt.de\/\" target=\"_blank\" rel=\"noopener\">www.landtag.sachsen-anhalt.de\/<\/a><\/td>\n<\/tr>\n<tr>\n<td valign=\"top\">Saxon state parliament<\/td>\n<td valign=\"top\"><a href=\"http:\/\/www.landtag.sachsen.de\/\" target=\"_blank\" rel=\"noopener\">www.landtag.sachsen.de<\/a><\/td>\n<\/tr>\n<tr>\n<td valign=\"top\">Schleswig-Holstein state parliament<\/td>\n<td valign=\"top\"><a href=\"http:\/\/www.landtag.ltsh.de\/\" target=\"_blank\" rel=\"noopener\">www.landtag.ltsh.de<\/a><\/td>\n<\/tr>\n<tr>\n<td valign=\"top\">Thuringian state parliament<\/td>\n<td valign=\"top\"><a href=\"http:\/\/www.thueringer-landtag.de\/\" target=\"_blank\" rel=\"noopener\">www.thueringer-landtag.de<\/a><\/td>\n<\/tr>\n<\/tbody>\n<\/table>\n<p>[\/vc_column_text][\/vc_column][\/vc_row]<\/p>\n<\/div>","protected":false},"excerpt":{"rendered":"<p>[vc_row content_width=&#8221;grid&#8221; content_aligment=&#8221;center&#8221; triangle_shape=&#8221;no&#8221; css=&#8221;.vc_custom_1696926719838{padding-bottom: 10px !important;background-position: center !important;background-repeat: no-repeat !important;background-size: cover !important;}&#8221;][vc_column][\/vc_column][\/vc_row][vc_row triangle_shape=&#8221;no&#8221; css=&#8221;.vc_custom_1697623054550{padding-bottom: 50px !important;}&#8221;][vc_column][vc_column_text css=&#8221;.vc_custom_1697623193495{padding-top: 10px !important;}&#8221;] Prezydent Federalny www.bundespraesident.de Informacje przekazane przez Prezydenta Federalnego Kanclerz www.bundeskanzlerin.de Kanclerz Rz\u0105d federalny www.bundesregierung.de Oferta Federalnego Biura Prasowego i Informacyjnego Rz\u0105du (BPA) Administracja federalna www.bund.de Oferty pracy, og\u0142oszenia i nieruchomo\u015bci, urz\u0119dy i instytucje oraz oferty us\u0142ug federalnych. Rada Federalna www.bundesrat.de Informacje dostarczane przez Rad\u0119 Federaln\u0105, w tym daty i komunikaty prasowe Federalny Trybuna\u0142 Konstytucyjny www.bundes verfassungsgericht.de Informacje przekazane przez Federalny Trybuna\u0142 Konstytucyjny Federalny Trybuna\u0142 Sprawiedliwo\u015bci www.bundesgerichtshof.de Oficjalna strona internetowa BGH w Karlsruhe [\/vc_column_text][\/vc_column][\/vc_row][vc_row content_width=&#8221;grid&#8221; content_aligment=&#8221;center&#8221; triangle_shape=&#8221;no&#8221; css=&#8221;.vc_custom_1696926719838{padding-bottom: 10px !important;background-position: center&#8230;<\/p>\n","protected":false},"author":1,"featured_media":16526,"parent":0,"menu_order":0,"comment_status":"closed","ping_status":"closed","template":"","meta":{"footnotes":""},"class_list":["post-8590","page","type-page","status-publish","has-post-thumbnail","hentry"],"yoast_head":"<!-- This site is optimized with the Yoast SEO Premium plugin v27.2 (Yoast SEO v27.4) - https:\/\/yoast.com\/product\/yoast-seo-premium-wordpress\/ -->\n<title>Rechtsanwaltskanzlei in Hamburg Berlin Bremen Hannover L\u00fcbeck<\/title>\n<meta name=\"description\" content=\"Rechtsanwaltskanzlei f\u00fcr Arbeitsrecht, Arzthaftung, Mietrecht, Gewerbemietrecht ,Gastronomierecht, Immobilienrecht, Schadensersatz Yachtrecht\" \/>\n<meta name=\"robots\" content=\"index, follow, max-snippet:-1, max-image-preview:large, max-video-preview:-1\" \/>\n<link rel=\"canonical\" href=\"https:\/\/www.kanzlei-steinwachs.de\/pl\/wladze\/\" \/>\n<meta property=\"og:locale\" content=\"pl_PL\" \/>\n<meta property=\"og:type\" content=\"article\" \/>\n<meta property=\"og:title\" content=\"Rechtsanwaltskanzlei in Hamburg Berlin Bremen Hannover L\u00fcbeck\" \/>\n<meta property=\"og:description\" content=\"Rechtsanwaltskanzlei f\u00fcr Arbeitsrecht, Arzthaftung, Mietrecht, Gewerbemietrecht ,Gastronomierecht, Immobilienrecht, Schadensersatz Yachtrecht\" \/>\n<meta property=\"og:url\" content=\"https:\/\/www.kanzlei-steinwachs.de\/pl\/wladze\/\" \/>\n<meta property=\"og:site_name\" content=\"Rechtsanwaltskanzlei Anwalt Hamburg Berlin Bremen Hannover L\u00fcbeck\" \/>\n<meta property=\"article:publisher\" content=\"https:\/\/www.facebook.com\/STEINWACHSRechtsanwaltskanzlei\/\" \/>\n<meta property=\"article:modified_time\" content=\"2023-10-24T04:26:57+00:00\" \/>\n<meta name=\"twitter:card\" content=\"summary_large_image\" \/>\n<meta name=\"twitter:site\" content=\"@rasteinwachs\" \/>\n<meta name=\"twitter:label1\" content=\"Szacowany czas czytania\" \/>\n\t<meta name=\"twitter:data1\" content=\"3 minuty\" \/>\n<script type=\"application\/ld+json\" class=\"yoast-schema-graph\">{\"@context\":\"https:\\\/\\\/schema.org\",\"@graph\":[{\"@type\":\"WebPage\",\"@id\":\"https:\\\/\\\/www.kanzlei-steinwachs.de\\\/pl\\\/wladze\\\/\",\"url\":\"https:\\\/\\\/www.kanzlei-steinwachs.de\\\/pl\\\/wladze\\\/\",\"name\":\"Rechtsanwaltskanzlei in Hamburg Berlin Bremen Hannover L\u00fcbeck\",\"isPartOf\":{\"@id\":\"https:\\\/\\\/www.kanzlei-steinwachs.de\\\/pl\\\/#website\"},\"primaryImageOfPage\":{\"@id\":\"https:\\\/\\\/www.kanzlei-steinwachs.de\\\/pl\\\/wladze\\\/#primaryimage\"},\"image\":{\"@id\":\"https:\\\/\\\/www.kanzlei-steinwachs.de\\\/pl\\\/wladze\\\/#primaryimage\"},\"thumbnailUrl\":\"https:\\\/\\\/i0.wp.com\\\/www.kanzlei-steinwachs.de\\\/wp-content\\\/uploads\\\/2023\\\/10\\\/1687347968-6399.jpg?fit=800%2C600&quality=20&ssl=1\",\"datePublished\":\"2023-10-18T09:43:16+00:00\",\"dateModified\":\"2023-10-24T04:26:57+00:00\",\"description\":\"Rechtsanwaltskanzlei f\u00fcr Arbeitsrecht, Arzthaftung, Mietrecht, Gewerbemietrecht ,Gastronomierecht, Immobilienrecht, Schadensersatz Yachtrecht\",\"inLanguage\":\"pl-PL\",\"potentialAction\":[{\"@type\":\"ReadAction\",\"target\":[\"https:\\\/\\\/www.kanzlei-steinwachs.de\\\/pl\\\/wladze\\\/\"]}]},{\"@type\":\"ImageObject\",\"inLanguage\":\"pl-PL\",\"@id\":\"https:\\\/\\\/www.kanzlei-steinwachs.de\\\/pl\\\/wladze\\\/#primaryimage\",\"url\":\"https:\\\/\\\/i0.wp.com\\\/www.kanzlei-steinwachs.de\\\/wp-content\\\/uploads\\\/2023\\\/10\\\/1687347968-6399.jpg?fit=800%2C600&quality=20&ssl=1\",\"contentUrl\":\"https:\\\/\\\/i0.wp.com\\\/www.kanzlei-steinwachs.de\\\/wp-content\\\/uploads\\\/2023\\\/10\\\/1687347968-6399.jpg?fit=800%2C600&quality=20&ssl=1\",\"width\":800,\"height\":600},{\"@type\":\"WebSite\",\"@id\":\"https:\\\/\\\/www.kanzlei-steinwachs.de\\\/pl\\\/#website\",\"url\":\"https:\\\/\\\/www.kanzlei-steinwachs.de\\\/pl\\\/\",\"name\":\"Rechtsanwaltskanzlei Anwalt Hamburg Berlin Bremen Hannover L\u00fcbeck\",\"description\":\"Wir leisten mehr als Recht bietet\",\"publisher\":{\"@id\":\"https:\\\/\\\/www.kanzlei-steinwachs.de\\\/pl\\\/#organization\"},\"potentialAction\":[{\"@type\":\"SearchAction\",\"target\":{\"@type\":\"EntryPoint\",\"urlTemplate\":\"https:\\\/\\\/www.kanzlei-steinwachs.de\\\/pl\\\/?s={search_term_string}\"},\"query-input\":{\"@type\":\"PropertyValueSpecification\",\"valueRequired\":true,\"valueName\":\"search_term_string\"}}],\"inLanguage\":\"pl-PL\"},{\"@type\":[\"Organization\",\"Place\"],\"@id\":\"https:\\\/\\\/www.kanzlei-steinwachs.de\\\/pl\\\/#organization\",\"name\":\"Rechtsanwaltskanzlei Anwalt Hamburg Berlin Bremen Hannover L\u00fcbeck\",\"url\":\"https:\\\/\\\/www.kanzlei-steinwachs.de\\\/\",\"logo\":{\"@type\":\"ImageObject\",\"inLanguage\":\"pl-PL\",\"@id\":\"https:\\\/\\\/www.kanzlei-steinwachs.de\\\/pl\\\/#\\\/schema\\\/logo\\\/image\\\/\",\"url\":\"https:\\\/\\\/i0.wp.com\\\/www.kanzlei-steinwachs.de\\\/wp-content\\\/uploads\\\/2023\\\/12\\\/logo.webp?fit=174%2C76&quality=80&ssl=1\",\"contentUrl\":\"https:\\\/\\\/i0.wp.com\\\/www.kanzlei-steinwachs.de\\\/wp-content\\\/uploads\\\/2023\\\/12\\\/logo.webp?fit=174%2C76&quality=80&ssl=1\",\"width\":174,\"height\":76,\"caption\":\"Rechtsanwaltskanzlei Anwalt Hamburg Berlin Bremen Hannover L\u00fcbeck\"},\"image\":{\"@id\":\"https:\\\/\\\/www.kanzlei-steinwachs.de\\\/pl\\\/#\\\/schema\\\/logo\\\/image\\\/\"},\"sameAs\":[\"https:\\\/\\\/www.facebook.com\\\/STEINWACHSRechtsanwaltskanzlei\\\/\",\"https:\\\/\\\/x.com\\\/rasteinwachs\",\"https:\\\/\\\/www.instagram.com\\\/steinwachs_rechtsanwaelte\\\/\",\"https:\\\/\\\/www.linkedin.com\\\/in\\\/stephan-steinwachs-7a270197\\\/\",\"https:\\\/\\\/www.youtube.com\\\/channel\\\/UCffmodDlQx81remXm395RWA\"],\"telephone\":[]}]}<\/script>\n<!-- \/ Yoast SEO Premium plugin. -->","yoast_head_json":{"title":"Rechtsanwaltskanzlei in Hamburg Berlin Bremen Hannover L\u00fcbeck","description":"Rechtsanwaltskanzlei f\u00fcr Arbeitsrecht, Arzthaftung, Mietrecht, Gewerbemietrecht ,Gastronomierecht, Immobilienrecht, Schadensersatz Yachtrecht","robots":{"index":"index","follow":"follow","max-snippet":"max-snippet:-1","max-image-preview":"max-image-preview:large","max-video-preview":"max-video-preview:-1"},"canonical":"https:\/\/www.kanzlei-steinwachs.de\/pl\/wladze\/","og_locale":"pl_PL","og_type":"article","og_title":"Rechtsanwaltskanzlei in Hamburg Berlin Bremen Hannover L\u00fcbeck","og_description":"Rechtsanwaltskanzlei f\u00fcr Arbeitsrecht, Arzthaftung, Mietrecht, Gewerbemietrecht ,Gastronomierecht, Immobilienrecht, Schadensersatz Yachtrecht","og_url":"https:\/\/www.kanzlei-steinwachs.de\/pl\/wladze\/","og_site_name":"Rechtsanwaltskanzlei Anwalt Hamburg Berlin Bremen Hannover L\u00fcbeck","article_publisher":"https:\/\/www.facebook.com\/STEINWACHSRechtsanwaltskanzlei\/","article_modified_time":"2023-10-24T04:26:57+00:00","twitter_card":"summary_large_image","twitter_site":"@rasteinwachs","twitter_misc":{"Szacowany czas czytania":"3 minuty"},"schema":{"@context":"https:\/\/schema.org","@graph":[{"@type":"WebPage","@id":"https:\/\/www.kanzlei-steinwachs.de\/pl\/wladze\/","url":"https:\/\/www.kanzlei-steinwachs.de\/pl\/wladze\/","name":"Rechtsanwaltskanzlei in Hamburg Berlin Bremen Hannover L\u00fcbeck","isPartOf":{"@id":"https:\/\/www.kanzlei-steinwachs.de\/pl\/#website"},"primaryImageOfPage":{"@id":"https:\/\/www.kanzlei-steinwachs.de\/pl\/wladze\/#primaryimage"},"image":{"@id":"https:\/\/www.kanzlei-steinwachs.de\/pl\/wladze\/#primaryimage"},"thumbnailUrl":"https:\/\/i0.wp.com\/www.kanzlei-steinwachs.de\/wp-content\/uploads\/2023\/10\/1687347968-6399.jpg?fit=800%2C600&quality=20&ssl=1","datePublished":"2023-10-18T09:43:16+00:00","dateModified":"2023-10-24T04:26:57+00:00","description":"Rechtsanwaltskanzlei f\u00fcr Arbeitsrecht, Arzthaftung, Mietrecht, Gewerbemietrecht ,Gastronomierecht, Immobilienrecht, Schadensersatz Yachtrecht","inLanguage":"pl-PL","potentialAction":[{"@type":"ReadAction","target":["https:\/\/www.kanzlei-steinwachs.de\/pl\/wladze\/"]}]},{"@type":"ImageObject","inLanguage":"pl-PL","@id":"https:\/\/www.kanzlei-steinwachs.de\/pl\/wladze\/#primaryimage","url":"https:\/\/i0.wp.com\/www.kanzlei-steinwachs.de\/wp-content\/uploads\/2023\/10\/1687347968-6399.jpg?fit=800%2C600&quality=20&ssl=1","contentUrl":"https:\/\/i0.wp.com\/www.kanzlei-steinwachs.de\/wp-content\/uploads\/2023\/10\/1687347968-6399.jpg?fit=800%2C600&quality=20&ssl=1","width":800,"height":600},{"@type":"WebSite","@id":"https:\/\/www.kanzlei-steinwachs.de\/pl\/#website","url":"https:\/\/www.kanzlei-steinwachs.de\/pl\/","name":"Rechtsanwaltskanzlei Anwalt Hamburg Berlin Bremen Hannover L\u00fcbeck","description":"Wir leisten mehr als Recht bietet","publisher":{"@id":"https:\/\/www.kanzlei-steinwachs.de\/pl\/#organization"},"potentialAction":[{"@type":"SearchAction","target":{"@type":"EntryPoint","urlTemplate":"https:\/\/www.kanzlei-steinwachs.de\/pl\/?s={search_term_string}"},"query-input":{"@type":"PropertyValueSpecification","valueRequired":true,"valueName":"search_term_string"}}],"inLanguage":"pl-PL"},{"@type":["Organization","Place"],"@id":"https:\/\/www.kanzlei-steinwachs.de\/pl\/#organization","name":"Rechtsanwaltskanzlei Anwalt Hamburg Berlin Bremen Hannover L\u00fcbeck","url":"https:\/\/www.kanzlei-steinwachs.de\/","logo":{"@type":"ImageObject","inLanguage":"pl-PL","@id":"https:\/\/www.kanzlei-steinwachs.de\/pl\/#\/schema\/logo\/image\/","url":"https:\/\/i0.wp.com\/www.kanzlei-steinwachs.de\/wp-content\/uploads\/2023\/12\/logo.webp?fit=174%2C76&quality=80&ssl=1","contentUrl":"https:\/\/i0.wp.com\/www.kanzlei-steinwachs.de\/wp-content\/uploads\/2023\/12\/logo.webp?fit=174%2C76&quality=80&ssl=1","width":174,"height":76,"caption":"Rechtsanwaltskanzlei Anwalt Hamburg Berlin Bremen Hannover L\u00fcbeck"},"image":{"@id":"https:\/\/www.kanzlei-steinwachs.de\/pl\/#\/schema\/logo\/image\/"},"sameAs":["https:\/\/www.facebook.com\/STEINWACHSRechtsanwaltskanzlei\/","https:\/\/x.com\/rasteinwachs","https:\/\/www.instagram.com\/steinwachs_rechtsanwaelte\/","https:\/\/www.linkedin.com\/in\/stephan-steinwachs-7a270197\/","https:\/\/www.youtube.com\/channel\/UCffmodDlQx81remXm395RWA"],"telephone":[]}]}},"jetpack_sharing_enabled":true,"_links":{"self":[{"href":"https:\/\/www.kanzlei-steinwachs.de\/pl\/wp-json\/wp\/v2\/pages\/8590","targetHints":{"allow":["GET"]}}],"collection":[{"href":"https:\/\/www.kanzlei-steinwachs.de\/pl\/wp-json\/wp\/v2\/pages"}],"about":[{"href":"https:\/\/www.kanzlei-steinwachs.de\/pl\/wp-json\/wp\/v2\/types\/page"}],"author":[{"embeddable":true,"href":"https:\/\/www.kanzlei-steinwachs.de\/pl\/wp-json\/wp\/v2\/users\/1"}],"replies":[{"embeddable":true,"href":"https:\/\/www.kanzlei-steinwachs.de\/pl\/wp-json\/wp\/v2\/comments?post=8590"}],"version-history":[{"count":0,"href":"https:\/\/www.kanzlei-steinwachs.de\/pl\/wp-json\/wp\/v2\/pages\/8590\/revisions"}],"wp:featuredmedia":[{"embeddable":true,"href":"https:\/\/www.kanzlei-steinwachs.de\/pl\/wp-json\/wp\/v2\/media\/16526"}],"wp:attachment":[{"href":"https:\/\/www.kanzlei-steinwachs.de\/pl\/wp-json\/wp\/v2\/media?parent=8590"}],"curies":[{"name":"wp","href":"https:\/\/api.w.org\/{rel}","templated":true}]}}