{"id":15504,"date":"2023-11-20T13:36:20","date_gmt":"2023-11-20T12:36:20","guid":{"rendered":"https:\/\/www.kanzlei-steinwachs.de\/koszty-operacyjne\/"},"modified":"2023-12-08T12:54:18","modified_gmt":"2023-12-08T11:54:18","slug":"koszty-operacyjne","status":"publish","type":"page","link":"https:\/\/www.kanzlei-steinwachs.de\/pl\/koszty-operacyjne\/","title":{"rendered":"koszty operacyjne"},"content":{"rendered":"<div class=\"wpb-content-wrapper\"><p>[vc_row triangle_shape=&#8221;no&#8221; css=&#8221;.vc_custom_1700483817938{padding-bottom: 40px !important;}&#8221;][vc_column][vc_column_text]Zgodnie z prawem w czynsz wliczone s\u0105 koszty eksploatacyjne. Mo\u017cna jednak ustali\u0107 w umowie najmu, \u017ce najemca p\u0142aci cz\u0119\u015b\u0107 koszt\u00f3w eksploatacyjnych osobno. Jedynie rzeczy wymienione w umowie najmu musz\u0105 by\u0107 ponoszone przez najemc\u0119.<\/p>\n<p>Zwykle wystarczaj\u0105ce jest odniesienie w umowie najmu do obowi\u0105zuj\u0105cego od 1 stycznia 2004 r. rozporz\u0105dzenia w sprawie koszt\u00f3w eksploatacji, kt\u00f3re zawiera katalog pozycji kosztowych, kt\u00f3re mo\u017cna przypisa\u0107 do dzia\u0142u <a title=\"\u00a7 2 BetrKV\" href=\"http:\/\/dejure.org\/gesetze\/BetrKV\/2.html\" target=\"_blank\" rel=\"noopener\">2 BetrKV.<\/a><\/p>\n<p>Zgodnie z rozporz\u0105dzeniem w sprawie koszt\u00f3w operacyjnych, koszty operacyjne podlegaj\u0105ce przypisaniu to:<\/p>\n<ul>\n<li>1. bie\u017c\u0105ce op\u0142aty publiczne na nieruchomo\u015bci,<br \/>\nDotyczy to w szczeg\u00f3lno\u015bci podatku od nieruchomo\u015bci;<\/li>\n<li>2. koszty zaopatrzenia w wod\u0119,<br \/>\nNale\u017c\u0105 do nich koszty zu\u017cycia wody, op\u0142aty podstawowe, koszty wynajmu lub innego rodzaju u\u017cytkowania wodomierzy, a tak\u017ce koszty ich u\u017cytkowania, w tym koszty wzorcowania oraz koszty kalkulacji i dystrybucji, koszty utrzymanie regulator\u00f3w przep\u0142ywu wody, koszty eksploatacji przydomowej sieci wodoci\u0105gowej i stacji uzdatniania wody wraz z materia\u0142ami do uzdatniania;<\/li>\n<li>3. koszty drena\u017cu,<br \/>\nObejmuje to op\u0142aty za odwadnianie dom\u00f3w i posesji, koszty eksploatacji odpowiedniego obiektu niepublicznego oraz koszty eksploatacji pompy odwadniaj\u0105cej;<\/li>\n<li>4. koszty<br \/>\na) dzia\u0142anie instalacji centralnego ogrzewania, w tym uk\u0142adu wydechowego,<br \/>\nNale\u017c\u0105 do nich koszty zu\u017cytego paliwa i jego dostawy, koszty eksploatacyjnej energii elektrycznej, koszty eksploatacji, monitorowania i konserwacji systemu, regularna kontrola jego gotowo\u015bci do pracy i bezpiecze\u0144stwa pracy, w tym zatrudnienie specjalisty, czyszczenie systemu i sali operacyjnej Koszty pomiar\u00f3w zgodnie z federaln\u0105 ustaw\u0105 o kontroli imisji, koszty wynajmu lub innego rodzaju u\u017cytkowania sprz\u0119tu do rejestracji zu\u017cycia oraz koszty u\u017cytkowania sprz\u0119tu do rejestracji zu\u017cycia, w tym koszty kalibracji i koszty kalkulacji i dystrybucji lub<br \/>\nb) funkcjonowanie centralnego uk\u0142adu zasilania paliwem,<br \/>\nObejmuje to koszty zu\u017cytego paliwa i jego dostawy, koszty eksploatacyjnej energii elektrycznej oraz koszty monitorowania, a tak\u017ce koszty czyszczenia instalacji i sali operacyjnej lub<br \/>\nc) samodzielnego komercyjnego dostarczania ciep\u0142a, w tym z system\u00f3w w rozumieniu lit. a,<br \/>\nObejmuje to op\u0142at\u0119 za dostaw\u0119 ciep\u0142a oraz koszty eksploatacji zwi\u0105zanych z ni\u0105 instalacji budynku zgodnie z lit. a lub<br \/>\nd) czyszczenie i konserwacja instalacji ogrzewania pod\u0142ogowego oraz indywidualnych komink\u00f3w gazowych,<br \/>\nObejmuje to koszty usuwania osad\u00f3w wodnych i<br \/>\npozosta\u0142o\u015bci po spalaniu w instalacji, koszty okresowego sprawdzania gotowo\u015bci do pracy i bezpiecze\u0144stwa pracy oraz zwi\u0105zanej z tym regulacji przez specjalist\u0119, a tak\u017ce koszty pomiar\u00f3w zgodnie z federaln\u0105 ustaw\u0105 o kontroli imisji;<\/li>\n<li>5. koszty<br \/>\na) funkcjonowanie centralnego systemu zaopatrzenia w ciep\u0142\u0105 wod\u0119,<br \/>\nObejmuje to koszty zaopatrzenia w wod\u0119 zgodnie z numerem 2, o ile nie s\u0105 ju\u017c tam uwzgl\u0119dnione, oraz koszty podgrzewania wody zgodnie z numerem 4 litera a lub<br \/>\nObejmuje to koszty zaopatrzenia w wod\u0119 zgodnie z numerem 2, o ile nie s\u0105 ju\u017c tam uwzgl\u0119dnione, oraz koszty podgrzewania wody zgodnie z numerem 4 litera a lub<br \/>\nObejmuje to op\u0142at\u0119 za dostaw\u0119 ciep\u0142ej wody oraz koszty eksploatacji zwi\u0105zanych z ni\u0105 instalacji budynku zgodnie z numerem 4 lit. a<br \/>\nLub<br \/>\nc) czyszczenie i konserwacja urz\u0105dze\u0144 ciep\u0142ej wody,<br \/>\nObejmuje to koszty usuwania osad\u00f3w wodnych i pozosta\u0142o\u015bci po spalaniu wewn\u0105trz urz\u0105dze\u0144, a tak\u017ce koszty okresowych kontroli gotowo\u015bci do pracy i bezpiecze\u0144stwa pracy oraz zwi\u0105zanej z tym regulacji przez specjalist\u0119;<\/li>\n<li>6. koszty towarzysz\u0105cych system\u00f3w ogrzewania i ciep\u0142ej wody<br \/>\na) dla instalacji centralnego ogrzewania zgodnie z numerem 4 litera a i zgodnie z numerem 2, o ile nie s\u0105 tam ju\u017c uwzgl\u0119dnione,<br \/>\nLub<br \/>\nb) na samodzielne komercyjne dostarczanie ciep\u0142a zgodnie z numerem 4 lit. c i zgodnie z numerem 2, o ile nie s\u0105 tam ju\u017c uwzgl\u0119dnione, lub<br \/>\nc) dla pod\u0142\u0105czonych system\u00f3w ogrzewania pod\u0142ogowego i zaopatrzenia w ciep\u0142\u0105 wod\u0119 zgodnie z numerem 4 litera d i zgodnie z numerem 2, o ile nie s\u0105 one ju\u017c tam uwzgl\u0119dnione;<\/li>\n<li>7. koszty eksploatacji windy osobowej lub towarowej,<br \/>\nNale\u017c\u0105 do nich koszty eksploatacji energii elektrycznej, koszty nadzoru, eksploatacji, monitorowania i konserwacji systemu, regularnej kontroli jego gotowo\u015bci do pracy i bezpiecze\u0144stwa pracy, w tym zatrudnienie specjalisty, oraz koszty czyszczenia instalacji;<\/li>\n<li>8. koszty sprz\u0105tania ulic i wywozu \u015bmieci,<br \/>\nKoszty sprz\u0105tania ulic obejmuj\u0105 op\u0142aty nale\u017cne za publiczne sprz\u0105tanie ulic oraz koszty odpowiednich dzia\u0142a\u0144 niepublicznych; Do koszt\u00f3w unieszkodliwiania odpad\u00f3w zaliczaj\u0105 si\u0119 w szczeg\u00f3lno\u015bci op\u0142aty za odbi\u00f3r odpad\u00f3w, koszty odpowiednich dzia\u0142a\u0144 niepublicznych, koszty eksploatacji spr\u0119\u017carek do odpad\u00f3w, zsyp\u00f3w do odpad\u00f3w, instalacji odprowadzania odpad\u00f3w oraz eksploatacji system\u00f3w rejestracji ilo\u015bci odpad\u00f3w, w tym koszty kalkulacji i dystrybucji;<\/li>\n<li>9. koszty sprz\u0105tania budynk\u00f3w i zwalczania szkodnik\u00f3w,<br \/>\nKoszty sprz\u0105tania budynku obejmuj\u0105 koszty sprz\u0105tania cz\u0119\u015bci budynku wsp\u00f3lnych dla mieszka\u0144c\u00f3w, takich jak wej\u015bcia, korytarze, schody, piwnice, pomieszczenia na poddaszu, pralnie, windy;<\/li>\n<li>10. koszty utrzymania ogrodu,<br \/>\nObejmuje to koszty utrzymania teren\u00f3w krajobrazowych, w tym odnowienie nasadze\u0144 i drzew, utrzymanie plac\u00f3w zabaw, w tym odnowienie piasku oraz utrzymanie plac\u00f3w, wej\u015b\u0107 i podjazd\u00f3w wykorzystywanych przez transport niepubliczny;<\/li>\n<li>11. koszty o\u015bwietlenia,<br \/>\nObejmuje to koszty energii elektrycznej na o\u015bwietlenie zewn\u0119trzne oraz o\u015bwietlenie cz\u0119\u015bci budynku wsp\u00f3lnych dla mieszka\u0144c\u00f3w, takich jak wej\u015bcia, korytarze, schody, piwnice, pomieszczenia na poddaszu, pralnie;<\/li>\n<li>12. koszty czyszczenia komina,<br \/>\nObejmuje to op\u0142aty za sprz\u0105tanie zgodnie z obowi\u0105zuj\u0105c\u0105 tabel\u0105 op\u0142at, chyba \u017ce zosta\u0142y ju\u017c uwzgl\u0119dnione jako koszty zgodnie z numerem 4 litera a;<\/li>\n<li>13. koszty ubezpieczenia mienia i odpowiedzialno\u015bci cywilnej,<br \/>\nObejmuje to w szczeg\u00f3lno\u015bci koszty ubezpieczenia budynku od ognia, burzy, wody i innych zagro\u017ce\u0144 naturalnych, ubezpieczenia szyb, ubezpieczenia odpowiedzialno\u015bci cywilnej budynku, zbiornika oleju i windy;<\/li>\n<li>14. koszty opiekuna,<br \/>\nObejmuje to wynagrodzenie, sk\u0142adki na ubezpieczenia spo\u0142eczne oraz wszelkie \u015bwiadczenia pieni\u0119\u017cne, kt\u00f3re w\u0142a\u015bciciel lub osoba uprawniona do budynku przyznaje dozorcy za jego prac\u0119, o ile nie dotyczy to konserwacji, napraw, odnawiania, napraw kosmetycznych lub zarz\u0105dzania nieruchomo\u015bci\u0105; Je\u017celi prac\u0119 wykonuje dozorca, nie mo\u017cna uwzgl\u0119dni\u0107 koszt\u00f3w pracy zgodnie z numerami od 2 do 10 i 16;<\/li>\n<li>15. koszty\n<ul>\n<li>a) funkcjonowania og\u00f3lnodost\u0119pnego systemu antenowego,<br \/>\nNale\u017c\u0105 do nich koszty eksploatacji energii elektrycznej oraz koszty okresowego sprawdzania jej gotowo\u015bci do pracy, w tym wynajmu przez specjalist\u0119 lub op\u0142ata za u\u017cytkowanie systemu antenowego nieb\u0119d\u0105cego cz\u0119\u015bci\u0105 budynku, a tak\u017ce op\u0142aty wynikaj\u0105ce z ustawy o prawie autorskim do retransmisji kablowej, lub<\/li>\n<li>b) funkcjonowanie obiekt\u00f3w prywatnych pod\u0142\u0105czonych do szerokopasmowej sieci kablowej<br \/>\nsystem dystrybucji,<br \/>\nObejmuje to koszty zgodnie z liter\u0105 a, a tak\u017ce bie\u017c\u0105ce miesi\u0119czne op\u0142aty podstawowe za szerokopasmowe po\u0142\u0105czenia kablowe;<\/li>\n<\/ul>\n<\/li>\n<li>16. koszty funkcjonowania pralni,<br \/>\n16. koszty eksploatacji obiekt\u00f3w pralniczych, w tym koszty eksploatacji energii elektrycznej, koszty monitorowania, utrzymania i czyszczenia obiekt\u00f3w, regularnej kontroli ich gotowo\u015bci do pracy i bezpiecze\u0144stwa funkcjonowania oraz koszty zaopatrzenia w wod\u0119 w zgodnie z numerem 2, o ile ich nie ma, zosta\u0142y ju\u017c uwzgl\u0119dnione;<\/li>\n<li>17. pozosta\u0142e koszty operacyjne,<br \/>\nObejmuje to koszty eksploatacyjne w rozumieniu ust. 1, kt\u00f3re nie s\u0105 uj\u0119te w punktach od 1 do 16. Dopuszczalne jest uzgodnienie w umowie najmu odpowiedniej zaliczki na poczet koszt\u00f3w eksploatacyjnych. W\u0142a\u015bciciel musi co roku rozliczy\u0107 si\u0119 z koszt\u00f3w eksploatacji. Dopuszczalne jest tak\u017ce uzgodnienie rycza\u0142tu za koszty eksploatacyjne, kt\u00f3re nie s\u0105 rozliczane osobno.<br \/>\nPrzy rozliczeniu koszt\u00f3w ogrzewania nale\u017cy przestrzega\u0107 specjalnych przepis\u00f3w. Obowi\u0105zuje <a title=\"Rozporz\u0105dzenie w sprawie koszt\u00f3w ogrzewania (HeizkVO)\" href=\"http:\/\/www.gesetze-im-internet.de\/heizkostenv\/index.html\" target=\"_blank\" rel=\"noopener\">rozporz\u0105dzenie w sprawie koszt\u00f3w<\/a> ogrzewania (HeizkVO).<\/li>\n<\/ul>\n<h6>Odpowiedzialny za tre\u015b\u0107 strony Adwokat Prawo najmu Hamburg Berlin Koszty operacyjne: Adwokat Stephan Steinwachs (adwokat Hamburg Berlin)<\/h6>\n<p>[\/vc_column_text][\/vc_column][\/vc_row]<\/p>\n<\/div>","protected":false},"excerpt":{"rendered":"<p>[vc_row triangle_shape=&#8221;no&#8221; css=&#8221;.vc_custom_1700483817938{padding-bottom: 40px !important;}&#8221;][vc_column][vc_column_text]Zgodnie z prawem w czynsz wliczone s\u0105 koszty eksploatacyjne. Mo\u017cna jednak ustali\u0107 w umowie najmu, \u017ce najemca p\u0142aci cz\u0119\u015b\u0107 koszt\u00f3w eksploatacyjnych osobno. Jedynie rzeczy wymienione w umowie najmu musz\u0105 by\u0107 ponoszone przez najemc\u0119. Zwykle wystarczaj\u0105ce jest odniesienie w umowie najmu do obowi\u0105zuj\u0105cego od 1 stycznia 2004 r. rozporz\u0105dzenia w sprawie koszt\u00f3w eksploatacji, kt\u00f3re zawiera katalog pozycji kosztowych, kt\u00f3re mo\u017cna przypisa\u0107 do dzia\u0142u 2 BetrKV. Zgodnie z rozporz\u0105dzeniem w sprawie koszt\u00f3w operacyjnych, koszty operacyjne podlegaj\u0105ce przypisaniu to: 1. bie\u017c\u0105ce op\u0142aty publiczne na nieruchomo\u015bci, Dotyczy to w szczeg\u00f3lno\u015bci podatku od nieruchomo\u015bci; 2. koszty zaopatrzenia w wod\u0119, Nale\u017c\u0105 do&#8230;<\/p>\n","protected":false},"author":1,"featured_media":0,"parent":0,"menu_order":0,"comment_status":"closed","ping_status":"closed","template":"","meta":{"footnotes":""},"class_list":["post-15504","page","type-page","status-publish","hentry"],"yoast_head":"<!-- This site is optimized with the Yoast SEO Premium plugin v27.2 (Yoast SEO v27.4) - https:\/\/yoast.com\/product\/yoast-seo-premium-wordpress\/ -->\n<title>Rechtsanwaltskanzlei in Hamburg Berlin Bremen Hannover L\u00fcbeck<\/title>\n<meta name=\"description\" content=\"Rechtsanwaltskanzlei f\u00fcr Arbeitsrecht, Arzthaftung, Mietrecht, Gewerbemietrecht ,Gastronomierecht, Immobilienrecht, Schadensersatz Yachtrecht\" \/>\n<meta name=\"robots\" content=\"index, follow, max-snippet:-1, max-image-preview:large, max-video-preview:-1\" \/>\n<link rel=\"canonical\" href=\"https:\/\/www.kanzlei-steinwachs.de\/pl\/koszty-operacyjne\/\" \/>\n<meta property=\"og:locale\" content=\"pl_PL\" \/>\n<meta property=\"og:type\" content=\"article\" \/>\n<meta property=\"og:title\" content=\"Rechtsanwaltskanzlei in Hamburg Berlin Bremen Hannover L\u00fcbeck\" \/>\n<meta property=\"og:description\" content=\"Rechtsanwaltskanzlei f\u00fcr Arbeitsrecht, Arzthaftung, Mietrecht, Gewerbemietrecht ,Gastronomierecht, Immobilienrecht, Schadensersatz Yachtrecht\" \/>\n<meta property=\"og:url\" content=\"https:\/\/www.kanzlei-steinwachs.de\/pl\/koszty-operacyjne\/\" \/>\n<meta property=\"og:site_name\" content=\"Rechtsanwaltskanzlei Anwalt Hamburg Berlin Bremen Hannover L\u00fcbeck\" \/>\n<meta property=\"article:publisher\" content=\"https:\/\/www.facebook.com\/STEINWACHSRechtsanwaltskanzlei\/\" \/>\n<meta property=\"article:modified_time\" content=\"2023-12-08T11:54:18+00:00\" \/>\n<meta name=\"twitter:card\" content=\"summary_large_image\" \/>\n<meta name=\"twitter:site\" content=\"@rasteinwachs\" \/>\n<meta name=\"twitter:label1\" content=\"Szacowany czas czytania\" \/>\n\t<meta name=\"twitter:data1\" content=\"6 minut\" \/>\n<script type=\"application\/ld+json\" class=\"yoast-schema-graph\">{\"@context\":\"https:\\\/\\\/schema.org\",\"@graph\":[{\"@type\":\"WebPage\",\"@id\":\"https:\\\/\\\/www.kanzlei-steinwachs.de\\\/pl\\\/koszty-operacyjne\\\/\",\"url\":\"https:\\\/\\\/www.kanzlei-steinwachs.de\\\/pl\\\/koszty-operacyjne\\\/\",\"name\":\"Rechtsanwaltskanzlei in Hamburg Berlin Bremen Hannover L\u00fcbeck\",\"isPartOf\":{\"@id\":\"https:\\\/\\\/www.kanzlei-steinwachs.de\\\/pl\\\/#website\"},\"datePublished\":\"2023-11-20T12:36:20+00:00\",\"dateModified\":\"2023-12-08T11:54:18+00:00\",\"description\":\"Rechtsanwaltskanzlei f\u00fcr Arbeitsrecht, Arzthaftung, Mietrecht, Gewerbemietrecht ,Gastronomierecht, Immobilienrecht, Schadensersatz Yachtrecht\",\"inLanguage\":\"pl-PL\",\"potentialAction\":[{\"@type\":\"ReadAction\",\"target\":[\"https:\\\/\\\/www.kanzlei-steinwachs.de\\\/pl\\\/koszty-operacyjne\\\/\"]}]},{\"@type\":\"WebSite\",\"@id\":\"https:\\\/\\\/www.kanzlei-steinwachs.de\\\/pl\\\/#website\",\"url\":\"https:\\\/\\\/www.kanzlei-steinwachs.de\\\/pl\\\/\",\"name\":\"Rechtsanwaltskanzlei Anwalt Hamburg Berlin Bremen Hannover L\u00fcbeck\",\"description\":\"Wir leisten mehr als Recht bietet\",\"publisher\":{\"@id\":\"https:\\\/\\\/www.kanzlei-steinwachs.de\\\/pl\\\/#organization\"},\"potentialAction\":[{\"@type\":\"SearchAction\",\"target\":{\"@type\":\"EntryPoint\",\"urlTemplate\":\"https:\\\/\\\/www.kanzlei-steinwachs.de\\\/pl\\\/?s={search_term_string}\"},\"query-input\":{\"@type\":\"PropertyValueSpecification\",\"valueRequired\":true,\"valueName\":\"search_term_string\"}}],\"inLanguage\":\"pl-PL\"},{\"@type\":[\"Organization\",\"Place\"],\"@id\":\"https:\\\/\\\/www.kanzlei-steinwachs.de\\\/pl\\\/#organization\",\"name\":\"Rechtsanwaltskanzlei Anwalt Hamburg Berlin Bremen Hannover L\u00fcbeck\",\"url\":\"https:\\\/\\\/www.kanzlei-steinwachs.de\\\/\",\"logo\":{\"@type\":\"ImageObject\",\"inLanguage\":\"pl-PL\",\"@id\":\"https:\\\/\\\/www.kanzlei-steinwachs.de\\\/pl\\\/#\\\/schema\\\/logo\\\/image\\\/\",\"url\":\"https:\\\/\\\/i0.wp.com\\\/www.kanzlei-steinwachs.de\\\/wp-content\\\/uploads\\\/2023\\\/12\\\/logo.webp?fit=174%2C76&quality=80&ssl=1\",\"contentUrl\":\"https:\\\/\\\/i0.wp.com\\\/www.kanzlei-steinwachs.de\\\/wp-content\\\/uploads\\\/2023\\\/12\\\/logo.webp?fit=174%2C76&quality=80&ssl=1\",\"width\":174,\"height\":76,\"caption\":\"Rechtsanwaltskanzlei Anwalt Hamburg Berlin Bremen Hannover L\u00fcbeck\"},\"image\":{\"@id\":\"https:\\\/\\\/www.kanzlei-steinwachs.de\\\/pl\\\/#\\\/schema\\\/logo\\\/image\\\/\"},\"sameAs\":[\"https:\\\/\\\/www.facebook.com\\\/STEINWACHSRechtsanwaltskanzlei\\\/\",\"https:\\\/\\\/x.com\\\/rasteinwachs\",\"https:\\\/\\\/www.instagram.com\\\/steinwachs_rechtsanwaelte\\\/\",\"https:\\\/\\\/www.linkedin.com\\\/in\\\/stephan-steinwachs-7a270197\\\/\",\"https:\\\/\\\/www.youtube.com\\\/channel\\\/UCffmodDlQx81remXm395RWA\"],\"telephone\":[]}]}<\/script>\n<!-- \/ Yoast SEO Premium plugin. -->","yoast_head_json":{"title":"Rechtsanwaltskanzlei in Hamburg Berlin Bremen Hannover L\u00fcbeck","description":"Rechtsanwaltskanzlei f\u00fcr Arbeitsrecht, Arzthaftung, Mietrecht, Gewerbemietrecht ,Gastronomierecht, Immobilienrecht, Schadensersatz Yachtrecht","robots":{"index":"index","follow":"follow","max-snippet":"max-snippet:-1","max-image-preview":"max-image-preview:large","max-video-preview":"max-video-preview:-1"},"canonical":"https:\/\/www.kanzlei-steinwachs.de\/pl\/koszty-operacyjne\/","og_locale":"pl_PL","og_type":"article","og_title":"Rechtsanwaltskanzlei in Hamburg Berlin Bremen Hannover L\u00fcbeck","og_description":"Rechtsanwaltskanzlei f\u00fcr Arbeitsrecht, Arzthaftung, Mietrecht, Gewerbemietrecht ,Gastronomierecht, Immobilienrecht, Schadensersatz Yachtrecht","og_url":"https:\/\/www.kanzlei-steinwachs.de\/pl\/koszty-operacyjne\/","og_site_name":"Rechtsanwaltskanzlei Anwalt Hamburg Berlin Bremen Hannover L\u00fcbeck","article_publisher":"https:\/\/www.facebook.com\/STEINWACHSRechtsanwaltskanzlei\/","article_modified_time":"2023-12-08T11:54:18+00:00","twitter_card":"summary_large_image","twitter_site":"@rasteinwachs","twitter_misc":{"Szacowany czas czytania":"6 minut"},"schema":{"@context":"https:\/\/schema.org","@graph":[{"@type":"WebPage","@id":"https:\/\/www.kanzlei-steinwachs.de\/pl\/koszty-operacyjne\/","url":"https:\/\/www.kanzlei-steinwachs.de\/pl\/koszty-operacyjne\/","name":"Rechtsanwaltskanzlei in Hamburg Berlin Bremen Hannover L\u00fcbeck","isPartOf":{"@id":"https:\/\/www.kanzlei-steinwachs.de\/pl\/#website"},"datePublished":"2023-11-20T12:36:20+00:00","dateModified":"2023-12-08T11:54:18+00:00","description":"Rechtsanwaltskanzlei f\u00fcr Arbeitsrecht, Arzthaftung, Mietrecht, Gewerbemietrecht ,Gastronomierecht, Immobilienrecht, Schadensersatz Yachtrecht","inLanguage":"pl-PL","potentialAction":[{"@type":"ReadAction","target":["https:\/\/www.kanzlei-steinwachs.de\/pl\/koszty-operacyjne\/"]}]},{"@type":"WebSite","@id":"https:\/\/www.kanzlei-steinwachs.de\/pl\/#website","url":"https:\/\/www.kanzlei-steinwachs.de\/pl\/","name":"Rechtsanwaltskanzlei Anwalt Hamburg Berlin Bremen Hannover L\u00fcbeck","description":"Wir leisten mehr als Recht bietet","publisher":{"@id":"https:\/\/www.kanzlei-steinwachs.de\/pl\/#organization"},"potentialAction":[{"@type":"SearchAction","target":{"@type":"EntryPoint","urlTemplate":"https:\/\/www.kanzlei-steinwachs.de\/pl\/?s={search_term_string}"},"query-input":{"@type":"PropertyValueSpecification","valueRequired":true,"valueName":"search_term_string"}}],"inLanguage":"pl-PL"},{"@type":["Organization","Place"],"@id":"https:\/\/www.kanzlei-steinwachs.de\/pl\/#organization","name":"Rechtsanwaltskanzlei Anwalt Hamburg Berlin Bremen Hannover L\u00fcbeck","url":"https:\/\/www.kanzlei-steinwachs.de\/","logo":{"@type":"ImageObject","inLanguage":"pl-PL","@id":"https:\/\/www.kanzlei-steinwachs.de\/pl\/#\/schema\/logo\/image\/","url":"https:\/\/i0.wp.com\/www.kanzlei-steinwachs.de\/wp-content\/uploads\/2023\/12\/logo.webp?fit=174%2C76&quality=80&ssl=1","contentUrl":"https:\/\/i0.wp.com\/www.kanzlei-steinwachs.de\/wp-content\/uploads\/2023\/12\/logo.webp?fit=174%2C76&quality=80&ssl=1","width":174,"height":76,"caption":"Rechtsanwaltskanzlei Anwalt Hamburg Berlin Bremen Hannover L\u00fcbeck"},"image":{"@id":"https:\/\/www.kanzlei-steinwachs.de\/pl\/#\/schema\/logo\/image\/"},"sameAs":["https:\/\/www.facebook.com\/STEINWACHSRechtsanwaltskanzlei\/","https:\/\/x.com\/rasteinwachs","https:\/\/www.instagram.com\/steinwachs_rechtsanwaelte\/","https:\/\/www.linkedin.com\/in\/stephan-steinwachs-7a270197\/","https:\/\/www.youtube.com\/channel\/UCffmodDlQx81remXm395RWA"],"telephone":[]}]}},"jetpack_sharing_enabled":true,"_links":{"self":[{"href":"https:\/\/www.kanzlei-steinwachs.de\/pl\/wp-json\/wp\/v2\/pages\/15504","targetHints":{"allow":["GET"]}}],"collection":[{"href":"https:\/\/www.kanzlei-steinwachs.de\/pl\/wp-json\/wp\/v2\/pages"}],"about":[{"href":"https:\/\/www.kanzlei-steinwachs.de\/pl\/wp-json\/wp\/v2\/types\/page"}],"author":[{"embeddable":true,"href":"https:\/\/www.kanzlei-steinwachs.de\/pl\/wp-json\/wp\/v2\/users\/1"}],"replies":[{"embeddable":true,"href":"https:\/\/www.kanzlei-steinwachs.de\/pl\/wp-json\/wp\/v2\/comments?post=15504"}],"version-history":[{"count":0,"href":"https:\/\/www.kanzlei-steinwachs.de\/pl\/wp-json\/wp\/v2\/pages\/15504\/revisions"}],"wp:attachment":[{"href":"https:\/\/www.kanzlei-steinwachs.de\/pl\/wp-json\/wp\/v2\/media?parent=15504"}],"curies":[{"name":"wp","href":"https:\/\/api.w.org\/{rel}","templated":true}]}}