{"id":14883,"date":"2023-11-21T05:42:18","date_gmt":"2023-11-21T04:42:18","guid":{"rendered":"https:\/\/www.kanzlei-steinwachs.de\/prawo-najmu-2\/limit-czynszu\/"},"modified":"2023-12-04T15:09:21","modified_gmt":"2023-12-04T14:09:21","slug":"limit-czynszu","status":"publish","type":"page","link":"https:\/\/www.kanzlei-steinwachs.de\/pl\/prawo-najmu-2\/limit-czynszu\/","title":{"rendered":"Limit czynszu"},"content":{"rendered":"<div class=\"wpb-content-wrapper\"><p>[vc_row triangle_shape=&#8221;no&#8221; css=&#8221;.vc_custom_1700541777626{margin-bottom: 50px !important;}&#8221;][vc_column][vc_column_text]Przedmiotem pracy prawnika z zakresu prawa najmu s\u0105 zagadnienia i spory prawne zwi\u0105zane z umow\u0105 najmu. Strony zobowi\u0105zuj\u0105 si\u0119 do przestrzegania prawa najmu d\u0142ugoterminowego, przede wszystkim poprzez zawieranie um\u00f3w najmu powierzchni komercyjnych lub mieszkalnych. Zaleca si\u0119, aby zar\u00f3wno w\u0142a\u015bciciele, jak i najemcy, zawsze z wyprzedzeniem sprawdzali umow\u0119 najmu przez prawnika do\u015bwiadczonego w zakresie prawa najmu.  <\/p>\n<p>Prawo najmu reguluj\u0105 w szczeg\u00f3lno\u015bci przepisy:<\/p>\n<ul>\n<li><a title=\"Kodeks cywilny\" href=\"http:\/\/www.gesetze-im-internet.de\/bgb\/\" target=\"_blank\" rel=\"noopener\">Kodeks<\/a> cywilny (\u00a7\u00a7 535 i nast. BGB).<\/li>\n<li><a title=\"Ustawa o zatrzymaniu mieszka\u0144\" href=\"http:\/\/www.gesetze-im-internet.de\/wobindg\/index.html\" target=\"_blank\" rel=\"noopener\">Obowi\u0105zuj\u0105ca<\/a> ustawa mieszkaniowa (WoBindG)<\/li>\n<li><a title=\"Drugi przepis obliczeniowy\" href=\"http:\/\/www.gesetze-im-internet.de\/bvo_2\/index.html\" target=\"_blank\" rel=\"noopener\">Drugie<\/a> rozporz\u0105dzenie w sprawie oblicze\u0144 (II. BVO)<\/li>\n<li><a title=\"Nowe rozporz\u0105dzenie w sprawie czynsz\u00f3w za budynki\" href=\"http:\/\/www.gesetze-im-internet.de\/nmv_1970\/index.html\" target=\"_blank\" rel=\"noopener\">Rozporz\u0105dzenie w sprawie czynsz\u00f3w w nowych budynkach<\/a> (NMV)<\/li>\n<li><a title=\"Druga ustawa o mieszkalnictwie (strona niedost\u0119pna)\" href=\"https:\/\/www.jurion.de\/Gesetze\/II_WoBauG\" target=\"_blank\" rel=\"noopener\">Druga ustawa<\/a> o budownictwie mieszkaniowym (II.WoBauG).<\/li>\n<\/ul>\n<p>Dzieje si\u0119 tak w przypadku powierzchni mieszkalnych o kontrolowanych cenach od 1 stycznia 2002 r<\/p>\n<ul>\n<li><a title=\"Ustawa o promocji budownictwa mieszkaniowego\" href=\"http:\/\/www.gesetze-im-internet.de\/wofg\/index.html\" target=\"_blank\" rel=\"noopener\">Ustawa o promocji budownictwa mieszkaniowego<\/a> (BGBl I 2001, 2376).<\/li>\n<\/ul>\n<p>W\u015br\u00f3d pozycji menu:<\/p>\n<ul>\n<li><a title=\"Prawnik Rozwi\u0105zanie umowy najmu Hamburg Berlin\" href=\"https:\/\/www.kanzlei-steinwachs.de\/rechtsanwalt-mietrecht-hamburg-berlin\/kuendigung\" target=\"_self\" rel=\"noopener\">Zako\u0144czenie<\/a><\/li>\n<li><a title=\"Prawnik Wady prawa najmu i obni\u017cka czynszu Hamburg Berlin\" href=\"https:\/\/www.kanzlei-steinwachs.de\/rechtsanwalt-mietrecht-hamburg-berlin\/mangel-und-mietminderung\" target=\"_self\" rel=\"noopener\">Wady i obni\u017cenie czynszu<\/a><\/li>\n<li><a title=\"Prawnik Prawo najmu Hamburg Berlin Podwy\u017cka czynszu\" href=\"https:\/\/www.kanzlei-steinwachs.de\/rechtsanwalt-mietrecht-hamburg-berlin\/mieterhoehung\" target=\"_self\" rel=\"noopener\">podwy\u017cka czynszu<\/a><\/li>\n<li><a title=\"Prawnik Prawo najmu Hamburg Berlin Koszty operacyjne\" href=\"https:\/\/www.kanzlei-steinwachs.de\/rechtsanwalt-mietrecht-hamburg-berlin\/betriebskosten\" target=\"_self\" rel=\"noopener\">koszty operacyjne<\/a><\/li>\n<\/ul>\n<p>Znajdziesz tu informacje na tematy przygotowane przez prawnika Steinwachsa. Nie mo\u017ce to oczywi\u015bcie zast\u0105pi\u0107 porady prawnika specjalizuj\u0105cego si\u0119 w prawie najmu. <\/p>\n<p>Poniewa\u017c prawo najmu sta\u0142o si\u0119 skomplikowane nawet dla prawnik\u00f3w z powodu niejasnego ustawodawstwa i orzecze\u0144 s\u0105d\u00f3w w\u0142a\u015bciwych dla danego stanu, w przypadku sporu nie mo\u017cna obej\u015b\u0107 si\u0119 bez pomocy prawnika maj\u0105cego do\u015bwiadczenie w prawie najmu. Jako najemca lub wynajmuj\u0105cy w STEINWACHS mo\u017cesz skorzysta\u0107 z do\u015bwiadczenia swojego prawnika &#8211; szczeg\u00f3lnie w temacie <a title=\"Prawnik Rozwi\u0105zanie umowy najmu Hamburg Berlin\" href=\"https:\/\/www.kanzlei-steinwachs.de\/rechtsanwalt-mietrecht-hamburg-berlin\/kuendigung\" target=\"_self\" rel=\"noopener\">rozwi\u0105zania<\/a> umowy najmu.<\/p>\n<p>Zesp\u00f3\u0142 STEINWACHS w Hamburgu i Berlinie pracuje we wszystkich obszarach prawa najmu. Twoje porady w Hamburgu i Berlinie zostan\u0105 udzielone przez prawnika maj\u0105cego do\u015bwiadczenie i skuteczno\u015b\u0107 w prawie najmu. <\/p>\n<p>Przeczytaj wszystko na ten temat na naszym blogu <a title=\"czynsz i prawo\" href=\"http:\/\/mieten-und-recht.com\/\" target=\"_blank\" rel=\"noopener\">po\u015bwi\u0119conym prawu<\/a> najmu!<\/p>\n<h6>Odpowiedzialny za tre\u015b\u0107 strony Adwokat Prawo najmu Hamburg Berlin Brema: Adwokat Stephan Steinwachs (adwokat Hamburg Berlin Brema)<\/h6>\n<div class=\"pe-richsnippets\"><\/div>\n<p>[\/vc_column_text][\/vc_column][\/vc_row]<\/p>\n<\/div>","protected":false},"excerpt":{"rendered":"<p>[vc_row triangle_shape=&#8221;no&#8221; css=&#8221;.vc_custom_1700541777626{margin-bottom: 50px !important;}&#8221;][vc_column][vc_column_text]Przedmiotem pracy prawnika z zakresu prawa najmu s\u0105 zagadnienia i spory prawne zwi\u0105zane z umow\u0105 najmu. Strony zobowi\u0105zuj\u0105 si\u0119 do przestrzegania prawa najmu d\u0142ugoterminowego, przede wszystkim poprzez zawieranie um\u00f3w najmu powierzchni komercyjnych lub mieszkalnych. Zaleca si\u0119, aby zar\u00f3wno w\u0142a\u015bciciele, jak i najemcy, zawsze z wyprzedzeniem sprawdzali umow\u0119 najmu przez prawnika do\u015bwiadczonego w zakresie prawa najmu. Prawo najmu reguluj\u0105 w szczeg\u00f3lno\u015bci przepisy: Kodeks cywilny (\u00a7\u00a7 535 i nast. BGB). Obowi\u0105zuj\u0105ca ustawa mieszkaniowa (WoBindG) Drugie rozporz\u0105dzenie w sprawie oblicze\u0144 (II. BVO) Rozporz\u0105dzenie w sprawie czynsz\u00f3w w nowych budynkach (NMV) Druga ustawa o budownictwie mieszkaniowym (II.WoBauG). Dzieje si\u0119 tak&#8230;<\/p>\n","protected":false},"author":1,"featured_media":0,"parent":8708,"menu_order":0,"comment_status":"closed","ping_status":"closed","template":"","meta":{"footnotes":""},"class_list":["post-14883","page","type-page","status-publish","hentry"],"yoast_head":"<!-- This site is optimized with the Yoast SEO Premium plugin v27.2 (Yoast SEO v27.4) - https:\/\/yoast.com\/product\/yoast-seo-premium-wordpress\/ -->\n<title>Rechtsanwaltskanzlei in Hamburg Berlin Bremen Hannover L\u00fcbeck<\/title>\n<meta name=\"description\" content=\"Rechtsanwaltskanzlei f\u00fcr Arbeitsrecht, Arzthaftung, Mietrecht, Gewerbemietrecht ,Gastronomierecht, Immobilienrecht, Schadensersatz Yachtrecht\" \/>\n<meta name=\"robots\" content=\"index, follow, max-snippet:-1, max-image-preview:large, max-video-preview:-1\" \/>\n<link rel=\"canonical\" href=\"https:\/\/www.kanzlei-steinwachs.de\/pl\/prawo-najmu-2\/limit-czynszu\/\" \/>\n<meta property=\"og:locale\" content=\"pl_PL\" \/>\n<meta property=\"og:type\" content=\"article\" \/>\n<meta property=\"og:title\" content=\"Rechtsanwaltskanzlei in Hamburg Berlin Bremen Hannover L\u00fcbeck\" \/>\n<meta property=\"og:description\" content=\"Rechtsanwaltskanzlei f\u00fcr Arbeitsrecht, Arzthaftung, Mietrecht, Gewerbemietrecht ,Gastronomierecht, Immobilienrecht, Schadensersatz Yachtrecht\" \/>\n<meta property=\"og:url\" content=\"https:\/\/www.kanzlei-steinwachs.de\/pl\/prawo-najmu-2\/limit-czynszu\/\" \/>\n<meta property=\"og:site_name\" content=\"Rechtsanwaltskanzlei Anwalt Hamburg Berlin Bremen Hannover L\u00fcbeck\" \/>\n<meta property=\"article:publisher\" content=\"https:\/\/www.facebook.com\/STEINWACHSRechtsanwaltskanzlei\/\" \/>\n<meta property=\"article:modified_time\" content=\"2023-12-04T14:09:21+00:00\" \/>\n<meta name=\"twitter:card\" content=\"summary_large_image\" \/>\n<meta name=\"twitter:site\" content=\"@rasteinwachs\" \/>\n<meta name=\"twitter:label1\" content=\"Szacowany czas czytania\" \/>\n\t<meta name=\"twitter:data1\" content=\"2 minuty\" \/>\n<script type=\"application\/ld+json\" class=\"yoast-schema-graph\">{\"@context\":\"https:\\\/\\\/schema.org\",\"@graph\":[{\"@type\":\"WebPage\",\"@id\":\"https:\\\/\\\/www.kanzlei-steinwachs.de\\\/pl\\\/prawo-najmu-2\\\/limit-czynszu\\\/\",\"url\":\"https:\\\/\\\/www.kanzlei-steinwachs.de\\\/pl\\\/prawo-najmu-2\\\/limit-czynszu\\\/\",\"name\":\"Rechtsanwaltskanzlei in Hamburg Berlin Bremen Hannover L\u00fcbeck\",\"isPartOf\":{\"@id\":\"https:\\\/\\\/www.kanzlei-steinwachs.de\\\/pl\\\/#website\"},\"datePublished\":\"2023-11-21T04:42:18+00:00\",\"dateModified\":\"2023-12-04T14:09:21+00:00\",\"description\":\"Rechtsanwaltskanzlei f\u00fcr Arbeitsrecht, Arzthaftung, Mietrecht, Gewerbemietrecht ,Gastronomierecht, Immobilienrecht, Schadensersatz Yachtrecht\",\"breadcrumb\":{\"@id\":\"https:\\\/\\\/www.kanzlei-steinwachs.de\\\/pl\\\/prawo-najmu-2\\\/limit-czynszu\\\/#breadcrumb\"},\"inLanguage\":\"pl-PL\",\"potentialAction\":[{\"@type\":\"ReadAction\",\"target\":[\"https:\\\/\\\/www.kanzlei-steinwachs.de\\\/pl\\\/prawo-najmu-2\\\/limit-czynszu\\\/\"]}]},{\"@type\":\"BreadcrumbList\",\"@id\":\"https:\\\/\\\/www.kanzlei-steinwachs.de\\\/pl\\\/prawo-najmu-2\\\/limit-czynszu\\\/#breadcrumb\",\"itemListElement\":[{\"@type\":\"ListItem\",\"position\":1,\"name\":\"Prawo najmu\",\"item\":\"https:\\\/\\\/www.kanzlei-steinwachs.de\\\/pl\\\/prawo-najmu-2\\\/\"},{\"@type\":\"ListItem\",\"position\":2,\"name\":\"Limit czynszu\"}]},{\"@type\":\"WebSite\",\"@id\":\"https:\\\/\\\/www.kanzlei-steinwachs.de\\\/pl\\\/#website\",\"url\":\"https:\\\/\\\/www.kanzlei-steinwachs.de\\\/pl\\\/\",\"name\":\"Rechtsanwaltskanzlei Anwalt Hamburg Berlin Bremen Hannover L\u00fcbeck\",\"description\":\"Wir leisten mehr als Recht bietet\",\"publisher\":{\"@id\":\"https:\\\/\\\/www.kanzlei-steinwachs.de\\\/pl\\\/#organization\"},\"potentialAction\":[{\"@type\":\"SearchAction\",\"target\":{\"@type\":\"EntryPoint\",\"urlTemplate\":\"https:\\\/\\\/www.kanzlei-steinwachs.de\\\/pl\\\/?s={search_term_string}\"},\"query-input\":{\"@type\":\"PropertyValueSpecification\",\"valueRequired\":true,\"valueName\":\"search_term_string\"}}],\"inLanguage\":\"pl-PL\"},{\"@type\":[\"Organization\",\"Place\"],\"@id\":\"https:\\\/\\\/www.kanzlei-steinwachs.de\\\/pl\\\/#organization\",\"name\":\"Rechtsanwaltskanzlei Anwalt Hamburg Berlin Bremen Hannover L\u00fcbeck\",\"url\":\"https:\\\/\\\/www.kanzlei-steinwachs.de\\\/\",\"logo\":{\"@type\":\"ImageObject\",\"inLanguage\":\"pl-PL\",\"@id\":\"https:\\\/\\\/www.kanzlei-steinwachs.de\\\/pl\\\/#\\\/schema\\\/logo\\\/image\\\/\",\"url\":\"https:\\\/\\\/i0.wp.com\\\/www.kanzlei-steinwachs.de\\\/wp-content\\\/uploads\\\/2023\\\/12\\\/logo.webp?fit=174%2C76&quality=80&ssl=1\",\"contentUrl\":\"https:\\\/\\\/i0.wp.com\\\/www.kanzlei-steinwachs.de\\\/wp-content\\\/uploads\\\/2023\\\/12\\\/logo.webp?fit=174%2C76&quality=80&ssl=1\",\"width\":174,\"height\":76,\"caption\":\"Rechtsanwaltskanzlei Anwalt Hamburg Berlin Bremen Hannover L\u00fcbeck\"},\"image\":{\"@id\":\"https:\\\/\\\/www.kanzlei-steinwachs.de\\\/pl\\\/#\\\/schema\\\/logo\\\/image\\\/\"},\"sameAs\":[\"https:\\\/\\\/www.facebook.com\\\/STEINWACHSRechtsanwaltskanzlei\\\/\",\"https:\\\/\\\/x.com\\\/rasteinwachs\",\"https:\\\/\\\/www.instagram.com\\\/steinwachs_rechtsanwaelte\\\/\",\"https:\\\/\\\/www.linkedin.com\\\/in\\\/stephan-steinwachs-7a270197\\\/\",\"https:\\\/\\\/www.youtube.com\\\/channel\\\/UCffmodDlQx81remXm395RWA\"],\"telephone\":[]}]}<\/script>\n<!-- \/ Yoast SEO Premium plugin. -->","yoast_head_json":{"title":"Rechtsanwaltskanzlei in Hamburg Berlin Bremen Hannover L\u00fcbeck","description":"Rechtsanwaltskanzlei f\u00fcr Arbeitsrecht, Arzthaftung, Mietrecht, Gewerbemietrecht ,Gastronomierecht, Immobilienrecht, Schadensersatz Yachtrecht","robots":{"index":"index","follow":"follow","max-snippet":"max-snippet:-1","max-image-preview":"max-image-preview:large","max-video-preview":"max-video-preview:-1"},"canonical":"https:\/\/www.kanzlei-steinwachs.de\/pl\/prawo-najmu-2\/limit-czynszu\/","og_locale":"pl_PL","og_type":"article","og_title":"Rechtsanwaltskanzlei in Hamburg Berlin Bremen Hannover L\u00fcbeck","og_description":"Rechtsanwaltskanzlei f\u00fcr Arbeitsrecht, Arzthaftung, Mietrecht, Gewerbemietrecht ,Gastronomierecht, Immobilienrecht, Schadensersatz Yachtrecht","og_url":"https:\/\/www.kanzlei-steinwachs.de\/pl\/prawo-najmu-2\/limit-czynszu\/","og_site_name":"Rechtsanwaltskanzlei Anwalt Hamburg Berlin Bremen Hannover L\u00fcbeck","article_publisher":"https:\/\/www.facebook.com\/STEINWACHSRechtsanwaltskanzlei\/","article_modified_time":"2023-12-04T14:09:21+00:00","twitter_card":"summary_large_image","twitter_site":"@rasteinwachs","twitter_misc":{"Szacowany czas czytania":"2 minuty"},"schema":{"@context":"https:\/\/schema.org","@graph":[{"@type":"WebPage","@id":"https:\/\/www.kanzlei-steinwachs.de\/pl\/prawo-najmu-2\/limit-czynszu\/","url":"https:\/\/www.kanzlei-steinwachs.de\/pl\/prawo-najmu-2\/limit-czynszu\/","name":"Rechtsanwaltskanzlei in Hamburg Berlin Bremen Hannover L\u00fcbeck","isPartOf":{"@id":"https:\/\/www.kanzlei-steinwachs.de\/pl\/#website"},"datePublished":"2023-11-21T04:42:18+00:00","dateModified":"2023-12-04T14:09:21+00:00","description":"Rechtsanwaltskanzlei f\u00fcr Arbeitsrecht, Arzthaftung, Mietrecht, Gewerbemietrecht ,Gastronomierecht, Immobilienrecht, Schadensersatz Yachtrecht","breadcrumb":{"@id":"https:\/\/www.kanzlei-steinwachs.de\/pl\/prawo-najmu-2\/limit-czynszu\/#breadcrumb"},"inLanguage":"pl-PL","potentialAction":[{"@type":"ReadAction","target":["https:\/\/www.kanzlei-steinwachs.de\/pl\/prawo-najmu-2\/limit-czynszu\/"]}]},{"@type":"BreadcrumbList","@id":"https:\/\/www.kanzlei-steinwachs.de\/pl\/prawo-najmu-2\/limit-czynszu\/#breadcrumb","itemListElement":[{"@type":"ListItem","position":1,"name":"Prawo najmu","item":"https:\/\/www.kanzlei-steinwachs.de\/pl\/prawo-najmu-2\/"},{"@type":"ListItem","position":2,"name":"Limit czynszu"}]},{"@type":"WebSite","@id":"https:\/\/www.kanzlei-steinwachs.de\/pl\/#website","url":"https:\/\/www.kanzlei-steinwachs.de\/pl\/","name":"Rechtsanwaltskanzlei Anwalt Hamburg Berlin Bremen Hannover L\u00fcbeck","description":"Wir leisten mehr als Recht bietet","publisher":{"@id":"https:\/\/www.kanzlei-steinwachs.de\/pl\/#organization"},"potentialAction":[{"@type":"SearchAction","target":{"@type":"EntryPoint","urlTemplate":"https:\/\/www.kanzlei-steinwachs.de\/pl\/?s={search_term_string}"},"query-input":{"@type":"PropertyValueSpecification","valueRequired":true,"valueName":"search_term_string"}}],"inLanguage":"pl-PL"},{"@type":["Organization","Place"],"@id":"https:\/\/www.kanzlei-steinwachs.de\/pl\/#organization","name":"Rechtsanwaltskanzlei Anwalt Hamburg Berlin Bremen Hannover L\u00fcbeck","url":"https:\/\/www.kanzlei-steinwachs.de\/","logo":{"@type":"ImageObject","inLanguage":"pl-PL","@id":"https:\/\/www.kanzlei-steinwachs.de\/pl\/#\/schema\/logo\/image\/","url":"https:\/\/i0.wp.com\/www.kanzlei-steinwachs.de\/wp-content\/uploads\/2023\/12\/logo.webp?fit=174%2C76&quality=80&ssl=1","contentUrl":"https:\/\/i0.wp.com\/www.kanzlei-steinwachs.de\/wp-content\/uploads\/2023\/12\/logo.webp?fit=174%2C76&quality=80&ssl=1","width":174,"height":76,"caption":"Rechtsanwaltskanzlei Anwalt Hamburg Berlin Bremen Hannover L\u00fcbeck"},"image":{"@id":"https:\/\/www.kanzlei-steinwachs.de\/pl\/#\/schema\/logo\/image\/"},"sameAs":["https:\/\/www.facebook.com\/STEINWACHSRechtsanwaltskanzlei\/","https:\/\/x.com\/rasteinwachs","https:\/\/www.instagram.com\/steinwachs_rechtsanwaelte\/","https:\/\/www.linkedin.com\/in\/stephan-steinwachs-7a270197\/","https:\/\/www.youtube.com\/channel\/UCffmodDlQx81remXm395RWA"],"telephone":[]}]}},"jetpack_sharing_enabled":true,"_links":{"self":[{"href":"https:\/\/www.kanzlei-steinwachs.de\/pl\/wp-json\/wp\/v2\/pages\/14883","targetHints":{"allow":["GET"]}}],"collection":[{"href":"https:\/\/www.kanzlei-steinwachs.de\/pl\/wp-json\/wp\/v2\/pages"}],"about":[{"href":"https:\/\/www.kanzlei-steinwachs.de\/pl\/wp-json\/wp\/v2\/types\/page"}],"author":[{"embeddable":true,"href":"https:\/\/www.kanzlei-steinwachs.de\/pl\/wp-json\/wp\/v2\/users\/1"}],"replies":[{"embeddable":true,"href":"https:\/\/www.kanzlei-steinwachs.de\/pl\/wp-json\/wp\/v2\/comments?post=14883"}],"version-history":[{"count":0,"href":"https:\/\/www.kanzlei-steinwachs.de\/pl\/wp-json\/wp\/v2\/pages\/14883\/revisions"}],"up":[{"embeddable":true,"href":"https:\/\/www.kanzlei-steinwachs.de\/pl\/wp-json\/wp\/v2\/pages\/8708"}],"wp:attachment":[{"href":"https:\/\/www.kanzlei-steinwachs.de\/pl\/wp-json\/wp\/v2\/media?parent=14883"}],"curies":[{"name":"wp","href":"https:\/\/api.w.org\/{rel}","templated":true}]}}