{"id":14807,"date":"2023-11-21T04:52:03","date_gmt":"2023-11-21T03:52:03","guid":{"rendered":"https:\/\/www.kanzlei-steinwachs.de\/prawo-najmu-komercyjnego\/prawnik-ds-najmu-obiektow-komercyjnych-w-hamburgu\/"},"modified":"2023-12-04T14:35:43","modified_gmt":"2023-12-04T13:35:43","slug":"prawnik-ds-najmu-obiektow-komercyjnych-w-hamburgu","status":"publish","type":"page","link":"https:\/\/www.kanzlei-steinwachs.de\/pl\/prawo-najmu-komercyjnego\/prawnik-ds-najmu-obiektow-komercyjnych-w-hamburgu\/","title":{"rendered":"Prawnik ds. najmu obiekt\u00f3w komercyjnych w Hamburgu"},"content":{"rendered":"<div class=\"wpb-content-wrapper\"><p>[vc_row triangle_shape=&#8221;no&#8221; css=&#8221;.vc_custom_1700538808372{margin-bottom: 50px !important;}&#8221;][vc_column][vc_column_text]Nasi prawnicy zajmuj\u0105cy si\u0119 <strong>prawem<\/strong> najmu <strong>komercyjnego<\/strong> w <strong>Hamburgu<\/strong> odpowiedz\u0105 na Twoje pytania dotycz\u0105ce prawa najmu komercyjnego i udziel\u0105 kompleksowych porad w zakresie prawa najmu komercyjnego. Zapewniamy odpowiednie dla Ciebie rozwi\u0105zania w zakresie prawa najmu komercyjnego i prawa leasingu, dla Twojej komercyjnej umowy najmu i umowy najmu.<\/p>\n<p>Ch\u0119tnie przygotujemy umow\u0119 najmu komercyjnego lub umow\u0119 najmu dostosowan\u0105 do Twoich konkretnych wymaga\u0144. Oczywi\u015bcie sprawdzimy r\u00f3wnie\u017c Twoj\u0105 umow\u0119 najmu komercyjnego jako ca\u0142o\u015b\u0107 lub tylko konkretne pytania, kt\u00f3re zada\u0142e\u015b na temat umowy najmu komercyjnego i przepis\u00f3w dotycz\u0105cych wynajmu komercyjnego. <\/p>\n<p>W tym zakresie nasi <strong>prawnicy<\/strong> zajmuj\u0105cy si\u0119 <strong>prawem<\/strong> najmu komercyjnego w <strong>Hamburgu<\/strong> oferuj\u0105 Pa\u0144stwu nast\u0119puj\u0105ce us\u0142ugi, cz\u0119sto spotykane w praktyce:<\/p>\n<ul>\n<li>W tym zakresie nasi prawnicy zajmuj\u0105cy si\u0119 prawem najmu komercyjnego w Hamburgu oferuj\u0105 Pa\u0144stwu nast\u0119puj\u0105ce us\u0142ugi, cz\u0119sto spotykane w praktyce: Op\u00f3\u017aniona p\u0142atno\u015b\u0107<\/li>\n<li>nast\u0119pnie zast\u0119pstwo prawne w zwykle kolejnych post\u0119powaniach eksmisyjnych<\/li>\n<li>W szczeg\u00f3lno\u015bci tworzenie i opracowywanie um\u00f3w najmu. komercyjne umowy najmu<\/li>\n<li>tutaj szczeg\u00f3lnie Doprecyzowanie kwestii dotycz\u0105cych czasu trwania umowy, mo\u017cliwo\u015bci jej przed\u0142u\u017cenia i innych klauzul, kt\u00f3rych nale\u017cy przestrzega\u0107 w przypadku najmu komercyjnego, cho\u0107 do\u015bwiadczenie pokaza\u0142o, \u017ce ma to sens z g\u00f3ry, tj. H. Przed podpisaniem umowy najmu komercyjnego zasi\u0119gnij porady prawnej<\/li>\n<li>r\u00f3\u017cne pytania dotycz\u0105ce okres\u00f3w wypowiedzenia zar\u00f3wno w prawie najmu lokali mieszkalnych, jak i komercyjnych<\/li>\n<li>Przegl\u0105d skuteczno\u015bci um\u00f3w najmu lub indywidualnych regulamin\u00f3w, w szczeg\u00f3lno\u015bci w zakresie og\u00f3lnych warunk\u00f3w handlowych \u2013 istotnych klauzul w \u015bwietle orzecznictwa z zakresu prawa najmu<\/li>\n<li>Dochodzenie i obrona przed roszczeniami dotycz\u0105cymi obni\u017cenia czynszu<\/li>\n<li>Egzekucja zaleg\u0142o\u015bci czynszowych i obrona przed takimi roszczeniami<\/li>\n<li>Egzekucja i obrona Twoich roszcze\u0144 w zwi\u0105zku z podwy\u017ck\u0105 czynszu<\/li>\n<\/ul>\n<p>Prosz\u0119 dzwoni\u0107 do nas bez zobowi\u0105za\u0144. Nasi prawnicy zajmuj\u0105cy si\u0119 prawem najmu komercyjnego w Hamburgu ch\u0119tnie Ci pomog\u0105.<\/p>\n<p>Prawnik Stephan Steinwachs ma <strong>dobre \u0142\u0105cze<\/strong> internetowe.[\/vc_column_text][\/vc_column][\/vc_row]<\/p>\n<\/div>","protected":false},"excerpt":{"rendered":"<p>[vc_row triangle_shape=&#8221;no&#8221; css=&#8221;.vc_custom_1700538808372{margin-bottom: 50px !important;}&#8221;][vc_column][vc_column_text]Nasi prawnicy zajmuj\u0105cy si\u0119 prawem najmu komercyjnego w Hamburgu odpowiedz\u0105 na Twoje pytania dotycz\u0105ce prawa najmu komercyjnego i udziel\u0105 kompleksowych porad w zakresie prawa najmu komercyjnego. Zapewniamy odpowiednie dla Ciebie rozwi\u0105zania w zakresie prawa najmu komercyjnego i prawa leasingu, dla Twojej komercyjnej umowy najmu i umowy najmu. Ch\u0119tnie przygotujemy umow\u0119 najmu komercyjnego lub umow\u0119 najmu dostosowan\u0105 do Twoich konkretnych wymaga\u0144. Oczywi\u015bcie sprawdzimy r\u00f3wnie\u017c Twoj\u0105 umow\u0119 najmu komercyjnego jako ca\u0142o\u015b\u0107 lub tylko konkretne pytania, kt\u00f3re zada\u0142e\u015b na temat umowy najmu komercyjnego i przepis\u00f3w dotycz\u0105cych wynajmu komercyjnego. W tym zakresie nasi prawnicy zajmuj\u0105cy si\u0119 prawem najmu komercyjnego w&#8230;<\/p>\n","protected":false},"author":1,"featured_media":0,"parent":8635,"menu_order":0,"comment_status":"closed","ping_status":"closed","template":"","meta":{"footnotes":""},"class_list":["post-14807","page","type-page","status-publish","hentry"],"yoast_head":"<!-- This site is optimized with the Yoast SEO Premium plugin v27.2 (Yoast SEO v27.3) - https:\/\/yoast.com\/product\/yoast-seo-premium-wordpress\/ -->\n<title>Rechtsanwaltskanzlei in Hamburg Berlin Bremen Hannover L\u00fcbeck<\/title>\n<meta name=\"description\" content=\"Rechtsanwaltskanzlei f\u00fcr Arbeitsrecht, Arzthaftung, Mietrecht, Gewerbemietrecht ,Gastronomierecht, Immobilienrecht, Schadensersatz Yachtrecht\" \/>\n<meta name=\"robots\" content=\"index, follow, max-snippet:-1, max-image-preview:large, max-video-preview:-1\" \/>\n<link rel=\"canonical\" href=\"https:\/\/www.kanzlei-steinwachs.de\/pl\/prawo-najmu-komercyjnego\/prawnik-ds-najmu-obiektow-komercyjnych-w-hamburgu\/\" \/>\n<meta property=\"og:locale\" content=\"pl_PL\" \/>\n<meta property=\"og:type\" content=\"article\" \/>\n<meta property=\"og:title\" content=\"Rechtsanwaltskanzlei in Hamburg Berlin Bremen Hannover L\u00fcbeck\" \/>\n<meta property=\"og:description\" content=\"Rechtsanwaltskanzlei f\u00fcr Arbeitsrecht, Arzthaftung, Mietrecht, Gewerbemietrecht ,Gastronomierecht, Immobilienrecht, Schadensersatz Yachtrecht\" \/>\n<meta property=\"og:url\" content=\"https:\/\/www.kanzlei-steinwachs.de\/pl\/prawo-najmu-komercyjnego\/prawnik-ds-najmu-obiektow-komercyjnych-w-hamburgu\/\" \/>\n<meta property=\"og:site_name\" content=\"Rechtsanwaltskanzlei Anwalt Hamburg Berlin Bremen Hannover L\u00fcbeck\" \/>\n<meta property=\"article:publisher\" content=\"https:\/\/www.facebook.com\/STEINWACHSRechtsanwaltskanzlei\/\" \/>\n<meta property=\"article:modified_time\" content=\"2023-12-04T13:35:43+00:00\" \/>\n<meta name=\"twitter:card\" content=\"summary_large_image\" \/>\n<meta name=\"twitter:site\" content=\"@rasteinwachs\" \/>\n<meta name=\"twitter:label1\" content=\"Szacowany czas czytania\" \/>\n\t<meta name=\"twitter:data1\" content=\"2 minuty\" \/>\n<script type=\"application\/ld+json\" class=\"yoast-schema-graph\">{\"@context\":\"https:\\\/\\\/schema.org\",\"@graph\":[{\"@type\":\"WebPage\",\"@id\":\"https:\\\/\\\/www.kanzlei-steinwachs.de\\\/pl\\\/prawo-najmu-komercyjnego\\\/prawnik-ds-najmu-obiektow-komercyjnych-w-hamburgu\\\/\",\"url\":\"https:\\\/\\\/www.kanzlei-steinwachs.de\\\/pl\\\/prawo-najmu-komercyjnego\\\/prawnik-ds-najmu-obiektow-komercyjnych-w-hamburgu\\\/\",\"name\":\"Rechtsanwaltskanzlei in Hamburg Berlin Bremen Hannover L\u00fcbeck\",\"isPartOf\":{\"@id\":\"https:\\\/\\\/www.kanzlei-steinwachs.de\\\/pl\\\/#website\"},\"datePublished\":\"2023-11-21T03:52:03+00:00\",\"dateModified\":\"2023-12-04T13:35:43+00:00\",\"description\":\"Rechtsanwaltskanzlei f\u00fcr Arbeitsrecht, Arzthaftung, Mietrecht, Gewerbemietrecht ,Gastronomierecht, Immobilienrecht, Schadensersatz Yachtrecht\",\"breadcrumb\":{\"@id\":\"https:\\\/\\\/www.kanzlei-steinwachs.de\\\/pl\\\/prawo-najmu-komercyjnego\\\/prawnik-ds-najmu-obiektow-komercyjnych-w-hamburgu\\\/#breadcrumb\"},\"inLanguage\":\"pl-PL\",\"potentialAction\":[{\"@type\":\"ReadAction\",\"target\":[\"https:\\\/\\\/www.kanzlei-steinwachs.de\\\/pl\\\/prawo-najmu-komercyjnego\\\/prawnik-ds-najmu-obiektow-komercyjnych-w-hamburgu\\\/\"]}]},{\"@type\":\"BreadcrumbList\",\"@id\":\"https:\\\/\\\/www.kanzlei-steinwachs.de\\\/pl\\\/prawo-najmu-komercyjnego\\\/prawnik-ds-najmu-obiektow-komercyjnych-w-hamburgu\\\/#breadcrumb\",\"itemListElement\":[{\"@type\":\"ListItem\",\"position\":1,\"name\":\"Prawo najmu komercyjnego\",\"item\":\"https:\\\/\\\/www.kanzlei-steinwachs.de\\\/pl\\\/prawo-najmu-komercyjnego\\\/\"},{\"@type\":\"ListItem\",\"position\":2,\"name\":\"Prawnik ds. najmu obiekt\u00f3w komercyjnych w Hamburgu\"}]},{\"@type\":\"WebSite\",\"@id\":\"https:\\\/\\\/www.kanzlei-steinwachs.de\\\/pl\\\/#website\",\"url\":\"https:\\\/\\\/www.kanzlei-steinwachs.de\\\/pl\\\/\",\"name\":\"Rechtsanwaltskanzlei Anwalt Hamburg Berlin Bremen Hannover L\u00fcbeck\",\"description\":\"Wir leisten mehr als Recht bietet\",\"publisher\":{\"@id\":\"https:\\\/\\\/www.kanzlei-steinwachs.de\\\/pl\\\/#organization\"},\"potentialAction\":[{\"@type\":\"SearchAction\",\"target\":{\"@type\":\"EntryPoint\",\"urlTemplate\":\"https:\\\/\\\/www.kanzlei-steinwachs.de\\\/pl\\\/?s={search_term_string}\"},\"query-input\":{\"@type\":\"PropertyValueSpecification\",\"valueRequired\":true,\"valueName\":\"search_term_string\"}}],\"inLanguage\":\"pl-PL\"},{\"@type\":[\"Organization\",\"Place\"],\"@id\":\"https:\\\/\\\/www.kanzlei-steinwachs.de\\\/pl\\\/#organization\",\"name\":\"Rechtsanwaltskanzlei Anwalt Hamburg Berlin Bremen Hannover L\u00fcbeck\",\"url\":\"https:\\\/\\\/www.kanzlei-steinwachs.de\\\/\",\"logo\":{\"@type\":\"ImageObject\",\"inLanguage\":\"pl-PL\",\"@id\":\"https:\\\/\\\/www.kanzlei-steinwachs.de\\\/pl\\\/#\\\/schema\\\/logo\\\/image\\\/\",\"url\":\"https:\\\/\\\/i0.wp.com\\\/www.kanzlei-steinwachs.de\\\/wp-content\\\/uploads\\\/2023\\\/12\\\/logo.webp?fit=174%2C76&quality=80&ssl=1\",\"contentUrl\":\"https:\\\/\\\/i0.wp.com\\\/www.kanzlei-steinwachs.de\\\/wp-content\\\/uploads\\\/2023\\\/12\\\/logo.webp?fit=174%2C76&quality=80&ssl=1\",\"width\":174,\"height\":76,\"caption\":\"Rechtsanwaltskanzlei Anwalt Hamburg Berlin Bremen Hannover L\u00fcbeck\"},\"image\":{\"@id\":\"https:\\\/\\\/www.kanzlei-steinwachs.de\\\/pl\\\/#\\\/schema\\\/logo\\\/image\\\/\"},\"sameAs\":[\"https:\\\/\\\/www.facebook.com\\\/STEINWACHSRechtsanwaltskanzlei\\\/\",\"https:\\\/\\\/x.com\\\/rasteinwachs\",\"https:\\\/\\\/www.instagram.com\\\/steinwachs_rechtsanwaelte\\\/\",\"https:\\\/\\\/www.linkedin.com\\\/in\\\/stephan-steinwachs-7a270197\\\/\",\"https:\\\/\\\/www.youtube.com\\\/channel\\\/UCffmodDlQx81remXm395RWA\"],\"telephone\":[]}]}<\/script>\n<!-- \/ Yoast SEO Premium plugin. -->","yoast_head_json":{"title":"Rechtsanwaltskanzlei in Hamburg Berlin Bremen Hannover L\u00fcbeck","description":"Rechtsanwaltskanzlei f\u00fcr Arbeitsrecht, Arzthaftung, Mietrecht, Gewerbemietrecht ,Gastronomierecht, Immobilienrecht, Schadensersatz Yachtrecht","robots":{"index":"index","follow":"follow","max-snippet":"max-snippet:-1","max-image-preview":"max-image-preview:large","max-video-preview":"max-video-preview:-1"},"canonical":"https:\/\/www.kanzlei-steinwachs.de\/pl\/prawo-najmu-komercyjnego\/prawnik-ds-najmu-obiektow-komercyjnych-w-hamburgu\/","og_locale":"pl_PL","og_type":"article","og_title":"Rechtsanwaltskanzlei in Hamburg Berlin Bremen Hannover L\u00fcbeck","og_description":"Rechtsanwaltskanzlei f\u00fcr Arbeitsrecht, Arzthaftung, Mietrecht, Gewerbemietrecht ,Gastronomierecht, Immobilienrecht, Schadensersatz Yachtrecht","og_url":"https:\/\/www.kanzlei-steinwachs.de\/pl\/prawo-najmu-komercyjnego\/prawnik-ds-najmu-obiektow-komercyjnych-w-hamburgu\/","og_site_name":"Rechtsanwaltskanzlei Anwalt Hamburg Berlin Bremen Hannover L\u00fcbeck","article_publisher":"https:\/\/www.facebook.com\/STEINWACHSRechtsanwaltskanzlei\/","article_modified_time":"2023-12-04T13:35:43+00:00","twitter_card":"summary_large_image","twitter_site":"@rasteinwachs","twitter_misc":{"Szacowany czas czytania":"2 minuty"},"schema":{"@context":"https:\/\/schema.org","@graph":[{"@type":"WebPage","@id":"https:\/\/www.kanzlei-steinwachs.de\/pl\/prawo-najmu-komercyjnego\/prawnik-ds-najmu-obiektow-komercyjnych-w-hamburgu\/","url":"https:\/\/www.kanzlei-steinwachs.de\/pl\/prawo-najmu-komercyjnego\/prawnik-ds-najmu-obiektow-komercyjnych-w-hamburgu\/","name":"Rechtsanwaltskanzlei in Hamburg Berlin Bremen Hannover L\u00fcbeck","isPartOf":{"@id":"https:\/\/www.kanzlei-steinwachs.de\/pl\/#website"},"datePublished":"2023-11-21T03:52:03+00:00","dateModified":"2023-12-04T13:35:43+00:00","description":"Rechtsanwaltskanzlei f\u00fcr Arbeitsrecht, Arzthaftung, Mietrecht, Gewerbemietrecht ,Gastronomierecht, Immobilienrecht, Schadensersatz Yachtrecht","breadcrumb":{"@id":"https:\/\/www.kanzlei-steinwachs.de\/pl\/prawo-najmu-komercyjnego\/prawnik-ds-najmu-obiektow-komercyjnych-w-hamburgu\/#breadcrumb"},"inLanguage":"pl-PL","potentialAction":[{"@type":"ReadAction","target":["https:\/\/www.kanzlei-steinwachs.de\/pl\/prawo-najmu-komercyjnego\/prawnik-ds-najmu-obiektow-komercyjnych-w-hamburgu\/"]}]},{"@type":"BreadcrumbList","@id":"https:\/\/www.kanzlei-steinwachs.de\/pl\/prawo-najmu-komercyjnego\/prawnik-ds-najmu-obiektow-komercyjnych-w-hamburgu\/#breadcrumb","itemListElement":[{"@type":"ListItem","position":1,"name":"Prawo najmu komercyjnego","item":"https:\/\/www.kanzlei-steinwachs.de\/pl\/prawo-najmu-komercyjnego\/"},{"@type":"ListItem","position":2,"name":"Prawnik ds. najmu obiekt\u00f3w komercyjnych w Hamburgu"}]},{"@type":"WebSite","@id":"https:\/\/www.kanzlei-steinwachs.de\/pl\/#website","url":"https:\/\/www.kanzlei-steinwachs.de\/pl\/","name":"Rechtsanwaltskanzlei Anwalt Hamburg Berlin Bremen Hannover L\u00fcbeck","description":"Wir leisten mehr als Recht bietet","publisher":{"@id":"https:\/\/www.kanzlei-steinwachs.de\/pl\/#organization"},"potentialAction":[{"@type":"SearchAction","target":{"@type":"EntryPoint","urlTemplate":"https:\/\/www.kanzlei-steinwachs.de\/pl\/?s={search_term_string}"},"query-input":{"@type":"PropertyValueSpecification","valueRequired":true,"valueName":"search_term_string"}}],"inLanguage":"pl-PL"},{"@type":["Organization","Place"],"@id":"https:\/\/www.kanzlei-steinwachs.de\/pl\/#organization","name":"Rechtsanwaltskanzlei Anwalt Hamburg Berlin Bremen Hannover L\u00fcbeck","url":"https:\/\/www.kanzlei-steinwachs.de\/","logo":{"@type":"ImageObject","inLanguage":"pl-PL","@id":"https:\/\/www.kanzlei-steinwachs.de\/pl\/#\/schema\/logo\/image\/","url":"https:\/\/i0.wp.com\/www.kanzlei-steinwachs.de\/wp-content\/uploads\/2023\/12\/logo.webp?fit=174%2C76&quality=80&ssl=1","contentUrl":"https:\/\/i0.wp.com\/www.kanzlei-steinwachs.de\/wp-content\/uploads\/2023\/12\/logo.webp?fit=174%2C76&quality=80&ssl=1","width":174,"height":76,"caption":"Rechtsanwaltskanzlei Anwalt Hamburg Berlin Bremen Hannover L\u00fcbeck"},"image":{"@id":"https:\/\/www.kanzlei-steinwachs.de\/pl\/#\/schema\/logo\/image\/"},"sameAs":["https:\/\/www.facebook.com\/STEINWACHSRechtsanwaltskanzlei\/","https:\/\/x.com\/rasteinwachs","https:\/\/www.instagram.com\/steinwachs_rechtsanwaelte\/","https:\/\/www.linkedin.com\/in\/stephan-steinwachs-7a270197\/","https:\/\/www.youtube.com\/channel\/UCffmodDlQx81remXm395RWA"],"telephone":[]}]}},"jetpack_sharing_enabled":true,"_links":{"self":[{"href":"https:\/\/www.kanzlei-steinwachs.de\/pl\/wp-json\/wp\/v2\/pages\/14807","targetHints":{"allow":["GET"]}}],"collection":[{"href":"https:\/\/www.kanzlei-steinwachs.de\/pl\/wp-json\/wp\/v2\/pages"}],"about":[{"href":"https:\/\/www.kanzlei-steinwachs.de\/pl\/wp-json\/wp\/v2\/types\/page"}],"author":[{"embeddable":true,"href":"https:\/\/www.kanzlei-steinwachs.de\/pl\/wp-json\/wp\/v2\/users\/1"}],"replies":[{"embeddable":true,"href":"https:\/\/www.kanzlei-steinwachs.de\/pl\/wp-json\/wp\/v2\/comments?post=14807"}],"version-history":[{"count":0,"href":"https:\/\/www.kanzlei-steinwachs.de\/pl\/wp-json\/wp\/v2\/pages\/14807\/revisions"}],"up":[{"embeddable":true,"href":"https:\/\/www.kanzlei-steinwachs.de\/pl\/wp-json\/wp\/v2\/pages\/8635"}],"wp:attachment":[{"href":"https:\/\/www.kanzlei-steinwachs.de\/pl\/wp-json\/wp\/v2\/media?parent=14807"}],"curies":[{"name":"wp","href":"https:\/\/api.w.org\/{rel}","templated":true}]}}