{"id":14792,"date":"2023-11-15T07:46:08","date_gmt":"2023-11-15T06:46:08","guid":{"rendered":"https:\/\/www.kanzlei-steinwachs.de\/uslugi\/"},"modified":"2023-12-04T14:07:26","modified_gmt":"2023-12-04T13:07:26","slug":"uslugi","status":"publish","type":"page","link":"https:\/\/www.kanzlei-steinwachs.de\/pl\/uslugi\/","title":{"rendered":"Us\u0142ugi"},"content":{"rendered":"<div class=\"wpb-content-wrapper\"><p>[vc_row triangle_shape=&#8221;no&#8221;][vc_column][vc_column_text]<\/p>\n<h4>Kancelaria \u015bwiadczy us\u0142ugi dla:<\/h4>\n<ul>\n<li><strong><a title=\"Prawnik dla przedsi\u0119biorc\u00f3w\" href=\"https:\/\/www.kanzlei-steinwachs.de\/leistungen\/unternehmen\" target=\"_self\" rel=\"noopener\">ma\u0142e i \u015brednie przedsi\u0119biorstwa<\/a><\/strong><\/li>\n<li><strong><a title=\"Prawnik dla os\u00f3b fizycznych\" href=\"https:\/\/www.kanzlei-steinwachs.de\/leistungen\/privatpersonen\" target=\"_self\" rel=\"noopener\">Osoby<\/a><\/strong><\/li>\n<li><strong><a title=\"Prawnik restauracji\" href=\"https:\/\/www.kanzlei-steinwachs.de\/leistungen\/gastronomen\" target=\"_self\" rel=\"noopener\">Hotelarze i restauratorzy<\/a><\/strong><\/li>\n<li><strong><a title=\"Bran\u017ca medi\u00f3w, sportu i modelingu\" href=\"https:\/\/www.kanzlei-steinwachs.de\/leistungen\/mediensportfashion\" target=\"_self\" rel=\"noopener\">Fotomodelki, sportowcy i ich agencje<\/a><\/strong><\/li>\n<\/ul>\n<p>[\/vc_column_text][\/vc_column][\/vc_row][vc_row triangle_shape=&#8221;no&#8221;][vc_column][vc_empty_space][vc_column_text]Zakres dzia\u0142a\u0144 mo\u017cesz pozna\u0107 klikaj\u0105c na podelement, kt\u00f3ry Ci\u0119 dotyczy.<\/p>\n<h4>W strefie<\/h4>\n<ul>\n<li><strong><a title=\"Dziedziny prawa\" href=\"https:\/\/www.kanzlei-steinwachs.de\/leistungen\/rechtsgebiete\">Dziedziny prawa<\/a><\/strong><\/li>\n<\/ul>\n<p>Znajdziesz wyja\u015bnienia i wskaz\u00f3wki dotycz\u0105ce konkretnych obszar\u00f3w problemowych. Trzon dzia\u0142alno\u015bci Kancelarii stanowi <a title=\"Prawo pracy\" href=\"https:\/\/www.kanzlei-steinwachs.de\/rechtsanwalt-anlegerschutzrecht-hamburg-berlin\">prawo pracy<\/a>, <a title=\"Prawo najmu\" href=\"https:\/\/www.kanzlei-steinwachs.de\/rechtsanwalt-mietrecht-hamburg-berlin\">prawo najmu<\/a> i <a title=\"Prawo nieruchomo\u015bci\" href=\"https:\/\/www.kanzlei-steinwachs.de\/rechtsanwalt-immobilienrecht-hamburg-berlin\">prawo nieruchomo\u015bci<\/a>, <a title=\"Prawo gastronomiczne\" href=\"https:\/\/www.kanzlei-steinwachs.de\/rechtsanwalt-gastronomierecht-hamburg-berlin\">prawo gastronomiczne<\/a>, <a title=\"Prawo ochrony inwestor\u00f3w\" href=\"https:\/\/www.kanzlei-steinwachs.de\/rechtsanwalt-anlegerschutzrecht-hamburg-berlin\">prawo ochrony inwestor\u00f3w<\/a> <a title=\"Kodeks Ruchu drogowego\" href=\"https:\/\/www.kanzlei-steinwachs.de\/rechtsanwalt-verkehrsrecht-hamburg-berlin\">oraz prawo drogowe<\/a>.<\/p>\n<p>\u00c9viter les litiges ou les r\u00e9gler \u00e0 l\u2019amiable est souvent possible<\/p>\n<ul>\n<li><strong><a title=\"Mediacja\" href=\"https:\/\/www.kanzlei-steinwachs.de\/leistungen\/mediation\">Mediacja<\/a><br \/>\n<\/strong><\/li>\n<\/ul>\n<p>Szczeg\u00f3ln\u0105 us\u0142ug\u0105 oferowan\u0105 przez Kancelari\u0119 jest wsp\u00f3\u0142praca z wykwalifikowan\u0105 psycholog\u0105 Andre\u0105 Danker, kt\u00f3ra specjalizuje si\u0119 w konfliktach w miejscu pracy. Pani Danker posiada m.in. do\u015bwiadczenie we wspieraniu proces\u00f3w zmian, w szczeg\u00f3lno\u015bci w przypadku przymusowych zwolnie\u0144 oraz w negocjacjach plan\u00f3w socjalnych w sp\u00f3\u0142kach prawa handlowego, doradzaj\u0105c negocjuj\u0105cym stronom procesu w celu przeprowadzenia redukcji zatrudnienia w spos\u00f3b pozwalaj\u0105cy na jest spo\u0142ecznie akceptowalne dla wszystkich. zaanga\u017cowanych, a tak\u017ce doradzanie i opracowywanie koncepcji wdra\u017cania dzia\u0142a\u0144 firmy. Wraz z Pani\u0105 Danker kancelaria oferuje strategie rozwi\u0105za\u0144 maj\u0105cych na celu zapobieganie lub \u0142agodzenie typowych scenariuszy konflikt\u00f3w w sp\u00f3\u0142kach, a tak\u017ce ich pozas\u0105dow\u0105 mediacj\u0119 w ramach komediacji (Steinwachs\/Danker).[\/vc_column_text][\/vc_column][\/vc_row]<\/p>\n<\/div>","protected":false},"excerpt":{"rendered":"<p>[vc_row triangle_shape=&#8221;no&#8221;][vc_column][vc_column_text] Kancelaria \u015bwiadczy us\u0142ugi dla: ma\u0142e i \u015brednie przedsi\u0119biorstwa Osoby Hotelarze i restauratorzy Fotomodelki, sportowcy i ich agencje [\/vc_column_text][\/vc_column][\/vc_row][vc_row triangle_shape=&#8221;no&#8221;][vc_column][vc_empty_space][vc_column_text]Zakres dzia\u0142a\u0144 mo\u017cesz pozna\u0107 klikaj\u0105c na podelement, kt\u00f3ry Ci\u0119 dotyczy. W strefie Dziedziny prawa Znajdziesz wyja\u015bnienia i wskaz\u00f3wki dotycz\u0105ce konkretnych obszar\u00f3w problemowych. Trzon dzia\u0142alno\u015bci Kancelarii stanowi prawo pracy, prawo najmu i prawo nieruchomo\u015bci, prawo gastronomiczne, prawo ochrony inwestor\u00f3w oraz prawo drogowe. \u00c9viter les litiges ou les r\u00e9gler \u00e0 l\u2019amiable est souvent possible Mediacja Szczeg\u00f3ln\u0105 us\u0142ug\u0105 oferowan\u0105 przez Kancelari\u0119 jest wsp\u00f3\u0142praca z wykwalifikowan\u0105 psycholog\u0105 Andre\u0105 Danker, kt\u00f3ra specjalizuje si\u0119 w konfliktach w miejscu pracy. Pani Danker posiada m.in. do\u015bwiadczenie we wspieraniu&#8230;<\/p>\n","protected":false},"author":1,"featured_media":0,"parent":0,"menu_order":0,"comment_status":"closed","ping_status":"closed","template":"","meta":{"footnotes":""},"class_list":["post-14792","page","type-page","status-publish","hentry"],"yoast_head":"<!-- This site is optimized with the Yoast SEO Premium plugin v27.2 (Yoast SEO v27.5) - https:\/\/yoast.com\/product\/yoast-seo-premium-wordpress\/ -->\n<title>Rechtsanwaltskanzlei in Hamburg Berlin Bremen Hannover L\u00fcbeck<\/title>\n<meta name=\"description\" content=\"Rechtsanwaltskanzlei f\u00fcr Arbeitsrecht, Arzthaftung, Mietrecht, Gewerbemietrecht ,Gastronomierecht, Immobilienrecht, Schadensersatz Yachtrecht\" \/>\n<meta name=\"robots\" content=\"index, follow, max-snippet:-1, max-image-preview:large, max-video-preview:-1\" \/>\n<link rel=\"canonical\" href=\"https:\/\/www.kanzlei-steinwachs.de\/pl\/uslugi\/\" \/>\n<meta property=\"og:locale\" content=\"pl_PL\" \/>\n<meta property=\"og:type\" content=\"article\" \/>\n<meta property=\"og:title\" content=\"Rechtsanwaltskanzlei in Hamburg Berlin Bremen Hannover L\u00fcbeck\" \/>\n<meta property=\"og:description\" content=\"Rechtsanwaltskanzlei f\u00fcr Arbeitsrecht, Arzthaftung, Mietrecht, Gewerbemietrecht ,Gastronomierecht, Immobilienrecht, Schadensersatz Yachtrecht\" \/>\n<meta property=\"og:url\" content=\"https:\/\/www.kanzlei-steinwachs.de\/pl\/uslugi\/\" \/>\n<meta property=\"og:site_name\" content=\"Rechtsanwaltskanzlei Anwalt Hamburg Berlin Bremen Hannover L\u00fcbeck\" \/>\n<meta property=\"article:publisher\" content=\"https:\/\/www.facebook.com\/STEINWACHSRechtsanwaltskanzlei\/\" \/>\n<meta property=\"article:modified_time\" content=\"2023-12-04T13:07:26+00:00\" \/>\n<meta name=\"twitter:card\" content=\"summary_large_image\" \/>\n<meta name=\"twitter:site\" content=\"@rasteinwachs\" \/>\n<meta name=\"twitter:label1\" content=\"Szacowany czas czytania\" \/>\n\t<meta name=\"twitter:data1\" content=\"1 minuta\" \/>\n<script type=\"application\/ld+json\" class=\"yoast-schema-graph\">{\"@context\":\"https:\\\/\\\/schema.org\",\"@graph\":[{\"@type\":\"WebPage\",\"@id\":\"https:\\\/\\\/www.kanzlei-steinwachs.de\\\/pl\\\/uslugi\\\/\",\"url\":\"https:\\\/\\\/www.kanzlei-steinwachs.de\\\/pl\\\/uslugi\\\/\",\"name\":\"Rechtsanwaltskanzlei in Hamburg Berlin Bremen Hannover L\u00fcbeck\",\"isPartOf\":{\"@id\":\"https:\\\/\\\/www.kanzlei-steinwachs.de\\\/pl\\\/#website\"},\"datePublished\":\"2023-11-15T06:46:08+00:00\",\"dateModified\":\"2023-12-04T13:07:26+00:00\",\"description\":\"Rechtsanwaltskanzlei f\u00fcr Arbeitsrecht, Arzthaftung, Mietrecht, Gewerbemietrecht ,Gastronomierecht, Immobilienrecht, Schadensersatz Yachtrecht\",\"inLanguage\":\"pl-PL\",\"potentialAction\":[{\"@type\":\"ReadAction\",\"target\":[\"https:\\\/\\\/www.kanzlei-steinwachs.de\\\/pl\\\/uslugi\\\/\"]}]},{\"@type\":\"WebSite\",\"@id\":\"https:\\\/\\\/www.kanzlei-steinwachs.de\\\/pl\\\/#website\",\"url\":\"https:\\\/\\\/www.kanzlei-steinwachs.de\\\/pl\\\/\",\"name\":\"Rechtsanwaltskanzlei Anwalt Hamburg Berlin Bremen Hannover L\u00fcbeck\",\"description\":\"Wir leisten mehr als Recht bietet\",\"publisher\":{\"@id\":\"https:\\\/\\\/www.kanzlei-steinwachs.de\\\/pl\\\/#organization\"},\"potentialAction\":[{\"@type\":\"SearchAction\",\"target\":{\"@type\":\"EntryPoint\",\"urlTemplate\":\"https:\\\/\\\/www.kanzlei-steinwachs.de\\\/pl\\\/?s={search_term_string}\"},\"query-input\":{\"@type\":\"PropertyValueSpecification\",\"valueRequired\":true,\"valueName\":\"search_term_string\"}}],\"inLanguage\":\"pl-PL\"},{\"@type\":[\"Organization\",\"Place\"],\"@id\":\"https:\\\/\\\/www.kanzlei-steinwachs.de\\\/pl\\\/#organization\",\"name\":\"Rechtsanwaltskanzlei Anwalt Hamburg Berlin Bremen Hannover L\u00fcbeck\",\"url\":\"https:\\\/\\\/www.kanzlei-steinwachs.de\\\/\",\"logo\":{\"@type\":\"ImageObject\",\"inLanguage\":\"pl-PL\",\"@id\":\"https:\\\/\\\/www.kanzlei-steinwachs.de\\\/pl\\\/#\\\/schema\\\/logo\\\/image\\\/\",\"url\":\"https:\\\/\\\/i0.wp.com\\\/www.kanzlei-steinwachs.de\\\/wp-content\\\/uploads\\\/2023\\\/12\\\/logo.webp?fit=174%2C76&quality=80&ssl=1\",\"contentUrl\":\"https:\\\/\\\/i0.wp.com\\\/www.kanzlei-steinwachs.de\\\/wp-content\\\/uploads\\\/2023\\\/12\\\/logo.webp?fit=174%2C76&quality=80&ssl=1\",\"width\":174,\"height\":76,\"caption\":\"Rechtsanwaltskanzlei Anwalt Hamburg Berlin Bremen Hannover L\u00fcbeck\"},\"image\":{\"@id\":\"https:\\\/\\\/www.kanzlei-steinwachs.de\\\/pl\\\/#\\\/schema\\\/logo\\\/image\\\/\"},\"sameAs\":[\"https:\\\/\\\/www.facebook.com\\\/STEINWACHSRechtsanwaltskanzlei\\\/\",\"https:\\\/\\\/x.com\\\/rasteinwachs\",\"https:\\\/\\\/www.instagram.com\\\/steinwachs_rechtsanwaelte\\\/\",\"https:\\\/\\\/www.linkedin.com\\\/in\\\/stephan-steinwachs-7a270197\\\/\",\"https:\\\/\\\/www.youtube.com\\\/channel\\\/UCffmodDlQx81remXm395RWA\"],\"telephone\":[]}]}<\/script>\n<!-- \/ Yoast SEO Premium plugin. -->","yoast_head_json":{"title":"Rechtsanwaltskanzlei in Hamburg Berlin Bremen Hannover L\u00fcbeck","description":"Rechtsanwaltskanzlei f\u00fcr Arbeitsrecht, Arzthaftung, Mietrecht, Gewerbemietrecht ,Gastronomierecht, Immobilienrecht, Schadensersatz Yachtrecht","robots":{"index":"index","follow":"follow","max-snippet":"max-snippet:-1","max-image-preview":"max-image-preview:large","max-video-preview":"max-video-preview:-1"},"canonical":"https:\/\/www.kanzlei-steinwachs.de\/pl\/uslugi\/","og_locale":"pl_PL","og_type":"article","og_title":"Rechtsanwaltskanzlei in Hamburg Berlin Bremen Hannover L\u00fcbeck","og_description":"Rechtsanwaltskanzlei f\u00fcr Arbeitsrecht, Arzthaftung, Mietrecht, Gewerbemietrecht ,Gastronomierecht, Immobilienrecht, Schadensersatz Yachtrecht","og_url":"https:\/\/www.kanzlei-steinwachs.de\/pl\/uslugi\/","og_site_name":"Rechtsanwaltskanzlei Anwalt Hamburg Berlin Bremen Hannover L\u00fcbeck","article_publisher":"https:\/\/www.facebook.com\/STEINWACHSRechtsanwaltskanzlei\/","article_modified_time":"2023-12-04T13:07:26+00:00","twitter_card":"summary_large_image","twitter_site":"@rasteinwachs","twitter_misc":{"Szacowany czas czytania":"1 minuta"},"schema":{"@context":"https:\/\/schema.org","@graph":[{"@type":"WebPage","@id":"https:\/\/www.kanzlei-steinwachs.de\/pl\/uslugi\/","url":"https:\/\/www.kanzlei-steinwachs.de\/pl\/uslugi\/","name":"Rechtsanwaltskanzlei in Hamburg Berlin Bremen Hannover L\u00fcbeck","isPartOf":{"@id":"https:\/\/www.kanzlei-steinwachs.de\/pl\/#website"},"datePublished":"2023-11-15T06:46:08+00:00","dateModified":"2023-12-04T13:07:26+00:00","description":"Rechtsanwaltskanzlei f\u00fcr Arbeitsrecht, Arzthaftung, Mietrecht, Gewerbemietrecht ,Gastronomierecht, Immobilienrecht, Schadensersatz Yachtrecht","inLanguage":"pl-PL","potentialAction":[{"@type":"ReadAction","target":["https:\/\/www.kanzlei-steinwachs.de\/pl\/uslugi\/"]}]},{"@type":"WebSite","@id":"https:\/\/www.kanzlei-steinwachs.de\/pl\/#website","url":"https:\/\/www.kanzlei-steinwachs.de\/pl\/","name":"Rechtsanwaltskanzlei Anwalt Hamburg Berlin Bremen Hannover L\u00fcbeck","description":"Wir leisten mehr als Recht bietet","publisher":{"@id":"https:\/\/www.kanzlei-steinwachs.de\/pl\/#organization"},"potentialAction":[{"@type":"SearchAction","target":{"@type":"EntryPoint","urlTemplate":"https:\/\/www.kanzlei-steinwachs.de\/pl\/?s={search_term_string}"},"query-input":{"@type":"PropertyValueSpecification","valueRequired":true,"valueName":"search_term_string"}}],"inLanguage":"pl-PL"},{"@type":["Organization","Place"],"@id":"https:\/\/www.kanzlei-steinwachs.de\/pl\/#organization","name":"Rechtsanwaltskanzlei Anwalt Hamburg Berlin Bremen Hannover L\u00fcbeck","url":"https:\/\/www.kanzlei-steinwachs.de\/","logo":{"@type":"ImageObject","inLanguage":"pl-PL","@id":"https:\/\/www.kanzlei-steinwachs.de\/pl\/#\/schema\/logo\/image\/","url":"https:\/\/i0.wp.com\/www.kanzlei-steinwachs.de\/wp-content\/uploads\/2023\/12\/logo.webp?fit=174%2C76&quality=80&ssl=1","contentUrl":"https:\/\/i0.wp.com\/www.kanzlei-steinwachs.de\/wp-content\/uploads\/2023\/12\/logo.webp?fit=174%2C76&quality=80&ssl=1","width":174,"height":76,"caption":"Rechtsanwaltskanzlei Anwalt Hamburg Berlin Bremen Hannover L\u00fcbeck"},"image":{"@id":"https:\/\/www.kanzlei-steinwachs.de\/pl\/#\/schema\/logo\/image\/"},"sameAs":["https:\/\/www.facebook.com\/STEINWACHSRechtsanwaltskanzlei\/","https:\/\/x.com\/rasteinwachs","https:\/\/www.instagram.com\/steinwachs_rechtsanwaelte\/","https:\/\/www.linkedin.com\/in\/stephan-steinwachs-7a270197\/","https:\/\/www.youtube.com\/channel\/UCffmodDlQx81remXm395RWA"],"telephone":[]}]}},"jetpack_sharing_enabled":true,"_links":{"self":[{"href":"https:\/\/www.kanzlei-steinwachs.de\/pl\/wp-json\/wp\/v2\/pages\/14792","targetHints":{"allow":["GET"]}}],"collection":[{"href":"https:\/\/www.kanzlei-steinwachs.de\/pl\/wp-json\/wp\/v2\/pages"}],"about":[{"href":"https:\/\/www.kanzlei-steinwachs.de\/pl\/wp-json\/wp\/v2\/types\/page"}],"author":[{"embeddable":true,"href":"https:\/\/www.kanzlei-steinwachs.de\/pl\/wp-json\/wp\/v2\/users\/1"}],"replies":[{"embeddable":true,"href":"https:\/\/www.kanzlei-steinwachs.de\/pl\/wp-json\/wp\/v2\/comments?post=14792"}],"version-history":[{"count":0,"href":"https:\/\/www.kanzlei-steinwachs.de\/pl\/wp-json\/wp\/v2\/pages\/14792\/revisions"}],"wp:attachment":[{"href":"https:\/\/www.kanzlei-steinwachs.de\/pl\/wp-json\/wp\/v2\/media?parent=14792"}],"curies":[{"name":"wp","href":"https:\/\/api.w.org\/{rel}","templated":true}]}}