{"id":14713,"date":"2023-11-21T05:11:32","date_gmt":"2023-11-21T04:11:32","guid":{"rendered":"https:\/\/www.kanzlei-steinwachs.de\/rowne-traktowanie-przedsiebiorcow-w-hamburgu\/"},"modified":"2023-12-04T12:13:19","modified_gmt":"2023-12-04T11:13:19","slug":"rowne-traktowanie-przedsiebiorcow-w-hamburgu","status":"publish","type":"page","link":"https:\/\/www.kanzlei-steinwachs.de\/pl\/rowne-traktowanie-przedsiebiorcow-w-hamburgu\/","title":{"rendered":"R\u00f3wne traktowanie przedsi\u0119biorc\u00f3w w Hamburgu"},"content":{"rendered":"<div class=\"wpb-content-wrapper\"><p>[vc_row triangle_shape=&#8221;no&#8221; css=&#8221;.vc_custom_1700539938483{margin-bottom: 50px !important;}&#8221;][vc_column][vc_column_text]<strong>Miasto Hamburg przyznaje najemcom komercyjnym w nieruchomo\u015bciach miejskich nieoprocentowany czynsz.<\/strong><\/p>\n<p>Lub, jak powiedzia\u0142 nasz senator finans\u00f3w, dr. Dressel m\u00f3wi:<\/p>\n<p><em data-stringify-type=\"italic\">\u201eChcia\u0142bym podzi\u0119kowa\u0107 naszym publicznym sp\u00f3\u0142kom z bran\u017cy nieruchomo\u015bci Sprinkenhof, GMH, HHLA i LIG za wniesienie wa\u017cnego wk\u0142adu na rzecz prywatnych firm i instytucji poprzez podj\u0119te dzisiaj zobowi\u0105zanie do odroczenia.\u201d<\/em><br \/>\n(<a href=\"https:\/\/www.hamburg.de\/coronavirus\/13727816\/2020-03-17-fb-schutzschirm\/\" aria-describedby=\"slack-kit-tooltip\">https:\/\/www.hamburg.de\/coronavirus\/13727816\/2020-03-17-fb-schutzschirm\/<\/a>)<\/p>\n<p><strong data-stringify-type=\"bold\">Ukierunkowan\u0105 korzy\u015b\u0107 ekonomiczn\u0105 przedsi\u0119biorc\u00f3w na rynku nieruchomo\u015bci miejskich<\/strong> uwa\u017camy za niezgodn\u0105 z <strong data-stringify-type=\"bold\">prawem<\/strong>. To oczywiste, \u017ce jest to <strong data-stringify-type=\"bold\">niesprawiedliwe.<\/strong><\/p>\n<p>Ci\u0105g\u0142e podkre\u015blanie, \u017ce to nie miasto odracza czynsz, lecz jego sp\u00f3\u0142ka z bran\u017cy nieruchomo\u015bci, sugeruje, \u017ce osoby odpowiedzialne r\u00f3wnie\u017c to zauwa\u017cy\u0142y. Bo firma, kt\u00f3ra jest w 100% w\u0142asno\u015bci\u0105 miasta, robi&#8230; poprawnie to, co miasto jej ka\u017ce. To, co nazywa si\u0119 tutaj pomoc\u0105, oznacza \u2013 je\u015bli rozporz\u0105dzenie pozostanie w mocy \u2013 znaczn\u0105 niekorzystn\u0105 sytuacj\u0119 konkurencyjn\u0105 dla innych przedsi\u0119biorc\u00f3w. Nie tylko musz\u0105 w dalszym ci\u0105gu p\u0142aci\u0107 czynsze, ale w ostatecznym rozrachunku p\u0142ac\u0105 tak\u017ce, dzi\u0119ki czemu ich konkurenci nie musz\u0105 ju\u017c tego robi\u0107. <\/p>\n<p><strong data-stringify-type=\"bold\">Dlatego \u017c\u0105damy r\u00f3wnego traktowania wszystkich przedsi\u0119biorc\u00f3w.<\/strong><\/p>\n<p>Oczywi\u015bcie nie poprzez eliminacj\u0119 odrocze\u0144, ale poprzez stworzenie r\u00f3wnowa\u017cnego wsparcia. Kszta\u0142t jest wyra\u017any. Nieoprocentowana po\u017cyczka udzielana etapowo w wysoko\u015bci czynszu za ten sam okres, z kt\u00f3rej korzystaj\u0105 najemcy miejskich nieruchomo\u015bci. Nawet je\u015bli sytuacja prawna jest trudna i mamy w\u0105tpliwo\u015bci co do prawa do r\u00f3wno\u015bci, wierzymy, \u017ce miasto ma sw\u00f3j obowi\u0105zek. Nie mo\u017ce by\u0107 tak, \u017ce utrzymujesz wyp\u0142acalno\u015b\u0107 swoich najemc\u00f3w za pomoc\u0105 pieni\u0119dzy od og\u00f3\u0142u spo\u0142ecze\u0144stwa, podczas gdy inni s\u0105 pozostawieni sami sobie z kosztami bie\u017c\u0105cymi. Nawet bez gwarancji wykonalno\u015bci prawnej zach\u0119camy do <strong>z\u0142o\u017cenia wniosku o r\u00f3wne traktowanie<\/strong>, tak jak to robimy teraz. Bo nawet je\u015bli wnioski s\u0105 skuteczne, zwykle zaczynaj\u0105 obowi\u0105zywa\u0107 dopiero po z\u0142o\u017ceniu wniosku. Chcesz zleci\u0107 naszej Kancelarii: Oferujemy z\u0142o\u017cenie wniosku o jednorazow\u0105 op\u0142at\u0119 za wydatki i ochron\u0119 w wysoko\u015bci 50 \u20ac brutto.[\/vc_column_text][\/vc_column][\/vc_row]<\/p>\n<\/div>","protected":false},"excerpt":{"rendered":"<p>[vc_row triangle_shape=&#8221;no&#8221; css=&#8221;.vc_custom_1700539938483{margin-bottom: 50px !important;}&#8221;][vc_column][vc_column_text]Miasto Hamburg przyznaje najemcom komercyjnym w nieruchomo\u015bciach miejskich nieoprocentowany czynsz. Lub, jak powiedzia\u0142 nasz senator finans\u00f3w, dr. Dressel m\u00f3wi: \u201eChcia\u0142bym podzi\u0119kowa\u0107 naszym publicznym sp\u00f3\u0142kom z bran\u017cy nieruchomo\u015bci Sprinkenhof, GMH, HHLA i LIG za wniesienie wa\u017cnego wk\u0142adu na rzecz prywatnych firm i instytucji poprzez podj\u0119te dzisiaj zobowi\u0105zanie do odroczenia.\u201d (https:\/\/www.hamburg.de\/coronavirus\/13727816\/2020-03-17-fb-schutzschirm\/) Ukierunkowan\u0105 korzy\u015b\u0107 ekonomiczn\u0105 przedsi\u0119biorc\u00f3w na rynku nieruchomo\u015bci miejskich uwa\u017camy za niezgodn\u0105 z prawem. To oczywiste, \u017ce jest to niesprawiedliwe. Ci\u0105g\u0142e podkre\u015blanie, \u017ce to nie miasto odracza czynsz, lecz jego sp\u00f3\u0142ka z bran\u017cy nieruchomo\u015bci, sugeruje, \u017ce osoby odpowiedzialne r\u00f3wnie\u017c to zauwa\u017cy\u0142y. Bo firma, kt\u00f3ra jest w 100% w\u0142asno\u015bci\u0105&#8230;<\/p>\n","protected":false},"author":1,"featured_media":0,"parent":0,"menu_order":0,"comment_status":"closed","ping_status":"closed","template":"","meta":{"footnotes":""},"class_list":["post-14713","page","type-page","status-publish","hentry"],"yoast_head":"<!-- This site is optimized with the Yoast SEO Premium plugin v27.2 (Yoast SEO v27.3) - https:\/\/yoast.com\/product\/yoast-seo-premium-wordpress\/ -->\n<title>Rechtsanwaltskanzlei in Hamburg Berlin Bremen Hannover L\u00fcbeck<\/title>\n<meta name=\"description\" content=\"Rechtsanwaltskanzlei f\u00fcr Arbeitsrecht, Arzthaftung, Mietrecht, Gewerbemietrecht ,Gastronomierecht, Immobilienrecht, Schadensersatz Yachtrecht\" \/>\n<meta name=\"robots\" content=\"index, follow, max-snippet:-1, max-image-preview:large, max-video-preview:-1\" \/>\n<link rel=\"canonical\" href=\"https:\/\/www.kanzlei-steinwachs.de\/pl\/rowne-traktowanie-przedsiebiorcow-w-hamburgu\/\" \/>\n<meta property=\"og:locale\" content=\"pl_PL\" \/>\n<meta property=\"og:type\" content=\"article\" \/>\n<meta property=\"og:title\" content=\"Rechtsanwaltskanzlei in Hamburg Berlin Bremen Hannover L\u00fcbeck\" \/>\n<meta property=\"og:description\" content=\"Rechtsanwaltskanzlei f\u00fcr Arbeitsrecht, Arzthaftung, Mietrecht, Gewerbemietrecht ,Gastronomierecht, Immobilienrecht, Schadensersatz Yachtrecht\" \/>\n<meta property=\"og:url\" content=\"https:\/\/www.kanzlei-steinwachs.de\/pl\/rowne-traktowanie-przedsiebiorcow-w-hamburgu\/\" \/>\n<meta property=\"og:site_name\" content=\"Rechtsanwaltskanzlei Anwalt Hamburg Berlin Bremen Hannover L\u00fcbeck\" \/>\n<meta property=\"article:publisher\" content=\"https:\/\/www.facebook.com\/STEINWACHSRechtsanwaltskanzlei\/\" \/>\n<meta property=\"article:modified_time\" content=\"2023-12-04T11:13:19+00:00\" \/>\n<meta name=\"twitter:card\" content=\"summary_large_image\" \/>\n<meta name=\"twitter:site\" content=\"@rasteinwachs\" \/>\n<meta name=\"twitter:label1\" content=\"Szacowany czas czytania\" \/>\n\t<meta name=\"twitter:data1\" content=\"2 minuty\" \/>\n<script type=\"application\/ld+json\" class=\"yoast-schema-graph\">{\"@context\":\"https:\\\/\\\/schema.org\",\"@graph\":[{\"@type\":\"WebPage\",\"@id\":\"https:\\\/\\\/www.kanzlei-steinwachs.de\\\/pl\\\/rowne-traktowanie-przedsiebiorcow-w-hamburgu\\\/\",\"url\":\"https:\\\/\\\/www.kanzlei-steinwachs.de\\\/pl\\\/rowne-traktowanie-przedsiebiorcow-w-hamburgu\\\/\",\"name\":\"Rechtsanwaltskanzlei in Hamburg Berlin Bremen Hannover L\u00fcbeck\",\"isPartOf\":{\"@id\":\"https:\\\/\\\/www.kanzlei-steinwachs.de\\\/pl\\\/#website\"},\"datePublished\":\"2023-11-21T04:11:32+00:00\",\"dateModified\":\"2023-12-04T11:13:19+00:00\",\"description\":\"Rechtsanwaltskanzlei f\u00fcr Arbeitsrecht, Arzthaftung, Mietrecht, Gewerbemietrecht ,Gastronomierecht, Immobilienrecht, Schadensersatz Yachtrecht\",\"inLanguage\":\"pl-PL\",\"potentialAction\":[{\"@type\":\"ReadAction\",\"target\":[\"https:\\\/\\\/www.kanzlei-steinwachs.de\\\/pl\\\/rowne-traktowanie-przedsiebiorcow-w-hamburgu\\\/\"]}]},{\"@type\":\"WebSite\",\"@id\":\"https:\\\/\\\/www.kanzlei-steinwachs.de\\\/pl\\\/#website\",\"url\":\"https:\\\/\\\/www.kanzlei-steinwachs.de\\\/pl\\\/\",\"name\":\"Rechtsanwaltskanzlei Anwalt Hamburg Berlin Bremen Hannover L\u00fcbeck\",\"description\":\"Wir leisten mehr als Recht bietet\",\"publisher\":{\"@id\":\"https:\\\/\\\/www.kanzlei-steinwachs.de\\\/pl\\\/#organization\"},\"potentialAction\":[{\"@type\":\"SearchAction\",\"target\":{\"@type\":\"EntryPoint\",\"urlTemplate\":\"https:\\\/\\\/www.kanzlei-steinwachs.de\\\/pl\\\/?s={search_term_string}\"},\"query-input\":{\"@type\":\"PropertyValueSpecification\",\"valueRequired\":true,\"valueName\":\"search_term_string\"}}],\"inLanguage\":\"pl-PL\"},{\"@type\":[\"Organization\",\"Place\"],\"@id\":\"https:\\\/\\\/www.kanzlei-steinwachs.de\\\/pl\\\/#organization\",\"name\":\"Rechtsanwaltskanzlei Anwalt Hamburg Berlin Bremen Hannover L\u00fcbeck\",\"url\":\"https:\\\/\\\/www.kanzlei-steinwachs.de\\\/\",\"logo\":{\"@type\":\"ImageObject\",\"inLanguage\":\"pl-PL\",\"@id\":\"https:\\\/\\\/www.kanzlei-steinwachs.de\\\/pl\\\/#\\\/schema\\\/logo\\\/image\\\/\",\"url\":\"https:\\\/\\\/i0.wp.com\\\/www.kanzlei-steinwachs.de\\\/wp-content\\\/uploads\\\/2023\\\/12\\\/logo.webp?fit=174%2C76&quality=80&ssl=1\",\"contentUrl\":\"https:\\\/\\\/i0.wp.com\\\/www.kanzlei-steinwachs.de\\\/wp-content\\\/uploads\\\/2023\\\/12\\\/logo.webp?fit=174%2C76&quality=80&ssl=1\",\"width\":174,\"height\":76,\"caption\":\"Rechtsanwaltskanzlei Anwalt Hamburg Berlin Bremen Hannover L\u00fcbeck\"},\"image\":{\"@id\":\"https:\\\/\\\/www.kanzlei-steinwachs.de\\\/pl\\\/#\\\/schema\\\/logo\\\/image\\\/\"},\"sameAs\":[\"https:\\\/\\\/www.facebook.com\\\/STEINWACHSRechtsanwaltskanzlei\\\/\",\"https:\\\/\\\/x.com\\\/rasteinwachs\",\"https:\\\/\\\/www.instagram.com\\\/steinwachs_rechtsanwaelte\\\/\",\"https:\\\/\\\/www.linkedin.com\\\/in\\\/stephan-steinwachs-7a270197\\\/\",\"https:\\\/\\\/www.youtube.com\\\/channel\\\/UCffmodDlQx81remXm395RWA\"],\"telephone\":[]}]}<\/script>\n<!-- \/ Yoast SEO Premium plugin. -->","yoast_head_json":{"title":"Rechtsanwaltskanzlei in Hamburg Berlin Bremen Hannover L\u00fcbeck","description":"Rechtsanwaltskanzlei f\u00fcr Arbeitsrecht, Arzthaftung, Mietrecht, Gewerbemietrecht ,Gastronomierecht, Immobilienrecht, Schadensersatz Yachtrecht","robots":{"index":"index","follow":"follow","max-snippet":"max-snippet:-1","max-image-preview":"max-image-preview:large","max-video-preview":"max-video-preview:-1"},"canonical":"https:\/\/www.kanzlei-steinwachs.de\/pl\/rowne-traktowanie-przedsiebiorcow-w-hamburgu\/","og_locale":"pl_PL","og_type":"article","og_title":"Rechtsanwaltskanzlei in Hamburg Berlin Bremen Hannover L\u00fcbeck","og_description":"Rechtsanwaltskanzlei f\u00fcr Arbeitsrecht, Arzthaftung, Mietrecht, Gewerbemietrecht ,Gastronomierecht, Immobilienrecht, Schadensersatz Yachtrecht","og_url":"https:\/\/www.kanzlei-steinwachs.de\/pl\/rowne-traktowanie-przedsiebiorcow-w-hamburgu\/","og_site_name":"Rechtsanwaltskanzlei Anwalt Hamburg Berlin Bremen Hannover L\u00fcbeck","article_publisher":"https:\/\/www.facebook.com\/STEINWACHSRechtsanwaltskanzlei\/","article_modified_time":"2023-12-04T11:13:19+00:00","twitter_card":"summary_large_image","twitter_site":"@rasteinwachs","twitter_misc":{"Szacowany czas czytania":"2 minuty"},"schema":{"@context":"https:\/\/schema.org","@graph":[{"@type":"WebPage","@id":"https:\/\/www.kanzlei-steinwachs.de\/pl\/rowne-traktowanie-przedsiebiorcow-w-hamburgu\/","url":"https:\/\/www.kanzlei-steinwachs.de\/pl\/rowne-traktowanie-przedsiebiorcow-w-hamburgu\/","name":"Rechtsanwaltskanzlei in Hamburg Berlin Bremen Hannover L\u00fcbeck","isPartOf":{"@id":"https:\/\/www.kanzlei-steinwachs.de\/pl\/#website"},"datePublished":"2023-11-21T04:11:32+00:00","dateModified":"2023-12-04T11:13:19+00:00","description":"Rechtsanwaltskanzlei f\u00fcr Arbeitsrecht, Arzthaftung, Mietrecht, Gewerbemietrecht ,Gastronomierecht, Immobilienrecht, Schadensersatz Yachtrecht","inLanguage":"pl-PL","potentialAction":[{"@type":"ReadAction","target":["https:\/\/www.kanzlei-steinwachs.de\/pl\/rowne-traktowanie-przedsiebiorcow-w-hamburgu\/"]}]},{"@type":"WebSite","@id":"https:\/\/www.kanzlei-steinwachs.de\/pl\/#website","url":"https:\/\/www.kanzlei-steinwachs.de\/pl\/","name":"Rechtsanwaltskanzlei Anwalt Hamburg Berlin Bremen Hannover L\u00fcbeck","description":"Wir leisten mehr als Recht bietet","publisher":{"@id":"https:\/\/www.kanzlei-steinwachs.de\/pl\/#organization"},"potentialAction":[{"@type":"SearchAction","target":{"@type":"EntryPoint","urlTemplate":"https:\/\/www.kanzlei-steinwachs.de\/pl\/?s={search_term_string}"},"query-input":{"@type":"PropertyValueSpecification","valueRequired":true,"valueName":"search_term_string"}}],"inLanguage":"pl-PL"},{"@type":["Organization","Place"],"@id":"https:\/\/www.kanzlei-steinwachs.de\/pl\/#organization","name":"Rechtsanwaltskanzlei Anwalt Hamburg Berlin Bremen Hannover L\u00fcbeck","url":"https:\/\/www.kanzlei-steinwachs.de\/","logo":{"@type":"ImageObject","inLanguage":"pl-PL","@id":"https:\/\/www.kanzlei-steinwachs.de\/pl\/#\/schema\/logo\/image\/","url":"https:\/\/i0.wp.com\/www.kanzlei-steinwachs.de\/wp-content\/uploads\/2023\/12\/logo.webp?fit=174%2C76&quality=80&ssl=1","contentUrl":"https:\/\/i0.wp.com\/www.kanzlei-steinwachs.de\/wp-content\/uploads\/2023\/12\/logo.webp?fit=174%2C76&quality=80&ssl=1","width":174,"height":76,"caption":"Rechtsanwaltskanzlei Anwalt Hamburg Berlin Bremen Hannover L\u00fcbeck"},"image":{"@id":"https:\/\/www.kanzlei-steinwachs.de\/pl\/#\/schema\/logo\/image\/"},"sameAs":["https:\/\/www.facebook.com\/STEINWACHSRechtsanwaltskanzlei\/","https:\/\/x.com\/rasteinwachs","https:\/\/www.instagram.com\/steinwachs_rechtsanwaelte\/","https:\/\/www.linkedin.com\/in\/stephan-steinwachs-7a270197\/","https:\/\/www.youtube.com\/channel\/UCffmodDlQx81remXm395RWA"],"telephone":[]}]}},"jetpack_sharing_enabled":true,"_links":{"self":[{"href":"https:\/\/www.kanzlei-steinwachs.de\/pl\/wp-json\/wp\/v2\/pages\/14713","targetHints":{"allow":["GET"]}}],"collection":[{"href":"https:\/\/www.kanzlei-steinwachs.de\/pl\/wp-json\/wp\/v2\/pages"}],"about":[{"href":"https:\/\/www.kanzlei-steinwachs.de\/pl\/wp-json\/wp\/v2\/types\/page"}],"author":[{"embeddable":true,"href":"https:\/\/www.kanzlei-steinwachs.de\/pl\/wp-json\/wp\/v2\/users\/1"}],"replies":[{"embeddable":true,"href":"https:\/\/www.kanzlei-steinwachs.de\/pl\/wp-json\/wp\/v2\/comments?post=14713"}],"version-history":[{"count":0,"href":"https:\/\/www.kanzlei-steinwachs.de\/pl\/wp-json\/wp\/v2\/pages\/14713\/revisions"}],"wp:attachment":[{"href":"https:\/\/www.kanzlei-steinwachs.de\/pl\/wp-json\/wp\/v2\/media?parent=14713"}],"curies":[{"name":"wp","href":"https:\/\/api.w.org\/{rel}","templated":true}]}}