{"id":14701,"date":"2023-11-20T12:27:26","date_gmt":"2023-11-20T11:27:26","guid":{"rendered":"https:\/\/www.kanzlei-steinwachs.de\/orzeczenia-z-zakresu-prawa-pracy\/wyroki-bag-z-2009-r\/uszkodzenia-i-odpowiedzialnosc\/"},"modified":"2023-12-04T12:00:50","modified_gmt":"2023-12-04T11:00:50","slug":"uszkodzenia-i-odpowiedzialnosc","status":"publish","type":"page","link":"https:\/\/www.kanzlei-steinwachs.de\/pl\/orzeczenia-z-zakresu-prawa-pracy\/wyroki-bag-z-2009-r\/uszkodzenia-i-odpowiedzialnosc\/","title":{"rendered":"Uszkodzenia i odpowiedzialno\u015b\u0107"},"content":{"rendered":"<div class=\"wpb-content-wrapper\"><p>[vc_row triangle_shape=&#8221;no&#8221; css=&#8221;.vc_custom_1700479698024{margin-bottom: 50px !important;}&#8221;][vc_column][vc_column_text]Zgodnie z decyzj\u0105 Senatu VIII 2009 r. (8 AZR 226\/08) pracodawca mo\u017ce \u017c\u0105da\u0107 zwrotu niezb\u0119dnych koszt\u00f3w poniesionych w zwi\u0105zku z interwencj\u0105 detektywa, je\u017celi zleci\u0142 mu monitorowanie pracownika na podstawie konkretnego podejrzenia pope\u0142nienia przest\u0119pstwa, a Pracownik zostaje w\u00f3wczas skazany za umy\u015blne naruszenie zobowi\u0105za\u0144 umownych.<\/p>\n<p>Mo\u017cliwo\u015b\u0107 przeprowadzenia post\u0119powania ustalaj\u0105cego koszty zgodnie z \u00a7 103 i n. ZPO nie stoi na przeszkodzie temu, aby pracodawca m\u00f3g\u0142 dochodzi\u0107 zwrotu koszt\u00f3w pracy detektyw\u00f3w. Merytoryczne roszczenie o zwrot koszt\u00f3w nie jest przedmiotem post\u0119powania o zwrot koszt\u00f3w post\u0119powania. Bada jedynie, czy istnieje roszczenie procesowe o zwrot koszt\u00f3w zgodnie z \u00a7 91 i n. ZPO, \u00a7 12a ArbGG. Po wydaniu przez s\u0105d orzeczenia w sprawie koszt\u00f3w podstawowych podejmowana jest decyzja, czy koszty procesowe mog\u0105 zosta\u0107 zwr\u00f3cone zgodnie ze standardami proceduralnymi i zgodnie z prawem kosztowym. Natomiast obowi\u0105zek zwrotu na podstawie faktycznej podstawy prawnej, na przyk\u0142ad w wyniku czynu niezgodnego z prawem, stanowi odr\u0119bny przedmiot sporu.<\/p>\n<p>Prawo do zatrudnienia w s\u0142u\u017cbie publicznej mo\u017ce wynika\u0107 bezpo\u015brednio z Art. 33 ust. 2 GG, pod warunkiem, \u017ce u osoby ubiegaj\u0105cej si\u0119 o prac\u0119 zostan\u0105 spe\u0142nione wszystkie przes\u0142anki zatrudnienia, a jej zatrudnienie jest jedyn\u0105 zgodn\u0105 z prawem decyzj\u0105 organu, gdy\u017c ka\u017cda inna decyzja by\u0142aby niezgodna z prawem lub b\u0142\u0119dna w ocenie. Je\u017celi pracodawca publiczny obsadza na sta\u0142e og\u0142aszane stanowisko, mimo \u017ce nie zapad\u0142a jeszcze decyzja w sprawie wniosku o wydanie nakazu tymczasowego maj\u0105cego na celu niedopuszczenie do powstania faktu dokonanego, narusza to prawa przegranego konkurenta zgodnie z art. 33 ust. 2 iVm. Sztuka. 19 Abs. 4, art. 20 abs. 3GG. Ma prawo odzyska\u0107 swoje prawa.<\/p>\n<p>Tak zdecydowa\u0142 Dziewi\u0105ty Senat w swoim wyroku z dnia 24 marca 2009 r. ( 9 AZR 277\/08 ). Zgodnie z koncepcjami prawnymi zawartymi w art. 162 ust. 2 BGB i \u00a7\u00a7 135, 136 BGB pracodawca nie mo\u017ce skutecznie argumentowa\u0107 przeciwko nies\u0142usznie pomini\u0119temu kandydatowi, \u017ce nie mo\u017ce on ju\u017c spe\u0142nia\u0107 wymaga\u0144 zwi\u0105zanych z procesem rekrutacyjnym, poniewa\u017c stanowisko zosta\u0142o ju\u017c obsadzone. W takim przypadku osoba zainteresowana mo\u017ce zwr\u00f3ci\u0107 si\u0119 o przywr\u00f3cenie jej proceduralnie i merytorycznie takiej samej sytuacji, jak gdyby zastosowano nakaz tymczasowy, a proces sk\u0142adania wniosk\u00f3w nie zosta\u0142 jeszcze zako\u0144czony.<\/p>\n<p>Je\u017celi pracodawca odwo\u0142a proces mianowania, eliminuje to roszczenia na podstawie Art. 33 ust. 2 GG tylko w przypadku, gdy rezygnacja nast\u0105pi\u0142a z przyczyn obiektywnych. Obiektywn\u0105 przyczyn\u0105 mo\u017ce by\u0107 to, \u017ce stanowisko og\u0142aszane jako sta\u0142e przeznaczone jest wy\u0142\u0105cznie do tymczasowego obsadzenia zgodnie z przepisami bud\u017cetowymi lub stanowisko przypadkowo og\u0142oszone dla pracownik\u00f3w jest w rzeczywisto\u015bci zarezerwowane wy\u0142\u0105cznie dla urz\u0119dnik\u00f3w s\u0142u\u017cby cywilnej.[\/vc_column_text][\/vc_column][\/vc_row]<\/p>\n<\/div>","protected":false},"excerpt":{"rendered":"<p>[vc_row triangle_shape=&#8221;no&#8221; css=&#8221;.vc_custom_1700479698024{margin-bottom: 50px !important;}&#8221;][vc_column][vc_column_text]Zgodnie z decyzj\u0105 Senatu VIII 2009 r. (8 AZR 226\/08) pracodawca mo\u017ce \u017c\u0105da\u0107 zwrotu niezb\u0119dnych koszt\u00f3w poniesionych w zwi\u0105zku z interwencj\u0105 detektywa, je\u017celi zleci\u0142 mu monitorowanie pracownika na podstawie konkretnego podejrzenia pope\u0142nienia przest\u0119pstwa, a Pracownik zostaje w\u00f3wczas skazany za umy\u015blne naruszenie zobowi\u0105za\u0144 umownych. Mo\u017cliwo\u015b\u0107 przeprowadzenia post\u0119powania ustalaj\u0105cego koszty zgodnie z \u00a7 103 i n. ZPO nie stoi na przeszkodzie temu, aby pracodawca m\u00f3g\u0142 dochodzi\u0107 zwrotu koszt\u00f3w pracy detektyw\u00f3w. Merytoryczne roszczenie o zwrot koszt\u00f3w nie jest przedmiotem post\u0119powania o zwrot koszt\u00f3w post\u0119powania. Bada jedynie, czy istnieje roszczenie procesowe o zwrot koszt\u00f3w zgodnie z \u00a7 91 i n&#8230;.<\/p>\n","protected":false},"author":1,"featured_media":0,"parent":14574,"menu_order":0,"comment_status":"closed","ping_status":"closed","template":"","meta":{"footnotes":""},"class_list":["post-14701","page","type-page","status-publish","hentry"],"yoast_head":"<!-- This site is optimized with the Yoast SEO Premium plugin v27.2 (Yoast SEO v27.5) - https:\/\/yoast.com\/product\/yoast-seo-premium-wordpress\/ -->\n<title>Rechtsanwaltskanzlei in Hamburg Berlin Bremen Hannover L\u00fcbeck<\/title>\n<meta name=\"description\" content=\"Rechtsanwaltskanzlei f\u00fcr Arbeitsrecht, Arzthaftung, Mietrecht, Gewerbemietrecht ,Gastronomierecht, Immobilienrecht, Schadensersatz Yachtrecht\" \/>\n<meta name=\"robots\" content=\"index, follow, max-snippet:-1, max-image-preview:large, max-video-preview:-1\" \/>\n<link rel=\"canonical\" href=\"https:\/\/www.kanzlei-steinwachs.de\/pl\/orzeczenia-z-zakresu-prawa-pracy\/wyroki-bag-z-2009-r\/uszkodzenia-i-odpowiedzialnosc\/\" \/>\n<meta property=\"og:locale\" content=\"pl_PL\" \/>\n<meta property=\"og:type\" content=\"article\" \/>\n<meta property=\"og:title\" content=\"Rechtsanwaltskanzlei in Hamburg Berlin Bremen Hannover L\u00fcbeck\" \/>\n<meta property=\"og:description\" content=\"Rechtsanwaltskanzlei f\u00fcr Arbeitsrecht, Arzthaftung, Mietrecht, Gewerbemietrecht ,Gastronomierecht, Immobilienrecht, Schadensersatz Yachtrecht\" \/>\n<meta property=\"og:url\" content=\"https:\/\/www.kanzlei-steinwachs.de\/pl\/orzeczenia-z-zakresu-prawa-pracy\/wyroki-bag-z-2009-r\/uszkodzenia-i-odpowiedzialnosc\/\" \/>\n<meta property=\"og:site_name\" content=\"Rechtsanwaltskanzlei Anwalt Hamburg Berlin Bremen Hannover L\u00fcbeck\" \/>\n<meta property=\"article:publisher\" content=\"https:\/\/www.facebook.com\/STEINWACHSRechtsanwaltskanzlei\/\" \/>\n<meta property=\"article:modified_time\" content=\"2023-12-04T11:00:50+00:00\" \/>\n<meta name=\"twitter:card\" content=\"summary_large_image\" \/>\n<meta name=\"twitter:site\" content=\"@rasteinwachs\" \/>\n<meta name=\"twitter:label1\" content=\"Szacowany czas czytania\" \/>\n\t<meta name=\"twitter:data1\" content=\"2 minuty\" \/>\n<script type=\"application\/ld+json\" class=\"yoast-schema-graph\">{\"@context\":\"https:\\\/\\\/schema.org\",\"@graph\":[{\"@type\":\"WebPage\",\"@id\":\"https:\\\/\\\/www.kanzlei-steinwachs.de\\\/pl\\\/orzeczenia-z-zakresu-prawa-pracy\\\/wyroki-bag-z-2009-r\\\/uszkodzenia-i-odpowiedzialnosc\\\/\",\"url\":\"https:\\\/\\\/www.kanzlei-steinwachs.de\\\/pl\\\/orzeczenia-z-zakresu-prawa-pracy\\\/wyroki-bag-z-2009-r\\\/uszkodzenia-i-odpowiedzialnosc\\\/\",\"name\":\"Rechtsanwaltskanzlei in Hamburg Berlin Bremen Hannover L\u00fcbeck\",\"isPartOf\":{\"@id\":\"https:\\\/\\\/www.kanzlei-steinwachs.de\\\/pl\\\/#website\"},\"datePublished\":\"2023-11-20T11:27:26+00:00\",\"dateModified\":\"2023-12-04T11:00:50+00:00\",\"description\":\"Rechtsanwaltskanzlei f\u00fcr Arbeitsrecht, Arzthaftung, Mietrecht, Gewerbemietrecht ,Gastronomierecht, Immobilienrecht, Schadensersatz Yachtrecht\",\"breadcrumb\":{\"@id\":\"https:\\\/\\\/www.kanzlei-steinwachs.de\\\/pl\\\/orzeczenia-z-zakresu-prawa-pracy\\\/wyroki-bag-z-2009-r\\\/uszkodzenia-i-odpowiedzialnosc\\\/#breadcrumb\"},\"inLanguage\":\"pl-PL\",\"potentialAction\":[{\"@type\":\"ReadAction\",\"target\":[\"https:\\\/\\\/www.kanzlei-steinwachs.de\\\/pl\\\/orzeczenia-z-zakresu-prawa-pracy\\\/wyroki-bag-z-2009-r\\\/uszkodzenia-i-odpowiedzialnosc\\\/\"]}]},{\"@type\":\"BreadcrumbList\",\"@id\":\"https:\\\/\\\/www.kanzlei-steinwachs.de\\\/pl\\\/orzeczenia-z-zakresu-prawa-pracy\\\/wyroki-bag-z-2009-r\\\/uszkodzenia-i-odpowiedzialnosc\\\/#breadcrumb\",\"itemListElement\":[{\"@type\":\"ListItem\",\"position\":1,\"name\":\"Orzeczenia z zakresu prawa pracy\",\"item\":\"https:\\\/\\\/www.kanzlei-steinwachs.de\\\/pl\\\/orzeczenia-z-zakresu-prawa-pracy\\\/\"},{\"@type\":\"ListItem\",\"position\":2,\"name\":\"Wyroki BAG z 2009 r\",\"item\":\"https:\\\/\\\/www.kanzlei-steinwachs.de\\\/pl\\\/orzeczenia-z-zakresu-prawa-pracy\\\/wyroki-bag-z-2009-r\\\/\"},{\"@type\":\"ListItem\",\"position\":3,\"name\":\"Uszkodzenia i odpowiedzialno\u015b\u0107\"}]},{\"@type\":\"WebSite\",\"@id\":\"https:\\\/\\\/www.kanzlei-steinwachs.de\\\/pl\\\/#website\",\"url\":\"https:\\\/\\\/www.kanzlei-steinwachs.de\\\/pl\\\/\",\"name\":\"Rechtsanwaltskanzlei Anwalt Hamburg Berlin Bremen Hannover L\u00fcbeck\",\"description\":\"Wir leisten mehr als Recht bietet\",\"publisher\":{\"@id\":\"https:\\\/\\\/www.kanzlei-steinwachs.de\\\/pl\\\/#organization\"},\"potentialAction\":[{\"@type\":\"SearchAction\",\"target\":{\"@type\":\"EntryPoint\",\"urlTemplate\":\"https:\\\/\\\/www.kanzlei-steinwachs.de\\\/pl\\\/?s={search_term_string}\"},\"query-input\":{\"@type\":\"PropertyValueSpecification\",\"valueRequired\":true,\"valueName\":\"search_term_string\"}}],\"inLanguage\":\"pl-PL\"},{\"@type\":[\"Organization\",\"Place\"],\"@id\":\"https:\\\/\\\/www.kanzlei-steinwachs.de\\\/pl\\\/#organization\",\"name\":\"Rechtsanwaltskanzlei Anwalt Hamburg Berlin Bremen Hannover L\u00fcbeck\",\"url\":\"https:\\\/\\\/www.kanzlei-steinwachs.de\\\/\",\"logo\":{\"@type\":\"ImageObject\",\"inLanguage\":\"pl-PL\",\"@id\":\"https:\\\/\\\/www.kanzlei-steinwachs.de\\\/pl\\\/#\\\/schema\\\/logo\\\/image\\\/\",\"url\":\"https:\\\/\\\/i0.wp.com\\\/www.kanzlei-steinwachs.de\\\/wp-content\\\/uploads\\\/2023\\\/12\\\/logo.webp?fit=174%2C76&quality=80&ssl=1\",\"contentUrl\":\"https:\\\/\\\/i0.wp.com\\\/www.kanzlei-steinwachs.de\\\/wp-content\\\/uploads\\\/2023\\\/12\\\/logo.webp?fit=174%2C76&quality=80&ssl=1\",\"width\":174,\"height\":76,\"caption\":\"Rechtsanwaltskanzlei Anwalt Hamburg Berlin Bremen Hannover L\u00fcbeck\"},\"image\":{\"@id\":\"https:\\\/\\\/www.kanzlei-steinwachs.de\\\/pl\\\/#\\\/schema\\\/logo\\\/image\\\/\"},\"sameAs\":[\"https:\\\/\\\/www.facebook.com\\\/STEINWACHSRechtsanwaltskanzlei\\\/\",\"https:\\\/\\\/x.com\\\/rasteinwachs\",\"https:\\\/\\\/www.instagram.com\\\/steinwachs_rechtsanwaelte\\\/\",\"https:\\\/\\\/www.linkedin.com\\\/in\\\/stephan-steinwachs-7a270197\\\/\",\"https:\\\/\\\/www.youtube.com\\\/channel\\\/UCffmodDlQx81remXm395RWA\"],\"telephone\":[]}]}<\/script>\n<!-- \/ Yoast SEO Premium plugin. -->","yoast_head_json":{"title":"Rechtsanwaltskanzlei in Hamburg Berlin Bremen Hannover L\u00fcbeck","description":"Rechtsanwaltskanzlei f\u00fcr Arbeitsrecht, Arzthaftung, Mietrecht, Gewerbemietrecht ,Gastronomierecht, Immobilienrecht, Schadensersatz Yachtrecht","robots":{"index":"index","follow":"follow","max-snippet":"max-snippet:-1","max-image-preview":"max-image-preview:large","max-video-preview":"max-video-preview:-1"},"canonical":"https:\/\/www.kanzlei-steinwachs.de\/pl\/orzeczenia-z-zakresu-prawa-pracy\/wyroki-bag-z-2009-r\/uszkodzenia-i-odpowiedzialnosc\/","og_locale":"pl_PL","og_type":"article","og_title":"Rechtsanwaltskanzlei in Hamburg Berlin Bremen Hannover L\u00fcbeck","og_description":"Rechtsanwaltskanzlei f\u00fcr Arbeitsrecht, Arzthaftung, Mietrecht, Gewerbemietrecht ,Gastronomierecht, Immobilienrecht, Schadensersatz Yachtrecht","og_url":"https:\/\/www.kanzlei-steinwachs.de\/pl\/orzeczenia-z-zakresu-prawa-pracy\/wyroki-bag-z-2009-r\/uszkodzenia-i-odpowiedzialnosc\/","og_site_name":"Rechtsanwaltskanzlei Anwalt Hamburg Berlin Bremen Hannover L\u00fcbeck","article_publisher":"https:\/\/www.facebook.com\/STEINWACHSRechtsanwaltskanzlei\/","article_modified_time":"2023-12-04T11:00:50+00:00","twitter_card":"summary_large_image","twitter_site":"@rasteinwachs","twitter_misc":{"Szacowany czas czytania":"2 minuty"},"schema":{"@context":"https:\/\/schema.org","@graph":[{"@type":"WebPage","@id":"https:\/\/www.kanzlei-steinwachs.de\/pl\/orzeczenia-z-zakresu-prawa-pracy\/wyroki-bag-z-2009-r\/uszkodzenia-i-odpowiedzialnosc\/","url":"https:\/\/www.kanzlei-steinwachs.de\/pl\/orzeczenia-z-zakresu-prawa-pracy\/wyroki-bag-z-2009-r\/uszkodzenia-i-odpowiedzialnosc\/","name":"Rechtsanwaltskanzlei in Hamburg Berlin Bremen Hannover L\u00fcbeck","isPartOf":{"@id":"https:\/\/www.kanzlei-steinwachs.de\/pl\/#website"},"datePublished":"2023-11-20T11:27:26+00:00","dateModified":"2023-12-04T11:00:50+00:00","description":"Rechtsanwaltskanzlei f\u00fcr Arbeitsrecht, Arzthaftung, Mietrecht, Gewerbemietrecht ,Gastronomierecht, Immobilienrecht, Schadensersatz Yachtrecht","breadcrumb":{"@id":"https:\/\/www.kanzlei-steinwachs.de\/pl\/orzeczenia-z-zakresu-prawa-pracy\/wyroki-bag-z-2009-r\/uszkodzenia-i-odpowiedzialnosc\/#breadcrumb"},"inLanguage":"pl-PL","potentialAction":[{"@type":"ReadAction","target":["https:\/\/www.kanzlei-steinwachs.de\/pl\/orzeczenia-z-zakresu-prawa-pracy\/wyroki-bag-z-2009-r\/uszkodzenia-i-odpowiedzialnosc\/"]}]},{"@type":"BreadcrumbList","@id":"https:\/\/www.kanzlei-steinwachs.de\/pl\/orzeczenia-z-zakresu-prawa-pracy\/wyroki-bag-z-2009-r\/uszkodzenia-i-odpowiedzialnosc\/#breadcrumb","itemListElement":[{"@type":"ListItem","position":1,"name":"Orzeczenia z zakresu prawa pracy","item":"https:\/\/www.kanzlei-steinwachs.de\/pl\/orzeczenia-z-zakresu-prawa-pracy\/"},{"@type":"ListItem","position":2,"name":"Wyroki BAG z 2009 r","item":"https:\/\/www.kanzlei-steinwachs.de\/pl\/orzeczenia-z-zakresu-prawa-pracy\/wyroki-bag-z-2009-r\/"},{"@type":"ListItem","position":3,"name":"Uszkodzenia i odpowiedzialno\u015b\u0107"}]},{"@type":"WebSite","@id":"https:\/\/www.kanzlei-steinwachs.de\/pl\/#website","url":"https:\/\/www.kanzlei-steinwachs.de\/pl\/","name":"Rechtsanwaltskanzlei Anwalt Hamburg Berlin Bremen Hannover L\u00fcbeck","description":"Wir leisten mehr als Recht bietet","publisher":{"@id":"https:\/\/www.kanzlei-steinwachs.de\/pl\/#organization"},"potentialAction":[{"@type":"SearchAction","target":{"@type":"EntryPoint","urlTemplate":"https:\/\/www.kanzlei-steinwachs.de\/pl\/?s={search_term_string}"},"query-input":{"@type":"PropertyValueSpecification","valueRequired":true,"valueName":"search_term_string"}}],"inLanguage":"pl-PL"},{"@type":["Organization","Place"],"@id":"https:\/\/www.kanzlei-steinwachs.de\/pl\/#organization","name":"Rechtsanwaltskanzlei Anwalt Hamburg Berlin Bremen Hannover L\u00fcbeck","url":"https:\/\/www.kanzlei-steinwachs.de\/","logo":{"@type":"ImageObject","inLanguage":"pl-PL","@id":"https:\/\/www.kanzlei-steinwachs.de\/pl\/#\/schema\/logo\/image\/","url":"https:\/\/i0.wp.com\/www.kanzlei-steinwachs.de\/wp-content\/uploads\/2023\/12\/logo.webp?fit=174%2C76&quality=80&ssl=1","contentUrl":"https:\/\/i0.wp.com\/www.kanzlei-steinwachs.de\/wp-content\/uploads\/2023\/12\/logo.webp?fit=174%2C76&quality=80&ssl=1","width":174,"height":76,"caption":"Rechtsanwaltskanzlei Anwalt Hamburg Berlin Bremen Hannover L\u00fcbeck"},"image":{"@id":"https:\/\/www.kanzlei-steinwachs.de\/pl\/#\/schema\/logo\/image\/"},"sameAs":["https:\/\/www.facebook.com\/STEINWACHSRechtsanwaltskanzlei\/","https:\/\/x.com\/rasteinwachs","https:\/\/www.instagram.com\/steinwachs_rechtsanwaelte\/","https:\/\/www.linkedin.com\/in\/stephan-steinwachs-7a270197\/","https:\/\/www.youtube.com\/channel\/UCffmodDlQx81remXm395RWA"],"telephone":[]}]}},"jetpack_sharing_enabled":true,"_links":{"self":[{"href":"https:\/\/www.kanzlei-steinwachs.de\/pl\/wp-json\/wp\/v2\/pages\/14701","targetHints":{"allow":["GET"]}}],"collection":[{"href":"https:\/\/www.kanzlei-steinwachs.de\/pl\/wp-json\/wp\/v2\/pages"}],"about":[{"href":"https:\/\/www.kanzlei-steinwachs.de\/pl\/wp-json\/wp\/v2\/types\/page"}],"author":[{"embeddable":true,"href":"https:\/\/www.kanzlei-steinwachs.de\/pl\/wp-json\/wp\/v2\/users\/1"}],"replies":[{"embeddable":true,"href":"https:\/\/www.kanzlei-steinwachs.de\/pl\/wp-json\/wp\/v2\/comments?post=14701"}],"version-history":[{"count":0,"href":"https:\/\/www.kanzlei-steinwachs.de\/pl\/wp-json\/wp\/v2\/pages\/14701\/revisions"}],"up":[{"embeddable":true,"href":"https:\/\/www.kanzlei-steinwachs.de\/pl\/wp-json\/wp\/v2\/pages\/14574"}],"wp:attachment":[{"href":"https:\/\/www.kanzlei-steinwachs.de\/pl\/wp-json\/wp\/v2\/media?parent=14701"}],"curies":[{"name":"wp","href":"https:\/\/api.w.org\/{rel}","templated":true}]}}