{"id":14574,"date":"2023-11-20T11:03:18","date_gmt":"2023-11-20T10:03:18","guid":{"rendered":"https:\/\/www.kanzlei-steinwachs.de\/orzeczenia-z-zakresu-prawa-pracy\/wyroki-bag-z-2009-r\/"},"modified":"2023-12-04T10:49:56","modified_gmt":"2023-12-04T09:49:56","slug":"wyroki-bag-z-2009-r","status":"publish","type":"page","link":"https:\/\/www.kanzlei-steinwachs.de\/pl\/orzeczenia-z-zakresu-prawa-pracy\/wyroki-bag-z-2009-r\/","title":{"rendered":"Wyroki BAG z 2009 r"},"content":{"rendered":"<div class=\"wpb-content-wrapper\"><p>[vc_row triangle_shape=&#8221;no&#8221;][vc_column width=&#8221;1\/2&#8243;][vc_column_text]<\/p>\n<h3>A. Prawo stosunku pracy<\/h3>\n<p><strong>I. Warunki pracy<\/strong><\/p>\n<ul>\n<li>1. <a title=\"bag-orzeczenia-2009-zako\u0144czenie-stanowiska-narz\u0105du\" href=\"https:\/\/www.kanzlei-steinwachs.de\/arbeitsrecht-urteile\/bag-urteile-2009\/beendigung-der-organstellung\" target=\"_blank\" rel=\"noopener\">Zako\u0144czenie pozycji narz\u0105du<\/a><\/li>\n<li>2. <a title=\"torba-wyroki-umowa koncesyjna z 2009 r.-fikcja\" href=\"https:\/\/www.kanzlei-steinwachs.de\/arbeitsrecht-urteile\/bag-urteile-2009\/konzessionstraegervertrag-scheingeschaeft\" target=\"_blank\" rel=\"noopener\">Umowa koncesyjna \u2013 transakcja fikcyjna<\/a><\/li>\n<li>3. <a title=\"bag-orzeczenia-2009 godziny pracy\" href=\"https:\/\/www.kanzlei-steinwachs.de\/arbeitsrecht-urteile\/bag-urteile-2009\/arbeitszeit\" target=\"_blank\" rel=\"noopener\">Czas praktyki<\/a><\/li>\n<li>4. <a title=\"wyroki z zakresu prawa pracy dotycz\u0105ce uprawnie\u0144 do pracy w niepe\u0142nym wymiarze czasu pracy z 2009 roku\" href=\"https:\/\/www.kanzlei-steinwachs.de\/arbeitsrecht-urteile\/bag-urteile-2009\/anspruch-auf-teilzeitarbeit\" target=\"_blank\" rel=\"noopener\">Prawo do pracy w niepe\u0142nym wymiarze czasu pracy<\/a><\/li>\n<li>5. <a title=\"wyroki z zakresu prawa pracy zawieraj\u0105 wyroki z 2009 r., klauzule referencyjne\" href=\"https:\/\/www.kanzlei-steinwachs.de\/arbeitsrecht-urteile\/bag-urteile-2009\/bezugnahmeklauseln\" target=\"_blank\" rel=\"noopener\">Klauzule referencyjne<\/a><\/li>\n<li>6.<a title=\"wyroki z zakresu prawa pracy zbiorcze orzeczenia z 2009 r. dotycz\u0105ce rokowa\u0144 zbiorowych dla pracownik\u00f3w scen\" href=\"https:\/\/www.kanzlei-steinwachs.de\/arbeitsrecht-urteile\/bag-urteile-2009\/tarifrecht-bei-buehnenmitarbeiterin\" target=\"_blank\" rel=\"noopener\">Obowi\u0105zuj\u0105ce przepisy dotycz\u0105ce uk\u0142ad\u00f3w zbiorowych pracy dla pracownik\u00f3w scen \u201eartystycznych\u201d.<\/a><\/li>\n<\/ul>\n<p><strong>II Roszczenia ze stosunku do praktyki<\/strong><\/p>\n<ul>\n<li>1. <a title=\"torba-orzeczenia-2009 wakacje\" href=\"https:\/\/www.kanzlei-steinwachs.de\/arbeitsrecht-urteile\/bag-urteile-2009\/urlaub\" target=\"_blank\" rel=\"noopener\">Wakacje<\/a><\/li>\n<li>2. <a title=\"torba-wyroki-2009 odzie\u017c robocza\" href=\"https:\/\/www.kanzlei-steinwachs.de\/arbeitsrecht-urteile\/bag-urteile-2009\/berufskleidung\" target=\"_blank\" rel=\"noopener\">Odzie\u017c robocza<\/a><\/li>\n<li>3. <a title=\"torba-wyroki-2009 wynagrodzenie\" href=\"https:\/\/www.kanzlei-steinwachs.de\/arbeitsrecht-urteile\/bag-urteile-2009\/verguetung\" target=\"_blank\" rel=\"noopener\">Odszkodowanie<\/a><\/li>\n<li>4. <a title=\"bag-judgments-2009 dy\u017cur nocny\" href=\"https:\/\/www.kanzlei-steinwachs.de\/arbeitsrecht-urteile\/bag-urteile-2009\/naechtlicher-bereitschaftsdienst\" target=\"_blank\" rel=\"noopener\">Wyr\u00f3wnawczy czas wolny za dy\u017cur nocny<\/a><\/li>\n<li>5. <a title=\"bag-orzeczenia-2009 odszkodowania i odpowiedzialno\u015b\u0107\" href=\"https:\/\/www.kanzlei-steinwachs.de\/arbeitsrecht-urteile\/bag-urteile-2009\/schadensersatz-und-haftung\" target=\"_blank\" rel=\"noopener\">Uszkodzenia i odpowiedzialno\u015b\u0107<\/a><\/li>\n<li>6. <a title=\"torba-orzeczenia-2009 bezpiecze\u0144stwo pracy\" href=\"https:\/\/www.kanzlei-steinwachs.de\/arbeitsrecht-urteile\/bag-urteile-2009\/arbeitsschutz\" target=\"_blank\" rel=\"noopener\">Bezpiecze\u0144stwo pracy<\/a><\/li>\n<li>7. <a title=\"bag-orzeczenia-2009 Sp\u0142ata-koszt\u00f3w-szkole\u0144\" href=\"https:\/\/www.kanzlei-steinwachs.de\/arbeitsrecht-urteile\/bag-urteile-2009\/rueckzahlung-von-ausbildungskosten\" target=\"_blank\" rel=\"noopener\">Zwrot koszt\u00f3w szkolenia<\/a><\/li>\n<\/ul>\n<p><strong>III. Ochrona przed dyskryminacj\u0105 i promocja r\u00f3wnych szans<\/strong><\/p>\n<ul>\n<li>1. <a title=\"torba-orzeczenia-2009 p\u0142e\u0107\" href=\"https:\/\/www.kanzlei-steinwachs.de\/arbeitsrecht-urteile\/bag-urteile-2009\/geschlecht\" target=\"_blank\" rel=\"noopener\">P\u0142e\u0107<\/a><\/li>\n<li>2. Niepe\u0142nosprawno\u015b\u0107<a title=\"torba-orzeczenia-2009 niepe\u0142nosprawno\u015b\u0107\" href=\"https:\/\/www.kanzlei-steinwachs.de\/arbeitsrecht-urteile\/bag-urteile-2009\/behinderung\" target=\"_blank\" rel=\"noopener\"><\/a><\/li>\n<li>3. <a title=\"kole\u015b-orzeczenia-2009\" href=\"https:\/\/www.kanzlei-steinwachs.de\/arbeitsrecht-urteile\/bag-urteile-2009\/alter\" target=\"_blank\" rel=\"noopener\">Zmienie<\/a><\/li>\n<li>4. <a title=\"torba-wyroki-2009 pochodzenie etniczne\" href=\"https:\/\/www.kanzlei-steinwachs.de\/arbeitsrecht-urteile\/bag-urteile-2009\/ethnische-herkunft\" target=\"_blank\" rel=\"noopener\">Pochodzenie etniczne<\/a><\/li>\n<\/ul>\n<p><strong>IV rozwi\u0105zanie w odniesieniu do praktyki<\/strong><\/p>\n<ul>\n<li>1. <a title=\"bag-orzeczenia-2009 termin\" href=\"https:\/\/www.kanzlei-steinwachs.de\/arbeitsrecht-urteile\/bag-urteile-2009\/befristung\" target=\"_blank\" rel=\"noopener\">Limit czasu<\/a><\/li>\n<li>2. Zako\u0144czenie<\/li>\n<\/ul>\n<p><strong>V. Przeniesienie dzia\u0142alno\u015bci<\/strong><\/p>\n<ul>\n<li>1. Wymogi dotycz\u0105ce przeniesienia dzia\u0142alno\u015bci<\/li>\n<li>2. Informacje dla pracownik\u00f3w i prawo do sprzeciwu<\/li>\n<li>3. Umowa o odst\u0105pieniu od umowy<\/li>\n<li>4. Kontynuacja uk\u0142ad\u00f3w zbiorowych<\/li>\n<\/ul>\n<p>[\/vc_column_text][\/vc_column][vc_column width=&#8221;1\/2&#8243;][vc_column_text]<\/p>\n<h3>B. Zbiorowe prawo pracy<\/h3>\n<p>I. Prawo spor\u00f3w pracowniczych<\/p>\n<p>I. Prawo spor\u00f3w pracowniczych<\/p>\n<p>III. Collective bargaining law<\/p>\n<p>IV. Works constitution law<\/p>\n<ul>\n<li>1. Election of the works council<\/li>\n<li>2. Election of the representative for the severely disabled<\/li>\n<li>3. Wsp\u00f3\u0142decydowanie i udzia\u0142 rady zak\u0142adowej<\/li>\n<li>4. Compensatory free time for a works council member<\/li>\n<\/ul>\n<p>[\/vc_column_text][\/vc_column][\/vc_row][vc_row triangle_shape=&#8221;no&#8221;][vc_column][vc_empty_space][\/vc_column][\/vc_row]<\/p>\n<\/div>","protected":false},"excerpt":{"rendered":"<p>[vc_row triangle_shape=&#8221;no&#8221;][vc_column width=&#8221;1\/2&#8243;][vc_column_text] A. Prawo stosunku pracy I. Warunki pracy 1. Zako\u0144czenie pozycji narz\u0105du 2. Umowa koncesyjna \u2013 transakcja fikcyjna 3. Czas praktyki 4. Prawo do pracy w niepe\u0142nym wymiarze czasu pracy 5. Klauzule referencyjne 6.Obowi\u0105zuj\u0105ce przepisy dotycz\u0105ce uk\u0142ad\u00f3w zbiorowych pracy dla pracownik\u00f3w scen \u201eartystycznych\u201d. II Roszczenia ze stosunku do praktyki 1. Wakacje 2. Odzie\u017c robocza 3. Odszkodowanie 4. Wyr\u00f3wnawczy czas wolny za dy\u017cur nocny 5. Uszkodzenia i odpowiedzialno\u015b\u0107 6. Bezpiecze\u0144stwo pracy 7. Zwrot koszt\u00f3w szkolenia III. Ochrona przed dyskryminacj\u0105 i promocja r\u00f3wnych szans 1. P\u0142e\u0107 2. Niepe\u0142nosprawno\u015b\u0107 3. Zmienie 4. Pochodzenie etniczne IV rozwi\u0105zanie w odniesieniu do praktyki 1&#8230;.<\/p>\n","protected":false},"author":1,"featured_media":10716,"parent":11544,"menu_order":0,"comment_status":"closed","ping_status":"closed","template":"","meta":{"footnotes":""},"class_list":["post-14574","page","type-page","status-publish","has-post-thumbnail","hentry"],"yoast_head":"<!-- This site is optimized with the Yoast SEO Premium plugin v27.2 (Yoast SEO v27.4) - https:\/\/yoast.com\/product\/yoast-seo-premium-wordpress\/ -->\n<title>Rechtsanwaltskanzlei in Hamburg Berlin Bremen Hannover L\u00fcbeck<\/title>\n<meta name=\"description\" content=\"Rechtsanwaltskanzlei f\u00fcr Arbeitsrecht, Arzthaftung, Mietrecht, Gewerbemietrecht ,Gastronomierecht, Immobilienrecht, Schadensersatz Yachtrecht\" \/>\n<meta name=\"robots\" content=\"index, follow, max-snippet:-1, max-image-preview:large, max-video-preview:-1\" \/>\n<link rel=\"canonical\" href=\"https:\/\/www.kanzlei-steinwachs.de\/pl\/orzeczenia-z-zakresu-prawa-pracy\/wyroki-bag-z-2009-r\/\" \/>\n<meta property=\"og:locale\" content=\"pl_PL\" \/>\n<meta property=\"og:type\" content=\"article\" \/>\n<meta property=\"og:title\" content=\"Rechtsanwaltskanzlei in Hamburg Berlin Bremen Hannover L\u00fcbeck\" \/>\n<meta property=\"og:description\" content=\"Rechtsanwaltskanzlei f\u00fcr Arbeitsrecht, Arzthaftung, Mietrecht, Gewerbemietrecht ,Gastronomierecht, Immobilienrecht, Schadensersatz Yachtrecht\" \/>\n<meta property=\"og:url\" content=\"https:\/\/www.kanzlei-steinwachs.de\/pl\/orzeczenia-z-zakresu-prawa-pracy\/wyroki-bag-z-2009-r\/\" \/>\n<meta property=\"og:site_name\" content=\"Rechtsanwaltskanzlei Anwalt Hamburg Berlin Bremen Hannover L\u00fcbeck\" \/>\n<meta property=\"article:publisher\" content=\"https:\/\/www.facebook.com\/STEINWACHSRechtsanwaltskanzlei\/\" \/>\n<meta property=\"article:modified_time\" content=\"2023-12-04T09:49:56+00:00\" \/>\n<meta name=\"twitter:card\" content=\"summary_large_image\" \/>\n<meta name=\"twitter:site\" content=\"@rasteinwachs\" \/>\n<meta name=\"twitter:label1\" content=\"Szacowany czas czytania\" \/>\n\t<meta name=\"twitter:data1\" content=\"1 minuta\" \/>\n<script type=\"application\/ld+json\" class=\"yoast-schema-graph\">{\"@context\":\"https:\\\/\\\/schema.org\",\"@graph\":[{\"@type\":\"WebPage\",\"@id\":\"https:\\\/\\\/www.kanzlei-steinwachs.de\\\/pl\\\/orzeczenia-z-zakresu-prawa-pracy\\\/wyroki-bag-z-2009-r\\\/\",\"url\":\"https:\\\/\\\/www.kanzlei-steinwachs.de\\\/pl\\\/orzeczenia-z-zakresu-prawa-pracy\\\/wyroki-bag-z-2009-r\\\/\",\"name\":\"Rechtsanwaltskanzlei in Hamburg Berlin Bremen Hannover L\u00fcbeck\",\"isPartOf\":{\"@id\":\"https:\\\/\\\/www.kanzlei-steinwachs.de\\\/pl\\\/#website\"},\"primaryImageOfPage\":{\"@id\":\"https:\\\/\\\/www.kanzlei-steinwachs.de\\\/pl\\\/orzeczenia-z-zakresu-prawa-pracy\\\/wyroki-bag-z-2009-r\\\/#primaryimage\"},\"image\":{\"@id\":\"https:\\\/\\\/www.kanzlei-steinwachs.de\\\/pl\\\/orzeczenia-z-zakresu-prawa-pracy\\\/wyroki-bag-z-2009-r\\\/#primaryimage\"},\"thumbnailUrl\":\"https:\\\/\\\/i0.wp.com\\\/www.kanzlei-steinwachs.de\\\/wp-content\\\/uploads\\\/2023\\\/11\\\/Bundesarbeitsgericht_Urteile_2009.webp?fit=200%2C100&quality=20&ssl=1\",\"datePublished\":\"2023-11-20T10:03:18+00:00\",\"dateModified\":\"2023-12-04T09:49:56+00:00\",\"description\":\"Rechtsanwaltskanzlei f\u00fcr Arbeitsrecht, Arzthaftung, Mietrecht, Gewerbemietrecht ,Gastronomierecht, Immobilienrecht, Schadensersatz Yachtrecht\",\"breadcrumb\":{\"@id\":\"https:\\\/\\\/www.kanzlei-steinwachs.de\\\/pl\\\/orzeczenia-z-zakresu-prawa-pracy\\\/wyroki-bag-z-2009-r\\\/#breadcrumb\"},\"inLanguage\":\"pl-PL\",\"potentialAction\":[{\"@type\":\"ReadAction\",\"target\":[\"https:\\\/\\\/www.kanzlei-steinwachs.de\\\/pl\\\/orzeczenia-z-zakresu-prawa-pracy\\\/wyroki-bag-z-2009-r\\\/\"]}]},{\"@type\":\"ImageObject\",\"inLanguage\":\"pl-PL\",\"@id\":\"https:\\\/\\\/www.kanzlei-steinwachs.de\\\/pl\\\/orzeczenia-z-zakresu-prawa-pracy\\\/wyroki-bag-z-2009-r\\\/#primaryimage\",\"url\":\"https:\\\/\\\/i0.wp.com\\\/www.kanzlei-steinwachs.de\\\/wp-content\\\/uploads\\\/2023\\\/11\\\/Bundesarbeitsgericht_Urteile_2009.webp?fit=200%2C100&quality=20&ssl=1\",\"contentUrl\":\"https:\\\/\\\/i0.wp.com\\\/www.kanzlei-steinwachs.de\\\/wp-content\\\/uploads\\\/2023\\\/11\\\/Bundesarbeitsgericht_Urteile_2009.webp?fit=200%2C100&quality=20&ssl=1\",\"width\":200,\"height\":100},{\"@type\":\"BreadcrumbList\",\"@id\":\"https:\\\/\\\/www.kanzlei-steinwachs.de\\\/pl\\\/orzeczenia-z-zakresu-prawa-pracy\\\/wyroki-bag-z-2009-r\\\/#breadcrumb\",\"itemListElement\":[{\"@type\":\"ListItem\",\"position\":1,\"name\":\"Orzeczenia z zakresu prawa pracy\",\"item\":\"https:\\\/\\\/www.kanzlei-steinwachs.de\\\/pl\\\/orzeczenia-z-zakresu-prawa-pracy\\\/\"},{\"@type\":\"ListItem\",\"position\":2,\"name\":\"Wyroki BAG z 2009 r\"}]},{\"@type\":\"WebSite\",\"@id\":\"https:\\\/\\\/www.kanzlei-steinwachs.de\\\/pl\\\/#website\",\"url\":\"https:\\\/\\\/www.kanzlei-steinwachs.de\\\/pl\\\/\",\"name\":\"Rechtsanwaltskanzlei Anwalt Hamburg Berlin Bremen Hannover L\u00fcbeck\",\"description\":\"Wir leisten mehr als Recht bietet\",\"publisher\":{\"@id\":\"https:\\\/\\\/www.kanzlei-steinwachs.de\\\/pl\\\/#organization\"},\"potentialAction\":[{\"@type\":\"SearchAction\",\"target\":{\"@type\":\"EntryPoint\",\"urlTemplate\":\"https:\\\/\\\/www.kanzlei-steinwachs.de\\\/pl\\\/?s={search_term_string}\"},\"query-input\":{\"@type\":\"PropertyValueSpecification\",\"valueRequired\":true,\"valueName\":\"search_term_string\"}}],\"inLanguage\":\"pl-PL\"},{\"@type\":[\"Organization\",\"Place\"],\"@id\":\"https:\\\/\\\/www.kanzlei-steinwachs.de\\\/pl\\\/#organization\",\"name\":\"Rechtsanwaltskanzlei Anwalt Hamburg Berlin Bremen Hannover L\u00fcbeck\",\"url\":\"https:\\\/\\\/www.kanzlei-steinwachs.de\\\/\",\"logo\":{\"@type\":\"ImageObject\",\"inLanguage\":\"pl-PL\",\"@id\":\"https:\\\/\\\/www.kanzlei-steinwachs.de\\\/pl\\\/#\\\/schema\\\/logo\\\/image\\\/\",\"url\":\"https:\\\/\\\/i0.wp.com\\\/www.kanzlei-steinwachs.de\\\/wp-content\\\/uploads\\\/2023\\\/12\\\/logo.webp?fit=174%2C76&quality=80&ssl=1\",\"contentUrl\":\"https:\\\/\\\/i0.wp.com\\\/www.kanzlei-steinwachs.de\\\/wp-content\\\/uploads\\\/2023\\\/12\\\/logo.webp?fit=174%2C76&quality=80&ssl=1\",\"width\":174,\"height\":76,\"caption\":\"Rechtsanwaltskanzlei Anwalt Hamburg Berlin Bremen Hannover L\u00fcbeck\"},\"image\":{\"@id\":\"https:\\\/\\\/www.kanzlei-steinwachs.de\\\/pl\\\/#\\\/schema\\\/logo\\\/image\\\/\"},\"sameAs\":[\"https:\\\/\\\/www.facebook.com\\\/STEINWACHSRechtsanwaltskanzlei\\\/\",\"https:\\\/\\\/x.com\\\/rasteinwachs\",\"https:\\\/\\\/www.instagram.com\\\/steinwachs_rechtsanwaelte\\\/\",\"https:\\\/\\\/www.linkedin.com\\\/in\\\/stephan-steinwachs-7a270197\\\/\",\"https:\\\/\\\/www.youtube.com\\\/channel\\\/UCffmodDlQx81remXm395RWA\"],\"telephone\":[]}]}<\/script>\n<!-- \/ Yoast SEO Premium plugin. -->","yoast_head_json":{"title":"Rechtsanwaltskanzlei in Hamburg Berlin Bremen Hannover L\u00fcbeck","description":"Rechtsanwaltskanzlei f\u00fcr Arbeitsrecht, Arzthaftung, Mietrecht, Gewerbemietrecht ,Gastronomierecht, Immobilienrecht, Schadensersatz Yachtrecht","robots":{"index":"index","follow":"follow","max-snippet":"max-snippet:-1","max-image-preview":"max-image-preview:large","max-video-preview":"max-video-preview:-1"},"canonical":"https:\/\/www.kanzlei-steinwachs.de\/pl\/orzeczenia-z-zakresu-prawa-pracy\/wyroki-bag-z-2009-r\/","og_locale":"pl_PL","og_type":"article","og_title":"Rechtsanwaltskanzlei in Hamburg Berlin Bremen Hannover L\u00fcbeck","og_description":"Rechtsanwaltskanzlei f\u00fcr Arbeitsrecht, Arzthaftung, Mietrecht, Gewerbemietrecht ,Gastronomierecht, Immobilienrecht, Schadensersatz Yachtrecht","og_url":"https:\/\/www.kanzlei-steinwachs.de\/pl\/orzeczenia-z-zakresu-prawa-pracy\/wyroki-bag-z-2009-r\/","og_site_name":"Rechtsanwaltskanzlei Anwalt Hamburg Berlin Bremen Hannover L\u00fcbeck","article_publisher":"https:\/\/www.facebook.com\/STEINWACHSRechtsanwaltskanzlei\/","article_modified_time":"2023-12-04T09:49:56+00:00","twitter_card":"summary_large_image","twitter_site":"@rasteinwachs","twitter_misc":{"Szacowany czas czytania":"1 minuta"},"schema":{"@context":"https:\/\/schema.org","@graph":[{"@type":"WebPage","@id":"https:\/\/www.kanzlei-steinwachs.de\/pl\/orzeczenia-z-zakresu-prawa-pracy\/wyroki-bag-z-2009-r\/","url":"https:\/\/www.kanzlei-steinwachs.de\/pl\/orzeczenia-z-zakresu-prawa-pracy\/wyroki-bag-z-2009-r\/","name":"Rechtsanwaltskanzlei in Hamburg Berlin Bremen Hannover L\u00fcbeck","isPartOf":{"@id":"https:\/\/www.kanzlei-steinwachs.de\/pl\/#website"},"primaryImageOfPage":{"@id":"https:\/\/www.kanzlei-steinwachs.de\/pl\/orzeczenia-z-zakresu-prawa-pracy\/wyroki-bag-z-2009-r\/#primaryimage"},"image":{"@id":"https:\/\/www.kanzlei-steinwachs.de\/pl\/orzeczenia-z-zakresu-prawa-pracy\/wyroki-bag-z-2009-r\/#primaryimage"},"thumbnailUrl":"https:\/\/i0.wp.com\/www.kanzlei-steinwachs.de\/wp-content\/uploads\/2023\/11\/Bundesarbeitsgericht_Urteile_2009.webp?fit=200%2C100&quality=20&ssl=1","datePublished":"2023-11-20T10:03:18+00:00","dateModified":"2023-12-04T09:49:56+00:00","description":"Rechtsanwaltskanzlei f\u00fcr Arbeitsrecht, Arzthaftung, Mietrecht, Gewerbemietrecht ,Gastronomierecht, Immobilienrecht, Schadensersatz Yachtrecht","breadcrumb":{"@id":"https:\/\/www.kanzlei-steinwachs.de\/pl\/orzeczenia-z-zakresu-prawa-pracy\/wyroki-bag-z-2009-r\/#breadcrumb"},"inLanguage":"pl-PL","potentialAction":[{"@type":"ReadAction","target":["https:\/\/www.kanzlei-steinwachs.de\/pl\/orzeczenia-z-zakresu-prawa-pracy\/wyroki-bag-z-2009-r\/"]}]},{"@type":"ImageObject","inLanguage":"pl-PL","@id":"https:\/\/www.kanzlei-steinwachs.de\/pl\/orzeczenia-z-zakresu-prawa-pracy\/wyroki-bag-z-2009-r\/#primaryimage","url":"https:\/\/i0.wp.com\/www.kanzlei-steinwachs.de\/wp-content\/uploads\/2023\/11\/Bundesarbeitsgericht_Urteile_2009.webp?fit=200%2C100&quality=20&ssl=1","contentUrl":"https:\/\/i0.wp.com\/www.kanzlei-steinwachs.de\/wp-content\/uploads\/2023\/11\/Bundesarbeitsgericht_Urteile_2009.webp?fit=200%2C100&quality=20&ssl=1","width":200,"height":100},{"@type":"BreadcrumbList","@id":"https:\/\/www.kanzlei-steinwachs.de\/pl\/orzeczenia-z-zakresu-prawa-pracy\/wyroki-bag-z-2009-r\/#breadcrumb","itemListElement":[{"@type":"ListItem","position":1,"name":"Orzeczenia z zakresu prawa pracy","item":"https:\/\/www.kanzlei-steinwachs.de\/pl\/orzeczenia-z-zakresu-prawa-pracy\/"},{"@type":"ListItem","position":2,"name":"Wyroki BAG z 2009 r"}]},{"@type":"WebSite","@id":"https:\/\/www.kanzlei-steinwachs.de\/pl\/#website","url":"https:\/\/www.kanzlei-steinwachs.de\/pl\/","name":"Rechtsanwaltskanzlei Anwalt Hamburg Berlin Bremen Hannover L\u00fcbeck","description":"Wir leisten mehr als Recht bietet","publisher":{"@id":"https:\/\/www.kanzlei-steinwachs.de\/pl\/#organization"},"potentialAction":[{"@type":"SearchAction","target":{"@type":"EntryPoint","urlTemplate":"https:\/\/www.kanzlei-steinwachs.de\/pl\/?s={search_term_string}"},"query-input":{"@type":"PropertyValueSpecification","valueRequired":true,"valueName":"search_term_string"}}],"inLanguage":"pl-PL"},{"@type":["Organization","Place"],"@id":"https:\/\/www.kanzlei-steinwachs.de\/pl\/#organization","name":"Rechtsanwaltskanzlei Anwalt Hamburg Berlin Bremen Hannover L\u00fcbeck","url":"https:\/\/www.kanzlei-steinwachs.de\/","logo":{"@type":"ImageObject","inLanguage":"pl-PL","@id":"https:\/\/www.kanzlei-steinwachs.de\/pl\/#\/schema\/logo\/image\/","url":"https:\/\/i0.wp.com\/www.kanzlei-steinwachs.de\/wp-content\/uploads\/2023\/12\/logo.webp?fit=174%2C76&quality=80&ssl=1","contentUrl":"https:\/\/i0.wp.com\/www.kanzlei-steinwachs.de\/wp-content\/uploads\/2023\/12\/logo.webp?fit=174%2C76&quality=80&ssl=1","width":174,"height":76,"caption":"Rechtsanwaltskanzlei Anwalt Hamburg Berlin Bremen Hannover L\u00fcbeck"},"image":{"@id":"https:\/\/www.kanzlei-steinwachs.de\/pl\/#\/schema\/logo\/image\/"},"sameAs":["https:\/\/www.facebook.com\/STEINWACHSRechtsanwaltskanzlei\/","https:\/\/x.com\/rasteinwachs","https:\/\/www.instagram.com\/steinwachs_rechtsanwaelte\/","https:\/\/www.linkedin.com\/in\/stephan-steinwachs-7a270197\/","https:\/\/www.youtube.com\/channel\/UCffmodDlQx81remXm395RWA"],"telephone":[]}]}},"jetpack_sharing_enabled":true,"_links":{"self":[{"href":"https:\/\/www.kanzlei-steinwachs.de\/pl\/wp-json\/wp\/v2\/pages\/14574","targetHints":{"allow":["GET"]}}],"collection":[{"href":"https:\/\/www.kanzlei-steinwachs.de\/pl\/wp-json\/wp\/v2\/pages"}],"about":[{"href":"https:\/\/www.kanzlei-steinwachs.de\/pl\/wp-json\/wp\/v2\/types\/page"}],"author":[{"embeddable":true,"href":"https:\/\/www.kanzlei-steinwachs.de\/pl\/wp-json\/wp\/v2\/users\/1"}],"replies":[{"embeddable":true,"href":"https:\/\/www.kanzlei-steinwachs.de\/pl\/wp-json\/wp\/v2\/comments?post=14574"}],"version-history":[{"count":0,"href":"https:\/\/www.kanzlei-steinwachs.de\/pl\/wp-json\/wp\/v2\/pages\/14574\/revisions"}],"up":[{"embeddable":true,"href":"https:\/\/www.kanzlei-steinwachs.de\/pl\/wp-json\/wp\/v2\/pages\/11544"}],"wp:featuredmedia":[{"embeddable":true,"href":"https:\/\/www.kanzlei-steinwachs.de\/pl\/wp-json\/wp\/v2\/media\/10716"}],"wp:attachment":[{"href":"https:\/\/www.kanzlei-steinwachs.de\/pl\/wp-json\/wp\/v2\/media?parent=14574"}],"curies":[{"name":"wp","href":"https:\/\/api.w.org\/{rel}","templated":true}]}}