{"id":14240,"date":"2023-11-21T05:07:36","date_gmt":"2023-11-21T04:07:36","guid":{"rendered":"https:\/\/www.kanzlei-steinwachs.de\/wadliwe-polisy-na-zycie\/"},"modified":"2023-12-02T06:07:25","modified_gmt":"2023-12-02T05:07:25","slug":"wadliwe-polisy-na-zycie","status":"publish","type":"page","link":"https:\/\/www.kanzlei-steinwachs.de\/pl\/wadliwe-polisy-na-zycie\/","title":{"rendered":"Wadliwe polisy na \u017cycie"},"content":{"rendered":"<div class=\"wpb-content-wrapper\"><p>[vc_row triangle_shape=&#8221;no&#8221; css=&#8221;.vc_custom_1700539729626{margin-bottom: 50px !important;}&#8221;][vc_column][vc_column_text]<strong>Miliony polis ubezpieczeniowych na \u017cycie s\u0105 wadliwe<\/strong><\/p>\n<p>Z ustale\u0144 S\u0105du Najwy\u017cszego BGH wynika, \u017ce \u200b\u200bcz\u0119\u015b\u0107 polis ubezpieczeniowych na \u017cycie zawartych w latach 1995-2007 jest nieprawid\u0142owa. Klienci nie zostali dostatecznie poinformowani o przys\u0142uguj\u0105cym im prawie do odst\u0105pienia od umowy. Konsekwencj\u0105 b\u0142\u0119du formalnego jest mo\u017cliwo\u015b\u0107 p\u00f3\u017aniejszego uniewa\u017cnienia takiego ubezpieczenia. Instrukcje anulowania zawieraj\u0105 obecnie znaczn\u0105 liczb\u0119 prostych b\u0142\u0119d\u00f3w formalnych, kt\u00f3rym zasadniczo powinien zapobiega\u0107 silny dzia\u0142 prawny w silnych finansowo towarzystwach ubezpieczeniowych. W rezultacie osoba ubezpieczona posiadaj\u0105ca t\u0119 polis\u0119 na \u017cycie mo\u017ce w drodze nadzwyczajnego odst\u0105pienia uzyska\u0107 znacznie wy\u017csz\u0105 warto\u015b\u0107 wykupu swojego ubezpieczenia ni\u017c dotychczasowa. Zwykle polisa na \u017cycie mog\u0142aby zosta\u0107 anulowana lub sprzedana w 2020 r. ze strat\u0105 w wysoko\u015bci 6000 euro przy wp\u0142acie depozytu w wysoko\u015bci 38 000 euro. Jednak ze wzgl\u0119du na b\u0142\u0105d formalny ubezpieczenie na \u017cycie mo\u017cna wypowiedzie\u0107 ze sp\u0142at\u0105 52 000 euro i tym samym przynosi zysk w wysoko\u015bci 18 000 euro. W zwi\u0105zku z orzeczeniem Federalnego Trybuna\u0142u Sprawiedliwo\u015bci z 2014 r. uniewa\u017cniono wiele polis ubezpieczeniowych na \u017cycie i wypowiedzenia te s\u0105 kontynuowane. Wydaje si\u0119, \u017ce te polisy ubezpieczeniowe spotykaj\u0105 si\u0119 z niezadowoleniem milion\u00f3w klient\u00f3w. Niekt\u00f3re du\u017ce kancelarie prawne specjalizuj\u0105ce si\u0119 w uniewa\u017cnianiu takich polis oferuj\u0105 bezp\u0142atny wgl\u0105d w polisy, co oczywi\u015bcie nie podoba si\u0119 ubezpieczycielowi. Aby prawnicy mogli dokona\u0107 oceny prawnej, powinno wystarczy\u0107 zdj\u0119cie dokument\u00f3w odpowiedniego towarzystwa ubezpieczeniowego. Aby podj\u0105\u0107 dzia\u0142ania prawne przeciwko danym ubezpieczycielom, nie potrzebujesz ubezpieczenia ochrony prawnej. Wierzytelno\u015bci wykupuj\u0105 firmy posiadaj\u0105ce siln\u0105 pozycj\u0119 finansow\u0105. Firmy te wyp\u0142acaj\u0105 ubezpieczonemu zyskown\u0105 kwot\u0119, a nast\u0119pnie pozywaj\u0105 ubezpieczycieli do s\u0105du. Jest to legalne, nawet je\u015bli polisy zosta\u0142y ju\u017c anulowane lub wygas\u0142y. Zalet\u0105 dla ubezpieczonego jest to, \u017ce nie musi ponosi\u0107 w tym procesie \u017cadnego dodatkowego ryzyka, nawet je\u015bli zysk nie jest tak wysoki jak zwykle. Zostanie ono jednak wyp\u0142acone ubezpieczonemu w bardzo kr\u00f3tkim czasie. Dodatkowa kwota przys\u0142uguje w przypadku wygrania przez instytucje procesu z ubezpieczycielami.[\/vc_column_text][\/vc_column][\/vc_row]<\/p>\n<\/div>","protected":false},"excerpt":{"rendered":"<p>[vc_row triangle_shape=&#8221;no&#8221; css=&#8221;.vc_custom_1700539729626{margin-bottom: 50px !important;}&#8221;][vc_column][vc_column_text]Miliony polis ubezpieczeniowych na \u017cycie s\u0105 wadliwe Z ustale\u0144 S\u0105du Najwy\u017cszego BGH wynika, \u017ce \u200b\u200bcz\u0119\u015b\u0107 polis ubezpieczeniowych na \u017cycie zawartych w latach 1995-2007 jest nieprawid\u0142owa. Klienci nie zostali dostatecznie poinformowani o przys\u0142uguj\u0105cym im prawie do odst\u0105pienia od umowy. Konsekwencj\u0105 b\u0142\u0119du formalnego jest mo\u017cliwo\u015b\u0107 p\u00f3\u017aniejszego uniewa\u017cnienia takiego ubezpieczenia. Instrukcje anulowania zawieraj\u0105 obecnie znaczn\u0105 liczb\u0119 prostych b\u0142\u0119d\u00f3w formalnych, kt\u00f3rym zasadniczo powinien zapobiega\u0107 silny dzia\u0142 prawny w silnych finansowo towarzystwach ubezpieczeniowych. W rezultacie osoba ubezpieczona posiadaj\u0105ca t\u0119 polis\u0119 na \u017cycie mo\u017ce w drodze nadzwyczajnego odst\u0105pienia uzyska\u0107 znacznie wy\u017csz\u0105 warto\u015b\u0107 wykupu swojego ubezpieczenia ni\u017c dotychczasowa. Zwykle polisa na \u017cycie mog\u0142aby&#8230;<\/p>\n","protected":false},"author":1,"featured_media":0,"parent":0,"menu_order":0,"comment_status":"closed","ping_status":"closed","template":"","meta":{"footnotes":""},"class_list":["post-14240","page","type-page","status-publish","hentry"],"yoast_head":"<!-- This site is optimized with the Yoast SEO Premium plugin v27.2 (Yoast SEO v27.4) - https:\/\/yoast.com\/product\/yoast-seo-premium-wordpress\/ -->\n<title>Rechtsanwaltskanzlei in Hamburg Berlin Bremen Hannover L\u00fcbeck<\/title>\n<meta name=\"description\" content=\"Rechtsanwaltskanzlei f\u00fcr Arbeitsrecht, Arzthaftung, Mietrecht, Gewerbemietrecht ,Gastronomierecht, Immobilienrecht, Schadensersatz Yachtrecht\" \/>\n<meta name=\"robots\" content=\"index, follow, max-snippet:-1, max-image-preview:large, max-video-preview:-1\" \/>\n<link rel=\"canonical\" href=\"https:\/\/www.kanzlei-steinwachs.de\/pl\/wadliwe-polisy-na-zycie\/\" \/>\n<meta property=\"og:locale\" content=\"pl_PL\" \/>\n<meta property=\"og:type\" content=\"article\" \/>\n<meta property=\"og:title\" content=\"Rechtsanwaltskanzlei in Hamburg Berlin Bremen Hannover L\u00fcbeck\" \/>\n<meta property=\"og:description\" content=\"Rechtsanwaltskanzlei f\u00fcr Arbeitsrecht, Arzthaftung, Mietrecht, Gewerbemietrecht ,Gastronomierecht, Immobilienrecht, Schadensersatz Yachtrecht\" \/>\n<meta property=\"og:url\" content=\"https:\/\/www.kanzlei-steinwachs.de\/pl\/wadliwe-polisy-na-zycie\/\" \/>\n<meta property=\"og:site_name\" content=\"Rechtsanwaltskanzlei Anwalt Hamburg Berlin Bremen Hannover L\u00fcbeck\" \/>\n<meta property=\"article:publisher\" content=\"https:\/\/www.facebook.com\/STEINWACHSRechtsanwaltskanzlei\/\" \/>\n<meta property=\"article:modified_time\" content=\"2023-12-02T05:07:25+00:00\" \/>\n<meta name=\"twitter:card\" content=\"summary_large_image\" \/>\n<meta name=\"twitter:site\" content=\"@rasteinwachs\" \/>\n<meta name=\"twitter:label1\" content=\"Szacowany czas czytania\" \/>\n\t<meta name=\"twitter:data1\" content=\"2 minuty\" \/>\n<script type=\"application\/ld+json\" class=\"yoast-schema-graph\">{\"@context\":\"https:\\\/\\\/schema.org\",\"@graph\":[{\"@type\":\"WebPage\",\"@id\":\"https:\\\/\\\/www.kanzlei-steinwachs.de\\\/pl\\\/wadliwe-polisy-na-zycie\\\/\",\"url\":\"https:\\\/\\\/www.kanzlei-steinwachs.de\\\/pl\\\/wadliwe-polisy-na-zycie\\\/\",\"name\":\"Rechtsanwaltskanzlei in Hamburg Berlin Bremen Hannover L\u00fcbeck\",\"isPartOf\":{\"@id\":\"https:\\\/\\\/www.kanzlei-steinwachs.de\\\/pl\\\/#website\"},\"datePublished\":\"2023-11-21T04:07:36+00:00\",\"dateModified\":\"2023-12-02T05:07:25+00:00\",\"description\":\"Rechtsanwaltskanzlei f\u00fcr Arbeitsrecht, Arzthaftung, Mietrecht, Gewerbemietrecht ,Gastronomierecht, Immobilienrecht, Schadensersatz Yachtrecht\",\"inLanguage\":\"pl-PL\",\"potentialAction\":[{\"@type\":\"ReadAction\",\"target\":[\"https:\\\/\\\/www.kanzlei-steinwachs.de\\\/pl\\\/wadliwe-polisy-na-zycie\\\/\"]}]},{\"@type\":\"WebSite\",\"@id\":\"https:\\\/\\\/www.kanzlei-steinwachs.de\\\/pl\\\/#website\",\"url\":\"https:\\\/\\\/www.kanzlei-steinwachs.de\\\/pl\\\/\",\"name\":\"Rechtsanwaltskanzlei Anwalt Hamburg Berlin Bremen Hannover L\u00fcbeck\",\"description\":\"Wir leisten mehr als Recht bietet\",\"publisher\":{\"@id\":\"https:\\\/\\\/www.kanzlei-steinwachs.de\\\/pl\\\/#organization\"},\"potentialAction\":[{\"@type\":\"SearchAction\",\"target\":{\"@type\":\"EntryPoint\",\"urlTemplate\":\"https:\\\/\\\/www.kanzlei-steinwachs.de\\\/pl\\\/?s={search_term_string}\"},\"query-input\":{\"@type\":\"PropertyValueSpecification\",\"valueRequired\":true,\"valueName\":\"search_term_string\"}}],\"inLanguage\":\"pl-PL\"},{\"@type\":[\"Organization\",\"Place\"],\"@id\":\"https:\\\/\\\/www.kanzlei-steinwachs.de\\\/pl\\\/#organization\",\"name\":\"Rechtsanwaltskanzlei Anwalt Hamburg Berlin Bremen Hannover L\u00fcbeck\",\"url\":\"https:\\\/\\\/www.kanzlei-steinwachs.de\\\/\",\"logo\":{\"@type\":\"ImageObject\",\"inLanguage\":\"pl-PL\",\"@id\":\"https:\\\/\\\/www.kanzlei-steinwachs.de\\\/pl\\\/#\\\/schema\\\/logo\\\/image\\\/\",\"url\":\"https:\\\/\\\/i0.wp.com\\\/www.kanzlei-steinwachs.de\\\/wp-content\\\/uploads\\\/2023\\\/12\\\/logo.webp?fit=174%2C76&quality=80&ssl=1\",\"contentUrl\":\"https:\\\/\\\/i0.wp.com\\\/www.kanzlei-steinwachs.de\\\/wp-content\\\/uploads\\\/2023\\\/12\\\/logo.webp?fit=174%2C76&quality=80&ssl=1\",\"width\":174,\"height\":76,\"caption\":\"Rechtsanwaltskanzlei Anwalt Hamburg Berlin Bremen Hannover L\u00fcbeck\"},\"image\":{\"@id\":\"https:\\\/\\\/www.kanzlei-steinwachs.de\\\/pl\\\/#\\\/schema\\\/logo\\\/image\\\/\"},\"sameAs\":[\"https:\\\/\\\/www.facebook.com\\\/STEINWACHSRechtsanwaltskanzlei\\\/\",\"https:\\\/\\\/x.com\\\/rasteinwachs\",\"https:\\\/\\\/www.instagram.com\\\/steinwachs_rechtsanwaelte\\\/\",\"https:\\\/\\\/www.linkedin.com\\\/in\\\/stephan-steinwachs-7a270197\\\/\",\"https:\\\/\\\/www.youtube.com\\\/channel\\\/UCffmodDlQx81remXm395RWA\"],\"telephone\":[]}]}<\/script>\n<!-- \/ Yoast SEO Premium plugin. -->","yoast_head_json":{"title":"Rechtsanwaltskanzlei in Hamburg Berlin Bremen Hannover L\u00fcbeck","description":"Rechtsanwaltskanzlei f\u00fcr Arbeitsrecht, Arzthaftung, Mietrecht, Gewerbemietrecht ,Gastronomierecht, Immobilienrecht, Schadensersatz Yachtrecht","robots":{"index":"index","follow":"follow","max-snippet":"max-snippet:-1","max-image-preview":"max-image-preview:large","max-video-preview":"max-video-preview:-1"},"canonical":"https:\/\/www.kanzlei-steinwachs.de\/pl\/wadliwe-polisy-na-zycie\/","og_locale":"pl_PL","og_type":"article","og_title":"Rechtsanwaltskanzlei in Hamburg Berlin Bremen Hannover L\u00fcbeck","og_description":"Rechtsanwaltskanzlei f\u00fcr Arbeitsrecht, Arzthaftung, Mietrecht, Gewerbemietrecht ,Gastronomierecht, Immobilienrecht, Schadensersatz Yachtrecht","og_url":"https:\/\/www.kanzlei-steinwachs.de\/pl\/wadliwe-polisy-na-zycie\/","og_site_name":"Rechtsanwaltskanzlei Anwalt Hamburg Berlin Bremen Hannover L\u00fcbeck","article_publisher":"https:\/\/www.facebook.com\/STEINWACHSRechtsanwaltskanzlei\/","article_modified_time":"2023-12-02T05:07:25+00:00","twitter_card":"summary_large_image","twitter_site":"@rasteinwachs","twitter_misc":{"Szacowany czas czytania":"2 minuty"},"schema":{"@context":"https:\/\/schema.org","@graph":[{"@type":"WebPage","@id":"https:\/\/www.kanzlei-steinwachs.de\/pl\/wadliwe-polisy-na-zycie\/","url":"https:\/\/www.kanzlei-steinwachs.de\/pl\/wadliwe-polisy-na-zycie\/","name":"Rechtsanwaltskanzlei in Hamburg Berlin Bremen Hannover L\u00fcbeck","isPartOf":{"@id":"https:\/\/www.kanzlei-steinwachs.de\/pl\/#website"},"datePublished":"2023-11-21T04:07:36+00:00","dateModified":"2023-12-02T05:07:25+00:00","description":"Rechtsanwaltskanzlei f\u00fcr Arbeitsrecht, Arzthaftung, Mietrecht, Gewerbemietrecht ,Gastronomierecht, Immobilienrecht, Schadensersatz Yachtrecht","inLanguage":"pl-PL","potentialAction":[{"@type":"ReadAction","target":["https:\/\/www.kanzlei-steinwachs.de\/pl\/wadliwe-polisy-na-zycie\/"]}]},{"@type":"WebSite","@id":"https:\/\/www.kanzlei-steinwachs.de\/pl\/#website","url":"https:\/\/www.kanzlei-steinwachs.de\/pl\/","name":"Rechtsanwaltskanzlei Anwalt Hamburg Berlin Bremen Hannover L\u00fcbeck","description":"Wir leisten mehr als Recht bietet","publisher":{"@id":"https:\/\/www.kanzlei-steinwachs.de\/pl\/#organization"},"potentialAction":[{"@type":"SearchAction","target":{"@type":"EntryPoint","urlTemplate":"https:\/\/www.kanzlei-steinwachs.de\/pl\/?s={search_term_string}"},"query-input":{"@type":"PropertyValueSpecification","valueRequired":true,"valueName":"search_term_string"}}],"inLanguage":"pl-PL"},{"@type":["Organization","Place"],"@id":"https:\/\/www.kanzlei-steinwachs.de\/pl\/#organization","name":"Rechtsanwaltskanzlei Anwalt Hamburg Berlin Bremen Hannover L\u00fcbeck","url":"https:\/\/www.kanzlei-steinwachs.de\/","logo":{"@type":"ImageObject","inLanguage":"pl-PL","@id":"https:\/\/www.kanzlei-steinwachs.de\/pl\/#\/schema\/logo\/image\/","url":"https:\/\/i0.wp.com\/www.kanzlei-steinwachs.de\/wp-content\/uploads\/2023\/12\/logo.webp?fit=174%2C76&quality=80&ssl=1","contentUrl":"https:\/\/i0.wp.com\/www.kanzlei-steinwachs.de\/wp-content\/uploads\/2023\/12\/logo.webp?fit=174%2C76&quality=80&ssl=1","width":174,"height":76,"caption":"Rechtsanwaltskanzlei Anwalt Hamburg Berlin Bremen Hannover L\u00fcbeck"},"image":{"@id":"https:\/\/www.kanzlei-steinwachs.de\/pl\/#\/schema\/logo\/image\/"},"sameAs":["https:\/\/www.facebook.com\/STEINWACHSRechtsanwaltskanzlei\/","https:\/\/x.com\/rasteinwachs","https:\/\/www.instagram.com\/steinwachs_rechtsanwaelte\/","https:\/\/www.linkedin.com\/in\/stephan-steinwachs-7a270197\/","https:\/\/www.youtube.com\/channel\/UCffmodDlQx81remXm395RWA"],"telephone":[]}]}},"jetpack_sharing_enabled":true,"_links":{"self":[{"href":"https:\/\/www.kanzlei-steinwachs.de\/pl\/wp-json\/wp\/v2\/pages\/14240","targetHints":{"allow":["GET"]}}],"collection":[{"href":"https:\/\/www.kanzlei-steinwachs.de\/pl\/wp-json\/wp\/v2\/pages"}],"about":[{"href":"https:\/\/www.kanzlei-steinwachs.de\/pl\/wp-json\/wp\/v2\/types\/page"}],"author":[{"embeddable":true,"href":"https:\/\/www.kanzlei-steinwachs.de\/pl\/wp-json\/wp\/v2\/users\/1"}],"replies":[{"embeddable":true,"href":"https:\/\/www.kanzlei-steinwachs.de\/pl\/wp-json\/wp\/v2\/comments?post=14240"}],"version-history":[{"count":0,"href":"https:\/\/www.kanzlei-steinwachs.de\/pl\/wp-json\/wp\/v2\/pages\/14240\/revisions"}],"wp:attachment":[{"href":"https:\/\/www.kanzlei-steinwachs.de\/pl\/wp-json\/wp\/v2\/media?parent=14240"}],"curies":[{"name":"wp","href":"https:\/\/api.w.org\/{rel}","templated":true}]}}