{"id":14218,"date":"2023-11-21T06:06:27","date_gmt":"2023-11-21T05:06:27","guid":{"rendered":"https:\/\/www.kanzlei-steinwachs.de\/korona\/"},"modified":"2023-12-02T05:46:08","modified_gmt":"2023-12-02T04:46:08","slug":"korona","status":"publish","type":"page","link":"https:\/\/www.kanzlei-steinwachs.de\/pl\/korona\/","title":{"rendered":"Korona"},"content":{"rendered":"<div class=\"wpb-content-wrapper\"><p>[vc_row content_width=&#8221;grid&#8221; content_aligment=&#8221;center&#8221; triangle_shape=&#8221;no&#8221; css=&#8221;.vc_custom_1696926719838{padding-bottom: 10px !important;background-position: center !important;background-repeat: no-repeat !important;background-size: cover !important;}&#8221;][vc_column]<div class=\"mkd-separator-holder clearfix  mkd-separator-center mkd-separator-with-icon mkd-animate\" style=\"margin-top: 20px; margin-bottom: 30px\">\n\t<div class=\"mkd-separator\" style=\"border-color: #c18f59;border-style: solid;width: 97.5px\"><\/div>\n\t\t<div class=\"mkd-separator-icon\">\n\t\t\t                    \t\t\t\t\t\t<\/div>\n\t<div class=\"mkd-separator\" style=\"border-color: #c18f59;border-style: solid;width: 97.5px\"><\/div>\n<\/div>\n[\/vc_column][\/vc_row][vc_row triangle_shape=&#8221;no&#8221; css=&#8221;.vc_custom_1700542658617{padding-bottom: 20px !important;}&#8221;][vc_column][vc_column_text css=&#8221;.vc_custom_1700542642908{margin-bottom: 0px !important;padding-top: 20px !important;padding-bottom: 1px !important;}&#8221;]<\/p>\n<p style=\"text-align: left;\">Koronawirus dotyka nas obecnie ka\u017cdego dnia. Rozprzestrzenianie si\u0119 wirusa koronowego na ca\u0142ym \u015bwiecie doprowadzi\u0142o do szeroko zakrojonych ogranicze\u0144 w kontaktach i kompleksowej blokady gospodarczej (nie tylko w Niemczech). Obecna sytuacja i sytuacja prawna ulega ci\u0105g\u0142ym zmianom. Nawet je\u015bli obecnie wprowadzane s\u0105 z\u0142agodzenia, mo\u017cna przewidzie\u0107, \u017ce pewne ograniczenia b\u0119d\u0105 nadal obowi\u0105zywa\u0107, a ka\u017cdy kontakt w praktyce niesie ze sob\u0105 ryzyko infekcji.   <\/p>\n<p>[\/vc_column_text][vc_column_text css=&#8221;.vc_custom_1700542651202{padding-top: 10px !important;}&#8221;]Na tej stronie przegl\u0105du znajdziesz wszystkie nasze artyku\u0142y, cz\u0119sto zadawane pytania i wskaz\u00f3wki. Je\u015bli masz jakie\u015b konkretne pytania, zadzwo\u0144 do nas w celu bezp\u0142atnej wst\u0119pnej telefonicznej oceny Twojej sprawy.<\/p>\n<p>[\/vc_column_text][\/vc_column][\/vc_row][vc_row triangle_shape=&#8221;no&#8221; css=&#8221;.vc_custom_1700542658617{padding-bottom: 20px !important;}&#8221;][vc_column][vc_column_text css=&#8221;.vc_custom_1700542685219{margin-bottom: 0px !important;padding-top: 20px !important;padding-bottom: 1px !important;}&#8221;]Staramy si\u0119 przekazywa\u0107 Pa\u0144stwu aktualne i zrozumia\u0142e informacje na temat najwa\u017cniejszych aspekt\u00f3w prawnych:[\/vc_column_text]\n<h2 class=\"mkd-custom-font-holder\" style=\"font-size: 20px;line-height: 30px;font-weight: 700\" data-font-size= 20 data-line-height= 30>\n\tGastronomie und Corona<\/h2>[vc_column_text css=&#8221;.vc_custom_1700542705083{padding-top: 10px !important;}&#8221;]Nowy koronawirus stwarza ogromne problemy, zw\u0142aszcza dla bran\u017cy hotelarsko-gastronomicznej. Niezliczone firmy musia\u0142y wstrzyma\u0107 wi\u0119kszo\u015b\u0107, je\u015bli nie ca\u0142o\u015b\u0107 swojej dzia\u0142alno\u015bci. Jakie istniej\u0105 programy pomocowe? A co ze \u015bwiadczeniami zwi\u0105zanymi z prac\u0105 w skr\u00f3conym wymiarze czasu pracy? Jakie rozwi\u0105zania i pomys\u0142y p\u0142yn\u0105 z kryzysu? Czy firmy maj\u0105 prawo do odszkodowania w przypadku przymusowego zamkni\u0119cia? Jeste\u015bmy jedn\u0105 z wiod\u0105cych kancelarii prawnych w regionie i s\u0142u\u017cymy Pa\u0144stwu doradztwem we wszystkich obszarach.[\/vc_column_text][vc_column_text css=&#8221;.vc_custom_1700542716194{padding-top: 10px !important;}&#8221;]Bezp\u0142atnie i niezobowi\u0105zuj\u0105co telefonicznie poinformujemy Ci\u0119 o nast\u0119puj\u0105cych kwestiach:[\/vc_column_text]<div class=\"mkd-unordered-list \" ><ul>\n<li>Anspr\u00fcche gegen den Bund wegen Betriebsschlie\u00dfung?<\/li>\n<li>Bu\u00dfgeld erhalten?<\/li>\n<li>Wenn das Gesundheitsamt eine Schlie\u00dfung fordert, kann dann Kurzarbeitergeld beantragt werden.<\/li>\n<li>Haben Corona erkrankte Mitarbeiter einen Anspruch auf Gehalt nach dem Entgeldfortzahlungsgesetz?<\/li>\n<li>Was ist bei Quarant\u00e4ne?<\/li>\n<li>Greift bei einer Epidemie\/Pandemie die h\u00f6here Gewalt und ist der Gast ist bei Stornierungen von seiner Zahlungspflicht befreit?<\/li>\n<li>Was tun wenn ein Betrieb geschlossen wird und Ihre Versicherung die Zahlung verweigert?<\/li>\n<li>Durch Corona \u00fcberschuldet \u2013 wie rette ich den Betrieb?<\/li>\n<\/ul>\n<\/div>[vc_column_text css=&#8221;.vc_custom_1700542745051{padding-top: 10px !important;}&#8221;]Odpowiedzi i dalsze informacje mo\u017cna znale\u017a\u0107, klikaj\u0105c odpowiednie pytanie.<\/p>\n<h4><\/h4>\n<p>[\/vc_column_text][\/vc_column][\/vc_row][vc_row triangle_shape=&#8221;no&#8221; css=&#8221;.vc_custom_1700542658617{padding-bottom: 20px !important;}&#8221;][vc_column]\n<h2 class=\"mkd-custom-font-holder\" style=\"font-size: 20px;line-height: 30px;font-weight: 700\" data-font-size= 20 data-line-height= 30>\n\tBetriebe und Corona<\/h2>[vc_column_text css=&#8221;.vc_custom_1700542861547{padding-top: 10px !important;}&#8221;]Odszkodowanie:<\/p>\n<div id=\"gtx-trans\" style=\"position: absolute; left: 131px; top: 38px;\">\n<div class=\"gtx-trans-icon\"><\/div>\n<\/div>\n<p>[\/vc_column_text][vc_column_text css=&#8221;.vc_custom_1700542877162{padding-top: 10px !important;}&#8221;]Czy Twoja firma musia\u0142a zosta\u0107 zamkni\u0119ta z powodu korony lub czy ponios\u0142e\u015b straty z powodu kwarantanny? W takim przypadku mo\u017cesz by\u0107 uprawniony do roszcze\u0144 odszkodowawczych wobec rz\u0105du federalnego. <\/p>\n<div id=\"gtx-trans\" style=\"position: absolute; left: 177px; top: 38px;\">\n<div class=\"gtx-trans-icon\"><\/div>\n<\/div>\n<p>[\/vc_column_text][vc_column_text css=&#8221;.vc_custom_1700542840098{padding-top: 10px !important;}&#8221;]Praca kr\u00f3tkotrwa\u0142a:[\/vc_column_text][vc_column_text css=&#8221;.vc_custom_1700542850226{margin-bottom: 0px !important;padding-top: 20px !important;padding-bottom: 1px !important;}&#8221;]W przypadku kryzysu firmy mog\u0105 np. ubiega\u0107 si\u0119 o prac\u0119 w skr\u00f3conym wymiarze godzin. Po pierwsze, firma musi wyczerpa\u0107 wszystkie inne mo\u017cliwo\u015bci, aby unikn\u0105\u0107 pracy w skr\u00f3conym wymiarze czasu pracy (np. urlop, redukcja nadgodzin, praca w domu itp.). <\/p>\n<div><\/div>\n<div><\/div>\n<p>[\/vc_column_text][vc_column_text css=&#8221;.vc_custom_1700542830026{padding-top: 10px !important;}&#8221;]<\/p>\n<div>Ulga podatkowa:<\/div>\n<div><\/div>\n<p>[\/vc_column_text][vc_column_text css=&#8221;.vc_custom_1700542816258{padding-top: 10px !important;}&#8221;]<\/p>\n<div class=\"text\">W przypadku trudno\u015bci gospodarczych wynikaj\u0105cych z rozprzestrzeniania si\u0119 korona wirusa firmy mog\u0105 skorzysta\u0107 z r\u00f3\u017cnych ofert pomocy podatkowej oferowanych przez urz\u0119dy skarbowe, m.in.:<\/div>\n<h4><\/h4>\n<div id=\"gtx-trans\" style=\"position: absolute; left: 140px; top: 62px;\">\n<div class=\"gtx-trans-icon\"><\/div>\n<\/div>\n<p>[\/vc_column_text]<div class=\"mkd-unordered-list \" ><ul>\n<li>Herabsetzung oder Aussetzung laufender Vorauszahlungen zur Einkommensteuer bzw. K\u00f6rperschaftsteuer auf Antrag (Antr\u00e4ge zur Anpassung der Gewerbesteuervorauszahlungen sind hingegen an das kommunale Steueramt zu richten)<\/li>\n<li>Stundung f\u00e4lliger Steuerzahlungen<\/li>\n<li>Erlass von S\u00e4umniszuschl\u00e4gen<\/li>\n<li>Verzicht auf Vollstreckungsma\u00dfnahmen<\/li>\n<\/ul>\n<\/div>[\/vc_column][\/vc_row][vc_row triangle_shape=&#8221;no&#8221; css=&#8221;.vc_custom_1697455870159{padding-bottom: 50px !important;}&#8221;][vc_column]\n<h2 class=\"mkd-custom-font-holder\" style=\"font-size: 20px;line-height: 20px;font-weight: 700\" data-font-size= 20 data-line-height= 20>\n\tArbeitgeber und Corona<\/h2>[vc_column_text css=&#8221;.vc_custom_1700542947886{padding-top: 10px !important;}&#8221;]Pracodawcy s\u0105 zobowi\u0105zani nie tylko do podj\u0119cia niezb\u0119dnych \u015brodk\u00f3w ochronnych dla swoich pracownik\u00f3w we w\u0142asnym interesie, aby jak najd\u0142u\u017cej utrzyma\u0107 lub wznowi\u0107 dzia\u0142alno\u015b\u0107 gospodarcz\u0105, ale s\u0105 do tego r\u00f3wnie\u017c prawnie zobowi\u0105zani (\u00a7 618 ust. 1 BGB, \u00a7 3 Bezpiecze\u0144stwo i higiena pracy Ustawa \/ArbSchG). Ochrona zaczyna si\u0119 od kompleksowej informacji o ryzyku zaka\u017cenia koronawirusem i prawid\u0142owych zachowa\u0144 higienicznych. W najgorszym przypadku ko\u0144czy si\u0119 to zamkni\u0119ciem firmy i \u017c\u0105daniem, aby pracownicy pozostali w domu.<\/p>\n<p>[\/vc_column_text][vc_column_text css=&#8221;.vc_custom_1700542995907{padding-top: 10px !important;}&#8221;]Wszystkie informacje dla pracodawc\u00f3w mo\u017cna <a href=\"https:\/\/www.kanzlei-steinwachs.de\/corona\/arbeitgeber-und-corona\/\">znale\u017a\u0107 tutaj<\/a>.<\/p>\n<div id=\"gtx-trans\" style=\"position: absolute; left: 351px; top: -10px;\">\n<div class=\"gtx-trans-icon\"><\/div>\n<\/div>\n<p>[\/vc_column_text][\/vc_column][\/vc_row]<\/p>\n<\/div>","protected":false},"excerpt":{"rendered":"<p>[vc_row content_width=&#8221;grid&#8221; content_aligment=&#8221;center&#8221; triangle_shape=&#8221;no&#8221; css=&#8221;.vc_custom_1696926719838{padding-bottom: 10px !important;background-position: center !important;background-repeat: no-repeat !important;background-size: cover !important;}&#8221;][vc_column][\/vc_column][\/vc_row][vc_row triangle_shape=&#8221;no&#8221; css=&#8221;.vc_custom_1700542658617{padding-bottom: 20px !important;}&#8221;][vc_column][vc_column_text css=&#8221;.vc_custom_1700542642908{margin-bottom: 0px !important;padding-top: 20px !important;padding-bottom: 1px !important;}&#8221;] Koronawirus dotyka nas obecnie ka\u017cdego dnia. Rozprzestrzenianie si\u0119 wirusa koronowego na ca\u0142ym \u015bwiecie doprowadzi\u0142o do szeroko zakrojonych ogranicze\u0144 w kontaktach i kompleksowej blokady gospodarczej (nie tylko w Niemczech). Obecna sytuacja i sytuacja prawna ulega ci\u0105g\u0142ym zmianom. Nawet je\u015bli obecnie wprowadzane s\u0105 z\u0142agodzenia, mo\u017cna przewidzie\u0107, \u017ce pewne ograniczenia b\u0119d\u0105 nadal obowi\u0105zywa\u0107, a ka\u017cdy kontakt w praktyce niesie ze sob\u0105 ryzyko infekcji. [\/vc_column_text][vc_column_text css=&#8221;.vc_custom_1700542651202{padding-top: 10px !important;}&#8221;]Na tej stronie przegl\u0105du znajdziesz wszystkie nasze artyku\u0142y, cz\u0119sto zadawane pytania i wskaz\u00f3wki&#8230;.<\/p>\n","protected":false},"author":1,"featured_media":0,"parent":0,"menu_order":0,"comment_status":"closed","ping_status":"closed","template":"","meta":{"footnotes":""},"class_list":["post-14218","page","type-page","status-publish","hentry"],"yoast_head":"<!-- This site is optimized with the Yoast SEO Premium plugin v27.2 (Yoast SEO v27.4) - https:\/\/yoast.com\/product\/yoast-seo-premium-wordpress\/ -->\n<title>Rechtsanwaltskanzlei in Hamburg Berlin Bremen Hannover L\u00fcbeck<\/title>\n<meta name=\"description\" content=\"Rechtsanwaltskanzlei f\u00fcr Arbeitsrecht, Arzthaftung, Mietrecht, Gewerbemietrecht ,Gastronomierecht, Immobilienrecht, Schadensersatz Yachtrecht\" \/>\n<meta name=\"robots\" content=\"index, follow, max-snippet:-1, max-image-preview:large, max-video-preview:-1\" \/>\n<link rel=\"canonical\" href=\"https:\/\/www.kanzlei-steinwachs.de\/pl\/korona\/\" \/>\n<meta property=\"og:locale\" content=\"pl_PL\" \/>\n<meta property=\"og:type\" content=\"article\" \/>\n<meta property=\"og:title\" content=\"Rechtsanwaltskanzlei in Hamburg Berlin Bremen Hannover L\u00fcbeck\" \/>\n<meta property=\"og:description\" content=\"Rechtsanwaltskanzlei f\u00fcr Arbeitsrecht, Arzthaftung, Mietrecht, Gewerbemietrecht ,Gastronomierecht, Immobilienrecht, Schadensersatz Yachtrecht\" \/>\n<meta property=\"og:url\" content=\"https:\/\/www.kanzlei-steinwachs.de\/pl\/korona\/\" \/>\n<meta property=\"og:site_name\" content=\"Rechtsanwaltskanzlei Anwalt Hamburg Berlin Bremen Hannover L\u00fcbeck\" \/>\n<meta property=\"article:publisher\" content=\"https:\/\/www.facebook.com\/STEINWACHSRechtsanwaltskanzlei\/\" \/>\n<meta property=\"article:modified_time\" content=\"2023-12-02T04:46:08+00:00\" \/>\n<meta name=\"twitter:card\" content=\"summary_large_image\" \/>\n<meta name=\"twitter:site\" content=\"@rasteinwachs\" \/>\n<meta name=\"twitter:label1\" content=\"Szacowany czas czytania\" \/>\n\t<meta name=\"twitter:data1\" content=\"5 minut\" \/>\n<script type=\"application\/ld+json\" class=\"yoast-schema-graph\">{\"@context\":\"https:\\\/\\\/schema.org\",\"@graph\":[{\"@type\":\"WebPage\",\"@id\":\"https:\\\/\\\/www.kanzlei-steinwachs.de\\\/pl\\\/korona\\\/\",\"url\":\"https:\\\/\\\/www.kanzlei-steinwachs.de\\\/pl\\\/korona\\\/\",\"name\":\"Rechtsanwaltskanzlei in Hamburg Berlin Bremen Hannover L\u00fcbeck\",\"isPartOf\":{\"@id\":\"https:\\\/\\\/www.kanzlei-steinwachs.de\\\/pl\\\/#website\"},\"datePublished\":\"2023-11-21T05:06:27+00:00\",\"dateModified\":\"2023-12-02T04:46:08+00:00\",\"description\":\"Rechtsanwaltskanzlei f\u00fcr Arbeitsrecht, Arzthaftung, Mietrecht, Gewerbemietrecht ,Gastronomierecht, Immobilienrecht, Schadensersatz Yachtrecht\",\"inLanguage\":\"pl-PL\",\"potentialAction\":[{\"@type\":\"ReadAction\",\"target\":[\"https:\\\/\\\/www.kanzlei-steinwachs.de\\\/pl\\\/korona\\\/\"]}]},{\"@type\":\"WebSite\",\"@id\":\"https:\\\/\\\/www.kanzlei-steinwachs.de\\\/pl\\\/#website\",\"url\":\"https:\\\/\\\/www.kanzlei-steinwachs.de\\\/pl\\\/\",\"name\":\"Rechtsanwaltskanzlei Anwalt Hamburg Berlin Bremen Hannover L\u00fcbeck\",\"description\":\"Wir leisten mehr als Recht bietet\",\"publisher\":{\"@id\":\"https:\\\/\\\/www.kanzlei-steinwachs.de\\\/pl\\\/#organization\"},\"potentialAction\":[{\"@type\":\"SearchAction\",\"target\":{\"@type\":\"EntryPoint\",\"urlTemplate\":\"https:\\\/\\\/www.kanzlei-steinwachs.de\\\/pl\\\/?s={search_term_string}\"},\"query-input\":{\"@type\":\"PropertyValueSpecification\",\"valueRequired\":true,\"valueName\":\"search_term_string\"}}],\"inLanguage\":\"pl-PL\"},{\"@type\":[\"Organization\",\"Place\"],\"@id\":\"https:\\\/\\\/www.kanzlei-steinwachs.de\\\/pl\\\/#organization\",\"name\":\"Rechtsanwaltskanzlei Anwalt Hamburg Berlin Bremen Hannover L\u00fcbeck\",\"url\":\"https:\\\/\\\/www.kanzlei-steinwachs.de\\\/\",\"logo\":{\"@type\":\"ImageObject\",\"inLanguage\":\"pl-PL\",\"@id\":\"https:\\\/\\\/www.kanzlei-steinwachs.de\\\/pl\\\/#\\\/schema\\\/logo\\\/image\\\/\",\"url\":\"https:\\\/\\\/i0.wp.com\\\/www.kanzlei-steinwachs.de\\\/wp-content\\\/uploads\\\/2023\\\/12\\\/logo.webp?fit=174%2C76&quality=80&ssl=1\",\"contentUrl\":\"https:\\\/\\\/i0.wp.com\\\/www.kanzlei-steinwachs.de\\\/wp-content\\\/uploads\\\/2023\\\/12\\\/logo.webp?fit=174%2C76&quality=80&ssl=1\",\"width\":174,\"height\":76,\"caption\":\"Rechtsanwaltskanzlei Anwalt Hamburg Berlin Bremen Hannover L\u00fcbeck\"},\"image\":{\"@id\":\"https:\\\/\\\/www.kanzlei-steinwachs.de\\\/pl\\\/#\\\/schema\\\/logo\\\/image\\\/\"},\"sameAs\":[\"https:\\\/\\\/www.facebook.com\\\/STEINWACHSRechtsanwaltskanzlei\\\/\",\"https:\\\/\\\/x.com\\\/rasteinwachs\",\"https:\\\/\\\/www.instagram.com\\\/steinwachs_rechtsanwaelte\\\/\",\"https:\\\/\\\/www.linkedin.com\\\/in\\\/stephan-steinwachs-7a270197\\\/\",\"https:\\\/\\\/www.youtube.com\\\/channel\\\/UCffmodDlQx81remXm395RWA\"],\"telephone\":[]}]}<\/script>\n<!-- \/ Yoast SEO Premium plugin. -->","yoast_head_json":{"title":"Rechtsanwaltskanzlei in Hamburg Berlin Bremen Hannover L\u00fcbeck","description":"Rechtsanwaltskanzlei f\u00fcr Arbeitsrecht, Arzthaftung, Mietrecht, Gewerbemietrecht ,Gastronomierecht, Immobilienrecht, Schadensersatz Yachtrecht","robots":{"index":"index","follow":"follow","max-snippet":"max-snippet:-1","max-image-preview":"max-image-preview:large","max-video-preview":"max-video-preview:-1"},"canonical":"https:\/\/www.kanzlei-steinwachs.de\/pl\/korona\/","og_locale":"pl_PL","og_type":"article","og_title":"Rechtsanwaltskanzlei in Hamburg Berlin Bremen Hannover L\u00fcbeck","og_description":"Rechtsanwaltskanzlei f\u00fcr Arbeitsrecht, Arzthaftung, Mietrecht, Gewerbemietrecht ,Gastronomierecht, Immobilienrecht, Schadensersatz Yachtrecht","og_url":"https:\/\/www.kanzlei-steinwachs.de\/pl\/korona\/","og_site_name":"Rechtsanwaltskanzlei Anwalt Hamburg Berlin Bremen Hannover L\u00fcbeck","article_publisher":"https:\/\/www.facebook.com\/STEINWACHSRechtsanwaltskanzlei\/","article_modified_time":"2023-12-02T04:46:08+00:00","twitter_card":"summary_large_image","twitter_site":"@rasteinwachs","twitter_misc":{"Szacowany czas czytania":"5 minut"},"schema":{"@context":"https:\/\/schema.org","@graph":[{"@type":"WebPage","@id":"https:\/\/www.kanzlei-steinwachs.de\/pl\/korona\/","url":"https:\/\/www.kanzlei-steinwachs.de\/pl\/korona\/","name":"Rechtsanwaltskanzlei in Hamburg Berlin Bremen Hannover L\u00fcbeck","isPartOf":{"@id":"https:\/\/www.kanzlei-steinwachs.de\/pl\/#website"},"datePublished":"2023-11-21T05:06:27+00:00","dateModified":"2023-12-02T04:46:08+00:00","description":"Rechtsanwaltskanzlei f\u00fcr Arbeitsrecht, Arzthaftung, Mietrecht, Gewerbemietrecht ,Gastronomierecht, Immobilienrecht, Schadensersatz Yachtrecht","inLanguage":"pl-PL","potentialAction":[{"@type":"ReadAction","target":["https:\/\/www.kanzlei-steinwachs.de\/pl\/korona\/"]}]},{"@type":"WebSite","@id":"https:\/\/www.kanzlei-steinwachs.de\/pl\/#website","url":"https:\/\/www.kanzlei-steinwachs.de\/pl\/","name":"Rechtsanwaltskanzlei Anwalt Hamburg Berlin Bremen Hannover L\u00fcbeck","description":"Wir leisten mehr als Recht bietet","publisher":{"@id":"https:\/\/www.kanzlei-steinwachs.de\/pl\/#organization"},"potentialAction":[{"@type":"SearchAction","target":{"@type":"EntryPoint","urlTemplate":"https:\/\/www.kanzlei-steinwachs.de\/pl\/?s={search_term_string}"},"query-input":{"@type":"PropertyValueSpecification","valueRequired":true,"valueName":"search_term_string"}}],"inLanguage":"pl-PL"},{"@type":["Organization","Place"],"@id":"https:\/\/www.kanzlei-steinwachs.de\/pl\/#organization","name":"Rechtsanwaltskanzlei Anwalt Hamburg Berlin Bremen Hannover L\u00fcbeck","url":"https:\/\/www.kanzlei-steinwachs.de\/","logo":{"@type":"ImageObject","inLanguage":"pl-PL","@id":"https:\/\/www.kanzlei-steinwachs.de\/pl\/#\/schema\/logo\/image\/","url":"https:\/\/i0.wp.com\/www.kanzlei-steinwachs.de\/wp-content\/uploads\/2023\/12\/logo.webp?fit=174%2C76&quality=80&ssl=1","contentUrl":"https:\/\/i0.wp.com\/www.kanzlei-steinwachs.de\/wp-content\/uploads\/2023\/12\/logo.webp?fit=174%2C76&quality=80&ssl=1","width":174,"height":76,"caption":"Rechtsanwaltskanzlei Anwalt Hamburg Berlin Bremen Hannover L\u00fcbeck"},"image":{"@id":"https:\/\/www.kanzlei-steinwachs.de\/pl\/#\/schema\/logo\/image\/"},"sameAs":["https:\/\/www.facebook.com\/STEINWACHSRechtsanwaltskanzlei\/","https:\/\/x.com\/rasteinwachs","https:\/\/www.instagram.com\/steinwachs_rechtsanwaelte\/","https:\/\/www.linkedin.com\/in\/stephan-steinwachs-7a270197\/","https:\/\/www.youtube.com\/channel\/UCffmodDlQx81remXm395RWA"],"telephone":[]}]}},"jetpack_sharing_enabled":true,"_links":{"self":[{"href":"https:\/\/www.kanzlei-steinwachs.de\/pl\/wp-json\/wp\/v2\/pages\/14218","targetHints":{"allow":["GET"]}}],"collection":[{"href":"https:\/\/www.kanzlei-steinwachs.de\/pl\/wp-json\/wp\/v2\/pages"}],"about":[{"href":"https:\/\/www.kanzlei-steinwachs.de\/pl\/wp-json\/wp\/v2\/types\/page"}],"author":[{"embeddable":true,"href":"https:\/\/www.kanzlei-steinwachs.de\/pl\/wp-json\/wp\/v2\/users\/1"}],"replies":[{"embeddable":true,"href":"https:\/\/www.kanzlei-steinwachs.de\/pl\/wp-json\/wp\/v2\/comments?post=14218"}],"version-history":[{"count":0,"href":"https:\/\/www.kanzlei-steinwachs.de\/pl\/wp-json\/wp\/v2\/pages\/14218\/revisions"}],"wp:attachment":[{"href":"https:\/\/www.kanzlei-steinwachs.de\/pl\/wp-json\/wp\/v2\/media?parent=14218"}],"curies":[{"name":"wp","href":"https:\/\/api.w.org\/{rel}","templated":true}]}}