{"id":14094,"date":"2023-11-20T15:01:37","date_gmt":"2023-11-20T14:01:37","guid":{"rendered":"https:\/\/www.kanzlei-steinwachs.de\/ustawa-o-odpowiedzialnosci-medycznej\/odpowiedzialnosc-medyczna\/"},"modified":"2023-12-01T13:38:17","modified_gmt":"2023-12-01T12:38:17","slug":"odpowiedzialnosc-medyczna","status":"publish","type":"page","link":"https:\/\/www.kanzlei-steinwachs.de\/pl\/ustawa-o-odpowiedzialnosci-medycznej\/odpowiedzialnosc-medyczna\/","title":{"rendered":"Odpowiedzialno\u015b\u0107 medyczna"},"content":{"rendered":"<div class=\"wpb-content-wrapper\"><p>[vc_row content_width=&#8221;grid&#8221; content_aligment=&#8221;center&#8221; triangle_shape=&#8221;no&#8221; css=&#8221;.vc_custom_1696926719838{padding-bottom: 10px !important;background-position: center !important;background-repeat: no-repeat !important;background-size: cover !important;}&#8221;][vc_column]<div class=\"mkd-separator-holder clearfix  mkd-separator-center mkd-separator-with-icon mkd-animate\" style=\"margin-top: 20px; margin-bottom: 30px\">\n\t<div class=\"mkd-separator\" style=\"border-color: #c18f59;border-style: solid;width: 97.5px\"><\/div>\n\t\t<div class=\"mkd-separator-icon\">\n\t\t\t                    \t\t\t\t\t\t<\/div>\n\t<div class=\"mkd-separator\" style=\"border-color: #c18f59;border-style: solid;width: 97.5px\"><\/div>\n<\/div>\n[\/vc_column][\/vc_row][vc_row triangle_shape=&#8221;no&#8221; css=&#8221;.vc_custom_1700489067823{padding-bottom: 20px !important;}&#8221;][vc_column][vc_column_text css=&#8221;.vc_custom_1700489046177{margin-bottom: 0px !important;padding-top: 20px !important;padding-bottom: 1px !important;}&#8221;]B\u0142\u0105d w sztuce lekarskiej to b\u0142\u0105d lub niew\u0142a\u015bciwe dzia\u0142anie pracownika s\u0142u\u017cby zdrowia podczas leczenia. Taki b\u0142\u0105d ma miejsce, gdy opieka medyczna spada poni\u017cej przyj\u0119tego standardu opieki lub umiej\u0119tno\u015bci, wyrz\u0105dzaj\u0105c w ten spos\u00f3b szkod\u0119 pacjentowi. B\u0142\u0119dy medyczne mog\u0105 wyst\u0105pi\u0107 w r\u00f3\u017cnych obszarach opieki medycznej, w tym b\u0142\u0119dy diagnostyczne, b\u0142\u0119dy w stosowaniu lek\u00f3w, b\u0142\u0119dy chirurgiczne, b\u0142\u0119dy komunikacyjne lub brak opieki kontrolnej.[\/vc_column_text][vc_column_text css=&#8221;.vc_custom_1700489051513{margin-bottom: 0px !important;padding-top: 20px !important;padding-bottom: 1px !important;}&#8221;]Nale\u017cy pami\u0119ta\u0107, \u017ce nie wszystkie negatywne skutki lub powik\u0142ania leczenia s\u0105 automatycznie uznawane za b\u0142\u0105d w sztuce lekarskiej. Nie ka\u017cdy niekorzystny wynik medyczny wynika z b\u0142\u0119du. B\u0142\u0105d medyczny ma miejsce tylko wtedy, gdy opieka medyczna jest poni\u017cej przyj\u0119tego standardu i powoduje szkody, kt\u00f3rych mo\u017cna by\u0142o unikn\u0105\u0107.[\/vc_column_text][vc_column_text css=&#8221;.vc_custom_1700489060079{padding-top: 10px !important;}&#8221;]Je\u017celi pacjent podejrzewa, \u017ce \u200b\u200bdosz\u0142o do b\u0142\u0119du w sztuce lekarskiej, mo\u017ce skontaktowa\u0107 si\u0119 z nasz\u0105 Kancelari\u0105 Prawn\u0105 w celu rozpatrzenia jego roszcze\u0144 i, w razie potrzeby, podj\u0119cia krok\u00f3w prawnych. W niekt\u00f3rych krajach istniej\u0105 tak\u017ce specjalne komisje arbitra\u017cowe lub komisje ekspert\u00f3w, kt\u00f3re zajmuj\u0105 si\u0119 takimi sprawami i mog\u0105 zapewni\u0107 wsparcie w wyja\u015bnianiu i ocenie b\u0142\u0119d\u00f3w w leczeniu.<\/p>\n<p>[\/vc_column_text][\/vc_column][\/vc_row][vc_row triangle_shape=&#8221;no&#8221; css=&#8221;.vc_custom_1700489067823{padding-bottom: 20px !important;}&#8221;][vc_column]<div class=\"mkd-unordered-list \" ><ul>\n<li>BGH, wyrok z 20 lutego 2018 r. \u2013 VI ZR 30\/17: W wyroku tym BGH zajmuje si\u0119 kwesti\u0105 rozk\u0142adu ci\u0119\u017caru dowodu w przypadku b\u0142\u0119d\u00f3w w leczeniu. BGH decyduje, \u017ce co do zasady pacjent musi przedstawi\u0107 dow\u00f3d b\u0142\u0119du w leczeniu. <\/li>\n<li>BGH, wyrok z 23 pa\u017adziernika 2012 r. \u2013 VI ZR 74\/12: Wyrok ten dotyczy obowi\u0105zku informowania lekarza o ewentualnych zagro\u017ceniach zwi\u0105zanych z leczeniem. BGH jasno stwierdza, \u017ce \u200b\u200blekarz musi w pe\u0142ni poinformowa\u0107 pacjenta o mo\u017cliwych zagro\u017ceniach, aby m\u00f3g\u0142 on podj\u0105\u0107 \u015bwiadom\u0105 decyzj\u0119. <\/li>\n<li>BGH, wyrok z 29 kwietnia 2003 r. \u2013 VI ZR 398\/02: Decyzja ta dotyczy przedawnienia b\u0142\u0119d\u00f3w leczniczych. BGH podaje, \u017ce zwyk\u0142y termin przedawnienia roszcze\u0144 odszkodowawczych z tytu\u0142u b\u0142\u0119d\u00f3w w leczeniu wynosi trzy lata i rozpoczyna si\u0119 dopiero od chwili, w kt\u00f3rej pacjent dowiedzia\u0142 si\u0119 o b\u0142\u0119dzie w leczeniu. <\/li>\n<li>BGH, wyrok z 16 lipca 2002 r. \u2013 VI ZR 331\/01: W tym przypadku BGH zajmuje si\u0119 kwesti\u0105 odwr\u00f3cenia ci\u0119\u017caru dowodu w przypadku ra\u017c\u0105cych b\u0142\u0119d\u00f3w w post\u0119powaniu. Federalny Trybuna\u0142 Sprawiedliwo\u015bci orzeka, \u017ce \u200b\u200bw przypadku ra\u017c\u0105cego b\u0142\u0119du w leczeniu ci\u0119\u017car dowodu mo\u017cna odwr\u00f3ci\u0107 na korzy\u015b\u0107 pacjenta, tzn. lekarz musi w\u00f3wczas udowodni\u0107, \u017ce b\u0142\u0105d nie by\u0142 przyczyn\u0105 wyrz\u0105dzonej szkody. <\/li>\n<\/ul>\n<\/div>[\/vc_column][\/vc_row]<\/p>\n<\/div>","protected":false},"excerpt":{"rendered":"<p>[vc_row content_width=&#8221;grid&#8221; content_aligment=&#8221;center&#8221; triangle_shape=&#8221;no&#8221; css=&#8221;.vc_custom_1696926719838{padding-bottom: 10px !important;background-position: center !important;background-repeat: no-repeat !important;background-size: cover !important;}&#8221;][vc_column][\/vc_column][\/vc_row][vc_row triangle_shape=&#8221;no&#8221; css=&#8221;.vc_custom_1700489067823{padding-bottom: 20px !important;}&#8221;][vc_column][vc_column_text css=&#8221;.vc_custom_1700489046177{margin-bottom: 0px !important;padding-top: 20px !important;padding-bottom: 1px !important;}&#8221;]B\u0142\u0105d w sztuce lekarskiej to b\u0142\u0105d lub niew\u0142a\u015bciwe dzia\u0142anie pracownika s\u0142u\u017cby zdrowia podczas leczenia. Taki b\u0142\u0105d ma miejsce, gdy opieka medyczna spada poni\u017cej przyj\u0119tego standardu opieki lub umiej\u0119tno\u015bci, wyrz\u0105dzaj\u0105c w ten spos\u00f3b szkod\u0119 pacjentowi. B\u0142\u0119dy medyczne mog\u0105 wyst\u0105pi\u0107 w r\u00f3\u017cnych obszarach opieki medycznej, w tym b\u0142\u0119dy diagnostyczne, b\u0142\u0119dy w stosowaniu lek\u00f3w, b\u0142\u0119dy chirurgiczne, b\u0142\u0119dy komunikacyjne lub brak opieki kontrolnej.[\/vc_column_text][vc_column_text css=&#8221;.vc_custom_1700489051513{margin-bottom: 0px !important;padding-top: 20px !important;padding-bottom: 1px !important;}&#8221;]Nale\u017cy pami\u0119ta\u0107, \u017ce nie wszystkie negatywne skutki lub powik\u0142ania leczenia s\u0105 automatycznie&#8230;<\/p>\n","protected":false},"author":1,"featured_media":0,"parent":8573,"menu_order":0,"comment_status":"closed","ping_status":"closed","template":"","meta":{"footnotes":""},"class_list":["post-14094","page","type-page","status-publish","hentry"],"yoast_head":"<!-- This site is optimized with the Yoast SEO Premium plugin v27.2 (Yoast SEO v27.3) - https:\/\/yoast.com\/product\/yoast-seo-premium-wordpress\/ -->\n<title>Rechtsanwaltskanzlei in Hamburg Berlin Bremen Hannover L\u00fcbeck<\/title>\n<meta name=\"description\" content=\"Rechtsanwaltskanzlei f\u00fcr Arbeitsrecht, Arzthaftung, Mietrecht, Gewerbemietrecht ,Gastronomierecht, Immobilienrecht, Schadensersatz Yachtrecht\" \/>\n<meta name=\"robots\" content=\"index, follow, max-snippet:-1, max-image-preview:large, max-video-preview:-1\" \/>\n<link rel=\"canonical\" href=\"https:\/\/www.kanzlei-steinwachs.de\/pl\/ustawa-o-odpowiedzialnosci-medycznej\/odpowiedzialnosc-medyczna\/\" \/>\n<meta property=\"og:locale\" content=\"pl_PL\" \/>\n<meta property=\"og:type\" content=\"article\" \/>\n<meta property=\"og:title\" content=\"Rechtsanwaltskanzlei in Hamburg Berlin Bremen Hannover L\u00fcbeck\" \/>\n<meta property=\"og:description\" content=\"Rechtsanwaltskanzlei f\u00fcr Arbeitsrecht, Arzthaftung, Mietrecht, Gewerbemietrecht ,Gastronomierecht, Immobilienrecht, Schadensersatz Yachtrecht\" \/>\n<meta property=\"og:url\" content=\"https:\/\/www.kanzlei-steinwachs.de\/pl\/ustawa-o-odpowiedzialnosci-medycznej\/odpowiedzialnosc-medyczna\/\" \/>\n<meta property=\"og:site_name\" content=\"Rechtsanwaltskanzlei Anwalt Hamburg Berlin Bremen Hannover L\u00fcbeck\" \/>\n<meta property=\"article:publisher\" content=\"https:\/\/www.facebook.com\/STEINWACHSRechtsanwaltskanzlei\/\" \/>\n<meta property=\"article:modified_time\" content=\"2023-12-01T12:38:17+00:00\" \/>\n<meta name=\"twitter:card\" content=\"summary_large_image\" \/>\n<meta name=\"twitter:site\" content=\"@rasteinwachs\" \/>\n<meta name=\"twitter:label1\" content=\"Szacowany czas czytania\" \/>\n\t<meta name=\"twitter:data1\" content=\"3 minuty\" \/>\n<script type=\"application\/ld+json\" class=\"yoast-schema-graph\">{\"@context\":\"https:\\\/\\\/schema.org\",\"@graph\":[{\"@type\":\"WebPage\",\"@id\":\"https:\\\/\\\/www.kanzlei-steinwachs.de\\\/pl\\\/ustawa-o-odpowiedzialnosci-medycznej\\\/odpowiedzialnosc-medyczna\\\/\",\"url\":\"https:\\\/\\\/www.kanzlei-steinwachs.de\\\/pl\\\/ustawa-o-odpowiedzialnosci-medycznej\\\/odpowiedzialnosc-medyczna\\\/\",\"name\":\"Rechtsanwaltskanzlei in Hamburg Berlin Bremen Hannover L\u00fcbeck\",\"isPartOf\":{\"@id\":\"https:\\\/\\\/www.kanzlei-steinwachs.de\\\/pl\\\/#website\"},\"datePublished\":\"2023-11-20T14:01:37+00:00\",\"dateModified\":\"2023-12-01T12:38:17+00:00\",\"description\":\"Rechtsanwaltskanzlei f\u00fcr Arbeitsrecht, Arzthaftung, Mietrecht, Gewerbemietrecht ,Gastronomierecht, Immobilienrecht, Schadensersatz Yachtrecht\",\"breadcrumb\":{\"@id\":\"https:\\\/\\\/www.kanzlei-steinwachs.de\\\/pl\\\/ustawa-o-odpowiedzialnosci-medycznej\\\/odpowiedzialnosc-medyczna\\\/#breadcrumb\"},\"inLanguage\":\"pl-PL\",\"potentialAction\":[{\"@type\":\"ReadAction\",\"target\":[\"https:\\\/\\\/www.kanzlei-steinwachs.de\\\/pl\\\/ustawa-o-odpowiedzialnosci-medycznej\\\/odpowiedzialnosc-medyczna\\\/\"]}]},{\"@type\":\"BreadcrumbList\",\"@id\":\"https:\\\/\\\/www.kanzlei-steinwachs.de\\\/pl\\\/ustawa-o-odpowiedzialnosci-medycznej\\\/odpowiedzialnosc-medyczna\\\/#breadcrumb\",\"itemListElement\":[{\"@type\":\"ListItem\",\"position\":1,\"name\":\"Ustawa o odpowiedzialno\u015bci medycznej\",\"item\":\"https:\\\/\\\/www.kanzlei-steinwachs.de\\\/pl\\\/ustawa-o-odpowiedzialnosci-medycznej\\\/\"},{\"@type\":\"ListItem\",\"position\":2,\"name\":\"Odpowiedzialno\u015b\u0107 medyczna\"}]},{\"@type\":\"WebSite\",\"@id\":\"https:\\\/\\\/www.kanzlei-steinwachs.de\\\/pl\\\/#website\",\"url\":\"https:\\\/\\\/www.kanzlei-steinwachs.de\\\/pl\\\/\",\"name\":\"Rechtsanwaltskanzlei Anwalt Hamburg Berlin Bremen Hannover L\u00fcbeck\",\"description\":\"Wir leisten mehr als Recht bietet\",\"publisher\":{\"@id\":\"https:\\\/\\\/www.kanzlei-steinwachs.de\\\/pl\\\/#organization\"},\"potentialAction\":[{\"@type\":\"SearchAction\",\"target\":{\"@type\":\"EntryPoint\",\"urlTemplate\":\"https:\\\/\\\/www.kanzlei-steinwachs.de\\\/pl\\\/?s={search_term_string}\"},\"query-input\":{\"@type\":\"PropertyValueSpecification\",\"valueRequired\":true,\"valueName\":\"search_term_string\"}}],\"inLanguage\":\"pl-PL\"},{\"@type\":[\"Organization\",\"Place\"],\"@id\":\"https:\\\/\\\/www.kanzlei-steinwachs.de\\\/pl\\\/#organization\",\"name\":\"Rechtsanwaltskanzlei Anwalt Hamburg Berlin Bremen Hannover L\u00fcbeck\",\"url\":\"https:\\\/\\\/www.kanzlei-steinwachs.de\\\/\",\"logo\":{\"@type\":\"ImageObject\",\"inLanguage\":\"pl-PL\",\"@id\":\"https:\\\/\\\/www.kanzlei-steinwachs.de\\\/pl\\\/#\\\/schema\\\/logo\\\/image\\\/\",\"url\":\"https:\\\/\\\/i0.wp.com\\\/www.kanzlei-steinwachs.de\\\/wp-content\\\/uploads\\\/2023\\\/12\\\/logo.webp?fit=174%2C76&quality=80&ssl=1\",\"contentUrl\":\"https:\\\/\\\/i0.wp.com\\\/www.kanzlei-steinwachs.de\\\/wp-content\\\/uploads\\\/2023\\\/12\\\/logo.webp?fit=174%2C76&quality=80&ssl=1\",\"width\":174,\"height\":76,\"caption\":\"Rechtsanwaltskanzlei Anwalt Hamburg Berlin Bremen Hannover L\u00fcbeck\"},\"image\":{\"@id\":\"https:\\\/\\\/www.kanzlei-steinwachs.de\\\/pl\\\/#\\\/schema\\\/logo\\\/image\\\/\"},\"sameAs\":[\"https:\\\/\\\/www.facebook.com\\\/STEINWACHSRechtsanwaltskanzlei\\\/\",\"https:\\\/\\\/x.com\\\/rasteinwachs\",\"https:\\\/\\\/www.instagram.com\\\/steinwachs_rechtsanwaelte\\\/\",\"https:\\\/\\\/www.linkedin.com\\\/in\\\/stephan-steinwachs-7a270197\\\/\",\"https:\\\/\\\/www.youtube.com\\\/channel\\\/UCffmodDlQx81remXm395RWA\"],\"telephone\":[]}]}<\/script>\n<!-- \/ Yoast SEO Premium plugin. -->","yoast_head_json":{"title":"Rechtsanwaltskanzlei in Hamburg Berlin Bremen Hannover L\u00fcbeck","description":"Rechtsanwaltskanzlei f\u00fcr Arbeitsrecht, Arzthaftung, Mietrecht, Gewerbemietrecht ,Gastronomierecht, Immobilienrecht, Schadensersatz Yachtrecht","robots":{"index":"index","follow":"follow","max-snippet":"max-snippet:-1","max-image-preview":"max-image-preview:large","max-video-preview":"max-video-preview:-1"},"canonical":"https:\/\/www.kanzlei-steinwachs.de\/pl\/ustawa-o-odpowiedzialnosci-medycznej\/odpowiedzialnosc-medyczna\/","og_locale":"pl_PL","og_type":"article","og_title":"Rechtsanwaltskanzlei in Hamburg Berlin Bremen Hannover L\u00fcbeck","og_description":"Rechtsanwaltskanzlei f\u00fcr Arbeitsrecht, Arzthaftung, Mietrecht, Gewerbemietrecht ,Gastronomierecht, Immobilienrecht, Schadensersatz Yachtrecht","og_url":"https:\/\/www.kanzlei-steinwachs.de\/pl\/ustawa-o-odpowiedzialnosci-medycznej\/odpowiedzialnosc-medyczna\/","og_site_name":"Rechtsanwaltskanzlei Anwalt Hamburg Berlin Bremen Hannover L\u00fcbeck","article_publisher":"https:\/\/www.facebook.com\/STEINWACHSRechtsanwaltskanzlei\/","article_modified_time":"2023-12-01T12:38:17+00:00","twitter_card":"summary_large_image","twitter_site":"@rasteinwachs","twitter_misc":{"Szacowany czas czytania":"3 minuty"},"schema":{"@context":"https:\/\/schema.org","@graph":[{"@type":"WebPage","@id":"https:\/\/www.kanzlei-steinwachs.de\/pl\/ustawa-o-odpowiedzialnosci-medycznej\/odpowiedzialnosc-medyczna\/","url":"https:\/\/www.kanzlei-steinwachs.de\/pl\/ustawa-o-odpowiedzialnosci-medycznej\/odpowiedzialnosc-medyczna\/","name":"Rechtsanwaltskanzlei in Hamburg Berlin Bremen Hannover L\u00fcbeck","isPartOf":{"@id":"https:\/\/www.kanzlei-steinwachs.de\/pl\/#website"},"datePublished":"2023-11-20T14:01:37+00:00","dateModified":"2023-12-01T12:38:17+00:00","description":"Rechtsanwaltskanzlei f\u00fcr Arbeitsrecht, Arzthaftung, Mietrecht, Gewerbemietrecht ,Gastronomierecht, Immobilienrecht, Schadensersatz Yachtrecht","breadcrumb":{"@id":"https:\/\/www.kanzlei-steinwachs.de\/pl\/ustawa-o-odpowiedzialnosci-medycznej\/odpowiedzialnosc-medyczna\/#breadcrumb"},"inLanguage":"pl-PL","potentialAction":[{"@type":"ReadAction","target":["https:\/\/www.kanzlei-steinwachs.de\/pl\/ustawa-o-odpowiedzialnosci-medycznej\/odpowiedzialnosc-medyczna\/"]}]},{"@type":"BreadcrumbList","@id":"https:\/\/www.kanzlei-steinwachs.de\/pl\/ustawa-o-odpowiedzialnosci-medycznej\/odpowiedzialnosc-medyczna\/#breadcrumb","itemListElement":[{"@type":"ListItem","position":1,"name":"Ustawa o odpowiedzialno\u015bci medycznej","item":"https:\/\/www.kanzlei-steinwachs.de\/pl\/ustawa-o-odpowiedzialnosci-medycznej\/"},{"@type":"ListItem","position":2,"name":"Odpowiedzialno\u015b\u0107 medyczna"}]},{"@type":"WebSite","@id":"https:\/\/www.kanzlei-steinwachs.de\/pl\/#website","url":"https:\/\/www.kanzlei-steinwachs.de\/pl\/","name":"Rechtsanwaltskanzlei Anwalt Hamburg Berlin Bremen Hannover L\u00fcbeck","description":"Wir leisten mehr als Recht bietet","publisher":{"@id":"https:\/\/www.kanzlei-steinwachs.de\/pl\/#organization"},"potentialAction":[{"@type":"SearchAction","target":{"@type":"EntryPoint","urlTemplate":"https:\/\/www.kanzlei-steinwachs.de\/pl\/?s={search_term_string}"},"query-input":{"@type":"PropertyValueSpecification","valueRequired":true,"valueName":"search_term_string"}}],"inLanguage":"pl-PL"},{"@type":["Organization","Place"],"@id":"https:\/\/www.kanzlei-steinwachs.de\/pl\/#organization","name":"Rechtsanwaltskanzlei Anwalt Hamburg Berlin Bremen Hannover L\u00fcbeck","url":"https:\/\/www.kanzlei-steinwachs.de\/","logo":{"@type":"ImageObject","inLanguage":"pl-PL","@id":"https:\/\/www.kanzlei-steinwachs.de\/pl\/#\/schema\/logo\/image\/","url":"https:\/\/i0.wp.com\/www.kanzlei-steinwachs.de\/wp-content\/uploads\/2023\/12\/logo.webp?fit=174%2C76&quality=80&ssl=1","contentUrl":"https:\/\/i0.wp.com\/www.kanzlei-steinwachs.de\/wp-content\/uploads\/2023\/12\/logo.webp?fit=174%2C76&quality=80&ssl=1","width":174,"height":76,"caption":"Rechtsanwaltskanzlei Anwalt Hamburg Berlin Bremen Hannover L\u00fcbeck"},"image":{"@id":"https:\/\/www.kanzlei-steinwachs.de\/pl\/#\/schema\/logo\/image\/"},"sameAs":["https:\/\/www.facebook.com\/STEINWACHSRechtsanwaltskanzlei\/","https:\/\/x.com\/rasteinwachs","https:\/\/www.instagram.com\/steinwachs_rechtsanwaelte\/","https:\/\/www.linkedin.com\/in\/stephan-steinwachs-7a270197\/","https:\/\/www.youtube.com\/channel\/UCffmodDlQx81remXm395RWA"],"telephone":[]}]}},"jetpack_sharing_enabled":true,"_links":{"self":[{"href":"https:\/\/www.kanzlei-steinwachs.de\/pl\/wp-json\/wp\/v2\/pages\/14094","targetHints":{"allow":["GET"]}}],"collection":[{"href":"https:\/\/www.kanzlei-steinwachs.de\/pl\/wp-json\/wp\/v2\/pages"}],"about":[{"href":"https:\/\/www.kanzlei-steinwachs.de\/pl\/wp-json\/wp\/v2\/types\/page"}],"author":[{"embeddable":true,"href":"https:\/\/www.kanzlei-steinwachs.de\/pl\/wp-json\/wp\/v2\/users\/1"}],"replies":[{"embeddable":true,"href":"https:\/\/www.kanzlei-steinwachs.de\/pl\/wp-json\/wp\/v2\/comments?post=14094"}],"version-history":[{"count":0,"href":"https:\/\/www.kanzlei-steinwachs.de\/pl\/wp-json\/wp\/v2\/pages\/14094\/revisions"}],"up":[{"embeddable":true,"href":"https:\/\/www.kanzlei-steinwachs.de\/pl\/wp-json\/wp\/v2\/pages\/8573"}],"wp:attachment":[{"href":"https:\/\/www.kanzlei-steinwachs.de\/pl\/wp-json\/wp\/v2\/media?parent=14094"}],"curies":[{"name":"wp","href":"https:\/\/api.w.org\/{rel}","templated":true}]}}