{"id":13758,"date":"2023-11-20T08:11:23","date_gmt":"2023-11-20T07:11:23","guid":{"rendered":"https:\/\/www.kanzlei-steinwachs.de\/orzeczenia-z-zakresu-prawa-pracy\/wyroki-bag-z-2006-r\/prawo-do-pracy-w-niepelnym-wymiarze-godzin\/"},"modified":"2023-11-30T03:55:46","modified_gmt":"2023-11-30T02:55:46","slug":"prawo-do-pracy-w-niepelnym-wymiarze-godzin","status":"publish","type":"page","link":"https:\/\/www.kanzlei-steinwachs.de\/pl\/orzeczenia-z-zakresu-prawa-pracy\/wyroki-bag-z-2006-r\/prawo-do-pracy-w-niepelnym-wymiarze-godzin\/","title":{"rendered":"Prawo do pracy w niepe\u0142nym wymiarze godzin"},"content":{"rendered":"<div class=\"wpb-content-wrapper\"><p>[vc_row triangle_shape=&#8221;no&#8221;][vc_column][vc_column_text]Pracownik, kt\u00f3rego stosunek pracy trwa d\u0142u\u017cej ni\u017c sze\u015b\u0107 miesi\u0119cy, mo\u017ce zwr\u00f3ci\u0107 si\u0119 do pracodawcy o zmniejszenie ustalonego w umowie wymiaru czasu pracy, \u00a7 8 TzBfG. Zgodnie z \u00a7 8 ust. 2 zdanie 1 TzBfG, pracownik maj\u0105cy zastosowanie lub zastosowanie wymiaru czasu pracy oraz jego wysoko\u015b\u0107 na trzy miesi\u0105ce przed jego wydaniem. Je\u017celi pracodawca nie zastosuje si\u0119 do uzasadnionego \u017c\u0105dania pracy w niepe\u0142nym wymiarze godzin, pracownik mo\u017ce od 1 czerwca 2004 r. dochodzi\u0107 przed s\u0105dem obni\u017cenia wymiaru czasu pracy z moc\u0105 wsteczn\u0105 zgodnie z art. 311a niemieckiego kodeksu cywilnego (BGB). Jednak\u017ce \u00a7 8 TzBfG nie ustanawia prawa do zgody pracodawcy na tymczasowe obni\u017cenie wymiaru czasu pracy. Wyrokiem z dnia 12 wrze\u015bnia 2006 r. (- 9 AZR 686\/05 -) Dziewi\u0105ty Senat stwierdzi\u0142, kontynuuj\u0105c swoje wcze\u015bniejsze orzecznictwo, \u017ce nie dosz\u0142o do prawid\u0142owego wniosku pracownika o zmniejszenie umownego wymiaru czasu pracy w sensie z. \u00a7 8 ust. 1, ust. 2 TzBfG istnieje, je\u017celi \u017c\u0105da on jedynie tymczasowego skr\u00f3cenia umownego czasu pracy. IX Senat odrzuci\u0142 reinterpretacj\u0119 wniosku o czasowe obni\u017cenie wymiaru czasu pracy. Co do zasady nie mo\u017cna przyj\u0105\u0107, \u017ce bezterminowe obni\u017cenie wymiaru czasu pracy odpowiada domniemanym \u017cyczeniom pracownika. Pracownik oczywi\u015bcie chcia\u0142 zaakceptowa\u0107 ograniczenia zwi\u0105zane ze skr\u00f3ceniem czasu pracy, w szczeg\u00f3lno\u015bci obni\u017ceniem zarobk\u00f3w, na ograniczony okres czasu.[\/vc_column_text][\/vc_column][\/vc_row][vc_row triangle_shape=&#8221;no&#8221;][vc_column][vc_empty_space][\/vc_column][\/vc_row]<\/p>\n<\/div>","protected":false},"excerpt":{"rendered":"<p>[vc_row triangle_shape=&#8221;no&#8221;][vc_column][vc_column_text]Pracownik, kt\u00f3rego stosunek pracy trwa d\u0142u\u017cej ni\u017c sze\u015b\u0107 miesi\u0119cy, mo\u017ce zwr\u00f3ci\u0107 si\u0119 do pracodawcy o zmniejszenie ustalonego w umowie wymiaru czasu pracy, \u00a7 8 TzBfG. Zgodnie z \u00a7 8 ust. 2 zdanie 1 TzBfG, pracownik maj\u0105cy zastosowanie lub zastosowanie wymiaru czasu pracy oraz jego wysoko\u015b\u0107 na trzy miesi\u0105ce przed jego wydaniem. Je\u017celi pracodawca nie zastosuje si\u0119 do uzasadnionego \u017c\u0105dania pracy w niepe\u0142nym wymiarze godzin, pracownik mo\u017ce od 1 czerwca 2004 r. dochodzi\u0107 przed s\u0105dem obni\u017cenia wymiaru czasu pracy z moc\u0105 wsteczn\u0105 zgodnie z art. 311a niemieckiego kodeksu cywilnego (BGB). Jednak\u017ce \u00a7 8 TzBfG nie ustanawia prawa do zgody pracodawcy&#8230;<\/p>\n","protected":false},"author":1,"featured_media":10682,"parent":13688,"menu_order":0,"comment_status":"closed","ping_status":"closed","template":"","meta":{"footnotes":""},"class_list":["post-13758","page","type-page","status-publish","has-post-thumbnail","hentry"],"yoast_head":"<!-- This site is optimized with the Yoast SEO Premium plugin v27.2 (Yoast SEO v27.5) - https:\/\/yoast.com\/product\/yoast-seo-premium-wordpress\/ -->\n<title>Rechtsanwaltskanzlei in Hamburg Berlin Bremen Hannover L\u00fcbeck<\/title>\n<meta name=\"description\" content=\"Rechtsanwaltskanzlei f\u00fcr Arbeitsrecht, Arzthaftung, Mietrecht, Gewerbemietrecht ,Gastronomierecht, Immobilienrecht, Schadensersatz Yachtrecht\" \/>\n<meta name=\"robots\" content=\"index, follow, max-snippet:-1, max-image-preview:large, max-video-preview:-1\" \/>\n<link rel=\"canonical\" href=\"https:\/\/www.kanzlei-steinwachs.de\/pl\/orzeczenia-z-zakresu-prawa-pracy\/wyroki-bag-z-2006-r\/prawo-do-pracy-w-niepelnym-wymiarze-godzin\/\" \/>\n<meta property=\"og:locale\" content=\"pl_PL\" \/>\n<meta property=\"og:type\" content=\"article\" \/>\n<meta property=\"og:title\" content=\"Rechtsanwaltskanzlei in Hamburg Berlin Bremen Hannover L\u00fcbeck\" \/>\n<meta property=\"og:description\" content=\"Rechtsanwaltskanzlei f\u00fcr Arbeitsrecht, Arzthaftung, Mietrecht, Gewerbemietrecht ,Gastronomierecht, Immobilienrecht, Schadensersatz Yachtrecht\" \/>\n<meta property=\"og:url\" content=\"https:\/\/www.kanzlei-steinwachs.de\/pl\/orzeczenia-z-zakresu-prawa-pracy\/wyroki-bag-z-2006-r\/prawo-do-pracy-w-niepelnym-wymiarze-godzin\/\" \/>\n<meta property=\"og:site_name\" content=\"Rechtsanwaltskanzlei Anwalt Hamburg Berlin Bremen Hannover L\u00fcbeck\" \/>\n<meta property=\"article:publisher\" content=\"https:\/\/www.facebook.com\/STEINWACHSRechtsanwaltskanzlei\/\" \/>\n<meta property=\"article:modified_time\" content=\"2023-11-30T02:55:46+00:00\" \/>\n<meta name=\"twitter:card\" content=\"summary_large_image\" \/>\n<meta name=\"twitter:site\" content=\"@rasteinwachs\" \/>\n<meta name=\"twitter:label1\" content=\"Szacowany czas czytania\" \/>\n\t<meta name=\"twitter:data1\" content=\"1 minuta\" \/>\n<script type=\"application\/ld+json\" class=\"yoast-schema-graph\">{\"@context\":\"https:\\\/\\\/schema.org\",\"@graph\":[{\"@type\":\"WebPage\",\"@id\":\"https:\\\/\\\/www.kanzlei-steinwachs.de\\\/pl\\\/orzeczenia-z-zakresu-prawa-pracy\\\/wyroki-bag-z-2006-r\\\/prawo-do-pracy-w-niepelnym-wymiarze-godzin\\\/\",\"url\":\"https:\\\/\\\/www.kanzlei-steinwachs.de\\\/pl\\\/orzeczenia-z-zakresu-prawa-pracy\\\/wyroki-bag-z-2006-r\\\/prawo-do-pracy-w-niepelnym-wymiarze-godzin\\\/\",\"name\":\"Rechtsanwaltskanzlei in Hamburg Berlin Bremen Hannover L\u00fcbeck\",\"isPartOf\":{\"@id\":\"https:\\\/\\\/www.kanzlei-steinwachs.de\\\/pl\\\/#website\"},\"primaryImageOfPage\":{\"@id\":\"https:\\\/\\\/www.kanzlei-steinwachs.de\\\/pl\\\/orzeczenia-z-zakresu-prawa-pracy\\\/wyroki-bag-z-2006-r\\\/prawo-do-pracy-w-niepelnym-wymiarze-godzin\\\/#primaryimage\"},\"image\":{\"@id\":\"https:\\\/\\\/www.kanzlei-steinwachs.de\\\/pl\\\/orzeczenia-z-zakresu-prawa-pracy\\\/wyroki-bag-z-2006-r\\\/prawo-do-pracy-w-niepelnym-wymiarze-godzin\\\/#primaryimage\"},\"thumbnailUrl\":\"https:\\\/\\\/i0.wp.com\\\/www.kanzlei-steinwachs.de\\\/wp-content\\\/uploads\\\/2023\\\/11\\\/Bundesarbeitsgericht_Urteile_2006.webp?fit=200%2C100&quality=20&ssl=1\",\"datePublished\":\"2023-11-20T07:11:23+00:00\",\"dateModified\":\"2023-11-30T02:55:46+00:00\",\"description\":\"Rechtsanwaltskanzlei f\u00fcr Arbeitsrecht, Arzthaftung, Mietrecht, Gewerbemietrecht ,Gastronomierecht, Immobilienrecht, Schadensersatz Yachtrecht\",\"breadcrumb\":{\"@id\":\"https:\\\/\\\/www.kanzlei-steinwachs.de\\\/pl\\\/orzeczenia-z-zakresu-prawa-pracy\\\/wyroki-bag-z-2006-r\\\/prawo-do-pracy-w-niepelnym-wymiarze-godzin\\\/#breadcrumb\"},\"inLanguage\":\"pl-PL\",\"potentialAction\":[{\"@type\":\"ReadAction\",\"target\":[\"https:\\\/\\\/www.kanzlei-steinwachs.de\\\/pl\\\/orzeczenia-z-zakresu-prawa-pracy\\\/wyroki-bag-z-2006-r\\\/prawo-do-pracy-w-niepelnym-wymiarze-godzin\\\/\"]}]},{\"@type\":\"ImageObject\",\"inLanguage\":\"pl-PL\",\"@id\":\"https:\\\/\\\/www.kanzlei-steinwachs.de\\\/pl\\\/orzeczenia-z-zakresu-prawa-pracy\\\/wyroki-bag-z-2006-r\\\/prawo-do-pracy-w-niepelnym-wymiarze-godzin\\\/#primaryimage\",\"url\":\"https:\\\/\\\/i0.wp.com\\\/www.kanzlei-steinwachs.de\\\/wp-content\\\/uploads\\\/2023\\\/11\\\/Bundesarbeitsgericht_Urteile_2006.webp?fit=200%2C100&quality=20&ssl=1\",\"contentUrl\":\"https:\\\/\\\/i0.wp.com\\\/www.kanzlei-steinwachs.de\\\/wp-content\\\/uploads\\\/2023\\\/11\\\/Bundesarbeitsgericht_Urteile_2006.webp?fit=200%2C100&quality=20&ssl=1\",\"width\":200,\"height\":100,\"caption\":\"Bundesarbeitsgericht Urteile\"},{\"@type\":\"BreadcrumbList\",\"@id\":\"https:\\\/\\\/www.kanzlei-steinwachs.de\\\/pl\\\/orzeczenia-z-zakresu-prawa-pracy\\\/wyroki-bag-z-2006-r\\\/prawo-do-pracy-w-niepelnym-wymiarze-godzin\\\/#breadcrumb\",\"itemListElement\":[{\"@type\":\"ListItem\",\"position\":1,\"name\":\"Orzeczenia z zakresu prawa pracy\",\"item\":\"https:\\\/\\\/www.kanzlei-steinwachs.de\\\/pl\\\/orzeczenia-z-zakresu-prawa-pracy\\\/\"},{\"@type\":\"ListItem\",\"position\":2,\"name\":\"Wyroki BAG z 2006 r\",\"item\":\"https:\\\/\\\/www.kanzlei-steinwachs.de\\\/pl\\\/arbeitsrecht-urteile\\\/bag-urteile-2006\\\/\"},{\"@type\":\"ListItem\",\"position\":3,\"name\":\"Prawo do pracy w niepe\u0142nym wymiarze godzin\"}]},{\"@type\":\"WebSite\",\"@id\":\"https:\\\/\\\/www.kanzlei-steinwachs.de\\\/pl\\\/#website\",\"url\":\"https:\\\/\\\/www.kanzlei-steinwachs.de\\\/pl\\\/\",\"name\":\"Rechtsanwaltskanzlei Anwalt Hamburg Berlin Bremen Hannover L\u00fcbeck\",\"description\":\"Wir leisten mehr als Recht bietet\",\"publisher\":{\"@id\":\"https:\\\/\\\/www.kanzlei-steinwachs.de\\\/pl\\\/#organization\"},\"potentialAction\":[{\"@type\":\"SearchAction\",\"target\":{\"@type\":\"EntryPoint\",\"urlTemplate\":\"https:\\\/\\\/www.kanzlei-steinwachs.de\\\/pl\\\/?s={search_term_string}\"},\"query-input\":{\"@type\":\"PropertyValueSpecification\",\"valueRequired\":true,\"valueName\":\"search_term_string\"}}],\"inLanguage\":\"pl-PL\"},{\"@type\":[\"Organization\",\"Place\"],\"@id\":\"https:\\\/\\\/www.kanzlei-steinwachs.de\\\/pl\\\/#organization\",\"name\":\"Rechtsanwaltskanzlei Anwalt Hamburg Berlin Bremen Hannover L\u00fcbeck\",\"url\":\"https:\\\/\\\/www.kanzlei-steinwachs.de\\\/\",\"logo\":{\"@type\":\"ImageObject\",\"inLanguage\":\"pl-PL\",\"@id\":\"https:\\\/\\\/www.kanzlei-steinwachs.de\\\/pl\\\/#\\\/schema\\\/logo\\\/image\\\/\",\"url\":\"https:\\\/\\\/i0.wp.com\\\/www.kanzlei-steinwachs.de\\\/wp-content\\\/uploads\\\/2023\\\/12\\\/logo.webp?fit=174%2C76&quality=80&ssl=1\",\"contentUrl\":\"https:\\\/\\\/i0.wp.com\\\/www.kanzlei-steinwachs.de\\\/wp-content\\\/uploads\\\/2023\\\/12\\\/logo.webp?fit=174%2C76&quality=80&ssl=1\",\"width\":174,\"height\":76,\"caption\":\"Rechtsanwaltskanzlei Anwalt Hamburg Berlin Bremen Hannover L\u00fcbeck\"},\"image\":{\"@id\":\"https:\\\/\\\/www.kanzlei-steinwachs.de\\\/pl\\\/#\\\/schema\\\/logo\\\/image\\\/\"},\"sameAs\":[\"https:\\\/\\\/www.facebook.com\\\/STEINWACHSRechtsanwaltskanzlei\\\/\",\"https:\\\/\\\/x.com\\\/rasteinwachs\",\"https:\\\/\\\/www.instagram.com\\\/steinwachs_rechtsanwaelte\\\/\",\"https:\\\/\\\/www.linkedin.com\\\/in\\\/stephan-steinwachs-7a270197\\\/\",\"https:\\\/\\\/www.youtube.com\\\/channel\\\/UCffmodDlQx81remXm395RWA\"],\"telephone\":[]}]}<\/script>\n<!-- \/ Yoast SEO Premium plugin. -->","yoast_head_json":{"title":"Rechtsanwaltskanzlei in Hamburg Berlin Bremen Hannover L\u00fcbeck","description":"Rechtsanwaltskanzlei f\u00fcr Arbeitsrecht, Arzthaftung, Mietrecht, Gewerbemietrecht ,Gastronomierecht, Immobilienrecht, Schadensersatz Yachtrecht","robots":{"index":"index","follow":"follow","max-snippet":"max-snippet:-1","max-image-preview":"max-image-preview:large","max-video-preview":"max-video-preview:-1"},"canonical":"https:\/\/www.kanzlei-steinwachs.de\/pl\/orzeczenia-z-zakresu-prawa-pracy\/wyroki-bag-z-2006-r\/prawo-do-pracy-w-niepelnym-wymiarze-godzin\/","og_locale":"pl_PL","og_type":"article","og_title":"Rechtsanwaltskanzlei in Hamburg Berlin Bremen Hannover L\u00fcbeck","og_description":"Rechtsanwaltskanzlei f\u00fcr Arbeitsrecht, Arzthaftung, Mietrecht, Gewerbemietrecht ,Gastronomierecht, Immobilienrecht, Schadensersatz Yachtrecht","og_url":"https:\/\/www.kanzlei-steinwachs.de\/pl\/orzeczenia-z-zakresu-prawa-pracy\/wyroki-bag-z-2006-r\/prawo-do-pracy-w-niepelnym-wymiarze-godzin\/","og_site_name":"Rechtsanwaltskanzlei Anwalt Hamburg Berlin Bremen Hannover L\u00fcbeck","article_publisher":"https:\/\/www.facebook.com\/STEINWACHSRechtsanwaltskanzlei\/","article_modified_time":"2023-11-30T02:55:46+00:00","twitter_card":"summary_large_image","twitter_site":"@rasteinwachs","twitter_misc":{"Szacowany czas czytania":"1 minuta"},"schema":{"@context":"https:\/\/schema.org","@graph":[{"@type":"WebPage","@id":"https:\/\/www.kanzlei-steinwachs.de\/pl\/orzeczenia-z-zakresu-prawa-pracy\/wyroki-bag-z-2006-r\/prawo-do-pracy-w-niepelnym-wymiarze-godzin\/","url":"https:\/\/www.kanzlei-steinwachs.de\/pl\/orzeczenia-z-zakresu-prawa-pracy\/wyroki-bag-z-2006-r\/prawo-do-pracy-w-niepelnym-wymiarze-godzin\/","name":"Rechtsanwaltskanzlei in Hamburg Berlin Bremen Hannover L\u00fcbeck","isPartOf":{"@id":"https:\/\/www.kanzlei-steinwachs.de\/pl\/#website"},"primaryImageOfPage":{"@id":"https:\/\/www.kanzlei-steinwachs.de\/pl\/orzeczenia-z-zakresu-prawa-pracy\/wyroki-bag-z-2006-r\/prawo-do-pracy-w-niepelnym-wymiarze-godzin\/#primaryimage"},"image":{"@id":"https:\/\/www.kanzlei-steinwachs.de\/pl\/orzeczenia-z-zakresu-prawa-pracy\/wyroki-bag-z-2006-r\/prawo-do-pracy-w-niepelnym-wymiarze-godzin\/#primaryimage"},"thumbnailUrl":"https:\/\/i0.wp.com\/www.kanzlei-steinwachs.de\/wp-content\/uploads\/2023\/11\/Bundesarbeitsgericht_Urteile_2006.webp?fit=200%2C100&quality=20&ssl=1","datePublished":"2023-11-20T07:11:23+00:00","dateModified":"2023-11-30T02:55:46+00:00","description":"Rechtsanwaltskanzlei f\u00fcr Arbeitsrecht, Arzthaftung, Mietrecht, Gewerbemietrecht ,Gastronomierecht, Immobilienrecht, Schadensersatz Yachtrecht","breadcrumb":{"@id":"https:\/\/www.kanzlei-steinwachs.de\/pl\/orzeczenia-z-zakresu-prawa-pracy\/wyroki-bag-z-2006-r\/prawo-do-pracy-w-niepelnym-wymiarze-godzin\/#breadcrumb"},"inLanguage":"pl-PL","potentialAction":[{"@type":"ReadAction","target":["https:\/\/www.kanzlei-steinwachs.de\/pl\/orzeczenia-z-zakresu-prawa-pracy\/wyroki-bag-z-2006-r\/prawo-do-pracy-w-niepelnym-wymiarze-godzin\/"]}]},{"@type":"ImageObject","inLanguage":"pl-PL","@id":"https:\/\/www.kanzlei-steinwachs.de\/pl\/orzeczenia-z-zakresu-prawa-pracy\/wyroki-bag-z-2006-r\/prawo-do-pracy-w-niepelnym-wymiarze-godzin\/#primaryimage","url":"https:\/\/i0.wp.com\/www.kanzlei-steinwachs.de\/wp-content\/uploads\/2023\/11\/Bundesarbeitsgericht_Urteile_2006.webp?fit=200%2C100&quality=20&ssl=1","contentUrl":"https:\/\/i0.wp.com\/www.kanzlei-steinwachs.de\/wp-content\/uploads\/2023\/11\/Bundesarbeitsgericht_Urteile_2006.webp?fit=200%2C100&quality=20&ssl=1","width":200,"height":100,"caption":"Bundesarbeitsgericht Urteile"},{"@type":"BreadcrumbList","@id":"https:\/\/www.kanzlei-steinwachs.de\/pl\/orzeczenia-z-zakresu-prawa-pracy\/wyroki-bag-z-2006-r\/prawo-do-pracy-w-niepelnym-wymiarze-godzin\/#breadcrumb","itemListElement":[{"@type":"ListItem","position":1,"name":"Orzeczenia z zakresu prawa pracy","item":"https:\/\/www.kanzlei-steinwachs.de\/pl\/orzeczenia-z-zakresu-prawa-pracy\/"},{"@type":"ListItem","position":2,"name":"Wyroki BAG z 2006 r","item":"https:\/\/www.kanzlei-steinwachs.de\/pl\/arbeitsrecht-urteile\/bag-urteile-2006\/"},{"@type":"ListItem","position":3,"name":"Prawo do pracy w niepe\u0142nym wymiarze godzin"}]},{"@type":"WebSite","@id":"https:\/\/www.kanzlei-steinwachs.de\/pl\/#website","url":"https:\/\/www.kanzlei-steinwachs.de\/pl\/","name":"Rechtsanwaltskanzlei Anwalt Hamburg Berlin Bremen Hannover L\u00fcbeck","description":"Wir leisten mehr als Recht bietet","publisher":{"@id":"https:\/\/www.kanzlei-steinwachs.de\/pl\/#organization"},"potentialAction":[{"@type":"SearchAction","target":{"@type":"EntryPoint","urlTemplate":"https:\/\/www.kanzlei-steinwachs.de\/pl\/?s={search_term_string}"},"query-input":{"@type":"PropertyValueSpecification","valueRequired":true,"valueName":"search_term_string"}}],"inLanguage":"pl-PL"},{"@type":["Organization","Place"],"@id":"https:\/\/www.kanzlei-steinwachs.de\/pl\/#organization","name":"Rechtsanwaltskanzlei Anwalt Hamburg Berlin Bremen Hannover L\u00fcbeck","url":"https:\/\/www.kanzlei-steinwachs.de\/","logo":{"@type":"ImageObject","inLanguage":"pl-PL","@id":"https:\/\/www.kanzlei-steinwachs.de\/pl\/#\/schema\/logo\/image\/","url":"https:\/\/i0.wp.com\/www.kanzlei-steinwachs.de\/wp-content\/uploads\/2023\/12\/logo.webp?fit=174%2C76&quality=80&ssl=1","contentUrl":"https:\/\/i0.wp.com\/www.kanzlei-steinwachs.de\/wp-content\/uploads\/2023\/12\/logo.webp?fit=174%2C76&quality=80&ssl=1","width":174,"height":76,"caption":"Rechtsanwaltskanzlei Anwalt Hamburg Berlin Bremen Hannover L\u00fcbeck"},"image":{"@id":"https:\/\/www.kanzlei-steinwachs.de\/pl\/#\/schema\/logo\/image\/"},"sameAs":["https:\/\/www.facebook.com\/STEINWACHSRechtsanwaltskanzlei\/","https:\/\/x.com\/rasteinwachs","https:\/\/www.instagram.com\/steinwachs_rechtsanwaelte\/","https:\/\/www.linkedin.com\/in\/stephan-steinwachs-7a270197\/","https:\/\/www.youtube.com\/channel\/UCffmodDlQx81remXm395RWA"],"telephone":[]}]}},"jetpack_sharing_enabled":true,"_links":{"self":[{"href":"https:\/\/www.kanzlei-steinwachs.de\/pl\/wp-json\/wp\/v2\/pages\/13758","targetHints":{"allow":["GET"]}}],"collection":[{"href":"https:\/\/www.kanzlei-steinwachs.de\/pl\/wp-json\/wp\/v2\/pages"}],"about":[{"href":"https:\/\/www.kanzlei-steinwachs.de\/pl\/wp-json\/wp\/v2\/types\/page"}],"author":[{"embeddable":true,"href":"https:\/\/www.kanzlei-steinwachs.de\/pl\/wp-json\/wp\/v2\/users\/1"}],"replies":[{"embeddable":true,"href":"https:\/\/www.kanzlei-steinwachs.de\/pl\/wp-json\/wp\/v2\/comments?post=13758"}],"version-history":[{"count":0,"href":"https:\/\/www.kanzlei-steinwachs.de\/pl\/wp-json\/wp\/v2\/pages\/13758\/revisions"}],"up":[{"embeddable":true,"href":"https:\/\/www.kanzlei-steinwachs.de\/pl\/wp-json\/wp\/v2\/pages\/13688"}],"wp:featuredmedia":[{"embeddable":true,"href":"https:\/\/www.kanzlei-steinwachs.de\/pl\/wp-json\/wp\/v2\/media\/10682"}],"wp:attachment":[{"href":"https:\/\/www.kanzlei-steinwachs.de\/pl\/wp-json\/wp\/v2\/media?parent=13758"}],"curies":[{"name":"wp","href":"https:\/\/api.w.org\/{rel}","templated":true}]}}