{"id":13422,"date":"2023-11-20T13:25:46","date_gmt":"2023-11-20T12:25:46","guid":{"rendered":"https:\/\/www.kanzlei-steinwachs.de\/orzeczenia-z-zakresu-prawa-pracy\/wyroki-bag-z-2008-r\/wymagania-dotyczace-przeniesienia-dzialalnosci\/"},"modified":"2023-11-28T09:06:57","modified_gmt":"2023-11-28T08:06:57","slug":"wymagania-dotyczace-przeniesienia-dzialalnosci","status":"publish","type":"page","link":"https:\/\/www.kanzlei-steinwachs.de\/pl\/orzeczenia-z-zakresu-prawa-pracy\/wyroki-bag-z-2008-r\/wymagania-dotyczace-przeniesienia-dzialalnosci\/","title":{"rendered":"Wymagania dotycz\u0105ce przeniesienia dzia\u0142alno\u015bci"},"content":{"rendered":"<div class=\"wpb-content-wrapper\"><p>[vc_row triangle_shape=&#8221;no&#8221; css=&#8221;.vc_custom_1700483194081{margin-bottom: 50px !important;}&#8221;][vc_column][vc_column_text]Przepis \u00a7 613a ust. 1 BGB wymaga prawnego przeniesienia przedsi\u0119biorstwa lub jego cz\u0119\u015bci na innego w\u0142a\u015bciciela. Konieczne jest zachowanie to\u017csamo\u015bci danego podmiotu gospodarczego. Termin jednostka gospodarcza oznacza grup\u0119 organizacyjn\u0105 os\u00f3b i\/lub rzeczy s\u0142u\u017c\u0105c\u0105 do d\u0142ugoterminowego prowadzenia dzia\u0142alno\u015bci gospodarczej maj\u0105cej sw\u00f3j w\u0142asny cel. W bran\u017cach, w kt\u00f3rych niezb\u0119dna jest praca ludzka, jednostk\u0119 gospodarcz\u0105 mo\u017ce r\u00f3wnie\u017c stanowi\u0107 grupa pracownik\u00f3w trwale powi\u0105zanych wsp\u00f3ln\u0105 dzia\u0142alno\u015bci\u0105. Mo\u017cna za\u0142o\u017cy\u0107, \u017ce to\u017csamo\u015b\u0107 jednostki gospodarczej zostanie zachowana, je\u017celi nowy w\u0142a\u015bciciel przedsi\u0119biorstwa nie tylko b\u0119dzie kontynuowa\u0142 dan\u0105 dzia\u0142alno\u015b\u0107, ale tak\u017ce przejmie znaczn\u0105 cz\u0119\u015b\u0107 personelu \u2013 pod wzgl\u0119dem liczebno\u015bci i wiedzy specjalistycznej \u2013 kt\u00f3rego jego poprzednik specjalnie wykorzystywa\u0142 do tego celu dzia\u0142alno\u015b\u0107. Z drugiej strony samo kontynuowanie dzia\u0142alno\u015bci przez innego wykonawc\u0119 (sukcesja funkcjonalna) nie stanowi przeniesienia dzia\u0142alno\u015bci.Je\u017celi sp\u00f3\u0142ka miejska prowadz\u0105ca szpitale za\u0142o\u017cy sp\u00f3\u0142k\u0119 service GmbH i przejmie ca\u0142y personel sprz\u0105taj\u0105cy szpitala, jest to zgodnie z decyzj\u0105 Senatu VIII z dnia 21 maja 2008 roku ( 8 AZR 481\/07 ) nast\u0119puje przeniesienie cz\u0119\u015bci przedsi\u0119biorstwa na firm\u0119 us\u0142ugow\u0105 w przypadku, gdy GmbH \u201eodda\u201d ca\u0142\u0105 przej\u0119t\u0105 kadr\u0119 sprz\u0105taj\u0105c\u0105 sp\u00f3\u0142ce miejskiej w drodze pracy tymczasowej i wykonuj\u0105 tam t\u0119 sam\u0105 prac\u0119, co dotychczas. Obowi\u0105zuje to w ka\u017cdym przypadku, gdy wy\u0142\u0105cznym celem Service GmbH jest zapewnienie personelu sp\u00f3\u0142ce miejskiej lub jej sp\u00f3\u0142kom zale\u017cnym. W wyroku z dnia 25 wrze\u015bnia 2008 r. ( 8 AZR 607\/07 ) VIII Senat zdecydowa\u0142, \u017ce nie dojdzie do przekazania dzia\u0142a\u0144 w przypadku, gdy Bundeswehr powierzy kontrakt na ochron\u0119 poligonu innej firmie ochroniarskiej ni\u017c poprzednia, pod warunkiem \u017ce jest to wy\u0142\u0105cznie nast\u0119pstwo zlece\u0144 firmy ochroniarskiej. Nie dotyczy to sytuacji, gdy nowy wykonawca przejmuje znaczn\u0105 cz\u0119\u015b\u0107 dotychczasowego personelu lub zasob\u00f3w okre\u015blaj\u0105cych to\u017csamo\u015b\u0107 pod wzgl\u0119dem liczebnym i merytorycznym. W ramach pozwu o kontrol\u0119 termin\u00f3w VIII Senat w wyroku z dnia 30 pa\u017adziernika 2008 r. ( 8 AZR 855\/07 ) orzek\u0142, \u017ce przeniesienie wojskowych prac remontowych prowadzonych wcze\u015bniej przez Bundeswehr\u0119 do nowo utworzonej sp\u00f3\u0142ki GmbH nie nie stanowi przeniesienia dzia\u0142alno\u015bci, je\u017celi poprzednia jednostka naprawcza b\u0119d\u0105ca Bundeswehr\u0105 zostanie rozwi\u0105zana. Umowa o prac\u0119 powoda cywilnego mog\u0142aby zatem zosta\u0107 skutecznie ograniczona \u201edo czasu rozwi\u0105zania regionalnego centrum napraw\u201d.[\/vc_column_text][\/vc_column][\/vc_row]<\/p>\n<\/div>","protected":false},"excerpt":{"rendered":"<p>[vc_row triangle_shape=&#8221;no&#8221; css=&#8221;.vc_custom_1700483194081{margin-bottom: 50px !important;}&#8221;][vc_column][vc_column_text]Przepis \u00a7 613a ust. 1 BGB wymaga prawnego przeniesienia przedsi\u0119biorstwa lub jego cz\u0119\u015bci na innego w\u0142a\u015bciciela. Konieczne jest zachowanie to\u017csamo\u015bci danego podmiotu gospodarczego. Termin jednostka gospodarcza oznacza grup\u0119 organizacyjn\u0105 os\u00f3b i\/lub rzeczy s\u0142u\u017c\u0105c\u0105 do d\u0142ugoterminowego prowadzenia dzia\u0142alno\u015bci gospodarczej maj\u0105cej sw\u00f3j w\u0142asny cel. W bran\u017cach, w kt\u00f3rych niezb\u0119dna jest praca ludzka, jednostk\u0119 gospodarcz\u0105 mo\u017ce r\u00f3wnie\u017c stanowi\u0107 grupa pracownik\u00f3w trwale powi\u0105zanych wsp\u00f3ln\u0105 dzia\u0142alno\u015bci\u0105. Mo\u017cna za\u0142o\u017cy\u0107, \u017ce to\u017csamo\u015b\u0107 jednostki gospodarczej zostanie zachowana, je\u017celi nowy w\u0142a\u015bciciel przedsi\u0119biorstwa nie tylko b\u0119dzie kontynuowa\u0142 dan\u0105 dzia\u0142alno\u015b\u0107, ale tak\u017ce przejmie znaczn\u0105 cz\u0119\u015b\u0107 personelu \u2013 pod wzgl\u0119dem liczebno\u015bci i wiedzy specjalistycznej \u2013 kt\u00f3rego jego poprzednik&#8230;<\/p>\n","protected":false},"author":1,"featured_media":10709,"parent":13266,"menu_order":0,"comment_status":"closed","ping_status":"closed","template":"","meta":{"footnotes":""},"class_list":["post-13422","page","type-page","status-publish","has-post-thumbnail","hentry"],"yoast_head":"<!-- This site is optimized with the Yoast SEO Premium plugin v27.2 (Yoast SEO v27.5) - https:\/\/yoast.com\/product\/yoast-seo-premium-wordpress\/ -->\n<title>Rechtsanwaltskanzlei in Hamburg Berlin Bremen Hannover L\u00fcbeck<\/title>\n<meta name=\"description\" content=\"Rechtsanwaltskanzlei f\u00fcr Arbeitsrecht, Arzthaftung, Mietrecht, Gewerbemietrecht ,Gastronomierecht, Immobilienrecht, Schadensersatz Yachtrecht\" \/>\n<meta name=\"robots\" content=\"index, follow, max-snippet:-1, max-image-preview:large, max-video-preview:-1\" \/>\n<link rel=\"canonical\" href=\"https:\/\/www.kanzlei-steinwachs.de\/pl\/orzeczenia-z-zakresu-prawa-pracy\/wyroki-bag-z-2008-r\/wymagania-dotyczace-przeniesienia-dzialalnosci\/\" \/>\n<meta property=\"og:locale\" content=\"pl_PL\" \/>\n<meta property=\"og:type\" content=\"article\" \/>\n<meta property=\"og:title\" content=\"Rechtsanwaltskanzlei in Hamburg Berlin Bremen Hannover L\u00fcbeck\" \/>\n<meta property=\"og:description\" content=\"Rechtsanwaltskanzlei f\u00fcr Arbeitsrecht, Arzthaftung, Mietrecht, Gewerbemietrecht ,Gastronomierecht, Immobilienrecht, Schadensersatz Yachtrecht\" \/>\n<meta property=\"og:url\" content=\"https:\/\/www.kanzlei-steinwachs.de\/pl\/orzeczenia-z-zakresu-prawa-pracy\/wyroki-bag-z-2008-r\/wymagania-dotyczace-przeniesienia-dzialalnosci\/\" \/>\n<meta property=\"og:site_name\" content=\"Rechtsanwaltskanzlei Anwalt Hamburg Berlin Bremen Hannover L\u00fcbeck\" \/>\n<meta property=\"article:publisher\" content=\"https:\/\/www.facebook.com\/STEINWACHSRechtsanwaltskanzlei\/\" \/>\n<meta property=\"article:modified_time\" content=\"2023-11-28T08:06:57+00:00\" \/>\n<meta name=\"twitter:card\" content=\"summary_large_image\" \/>\n<meta name=\"twitter:site\" content=\"@rasteinwachs\" \/>\n<meta name=\"twitter:label1\" content=\"Szacowany czas czytania\" \/>\n\t<meta name=\"twitter:data1\" content=\"2 minuty\" \/>\n<script type=\"application\/ld+json\" class=\"yoast-schema-graph\">{\"@context\":\"https:\\\/\\\/schema.org\",\"@graph\":[{\"@type\":\"WebPage\",\"@id\":\"https:\\\/\\\/www.kanzlei-steinwachs.de\\\/pl\\\/orzeczenia-z-zakresu-prawa-pracy\\\/wyroki-bag-z-2008-r\\\/wymagania-dotyczace-przeniesienia-dzialalnosci\\\/\",\"url\":\"https:\\\/\\\/www.kanzlei-steinwachs.de\\\/pl\\\/orzeczenia-z-zakresu-prawa-pracy\\\/wyroki-bag-z-2008-r\\\/wymagania-dotyczace-przeniesienia-dzialalnosci\\\/\",\"name\":\"Rechtsanwaltskanzlei in Hamburg Berlin Bremen Hannover L\u00fcbeck\",\"isPartOf\":{\"@id\":\"https:\\\/\\\/www.kanzlei-steinwachs.de\\\/pl\\\/#website\"},\"primaryImageOfPage\":{\"@id\":\"https:\\\/\\\/www.kanzlei-steinwachs.de\\\/pl\\\/orzeczenia-z-zakresu-prawa-pracy\\\/wyroki-bag-z-2008-r\\\/wymagania-dotyczace-przeniesienia-dzialalnosci\\\/#primaryimage\"},\"image\":{\"@id\":\"https:\\\/\\\/www.kanzlei-steinwachs.de\\\/pl\\\/orzeczenia-z-zakresu-prawa-pracy\\\/wyroki-bag-z-2008-r\\\/wymagania-dotyczace-przeniesienia-dzialalnosci\\\/#primaryimage\"},\"thumbnailUrl\":\"https:\\\/\\\/i0.wp.com\\\/www.kanzlei-steinwachs.de\\\/wp-content\\\/uploads\\\/2023\\\/11\\\/Bundesarbeitsgericht_Urteile_2008.webp?fit=200%2C100&quality=20&ssl=1\",\"datePublished\":\"2023-11-20T12:25:46+00:00\",\"dateModified\":\"2023-11-28T08:06:57+00:00\",\"description\":\"Rechtsanwaltskanzlei f\u00fcr Arbeitsrecht, Arzthaftung, Mietrecht, Gewerbemietrecht ,Gastronomierecht, Immobilienrecht, Schadensersatz Yachtrecht\",\"breadcrumb\":{\"@id\":\"https:\\\/\\\/www.kanzlei-steinwachs.de\\\/pl\\\/orzeczenia-z-zakresu-prawa-pracy\\\/wyroki-bag-z-2008-r\\\/wymagania-dotyczace-przeniesienia-dzialalnosci\\\/#breadcrumb\"},\"inLanguage\":\"pl-PL\",\"potentialAction\":[{\"@type\":\"ReadAction\",\"target\":[\"https:\\\/\\\/www.kanzlei-steinwachs.de\\\/pl\\\/orzeczenia-z-zakresu-prawa-pracy\\\/wyroki-bag-z-2008-r\\\/wymagania-dotyczace-przeniesienia-dzialalnosci\\\/\"]}]},{\"@type\":\"ImageObject\",\"inLanguage\":\"pl-PL\",\"@id\":\"https:\\\/\\\/www.kanzlei-steinwachs.de\\\/pl\\\/orzeczenia-z-zakresu-prawa-pracy\\\/wyroki-bag-z-2008-r\\\/wymagania-dotyczace-przeniesienia-dzialalnosci\\\/#primaryimage\",\"url\":\"https:\\\/\\\/i0.wp.com\\\/www.kanzlei-steinwachs.de\\\/wp-content\\\/uploads\\\/2023\\\/11\\\/Bundesarbeitsgericht_Urteile_2008.webp?fit=200%2C100&quality=20&ssl=1\",\"contentUrl\":\"https:\\\/\\\/i0.wp.com\\\/www.kanzlei-steinwachs.de\\\/wp-content\\\/uploads\\\/2023\\\/11\\\/Bundesarbeitsgericht_Urteile_2008.webp?fit=200%2C100&quality=20&ssl=1\",\"width\":200,\"height\":100},{\"@type\":\"BreadcrumbList\",\"@id\":\"https:\\\/\\\/www.kanzlei-steinwachs.de\\\/pl\\\/orzeczenia-z-zakresu-prawa-pracy\\\/wyroki-bag-z-2008-r\\\/wymagania-dotyczace-przeniesienia-dzialalnosci\\\/#breadcrumb\",\"itemListElement\":[{\"@type\":\"ListItem\",\"position\":1,\"name\":\"Orzeczenia z zakresu prawa pracy\",\"item\":\"https:\\\/\\\/www.kanzlei-steinwachs.de\\\/pl\\\/orzeczenia-z-zakresu-prawa-pracy\\\/\"},{\"@type\":\"ListItem\",\"position\":2,\"name\":\"Wyroki BAG z 2008 r\",\"item\":\"https:\\\/\\\/www.kanzlei-steinwachs.de\\\/pl\\\/orzeczenia-z-zakresu-prawa-pracy\\\/wyroki-bag-z-2008-r\\\/\"},{\"@type\":\"ListItem\",\"position\":3,\"name\":\"Wymagania dotycz\u0105ce przeniesienia dzia\u0142alno\u015bci\"}]},{\"@type\":\"WebSite\",\"@id\":\"https:\\\/\\\/www.kanzlei-steinwachs.de\\\/pl\\\/#website\",\"url\":\"https:\\\/\\\/www.kanzlei-steinwachs.de\\\/pl\\\/\",\"name\":\"Rechtsanwaltskanzlei Anwalt Hamburg Berlin Bremen Hannover L\u00fcbeck\",\"description\":\"Wir leisten mehr als Recht bietet\",\"publisher\":{\"@id\":\"https:\\\/\\\/www.kanzlei-steinwachs.de\\\/pl\\\/#organization\"},\"potentialAction\":[{\"@type\":\"SearchAction\",\"target\":{\"@type\":\"EntryPoint\",\"urlTemplate\":\"https:\\\/\\\/www.kanzlei-steinwachs.de\\\/pl\\\/?s={search_term_string}\"},\"query-input\":{\"@type\":\"PropertyValueSpecification\",\"valueRequired\":true,\"valueName\":\"search_term_string\"}}],\"inLanguage\":\"pl-PL\"},{\"@type\":[\"Organization\",\"Place\"],\"@id\":\"https:\\\/\\\/www.kanzlei-steinwachs.de\\\/pl\\\/#organization\",\"name\":\"Rechtsanwaltskanzlei Anwalt Hamburg Berlin Bremen Hannover L\u00fcbeck\",\"url\":\"https:\\\/\\\/www.kanzlei-steinwachs.de\\\/\",\"logo\":{\"@type\":\"ImageObject\",\"inLanguage\":\"pl-PL\",\"@id\":\"https:\\\/\\\/www.kanzlei-steinwachs.de\\\/pl\\\/#\\\/schema\\\/logo\\\/image\\\/\",\"url\":\"https:\\\/\\\/i0.wp.com\\\/www.kanzlei-steinwachs.de\\\/wp-content\\\/uploads\\\/2023\\\/12\\\/logo.webp?fit=174%2C76&quality=80&ssl=1\",\"contentUrl\":\"https:\\\/\\\/i0.wp.com\\\/www.kanzlei-steinwachs.de\\\/wp-content\\\/uploads\\\/2023\\\/12\\\/logo.webp?fit=174%2C76&quality=80&ssl=1\",\"width\":174,\"height\":76,\"caption\":\"Rechtsanwaltskanzlei Anwalt Hamburg Berlin Bremen Hannover L\u00fcbeck\"},\"image\":{\"@id\":\"https:\\\/\\\/www.kanzlei-steinwachs.de\\\/pl\\\/#\\\/schema\\\/logo\\\/image\\\/\"},\"sameAs\":[\"https:\\\/\\\/www.facebook.com\\\/STEINWACHSRechtsanwaltskanzlei\\\/\",\"https:\\\/\\\/x.com\\\/rasteinwachs\",\"https:\\\/\\\/www.instagram.com\\\/steinwachs_rechtsanwaelte\\\/\",\"https:\\\/\\\/www.linkedin.com\\\/in\\\/stephan-steinwachs-7a270197\\\/\",\"https:\\\/\\\/www.youtube.com\\\/channel\\\/UCffmodDlQx81remXm395RWA\"],\"telephone\":[]}]}<\/script>\n<!-- \/ Yoast SEO Premium plugin. -->","yoast_head_json":{"title":"Rechtsanwaltskanzlei in Hamburg Berlin Bremen Hannover L\u00fcbeck","description":"Rechtsanwaltskanzlei f\u00fcr Arbeitsrecht, Arzthaftung, Mietrecht, Gewerbemietrecht ,Gastronomierecht, Immobilienrecht, Schadensersatz Yachtrecht","robots":{"index":"index","follow":"follow","max-snippet":"max-snippet:-1","max-image-preview":"max-image-preview:large","max-video-preview":"max-video-preview:-1"},"canonical":"https:\/\/www.kanzlei-steinwachs.de\/pl\/orzeczenia-z-zakresu-prawa-pracy\/wyroki-bag-z-2008-r\/wymagania-dotyczace-przeniesienia-dzialalnosci\/","og_locale":"pl_PL","og_type":"article","og_title":"Rechtsanwaltskanzlei in Hamburg Berlin Bremen Hannover L\u00fcbeck","og_description":"Rechtsanwaltskanzlei f\u00fcr Arbeitsrecht, Arzthaftung, Mietrecht, Gewerbemietrecht ,Gastronomierecht, Immobilienrecht, Schadensersatz Yachtrecht","og_url":"https:\/\/www.kanzlei-steinwachs.de\/pl\/orzeczenia-z-zakresu-prawa-pracy\/wyroki-bag-z-2008-r\/wymagania-dotyczace-przeniesienia-dzialalnosci\/","og_site_name":"Rechtsanwaltskanzlei Anwalt Hamburg Berlin Bremen Hannover L\u00fcbeck","article_publisher":"https:\/\/www.facebook.com\/STEINWACHSRechtsanwaltskanzlei\/","article_modified_time":"2023-11-28T08:06:57+00:00","twitter_card":"summary_large_image","twitter_site":"@rasteinwachs","twitter_misc":{"Szacowany czas czytania":"2 minuty"},"schema":{"@context":"https:\/\/schema.org","@graph":[{"@type":"WebPage","@id":"https:\/\/www.kanzlei-steinwachs.de\/pl\/orzeczenia-z-zakresu-prawa-pracy\/wyroki-bag-z-2008-r\/wymagania-dotyczace-przeniesienia-dzialalnosci\/","url":"https:\/\/www.kanzlei-steinwachs.de\/pl\/orzeczenia-z-zakresu-prawa-pracy\/wyroki-bag-z-2008-r\/wymagania-dotyczace-przeniesienia-dzialalnosci\/","name":"Rechtsanwaltskanzlei in Hamburg Berlin Bremen Hannover L\u00fcbeck","isPartOf":{"@id":"https:\/\/www.kanzlei-steinwachs.de\/pl\/#website"},"primaryImageOfPage":{"@id":"https:\/\/www.kanzlei-steinwachs.de\/pl\/orzeczenia-z-zakresu-prawa-pracy\/wyroki-bag-z-2008-r\/wymagania-dotyczace-przeniesienia-dzialalnosci\/#primaryimage"},"image":{"@id":"https:\/\/www.kanzlei-steinwachs.de\/pl\/orzeczenia-z-zakresu-prawa-pracy\/wyroki-bag-z-2008-r\/wymagania-dotyczace-przeniesienia-dzialalnosci\/#primaryimage"},"thumbnailUrl":"https:\/\/i0.wp.com\/www.kanzlei-steinwachs.de\/wp-content\/uploads\/2023\/11\/Bundesarbeitsgericht_Urteile_2008.webp?fit=200%2C100&quality=20&ssl=1","datePublished":"2023-11-20T12:25:46+00:00","dateModified":"2023-11-28T08:06:57+00:00","description":"Rechtsanwaltskanzlei f\u00fcr Arbeitsrecht, Arzthaftung, Mietrecht, Gewerbemietrecht ,Gastronomierecht, Immobilienrecht, Schadensersatz Yachtrecht","breadcrumb":{"@id":"https:\/\/www.kanzlei-steinwachs.de\/pl\/orzeczenia-z-zakresu-prawa-pracy\/wyroki-bag-z-2008-r\/wymagania-dotyczace-przeniesienia-dzialalnosci\/#breadcrumb"},"inLanguage":"pl-PL","potentialAction":[{"@type":"ReadAction","target":["https:\/\/www.kanzlei-steinwachs.de\/pl\/orzeczenia-z-zakresu-prawa-pracy\/wyroki-bag-z-2008-r\/wymagania-dotyczace-przeniesienia-dzialalnosci\/"]}]},{"@type":"ImageObject","inLanguage":"pl-PL","@id":"https:\/\/www.kanzlei-steinwachs.de\/pl\/orzeczenia-z-zakresu-prawa-pracy\/wyroki-bag-z-2008-r\/wymagania-dotyczace-przeniesienia-dzialalnosci\/#primaryimage","url":"https:\/\/i0.wp.com\/www.kanzlei-steinwachs.de\/wp-content\/uploads\/2023\/11\/Bundesarbeitsgericht_Urteile_2008.webp?fit=200%2C100&quality=20&ssl=1","contentUrl":"https:\/\/i0.wp.com\/www.kanzlei-steinwachs.de\/wp-content\/uploads\/2023\/11\/Bundesarbeitsgericht_Urteile_2008.webp?fit=200%2C100&quality=20&ssl=1","width":200,"height":100},{"@type":"BreadcrumbList","@id":"https:\/\/www.kanzlei-steinwachs.de\/pl\/orzeczenia-z-zakresu-prawa-pracy\/wyroki-bag-z-2008-r\/wymagania-dotyczace-przeniesienia-dzialalnosci\/#breadcrumb","itemListElement":[{"@type":"ListItem","position":1,"name":"Orzeczenia z zakresu prawa pracy","item":"https:\/\/www.kanzlei-steinwachs.de\/pl\/orzeczenia-z-zakresu-prawa-pracy\/"},{"@type":"ListItem","position":2,"name":"Wyroki BAG z 2008 r","item":"https:\/\/www.kanzlei-steinwachs.de\/pl\/orzeczenia-z-zakresu-prawa-pracy\/wyroki-bag-z-2008-r\/"},{"@type":"ListItem","position":3,"name":"Wymagania dotycz\u0105ce przeniesienia dzia\u0142alno\u015bci"}]},{"@type":"WebSite","@id":"https:\/\/www.kanzlei-steinwachs.de\/pl\/#website","url":"https:\/\/www.kanzlei-steinwachs.de\/pl\/","name":"Rechtsanwaltskanzlei Anwalt Hamburg Berlin Bremen Hannover L\u00fcbeck","description":"Wir leisten mehr als Recht bietet","publisher":{"@id":"https:\/\/www.kanzlei-steinwachs.de\/pl\/#organization"},"potentialAction":[{"@type":"SearchAction","target":{"@type":"EntryPoint","urlTemplate":"https:\/\/www.kanzlei-steinwachs.de\/pl\/?s={search_term_string}"},"query-input":{"@type":"PropertyValueSpecification","valueRequired":true,"valueName":"search_term_string"}}],"inLanguage":"pl-PL"},{"@type":["Organization","Place"],"@id":"https:\/\/www.kanzlei-steinwachs.de\/pl\/#organization","name":"Rechtsanwaltskanzlei Anwalt Hamburg Berlin Bremen Hannover L\u00fcbeck","url":"https:\/\/www.kanzlei-steinwachs.de\/","logo":{"@type":"ImageObject","inLanguage":"pl-PL","@id":"https:\/\/www.kanzlei-steinwachs.de\/pl\/#\/schema\/logo\/image\/","url":"https:\/\/i0.wp.com\/www.kanzlei-steinwachs.de\/wp-content\/uploads\/2023\/12\/logo.webp?fit=174%2C76&quality=80&ssl=1","contentUrl":"https:\/\/i0.wp.com\/www.kanzlei-steinwachs.de\/wp-content\/uploads\/2023\/12\/logo.webp?fit=174%2C76&quality=80&ssl=1","width":174,"height":76,"caption":"Rechtsanwaltskanzlei Anwalt Hamburg Berlin Bremen Hannover L\u00fcbeck"},"image":{"@id":"https:\/\/www.kanzlei-steinwachs.de\/pl\/#\/schema\/logo\/image\/"},"sameAs":["https:\/\/www.facebook.com\/STEINWACHSRechtsanwaltskanzlei\/","https:\/\/x.com\/rasteinwachs","https:\/\/www.instagram.com\/steinwachs_rechtsanwaelte\/","https:\/\/www.linkedin.com\/in\/stephan-steinwachs-7a270197\/","https:\/\/www.youtube.com\/channel\/UCffmodDlQx81remXm395RWA"],"telephone":[]}]}},"jetpack_sharing_enabled":true,"_links":{"self":[{"href":"https:\/\/www.kanzlei-steinwachs.de\/pl\/wp-json\/wp\/v2\/pages\/13422","targetHints":{"allow":["GET"]}}],"collection":[{"href":"https:\/\/www.kanzlei-steinwachs.de\/pl\/wp-json\/wp\/v2\/pages"}],"about":[{"href":"https:\/\/www.kanzlei-steinwachs.de\/pl\/wp-json\/wp\/v2\/types\/page"}],"author":[{"embeddable":true,"href":"https:\/\/www.kanzlei-steinwachs.de\/pl\/wp-json\/wp\/v2\/users\/1"}],"replies":[{"embeddable":true,"href":"https:\/\/www.kanzlei-steinwachs.de\/pl\/wp-json\/wp\/v2\/comments?post=13422"}],"version-history":[{"count":0,"href":"https:\/\/www.kanzlei-steinwachs.de\/pl\/wp-json\/wp\/v2\/pages\/13422\/revisions"}],"up":[{"embeddable":true,"href":"https:\/\/www.kanzlei-steinwachs.de\/pl\/wp-json\/wp\/v2\/pages\/13266"}],"wp:featuredmedia":[{"embeddable":true,"href":"https:\/\/www.kanzlei-steinwachs.de\/pl\/wp-json\/wp\/v2\/media\/10709"}],"wp:attachment":[{"href":"https:\/\/www.kanzlei-steinwachs.de\/pl\/wp-json\/wp\/v2\/media?parent=13422"}],"curies":[{"name":"wp","href":"https:\/\/api.w.org\/{rel}","templated":true}]}}