{"id":12542,"date":"2023-11-20T11:32:35","date_gmt":"2023-11-20T10:32:35","guid":{"rendered":"https:\/\/www.kanzlei-steinwachs.de\/orzeczenia-z-zakresu-prawa-pracy\/wyroki-dotyczace-workow-2007\/utworzenie-grupowej-rady-zakladowej\/"},"modified":"2023-11-23T12:28:00","modified_gmt":"2023-11-23T11:28:00","slug":"utworzenie-grupowej-rady-zakladowej","status":"publish","type":"page","link":"https:\/\/www.kanzlei-steinwachs.de\/pl\/orzeczenia-z-zakresu-prawa-pracy\/wyroki-dotyczace-workow-2007\/utworzenie-grupowej-rady-zakladowej\/","title":{"rendered":"Utworzenie grupowej rady zak\u0142adowej"},"content":{"rendered":"<div class=\"wpb-content-wrapper\"><p>[vc_row triangle_shape=&#8221;no&#8221;][vc_column][vc_column_text css=&#8221;.vc_custom_1700476496480{padding-top: 10px !important;padding-bottom: 20px !important;}&#8221;]<\/p>\n<h4 style=\"text-align: center;\">Utworzenie grupowej rady zak\u0142adowej<\/h4>\n<p>[\/vc_column_text][vc_column_text css=&#8221;.vc_custom_1700476508880{padding-top: 10px !important;padding-bottom: 10px !important;}&#8221;]Zgodnie z \u00a7 54 ust. 1 zdanie 1 w zwi\u0105zku z \u00a7 54 ust. 2 BetrVG grupow\u0105 rad\u0119 zak\u0142adow\u0105 mo\u017cna utworzy\u0107 dla grupy na mocy uchwa\u0142 og\u00f3lnych rad zak\u0142adowych oraz, w okre\u015blonych przypadkach, rad zak\u0142adowych. Ustawa o konstytucji zak\u0142adowej sama w sobie nie okre\u015bla, kiedy istnieje grupa i jakie sp\u00f3\u0142ki do niej nale\u017c\u0105. Artyku\u0142 54 (1) BetrVG odsy\u0142a w tym zakresie do artyku\u0142u 18 (1) AktG.[\/vc_column_text][vc_column_text css=&#8221;.vc_custom_1700476537313{padding-top: 10px !important;padding-bottom: 10px !important;}&#8221;]W prawie zak\u0142adowym nie ma niezale\u017cnej koncepcji grupy. Uchwa\u0142\u0105 z dnia 14 lutego 2007 r. ( 7 ABR 26\/06 ) Si\u00f3dmy Senat zdecydowa\u0142, \u017ce utworzenie zbiorowej rady zak\u0142adowej zgodnie z \u00a7 54 ust. 1 zdanie 1 BetrVG jest mo\u017cliwe tylko wtedy, gdy nie tylko sp\u00f3\u0142ki skupione w ramach jednej sp\u00f3\u0142ki zarz\u0105d, ale tak\u017ce sp\u00f3\u0142ka-matka ma swoj\u0105 siedzib\u0119 w Niemczech.[\/vc_column_text][vc_column_text css=&#8221;.vc_custom_1700476549831{padding-top: 10px !important;padding-bottom: 10px !important;}&#8221;]W wielostopniowej grupie, w kt\u00f3rej sp\u00f3\u0142ka dominuj\u0105ca ma siedzib\u0119 za granic\u0105, grupow\u0105 rad\u0119 zak\u0142adow\u0105 mo\u017cna utworzy\u0107 tak\u017ce dla sp\u00f3\u0142ek zlokalizowanych w Niemczech, je\u017celi zagraniczna sp\u00f3\u0142ka dominuj\u0105ca w znacz\u0105cy spos\u00f3b wykorzystuje swoje uprawnienia kierownicze, natomiast rol\u0119 organu pe\u0142ni sp\u00f3\u0142ka zale\u017cna z siedzib\u0105 w Niemczech. szef podgrupy krajowej istotne zadania zarz\u0105dcze w sprawach kadrowych, spo\u0142ecznych i gospodarczych w dalszym ci\u0105gu wykonuj\u0105 samodzielnie podleg\u0142e sp\u00f3\u0142ki. Jednak\u017ce poza brzmieniem \u00a7 54 ust. 1 zdanie 1 BetrVG nie mo\u017cna utworzy\u0107 rady zak\u0142adowej grupy, je\u017celi sp\u00f3\u0142ka dominuj\u0105ca grupy ma swoj\u0105 siedzib\u0119 za granic\u0105, a w Niemczech nie ma innego (cz\u0119\u015bciowego) zarz\u0105du grupy.[\/vc_column_text][vc_column_text css=&#8221;.vc_custom_1700476559543{padding-top: 10px !important;padding-bottom: 10px !important;}&#8221;]Wymogi dotycz\u0105ce dalszego szkolenia prawniczego nie s\u0105 spe\u0142nione. Artyku\u0142 54 ust. 1 BetrVG nie zawiera \u017cadnej niezamierzonej luki prawnej w przypadku sp\u00f3\u0142ek-matek zlokalizowanych za granic\u0105. Z jednej strony ustawodawca do\u015b\u0107 \u015bwiadomie odst\u0105pi\u0142 od regulacji podgrupowych por\u00f3wnywalnych z art. 5 ust. 3 MitbestG w statucie zak\u0142adowym. Ponadto siedziba sp\u00f3\u0142ki dominuj\u0105cej za granic\u0105 nie prowadzi do utraty przez pracownik\u00f3w praw partycypacyjnych w zakresie wsp\u00f3\u0142decydowania o sp\u00f3\u0142ce, a jedynie do ich przeniesienia na inny szczebel w sp\u00f3\u0142kach powi\u0105zanych. W tym przypadku prawa uczestnictwa zgodnie z BetrVG wykonuj\u0105 centralne rady zak\u0142adowe i rady zak\u0142adowe sp\u00f3\u0142ek nale\u017c\u0105cych do grupy.[\/vc_column_text][\/vc_column][\/vc_row]<\/p>\n<\/div>","protected":false},"excerpt":{"rendered":"<p>[vc_row triangle_shape=&#8221;no&#8221;][vc_column][vc_column_text css=&#8221;.vc_custom_1700476496480{padding-top: 10px !important;padding-bottom: 20px !important;}&#8221;] Utworzenie grupowej rady zak\u0142adowej [\/vc_column_text][vc_column_text css=&#8221;.vc_custom_1700476508880{padding-top: 10px !important;padding-bottom: 10px !important;}&#8221;]Zgodnie z \u00a7 54 ust. 1 zdanie 1 w zwi\u0105zku z \u00a7 54 ust. 2 BetrVG grupow\u0105 rad\u0119 zak\u0142adow\u0105 mo\u017cna utworzy\u0107 dla grupy na mocy uchwa\u0142 og\u00f3lnych rad zak\u0142adowych oraz, w okre\u015blonych przypadkach, rad zak\u0142adowych. Ustawa o konstytucji zak\u0142adowej sama w sobie nie okre\u015bla, kiedy istnieje grupa i jakie sp\u00f3\u0142ki do niej nale\u017c\u0105. Artyku\u0142 54 (1) BetrVG odsy\u0142a w tym zakresie do artyku\u0142u 18 (1) AktG.[\/vc_column_text][vc_column_text css=&#8221;.vc_custom_1700476537313{padding-top: 10px !important;padding-bottom: 10px !important;}&#8221;]W prawie zak\u0142adowym nie ma niezale\u017cnej koncepcji grupy. Uchwa\u0142\u0105 z dnia 14 lutego 2007&#8230;<\/p>\n","protected":false},"author":1,"featured_media":10689,"parent":11611,"menu_order":0,"comment_status":"closed","ping_status":"closed","template":"","meta":{"footnotes":""},"class_list":["post-12542","page","type-page","status-publish","has-post-thumbnail","hentry"],"yoast_head":"<!-- This site is optimized with the Yoast SEO Premium plugin v27.2 (Yoast SEO v27.4) - https:\/\/yoast.com\/product\/yoast-seo-premium-wordpress\/ -->\n<title>Rechtsanwaltskanzlei in Hamburg Berlin Bremen Hannover L\u00fcbeck<\/title>\n<meta name=\"description\" content=\"Rechtsanwaltskanzlei f\u00fcr Arbeitsrecht, Arzthaftung, Mietrecht, Gewerbemietrecht ,Gastronomierecht, Immobilienrecht, Schadensersatz Yachtrecht\" \/>\n<meta name=\"robots\" content=\"index, follow, max-snippet:-1, max-image-preview:large, max-video-preview:-1\" \/>\n<link rel=\"canonical\" href=\"https:\/\/www.kanzlei-steinwachs.de\/pl\/orzeczenia-z-zakresu-prawa-pracy\/wyroki-dotyczace-workow-2007\/utworzenie-grupowej-rady-zakladowej\/\" \/>\n<meta property=\"og:locale\" content=\"pl_PL\" \/>\n<meta property=\"og:type\" content=\"article\" \/>\n<meta property=\"og:title\" content=\"Rechtsanwaltskanzlei in Hamburg Berlin Bremen Hannover L\u00fcbeck\" \/>\n<meta property=\"og:description\" content=\"Rechtsanwaltskanzlei f\u00fcr Arbeitsrecht, Arzthaftung, Mietrecht, Gewerbemietrecht ,Gastronomierecht, Immobilienrecht, Schadensersatz Yachtrecht\" \/>\n<meta property=\"og:url\" content=\"https:\/\/www.kanzlei-steinwachs.de\/pl\/orzeczenia-z-zakresu-prawa-pracy\/wyroki-dotyczace-workow-2007\/utworzenie-grupowej-rady-zakladowej\/\" \/>\n<meta property=\"og:site_name\" content=\"Rechtsanwaltskanzlei Anwalt Hamburg Berlin Bremen Hannover L\u00fcbeck\" \/>\n<meta property=\"article:publisher\" content=\"https:\/\/www.facebook.com\/STEINWACHSRechtsanwaltskanzlei\/\" \/>\n<meta property=\"article:modified_time\" content=\"2023-11-23T11:28:00+00:00\" \/>\n<meta name=\"twitter:card\" content=\"summary_large_image\" \/>\n<meta name=\"twitter:site\" content=\"@rasteinwachs\" \/>\n<meta name=\"twitter:label1\" content=\"Szacowany czas czytania\" \/>\n\t<meta name=\"twitter:data1\" content=\"2 minuty\" \/>\n<script type=\"application\/ld+json\" class=\"yoast-schema-graph\">{\"@context\":\"https:\\\/\\\/schema.org\",\"@graph\":[{\"@type\":\"WebPage\",\"@id\":\"https:\\\/\\\/www.kanzlei-steinwachs.de\\\/pl\\\/orzeczenia-z-zakresu-prawa-pracy\\\/wyroki-dotyczace-workow-2007\\\/utworzenie-grupowej-rady-zakladowej\\\/\",\"url\":\"https:\\\/\\\/www.kanzlei-steinwachs.de\\\/pl\\\/orzeczenia-z-zakresu-prawa-pracy\\\/wyroki-dotyczace-workow-2007\\\/utworzenie-grupowej-rady-zakladowej\\\/\",\"name\":\"Rechtsanwaltskanzlei in Hamburg Berlin Bremen Hannover L\u00fcbeck\",\"isPartOf\":{\"@id\":\"https:\\\/\\\/www.kanzlei-steinwachs.de\\\/pl\\\/#website\"},\"primaryImageOfPage\":{\"@id\":\"https:\\\/\\\/www.kanzlei-steinwachs.de\\\/pl\\\/orzeczenia-z-zakresu-prawa-pracy\\\/wyroki-dotyczace-workow-2007\\\/utworzenie-grupowej-rady-zakladowej\\\/#primaryimage\"},\"image\":{\"@id\":\"https:\\\/\\\/www.kanzlei-steinwachs.de\\\/pl\\\/orzeczenia-z-zakresu-prawa-pracy\\\/wyroki-dotyczace-workow-2007\\\/utworzenie-grupowej-rady-zakladowej\\\/#primaryimage\"},\"thumbnailUrl\":\"https:\\\/\\\/i0.wp.com\\\/www.kanzlei-steinwachs.de\\\/wp-content\\\/uploads\\\/2023\\\/11\\\/Bundesarbeitsgericht_Urteile_2007.webp?fit=200%2C100&quality=20&ssl=1\",\"datePublished\":\"2023-11-20T10:32:35+00:00\",\"dateModified\":\"2023-11-23T11:28:00+00:00\",\"description\":\"Rechtsanwaltskanzlei f\u00fcr Arbeitsrecht, Arzthaftung, Mietrecht, Gewerbemietrecht ,Gastronomierecht, Immobilienrecht, Schadensersatz Yachtrecht\",\"breadcrumb\":{\"@id\":\"https:\\\/\\\/www.kanzlei-steinwachs.de\\\/pl\\\/orzeczenia-z-zakresu-prawa-pracy\\\/wyroki-dotyczace-workow-2007\\\/utworzenie-grupowej-rady-zakladowej\\\/#breadcrumb\"},\"inLanguage\":\"pl-PL\",\"potentialAction\":[{\"@type\":\"ReadAction\",\"target\":[\"https:\\\/\\\/www.kanzlei-steinwachs.de\\\/pl\\\/orzeczenia-z-zakresu-prawa-pracy\\\/wyroki-dotyczace-workow-2007\\\/utworzenie-grupowej-rady-zakladowej\\\/\"]}]},{\"@type\":\"ImageObject\",\"inLanguage\":\"pl-PL\",\"@id\":\"https:\\\/\\\/www.kanzlei-steinwachs.de\\\/pl\\\/orzeczenia-z-zakresu-prawa-pracy\\\/wyroki-dotyczace-workow-2007\\\/utworzenie-grupowej-rady-zakladowej\\\/#primaryimage\",\"url\":\"https:\\\/\\\/i0.wp.com\\\/www.kanzlei-steinwachs.de\\\/wp-content\\\/uploads\\\/2023\\\/11\\\/Bundesarbeitsgericht_Urteile_2007.webp?fit=200%2C100&quality=20&ssl=1\",\"contentUrl\":\"https:\\\/\\\/i0.wp.com\\\/www.kanzlei-steinwachs.de\\\/wp-content\\\/uploads\\\/2023\\\/11\\\/Bundesarbeitsgericht_Urteile_2007.webp?fit=200%2C100&quality=20&ssl=1\",\"width\":200,\"height\":100,\"caption\":\"Rechtliche Wirkung einer K\u00fcndigung\"},{\"@type\":\"BreadcrumbList\",\"@id\":\"https:\\\/\\\/www.kanzlei-steinwachs.de\\\/pl\\\/orzeczenia-z-zakresu-prawa-pracy\\\/wyroki-dotyczace-workow-2007\\\/utworzenie-grupowej-rady-zakladowej\\\/#breadcrumb\",\"itemListElement\":[{\"@type\":\"ListItem\",\"position\":1,\"name\":\"Orzeczenia z zakresu prawa pracy\",\"item\":\"https:\\\/\\\/www.kanzlei-steinwachs.de\\\/pl\\\/orzeczenia-z-zakresu-prawa-pracy\\\/\"},{\"@type\":\"ListItem\",\"position\":2,\"name\":\"Wyroki dotycz\u0105ce work\u00f3w 2007\",\"item\":\"https:\\\/\\\/www.kanzlei-steinwachs.de\\\/pl\\\/arbeitsrecht-urteile\\\/bag-urteile-2007\\\/\"},{\"@type\":\"ListItem\",\"position\":3,\"name\":\"Utworzenie grupowej rady zak\u0142adowej\"}]},{\"@type\":\"WebSite\",\"@id\":\"https:\\\/\\\/www.kanzlei-steinwachs.de\\\/pl\\\/#website\",\"url\":\"https:\\\/\\\/www.kanzlei-steinwachs.de\\\/pl\\\/\",\"name\":\"Rechtsanwaltskanzlei Anwalt Hamburg Berlin Bremen Hannover L\u00fcbeck\",\"description\":\"Wir leisten mehr als Recht bietet\",\"publisher\":{\"@id\":\"https:\\\/\\\/www.kanzlei-steinwachs.de\\\/pl\\\/#organization\"},\"potentialAction\":[{\"@type\":\"SearchAction\",\"target\":{\"@type\":\"EntryPoint\",\"urlTemplate\":\"https:\\\/\\\/www.kanzlei-steinwachs.de\\\/pl\\\/?s={search_term_string}\"},\"query-input\":{\"@type\":\"PropertyValueSpecification\",\"valueRequired\":true,\"valueName\":\"search_term_string\"}}],\"inLanguage\":\"pl-PL\"},{\"@type\":[\"Organization\",\"Place\"],\"@id\":\"https:\\\/\\\/www.kanzlei-steinwachs.de\\\/pl\\\/#organization\",\"name\":\"Rechtsanwaltskanzlei Anwalt Hamburg Berlin Bremen Hannover L\u00fcbeck\",\"url\":\"https:\\\/\\\/www.kanzlei-steinwachs.de\\\/\",\"logo\":{\"@type\":\"ImageObject\",\"inLanguage\":\"pl-PL\",\"@id\":\"https:\\\/\\\/www.kanzlei-steinwachs.de\\\/pl\\\/#\\\/schema\\\/logo\\\/image\\\/\",\"url\":\"https:\\\/\\\/i0.wp.com\\\/www.kanzlei-steinwachs.de\\\/wp-content\\\/uploads\\\/2023\\\/12\\\/logo.webp?fit=174%2C76&quality=80&ssl=1\",\"contentUrl\":\"https:\\\/\\\/i0.wp.com\\\/www.kanzlei-steinwachs.de\\\/wp-content\\\/uploads\\\/2023\\\/12\\\/logo.webp?fit=174%2C76&quality=80&ssl=1\",\"width\":174,\"height\":76,\"caption\":\"Rechtsanwaltskanzlei Anwalt Hamburg Berlin Bremen Hannover L\u00fcbeck\"},\"image\":{\"@id\":\"https:\\\/\\\/www.kanzlei-steinwachs.de\\\/pl\\\/#\\\/schema\\\/logo\\\/image\\\/\"},\"sameAs\":[\"https:\\\/\\\/www.facebook.com\\\/STEINWACHSRechtsanwaltskanzlei\\\/\",\"https:\\\/\\\/x.com\\\/rasteinwachs\",\"https:\\\/\\\/www.instagram.com\\\/steinwachs_rechtsanwaelte\\\/\",\"https:\\\/\\\/www.linkedin.com\\\/in\\\/stephan-steinwachs-7a270197\\\/\",\"https:\\\/\\\/www.youtube.com\\\/channel\\\/UCffmodDlQx81remXm395RWA\"],\"telephone\":[]}]}<\/script>\n<!-- \/ Yoast SEO Premium plugin. -->","yoast_head_json":{"title":"Rechtsanwaltskanzlei in Hamburg Berlin Bremen Hannover L\u00fcbeck","description":"Rechtsanwaltskanzlei f\u00fcr Arbeitsrecht, Arzthaftung, Mietrecht, Gewerbemietrecht ,Gastronomierecht, Immobilienrecht, Schadensersatz Yachtrecht","robots":{"index":"index","follow":"follow","max-snippet":"max-snippet:-1","max-image-preview":"max-image-preview:large","max-video-preview":"max-video-preview:-1"},"canonical":"https:\/\/www.kanzlei-steinwachs.de\/pl\/orzeczenia-z-zakresu-prawa-pracy\/wyroki-dotyczace-workow-2007\/utworzenie-grupowej-rady-zakladowej\/","og_locale":"pl_PL","og_type":"article","og_title":"Rechtsanwaltskanzlei in Hamburg Berlin Bremen Hannover L\u00fcbeck","og_description":"Rechtsanwaltskanzlei f\u00fcr Arbeitsrecht, Arzthaftung, Mietrecht, Gewerbemietrecht ,Gastronomierecht, Immobilienrecht, Schadensersatz Yachtrecht","og_url":"https:\/\/www.kanzlei-steinwachs.de\/pl\/orzeczenia-z-zakresu-prawa-pracy\/wyroki-dotyczace-workow-2007\/utworzenie-grupowej-rady-zakladowej\/","og_site_name":"Rechtsanwaltskanzlei Anwalt Hamburg Berlin Bremen Hannover L\u00fcbeck","article_publisher":"https:\/\/www.facebook.com\/STEINWACHSRechtsanwaltskanzlei\/","article_modified_time":"2023-11-23T11:28:00+00:00","twitter_card":"summary_large_image","twitter_site":"@rasteinwachs","twitter_misc":{"Szacowany czas czytania":"2 minuty"},"schema":{"@context":"https:\/\/schema.org","@graph":[{"@type":"WebPage","@id":"https:\/\/www.kanzlei-steinwachs.de\/pl\/orzeczenia-z-zakresu-prawa-pracy\/wyroki-dotyczace-workow-2007\/utworzenie-grupowej-rady-zakladowej\/","url":"https:\/\/www.kanzlei-steinwachs.de\/pl\/orzeczenia-z-zakresu-prawa-pracy\/wyroki-dotyczace-workow-2007\/utworzenie-grupowej-rady-zakladowej\/","name":"Rechtsanwaltskanzlei in Hamburg Berlin Bremen Hannover L\u00fcbeck","isPartOf":{"@id":"https:\/\/www.kanzlei-steinwachs.de\/pl\/#website"},"primaryImageOfPage":{"@id":"https:\/\/www.kanzlei-steinwachs.de\/pl\/orzeczenia-z-zakresu-prawa-pracy\/wyroki-dotyczace-workow-2007\/utworzenie-grupowej-rady-zakladowej\/#primaryimage"},"image":{"@id":"https:\/\/www.kanzlei-steinwachs.de\/pl\/orzeczenia-z-zakresu-prawa-pracy\/wyroki-dotyczace-workow-2007\/utworzenie-grupowej-rady-zakladowej\/#primaryimage"},"thumbnailUrl":"https:\/\/i0.wp.com\/www.kanzlei-steinwachs.de\/wp-content\/uploads\/2023\/11\/Bundesarbeitsgericht_Urteile_2007.webp?fit=200%2C100&quality=20&ssl=1","datePublished":"2023-11-20T10:32:35+00:00","dateModified":"2023-11-23T11:28:00+00:00","description":"Rechtsanwaltskanzlei f\u00fcr Arbeitsrecht, Arzthaftung, Mietrecht, Gewerbemietrecht ,Gastronomierecht, Immobilienrecht, Schadensersatz Yachtrecht","breadcrumb":{"@id":"https:\/\/www.kanzlei-steinwachs.de\/pl\/orzeczenia-z-zakresu-prawa-pracy\/wyroki-dotyczace-workow-2007\/utworzenie-grupowej-rady-zakladowej\/#breadcrumb"},"inLanguage":"pl-PL","potentialAction":[{"@type":"ReadAction","target":["https:\/\/www.kanzlei-steinwachs.de\/pl\/orzeczenia-z-zakresu-prawa-pracy\/wyroki-dotyczace-workow-2007\/utworzenie-grupowej-rady-zakladowej\/"]}]},{"@type":"ImageObject","inLanguage":"pl-PL","@id":"https:\/\/www.kanzlei-steinwachs.de\/pl\/orzeczenia-z-zakresu-prawa-pracy\/wyroki-dotyczace-workow-2007\/utworzenie-grupowej-rady-zakladowej\/#primaryimage","url":"https:\/\/i0.wp.com\/www.kanzlei-steinwachs.de\/wp-content\/uploads\/2023\/11\/Bundesarbeitsgericht_Urteile_2007.webp?fit=200%2C100&quality=20&ssl=1","contentUrl":"https:\/\/i0.wp.com\/www.kanzlei-steinwachs.de\/wp-content\/uploads\/2023\/11\/Bundesarbeitsgericht_Urteile_2007.webp?fit=200%2C100&quality=20&ssl=1","width":200,"height":100,"caption":"Rechtliche Wirkung einer K\u00fcndigung"},{"@type":"BreadcrumbList","@id":"https:\/\/www.kanzlei-steinwachs.de\/pl\/orzeczenia-z-zakresu-prawa-pracy\/wyroki-dotyczace-workow-2007\/utworzenie-grupowej-rady-zakladowej\/#breadcrumb","itemListElement":[{"@type":"ListItem","position":1,"name":"Orzeczenia z zakresu prawa pracy","item":"https:\/\/www.kanzlei-steinwachs.de\/pl\/orzeczenia-z-zakresu-prawa-pracy\/"},{"@type":"ListItem","position":2,"name":"Wyroki dotycz\u0105ce work\u00f3w 2007","item":"https:\/\/www.kanzlei-steinwachs.de\/pl\/arbeitsrecht-urteile\/bag-urteile-2007\/"},{"@type":"ListItem","position":3,"name":"Utworzenie grupowej rady zak\u0142adowej"}]},{"@type":"WebSite","@id":"https:\/\/www.kanzlei-steinwachs.de\/pl\/#website","url":"https:\/\/www.kanzlei-steinwachs.de\/pl\/","name":"Rechtsanwaltskanzlei Anwalt Hamburg Berlin Bremen Hannover L\u00fcbeck","description":"Wir leisten mehr als Recht bietet","publisher":{"@id":"https:\/\/www.kanzlei-steinwachs.de\/pl\/#organization"},"potentialAction":[{"@type":"SearchAction","target":{"@type":"EntryPoint","urlTemplate":"https:\/\/www.kanzlei-steinwachs.de\/pl\/?s={search_term_string}"},"query-input":{"@type":"PropertyValueSpecification","valueRequired":true,"valueName":"search_term_string"}}],"inLanguage":"pl-PL"},{"@type":["Organization","Place"],"@id":"https:\/\/www.kanzlei-steinwachs.de\/pl\/#organization","name":"Rechtsanwaltskanzlei Anwalt Hamburg Berlin Bremen Hannover L\u00fcbeck","url":"https:\/\/www.kanzlei-steinwachs.de\/","logo":{"@type":"ImageObject","inLanguage":"pl-PL","@id":"https:\/\/www.kanzlei-steinwachs.de\/pl\/#\/schema\/logo\/image\/","url":"https:\/\/i0.wp.com\/www.kanzlei-steinwachs.de\/wp-content\/uploads\/2023\/12\/logo.webp?fit=174%2C76&quality=80&ssl=1","contentUrl":"https:\/\/i0.wp.com\/www.kanzlei-steinwachs.de\/wp-content\/uploads\/2023\/12\/logo.webp?fit=174%2C76&quality=80&ssl=1","width":174,"height":76,"caption":"Rechtsanwaltskanzlei Anwalt Hamburg Berlin Bremen Hannover L\u00fcbeck"},"image":{"@id":"https:\/\/www.kanzlei-steinwachs.de\/pl\/#\/schema\/logo\/image\/"},"sameAs":["https:\/\/www.facebook.com\/STEINWACHSRechtsanwaltskanzlei\/","https:\/\/x.com\/rasteinwachs","https:\/\/www.instagram.com\/steinwachs_rechtsanwaelte\/","https:\/\/www.linkedin.com\/in\/stephan-steinwachs-7a270197\/","https:\/\/www.youtube.com\/channel\/UCffmodDlQx81remXm395RWA"],"telephone":[]}]}},"jetpack_sharing_enabled":true,"_links":{"self":[{"href":"https:\/\/www.kanzlei-steinwachs.de\/pl\/wp-json\/wp\/v2\/pages\/12542","targetHints":{"allow":["GET"]}}],"collection":[{"href":"https:\/\/www.kanzlei-steinwachs.de\/pl\/wp-json\/wp\/v2\/pages"}],"about":[{"href":"https:\/\/www.kanzlei-steinwachs.de\/pl\/wp-json\/wp\/v2\/types\/page"}],"author":[{"embeddable":true,"href":"https:\/\/www.kanzlei-steinwachs.de\/pl\/wp-json\/wp\/v2\/users\/1"}],"replies":[{"embeddable":true,"href":"https:\/\/www.kanzlei-steinwachs.de\/pl\/wp-json\/wp\/v2\/comments?post=12542"}],"version-history":[{"count":0,"href":"https:\/\/www.kanzlei-steinwachs.de\/pl\/wp-json\/wp\/v2\/pages\/12542\/revisions"}],"up":[{"embeddable":true,"href":"https:\/\/www.kanzlei-steinwachs.de\/pl\/wp-json\/wp\/v2\/pages\/11611"}],"wp:featuredmedia":[{"embeddable":true,"href":"https:\/\/www.kanzlei-steinwachs.de\/pl\/wp-json\/wp\/v2\/media\/10689"}],"wp:attachment":[{"href":"https:\/\/www.kanzlei-steinwachs.de\/pl\/wp-json\/wp\/v2\/media?parent=12542"}],"curies":[{"name":"wp","href":"https:\/\/api.w.org\/{rel}","templated":true}]}}