{"id":12361,"date":"2023-11-20T10:27:57","date_gmt":"2023-11-20T09:27:57","guid":{"rendered":"https:\/\/www.kanzlei-steinwachs.de\/orzeczenia-z-zakresu-prawa-pracy\/wyroki-dotyczace-workow-2007\/limit-czasu\/"},"modified":"2023-11-23T08:16:16","modified_gmt":"2023-11-23T07:16:16","slug":"limit-czasu","status":"publish","type":"page","link":"https:\/\/www.kanzlei-steinwachs.de\/pl\/orzeczenia-z-zakresu-prawa-pracy\/wyroki-dotyczace-workow-2007\/limit-czasu\/","title":{"rendered":"Limit czasu"},"content":{"rendered":"<div class=\"wpb-content-wrapper\"><p>[vc_row triangle_shape=&#8221;no&#8221;][vc_column][vc_column_text css=&#8221;.vc_custom_1700473046031{padding-top: 10px !important;padding-bottom: 30px !important;}&#8221;]<\/p>\n<h4 style=\"text-align: center;\">Limit czasu<\/h4>\n<p>[\/vc_column_text][vc_column_text css=&#8221;.vc_custom_1700473060488{padding-top: 10px !important;padding-bottom: 10px !important;}&#8221;]Dopuszczalno\u015b\u0107 stosunk\u00f3w pracy na czas okre\u015blony reguluje ustawa o zatrudnieniu w niepe\u0142nym wymiarze czasu pracy i na czas okre\u015blony (TzBfG). Zgodnie z \u00a7 14 ust. 4 TzBfG, umowa o prac\u0119 na czas okre\u015blony musi mie\u0107 form\u0119 pisemn\u0105, aby by\u0142a skuteczna. Ustne porozumienie w sprawie umowy na czas okre\u015blony jest niewa\u017cne zgodnie z \u00a7 14 ust. 4 TzBfG, \u00a7 125 zdanie 1 BGB. Je\u017celi strony pocz\u0105tkowo przed rozpocz\u0119ciem umowy uzgodni\u0142y jedynie ustnie czas okre\u015blony umowy o prac\u0119, a ustnie uzgodnione porozumienie na czas okre\u015blony w formie pisemnej zapisa\u0142y w umowie o prac\u0119 podpisanej po rozpocz\u0119ciu umowy, ustnie uzgodniony czas okre\u015blony wynosi niewa\u017cne zgodnie z \u00a7 14 ust. 4 TzBfG, \u00a7 125 zdanie 1 BGB W rezultacie na pocz\u0105tku umowy zostaje utworzony sta\u0142y stosunek pracy.[\/vc_column_text][vc_column_text css=&#8221;.vc_custom_1700473080910{padding-top: 10px !important;padding-bottom: 10px !important;}&#8221;]P\u00f3\u017aniejsze spisanie terminu, pocz\u0105tkowo uzgodnionego jedynie ustnie, nie oznacza, \u017ce \u200b\u200bpocz\u0105tkowo formalnie niewa\u017cny termin zacznie obowi\u0105zywa\u0107 z moc\u0105 wsteczn\u0105. Kontynuuj\u0105c to orzecznictwo, Si\u00f3dmy Senat w wyroku z dnia 13 czerwca 2007 r. ( 7 AZR 700\/06 ) uzna\u0142, \u017ce sytuacja wygl\u0105da inaczej, je\u017celi strony w og\u00f3le nie uzgodni\u0142y terminu przed rozpocz\u0119ciem umowy lub je\u017celi zawar\u0142y ustne porozumienie w sprawie terminu merytorycznego odbiega od terminu zawartego w umowie o prac\u0119 podpisanej po rozpocz\u0119ciu umowy. W takich przypadkach pisemna umowa o prac\u0119 zawiera nie tylko wcze\u015bniej uzgodnion\u0105 ustn\u0105 umow\u0119 na czas okre\u015blony, ale raczej umow\u0119 na czas okre\u015blony, kt\u00f3ra odbiega od wcze\u015bniej uzgodnionej ustnie i w zwi\u0105zku z tym jest niezale\u017cna i spe\u0142nia wymogi formy pisemnej. po raz pierwszy. Zgodnie z \u00a7 14 ust. 1 zdanie 1 TzBfG ograniczenie umowy o prac\u0119 jest dopuszczalne, je\u017celi jest uzasadnione obiektywn\u0105 przyczyn\u0105.[\/vc_column_text][vc_column_text]Zgodnie z \u00a7 14 ust. 1 zdanie 2 nr 1 TzBfG, istnieje obiektywny pow\u00f3d zawarcia umowy na czas okre\u015blony, je\u017celi operacyjna potrzeba pracy ma charakter jedynie tymczasowy. W wyroku z dnia 17 stycznia 2007 r. (7 AZR 20\/06) Senat VII uzna\u0142, \u017ce wym\u00f3g ten nie jest spe\u0142niony, je\u017celi pracodawca zatrudnia pracownika wy\u0142\u0105cznie tymczasowo, gdy\u017c zamierza on wykonywa\u0107 powierzone mu od dnia pracy zadania pracownicze. w p\u00f3\u017aniejszym terminie, do ustalenia na sta\u0142e przez pracownik\u00f3w tymczasowych. Korzystanie z pracownik\u00f3w tymczasowych eliminuje po prostu konieczno\u015b\u0107 zatrudniania pracownik\u00f3w, kt\u00f3rych stosunek pracy z w\u0142a\u015bcicielem firmy opiera si\u0119 na umowie o prac\u0119.<\/p>\n<p>[\/vc_column_text][vc_column_text css=&#8221;.vc_custom_1700473091270{padding-top: 10px !important;padding-bottom: 10px !important;}&#8221;]Nie ma to jednak znaczenia dla faktycznej przyczyny tymczasowej operacyjnej potrzeby wykonywania pracy. Decyduj\u0105cym czynnikiem jest raczej potrzeba zatrudnienia w organizacji operacyjnej pracodawcy. Planowane w przysz\u0142o\u015bci wykorzystanie pracownik\u00f3w tymczasowych nie jest tak\u017ce kolejn\u0105 istotn\u0105 przyczyn\u0105, nie wymienion\u0105 w \u00a7 14 ust. 1 zdanie 2 nr 1 do 8 TzBfG, kt\u00f3ra mog\u0142aby uzasadnia\u0107 ograniczenie umowy o prac\u0119 z pracownikiem zatrudnionym w mi\u0119dzyczasie. Zgodnie z \u00a7 14 ust. 1 zdanie 2 nr 2 TzBfG obiektywna przyczyna uzasadniaj\u0105ca ograniczenie umowy o prac\u0119 istnieje tak\u017ce w\u00f3wczas, gdy ograniczenie nast\u0119puje po szkoleniu maj\u0105cym na celu u\u0142atwienie pracownikowi przej\u015bcia do p\u00f3\u017aniejszego zatrudnienia.[\/vc_column_text][vc_column_text css=&#8221;.vc_custom_1700473103126{padding-top: 10px !important;padding-bottom: 10px !important;}&#8221;]Zgodnie z decyzj\u0105 Senatu VII z dnia 10 pa\u017adziernika 2007 r. ( 7 AZR 795\/06 ) na tej przyczynie faktycznej mo\u017ce opiera\u0107 si\u0119 wy\u0142\u0105cznie przedawnienie pierwszej umowy o prac\u0119 zawartej przez pracownika w wyniku odbycia szkolenia lub studi\u00f3w. Przed\u0142u\u017cenie umowy nie jest mo\u017cliwe z przyczyn faktycznych okre\u015blonych w niniejszym regulaminie. Wynika to z faktu \u201epowi\u0105zania\u201d ze szkoleniem i celem standardu. Zgodnie z \u00a7 14 ust. 1 zdanie 2 nr 7 TzBfG kolejna przyczyna faktyczna uzasadniaj\u0105ca zawarcie umowy o prac\u0119 na czas okre\u015blony istnieje, je\u017celi pracownik otrzymuje wynagrodzenie ze \u015brodk\u00f3w bud\u017cetowych przeznaczonych na zatrudnienie tymczasowe w my\u015bl ustawy bud\u017cetowej i jest on odpowiednio zatrudniony.[\/vc_column_text][vc_column_text css=&#8221;.vc_custom_1700473116942{padding-top: 10px !important;padding-bottom: 10px !important;}&#8221;]Zgodnie z decyzj\u0105 Senatu VII z dnia 18 pa\u017adziernika 2006 r. ( 7 AZR 419\/05 ) ta przyczyna faktyczna wymaga, aby pracownik otrzymywa\u0142 wynagrodzenie ze \u015brodk\u00f3w bud\u017cetowych, kt\u00f3re s\u0105 okre\u015blone w konkretnym przepisie merytorycznym, w oparciu o zrozumia\u0142y cel. Potwierdzaj\u0105c to orzecznictwo, Si\u00f3dmy Senat w wyroku z dnia 14 lutego 2007 r. ( 7 AZR 193\/06 ) orzek\u0142, \u017ce opr\u00f3cz dost\u0119pno\u015bci jedynie ograniczonych \u015brodk\u00f3w bud\u017cetowych, ze wzgl\u0119d\u00f3w faktycznych konieczne jest przewa\u017caj\u0105ce wykorzystanie pracownika tymczasowego zgodnie z przeznaczeniem przyznanych \u015brodk\u00f3w bud\u017cetowych. Decyduj\u0105ce znaczenie maj\u0105 okoliczno\u015bci wyst\u0119puj\u0105ce w chwili zawarcia umowy.[\/vc_column_text][vc_column_text css=&#8221;.vc_custom_1700473127862{padding-top: 10px !important;padding-bottom: 10px !important;}&#8221;]Dotyczy to r\u00f3wnie\u017c kwestii, czy pracownik otrzymywa\u0142 wynagrodzenie z bud\u017cetu. Nie jest jednak konieczne, aby umowa na czas okre\u015blony z tego powodu faktycznego zosta\u0142a zawarta od razu do momentu udost\u0119pnienia \u015brodk\u00f3w bud\u017cetowych na zatrudnienie tymczasowe. Zatrudnienie personelu tymczasowego w przypadku czasowej nieobecno\u015bci stanowiska lub osoby zajmuj\u0105cej stanowisko, o kt\u00f3rej mowa w \u00a7 7 ust. 1 zdanie 3 nr 7 TzBfG, jest wystarczaj\u0105cym celem. Zgodnie z \u00a7 15 ust. 5 TzBfG stosunek pracy uwa\u017ca si\u0119 za przed\u0142u\u017cony na czas nieokre\u015blony, je\u017celi po up\u0142ywie okresu, na kt\u00f3ry zosta\u0142 zawarty, jest on kontynuowany za wiedz\u0105 pracodawcy i pracodawca nie zg\u0142asza natychmiastowego sprzeciwu.[\/vc_column_text][vc_column_text css=&#8221;.vc_custom_1700473154521{padding-top: 10px !important;padding-bottom: 10px !important;}&#8221;]Potwierdzaj\u0105c swoje dotychczasowe orzecznictwo, Si\u00f3dmy Senat w wyroku z dnia 11 lipca 2007 r. ( 7 AZR 501\/06 ) stwierdzi\u0142, \u017ce zaistnienie fikcji uregulowanej w \u00a7 15 ust.5 TzBfG wymaga, aby pracownik \u015bwiadomie i zgodnie z art. wyniki w pracy Gotowo\u015b\u0107 do dalszego wype\u0142niania obowi\u0105zk\u00f3w wynikaj\u0105cych ze stosunku pracy. Pracownik ma obowi\u0105zek faktycznie \u015bwiadczy\u0107 us\u0142ugi obj\u0119te umow\u0105 po up\u0142ywie okresu obowi\u0105zywania umowy. Dalsza praca pracownika nie wystarczy. Nale\u017cy raczej dokona\u0107 tego za wiedz\u0105 samego pracodawcy lub jego przedstawiciela uprawnionego do zawierania um\u00f3w o prac\u0119. Zgodnie z orzecznictwem Senatu dotycz\u0105cym szkolnictwa wy\u017cszego pracodawc\u0105 w tym rozumieniu nie jest kierownik instytutu czy inny prze\u0142o\u017cony pracownika, lecz rektor uczelni jako szef og\u00f3lnej administracji uczelni. Jego wiedza jest r\u00f3wnoznaczna z wiedz\u0105 tych pracownik\u00f3w, z kt\u00f3rych korzysta samodzielnie za\u0142atwiaj\u0105c sprawy z zakresu prawa pracy. Dotyczy to przede wszystkim pracownik\u00f3w administracji personalnej, kt\u00f3rzy s\u0105 uprawnieni do zawierania um\u00f3w o prac\u0119.[\/vc_column_text][vc_column_text css=&#8221;.vc_custom_1700473164673{padding-top: 10px !important;padding-bottom: 10px !important;}&#8221;]Dodatkowo za pracodawc\u00f3w mo\u017cna uzna\u0107 tak\u017ce osoby z innych cz\u0119\u015bci administracji og\u00f3lnej uczelni, je\u017celi w zwi\u0105zku z rozk\u0142adem spraw w obr\u0119bie uczelni dowiej\u0105 si\u0119 o faktach o kontynuacji stosunku pracy pracownik\u00f3w zamiast rektora, jak np. przeniesiono radc\u0119 prawnego uczelni, kt\u00f3ry jest odpowiedzialny za obs\u0142ug\u0119 procedur um\u00f3w o prac\u0119. Zgodnie z utrwalonym orzecznictwem VII Senatu, w przypadku kilku kolejnych um\u00f3w o prac\u0119 na czas okre\u015blony, co do zasady nale\u017cy bada\u0107 pod k\u0105tem jej uzasadnienia jedynie czasowy charakter ostatniej umowy o prac\u0119. Je\u017celi jednak przy zawieraniu kolejnej umowy o prac\u0119 na czas okre\u015blony strony zastrzegaj\u0105 sobie prawo pracownika do sprawdzenia pod k\u0105tem skuteczno\u015bci obowi\u0105zywania poprzedniej umowy, to r\u00f3wnie\u017c ten termin podlega kontroli terminowej. Jednak jednostronna rezerwacja zg\u0142oszona przez pracownika nie jest wystarczaj\u0105ca.[\/vc_column_text][vc_column_text css=&#8221;.vc_custom_1700473174217{padding-top: 10px !important;padding-bottom: 10px !important;}&#8221;]Zastrze\u017cenie musi by\u0107 raczej wyra\u017anie lub dorozumiane uzgodnione w umowie. Kontynuuj\u0105c to orzecznictwo, Senat VII w wyroku z dnia 14 lutego 2007 r. ( 7 AZR 95\/06 ) stwierdzi\u0142, \u017ce pracodawca co do zasady nie ma obowi\u0105zku uzgadniania takiego zastrze\u017cenia z pracownikiem. Je\u017celi pracodawca zaproponuje pracownikowi bezwarunkowe zawarcie dalszej umowy o prac\u0119 na czas okre\u015blony, a nast\u0119pnie odrzuci \u017c\u0105danie pracownika zawarcia dodatkowej umowy z zastrze\u017ceniami, podtrzymuj\u0105c jego ofert\u0119 zawarcia dodatkowej umowy o prac\u0119 bez zastrze\u017ce\u0144, odmowa pracodawcy brzmi: zgoda na \u017c\u0105dan\u0105 przez pracownika rezerwacj\u0119 nie stanowi \u015brodka dyscyplinarnego w rozumieniu art. 612a niemieckiego kodeksu cywilnego (BGB).[\/vc_column_text][\/vc_column][\/vc_row]<\/p>\n<\/div>","protected":false},"excerpt":{"rendered":"<p>[vc_row triangle_shape=&#8221;no&#8221;][vc_column][vc_column_text css=&#8221;.vc_custom_1700473046031{padding-top: 10px !important;padding-bottom: 30px !important;}&#8221;] Limit czasu [\/vc_column_text][vc_column_text css=&#8221;.vc_custom_1700473060488{padding-top: 10px !important;padding-bottom: 10px !important;}&#8221;]Dopuszczalno\u015b\u0107 stosunk\u00f3w pracy na czas okre\u015blony reguluje ustawa o zatrudnieniu w niepe\u0142nym wymiarze czasu pracy i na czas okre\u015blony (TzBfG). Zgodnie z \u00a7 14 ust. 4 TzBfG, umowa o prac\u0119 na czas okre\u015blony musi mie\u0107 form\u0119 pisemn\u0105, aby by\u0142a skuteczna. Ustne porozumienie w sprawie umowy na czas okre\u015blony jest niewa\u017cne zgodnie z \u00a7 14 ust. 4 TzBfG, \u00a7 125 zdanie 1 BGB. Je\u017celi strony pocz\u0105tkowo przed rozpocz\u0119ciem umowy uzgodni\u0142y jedynie ustnie czas okre\u015blony umowy o prac\u0119, a ustnie uzgodnione porozumienie na czas okre\u015blony w formie pisemnej&#8230;<\/p>\n","protected":false},"author":1,"featured_media":10689,"parent":11611,"menu_order":0,"comment_status":"closed","ping_status":"closed","template":"","meta":{"footnotes":""},"class_list":["post-12361","page","type-page","status-publish","has-post-thumbnail","hentry"],"yoast_head":"<!-- This site is optimized with the Yoast SEO Premium plugin v27.2 (Yoast SEO v27.3) - https:\/\/yoast.com\/product\/yoast-seo-premium-wordpress\/ -->\n<title>Rechtsanwaltskanzlei in Hamburg Berlin Bremen Hannover L\u00fcbeck<\/title>\n<meta name=\"description\" content=\"Rechtsanwaltskanzlei f\u00fcr Arbeitsrecht, Arzthaftung, Mietrecht, Gewerbemietrecht ,Gastronomierecht, Immobilienrecht, Schadensersatz Yachtrecht\" \/>\n<meta name=\"robots\" content=\"index, follow, max-snippet:-1, max-image-preview:large, max-video-preview:-1\" \/>\n<link rel=\"canonical\" href=\"https:\/\/www.kanzlei-steinwachs.de\/pl\/orzeczenia-z-zakresu-prawa-pracy\/wyroki-dotyczace-workow-2007\/limit-czasu\/\" \/>\n<meta property=\"og:locale\" content=\"pl_PL\" \/>\n<meta property=\"og:type\" content=\"article\" \/>\n<meta property=\"og:title\" content=\"Rechtsanwaltskanzlei in Hamburg Berlin Bremen Hannover L\u00fcbeck\" \/>\n<meta property=\"og:description\" content=\"Rechtsanwaltskanzlei f\u00fcr Arbeitsrecht, Arzthaftung, Mietrecht, Gewerbemietrecht ,Gastronomierecht, Immobilienrecht, Schadensersatz Yachtrecht\" \/>\n<meta property=\"og:url\" content=\"https:\/\/www.kanzlei-steinwachs.de\/pl\/orzeczenia-z-zakresu-prawa-pracy\/wyroki-dotyczace-workow-2007\/limit-czasu\/\" \/>\n<meta property=\"og:site_name\" content=\"Rechtsanwaltskanzlei Anwalt Hamburg Berlin Bremen Hannover L\u00fcbeck\" \/>\n<meta property=\"article:publisher\" content=\"https:\/\/www.facebook.com\/STEINWACHSRechtsanwaltskanzlei\/\" \/>\n<meta property=\"article:modified_time\" content=\"2023-11-23T07:16:16+00:00\" \/>\n<meta name=\"twitter:card\" content=\"summary_large_image\" \/>\n<meta name=\"twitter:site\" content=\"@rasteinwachs\" \/>\n<meta name=\"twitter:label1\" content=\"Szacowany czas czytania\" \/>\n\t<meta name=\"twitter:data1\" content=\"7 minut\" \/>\n<script type=\"application\/ld+json\" class=\"yoast-schema-graph\">{\"@context\":\"https:\\\/\\\/schema.org\",\"@graph\":[{\"@type\":\"WebPage\",\"@id\":\"https:\\\/\\\/www.kanzlei-steinwachs.de\\\/pl\\\/orzeczenia-z-zakresu-prawa-pracy\\\/wyroki-dotyczace-workow-2007\\\/limit-czasu\\\/\",\"url\":\"https:\\\/\\\/www.kanzlei-steinwachs.de\\\/pl\\\/orzeczenia-z-zakresu-prawa-pracy\\\/wyroki-dotyczace-workow-2007\\\/limit-czasu\\\/\",\"name\":\"Rechtsanwaltskanzlei in Hamburg Berlin Bremen Hannover L\u00fcbeck\",\"isPartOf\":{\"@id\":\"https:\\\/\\\/www.kanzlei-steinwachs.de\\\/pl\\\/#website\"},\"primaryImageOfPage\":{\"@id\":\"https:\\\/\\\/www.kanzlei-steinwachs.de\\\/pl\\\/orzeczenia-z-zakresu-prawa-pracy\\\/wyroki-dotyczace-workow-2007\\\/limit-czasu\\\/#primaryimage\"},\"image\":{\"@id\":\"https:\\\/\\\/www.kanzlei-steinwachs.de\\\/pl\\\/orzeczenia-z-zakresu-prawa-pracy\\\/wyroki-dotyczace-workow-2007\\\/limit-czasu\\\/#primaryimage\"},\"thumbnailUrl\":\"https:\\\/\\\/i0.wp.com\\\/www.kanzlei-steinwachs.de\\\/wp-content\\\/uploads\\\/2023\\\/11\\\/Bundesarbeitsgericht_Urteile_2007.webp?fit=200%2C100&quality=20&ssl=1\",\"datePublished\":\"2023-11-20T09:27:57+00:00\",\"dateModified\":\"2023-11-23T07:16:16+00:00\",\"description\":\"Rechtsanwaltskanzlei f\u00fcr Arbeitsrecht, Arzthaftung, Mietrecht, Gewerbemietrecht ,Gastronomierecht, Immobilienrecht, Schadensersatz Yachtrecht\",\"breadcrumb\":{\"@id\":\"https:\\\/\\\/www.kanzlei-steinwachs.de\\\/pl\\\/orzeczenia-z-zakresu-prawa-pracy\\\/wyroki-dotyczace-workow-2007\\\/limit-czasu\\\/#breadcrumb\"},\"inLanguage\":\"pl-PL\",\"potentialAction\":[{\"@type\":\"ReadAction\",\"target\":[\"https:\\\/\\\/www.kanzlei-steinwachs.de\\\/pl\\\/orzeczenia-z-zakresu-prawa-pracy\\\/wyroki-dotyczace-workow-2007\\\/limit-czasu\\\/\"]}]},{\"@type\":\"ImageObject\",\"inLanguage\":\"pl-PL\",\"@id\":\"https:\\\/\\\/www.kanzlei-steinwachs.de\\\/pl\\\/orzeczenia-z-zakresu-prawa-pracy\\\/wyroki-dotyczace-workow-2007\\\/limit-czasu\\\/#primaryimage\",\"url\":\"https:\\\/\\\/i0.wp.com\\\/www.kanzlei-steinwachs.de\\\/wp-content\\\/uploads\\\/2023\\\/11\\\/Bundesarbeitsgericht_Urteile_2007.webp?fit=200%2C100&quality=20&ssl=1\",\"contentUrl\":\"https:\\\/\\\/i0.wp.com\\\/www.kanzlei-steinwachs.de\\\/wp-content\\\/uploads\\\/2023\\\/11\\\/Bundesarbeitsgericht_Urteile_2007.webp?fit=200%2C100&quality=20&ssl=1\",\"width\":200,\"height\":100,\"caption\":\"Rechtliche Wirkung einer K\u00fcndigung\"},{\"@type\":\"BreadcrumbList\",\"@id\":\"https:\\\/\\\/www.kanzlei-steinwachs.de\\\/pl\\\/orzeczenia-z-zakresu-prawa-pracy\\\/wyroki-dotyczace-workow-2007\\\/limit-czasu\\\/#breadcrumb\",\"itemListElement\":[{\"@type\":\"ListItem\",\"position\":1,\"name\":\"Orzeczenia z zakresu prawa pracy\",\"item\":\"https:\\\/\\\/www.kanzlei-steinwachs.de\\\/pl\\\/orzeczenia-z-zakresu-prawa-pracy\\\/\"},{\"@type\":\"ListItem\",\"position\":2,\"name\":\"Wyroki dotycz\u0105ce work\u00f3w 2007\",\"item\":\"https:\\\/\\\/www.kanzlei-steinwachs.de\\\/pl\\\/arbeitsrecht-urteile\\\/bag-urteile-2007\\\/\"},{\"@type\":\"ListItem\",\"position\":3,\"name\":\"Limit czasu\"}]},{\"@type\":\"WebSite\",\"@id\":\"https:\\\/\\\/www.kanzlei-steinwachs.de\\\/pl\\\/#website\",\"url\":\"https:\\\/\\\/www.kanzlei-steinwachs.de\\\/pl\\\/\",\"name\":\"Rechtsanwaltskanzlei Anwalt Hamburg Berlin Bremen Hannover L\u00fcbeck\",\"description\":\"Wir leisten mehr als Recht bietet\",\"publisher\":{\"@id\":\"https:\\\/\\\/www.kanzlei-steinwachs.de\\\/pl\\\/#organization\"},\"potentialAction\":[{\"@type\":\"SearchAction\",\"target\":{\"@type\":\"EntryPoint\",\"urlTemplate\":\"https:\\\/\\\/www.kanzlei-steinwachs.de\\\/pl\\\/?s={search_term_string}\"},\"query-input\":{\"@type\":\"PropertyValueSpecification\",\"valueRequired\":true,\"valueName\":\"search_term_string\"}}],\"inLanguage\":\"pl-PL\"},{\"@type\":[\"Organization\",\"Place\"],\"@id\":\"https:\\\/\\\/www.kanzlei-steinwachs.de\\\/pl\\\/#organization\",\"name\":\"Rechtsanwaltskanzlei Anwalt Hamburg Berlin Bremen Hannover L\u00fcbeck\",\"url\":\"https:\\\/\\\/www.kanzlei-steinwachs.de\\\/\",\"logo\":{\"@type\":\"ImageObject\",\"inLanguage\":\"pl-PL\",\"@id\":\"https:\\\/\\\/www.kanzlei-steinwachs.de\\\/pl\\\/#\\\/schema\\\/logo\\\/image\\\/\",\"url\":\"https:\\\/\\\/i0.wp.com\\\/www.kanzlei-steinwachs.de\\\/wp-content\\\/uploads\\\/2023\\\/12\\\/logo.webp?fit=174%2C76&quality=80&ssl=1\",\"contentUrl\":\"https:\\\/\\\/i0.wp.com\\\/www.kanzlei-steinwachs.de\\\/wp-content\\\/uploads\\\/2023\\\/12\\\/logo.webp?fit=174%2C76&quality=80&ssl=1\",\"width\":174,\"height\":76,\"caption\":\"Rechtsanwaltskanzlei Anwalt Hamburg Berlin Bremen Hannover L\u00fcbeck\"},\"image\":{\"@id\":\"https:\\\/\\\/www.kanzlei-steinwachs.de\\\/pl\\\/#\\\/schema\\\/logo\\\/image\\\/\"},\"sameAs\":[\"https:\\\/\\\/www.facebook.com\\\/STEINWACHSRechtsanwaltskanzlei\\\/\",\"https:\\\/\\\/x.com\\\/rasteinwachs\",\"https:\\\/\\\/www.instagram.com\\\/steinwachs_rechtsanwaelte\\\/\",\"https:\\\/\\\/www.linkedin.com\\\/in\\\/stephan-steinwachs-7a270197\\\/\",\"https:\\\/\\\/www.youtube.com\\\/channel\\\/UCffmodDlQx81remXm395RWA\"],\"telephone\":[]}]}<\/script>\n<!-- \/ Yoast SEO Premium plugin. -->","yoast_head_json":{"title":"Rechtsanwaltskanzlei in Hamburg Berlin Bremen Hannover L\u00fcbeck","description":"Rechtsanwaltskanzlei f\u00fcr Arbeitsrecht, Arzthaftung, Mietrecht, Gewerbemietrecht ,Gastronomierecht, Immobilienrecht, Schadensersatz Yachtrecht","robots":{"index":"index","follow":"follow","max-snippet":"max-snippet:-1","max-image-preview":"max-image-preview:large","max-video-preview":"max-video-preview:-1"},"canonical":"https:\/\/www.kanzlei-steinwachs.de\/pl\/orzeczenia-z-zakresu-prawa-pracy\/wyroki-dotyczace-workow-2007\/limit-czasu\/","og_locale":"pl_PL","og_type":"article","og_title":"Rechtsanwaltskanzlei in Hamburg Berlin Bremen Hannover L\u00fcbeck","og_description":"Rechtsanwaltskanzlei f\u00fcr Arbeitsrecht, Arzthaftung, Mietrecht, Gewerbemietrecht ,Gastronomierecht, Immobilienrecht, Schadensersatz Yachtrecht","og_url":"https:\/\/www.kanzlei-steinwachs.de\/pl\/orzeczenia-z-zakresu-prawa-pracy\/wyroki-dotyczace-workow-2007\/limit-czasu\/","og_site_name":"Rechtsanwaltskanzlei Anwalt Hamburg Berlin Bremen Hannover L\u00fcbeck","article_publisher":"https:\/\/www.facebook.com\/STEINWACHSRechtsanwaltskanzlei\/","article_modified_time":"2023-11-23T07:16:16+00:00","twitter_card":"summary_large_image","twitter_site":"@rasteinwachs","twitter_misc":{"Szacowany czas czytania":"7 minut"},"schema":{"@context":"https:\/\/schema.org","@graph":[{"@type":"WebPage","@id":"https:\/\/www.kanzlei-steinwachs.de\/pl\/orzeczenia-z-zakresu-prawa-pracy\/wyroki-dotyczace-workow-2007\/limit-czasu\/","url":"https:\/\/www.kanzlei-steinwachs.de\/pl\/orzeczenia-z-zakresu-prawa-pracy\/wyroki-dotyczace-workow-2007\/limit-czasu\/","name":"Rechtsanwaltskanzlei in Hamburg Berlin Bremen Hannover L\u00fcbeck","isPartOf":{"@id":"https:\/\/www.kanzlei-steinwachs.de\/pl\/#website"},"primaryImageOfPage":{"@id":"https:\/\/www.kanzlei-steinwachs.de\/pl\/orzeczenia-z-zakresu-prawa-pracy\/wyroki-dotyczace-workow-2007\/limit-czasu\/#primaryimage"},"image":{"@id":"https:\/\/www.kanzlei-steinwachs.de\/pl\/orzeczenia-z-zakresu-prawa-pracy\/wyroki-dotyczace-workow-2007\/limit-czasu\/#primaryimage"},"thumbnailUrl":"https:\/\/i0.wp.com\/www.kanzlei-steinwachs.de\/wp-content\/uploads\/2023\/11\/Bundesarbeitsgericht_Urteile_2007.webp?fit=200%2C100&quality=20&ssl=1","datePublished":"2023-11-20T09:27:57+00:00","dateModified":"2023-11-23T07:16:16+00:00","description":"Rechtsanwaltskanzlei f\u00fcr Arbeitsrecht, Arzthaftung, Mietrecht, Gewerbemietrecht ,Gastronomierecht, Immobilienrecht, Schadensersatz Yachtrecht","breadcrumb":{"@id":"https:\/\/www.kanzlei-steinwachs.de\/pl\/orzeczenia-z-zakresu-prawa-pracy\/wyroki-dotyczace-workow-2007\/limit-czasu\/#breadcrumb"},"inLanguage":"pl-PL","potentialAction":[{"@type":"ReadAction","target":["https:\/\/www.kanzlei-steinwachs.de\/pl\/orzeczenia-z-zakresu-prawa-pracy\/wyroki-dotyczace-workow-2007\/limit-czasu\/"]}]},{"@type":"ImageObject","inLanguage":"pl-PL","@id":"https:\/\/www.kanzlei-steinwachs.de\/pl\/orzeczenia-z-zakresu-prawa-pracy\/wyroki-dotyczace-workow-2007\/limit-czasu\/#primaryimage","url":"https:\/\/i0.wp.com\/www.kanzlei-steinwachs.de\/wp-content\/uploads\/2023\/11\/Bundesarbeitsgericht_Urteile_2007.webp?fit=200%2C100&quality=20&ssl=1","contentUrl":"https:\/\/i0.wp.com\/www.kanzlei-steinwachs.de\/wp-content\/uploads\/2023\/11\/Bundesarbeitsgericht_Urteile_2007.webp?fit=200%2C100&quality=20&ssl=1","width":200,"height":100,"caption":"Rechtliche Wirkung einer K\u00fcndigung"},{"@type":"BreadcrumbList","@id":"https:\/\/www.kanzlei-steinwachs.de\/pl\/orzeczenia-z-zakresu-prawa-pracy\/wyroki-dotyczace-workow-2007\/limit-czasu\/#breadcrumb","itemListElement":[{"@type":"ListItem","position":1,"name":"Orzeczenia z zakresu prawa pracy","item":"https:\/\/www.kanzlei-steinwachs.de\/pl\/orzeczenia-z-zakresu-prawa-pracy\/"},{"@type":"ListItem","position":2,"name":"Wyroki dotycz\u0105ce work\u00f3w 2007","item":"https:\/\/www.kanzlei-steinwachs.de\/pl\/arbeitsrecht-urteile\/bag-urteile-2007\/"},{"@type":"ListItem","position":3,"name":"Limit czasu"}]},{"@type":"WebSite","@id":"https:\/\/www.kanzlei-steinwachs.de\/pl\/#website","url":"https:\/\/www.kanzlei-steinwachs.de\/pl\/","name":"Rechtsanwaltskanzlei Anwalt Hamburg Berlin Bremen Hannover L\u00fcbeck","description":"Wir leisten mehr als Recht bietet","publisher":{"@id":"https:\/\/www.kanzlei-steinwachs.de\/pl\/#organization"},"potentialAction":[{"@type":"SearchAction","target":{"@type":"EntryPoint","urlTemplate":"https:\/\/www.kanzlei-steinwachs.de\/pl\/?s={search_term_string}"},"query-input":{"@type":"PropertyValueSpecification","valueRequired":true,"valueName":"search_term_string"}}],"inLanguage":"pl-PL"},{"@type":["Organization","Place"],"@id":"https:\/\/www.kanzlei-steinwachs.de\/pl\/#organization","name":"Rechtsanwaltskanzlei Anwalt Hamburg Berlin Bremen Hannover L\u00fcbeck","url":"https:\/\/www.kanzlei-steinwachs.de\/","logo":{"@type":"ImageObject","inLanguage":"pl-PL","@id":"https:\/\/www.kanzlei-steinwachs.de\/pl\/#\/schema\/logo\/image\/","url":"https:\/\/i0.wp.com\/www.kanzlei-steinwachs.de\/wp-content\/uploads\/2023\/12\/logo.webp?fit=174%2C76&quality=80&ssl=1","contentUrl":"https:\/\/i0.wp.com\/www.kanzlei-steinwachs.de\/wp-content\/uploads\/2023\/12\/logo.webp?fit=174%2C76&quality=80&ssl=1","width":174,"height":76,"caption":"Rechtsanwaltskanzlei Anwalt Hamburg Berlin Bremen Hannover L\u00fcbeck"},"image":{"@id":"https:\/\/www.kanzlei-steinwachs.de\/pl\/#\/schema\/logo\/image\/"},"sameAs":["https:\/\/www.facebook.com\/STEINWACHSRechtsanwaltskanzlei\/","https:\/\/x.com\/rasteinwachs","https:\/\/www.instagram.com\/steinwachs_rechtsanwaelte\/","https:\/\/www.linkedin.com\/in\/stephan-steinwachs-7a270197\/","https:\/\/www.youtube.com\/channel\/UCffmodDlQx81remXm395RWA"],"telephone":[]}]}},"jetpack_sharing_enabled":true,"_links":{"self":[{"href":"https:\/\/www.kanzlei-steinwachs.de\/pl\/wp-json\/wp\/v2\/pages\/12361","targetHints":{"allow":["GET"]}}],"collection":[{"href":"https:\/\/www.kanzlei-steinwachs.de\/pl\/wp-json\/wp\/v2\/pages"}],"about":[{"href":"https:\/\/www.kanzlei-steinwachs.de\/pl\/wp-json\/wp\/v2\/types\/page"}],"author":[{"embeddable":true,"href":"https:\/\/www.kanzlei-steinwachs.de\/pl\/wp-json\/wp\/v2\/users\/1"}],"replies":[{"embeddable":true,"href":"https:\/\/www.kanzlei-steinwachs.de\/pl\/wp-json\/wp\/v2\/comments?post=12361"}],"version-history":[{"count":0,"href":"https:\/\/www.kanzlei-steinwachs.de\/pl\/wp-json\/wp\/v2\/pages\/12361\/revisions"}],"up":[{"embeddable":true,"href":"https:\/\/www.kanzlei-steinwachs.de\/pl\/wp-json\/wp\/v2\/pages\/11611"}],"wp:featuredmedia":[{"embeddable":true,"href":"https:\/\/www.kanzlei-steinwachs.de\/pl\/wp-json\/wp\/v2\/media\/10689"}],"wp:attachment":[{"href":"https:\/\/www.kanzlei-steinwachs.de\/pl\/wp-json\/wp\/v2\/media?parent=12361"}],"curies":[{"name":"wp","href":"https:\/\/api.w.org\/{rel}","templated":true}]}}