{"id":12152,"date":"2023-11-21T05:18:49","date_gmt":"2023-11-21T04:18:49","guid":{"rendered":"https:\/\/www.kanzlei-steinwachs.de\/test\/"},"modified":"2023-11-22T12:31:57","modified_gmt":"2023-11-22T11:31:57","slug":"test","status":"publish","type":"page","link":"https:\/\/www.kanzlei-steinwachs.de\/pl\/test\/","title":{"rendered":"Test"},"content":{"rendered":"<div class=\"wpb-content-wrapper\"><p>[vc_row triangle_shape=&#8221;no&#8221; css=&#8221;.vc_custom_1700540398489{margin-bottom: 50px !important;}&#8221;][vc_column][vc_column_text]Dzi\u0119ki g\u0142\u00f3wnym lokalizacjom w <a title=\"Kancelaria prawnicza wosk Kamienny Hamburg\" href=\"https:\/\/www.kanzlei-steinwachs.de\/kontakt\/hamburg\" target=\"_self\" rel=\"noopener\"><strong>Hamburgu (Rotherbaum)<\/strong><\/a><strong>,<\/strong> <a title=\"Kancelaria prawnicza kamienny wosk Berlin\" href=\"https:\/\/www.kanzlei-steinwachs.de\/kontakt\/berlin\" target=\"_self\" rel=\"noopener\"><strong>Berlinie (Mitte)<\/strong><\/a> i <strong>Bremie (Schwachhausen)<\/strong> kancelaria prawnicza STEINWACHS oferuje profesjonalne doradztwo i reprezentacj\u0119 we wszystkich dziedzinach prawa na terenie ca\u0142ego kraju.<\/p>\n<p>Zakres us\u0142ug oferowanych przez Kancelari\u0119 Prawn\u0105 STEINWACHS obejmuje w szczeg\u00f3lno\u015bci nast\u0119puj\u0105ce obszary:<\/p>\n<p><strong><a title=\"Prawo ochrony inwestor\u00f3w\" href=\"https:\/\/www.kanzlei-steinwachs.de\/rechtsanwalt-anlegerschutzrecht-hamburg-berlin\" target=\"_self\" rel=\"noopener\">Prawo ochrony inwestor\u00f3w<\/a> \u22c5 <a title=\"Prawo pracy\" href=\"https:\/\/www.kanzlei-steinwachs.de\/rechtsanwalt-arbeitsrecht-hamburg-berlin\" target=\"_blank\" rel=\"noopener\">Prawo pracy<\/a> \u22c5 <a title=\"Prawo gastronomiczne\" href=\"https:\/\/www.kanzlei-steinwachs.de\/rechtsanwalt-gastronomierecht-hamburg-berlin\" target=\"_self\" rel=\"noopener\">Prawo gastronomiczne<\/a> \u22c5 <a title=\"Prawo najmu\" href=\"https:\/\/www.kanzlei-steinwachs.de\/rechtsanwalt-mietrecht-hamburg-berlin\" target=\"_self\" rel=\"noopener\">Prawo najmu<\/a> \u22c5 <a title=\"Prawo korporacyjne\" href=\"https:\/\/www.kanzlei-steinwachs.de\/rechtsanwalt-unternehmensrecht-hamburg-berlin\" target=\"_blank\" rel=\"noopener\">Prawo korporacyjne<\/a> \u22c5 <a title=\"Kodeks ruchu drogowego\" href=\"https:\/\/www.kanzlei-steinwachs.de\/rechtsanwalt-verkehrsrecht-hamburg-berlin\">Prawo drogowe<\/a> \u22c5 <a title=\"Prawo najmu komercyjnego\" href=\"https:\/\/www.kanzlei-steinwachs.de\/gewerbemietrecht\" target=\"_blank\" rel=\"noopener\">Prawo najmu komercyjnego<\/a> \u22c5 <a title=\"Prawo rodzinne\" href=\"https:\/\/www.kanzlei-steinwachs.de\/rechtsanwalt-familienrecht-hamburg-berlin\">Prawo rodzinne<\/a> \u22c5 <a title=\"Prawo nieruchomo\u015bci Hamburg Berlin\" href=\"https:\/\/www.kanzlei-steinwachs.de\/rechtsanwalt-immobilienrecht-hamburg-berlin\" target=\"_self\" rel=\"noopener\">Prawo nieruchomo\u015bci<\/a> \u22c5 <a title=\"Prawo budowlane\" href=\"https:\/\/www.kanzlei-steinwachs.de\/rechtsanwalt-baurecht-hamburg-berlin\" target=\"_blank\" rel=\"noopener\">Prawo budowlane<\/a> \u22c5 <a title=\"Prawo aukcyjne\" href=\"https:\/\/www.kanzlei-steinwachs.de\/versteigerungsrecht\" target=\"_blank\" rel=\"noopener\">Prawo aukcyjne<\/a> \u22c5 <a title=\"Prawo komercyjne\" href=\"https:\/\/www.kanzlei-steinwachs.de\/rechtsanwalt-handelrecht-hamburg-berlin\" target=\"_blank\" rel=\"noopener\">Prawo handlowe<\/a> \u22c5 <a title=\"Moda sportowa\" href=\"https:\/\/www.kanzlei-steinwachs.de\/leistungen\/mediensportfashion\">Media\/sport\/moda<\/a> \u22c5 <a title=\"Prawo podr\u00f3\u017cy\" href=\"https:\/\/www.kanzlei-steinwachs.de\/rechtsanwalt-reiserecht-hamburg-berlin\" target=\"_blank\" rel=\"noopener\">Prawo podr\u00f3\u017cnicze<\/a> \u22c5 <a title=\"Prawo dziedziczenia\" href=\"https:\/\/www.kanzlei-steinwachs.de\/rechtsanwalt-erbrecht-hamburg-berlin\" target=\"_blank\" rel=\"noopener\">Prawo spadkowe<\/a><br \/>\n<a title=\"Prawo odszkodowawcze\" href=\"https:\/\/www.kanzlei-steinwachs.de\/schadensersatzrecht\" target=\"_blank\" rel=\"noopener\">Prawo odszkodowawcze<\/a> \u22c5 <a title=\"Prawo transportowe\" href=\"https:\/\/www.kanzlei-steinwachs.de\/transportrecht\" target=\"_blank\" rel=\"noopener\">Prawo transportowe<\/a> \u22c5 <a title=\"Mediacja\" href=\"https:\/\/www.kanzlei-steinwachs.de\/mediation\">Mediacja<\/a><br \/>\n<\/strong><\/p>\n<p>Prawnicy Kancelarii STEINWACHS posiadaj\u0105 wieloletnie do\u015bwiadczenie w prawie administracyjnym, socjalnym i karnym. Ponadto prawnicy Kancelarii STEINWACHS wyspecjalizowali si\u0119 w doradztwie dla wybranych zawod\u00f3w i grup kapita\u0142owych. Pracuj\u0105c nad specyficznymi obszarami problematycznymi odpowiednich dziedzin pracy, kancelaria prawna jest w stanie opracowa\u0107 kompleksowe koncepcje konsultingowe, oszcz\u0119dzaj\u0105c w ten spos\u00f3b swoim klientom czasoch\u0142onnego i kosztownego korzystania z us\u0142ug r\u00f3\u017cnych prawnik\u00f3w i\/lub konsultant\u00f3w. Poniewa\u017c w celu zorientowanego na rozwi\u0105zania przetwarzania zlece\u0144 w wielu obszarach prawa zalecana jest sie\u0107 interdyscyplinarna, kancelaria wsp\u00f3\u0142pracuje z prawnikami i specjalistami z innych dziedzin, aby doradza\u0107 i reprezentowa\u0107 Pa\u0144stwa w spos\u00f3b prawnie bezpieczny, zorientowany na cel i skuteczny. Porady Kancelarii \u015bwiadczone s\u0105 w j\u0119zyku niemieckim, angielskim, francuskim, hiszpa\u0144skim, rosyjskim, polskim, bu\u0142garskim i portugalskim (na \u017cyczenie zapewniamy t\u0142umacza na inne j\u0119zyki). Po rekomendacji nasz kolega-ekspert ch\u0119tnie zapewni reprezentacj\u0119 w obszarach prawnych nie obj\u0119tych zakresem dzia\u0142alno\u015bci Kancelarii. Odpowiedzialny za tre\u015b\u0107 Kancelarii STEINWACHS: Adwokat Stephan Steinwachs (adwokat Hamburg Berlin)[\/vc_column_text][\/vc_column][\/vc_row]<\/p>\n<\/div>","protected":false},"excerpt":{"rendered":"<p>[vc_row triangle_shape=&#8221;no&#8221; css=&#8221;.vc_custom_1700540398489{margin-bottom: 50px !important;}&#8221;][vc_column][vc_column_text]Dzi\u0119ki g\u0142\u00f3wnym lokalizacjom w Hamburgu (Rotherbaum), Berlinie (Mitte) i Bremie (Schwachhausen) kancelaria prawnicza STEINWACHS oferuje profesjonalne doradztwo i reprezentacj\u0119 we wszystkich dziedzinach prawa na terenie ca\u0142ego kraju. Zakres us\u0142ug oferowanych przez Kancelari\u0119 Prawn\u0105 STEINWACHS obejmuje w szczeg\u00f3lno\u015bci nast\u0119puj\u0105ce obszary: Prawo ochrony inwestor\u00f3w \u22c5 Prawo pracy \u22c5 Prawo gastronomiczne \u22c5 Prawo najmu \u22c5 Prawo korporacyjne \u22c5 Prawo drogowe \u22c5 Prawo najmu komercyjnego \u22c5 Prawo rodzinne \u22c5 Prawo nieruchomo\u015bci \u22c5 Prawo budowlane \u22c5 Prawo aukcyjne \u22c5 Prawo handlowe \u22c5 Media\/sport\/moda \u22c5 Prawo podr\u00f3\u017cnicze \u22c5 Prawo spadkowe Prawo odszkodowawcze \u22c5 Prawo transportowe \u22c5 Mediacja Prawnicy Kancelarii STEINWACHS posiadaj\u0105 wieloletnie&#8230;<\/p>\n","protected":false},"author":1,"featured_media":0,"parent":0,"menu_order":0,"comment_status":"closed","ping_status":"closed","template":"","meta":{"footnotes":""},"class_list":["post-12152","page","type-page","status-publish","hentry"],"yoast_head":"<!-- This site is optimized with the Yoast SEO Premium plugin v27.2 (Yoast SEO v27.4) - https:\/\/yoast.com\/product\/yoast-seo-premium-wordpress\/ -->\n<title>Rechtsanwaltskanzlei in Hamburg Berlin Bremen Hannover L\u00fcbeck<\/title>\n<meta name=\"description\" content=\"Rechtsanwaltskanzlei f\u00fcr Arbeitsrecht, Arzthaftung, Mietrecht, Gewerbemietrecht ,Gastronomierecht, Immobilienrecht, Schadensersatz Yachtrecht\" \/>\n<meta name=\"robots\" content=\"index, follow, max-snippet:-1, max-image-preview:large, max-video-preview:-1\" \/>\n<link rel=\"canonical\" href=\"https:\/\/www.kanzlei-steinwachs.de\/pl\/test\/\" \/>\n<meta property=\"og:locale\" content=\"pl_PL\" \/>\n<meta property=\"og:type\" content=\"article\" \/>\n<meta property=\"og:title\" content=\"Rechtsanwaltskanzlei in Hamburg Berlin Bremen Hannover L\u00fcbeck\" \/>\n<meta property=\"og:description\" content=\"Rechtsanwaltskanzlei f\u00fcr Arbeitsrecht, Arzthaftung, Mietrecht, Gewerbemietrecht ,Gastronomierecht, Immobilienrecht, Schadensersatz Yachtrecht\" \/>\n<meta property=\"og:url\" content=\"https:\/\/www.kanzlei-steinwachs.de\/pl\/test\/\" \/>\n<meta property=\"og:site_name\" content=\"Rechtsanwaltskanzlei Anwalt Hamburg Berlin Bremen Hannover L\u00fcbeck\" \/>\n<meta property=\"article:publisher\" content=\"https:\/\/www.facebook.com\/STEINWACHSRechtsanwaltskanzlei\/\" \/>\n<meta property=\"article:modified_time\" content=\"2023-11-22T11:31:57+00:00\" \/>\n<meta name=\"twitter:card\" content=\"summary_large_image\" \/>\n<meta name=\"twitter:site\" content=\"@rasteinwachs\" \/>\n<meta name=\"twitter:label1\" content=\"Szacowany czas czytania\" \/>\n\t<meta name=\"twitter:data1\" content=\"1 minuta\" \/>\n<script type=\"application\/ld+json\" class=\"yoast-schema-graph\">{\"@context\":\"https:\\\/\\\/schema.org\",\"@graph\":[{\"@type\":\"WebPage\",\"@id\":\"https:\\\/\\\/www.kanzlei-steinwachs.de\\\/pl\\\/test\\\/\",\"url\":\"https:\\\/\\\/www.kanzlei-steinwachs.de\\\/pl\\\/test\\\/\",\"name\":\"Rechtsanwaltskanzlei in Hamburg Berlin Bremen Hannover L\u00fcbeck\",\"isPartOf\":{\"@id\":\"https:\\\/\\\/www.kanzlei-steinwachs.de\\\/pl\\\/#website\"},\"datePublished\":\"2023-11-21T04:18:49+00:00\",\"dateModified\":\"2023-11-22T11:31:57+00:00\",\"description\":\"Rechtsanwaltskanzlei f\u00fcr Arbeitsrecht, Arzthaftung, Mietrecht, Gewerbemietrecht ,Gastronomierecht, Immobilienrecht, Schadensersatz Yachtrecht\",\"inLanguage\":\"pl-PL\",\"potentialAction\":[{\"@type\":\"ReadAction\",\"target\":[\"https:\\\/\\\/www.kanzlei-steinwachs.de\\\/pl\\\/test\\\/\"]}]},{\"@type\":\"WebSite\",\"@id\":\"https:\\\/\\\/www.kanzlei-steinwachs.de\\\/pl\\\/#website\",\"url\":\"https:\\\/\\\/www.kanzlei-steinwachs.de\\\/pl\\\/\",\"name\":\"Rechtsanwaltskanzlei Anwalt Hamburg Berlin Bremen Hannover L\u00fcbeck\",\"description\":\"Wir leisten mehr als Recht bietet\",\"publisher\":{\"@id\":\"https:\\\/\\\/www.kanzlei-steinwachs.de\\\/pl\\\/#organization\"},\"potentialAction\":[{\"@type\":\"SearchAction\",\"target\":{\"@type\":\"EntryPoint\",\"urlTemplate\":\"https:\\\/\\\/www.kanzlei-steinwachs.de\\\/pl\\\/?s={search_term_string}\"},\"query-input\":{\"@type\":\"PropertyValueSpecification\",\"valueRequired\":true,\"valueName\":\"search_term_string\"}}],\"inLanguage\":\"pl-PL\"},{\"@type\":[\"Organization\",\"Place\"],\"@id\":\"https:\\\/\\\/www.kanzlei-steinwachs.de\\\/pl\\\/#organization\",\"name\":\"Rechtsanwaltskanzlei Anwalt Hamburg Berlin Bremen Hannover L\u00fcbeck\",\"url\":\"https:\\\/\\\/www.kanzlei-steinwachs.de\\\/\",\"logo\":{\"@type\":\"ImageObject\",\"inLanguage\":\"pl-PL\",\"@id\":\"https:\\\/\\\/www.kanzlei-steinwachs.de\\\/pl\\\/#\\\/schema\\\/logo\\\/image\\\/\",\"url\":\"https:\\\/\\\/i0.wp.com\\\/www.kanzlei-steinwachs.de\\\/wp-content\\\/uploads\\\/2023\\\/12\\\/logo.webp?fit=174%2C76&quality=80&ssl=1\",\"contentUrl\":\"https:\\\/\\\/i0.wp.com\\\/www.kanzlei-steinwachs.de\\\/wp-content\\\/uploads\\\/2023\\\/12\\\/logo.webp?fit=174%2C76&quality=80&ssl=1\",\"width\":174,\"height\":76,\"caption\":\"Rechtsanwaltskanzlei Anwalt Hamburg Berlin Bremen Hannover L\u00fcbeck\"},\"image\":{\"@id\":\"https:\\\/\\\/www.kanzlei-steinwachs.de\\\/pl\\\/#\\\/schema\\\/logo\\\/image\\\/\"},\"sameAs\":[\"https:\\\/\\\/www.facebook.com\\\/STEINWACHSRechtsanwaltskanzlei\\\/\",\"https:\\\/\\\/x.com\\\/rasteinwachs\",\"https:\\\/\\\/www.instagram.com\\\/steinwachs_rechtsanwaelte\\\/\",\"https:\\\/\\\/www.linkedin.com\\\/in\\\/stephan-steinwachs-7a270197\\\/\",\"https:\\\/\\\/www.youtube.com\\\/channel\\\/UCffmodDlQx81remXm395RWA\"],\"telephone\":[]}]}<\/script>\n<!-- \/ Yoast SEO Premium plugin. -->","yoast_head_json":{"title":"Rechtsanwaltskanzlei in Hamburg Berlin Bremen Hannover L\u00fcbeck","description":"Rechtsanwaltskanzlei f\u00fcr Arbeitsrecht, Arzthaftung, Mietrecht, Gewerbemietrecht ,Gastronomierecht, Immobilienrecht, Schadensersatz Yachtrecht","robots":{"index":"index","follow":"follow","max-snippet":"max-snippet:-1","max-image-preview":"max-image-preview:large","max-video-preview":"max-video-preview:-1"},"canonical":"https:\/\/www.kanzlei-steinwachs.de\/pl\/test\/","og_locale":"pl_PL","og_type":"article","og_title":"Rechtsanwaltskanzlei in Hamburg Berlin Bremen Hannover L\u00fcbeck","og_description":"Rechtsanwaltskanzlei f\u00fcr Arbeitsrecht, Arzthaftung, Mietrecht, Gewerbemietrecht ,Gastronomierecht, Immobilienrecht, Schadensersatz Yachtrecht","og_url":"https:\/\/www.kanzlei-steinwachs.de\/pl\/test\/","og_site_name":"Rechtsanwaltskanzlei Anwalt Hamburg Berlin Bremen Hannover L\u00fcbeck","article_publisher":"https:\/\/www.facebook.com\/STEINWACHSRechtsanwaltskanzlei\/","article_modified_time":"2023-11-22T11:31:57+00:00","twitter_card":"summary_large_image","twitter_site":"@rasteinwachs","twitter_misc":{"Szacowany czas czytania":"1 minuta"},"schema":{"@context":"https:\/\/schema.org","@graph":[{"@type":"WebPage","@id":"https:\/\/www.kanzlei-steinwachs.de\/pl\/test\/","url":"https:\/\/www.kanzlei-steinwachs.de\/pl\/test\/","name":"Rechtsanwaltskanzlei in Hamburg Berlin Bremen Hannover L\u00fcbeck","isPartOf":{"@id":"https:\/\/www.kanzlei-steinwachs.de\/pl\/#website"},"datePublished":"2023-11-21T04:18:49+00:00","dateModified":"2023-11-22T11:31:57+00:00","description":"Rechtsanwaltskanzlei f\u00fcr Arbeitsrecht, Arzthaftung, Mietrecht, Gewerbemietrecht ,Gastronomierecht, Immobilienrecht, Schadensersatz Yachtrecht","inLanguage":"pl-PL","potentialAction":[{"@type":"ReadAction","target":["https:\/\/www.kanzlei-steinwachs.de\/pl\/test\/"]}]},{"@type":"WebSite","@id":"https:\/\/www.kanzlei-steinwachs.de\/pl\/#website","url":"https:\/\/www.kanzlei-steinwachs.de\/pl\/","name":"Rechtsanwaltskanzlei Anwalt Hamburg Berlin Bremen Hannover L\u00fcbeck","description":"Wir leisten mehr als Recht bietet","publisher":{"@id":"https:\/\/www.kanzlei-steinwachs.de\/pl\/#organization"},"potentialAction":[{"@type":"SearchAction","target":{"@type":"EntryPoint","urlTemplate":"https:\/\/www.kanzlei-steinwachs.de\/pl\/?s={search_term_string}"},"query-input":{"@type":"PropertyValueSpecification","valueRequired":true,"valueName":"search_term_string"}}],"inLanguage":"pl-PL"},{"@type":["Organization","Place"],"@id":"https:\/\/www.kanzlei-steinwachs.de\/pl\/#organization","name":"Rechtsanwaltskanzlei Anwalt Hamburg Berlin Bremen Hannover L\u00fcbeck","url":"https:\/\/www.kanzlei-steinwachs.de\/","logo":{"@type":"ImageObject","inLanguage":"pl-PL","@id":"https:\/\/www.kanzlei-steinwachs.de\/pl\/#\/schema\/logo\/image\/","url":"https:\/\/i0.wp.com\/www.kanzlei-steinwachs.de\/wp-content\/uploads\/2023\/12\/logo.webp?fit=174%2C76&quality=80&ssl=1","contentUrl":"https:\/\/i0.wp.com\/www.kanzlei-steinwachs.de\/wp-content\/uploads\/2023\/12\/logo.webp?fit=174%2C76&quality=80&ssl=1","width":174,"height":76,"caption":"Rechtsanwaltskanzlei Anwalt Hamburg Berlin Bremen Hannover L\u00fcbeck"},"image":{"@id":"https:\/\/www.kanzlei-steinwachs.de\/pl\/#\/schema\/logo\/image\/"},"sameAs":["https:\/\/www.facebook.com\/STEINWACHSRechtsanwaltskanzlei\/","https:\/\/x.com\/rasteinwachs","https:\/\/www.instagram.com\/steinwachs_rechtsanwaelte\/","https:\/\/www.linkedin.com\/in\/stephan-steinwachs-7a270197\/","https:\/\/www.youtube.com\/channel\/UCffmodDlQx81remXm395RWA"],"telephone":[]}]}},"jetpack_sharing_enabled":true,"_links":{"self":[{"href":"https:\/\/www.kanzlei-steinwachs.de\/pl\/wp-json\/wp\/v2\/pages\/12152","targetHints":{"allow":["GET"]}}],"collection":[{"href":"https:\/\/www.kanzlei-steinwachs.de\/pl\/wp-json\/wp\/v2\/pages"}],"about":[{"href":"https:\/\/www.kanzlei-steinwachs.de\/pl\/wp-json\/wp\/v2\/types\/page"}],"author":[{"embeddable":true,"href":"https:\/\/www.kanzlei-steinwachs.de\/pl\/wp-json\/wp\/v2\/users\/1"}],"replies":[{"embeddable":true,"href":"https:\/\/www.kanzlei-steinwachs.de\/pl\/wp-json\/wp\/v2\/comments?post=12152"}],"version-history":[{"count":0,"href":"https:\/\/www.kanzlei-steinwachs.de\/pl\/wp-json\/wp\/v2\/pages\/12152\/revisions"}],"wp:attachment":[{"href":"https:\/\/www.kanzlei-steinwachs.de\/pl\/wp-json\/wp\/v2\/media?parent=12152"}],"curies":[{"name":"wp","href":"https:\/\/api.w.org\/{rel}","templated":true}]}}