{"id":8488,"date":"2023-09-26T07:28:15","date_gmt":"2023-09-26T05:28:15","guid":{"rendered":"https:\/\/www.kanzlei-steinwachs.de\/jugements-2\/"},"modified":"2023-10-21T12:27:27","modified_gmt":"2023-10-21T10:27:27","slug":"jugements-2","status":"publish","type":"page","link":"https:\/\/www.kanzlei-steinwachs.de\/fr\/jugements-2\/","title":{"rendered":"Jugements"},"content":{"rendered":"<div class=\"wpb-content-wrapper\"><p>[vc_row triangle_shape=\u00a0\u00bbno\u00a0\u00bb][vc_column]\n<h2 class=\"mkd-custom-font-holder\" style=\"font-size: 20px;line-height: 20px;font-weight: 700\" data-font-size= 20 data-line-height= 20>\n\tAngesichts der Vielzahl an hervorragenden Datenbanken erlauben wir uns hier lediglich auf diese aufmerksam zu machen:<\/h2>[vc_column_text css=\u00a0\u00bb.vc_custom_1697433722495{padding-top: 20px !important;}\u00a0\u00bb]<\/p>\n<p style=\"text-align: left;\"><a href=\"http:\/\/www.bundesverfassungsgericht.de\/\">Cour constitutionnelle f\u00e9d\u00e9rale<\/a><br \/>\n<a href=\"http:\/\/verfgh.baden-wuerttemberg.de\/de\/startseite\/\">Cour constitutionnelle du Land de Bade-Wurtemberg<\/a><br \/>\n<a href=\"http:\/\/www.bayern.verfassungsgerichtshof.de\/rechtsprechung.htm\">Cour constitutionnelle bavaroise<\/a><br \/>\n<a href=\"http:\/\/www.verfassungsgericht.brandenburg.de\/sixcms\/detail.php?template=start_vfg\">Cour constitutionnelle du Land de Brandebourg<\/a><br \/>\n<a href=\"http:\/\/staatsgerichtshof.bremen.de\/sixcms\/detail.php?gsid=bremen02.c.736.de\">Tribunal d&rsquo;\u00c9tat de la ville hans\u00e9atique libre de Br\u00eame<\/a><br \/>\n<a href=\"http:\/\/www.staatsgerichtshof.hessen.de\/irj\/Staatsgerichtshof_Internet?cid=a9bb13abff8ded7572fd9ed15d8b891d\">Tribunal d&rsquo;\u00c9tat de Hesse<\/a><br \/>\n<a href=\"http:\/\/www.landesverfassungsgericht-mv.de\/index_aktuell.htm\">Cour constitutionnelle de l&rsquo;\u00c9tat de Mecklembourg-Pom\u00e9ranie occidentale<\/a><br \/>\n<a href=\"http:\/\/www.staatsgerichtshof.niedersachsen.de\/master\/C51939348_N50926674_L20_D0_I50857992.html\">Tribunal d&rsquo;\u00c9tat de Basse-Saxe<\/a><br \/>\n<a href=\"http:\/\/www.justiz.nrw.de\/RB\/nrwe2\/index.php\">Cour constitutionnelle du Land de Rh\u00e9nanie du Nord-Westphalie<\/a><br \/>\n<a href=\"http:\/\/www.verfassungsgerichtshof-saarland.de\/frames\/index.html\">Cour constitutionnelle de la Sarre<\/a><br \/>\n<a href=\"http:\/\/www.justiz.sachsen.de\/esaver\/\">Cour constitutionnelle de l&rsquo;\u00c9tat libre de Saxe<\/a><br \/>\nCour constitutionnelle du Land de Saxe-Anhalt<br \/>\n<a href=\"http:\/\/www.thverfgh.thueringen.de\/webthfj\/webthfj.nsf\/%24%24webservice?openform&amp;thverfgh&amp;entscheidungen\">Cour constitutionnelle de Thuringe<\/a><\/p>\n<div id=\"gtx-trans\" style=\"position: absolute; left: -35px; top: 254px;\">\n<div class=\"gtx-trans-icon\"><\/div>\n<\/div>\n<p>[\/vc_column_text][\/vc_column][\/vc_row][vc_row triangle_shape=\u00a0\u00bbno\u00a0\u00bb css=\u00a0\u00bb.vc_custom_1697433590622{padding-top: 50px !important;}\u00a0\u00bb][vc_column]\n<h2 class=\"mkd-custom-font-holder\" style=\"font-size: 20px;line-height: 20px;font-weight: 700\" data-font-size= 20 data-line-height= 20>\n\tOrdentliche Gerichtsbarkeit<\/h2>[vc_column_text css=\u00a0\u00bb.vc_custom_1697433748752{padding-top: 20px !important;}\u00a0\u00bb]<\/p>\n<p style=\"text-align: left;\" align=\"center\"><a href=\"http:\/\/juris.bundesgerichtshof.de\/cgi-bin\/rechtsprechung\/list.py?Gericht=bgh&amp;Sort=3&amp;Art=en\">Cour f\u00e9d\u00e9rale de justice<\/a><br \/>\n<a href=\"http:\/\/www.bundespatentgericht.de\/\">Tribunal f\u00e9d\u00e9ral des brevets<\/a><br \/>\n<a href=\"http:\/\/lrbw.juris.de\/cgi-bin\/laender_rechtsprechung\/list.py?Gericht=bw&amp;Art=en\">Jurisprudence du Land de Bade-Wurtemberg<\/a> (OLG Karlsruhe, OLG Stuttgart) Jurisprudence du Land de Bavi\u00e8re (OLG Bamberg, OLG Munich, OLG Nuremberg)<\/p>\n<p><a href=\"http:\/\/www.gerichtsentscheidungen.berlin-brandenburg.de\/jportal\/portal\/page\/sammlung.psml\/bs\/10\/\">Tribunal de chambre \u00e0 Berlin<\/a><br \/>\n<a href=\"http:\/\/www.gerichtsentscheidungen.berlin-brandenburg.de\/jportal\/portal\/page\/sammlung.psml\/bs\/10\/\">Brandenburgisches Oberlandesgericht<\/a><br \/>\nTribunal r\u00e9gional sup\u00e9rieur hans\u00e9atique de Br\u00eame (en construction)<br \/>\n<a href=\"http:\/\/www.lareda.hessenrecht.hessen.de\/\">Base de donn\u00e9es jurisprudentielle du Land de Hesse<\/a> (OLG Frankfurt a.M.)<br \/>\nMecklembourg-Pom\u00e9ranie occidentale (OLG Rostock)<br \/>\n<a href=\"http:\/\/app.olg-ol.niedersachsen.de\/efundus\/index.php4\">Base de donn\u00e9es jurisprudentielle de Basse-Saxe<\/a> (OLG Braunschweig, OLG Celle, OLG Oldenburg)<br \/>\n<a href=\"http:\/\/www.justiz.nrw.de\/RB\/nrwe2\/index.php\">Jurisprudence de Rh\u00e9nanie du Nord-Westphalie<\/a> (OLG D\u00fcsseldorf, OLG Cologne, OLG Hamm) Tribunal r\u00e9gional Sup\u00e9rieur de la Sarre<\/p>\n<p><a href=\"http:\/\/www.sachsen-anhalt.de\/\">Saxe-Anhalt<\/a> (OLG Naumbourg)<br \/>\n<a href=\"http:\/\/www.thueringen.de\/olg\/urteil\/infothek10.html\">Thuringe (OLG de Thuringe)<\/a><\/p>\n<p>[\/vc_column_text][\/vc_column][\/vc_row][vc_row triangle_shape=\u00a0\u00bbno\u00a0\u00bb css=\u00a0\u00bb.vc_custom_1697433597005{padding-top: 50px !important;}\u00a0\u00bb][vc_column]\n<h2 class=\"mkd-custom-font-holder\" style=\"font-size: 20px;line-height: 20px;font-weight: 700\" data-font-size= 20 data-line-height= 20>\n\tArbeitsgerichtsbarkeit<\/h2>[vc_column_text css=\u00a0\u00bb.vc_custom_1697433781463{padding-top: 20px !important;}\u00a0\u00bb]<\/p>\n<p style=\"text-align: left;\" align=\"center\"><a href=\"http:\/\/juris.bundesarbeitsgericht.de\/cgi-bin\/rechtsprechung\/list.py?Gericht=bag&amp;Art=en\">Tribunal f\u00e9d\u00e9ral du travail<\/a><br \/>\nBade-Wurtemberg (<a href=\"http:\/\/lrbw.juris.de\/cgi-bin\/laender_rechtsprechung\/list.py?Gericht=bw&amp;Art=en&amp;GerichtAuswahl=Arbeitsgerichte\">d\u00e9cisions des tribunaux du travail<\/a>)<br \/>\nBavi\u00e8re (<a href=\"http:\/\/www.arbg.bayern.de\/\">GAL Munich<\/a>, <a href=\"http:\/\/www.lag.bayern.de\/nuernberg\/lag\/index.php\">GAL Nuremberg<\/a>)<br \/>\nBerlin et Brandebourg (<a href=\"http:\/\/www.gerichtsentscheidungen.berlin-brandenburg.de\/jportal\/portal\/t\/6gq\/bs\/10\/page\/sammlung.psml\/action\/controls.sammlung.ChangeNavigation?nid=BS-BB%5B%23%5D%400010%40Arbeitsgerichte%5B%23%5D\">Tribunal r\u00e9gional du travail de Berlin-Brandebourg<\/a>)<br \/>\nBr\u00eame (Tribunal r\u00e9gional du travail de Br\u00eame) Hambourg (Tribunal r\u00e9gional du travail de Hambourg) Mecklembourg-Pom\u00e9ranie occidentale Basse-Saxe (<a href=\"http:\/\/www.db-lag.niedersachsen.de\/Index.asp?Doc=Aktuell\">base de donn\u00e9es jurisprudentielle des tribunaux du travail de Basse-Saxe<\/a>)<\/p>\n<p>Tribunal du travail de l&rsquo;\u00c9tat de la Sarre<br \/>\n<a href=\"http:\/\/www.justiz.sachsen.de\/lag\/content\/594.htm\">Tribunal du travail de l&rsquo;\u00c9tat de Saxe<\/a><br \/>\n<a href=\"http:\/\/www.lag.sachsen-anhalt.de\/landesarbeitsgericht\/\">Tribunal du travail de l&rsquo;\u00c9tat de Saxe-Anhalt<\/a><br \/>\n<a href=\"http:\/\/landesarbeitsgericht.thueringen.de\/\">Tribunal du travail de l&rsquo;\u00c9tat de Thuringe<\/a><\/p>\n<p>[\/vc_column_text][\/vc_column][\/vc_row][vc_row triangle_shape=\u00a0\u00bbno\u00a0\u00bb css=\u00a0\u00bb.vc_custom_1697433603253{padding-top: 50px !important;}\u00a0\u00bb][vc_column]\n<h2 class=\"mkd-custom-font-holder\" style=\"font-size: 20px;line-height: 20px;font-weight: 700\" data-font-size= 20 data-line-height= 20>\n\tFinanzgerichtsbarkeit<\/h2>[vc_column_text css=\u00a0\u00bb.vc_custom_1697433834230{padding-top: 20px !important;}\u00a0\u00bb]<\/p>\n<p style=\"text-align: left;\" align=\"center\"><a href=\"http:\/\/lrbw.juris.de\/cgi-bin\/laender_rechtsprechung\/list.py?Gericht=bw&amp;Art=en&amp;GerichtAuswahl=FG+Baden-W%FCrttemberg\">Tribunal des Finances du Bade-Wurtemberg<\/a><\/p>\n<div id=\"gtx-trans\" style=\"position: absolute; left: 89px; top: -10px;\">\n<div class=\"gtx-trans-icon\"><\/div>\n<\/div>\n<p>[\/vc_column_text][\/vc_column][\/vc_row][vc_row triangle_shape=\u00a0\u00bbno\u00a0\u00bb css=\u00a0\u00bb.vc_custom_1697433613941{padding-top: 50px !important;}\u00a0\u00bb][vc_column]\n<h2 class=\"mkd-custom-font-holder\" style=\"font-size: 20px;line-height: 20px;font-weight: 700\" data-font-size= 20 data-line-height= 20>\n\tSozialgerichtsbarkeit<\/h2>[vc_column_text css=\u00a0\u00bb.vc_custom_1697433820423{padding-top: 20px !important;}\u00a0\u00bb]<\/p>\n<p style=\"text-align: left;\" align=\"center\"><a href=\"http:\/\/juris.bundessozialgericht.de\/cgi-bin\/rechtsprechung\/list.py?Gericht=bsg&amp;Art=en\">Tribunal social f\u00e9d\u00e9ral<\/a><\/p>\n<div id=\"gtx-trans\" style=\"position: absolute; left: 283px; top: 38px;\">\n<div class=\"gtx-trans-icon\"><\/div>\n<\/div>\n<p>[\/vc_column_text][\/vc_column][\/vc_row][vc_row triangle_shape=\u00a0\u00bbno\u00a0\u00bb css=\u00a0\u00bb.vc_custom_1697433624069{padding-top: 50px !important;padding-bottom: 50px !important;}\u00a0\u00bb][vc_column]\n<h2 class=\"mkd-custom-font-holder\" style=\"font-size: 20px;line-height: 20px;font-weight: 700\" data-font-size= 20 data-line-height= 20>\n\tVerwaltungsgerichtsbarkeit<\/h2>[vc_column_text css=\u00a0\u00bb.vc_custom_1697433880384{padding-top: 20px !important;}\u00a0\u00bb]<\/p>\n<div class=\"art-content\">\n<div class=\"art-Post\">\n<div class=\"art-Post-body\">\n<div class=\"art-Post-inner art-article\">\n<div class=\"art-PostContent\">\n<p style=\"text-align: left;\" align=\"center\"><a href=\"http:\/\/lrbw.juris.de\/cgi-bin\/laender_rechtsprechung\/list.py?Gericht=bw&amp;Art=en&amp;GerichtAuswahl=VGH+Baden-W%FCrttemberg\">Tribunal administratif du Bade-Wurtemberg<\/a><\/p>\n<\/div>\n<\/div>\n<\/div>\n<\/div>\n<\/div>\n<div id=\"gtx-trans\" style=\"position: absolute; left: -137px; top: 38px;\">\n<div class=\"gtx-trans-icon\"><\/div>\n<\/div>\n<p>[\/vc_column_text][\/vc_column][\/vc_row]<\/p>\n<\/div>","protected":false},"excerpt":{"rendered":"<p>[vc_row triangle_shape=\u00a0\u00bbno\u00a0\u00bb][vc_column][vc_column_text css=\u00a0\u00bb.vc_custom_1697433722495{padding-top: 20px !important;}\u00a0\u00bb] Cour constitutionnelle f\u00e9d\u00e9rale Cour constitutionnelle du Land de Bade-Wurtemberg Cour constitutionnelle bavaroise Cour constitutionnelle du Land de Brandebourg Tribunal d&rsquo;\u00c9tat de la ville hans\u00e9atique libre de Br\u00eame Tribunal d&rsquo;\u00c9tat de Hesse Cour constitutionnelle de l&rsquo;\u00c9tat de Mecklembourg-Pom\u00e9ranie occidentale Tribunal d&rsquo;\u00c9tat de Basse-Saxe Cour constitutionnelle du Land de Rh\u00e9nanie du Nord-Westphalie Cour constitutionnelle de la Sarre Cour constitutionnelle de l&rsquo;\u00c9tat libre de Saxe Cour constitutionnelle du Land de Saxe-Anhalt Cour constitutionnelle de Thuringe [\/vc_column_text][\/vc_column][\/vc_row][vc_row triangle_shape=\u00a0\u00bbno\u00a0\u00bb css=\u00a0\u00bb.vc_custom_1697433590622{padding-top: 50px !important;}\u00a0\u00bb][vc_column][vc_column_text css=\u00a0\u00bb.vc_custom_1697433748752{padding-top: 20px !important;}\u00a0\u00bb] Cour f\u00e9d\u00e9rale de justice Tribunal f\u00e9d\u00e9ral des brevets Jurisprudence du Land de Bade-Wurtemberg (OLG Karlsruhe,&#8230;<\/p>\n","protected":false},"author":1,"featured_media":0,"parent":0,"menu_order":0,"comment_status":"closed","ping_status":"closed","template":"","meta":{"footnotes":""},"class_list":["post-8488","page","type-page","status-publish","hentry"],"yoast_head":"<!-- This site is optimized with the Yoast SEO Premium plugin v27.2 (Yoast SEO v27.6) - https:\/\/yoast.com\/product\/yoast-seo-premium-wordpress\/ -->\n<title>Rechtsanwaltskanzlei in Hamburg Berlin Bremen Hannover L\u00fcbeck<\/title>\n<meta name=\"description\" content=\"Rechtsanwaltskanzlei f\u00fcr Arbeitsrecht, Arzthaftung, Mietrecht, Gewerbemietrecht ,Gastronomierecht, Immobilienrecht, Schadensersatz Yachtrecht\" \/>\n<meta name=\"robots\" content=\"index, follow, max-snippet:-1, max-image-preview:large, max-video-preview:-1\" \/>\n<link rel=\"canonical\" href=\"https:\/\/www.kanzlei-steinwachs.de\/fr\/jugements-2\/\" \/>\n<meta property=\"og:locale\" content=\"fr_FR\" \/>\n<meta property=\"og:type\" content=\"article\" \/>\n<meta property=\"og:title\" content=\"Rechtsanwaltskanzlei in Hamburg Berlin Bremen Hannover L\u00fcbeck\" \/>\n<meta property=\"og:description\" content=\"Rechtsanwaltskanzlei f\u00fcr Arbeitsrecht, Arzthaftung, Mietrecht, Gewerbemietrecht ,Gastronomierecht, Immobilienrecht, Schadensersatz Yachtrecht\" \/>\n<meta property=\"og:url\" content=\"https:\/\/www.kanzlei-steinwachs.de\/fr\/jugements-2\/\" \/>\n<meta property=\"og:site_name\" content=\"Rechtsanwaltskanzlei Anwalt Hamburg Berlin Bremen Hannover L\u00fcbeck\" \/>\n<meta property=\"article:publisher\" content=\"https:\/\/www.facebook.com\/STEINWACHSRechtsanwaltskanzlei\/\" \/>\n<meta property=\"article:modified_time\" content=\"2023-10-21T10:27:27+00:00\" \/>\n<meta name=\"twitter:card\" content=\"summary_large_image\" \/>\n<meta name=\"twitter:site\" content=\"@rasteinwachs\" \/>\n<meta name=\"twitter:label1\" content=\"Dur\u00e9e de lecture estim\u00e9e\" \/>\n\t<meta name=\"twitter:data1\" content=\"3 minutes\" \/>\n<script type=\"application\/ld+json\" class=\"yoast-schema-graph\">{\"@context\":\"https:\\\/\\\/schema.org\",\"@graph\":[{\"@type\":\"WebPage\",\"@id\":\"https:\\\/\\\/www.kanzlei-steinwachs.de\\\/fr\\\/jugements-2\\\/\",\"url\":\"https:\\\/\\\/www.kanzlei-steinwachs.de\\\/fr\\\/jugements-2\\\/\",\"name\":\"Rechtsanwaltskanzlei in Hamburg Berlin Bremen Hannover L\u00fcbeck\",\"isPartOf\":{\"@id\":\"https:\\\/\\\/www.kanzlei-steinwachs.de\\\/fr\\\/#website\"},\"datePublished\":\"2023-09-26T05:28:15+00:00\",\"dateModified\":\"2023-10-21T10:27:27+00:00\",\"description\":\"Rechtsanwaltskanzlei f\u00fcr Arbeitsrecht, Arzthaftung, Mietrecht, Gewerbemietrecht ,Gastronomierecht, Immobilienrecht, Schadensersatz Yachtrecht\",\"inLanguage\":\"fr-FR\",\"potentialAction\":[{\"@type\":\"ReadAction\",\"target\":[\"https:\\\/\\\/www.kanzlei-steinwachs.de\\\/fr\\\/jugements-2\\\/\"]}]},{\"@type\":\"WebSite\",\"@id\":\"https:\\\/\\\/www.kanzlei-steinwachs.de\\\/fr\\\/#website\",\"url\":\"https:\\\/\\\/www.kanzlei-steinwachs.de\\\/fr\\\/\",\"name\":\"Rechtsanwaltskanzlei Anwalt Hamburg Berlin Bremen Hannover L\u00fcbeck\",\"description\":\"Wir leisten mehr als Recht bietet\",\"publisher\":{\"@id\":\"https:\\\/\\\/www.kanzlei-steinwachs.de\\\/fr\\\/#organization\"},\"potentialAction\":[{\"@type\":\"SearchAction\",\"target\":{\"@type\":\"EntryPoint\",\"urlTemplate\":\"https:\\\/\\\/www.kanzlei-steinwachs.de\\\/fr\\\/?s={search_term_string}\"},\"query-input\":{\"@type\":\"PropertyValueSpecification\",\"valueRequired\":true,\"valueName\":\"search_term_string\"}}],\"inLanguage\":\"fr-FR\"},{\"@type\":[\"Organization\",\"Place\"],\"@id\":\"https:\\\/\\\/www.kanzlei-steinwachs.de\\\/fr\\\/#organization\",\"name\":\"Rechtsanwaltskanzlei Anwalt Hamburg Berlin Bremen Hannover L\u00fcbeck\",\"url\":\"https:\\\/\\\/www.kanzlei-steinwachs.de\\\/\",\"logo\":{\"@type\":\"ImageObject\",\"inLanguage\":\"fr-FR\",\"@id\":\"https:\\\/\\\/www.kanzlei-steinwachs.de\\\/fr\\\/#\\\/schema\\\/logo\\\/image\\\/\",\"url\":\"https:\\\/\\\/i0.wp.com\\\/www.kanzlei-steinwachs.de\\\/wp-content\\\/uploads\\\/2023\\\/12\\\/logo.webp?fit=174%2C76&quality=80&ssl=1\",\"contentUrl\":\"https:\\\/\\\/i0.wp.com\\\/www.kanzlei-steinwachs.de\\\/wp-content\\\/uploads\\\/2023\\\/12\\\/logo.webp?fit=174%2C76&quality=80&ssl=1\",\"width\":174,\"height\":76,\"caption\":\"Rechtsanwaltskanzlei Anwalt Hamburg Berlin Bremen Hannover L\u00fcbeck\"},\"image\":{\"@id\":\"https:\\\/\\\/www.kanzlei-steinwachs.de\\\/fr\\\/#\\\/schema\\\/logo\\\/image\\\/\"},\"sameAs\":[\"https:\\\/\\\/www.facebook.com\\\/STEINWACHSRechtsanwaltskanzlei\\\/\",\"https:\\\/\\\/x.com\\\/rasteinwachs\",\"https:\\\/\\\/www.instagram.com\\\/steinwachs_rechtsanwaelte\\\/\",\"https:\\\/\\\/www.linkedin.com\\\/in\\\/stephan-steinwachs-7a270197\\\/\",\"https:\\\/\\\/www.youtube.com\\\/channel\\\/UCffmodDlQx81remXm395RWA\"],\"telephone\":[]}]}<\/script>\n<!-- \/ Yoast SEO Premium plugin. -->","yoast_head_json":{"title":"Rechtsanwaltskanzlei in Hamburg Berlin Bremen Hannover L\u00fcbeck","description":"Rechtsanwaltskanzlei f\u00fcr Arbeitsrecht, Arzthaftung, Mietrecht, Gewerbemietrecht ,Gastronomierecht, Immobilienrecht, Schadensersatz Yachtrecht","robots":{"index":"index","follow":"follow","max-snippet":"max-snippet:-1","max-image-preview":"max-image-preview:large","max-video-preview":"max-video-preview:-1"},"canonical":"https:\/\/www.kanzlei-steinwachs.de\/fr\/jugements-2\/","og_locale":"fr_FR","og_type":"article","og_title":"Rechtsanwaltskanzlei in Hamburg Berlin Bremen Hannover L\u00fcbeck","og_description":"Rechtsanwaltskanzlei f\u00fcr Arbeitsrecht, Arzthaftung, Mietrecht, Gewerbemietrecht ,Gastronomierecht, Immobilienrecht, Schadensersatz Yachtrecht","og_url":"https:\/\/www.kanzlei-steinwachs.de\/fr\/jugements-2\/","og_site_name":"Rechtsanwaltskanzlei Anwalt Hamburg Berlin Bremen Hannover L\u00fcbeck","article_publisher":"https:\/\/www.facebook.com\/STEINWACHSRechtsanwaltskanzlei\/","article_modified_time":"2023-10-21T10:27:27+00:00","twitter_card":"summary_large_image","twitter_site":"@rasteinwachs","twitter_misc":{"Dur\u00e9e de lecture estim\u00e9e":"3 minutes"},"schema":{"@context":"https:\/\/schema.org","@graph":[{"@type":"WebPage","@id":"https:\/\/www.kanzlei-steinwachs.de\/fr\/jugements-2\/","url":"https:\/\/www.kanzlei-steinwachs.de\/fr\/jugements-2\/","name":"Rechtsanwaltskanzlei in Hamburg Berlin Bremen Hannover L\u00fcbeck","isPartOf":{"@id":"https:\/\/www.kanzlei-steinwachs.de\/fr\/#website"},"datePublished":"2023-09-26T05:28:15+00:00","dateModified":"2023-10-21T10:27:27+00:00","description":"Rechtsanwaltskanzlei f\u00fcr Arbeitsrecht, Arzthaftung, Mietrecht, Gewerbemietrecht ,Gastronomierecht, Immobilienrecht, Schadensersatz Yachtrecht","inLanguage":"fr-FR","potentialAction":[{"@type":"ReadAction","target":["https:\/\/www.kanzlei-steinwachs.de\/fr\/jugements-2\/"]}]},{"@type":"WebSite","@id":"https:\/\/www.kanzlei-steinwachs.de\/fr\/#website","url":"https:\/\/www.kanzlei-steinwachs.de\/fr\/","name":"Rechtsanwaltskanzlei Anwalt Hamburg Berlin Bremen Hannover L\u00fcbeck","description":"Wir leisten mehr als Recht bietet","publisher":{"@id":"https:\/\/www.kanzlei-steinwachs.de\/fr\/#organization"},"potentialAction":[{"@type":"SearchAction","target":{"@type":"EntryPoint","urlTemplate":"https:\/\/www.kanzlei-steinwachs.de\/fr\/?s={search_term_string}"},"query-input":{"@type":"PropertyValueSpecification","valueRequired":true,"valueName":"search_term_string"}}],"inLanguage":"fr-FR"},{"@type":["Organization","Place"],"@id":"https:\/\/www.kanzlei-steinwachs.de\/fr\/#organization","name":"Rechtsanwaltskanzlei Anwalt Hamburg Berlin Bremen Hannover L\u00fcbeck","url":"https:\/\/www.kanzlei-steinwachs.de\/","logo":{"@type":"ImageObject","inLanguage":"fr-FR","@id":"https:\/\/www.kanzlei-steinwachs.de\/fr\/#\/schema\/logo\/image\/","url":"https:\/\/i0.wp.com\/www.kanzlei-steinwachs.de\/wp-content\/uploads\/2023\/12\/logo.webp?fit=174%2C76&quality=80&ssl=1","contentUrl":"https:\/\/i0.wp.com\/www.kanzlei-steinwachs.de\/wp-content\/uploads\/2023\/12\/logo.webp?fit=174%2C76&quality=80&ssl=1","width":174,"height":76,"caption":"Rechtsanwaltskanzlei Anwalt Hamburg Berlin Bremen Hannover L\u00fcbeck"},"image":{"@id":"https:\/\/www.kanzlei-steinwachs.de\/fr\/#\/schema\/logo\/image\/"},"sameAs":["https:\/\/www.facebook.com\/STEINWACHSRechtsanwaltskanzlei\/","https:\/\/x.com\/rasteinwachs","https:\/\/www.instagram.com\/steinwachs_rechtsanwaelte\/","https:\/\/www.linkedin.com\/in\/stephan-steinwachs-7a270197\/","https:\/\/www.youtube.com\/channel\/UCffmodDlQx81remXm395RWA"],"telephone":[]}]}},"jetpack_sharing_enabled":true,"_links":{"self":[{"href":"https:\/\/www.kanzlei-steinwachs.de\/fr\/wp-json\/wp\/v2\/pages\/8488","targetHints":{"allow":["GET"]}}],"collection":[{"href":"https:\/\/www.kanzlei-steinwachs.de\/fr\/wp-json\/wp\/v2\/pages"}],"about":[{"href":"https:\/\/www.kanzlei-steinwachs.de\/fr\/wp-json\/wp\/v2\/types\/page"}],"author":[{"embeddable":true,"href":"https:\/\/www.kanzlei-steinwachs.de\/fr\/wp-json\/wp\/v2\/users\/1"}],"replies":[{"embeddable":true,"href":"https:\/\/www.kanzlei-steinwachs.de\/fr\/wp-json\/wp\/v2\/comments?post=8488"}],"version-history":[{"count":0,"href":"https:\/\/www.kanzlei-steinwachs.de\/fr\/wp-json\/wp\/v2\/pages\/8488\/revisions"}],"wp:attachment":[{"href":"https:\/\/www.kanzlei-steinwachs.de\/fr\/wp-json\/wp\/v2\/media?parent=8488"}],"curies":[{"name":"wp","href":"https:\/\/api.w.org\/{rel}","templated":true}]}}