{"id":8392,"date":"2023-09-22T12:30:16","date_gmt":"2023-09-22T10:30:16","guid":{"rendered":"https:\/\/www.kanzlei-steinwachs.de\/domaines-du-droit\/"},"modified":"2023-10-21T11:18:38","modified_gmt":"2023-10-21T09:18:38","slug":"domaines-du-droit","status":"publish","type":"page","link":"https:\/\/www.kanzlei-steinwachs.de\/fr\/domaines-du-droit\/","title":{"rendered":"Domaines du droit"},"content":{"rendered":"<div class=\"wpb-content-wrapper\"><p>[vc_row content_width=\u00a0\u00bbgrid\u00a0\u00bb content_aligment=\u00a0\u00bbcenter\u00a0\u00bb triangle_shape=\u00a0\u00bbno\u00a0\u00bb css=\u00a0\u00bb.vc_custom_1696926719838{padding-bottom: 10px !important;background-position: center !important;background-repeat: no-repeat !important;background-size: cover !important;}\u00a0\u00bb][vc_column]<div class=\"mkd-separator-holder clearfix  mkd-separator-center mkd-separator-with-icon mkd-animate\" style=\"margin-top: 20px; margin-bottom: 30px\">\n\t<div class=\"mkd-separator\" style=\"border-color: #c18f59;border-style: solid;width: 97.5px\"><\/div>\n\t\t<div class=\"mkd-separator-icon\">\n\t\t\t                    \t\t\t\t\t\t<\/div>\n\t<div class=\"mkd-separator\" style=\"border-color: #c18f59;border-style: solid;width: 97.5px\"><\/div>\n<\/div>\n[\/vc_column][\/vc_row][vc_row triangle_shape=\u00a0\u00bbno\u00a0\u00bb][vc_column][vc_column_text css=\u00a0\u00bb.vc_custom_1697267092698{padding-top: 20px !important;}\u00a0\u00bb]<\/p>\n<p style=\"text-align: left;\">Le cabinet d&rsquo;avocats travaille pour ses clients dans presque tous les domaines juridiques importants. Nous avons r\u00e9pertori\u00e9 pour vous en d\u00e9tail certains domaines juridiques, les avons d\u00e9compos\u00e9s et expliqu\u00e9s en d\u00e9tail afin que vous puissiez attribuer votre probl\u00e8me \u00e0 un domaine du droit.<\/p>\n<p>[\/vc_column_text][vc_column_text css=\u00a0\u00bb.vc_custom_1697267100322{padding-top: 20px !important;}\u00a0\u00bb]Cependant, veuillez comprendre que tous les domaines ne peuvent pas \u00eatre r\u00e9pertori\u00e9s dans un catalogue de domaines juridiques. Bien entendu, nous serons heureux de r\u00e9pondre \u00e0 tout moment \u00e0 toutes vos questions concernant le contenu.[\/vc_column_text][\/vc_column][\/vc_row][vc_row triangle_shape=\u00a0\u00bbno\u00a0\u00bb css=\u00a0\u00bb.vc_custom_1697608496058{padding-top: 50px !important;padding-bottom: 50px !important;}\u00a0\u00bb el_class=\u00a0\u00bbmy-heading\u00a0\u00bb][vc_column width=\u00a0\u00bb1\/5&Prime;]<div class=\"mkd-unordered-list  mkd-arrow mkd-animate-list\" ><ul>\n<li><a href=\"https:\/\/www.kanzlei-steinwachs.de\/agrarrecht\/\">Droit agricole<\/a><\/li>\n<li><a href=\"https:\/\/www.kanzlei-steinwachs.de\/fr\/droit-general-des-contrats\/\">Droit g\u00e9n\u00e9ral des contrats<\/a><\/li>\n<li><a href=\"https:\/\/www.kanzlei-steinwachs.de\/fr\/responsabilite-des-avocats\/\">Responsabilit\u00e9 des avocats<\/a><\/li>\n<li><a href=\"https:\/\/www.kanzlei-steinwachs.de\/fr\/droit-du-travail-2\/\">Droit du travail<\/a><\/li>\n<li><a href=\"https:\/\/www.kanzlei-steinwachs.de\/fr\/droit-de-la-responsabilite-medicale\/\">Droit de la responsabilit\u00e9 m\u00e9dicale<\/a><\/li>\n<li><a href=\"https:\/\/www.kanzlei-steinwachs.de\/fr\/droit-de-limmigration-et-droit-dasile\/\">Droit de l&rsquo;immigration et droit d&rsquo;asile<\/a><\/li>\n<li><a href=\"https:\/\/www.kanzlei-steinwachs.de\/fr\/droit-de-la-construction-et-droit-de-larchitecture\/\">Droit de la construction et droit de l&rsquo;architecture<\/a><\/li>\n<li><a href=\"https:\/\/www.kanzlei-steinwachs.de\/fr\/droit-de-la-construction-et-droit-de-larchitecture\/\">Droit bancaire et droit des march\u00e9s de capitaux<\/a><\/li>\n<li><a href=\"https:\/\/www.kanzlei-steinwachs.de\/fr\/droit-de-la-fonction-publique\/\">Droit de la fonction publique<\/a><\/li>\n<li><a href=\"https:\/\/www.kanzlei-steinwachs.de\/fr\/les-autorites\/\">Les autorit\u00e9s<\/a><\/li>\n<li><a href=\"https:\/\/www.kanzlei-steinwachs.de\/fr\/droit-de-la-tutelle\/\">Droit de la tutelle<\/a><\/li>\n<li><a href=\"https:\/\/www.kanzlei-steinwachs.de\/fr\/ebay-et-le-droit\/\">eBay et le droit<\/a><\/li>\n<li><a href=\"https:\/\/www.kanzlei-steinwachs.de\/fr\/droit-des-successions-2\/\">Droit des successions<\/a><\/li>\n<li><a href=\"https:\/\/www.kanzlei-steinwachs.de\/fr\/droit-europeen\/\">droit europ\u00e9en<\/a><\/li>\n<li><a href=\"https:\/\/www.kanzlei-steinwachs.de\/fr\/droit-de-la-famille\/\">Droit de la famille<\/a><\/li>\n<li><a href=\"https:\/\/www.kanzlei-steinwachs.de\/fr\/recouvrement-de-creances-et-recouvrement-de-creances\/\">Recouvrement et droit du recouvrement de cr\u00e9ances<\/a><\/li>\n<li><a href=\"https:\/\/www.kanzlei-steinwachs.de\/fr\/droit-des-modeles-dutilite-et-droit-des-brevets-de-conception\/\">Droit des mod\u00e8les d\u2019utilit\u00e9 et droit des brevets de conception<\/a><\/li>\n<\/ul>\n<div id=\"gtx-trans\" style=\"position: absolute; left: 122px; top: 206px;\">\n<div class=\"gtx-trans-icon\"><\/div>\n<\/div>\n<\/div>[\/vc_column][vc_column width=\u00a0\u00bb1\/5&Prime;]<div class=\"mkd-unordered-list  mkd-arrow mkd-animate-list\" ><ul>\n<li><a href=\"https:\/\/www.kanzlei-steinwachs.de\/fr\/propriete-intellectuelle\/\">Propri\u00e9t\u00e9 intellectuelle<\/a><\/li>\n<li><a href=\"https:\/\/www.kanzlei-steinwachs.de\/fr\/droit-immobilier-et-droit-immobilier\/\">Droit immobilier et droit immobilier<\/a><\/li>\n<li><a href=\"https:\/\/quickwebsiteseo.com\/kanzlei-steinwachs\/handelsrecht-gesellschaftsrecht\/\">Droit commercial et droit des soci\u00e9t\u00e9s<\/a><\/li>\n<li><a href=\"https:\/\/www.kanzlei-steinwachs.de\/fr\/droit-des-agencies-commerciales\/\">Droit des agencies commerciales<\/a><\/li>\n<li><a href=\"https:\/\/www.kanzlei-steinwachs.de\/fr\/droit-immobilier\/\">Droit immobilier<\/a><\/li>\n<li><a href=\"https:\/\/www.kanzlei-steinwachs.de\/fr\/droit-de-la-faillite\/\">Droit de la faillite<\/a><\/li>\n<li><a href=\"https:\/\/www.kanzlei-steinwachs.de\/fr\/droit-international\/\">Droit international<\/a><\/li>\n<li><a href=\"https:\/\/www.kanzlei-steinwachs.de\/fr\/droit-informatique\/\">Droit informatique<\/a><\/li>\n<li><a href=\"https:\/\/www.kanzlei-steinwachs.de\/fr\/loi-sur-la-chasse\/\">Loi sur la chasse<\/a><\/li>\n<li><a href=\"https:\/\/www.kanzlei-steinwachs.de\/fr\/droit-de-la-concurrence-et-controle-des-fusions\/\">Droit de la concurrence et contr\u00f4le des fusions<\/a><\/li>\n<li><a href=\"https:\/\/www.kanzlei-steinwachs.de\/fr\/droit-dachat\/\">Droit d&rsquo;achat<\/a><\/li>\n<li><a href=\"https:\/\/www.kanzlei-steinwachs.de\/fr\/droit-agricole\/\">Droit Agricole<\/a><\/li>\n<li><a href=\"https:\/\/www.kanzlei-steinwachs.de\/fr\/droit-du-bail-3\/\">Droit du bail<\/a><\/li>\n<li><a href=\"https:\/\/www.kanzlei-steinwachs.de\/fr\/loi-alimentaire\/\">Loi alimentaire<\/a><\/li>\n<li><a href=\"https:\/\/www.kanzlei-steinwachs.de\/fr\/droit-du-courtage\/\">Droit du courtage<\/a><\/li>\n<li><a href=\"https:\/\/www.kanzlei-steinwachs.de\/fr\/droit-des-marques\/\">Droit des marques<\/a><\/li>\n<li><a href=\"https:\/\/www.kanzlei-steinwachs.de\/fr\/la-mediation\/\">La m\u00e9diation<\/a><\/li>\n<\/ul>\n<div id=\"gtx-trans\" style=\"position: absolute; left: 203px; top: 254px;\">\n<div class=\"gtx-trans-icon\"><\/div>\n<\/div>\n<\/div>[\/vc_column][vc_column width=\u00a0\u00bb1\/5&Prime;]<div class=\"mkd-unordered-list  mkd-arrow mkd-animate-list\" ><ul>\n<li><a href=\"https:\/\/www.kanzlei-steinwachs.de\/fr\/droit-medical-2\/\">Droit m\u00e9dical<\/a><\/li>\n<li><a href=\"https:\/\/www.kanzlei-steinwachs.de\/fr\/droit-du-bail\/\">Droit du bail<\/a><\/li>\n<li><a href=\"https:\/\/www.kanzlei-steinwachs.de\/fr\/droit-de-la-musique\/\">Droit de la musique<\/a><\/li>\n<li><a href=\"https:\/\/www.kanzlei-steinwachs.de\/fr\/loi-de-voisinage\/\">Loi de voisinage<\/a><\/li>\n<li><a href=\"https:\/\/www.kanzlei-steinwachs.de\/fr\/droit-des-batiments-publics\/\">Droit des b\u00e2timents publics<\/a><\/li>\n<li><a href=\"https:\/\/www.kanzlei-steinwachs.de\/fr\/loi-publique\/\">Loi publique<\/a><\/li>\n<li><a href=\"https:\/\/www.kanzlei-steinwachs.de\/fr\/soutien-aux-victimes\/\">Soutien aux victimes<\/a><\/li>\n<li><a href=\"https:\/\/quickwebsiteseo.com\/kanzlei-steinwachs\/ordnungswidrigkeitenrecht\/\">Loi sur les infractions administratives<\/a><\/li>\n<li><a href=\"https:\/\/www.kanzlei-steinwachs.de\/fr\/droit-des-brevets\/\">Droit des brevets<\/a><\/li>\n<li><a href=\"https:\/\/www.kanzlei-steinwachs.de\/fr\/loi-sur-le-cheval\/\">Loi sur le cheval<\/a><\/li>\n<li><a href=\"https:\/\/www.kanzlei-steinwachs.de\/fr\/droit-des-soins-infirmiers\/\">Droit des soins infirmiers<\/a><\/li>\n<li><a href=\"https:\/\/www.kanzlei-steinwachs.de\/fr\/droit-de-la-responsabilite-du-fait-des-produits\/\">Droit de la responsabilit\u00e9 du fait des produits<\/a><\/li>\n<li><a href=\"https:\/\/www.kanzlei-steinwachs.de\/fr\/droit-des-examens\/\">Droit des examens<\/a><\/li>\n<li><a href=\"https:\/\/www.kanzlei-steinwachs.de\/fr\/loi-relative-aux-animaux\/\">Loi relative aux animaux<\/a><\/li>\n<li><a href=\"https:\/\/www.kanzlei-steinwachs.de\/reiserecht\/\">Droit des voyages<\/a><\/li>\n<li><a href=\"https:\/\/www.kanzlei-steinwachs.de\/rentenversicherungsrecht\/\">Droit de l&rsquo;assurance pension<\/a><\/li>\n<li><a href=\"https:\/\/www.kanzlei-steinwachs.de\/schadensersatzrecht-schmerzensgeldrecht\/\">Droit des dommages et droit de la douleur et de la souffrance<\/a><\/li>\n<li><a href=\"https:\/\/www.kanzlei-steinwachs.de\/schulrecht\/\">Droit scolaire<\/a><\/li>\n<\/ul>\n<\/div>[\/vc_column][vc_column width=\u00a0\u00bb1\/5&Prime;]<div class=\"mkd-unordered-list  mkd-arrow mkd-animate-list\" ><ul>\n<li><a href=\"https:\/\/www.kanzlei-steinwachs.de\/schwerbehindertenrecht\/\">Loi sur les personnes gravement handicap\u00e9es<\/a><\/li>\n<li><a href=\"https:\/\/www.kanzlei-steinwachs.de\/sozialrecht\/\">Droit social<\/a><\/li>\n<li><a href=\"https:\/\/www.kanzlei-steinwachs.de\/sportrecht\/\">Droit du sport<\/a><\/li>\n<li><a href=\"https:\/\/www.kanzlei-steinwachs.de\/steuerrecht\/\">Droit fiscal<\/a><\/li>\n<li><a href=\"https:\/\/www.kanzlei-steinwachs.de\/strafrecht\/\">Loi criminelle<\/a><\/li>\n<li><a href=\"https:\/\/www.kanzlei-steinwachs.de\/tarifrecht\/\">Loi sur la n\u00e9gociation collective<\/a><\/li>\n<li><a href=\"https:\/\/www.kanzlei-steinwachs.de\/transportrecht-speditionsrecht\/\">Droit des transports et droit du transit<\/a><\/li>\n<li><a href=\"https:\/\/www.kanzlei-steinwachs.de\/umweltrecht\/\">Loi environnementale<\/a><\/li>\n<li><a href=\"https:\/\/www.kanzlei-steinwachs.de\/unterhaltsrecht\/\">Loi sur la pension alimentaire<\/a><\/li>\n<li><a href=\"https:\/\/www.kanzlei-steinwachs.de\/unternehmensrecht-betriebsnachfolge\/\">Droit des soci\u00e9t\u00e9s et succession d&rsquo;entreprise<\/a><\/li>\n<li><a href=\"https:\/\/www.kanzlei-steinwachs.de\/urheberrecht-medienrecht\/\">Droit d&rsquo;auteur et droit des m\u00e9dias<\/a><\/li>\n<li><a href=\"https:\/\/www.kanzlei-steinwachs.de\/vaterschaftsrecht\/\">Loi sur la paternit\u00e9<\/a><\/li>\n<li><a href=\"https:\/\/www.kanzlei-steinwachs.de\/vereinsrecht-verbandsrecht\/\">Droit des associations et droit des associations<\/a><\/li>\n<li><a href=\"https:\/\/www.kanzlei-steinwachs.de\/verfassungsrecht\/\">Loi constitutionnelle<\/a><\/li>\n<li><a href=\"https:\/\/www.kanzlei-steinwachs.de\/vergaberecht\/\">Droit des march\u00e9s publics<\/a><\/li>\n<li><a href=\"https:\/\/www.kanzlei-steinwachs.de\/verkehrsrecht-2\/\">Droit de la circulation<\/a><\/li>\n<li><a href=\"https:\/\/www.kanzlei-steinwachs.de\/versicherungsrecht\/\">Droit des assurances<\/a><\/li>\n<\/ul>\n<div id=\"gtx-trans\" style=\"position: absolute; left: 154px; top: 350px;\">\n<div class=\"gtx-trans-icon\"><\/div>\n<\/div>\n<\/div>[\/vc_column][vc_column width=\u00a0\u00bb1\/5&Prime;]<div class=\"mkd-unordered-list  mkd-arrow mkd-animate-list\" ><ul>\n<li><a href=\"https:\/\/www.kanzlei-steinwachs.de\/versicherungsvertreterrecht\/\">Droit des agences d&rsquo;assurance<\/a><\/li>\n<li><a href=\"https:\/\/www.kanzlei-steinwachs.de\/verwaltungsrecht\/\">Loi administrative<\/a><\/li>\n<li><a href=\"https:\/\/www.kanzlei-steinwachs.de\/wehrrecht\/\">droit militaire<\/a><\/li>\n<li><a href=\"https:\/\/www.kanzlei-steinwachs.de\/werkvertragsrecht\/\">Loi sur les retards de travail<\/a><\/li>\n<li><a href=\"https:\/\/www.kanzlei-steinwachs.de\/wettbewerbsrecht\/\">Droit de la concurrence<\/a><\/li>\n<li><a href=\"https:\/\/www.kanzlei-steinwachs.de\/wirtschaftsrecht\/\">Droit des affaires<\/a><\/li>\n<li><a href=\"https:\/\/www.kanzlei-steinwachs.de\/wohnungseigentumsrecht\/\">Droit de la copropri\u00e9t\u00e9<\/a><\/li>\n<li><a href=\"https:\/\/www.kanzlei-steinwachs.de\/zivilprozesrecht\/\">Droit de la proc\u00e9dure civile<\/a><\/li>\n<li><a href=\"https:\/\/www.kanzlei-steinwachs.de\/zivilrecht\/\">droit civil<\/a><\/li>\n<\/ul>\n<div id=\"gtx-trans\" style=\"position: absolute; left: 125px; top: 86px;\">\n<div class=\"gtx-trans-icon\"><\/div>\n<\/div>\n<\/div>[\/vc_column][\/vc_row]<\/p>\n<\/div>","protected":false},"excerpt":{"rendered":"<p>[vc_row content_width=\u00a0\u00bbgrid\u00a0\u00bb content_aligment=\u00a0\u00bbcenter\u00a0\u00bb triangle_shape=\u00a0\u00bbno\u00a0\u00bb css=\u00a0\u00bb.vc_custom_1696926719838{padding-bottom: 10px !important;background-position: center !important;background-repeat: no-repeat !important;background-size: cover !important;}\u00a0\u00bb][vc_column][\/vc_column][\/vc_row][vc_row triangle_shape=\u00a0\u00bbno\u00a0\u00bb][vc_column][vc_column_text css=\u00a0\u00bb.vc_custom_1697267092698{padding-top: 20px !important;}\u00a0\u00bb] Le cabinet d&rsquo;avocats travaille pour ses clients dans presque tous les domaines juridiques importants. Nous avons r\u00e9pertori\u00e9 pour vous en d\u00e9tail certains domaines juridiques, les avons d\u00e9compos\u00e9s et expliqu\u00e9s en d\u00e9tail afin que vous puissiez attribuer votre probl\u00e8me \u00e0 un domaine du droit. [\/vc_column_text][vc_column_text css=\u00a0\u00bb.vc_custom_1697267100322{padding-top: 20px !important;}\u00a0\u00bb]Cependant, veuillez comprendre que tous les domaines ne peuvent pas \u00eatre r\u00e9pertori\u00e9s dans un catalogue de domaines juridiques. Bien entendu, nous serons heureux de r\u00e9pondre \u00e0 tout moment \u00e0 toutes vos questions concernant le contenu.[\/vc_column_text][\/vc_column][\/vc_row][vc_row triangle_shape=\u00a0\u00bbno\u00a0\u00bb css=\u00a0\u00bb.vc_custom_1697608496058{padding-top:&#8230;<\/p>\n","protected":false},"author":1,"featured_media":0,"parent":0,"menu_order":0,"comment_status":"closed","ping_status":"closed","template":"","meta":{"footnotes":""},"class_list":["post-8392","page","type-page","status-publish","hentry"],"yoast_head":"<!-- This site is optimized with the Yoast SEO Premium plugin v27.2 (Yoast SEO v27.4) - https:\/\/yoast.com\/product\/yoast-seo-premium-wordpress\/ -->\n<title>Rechtsanwaltskanzlei in Hamburg Berlin Bremen Hannover L\u00fcbeck<\/title>\n<meta name=\"description\" content=\"Rechtsanwaltskanzlei f\u00fcr Arbeitsrecht, Arzthaftung, Mietrecht, Gewerbemietrecht ,Gastronomierecht, Immobilienrecht, Schadensersatz Yachtrecht\" \/>\n<meta name=\"robots\" content=\"index, follow, max-snippet:-1, max-image-preview:large, max-video-preview:-1\" \/>\n<link rel=\"canonical\" href=\"https:\/\/www.kanzlei-steinwachs.de\/fr\/domaines-du-droit\/\" \/>\n<meta property=\"og:locale\" content=\"fr_FR\" \/>\n<meta property=\"og:type\" content=\"article\" \/>\n<meta property=\"og:title\" content=\"Rechtsanwaltskanzlei in Hamburg Berlin Bremen Hannover L\u00fcbeck\" \/>\n<meta property=\"og:description\" content=\"Rechtsanwaltskanzlei f\u00fcr Arbeitsrecht, Arzthaftung, Mietrecht, Gewerbemietrecht ,Gastronomierecht, Immobilienrecht, Schadensersatz Yachtrecht\" \/>\n<meta property=\"og:url\" content=\"https:\/\/www.kanzlei-steinwachs.de\/fr\/domaines-du-droit\/\" \/>\n<meta property=\"og:site_name\" content=\"Rechtsanwaltskanzlei Anwalt Hamburg Berlin Bremen Hannover L\u00fcbeck\" \/>\n<meta property=\"article:publisher\" content=\"https:\/\/www.facebook.com\/STEINWACHSRechtsanwaltskanzlei\/\" \/>\n<meta property=\"article:modified_time\" content=\"2023-10-21T09:18:38+00:00\" \/>\n<meta name=\"twitter:card\" content=\"summary_large_image\" \/>\n<meta name=\"twitter:site\" content=\"@rasteinwachs\" \/>\n<meta name=\"twitter:label1\" content=\"Dur\u00e9e de lecture estim\u00e9e\" \/>\n\t<meta name=\"twitter:data1\" content=\"3 minutes\" \/>\n<script type=\"application\/ld+json\" class=\"yoast-schema-graph\">{\"@context\":\"https:\\\/\\\/schema.org\",\"@graph\":[{\"@type\":\"WebPage\",\"@id\":\"https:\\\/\\\/www.kanzlei-steinwachs.de\\\/fr\\\/domaines-du-droit\\\/\",\"url\":\"https:\\\/\\\/www.kanzlei-steinwachs.de\\\/fr\\\/domaines-du-droit\\\/\",\"name\":\"Rechtsanwaltskanzlei in Hamburg Berlin Bremen Hannover L\u00fcbeck\",\"isPartOf\":{\"@id\":\"https:\\\/\\\/www.kanzlei-steinwachs.de\\\/fr\\\/#website\"},\"datePublished\":\"2023-09-22T10:30:16+00:00\",\"dateModified\":\"2023-10-21T09:18:38+00:00\",\"description\":\"Rechtsanwaltskanzlei f\u00fcr Arbeitsrecht, Arzthaftung, Mietrecht, Gewerbemietrecht ,Gastronomierecht, Immobilienrecht, Schadensersatz Yachtrecht\",\"inLanguage\":\"fr-FR\",\"potentialAction\":[{\"@type\":\"ReadAction\",\"target\":[\"https:\\\/\\\/www.kanzlei-steinwachs.de\\\/fr\\\/domaines-du-droit\\\/\"]}]},{\"@type\":\"WebSite\",\"@id\":\"https:\\\/\\\/www.kanzlei-steinwachs.de\\\/fr\\\/#website\",\"url\":\"https:\\\/\\\/www.kanzlei-steinwachs.de\\\/fr\\\/\",\"name\":\"Rechtsanwaltskanzlei Anwalt Hamburg Berlin Bremen Hannover L\u00fcbeck\",\"description\":\"Wir leisten mehr als Recht bietet\",\"publisher\":{\"@id\":\"https:\\\/\\\/www.kanzlei-steinwachs.de\\\/fr\\\/#organization\"},\"potentialAction\":[{\"@type\":\"SearchAction\",\"target\":{\"@type\":\"EntryPoint\",\"urlTemplate\":\"https:\\\/\\\/www.kanzlei-steinwachs.de\\\/fr\\\/?s={search_term_string}\"},\"query-input\":{\"@type\":\"PropertyValueSpecification\",\"valueRequired\":true,\"valueName\":\"search_term_string\"}}],\"inLanguage\":\"fr-FR\"},{\"@type\":[\"Organization\",\"Place\"],\"@id\":\"https:\\\/\\\/www.kanzlei-steinwachs.de\\\/fr\\\/#organization\",\"name\":\"Rechtsanwaltskanzlei Anwalt Hamburg Berlin Bremen Hannover L\u00fcbeck\",\"url\":\"https:\\\/\\\/www.kanzlei-steinwachs.de\\\/\",\"logo\":{\"@type\":\"ImageObject\",\"inLanguage\":\"fr-FR\",\"@id\":\"https:\\\/\\\/www.kanzlei-steinwachs.de\\\/fr\\\/#\\\/schema\\\/logo\\\/image\\\/\",\"url\":\"https:\\\/\\\/i0.wp.com\\\/www.kanzlei-steinwachs.de\\\/wp-content\\\/uploads\\\/2023\\\/12\\\/logo.webp?fit=174%2C76&quality=80&ssl=1\",\"contentUrl\":\"https:\\\/\\\/i0.wp.com\\\/www.kanzlei-steinwachs.de\\\/wp-content\\\/uploads\\\/2023\\\/12\\\/logo.webp?fit=174%2C76&quality=80&ssl=1\",\"width\":174,\"height\":76,\"caption\":\"Rechtsanwaltskanzlei Anwalt Hamburg Berlin Bremen Hannover L\u00fcbeck\"},\"image\":{\"@id\":\"https:\\\/\\\/www.kanzlei-steinwachs.de\\\/fr\\\/#\\\/schema\\\/logo\\\/image\\\/\"},\"sameAs\":[\"https:\\\/\\\/www.facebook.com\\\/STEINWACHSRechtsanwaltskanzlei\\\/\",\"https:\\\/\\\/x.com\\\/rasteinwachs\",\"https:\\\/\\\/www.instagram.com\\\/steinwachs_rechtsanwaelte\\\/\",\"https:\\\/\\\/www.linkedin.com\\\/in\\\/stephan-steinwachs-7a270197\\\/\",\"https:\\\/\\\/www.youtube.com\\\/channel\\\/UCffmodDlQx81remXm395RWA\"],\"telephone\":[]}]}<\/script>\n<!-- \/ Yoast SEO Premium plugin. -->","yoast_head_json":{"title":"Rechtsanwaltskanzlei in Hamburg Berlin Bremen Hannover L\u00fcbeck","description":"Rechtsanwaltskanzlei f\u00fcr Arbeitsrecht, Arzthaftung, Mietrecht, Gewerbemietrecht ,Gastronomierecht, Immobilienrecht, Schadensersatz Yachtrecht","robots":{"index":"index","follow":"follow","max-snippet":"max-snippet:-1","max-image-preview":"max-image-preview:large","max-video-preview":"max-video-preview:-1"},"canonical":"https:\/\/www.kanzlei-steinwachs.de\/fr\/domaines-du-droit\/","og_locale":"fr_FR","og_type":"article","og_title":"Rechtsanwaltskanzlei in Hamburg Berlin Bremen Hannover L\u00fcbeck","og_description":"Rechtsanwaltskanzlei f\u00fcr Arbeitsrecht, Arzthaftung, Mietrecht, Gewerbemietrecht ,Gastronomierecht, Immobilienrecht, Schadensersatz Yachtrecht","og_url":"https:\/\/www.kanzlei-steinwachs.de\/fr\/domaines-du-droit\/","og_site_name":"Rechtsanwaltskanzlei Anwalt Hamburg Berlin Bremen Hannover L\u00fcbeck","article_publisher":"https:\/\/www.facebook.com\/STEINWACHSRechtsanwaltskanzlei\/","article_modified_time":"2023-10-21T09:18:38+00:00","twitter_card":"summary_large_image","twitter_site":"@rasteinwachs","twitter_misc":{"Dur\u00e9e de lecture estim\u00e9e":"3 minutes"},"schema":{"@context":"https:\/\/schema.org","@graph":[{"@type":"WebPage","@id":"https:\/\/www.kanzlei-steinwachs.de\/fr\/domaines-du-droit\/","url":"https:\/\/www.kanzlei-steinwachs.de\/fr\/domaines-du-droit\/","name":"Rechtsanwaltskanzlei in Hamburg Berlin Bremen Hannover L\u00fcbeck","isPartOf":{"@id":"https:\/\/www.kanzlei-steinwachs.de\/fr\/#website"},"datePublished":"2023-09-22T10:30:16+00:00","dateModified":"2023-10-21T09:18:38+00:00","description":"Rechtsanwaltskanzlei f\u00fcr Arbeitsrecht, Arzthaftung, Mietrecht, Gewerbemietrecht ,Gastronomierecht, Immobilienrecht, Schadensersatz Yachtrecht","inLanguage":"fr-FR","potentialAction":[{"@type":"ReadAction","target":["https:\/\/www.kanzlei-steinwachs.de\/fr\/domaines-du-droit\/"]}]},{"@type":"WebSite","@id":"https:\/\/www.kanzlei-steinwachs.de\/fr\/#website","url":"https:\/\/www.kanzlei-steinwachs.de\/fr\/","name":"Rechtsanwaltskanzlei Anwalt Hamburg Berlin Bremen Hannover L\u00fcbeck","description":"Wir leisten mehr als Recht bietet","publisher":{"@id":"https:\/\/www.kanzlei-steinwachs.de\/fr\/#organization"},"potentialAction":[{"@type":"SearchAction","target":{"@type":"EntryPoint","urlTemplate":"https:\/\/www.kanzlei-steinwachs.de\/fr\/?s={search_term_string}"},"query-input":{"@type":"PropertyValueSpecification","valueRequired":true,"valueName":"search_term_string"}}],"inLanguage":"fr-FR"},{"@type":["Organization","Place"],"@id":"https:\/\/www.kanzlei-steinwachs.de\/fr\/#organization","name":"Rechtsanwaltskanzlei Anwalt Hamburg Berlin Bremen Hannover L\u00fcbeck","url":"https:\/\/www.kanzlei-steinwachs.de\/","logo":{"@type":"ImageObject","inLanguage":"fr-FR","@id":"https:\/\/www.kanzlei-steinwachs.de\/fr\/#\/schema\/logo\/image\/","url":"https:\/\/i0.wp.com\/www.kanzlei-steinwachs.de\/wp-content\/uploads\/2023\/12\/logo.webp?fit=174%2C76&quality=80&ssl=1","contentUrl":"https:\/\/i0.wp.com\/www.kanzlei-steinwachs.de\/wp-content\/uploads\/2023\/12\/logo.webp?fit=174%2C76&quality=80&ssl=1","width":174,"height":76,"caption":"Rechtsanwaltskanzlei Anwalt Hamburg Berlin Bremen Hannover L\u00fcbeck"},"image":{"@id":"https:\/\/www.kanzlei-steinwachs.de\/fr\/#\/schema\/logo\/image\/"},"sameAs":["https:\/\/www.facebook.com\/STEINWACHSRechtsanwaltskanzlei\/","https:\/\/x.com\/rasteinwachs","https:\/\/www.instagram.com\/steinwachs_rechtsanwaelte\/","https:\/\/www.linkedin.com\/in\/stephan-steinwachs-7a270197\/","https:\/\/www.youtube.com\/channel\/UCffmodDlQx81remXm395RWA"],"telephone":[]}]}},"jetpack_sharing_enabled":true,"_links":{"self":[{"href":"https:\/\/www.kanzlei-steinwachs.de\/fr\/wp-json\/wp\/v2\/pages\/8392","targetHints":{"allow":["GET"]}}],"collection":[{"href":"https:\/\/www.kanzlei-steinwachs.de\/fr\/wp-json\/wp\/v2\/pages"}],"about":[{"href":"https:\/\/www.kanzlei-steinwachs.de\/fr\/wp-json\/wp\/v2\/types\/page"}],"author":[{"embeddable":true,"href":"https:\/\/www.kanzlei-steinwachs.de\/fr\/wp-json\/wp\/v2\/users\/1"}],"replies":[{"embeddable":true,"href":"https:\/\/www.kanzlei-steinwachs.de\/fr\/wp-json\/wp\/v2\/comments?post=8392"}],"version-history":[{"count":0,"href":"https:\/\/www.kanzlei-steinwachs.de\/fr\/wp-json\/wp\/v2\/pages\/8392\/revisions"}],"wp:attachment":[{"href":"https:\/\/www.kanzlei-steinwachs.de\/fr\/wp-json\/wp\/v2\/media?parent=8392"}],"curies":[{"name":"wp","href":"https:\/\/api.w.org\/{rel}","templated":true}]}}