{"id":8332,"date":"2023-10-14T06:25:01","date_gmt":"2023-10-14T04:25:01","guid":{"rendered":"https:\/\/www.kanzlei-steinwachs.de\/loi-sur-la-chasse\/"},"modified":"2023-10-23T11:14:04","modified_gmt":"2023-10-23T09:14:04","slug":"loi-sur-la-chasse","status":"publish","type":"page","link":"https:\/\/www.kanzlei-steinwachs.de\/fr\/loi-sur-la-chasse\/","title":{"rendered":"Loi sur la chasse"},"content":{"rendered":"<div class=\"wpb-content-wrapper\"><p>[vc_row content_width=\u00a0\u00bbgrid\u00a0\u00bb content_aligment=\u00a0\u00bbcenter\u00a0\u00bb triangle_shape=\u00a0\u00bbno\u00a0\u00bb css=\u00a0\u00bb.vc_custom_1696926719838{padding-bottom: 10px !important;background-position: center !important;background-repeat: no-repeat !important;background-size: cover !important;}\u00a0\u00bb][vc_column][vc_column_text css=\u00a0\u00bb.vc_custom_1697258237464{padding-bottom: 20px !important;}\u00a0\u00bb]<\/p>\n<h1 style=\"text-align: center;\">LOI SUR LA CHASSE<\/h1>\n<p>[\/vc_column_text]<div class=\"mkd-separator-holder clearfix  mkd-separator-center mkd-separator-with-icon mkd-animate\" style=\"margin-top: 20px; margin-bottom: 30px\">\n\t<div class=\"mkd-separator\" style=\"border-color: #c18f59;border-style: solid;width: 97.5px\"><\/div>\n\t\t<div class=\"mkd-separator-icon\">\n\t\t\t                    \t\t\t\t\t\t<\/div>\n\t<div class=\"mkd-separator\" style=\"border-color: #c18f59;border-style: solid;width: 97.5px\"><\/div>\n<\/div>\n[\/vc_column][\/vc_row][vc_row triangle_shape=\u00a0\u00bbno\u00a0\u00bb][vc_column][vc_column_text css=\u00a0\u00bb.vc_custom_1697257542520{padding-top: 20px !important;}\u00a0\u00bb]<\/p>\n<p style=\"text-align: left;\">Le droit de la chasse comprend toutes les r\u00e9glementations l\u00e9gales concernant le sujet de la chasse. Il rel\u00e8ve principalement du droit public, mais les r\u00e9glementations pertinentes pour le droit de la chasse peuvent \u00e9galement \u00eatre trouv\u00e9es en droit civil ou p\u00e9nal. <\/p>\n<p>[\/vc_column_text][vc_column_text css=\u00a0\u00bb.vc_custom_1697257553904{padding-top: 20px !important;}\u00a0\u00bb]<\/p>\n<p style=\"text-align: left;\">Le l\u00e9gislateur d\u00e9finit le droit de chasser comme le pouvoir exclusif de d\u00e9tenir, de chasser et de s&rsquo;approprier les animaux sauvages soumis au droit de la chasse (gibier) dans une zone d\u00e9termin\u00e9e. Le droit de chasser est associ\u00e9 \u00e0 l&rsquo;obligation de garde, voir \u00a7 1 BJagdG. <\/p>\n<p>[\/vc_column_text][vc_column_text css=\u00a0\u00bb.vc_custom_1697257573528{padding-top: 20px !important;}\u00a0\u00bb]<\/p>\n<p style=\"text-align: left;\">Le droit de la chasse sert donc notamment \u00e0 prot\u00e9ger les esp\u00e8ces et \u00e0 pr\u00e9server la biodiversit\u00e9 de la population sauvage. Pour pouvoir chasser en Allemagne, il faut un permis public, appel\u00e9 permis de chasse. Vous en faites la demande aupr\u00e8s de l&rsquo;autorit\u00e9 de chasse comp\u00e9tente. En plus d&rsquo;avoir 18 ans, la condition pr\u00e9alable au droit de la chasse est, entre autres, la r\u00e9ussite \u00e0 l&rsquo;examen de chasseur.   <\/p>\n<p>[\/vc_column_text][vc_column_text css=\u00a0\u00bb.vc_custom_1697257709336{padding-top: 20px !important;}\u00a0\u00bb]<\/p>\n<p style=\"text-align: left;\">Les droits de chasse sont \u00e9galement directement li\u00e9s \u00e0 la propri\u00e9t\u00e9 fonci\u00e8re. Sur les grandes propri\u00e9t\u00e9s, le droit de chasser appartient g\u00e9n\u00e9ralement au propri\u00e9taire (ce qu&rsquo;on appelle le district de chasse priv\u00e9). Sur les propri\u00e9t\u00e9s plus petites, il existe des districts de chasse communautaires (coop\u00e9ratives de chasse).  <\/p>\n<p>[\/vc_column_text][\/vc_column][\/vc_row][vc_row triangle_shape=\u00a0\u00bbno\u00a0\u00bb css=\u00a0\u00bb.vc_custom_1697797897231{padding-top: 30px !important;}\u00a0\u00bb el_class=\u00a0\u00bball-least-pages\u00a0\u00bb][vc_column][vc_row_inner css=\u00a0\u00bb.vc_custom_1695965286321{padding-top: 40px !important;padding-bottom: 10px !important;}\u00a0\u00bb][vc_column_inner width=\u00a0\u00bb1\/2&Prime;]\n<h2 class=\"mkd-custom-font-holder\" style=\"font-size: 20px;line-height: 20px;font-weight: 700\" data-font-size= 20 data-line-height= 20>\n\tZu den wesentlichen Themengebieten im Jagdrecht geh\u00f6ren unter anderem:<\/h2>[vc_empty_space]<div class=\"mkd-unordered-list \" ><ul>\n<li>Test de chasseur<\/li>\n<li>Assurance responsabilit\u00e9 civile chasse<\/li>\n<li>Permis de chasse<\/li>\n<li>Associations de chasse<\/li>\n<li>Saisons de chasse\/saisons de fermeture<\/li>\n<li>R\u00e9daction de contrats en droit de la chasse, notamment de baux de chasse <\/li>\n<li>R\u00e9f\u00e9rences du droit des armes en droit de la chasse<\/li>\n<li>Dommages du jeu<\/li>\n<li>D\u00e9lits de chasse et infractions administratives<\/li>\n<\/ul>\n<\/div>[\/vc_column_inner][vc_column_inner width=\u00a0\u00bb1\/2&Prime;][vc_single_image image=\u00a0\u00bb1425&Prime; img_size=\u00a0\u00bbfull\u00a0\u00bb css=\u00a0\u00bb.vc_custom_1696927314802{margin-top: 10px !important;padding-top: 10px !important;}\u00a0\u00bb][\/vc_column_inner][\/vc_row_inner][\/vc_column][\/vc_row][vc_row triangle_shape=\u00a0\u00bbno\u00a0\u00bb css=\u00a0\u00bb.vc_custom_1697797902414{padding-top: 30px !important;padding-bottom: 50px !important;}\u00a0\u00bb el_class=\u00a0\u00bball-least-pages1&Prime;][vc_column]\n<h2 class=\"mkd-custom-font-holder\" style=\"font-size: 20px;line-height: 20px;font-weight: 700\" data-font-size= 20 data-line-height= 20>\n\tAbschluss<\/h2>[vc_column_text css=\u00a0\u00bb.vc_custom_1697257866056{padding-top: 20px !important;}\u00a0\u00bb]<\/p>\n<div class=\"art-content\">\n<div class=\"art-Post\">\n<div class=\"art-Post-body\">\n<div class=\"art-Post-inner art-article\">\n<div class=\"art-PostContent\">\n<p style=\"text-align: left;\">Le droit de la chasse est r\u00e9gi principalement par le droit f\u00e9d\u00e9ral de la chasse et par les lois des L\u00e4nder sur la chasse. Il existe \u00e9galement une grande vari\u00e9t\u00e9 de r\u00e9glementations en droit civil (par exemple \u00a7\u00a7 90a, 960 BGB) ou en droit p\u00e9nal (par exemple \u00a7 292 StGB). <\/p>\n<\/div>\n<div class=\"cleared\"><\/div>\n<\/div>\n<\/div>\n<\/div>\n<\/div>\n<div class=\"art-sidebar2\">\n<div id=\"custom_html-12\" class=\"widget_text widget widget_custom_html\">\n<div class=\"art-Block\"><\/div>\n<\/div>\n<\/div>\n<p>[\/vc_column_text][vc_column_text css=\u00a0\u00bb.vc_custom_1697257854928{padding-top: 20px !important;}\u00a0\u00bb]<\/p>\n<div class=\"art-content\">\n<div class=\"art-Post\">\n<div class=\"art-Post-body\">\n<div class=\"art-Post-inner art-article\">\n<div class=\"art-PostContent\">\n<p style=\"text-align: left;\">Dans les pages suivantes, nous essaierons de vous fournir le plus d&rsquo;informations possible sur les principes de base du droit de la chasse.<\/p>\n<\/div>\n<div class=\"cleared\"><\/div>\n<\/div>\n<\/div>\n<\/div>\n<\/div>\n<div class=\"art-sidebar2\">\n<div id=\"custom_html-12\" class=\"widget_text widget widget_custom_html\">\n<div class=\"art-Block\"><\/div>\n<\/div>\n<\/div>\n<p>[\/vc_column_text][vc_column_text css=\u00a0\u00bb.vc_custom_1697257818936{padding-top: 20px !important;}\u00a0\u00bb]<\/p>\n<div class=\"art-content\">\n<div class=\"art-Post\">\n<div class=\"art-Post-body\">\n<div class=\"art-Post-inner art-article\">\n<div class=\"art-PostContent\">\n<p>Nous vous recommandons \u00e9galement les pages suivantes au sujet du droit de la chasse :<\/p>\n<\/div>\n<div class=\"cleared\"><\/div>\n<\/div>\n<\/div>\n<\/div>\n<\/div>\n<div class=\"art-sidebar2\">\n<div id=\"custom_html-12\" class=\"widget_text widget widget_custom_html\">\n<div class=\"art-Block\"><\/div>\n<\/div>\n<\/div>\n<p>[\/vc_column_text][\/vc_column][\/vc_row]<\/p>\n<\/div>","protected":false},"excerpt":{"rendered":"<p>[vc_row content_width=\u00a0\u00bbgrid\u00a0\u00bb content_aligment=\u00a0\u00bbcenter\u00a0\u00bb triangle_shape=\u00a0\u00bbno\u00a0\u00bb css=\u00a0\u00bb.vc_custom_1696926719838{padding-bottom: 10px !important;background-position: center !important;background-repeat: no-repeat !important;background-size: cover !important;}\u00a0\u00bb][vc_column][vc_column_text css=\u00a0\u00bb.vc_custom_1697258237464{padding-bottom: 20px !important;}\u00a0\u00bb] LOI SUR LA CHASSE [\/vc_column_text][\/vc_column][\/vc_row][vc_row triangle_shape=\u00a0\u00bbno\u00a0\u00bb][vc_column][vc_column_text css=\u00a0\u00bb.vc_custom_1697257542520{padding-top: 20px !important;}\u00a0\u00bb] Le droit de la chasse comprend toutes les r\u00e9glementations l\u00e9gales concernant le sujet de la chasse. Il rel\u00e8ve principalement du droit public, mais les r\u00e9glementations pertinentes pour le droit de la chasse peuvent \u00e9galement \u00eatre trouv\u00e9es en droit civil ou p\u00e9nal. [\/vc_column_text][vc_column_text css=\u00a0\u00bb.vc_custom_1697257553904{padding-top: 20px !important;}\u00a0\u00bb] Le l\u00e9gislateur d\u00e9finit le droit de chasser comme le pouvoir exclusif de d\u00e9tenir, de chasser et de s&rsquo;approprier les animaux sauvages soumis au droit de la chasse (gibier) dans une&#8230;<\/p>\n","protected":false},"author":1,"featured_media":15783,"parent":0,"menu_order":0,"comment_status":"closed","ping_status":"closed","template":"","meta":{"footnotes":""},"class_list":["post-8332","page","type-page","status-publish","has-post-thumbnail","hentry"],"yoast_head":"<!-- This site is optimized with the Yoast SEO Premium plugin v27.2 (Yoast SEO v27.4) - https:\/\/yoast.com\/product\/yoast-seo-premium-wordpress\/ -->\n<title>Rechtsanwaltskanzlei in Hamburg Berlin Bremen Hannover L\u00fcbeck<\/title>\n<meta name=\"description\" content=\"Rechtsanwaltskanzlei f\u00fcr Arbeitsrecht, Arzthaftung, Mietrecht, Gewerbemietrecht ,Gastronomierecht, Immobilienrecht, Schadensersatz Yachtrecht\" \/>\n<meta name=\"robots\" content=\"index, follow, max-snippet:-1, max-image-preview:large, max-video-preview:-1\" \/>\n<link rel=\"canonical\" href=\"https:\/\/www.kanzlei-steinwachs.de\/fr\/loi-sur-la-chasse\/\" \/>\n<meta property=\"og:locale\" content=\"fr_FR\" \/>\n<meta property=\"og:type\" content=\"article\" \/>\n<meta property=\"og:title\" content=\"Rechtsanwaltskanzlei in Hamburg Berlin Bremen Hannover L\u00fcbeck\" \/>\n<meta property=\"og:description\" content=\"Rechtsanwaltskanzlei f\u00fcr Arbeitsrecht, Arzthaftung, Mietrecht, Gewerbemietrecht ,Gastronomierecht, Immobilienrecht, Schadensersatz Yachtrecht\" \/>\n<meta property=\"og:url\" content=\"https:\/\/www.kanzlei-steinwachs.de\/fr\/loi-sur-la-chasse\/\" \/>\n<meta property=\"og:site_name\" content=\"Rechtsanwaltskanzlei Anwalt Hamburg Berlin Bremen Hannover L\u00fcbeck\" \/>\n<meta property=\"article:publisher\" content=\"https:\/\/www.facebook.com\/STEINWACHSRechtsanwaltskanzlei\/\" \/>\n<meta property=\"article:modified_time\" content=\"2023-10-23T09:14:04+00:00\" \/>\n<meta name=\"twitter:card\" content=\"summary_large_image\" \/>\n<meta name=\"twitter:site\" content=\"@rasteinwachs\" \/>\n<meta name=\"twitter:label1\" content=\"Dur\u00e9e de lecture estim\u00e9e\" \/>\n\t<meta name=\"twitter:data1\" content=\"3 minutes\" \/>\n<script type=\"application\/ld+json\" class=\"yoast-schema-graph\">{\"@context\":\"https:\\\/\\\/schema.org\",\"@graph\":[{\"@type\":\"WebPage\",\"@id\":\"https:\\\/\\\/www.kanzlei-steinwachs.de\\\/fr\\\/loi-sur-la-chasse\\\/\",\"url\":\"https:\\\/\\\/www.kanzlei-steinwachs.de\\\/fr\\\/loi-sur-la-chasse\\\/\",\"name\":\"Rechtsanwaltskanzlei in Hamburg Berlin Bremen Hannover L\u00fcbeck\",\"isPartOf\":{\"@id\":\"https:\\\/\\\/www.kanzlei-steinwachs.de\\\/fr\\\/#website\"},\"primaryImageOfPage\":{\"@id\":\"https:\\\/\\\/www.kanzlei-steinwachs.de\\\/fr\\\/loi-sur-la-chasse\\\/#primaryimage\"},\"image\":{\"@id\":\"https:\\\/\\\/www.kanzlei-steinwachs.de\\\/fr\\\/loi-sur-la-chasse\\\/#primaryimage\"},\"thumbnailUrl\":\"https:\\\/\\\/i0.wp.com\\\/www.kanzlei-steinwachs.de\\\/wp-content\\\/uploads\\\/2023\\\/12\\\/logo.webp?fit=174%2C76&quality=20&ssl=1\",\"datePublished\":\"2023-10-14T04:25:01+00:00\",\"dateModified\":\"2023-10-23T09:14:04+00:00\",\"description\":\"Rechtsanwaltskanzlei f\u00fcr Arbeitsrecht, Arzthaftung, Mietrecht, Gewerbemietrecht ,Gastronomierecht, Immobilienrecht, Schadensersatz Yachtrecht\",\"inLanguage\":\"fr-FR\",\"potentialAction\":[{\"@type\":\"ReadAction\",\"target\":[\"https:\\\/\\\/www.kanzlei-steinwachs.de\\\/fr\\\/loi-sur-la-chasse\\\/\"]}]},{\"@type\":\"ImageObject\",\"inLanguage\":\"fr-FR\",\"@id\":\"https:\\\/\\\/www.kanzlei-steinwachs.de\\\/fr\\\/loi-sur-la-chasse\\\/#primaryimage\",\"url\":\"https:\\\/\\\/i0.wp.com\\\/www.kanzlei-steinwachs.de\\\/wp-content\\\/uploads\\\/2023\\\/12\\\/logo.webp?fit=174%2C76&quality=20&ssl=1\",\"contentUrl\":\"https:\\\/\\\/i0.wp.com\\\/www.kanzlei-steinwachs.de\\\/wp-content\\\/uploads\\\/2023\\\/12\\\/logo.webp?fit=174%2C76&quality=20&ssl=1\",\"width\":174,\"height\":76,\"caption\":\"Kanzlei Steinwachs\"},{\"@type\":\"WebSite\",\"@id\":\"https:\\\/\\\/www.kanzlei-steinwachs.de\\\/fr\\\/#website\",\"url\":\"https:\\\/\\\/www.kanzlei-steinwachs.de\\\/fr\\\/\",\"name\":\"Rechtsanwaltskanzlei Anwalt Hamburg Berlin Bremen Hannover L\u00fcbeck\",\"description\":\"Wir leisten mehr als Recht bietet\",\"publisher\":{\"@id\":\"https:\\\/\\\/www.kanzlei-steinwachs.de\\\/fr\\\/#organization\"},\"potentialAction\":[{\"@type\":\"SearchAction\",\"target\":{\"@type\":\"EntryPoint\",\"urlTemplate\":\"https:\\\/\\\/www.kanzlei-steinwachs.de\\\/fr\\\/?s={search_term_string}\"},\"query-input\":{\"@type\":\"PropertyValueSpecification\",\"valueRequired\":true,\"valueName\":\"search_term_string\"}}],\"inLanguage\":\"fr-FR\"},{\"@type\":[\"Organization\",\"Place\"],\"@id\":\"https:\\\/\\\/www.kanzlei-steinwachs.de\\\/fr\\\/#organization\",\"name\":\"Rechtsanwaltskanzlei Anwalt Hamburg Berlin Bremen Hannover L\u00fcbeck\",\"url\":\"https:\\\/\\\/www.kanzlei-steinwachs.de\\\/\",\"logo\":{\"@type\":\"ImageObject\",\"inLanguage\":\"fr-FR\",\"@id\":\"https:\\\/\\\/www.kanzlei-steinwachs.de\\\/fr\\\/#\\\/schema\\\/logo\\\/image\\\/\",\"url\":\"https:\\\/\\\/i0.wp.com\\\/www.kanzlei-steinwachs.de\\\/wp-content\\\/uploads\\\/2023\\\/12\\\/logo.webp?fit=174%2C76&quality=80&ssl=1\",\"contentUrl\":\"https:\\\/\\\/i0.wp.com\\\/www.kanzlei-steinwachs.de\\\/wp-content\\\/uploads\\\/2023\\\/12\\\/logo.webp?fit=174%2C76&quality=80&ssl=1\",\"width\":174,\"height\":76,\"caption\":\"Rechtsanwaltskanzlei Anwalt Hamburg Berlin Bremen Hannover L\u00fcbeck\"},\"image\":{\"@id\":\"https:\\\/\\\/www.kanzlei-steinwachs.de\\\/fr\\\/#\\\/schema\\\/logo\\\/image\\\/\"},\"sameAs\":[\"https:\\\/\\\/www.facebook.com\\\/STEINWACHSRechtsanwaltskanzlei\\\/\",\"https:\\\/\\\/x.com\\\/rasteinwachs\",\"https:\\\/\\\/www.instagram.com\\\/steinwachs_rechtsanwaelte\\\/\",\"https:\\\/\\\/www.linkedin.com\\\/in\\\/stephan-steinwachs-7a270197\\\/\",\"https:\\\/\\\/www.youtube.com\\\/channel\\\/UCffmodDlQx81remXm395RWA\"],\"telephone\":[]}]}<\/script>\n<!-- \/ Yoast SEO Premium plugin. -->","yoast_head_json":{"title":"Rechtsanwaltskanzlei in Hamburg Berlin Bremen Hannover L\u00fcbeck","description":"Rechtsanwaltskanzlei f\u00fcr Arbeitsrecht, Arzthaftung, Mietrecht, Gewerbemietrecht ,Gastronomierecht, Immobilienrecht, Schadensersatz Yachtrecht","robots":{"index":"index","follow":"follow","max-snippet":"max-snippet:-1","max-image-preview":"max-image-preview:large","max-video-preview":"max-video-preview:-1"},"canonical":"https:\/\/www.kanzlei-steinwachs.de\/fr\/loi-sur-la-chasse\/","og_locale":"fr_FR","og_type":"article","og_title":"Rechtsanwaltskanzlei in Hamburg Berlin Bremen Hannover L\u00fcbeck","og_description":"Rechtsanwaltskanzlei f\u00fcr Arbeitsrecht, Arzthaftung, Mietrecht, Gewerbemietrecht ,Gastronomierecht, Immobilienrecht, Schadensersatz Yachtrecht","og_url":"https:\/\/www.kanzlei-steinwachs.de\/fr\/loi-sur-la-chasse\/","og_site_name":"Rechtsanwaltskanzlei Anwalt Hamburg Berlin Bremen Hannover L\u00fcbeck","article_publisher":"https:\/\/www.facebook.com\/STEINWACHSRechtsanwaltskanzlei\/","article_modified_time":"2023-10-23T09:14:04+00:00","twitter_card":"summary_large_image","twitter_site":"@rasteinwachs","twitter_misc":{"Dur\u00e9e de lecture estim\u00e9e":"3 minutes"},"schema":{"@context":"https:\/\/schema.org","@graph":[{"@type":"WebPage","@id":"https:\/\/www.kanzlei-steinwachs.de\/fr\/loi-sur-la-chasse\/","url":"https:\/\/www.kanzlei-steinwachs.de\/fr\/loi-sur-la-chasse\/","name":"Rechtsanwaltskanzlei in Hamburg Berlin Bremen Hannover L\u00fcbeck","isPartOf":{"@id":"https:\/\/www.kanzlei-steinwachs.de\/fr\/#website"},"primaryImageOfPage":{"@id":"https:\/\/www.kanzlei-steinwachs.de\/fr\/loi-sur-la-chasse\/#primaryimage"},"image":{"@id":"https:\/\/www.kanzlei-steinwachs.de\/fr\/loi-sur-la-chasse\/#primaryimage"},"thumbnailUrl":"https:\/\/i0.wp.com\/www.kanzlei-steinwachs.de\/wp-content\/uploads\/2023\/12\/logo.webp?fit=174%2C76&quality=20&ssl=1","datePublished":"2023-10-14T04:25:01+00:00","dateModified":"2023-10-23T09:14:04+00:00","description":"Rechtsanwaltskanzlei f\u00fcr Arbeitsrecht, Arzthaftung, Mietrecht, Gewerbemietrecht ,Gastronomierecht, Immobilienrecht, Schadensersatz Yachtrecht","inLanguage":"fr-FR","potentialAction":[{"@type":"ReadAction","target":["https:\/\/www.kanzlei-steinwachs.de\/fr\/loi-sur-la-chasse\/"]}]},{"@type":"ImageObject","inLanguage":"fr-FR","@id":"https:\/\/www.kanzlei-steinwachs.de\/fr\/loi-sur-la-chasse\/#primaryimage","url":"https:\/\/i0.wp.com\/www.kanzlei-steinwachs.de\/wp-content\/uploads\/2023\/12\/logo.webp?fit=174%2C76&quality=20&ssl=1","contentUrl":"https:\/\/i0.wp.com\/www.kanzlei-steinwachs.de\/wp-content\/uploads\/2023\/12\/logo.webp?fit=174%2C76&quality=20&ssl=1","width":174,"height":76,"caption":"Kanzlei Steinwachs"},{"@type":"WebSite","@id":"https:\/\/www.kanzlei-steinwachs.de\/fr\/#website","url":"https:\/\/www.kanzlei-steinwachs.de\/fr\/","name":"Rechtsanwaltskanzlei Anwalt Hamburg Berlin Bremen Hannover L\u00fcbeck","description":"Wir leisten mehr als Recht bietet","publisher":{"@id":"https:\/\/www.kanzlei-steinwachs.de\/fr\/#organization"},"potentialAction":[{"@type":"SearchAction","target":{"@type":"EntryPoint","urlTemplate":"https:\/\/www.kanzlei-steinwachs.de\/fr\/?s={search_term_string}"},"query-input":{"@type":"PropertyValueSpecification","valueRequired":true,"valueName":"search_term_string"}}],"inLanguage":"fr-FR"},{"@type":["Organization","Place"],"@id":"https:\/\/www.kanzlei-steinwachs.de\/fr\/#organization","name":"Rechtsanwaltskanzlei Anwalt Hamburg Berlin Bremen Hannover L\u00fcbeck","url":"https:\/\/www.kanzlei-steinwachs.de\/","logo":{"@type":"ImageObject","inLanguage":"fr-FR","@id":"https:\/\/www.kanzlei-steinwachs.de\/fr\/#\/schema\/logo\/image\/","url":"https:\/\/i0.wp.com\/www.kanzlei-steinwachs.de\/wp-content\/uploads\/2023\/12\/logo.webp?fit=174%2C76&quality=80&ssl=1","contentUrl":"https:\/\/i0.wp.com\/www.kanzlei-steinwachs.de\/wp-content\/uploads\/2023\/12\/logo.webp?fit=174%2C76&quality=80&ssl=1","width":174,"height":76,"caption":"Rechtsanwaltskanzlei Anwalt Hamburg Berlin Bremen Hannover L\u00fcbeck"},"image":{"@id":"https:\/\/www.kanzlei-steinwachs.de\/fr\/#\/schema\/logo\/image\/"},"sameAs":["https:\/\/www.facebook.com\/STEINWACHSRechtsanwaltskanzlei\/","https:\/\/x.com\/rasteinwachs","https:\/\/www.instagram.com\/steinwachs_rechtsanwaelte\/","https:\/\/www.linkedin.com\/in\/stephan-steinwachs-7a270197\/","https:\/\/www.youtube.com\/channel\/UCffmodDlQx81remXm395RWA"],"telephone":[]}]}},"jetpack_sharing_enabled":true,"_links":{"self":[{"href":"https:\/\/www.kanzlei-steinwachs.de\/fr\/wp-json\/wp\/v2\/pages\/8332","targetHints":{"allow":["GET"]}}],"collection":[{"href":"https:\/\/www.kanzlei-steinwachs.de\/fr\/wp-json\/wp\/v2\/pages"}],"about":[{"href":"https:\/\/www.kanzlei-steinwachs.de\/fr\/wp-json\/wp\/v2\/types\/page"}],"author":[{"embeddable":true,"href":"https:\/\/www.kanzlei-steinwachs.de\/fr\/wp-json\/wp\/v2\/users\/1"}],"replies":[{"embeddable":true,"href":"https:\/\/www.kanzlei-steinwachs.de\/fr\/wp-json\/wp\/v2\/comments?post=8332"}],"version-history":[{"count":0,"href":"https:\/\/www.kanzlei-steinwachs.de\/fr\/wp-json\/wp\/v2\/pages\/8332\/revisions"}],"wp:featuredmedia":[{"embeddable":true,"href":"https:\/\/www.kanzlei-steinwachs.de\/fr\/wp-json\/wp\/v2\/media\/15783"}],"wp:attachment":[{"href":"https:\/\/www.kanzlei-steinwachs.de\/fr\/wp-json\/wp\/v2\/media?parent=8332"}],"curies":[{"name":"wp","href":"https:\/\/api.w.org\/{rel}","templated":true}]}}