{"id":8272,"date":"2023-09-26T07:23:05","date_gmt":"2023-09-26T05:23:05","guid":{"rendered":"https:\/\/www.kanzlei-steinwachs.de\/imprimer\/"},"modified":"2023-10-21T08:53:21","modified_gmt":"2023-10-21T06:53:21","slug":"imprimer","status":"publish","type":"page","link":"https:\/\/www.kanzlei-steinwachs.de\/fr\/imprimer\/","title":{"rendered":"imprimer"},"content":{"rendered":"<div class=\"wpb-content-wrapper\"><p>[vc_row content_width=\u00a0\u00bbgrid\u00a0\u00bb content_aligment=\u00a0\u00bbcenter\u00a0\u00bb triangle_shape=\u00a0\u00bbno\u00a0\u00bb css=\u00a0\u00bb.vc_custom_1696926719838{padding-bottom: 10px !important;background-position: center !important;background-repeat: no-repeat !important;background-size: cover !important;}\u00a0\u00bb][vc_column][vc_column_text css=\u00a0\u00bb.vc_custom_1697439791118{padding-bottom: 20px !important;}\u00a0\u00bb]<\/p>\n<h2 style=\"text-align: center;\">Responsable du contenu selon \u00a7 5 TMG (Loi sur les t\u00e9l\u00e9m\u00e9dias) :<\/h2>\n<div id=\"gtx-trans\" style=\"position: absolute; left: 340px; top: -4.09375px;\">\n<div class=\"gtx-trans-icon\"><\/div>\n<\/div>\n<p>[\/vc_column_text]<div class=\"mkd-separator-holder clearfix  mkd-separator-center mkd-separator-with-icon mkd-animate\" style=\"margin-top: 20px; margin-bottom: 30px\">\n\t<div class=\"mkd-separator\" style=\"border-color: #c18f59;border-style: solid;width: 97.5px\"><\/div>\n\t\t<div class=\"mkd-separator-icon\">\n\t\t\t                    \t\t\t\t\t\t<\/div>\n\t<div class=\"mkd-separator\" style=\"border-color: #c18f59;border-style: solid;width: 97.5px\"><\/div>\n<\/div>\n[\/vc_column][\/vc_row][vc_row triangle_shape=\u00a0\u00bbno\u00a0\u00bb css=\u00a0\u00bb.vc_custom_1695985900053{padding-top: 30px !important;}\u00a0\u00bb][vc_column][vc_row_inner css=\u00a0\u00bb.vc_custom_1695965286321{padding-top: 40px !important;padding-bottom: 10px !important;}\u00a0\u00bb][vc_column_inner width=\u00a0\u00bb1\/4&Prime;][vc_single_image image=\u00a0\u00bb6443&Prime; img_size=\u00a0\u00bb230 X 230&Prime; onclick=\u00a0\u00bbzoom\u00a0\u00bb css=\u00a0\u00bb.vc_custom_1697442221534{margin-top: 10px !important;padding-top: 10px !important;}\u00a0\u00bb]\n<h2 class=\"mkd-custom-font-holder\" style=\"font-size: 20px;line-height: 20px;font-weight: 700\" data-font-size= 20 data-line-height= 20>\n\tRA Stephan Steinwachs<\/h2>[vc_column_text css=\u00a0\u00bb.vc_custom_1697441654918{padding-top: 20px !important;}\u00a0\u00bb]<\/p>\n<p style=\"text-align: left;\">S T E I N W A C H S<\/p>\n<p style=\"text-align: left;\">Hallerstr. 89 20149 Hambourg<\/p>\n<p style=\"text-align: left;\">T +49 (40) 41 53 7117 \u2013 0<\/p>\n<p style=\"text-align: left;\">F +49 (40) 41 53 7117 \u2013 17<\/p>\n<p style=\"text-align: left;\">info@kanzlei-steinwachs.de<\/p>\n<p style=\"text-align: left;\">Internet: <a title=\"CABINET D'AVOCATS - CIRE DE PIERRE\" href=\"https:\/\/www.kanzlei-steinwachs.de\/\" target=\"_self\" rel=\"noopener\">www.kanzlei-steinwachs.de<\/a><\/p>\n<p>[\/vc_column_text][\/vc_column_inner][vc_column_inner width=\u00a0\u00bb3\/4&Prime;][vc_column_text css=\u00a0\u00bb.vc_custom_1697439948269{padding-top: 20px !important;}\u00a0\u00bb]<\/p>\n<p style=\"text-align: left;\">L&rsquo;avocat Stephan Steinwachs est inscrit au barreau du tribunal r\u00e9gional sup\u00e9rieur de Hambourg, Bleichenbr\u00fccke 9, 20354 Hambourg, t\u00e9l\u00e9phone : +49 (40) 357 441 \u2013 0, fax : +49 (40) 357. 441-41<\/p>\n<p style=\"text-align: left;\">http:\/\/www.rechtsanwaltskammerhamburg.de<\/p>\n<p style=\"text-align: left;\">Le titre professionnel juridique \u00ab avocat \u00bb a \u00e9t\u00e9 d\u00e9cern\u00e9 en R\u00e9publique f\u00e9d\u00e9rale d&rsquo;Allemagne.<\/p>\n<div id=\"gtx-trans\" style=\"position: absolute; left: 124px; top: 113px;\">\n<div class=\"gtx-trans-icon\"><\/div>\n<\/div>\n<p>[\/vc_column_text][vc_empty_space height=\u00a0\u00bb30px\u00a0\u00bb]\n<h2 class=\"mkd-custom-font-holder\" style=\"font-size: 20px;line-height: 30px;font-weight: 700\" data-font-size= 20 data-line-height= 30>\n\tDie nachfolgend aufgelisteten berufsrechtlichen Regelungen sind unter www.brak.de bei der Bundesrechtsanwaltskammer unter dem Stichwort \u201eInformationspflichten gem. \u00a7 5 TMG\u201c abrufbar:<\/h2>[vc_column_text css=\u00a0\u00bb.vc_custom_1697440755467{padding-top: 20px !important;}\u00a0\u00bb]<\/p>\n<ul>\n<li>Loi f\u00e9d\u00e9rale sur les avocats (BRAO)<\/li>\n<li>R\u00e8glement professionnel de l&rsquo;Ordre f\u00e9d\u00e9ral des avocats (BORA)<\/li>\n<li>R\u00e8glement des avocats sp\u00e9cialis\u00e9s (FAO)<\/li>\n<li>R\u00e8gles de d\u00e9ontologie des avocats de l&rsquo;Union europ\u00e9enne (CCBE)<\/li>\n<li>Loi sur les activit\u00e9s des avocats europ\u00e9ens en Allemagne (EURAG)<\/li>\n<li>Loi sur la r\u00e9mun\u00e9ration des avocats (RVG)<\/li>\n<li>Bar\u00e8me f\u00e9d\u00e9ral des honoraires des avocats (BRAGO)<\/li>\n<\/ul>\n<p>[\/vc_column_text][vc_column_text css=\u00a0\u00bb.vc_custom_1697440772580{padding-top: 20px !important;}\u00a0\u00bb]<\/p>\n<p style=\"text-align: left;\">Le cabinet d&rsquo;avocats repr\u00e9sente des clients dans toute l&rsquo;Allemagne, en particulier dans le nord de l&rsquo;Allemagne dans les r\u00e9gions de Hambourg, Schleswig-Holstein, Basse-Saxe, Berlin et Mecklembourg ainsi que dans les villes de Kiel, L\u00fcbeck, Elmshorn, Flensburg, Neum\u00fcnster, Heide, Itzehoe, Schleswig, Pinneberg, Pl\u00f6n et Eutin, Rendsburg, Norderstedt, Bad Segeberg, Husum, Wedel, Bad Oldesloe, Ahrensburg, Bargteheide, Ratzeburg, Bad Schwartau, Reinbek, L\u00fcneburg, Wismar, Rostock, Schwerin, Potsdam, Stade.<\/p>\n<p>[\/vc_column_text][\/vc_column_inner][\/vc_row_inner][\/vc_column][\/vc_row][vc_row triangle_shape=\u00a0\u00bbno\u00a0\u00bb css=\u00a0\u00bb.vc_custom_1697441709519{padding-top: 50px !important;}\u00a0\u00bb][vc_column]\n<h2 class=\"mkd-custom-font-holder\" style=\"font-size: 20px;line-height: 20px;font-weight: 700\" data-font-size= 20 data-line-height= 20>\n\tHaftungshinweis<\/h2>[vc_column_text css=\u00a0\u00bb.vc_custom_1697440885283{padding-top: 20px !important;}\u00a0\u00bb]<\/p>\n<p style=\"text-align: left;\">Malgr\u00e9 un contr\u00f4le minutieux du contenu, nous d\u00e9clinons toute responsabilit\u00e9 quant au contenu des liens externes. Les op\u00e9rateurs sont seuls responsables du contenu des pages li\u00e9es. <\/p>\n<p style=\"text-align: left;\">Conception : max4u \u2013 conception num\u00e9rique attrayante \u2013 http:\/\/www.max4u.de<\/p>\n<p style=\"text-align: left;\">Photos : Valeria Mitelman \u2013 http:\/\/www.mitelman.de \/ Christophe Sorenti \u2013 http:\/\/www.csorenti.com<\/p>\n<p style=\"text-align: left;\">Programmierung: Vitali Usselmann \u2013 http:\/\/www.vita.li<\/p>\n<p style=\"text-align: left;\" data-fontsize=\"16\" data-lineheight=\"24\">R\u00e9f\u00e9rence aux organismes d&rsquo;arbitrage extrajudiciaire<\/p>\n<p style=\"text-align: left;\"><a href=\"http:\/\/www.schlichtungsstelle-der-rechtsanwaltschaft.de\/\">http:\/\/www.schlichtungsstelle-der-rechtsanwaltschaft.de\/ <\/a><\/p>\n<p style=\"text-align: left;\">Plateforme de l&rsquo;UE pour le r\u00e8glement extrajudiciaire des litiges en ligne : <a href=\"http:\/\/ec.europa.eu\/consumers\/odr\/\">http:\/\/ec.europa.eu\/consumers\/odr\/<\/a><\/p>\n<p style=\"text-align: left;\">Il n\u2019y a aucune obligation de participer \u00e0 un arbitrage extrajudiciaire. Nous refusons express\u00e9ment de participer.<\/p>\n<p>[\/vc_column_text][\/vc_column][\/vc_row][vc_row triangle_shape=\u00a0\u00bbno\u00a0\u00bb css=\u00a0\u00bb.vc_custom_1697435245090{padding-top: 50px !important;padding-bottom: 50px !important;}\u00a0\u00bb][vc_column]\n<h2 class=\"mkd-custom-font-holder\" style=\"font-size: 20px;line-height: 20px;font-weight: 700\" data-font-size= 20 data-line-height= 20>\n\tRechtsportale der Kanzlei:<\/h2>[vc_column_text css=\u00a0\u00bb.vc_custom_1697440915019{padding-top: 20px !important;}\u00a0\u00bb]<\/p>\n<p style=\"text-align: left;\">Malgr\u00e9 un contr\u00f4le minutieux du contenu, nous d\u00e9clinons toute responsabilit\u00e9 quant au contenu des liens externes. Les op\u00e9rateurs sont seuls responsables du contenu des pages li\u00e9es. <\/p>\n<p style=\"text-align: left;\">Conception : max4u \u2013 conception num\u00e9rique attrayante \u2013 http:\/\/www.max4u.de<\/p>\n<p style=\"text-align: left;\">Photos : Valeria Mitelman \u2013 http:\/\/www.mitelman.de \/ Christophe Sorenti \u2013 http:\/\/www.csorenti.com<\/p>\n<p style=\"text-align: left;\">Programmierung: Vitali Usselmann \u2013 http:\/\/www.vita.li<\/p>\n<p style=\"text-align: left;\" data-fontsize=\"16\" data-lineheight=\"24\">R\u00e9f\u00e9rence aux organismes d&rsquo;arbitrage extrajudiciaire<\/p>\n<p style=\"text-align: left;\"><a href=\"http:\/\/www.schlichtungsstelle-der-rechtsanwaltschaft.de\/\">http:\/\/www.schlichtungsstelle-der-rechtsanwaltschaft.de\/ <\/a><\/p>\n<p style=\"text-align: left;\">Plateforme de l&rsquo;UE pour le r\u00e8glement extrajudiciaire des litiges en ligne : <a href=\"http:\/\/ec.europa.eu\/consumers\/odr\/\">http:\/\/ec.europa.eu\/consumers\/odr\/<\/a><\/p>\n<p style=\"text-align: left;\">Il n\u2019y a aucune obligation de participer \u00e0 un arbitrage extrajudiciaire. Nous refusons express\u00e9ment de participer.<\/p>\n<p>[\/vc_column_text][\/vc_column][\/vc_row]<\/p>\n<\/div>","protected":false},"excerpt":{"rendered":"<p>[vc_row content_width=\u00a0\u00bbgrid\u00a0\u00bb content_aligment=\u00a0\u00bbcenter\u00a0\u00bb triangle_shape=\u00a0\u00bbno\u00a0\u00bb css=\u00a0\u00bb.vc_custom_1696926719838{padding-bottom: 10px !important;background-position: center !important;background-repeat: no-repeat !important;background-size: cover !important;}\u00a0\u00bb][vc_column][vc_column_text css=\u00a0\u00bb.vc_custom_1697439791118{padding-bottom: 20px !important;}\u00a0\u00bb] Responsable du contenu selon \u00a7 5 TMG (Loi sur les t\u00e9l\u00e9m\u00e9dias) : [\/vc_column_text][\/vc_column][\/vc_row][vc_row triangle_shape=\u00a0\u00bbno\u00a0\u00bb css=\u00a0\u00bb.vc_custom_1695985900053{padding-top: 30px !important;}\u00a0\u00bb][vc_column][vc_row_inner css=\u00a0\u00bb.vc_custom_1695965286321{padding-top: 40px !important;padding-bottom: 10px !important;}\u00a0\u00bb][vc_column_inner width=\u00a0\u00bb1\/4&Prime;][vc_single_image image=\u00a0\u00bb6443&Prime; img_size=\u00a0\u00bb230 X 230&Prime; onclick=\u00a0\u00bbzoom\u00a0\u00bb css=\u00a0\u00bb.vc_custom_1697442221534{margin-top: 10px !important;padding-top: 10px !important;}\u00a0\u00bb][vc_column_text css=\u00a0\u00bb.vc_custom_1697441654918{padding-top: 20px !important;}\u00a0\u00bb] S T E I N W A C H S Hallerstr. 89 20149 Hambourg T +49 (40) 41 53 7117 \u2013 0 F +49 (40) 41 53 7117 \u2013 17 info@kanzlei-steinwachs.de Internet: www.kanzlei-steinwachs.de [\/vc_column_text][\/vc_column_inner][vc_column_inner width=\u00a0\u00bb3\/4&Prime;][vc_column_text css=\u00a0\u00bb.vc_custom_1697439948269{padding-top: 20px !important;}\u00a0\u00bb] L&rsquo;avocat Stephan Steinwachs est inscrit au barreau du tribunal r\u00e9gional&#8230;<\/p>\n","protected":false},"author":1,"featured_media":0,"parent":0,"menu_order":0,"comment_status":"closed","ping_status":"closed","template":"","meta":{"footnotes":""},"class_list":["post-8272","page","type-page","status-publish","hentry"],"yoast_head":"<!-- This site is optimized with the Yoast SEO Premium plugin v27.2 (Yoast SEO v27.4) - https:\/\/yoast.com\/product\/yoast-seo-premium-wordpress\/ -->\n<title>Rechtsanwaltskanzlei in Hamburg Berlin Bremen Hannover L\u00fcbeck<\/title>\n<meta name=\"description\" content=\"Rechtsanwaltskanzlei f\u00fcr Arbeitsrecht, Arzthaftung, Mietrecht, Gewerbemietrecht ,Gastronomierecht, Immobilienrecht, Schadensersatz Yachtrecht\" \/>\n<meta name=\"robots\" content=\"index, follow, max-snippet:-1, max-image-preview:large, max-video-preview:-1\" \/>\n<link rel=\"canonical\" href=\"https:\/\/www.kanzlei-steinwachs.de\/fr\/imprimer\/\" \/>\n<meta property=\"og:locale\" content=\"fr_FR\" \/>\n<meta property=\"og:type\" content=\"article\" \/>\n<meta property=\"og:title\" content=\"Rechtsanwaltskanzlei in Hamburg Berlin Bremen Hannover L\u00fcbeck\" \/>\n<meta property=\"og:description\" content=\"Rechtsanwaltskanzlei f\u00fcr Arbeitsrecht, Arzthaftung, Mietrecht, Gewerbemietrecht ,Gastronomierecht, Immobilienrecht, Schadensersatz Yachtrecht\" \/>\n<meta property=\"og:url\" content=\"https:\/\/www.kanzlei-steinwachs.de\/fr\/imprimer\/\" \/>\n<meta property=\"og:site_name\" content=\"Rechtsanwaltskanzlei Anwalt Hamburg Berlin Bremen Hannover L\u00fcbeck\" \/>\n<meta property=\"article:publisher\" content=\"https:\/\/www.facebook.com\/STEINWACHSRechtsanwaltskanzlei\/\" \/>\n<meta property=\"article:modified_time\" content=\"2023-10-21T06:53:21+00:00\" \/>\n<meta name=\"twitter:card\" content=\"summary_large_image\" \/>\n<meta name=\"twitter:site\" content=\"@rasteinwachs\" \/>\n<meta name=\"twitter:label1\" content=\"Dur\u00e9e de lecture estim\u00e9e\" \/>\n\t<meta name=\"twitter:data1\" content=\"4 minutes\" \/>\n<script type=\"application\/ld+json\" class=\"yoast-schema-graph\">{\"@context\":\"https:\\\/\\\/schema.org\",\"@graph\":[{\"@type\":\"WebPage\",\"@id\":\"https:\\\/\\\/www.kanzlei-steinwachs.de\\\/fr\\\/imprimer\\\/\",\"url\":\"https:\\\/\\\/www.kanzlei-steinwachs.de\\\/fr\\\/imprimer\\\/\",\"name\":\"Rechtsanwaltskanzlei in Hamburg Berlin Bremen Hannover L\u00fcbeck\",\"isPartOf\":{\"@id\":\"https:\\\/\\\/www.kanzlei-steinwachs.de\\\/fr\\\/#website\"},\"datePublished\":\"2023-09-26T05:23:05+00:00\",\"dateModified\":\"2023-10-21T06:53:21+00:00\",\"description\":\"Rechtsanwaltskanzlei f\u00fcr Arbeitsrecht, Arzthaftung, Mietrecht, Gewerbemietrecht ,Gastronomierecht, Immobilienrecht, Schadensersatz Yachtrecht\",\"inLanguage\":\"fr-FR\",\"potentialAction\":[{\"@type\":\"ReadAction\",\"target\":[\"https:\\\/\\\/www.kanzlei-steinwachs.de\\\/fr\\\/imprimer\\\/\"]}]},{\"@type\":\"WebSite\",\"@id\":\"https:\\\/\\\/www.kanzlei-steinwachs.de\\\/fr\\\/#website\",\"url\":\"https:\\\/\\\/www.kanzlei-steinwachs.de\\\/fr\\\/\",\"name\":\"Rechtsanwaltskanzlei Anwalt Hamburg Berlin Bremen Hannover L\u00fcbeck\",\"description\":\"Wir leisten mehr als Recht bietet\",\"publisher\":{\"@id\":\"https:\\\/\\\/www.kanzlei-steinwachs.de\\\/fr\\\/#organization\"},\"potentialAction\":[{\"@type\":\"SearchAction\",\"target\":{\"@type\":\"EntryPoint\",\"urlTemplate\":\"https:\\\/\\\/www.kanzlei-steinwachs.de\\\/fr\\\/?s={search_term_string}\"},\"query-input\":{\"@type\":\"PropertyValueSpecification\",\"valueRequired\":true,\"valueName\":\"search_term_string\"}}],\"inLanguage\":\"fr-FR\"},{\"@type\":[\"Organization\",\"Place\"],\"@id\":\"https:\\\/\\\/www.kanzlei-steinwachs.de\\\/fr\\\/#organization\",\"name\":\"Rechtsanwaltskanzlei Anwalt Hamburg Berlin Bremen Hannover L\u00fcbeck\",\"url\":\"https:\\\/\\\/www.kanzlei-steinwachs.de\\\/\",\"logo\":{\"@type\":\"ImageObject\",\"inLanguage\":\"fr-FR\",\"@id\":\"https:\\\/\\\/www.kanzlei-steinwachs.de\\\/fr\\\/#\\\/schema\\\/logo\\\/image\\\/\",\"url\":\"https:\\\/\\\/i0.wp.com\\\/www.kanzlei-steinwachs.de\\\/wp-content\\\/uploads\\\/2023\\\/12\\\/logo.webp?fit=174%2C76&quality=80&ssl=1\",\"contentUrl\":\"https:\\\/\\\/i0.wp.com\\\/www.kanzlei-steinwachs.de\\\/wp-content\\\/uploads\\\/2023\\\/12\\\/logo.webp?fit=174%2C76&quality=80&ssl=1\",\"width\":174,\"height\":76,\"caption\":\"Rechtsanwaltskanzlei Anwalt Hamburg Berlin Bremen Hannover L\u00fcbeck\"},\"image\":{\"@id\":\"https:\\\/\\\/www.kanzlei-steinwachs.de\\\/fr\\\/#\\\/schema\\\/logo\\\/image\\\/\"},\"sameAs\":[\"https:\\\/\\\/www.facebook.com\\\/STEINWACHSRechtsanwaltskanzlei\\\/\",\"https:\\\/\\\/x.com\\\/rasteinwachs\",\"https:\\\/\\\/www.instagram.com\\\/steinwachs_rechtsanwaelte\\\/\",\"https:\\\/\\\/www.linkedin.com\\\/in\\\/stephan-steinwachs-7a270197\\\/\",\"https:\\\/\\\/www.youtube.com\\\/channel\\\/UCffmodDlQx81remXm395RWA\"],\"telephone\":[]}]}<\/script>\n<!-- \/ Yoast SEO Premium plugin. -->","yoast_head_json":{"title":"Rechtsanwaltskanzlei in Hamburg Berlin Bremen Hannover L\u00fcbeck","description":"Rechtsanwaltskanzlei f\u00fcr Arbeitsrecht, Arzthaftung, Mietrecht, Gewerbemietrecht ,Gastronomierecht, Immobilienrecht, Schadensersatz Yachtrecht","robots":{"index":"index","follow":"follow","max-snippet":"max-snippet:-1","max-image-preview":"max-image-preview:large","max-video-preview":"max-video-preview:-1"},"canonical":"https:\/\/www.kanzlei-steinwachs.de\/fr\/imprimer\/","og_locale":"fr_FR","og_type":"article","og_title":"Rechtsanwaltskanzlei in Hamburg Berlin Bremen Hannover L\u00fcbeck","og_description":"Rechtsanwaltskanzlei f\u00fcr Arbeitsrecht, Arzthaftung, Mietrecht, Gewerbemietrecht ,Gastronomierecht, Immobilienrecht, Schadensersatz Yachtrecht","og_url":"https:\/\/www.kanzlei-steinwachs.de\/fr\/imprimer\/","og_site_name":"Rechtsanwaltskanzlei Anwalt Hamburg Berlin Bremen Hannover L\u00fcbeck","article_publisher":"https:\/\/www.facebook.com\/STEINWACHSRechtsanwaltskanzlei\/","article_modified_time":"2023-10-21T06:53:21+00:00","twitter_card":"summary_large_image","twitter_site":"@rasteinwachs","twitter_misc":{"Dur\u00e9e de lecture estim\u00e9e":"4 minutes"},"schema":{"@context":"https:\/\/schema.org","@graph":[{"@type":"WebPage","@id":"https:\/\/www.kanzlei-steinwachs.de\/fr\/imprimer\/","url":"https:\/\/www.kanzlei-steinwachs.de\/fr\/imprimer\/","name":"Rechtsanwaltskanzlei in Hamburg Berlin Bremen Hannover L\u00fcbeck","isPartOf":{"@id":"https:\/\/www.kanzlei-steinwachs.de\/fr\/#website"},"datePublished":"2023-09-26T05:23:05+00:00","dateModified":"2023-10-21T06:53:21+00:00","description":"Rechtsanwaltskanzlei f\u00fcr Arbeitsrecht, Arzthaftung, Mietrecht, Gewerbemietrecht ,Gastronomierecht, Immobilienrecht, Schadensersatz Yachtrecht","inLanguage":"fr-FR","potentialAction":[{"@type":"ReadAction","target":["https:\/\/www.kanzlei-steinwachs.de\/fr\/imprimer\/"]}]},{"@type":"WebSite","@id":"https:\/\/www.kanzlei-steinwachs.de\/fr\/#website","url":"https:\/\/www.kanzlei-steinwachs.de\/fr\/","name":"Rechtsanwaltskanzlei Anwalt Hamburg Berlin Bremen Hannover L\u00fcbeck","description":"Wir leisten mehr als Recht bietet","publisher":{"@id":"https:\/\/www.kanzlei-steinwachs.de\/fr\/#organization"},"potentialAction":[{"@type":"SearchAction","target":{"@type":"EntryPoint","urlTemplate":"https:\/\/www.kanzlei-steinwachs.de\/fr\/?s={search_term_string}"},"query-input":{"@type":"PropertyValueSpecification","valueRequired":true,"valueName":"search_term_string"}}],"inLanguage":"fr-FR"},{"@type":["Organization","Place"],"@id":"https:\/\/www.kanzlei-steinwachs.de\/fr\/#organization","name":"Rechtsanwaltskanzlei Anwalt Hamburg Berlin Bremen Hannover L\u00fcbeck","url":"https:\/\/www.kanzlei-steinwachs.de\/","logo":{"@type":"ImageObject","inLanguage":"fr-FR","@id":"https:\/\/www.kanzlei-steinwachs.de\/fr\/#\/schema\/logo\/image\/","url":"https:\/\/i0.wp.com\/www.kanzlei-steinwachs.de\/wp-content\/uploads\/2023\/12\/logo.webp?fit=174%2C76&quality=80&ssl=1","contentUrl":"https:\/\/i0.wp.com\/www.kanzlei-steinwachs.de\/wp-content\/uploads\/2023\/12\/logo.webp?fit=174%2C76&quality=80&ssl=1","width":174,"height":76,"caption":"Rechtsanwaltskanzlei Anwalt Hamburg Berlin Bremen Hannover L\u00fcbeck"},"image":{"@id":"https:\/\/www.kanzlei-steinwachs.de\/fr\/#\/schema\/logo\/image\/"},"sameAs":["https:\/\/www.facebook.com\/STEINWACHSRechtsanwaltskanzlei\/","https:\/\/x.com\/rasteinwachs","https:\/\/www.instagram.com\/steinwachs_rechtsanwaelte\/","https:\/\/www.linkedin.com\/in\/stephan-steinwachs-7a270197\/","https:\/\/www.youtube.com\/channel\/UCffmodDlQx81remXm395RWA"],"telephone":[]}]}},"jetpack_sharing_enabled":true,"_links":{"self":[{"href":"https:\/\/www.kanzlei-steinwachs.de\/fr\/wp-json\/wp\/v2\/pages\/8272","targetHints":{"allow":["GET"]}}],"collection":[{"href":"https:\/\/www.kanzlei-steinwachs.de\/fr\/wp-json\/wp\/v2\/pages"}],"about":[{"href":"https:\/\/www.kanzlei-steinwachs.de\/fr\/wp-json\/wp\/v2\/types\/page"}],"author":[{"embeddable":true,"href":"https:\/\/www.kanzlei-steinwachs.de\/fr\/wp-json\/wp\/v2\/users\/1"}],"replies":[{"embeddable":true,"href":"https:\/\/www.kanzlei-steinwachs.de\/fr\/wp-json\/wp\/v2\/comments?post=8272"}],"version-history":[{"count":0,"href":"https:\/\/www.kanzlei-steinwachs.de\/fr\/wp-json\/wp\/v2\/pages\/8272\/revisions"}],"wp:attachment":[{"href":"https:\/\/www.kanzlei-steinwachs.de\/fr\/wp-json\/wp\/v2\/media?parent=8272"}],"curies":[{"name":"wp","href":"https:\/\/api.w.org\/{rel}","templated":true}]}}