{"id":8206,"date":"2023-09-22T12:14:15","date_gmt":"2023-09-22T10:14:15","guid":{"rendered":"https:\/\/www.kanzlei-steinwachs.de\/droit-de-la-construction\/"},"modified":"2023-10-21T07:32:34","modified_gmt":"2023-10-21T05:32:34","slug":"droit-de-la-construction","status":"publish","type":"page","link":"https:\/\/www.kanzlei-steinwachs.de\/fr\/droit-de-la-construction\/","title":{"rendered":"Droit de la construction"},"content":{"rendered":"<div class=\"wpb-content-wrapper\"><p>[vc_row triangle_shape=\u00a0\u00bbno\u00a0\u00bb css=\u00a0\u00bb.vc_custom_1695377714943{padding-bottom: 20px !important;}\u00a0\u00bb][vc_column][vc_column_text]Le droit de la construction et le droit de l&rsquo;architecture offrent une pertinence pratique particuli\u00e8re, mais g\u00e9n\u00e9ralement aussi une explosivit\u00e9 juridique. En particulier dans le cadre du droit de la construction, le client doit pouvoir compter le plus t\u00f4t possible et surtout avant les premi\u00e8res d\u00e9marches (par ex. demande de permis de construire, s\u00e9lection d&rsquo;un promoteur, etc.) sur les conseils fiables d&rsquo;un avocat exp\u00e9riment\u00e9 en droit de la construction. etc.), car cela peut souvent entra\u00eener des co\u00fbts ult\u00e9rieurs importants. Les processus peuvent \u00eatre \u00e9vit\u00e9s.[\/vc_column_text][\/vc_column][\/vc_row][vc_row triangle_shape=\u00a0\u00bbno\u00a0\u00bb css=\u00a0\u00bb.vc_custom_1695377774407{padding-bottom: 20px !important;}\u00a0\u00bb][vc_column][vc_column_text]Les avocats du cabinet d&rsquo;avocats STEINWACHS conseillent sur toutes les questions li\u00e9es au droit de la construction, au droit immobilier et aux domaines juridiques connexes.[\/vc_column_text][\/vc_column][\/vc_row][vc_row triangle_shape=\u00a0\u00bbno\u00a0\u00bb css=\u00a0\u00bb.vc_custom_1695378240016{padding-bottom: 20px !important;}\u00a0\u00bb][vc_column][vc_column_text css=\u00a0\u00bb.vc_custom_1695377846816{padding-bottom: 20px !important;}\u00a0\u00bb]Dans ce contexte, il est possible d&rsquo;utiliser un grand nombre de proc\u00e9dures mises en \u0153uvre jusqu&rsquo;\u00e0 pr\u00e9sent, dans lesquelles les particularit\u00e9s juridiques nationales individuelles ont \u00e9t\u00e9 appliqu\u00e9es en cons\u00e9quence, ce qui repr\u00e9sente g\u00e9n\u00e9ralement un obstacle difficile \u00e0 surmonter pour les propri\u00e9taires d&rsquo;immeubles sur la voie de la r\u00e9alisation. leurs id\u00e9es. L&rsquo;exp\u00e9rience pratique a montr\u00e9 \u00e0 maintes reprises que les constructeurs n&rsquo;ont aucunement conscience du risque de dommages financiers consid\u00e9rables, voire de pertes, si les exigences l\u00e9gales ne sont pas respect\u00e9es. Dans le pire des cas, les ordonnances de d\u00e9molition ou d&rsquo;interdiction d&rsquo;utilisation \u00e9mises ont de telles cons\u00e9quences financi\u00e8res pour le promoteur qu&rsquo;il est conseill\u00e9 de consulter rapidement un avocat qualifi\u00e9.[\/vc_column_text][\/vc_column][\/vc_row][vc_row triangle_shape=\u00a0\u00bbno\u00a0\u00bb css=\u00a0\u00bb.vc_custom_1695377954704{padding-bottom: 20px !important;}\u00a0\u00bb][vc_column][vc_column_text]Nos avocats conseillent, entre autres, sur les sujets suivants en mati\u00e8re de droit de la construction :<\/p>\n<ul>\n<li>R\u00e9ception de la construction<\/li>\n<li>Assurance n\u00e9cessaire<\/li>\n<li>Proc\u00e9dure pour les d\u00e9fauts de construction<\/li>\n<li>Responsabilit\u00e9 de l&rsquo;architecte<\/li>\n<li>Frais suppl\u00e9mentaires lors de l&rsquo;achat d&rsquo;une maison<\/li>\n<li>Honoraires d&rsquo;architecte pas encore en phase d&rsquo;acquisition<\/li>\n<li>Aide \u00e0 la construction<\/li>\n<li>Rapport de sol\/analyse du sous-sol<\/li>\n<li>Contenu n\u00e9cessaire des factures et d\u00e9lais de conservation<\/li>\n<li>Travail personnel sur la construction d&rsquo;une maison<\/li>\n<li>Contrats avec des architectes et urbanistes \u00e9trangers<\/li>\n<li>Honoraires conditionnels dans les litiges de construction<\/li>\n<li>Achat de terrain<\/li>\n<li>Conditions g\u00e9n\u00e9rales d&rsquo;achat d&rsquo;une maison pr\u00e9fabriqu\u00e9e<\/li>\n<li>Contrats de construction<\/li>\n<li>\u00c9conomisez des imp\u00f4ts avec les factures des artisans<\/li>\n<li>Am\u00e9nagement du territoire<\/li>\n<li>Vertragserf\u00fcllungsb\u00fcrgschaft und Gew\u00e4hrleistungsb\u00fcrgschaft<\/li>\n<li>Droit p\u00e9nal de la construction<\/li>\n<li>Obligations d&rsquo;information pour les architectes<\/li>\n<li>Chauffages \u00e0 accumulation de nuit et EnEV 2009<\/li>\n<li>Contrats de notaire lors de la construction d&rsquo;une maison<\/li>\n<li>Ventes \u00e0 cr\u00e9dit<\/li>\n<li>Abus de v\u00e9rifiabilit\u00e9 dans les factures<\/li>\n<li>Retards de construction dus aux intemp\u00e9ries<\/li>\n<li>Double imposition des maisons cl\u00e9 en main<\/li>\n<li>Droit d&rsquo;auteur de l&rsquo;architecte<\/li>\n<li>Isolation thermique en limite de propri\u00e9t\u00e9<\/li>\n<li>Obligations de s\u00e9curit\u00e9 routi\u00e8re des propri\u00e9taires<\/li>\n<li>L&rsquo;isolation phonique DIN 4109 n&rsquo;est pas suffisante<\/li>\n<li>PPP-PublicPrivatePartnership et alternative<\/li>\n<\/ul>\n<p>[\/vc_column_text][\/vc_column][\/vc_row][vc_row triangle_shape=\u00a0\u00bbno\u00a0\u00bb css=\u00a0\u00bb.vc_custom_1695378050424{padding-bottom: 20px !important;}\u00a0\u00bb][vc_column][vc_column_text]Vous trouverez des arr\u00eats int\u00e9ressants et de plus amples informations au sujet du droit de la construction sur notre page d&rsquo;information sur le droit de la construction.[\/vc_column_text][\/vc_column][\/vc_row][vc_row triangle_shape=\u00a0\u00bbno\u00a0\u00bb css=\u00a0\u00bb.vc_custom_1695378088664{padding-bottom: 20px !important;}\u00a0\u00bb][vc_column][vc_column_text]Notez \u00e9galement notre SP\u00c9CIAL SOKA-BAU ![\/vc_column_text][\/vc_column][\/vc_row][vc_row triangle_shape=\u00a0\u00bbno\u00a0\u00bb css=\u00a0\u00bb.vc_custom_1695378132039{padding-bottom: 20px !important;}\u00a0\u00bb][vc_column][vc_column_text]Responsable du contenu de la page Avocat Droit de la construction Hambourg Berlin Br\u00eame : Avocat Stephan Steinwachs (Avocat Hambourg Berlin Br\u00eame)[\/vc_column_text][\/vc_column][\/vc_row]<\/p>\n<\/div>","protected":false},"excerpt":{"rendered":"<p>[vc_row triangle_shape=\u00a0\u00bbno\u00a0\u00bb css=\u00a0\u00bb.vc_custom_1695377714943{padding-bottom: 20px !important;}\u00a0\u00bb][vc_column][vc_column_text]Le droit de la construction et le droit de l&rsquo;architecture offrent une pertinence pratique particuli\u00e8re, mais g\u00e9n\u00e9ralement aussi une explosivit\u00e9 juridique. En particulier dans le cadre du droit de la construction, le client doit pouvoir compter le plus t\u00f4t possible et surtout avant les premi\u00e8res d\u00e9marches (par ex. demande de permis de construire, s\u00e9lection d&rsquo;un promoteur, etc.) sur les conseils fiables d&rsquo;un avocat exp\u00e9riment\u00e9 en droit de la construction. etc.), car cela peut souvent entra\u00eener des co\u00fbts ult\u00e9rieurs importants. Les processus peuvent \u00eatre \u00e9vit\u00e9s.[\/vc_column_text][\/vc_column][\/vc_row][vc_row triangle_shape=\u00a0\u00bbno\u00a0\u00bb css=\u00a0\u00bb.vc_custom_1695377774407{padding-bottom: 20px !important;}\u00a0\u00bb][vc_column][vc_column_text]Les avocats du cabinet d&rsquo;avocats STEINWACHS conseillent sur toutes&#8230;<\/p>\n","protected":false},"author":1,"featured_media":5983,"parent":0,"menu_order":0,"comment_status":"closed","ping_status":"closed","template":"","meta":{"footnotes":""},"class_list":["post-8206","page","type-page","status-publish","has-post-thumbnail","hentry"],"yoast_head":"<!-- This site is optimized with the Yoast SEO Premium plugin v27.2 (Yoast SEO v27.4) - https:\/\/yoast.com\/product\/yoast-seo-premium-wordpress\/ -->\n<title>Rechtsanwaltskanzlei in Hamburg Berlin Bremen Hannover L\u00fcbeck<\/title>\n<meta name=\"description\" content=\"Rechtsanwaltskanzlei f\u00fcr Arbeitsrecht, Arzthaftung, Mietrecht, Gewerbemietrecht ,Gastronomierecht, Immobilienrecht, Schadensersatz Yachtrecht\" \/>\n<meta name=\"robots\" content=\"index, follow, max-snippet:-1, max-image-preview:large, max-video-preview:-1\" \/>\n<link rel=\"canonical\" href=\"https:\/\/www.kanzlei-steinwachs.de\/fr\/droit-de-la-construction\/\" \/>\n<meta property=\"og:locale\" content=\"fr_FR\" \/>\n<meta property=\"og:type\" content=\"article\" \/>\n<meta property=\"og:title\" content=\"Rechtsanwaltskanzlei in Hamburg Berlin Bremen Hannover L\u00fcbeck\" \/>\n<meta property=\"og:description\" content=\"Rechtsanwaltskanzlei f\u00fcr Arbeitsrecht, Arzthaftung, Mietrecht, Gewerbemietrecht ,Gastronomierecht, Immobilienrecht, Schadensersatz Yachtrecht\" \/>\n<meta property=\"og:url\" content=\"https:\/\/www.kanzlei-steinwachs.de\/fr\/droit-de-la-construction\/\" \/>\n<meta property=\"og:site_name\" content=\"Rechtsanwaltskanzlei Anwalt Hamburg Berlin Bremen Hannover L\u00fcbeck\" \/>\n<meta property=\"article:publisher\" content=\"https:\/\/www.facebook.com\/STEINWACHSRechtsanwaltskanzlei\/\" \/>\n<meta property=\"article:modified_time\" content=\"2023-10-21T05:32:34+00:00\" \/>\n<meta name=\"twitter:card\" content=\"summary_large_image\" \/>\n<meta name=\"twitter:site\" content=\"@rasteinwachs\" \/>\n<meta name=\"twitter:label1\" content=\"Dur\u00e9e de lecture estim\u00e9e\" \/>\n\t<meta name=\"twitter:data1\" content=\"3 minutes\" \/>\n<script type=\"application\/ld+json\" class=\"yoast-schema-graph\">{\"@context\":\"https:\\\/\\\/schema.org\",\"@graph\":[{\"@type\":\"WebPage\",\"@id\":\"https:\\\/\\\/www.kanzlei-steinwachs.de\\\/fr\\\/droit-de-la-construction\\\/\",\"url\":\"https:\\\/\\\/www.kanzlei-steinwachs.de\\\/fr\\\/droit-de-la-construction\\\/\",\"name\":\"Rechtsanwaltskanzlei in Hamburg Berlin Bremen Hannover L\u00fcbeck\",\"isPartOf\":{\"@id\":\"https:\\\/\\\/www.kanzlei-steinwachs.de\\\/fr\\\/#website\"},\"primaryImageOfPage\":{\"@id\":\"https:\\\/\\\/www.kanzlei-steinwachs.de\\\/fr\\\/droit-de-la-construction\\\/#primaryimage\"},\"image\":{\"@id\":\"https:\\\/\\\/www.kanzlei-steinwachs.de\\\/fr\\\/droit-de-la-construction\\\/#primaryimage\"},\"thumbnailUrl\":\"https:\\\/\\\/i0.wp.com\\\/www.kanzlei-steinwachs.de\\\/wp-content\\\/uploads\\\/2023\\\/10\\\/businessman-businesswoman-sitting-front-manager-workplace.jpg?fit=1000%2C667&quality=20&ssl=1\",\"datePublished\":\"2023-09-22T10:14:15+00:00\",\"dateModified\":\"2023-10-21T05:32:34+00:00\",\"description\":\"Rechtsanwaltskanzlei f\u00fcr Arbeitsrecht, Arzthaftung, Mietrecht, Gewerbemietrecht ,Gastronomierecht, Immobilienrecht, Schadensersatz Yachtrecht\",\"inLanguage\":\"fr-FR\",\"potentialAction\":[{\"@type\":\"ReadAction\",\"target\":[\"https:\\\/\\\/www.kanzlei-steinwachs.de\\\/fr\\\/droit-de-la-construction\\\/\"]}]},{\"@type\":\"ImageObject\",\"inLanguage\":\"fr-FR\",\"@id\":\"https:\\\/\\\/www.kanzlei-steinwachs.de\\\/fr\\\/droit-de-la-construction\\\/#primaryimage\",\"url\":\"https:\\\/\\\/i0.wp.com\\\/www.kanzlei-steinwachs.de\\\/wp-content\\\/uploads\\\/2023\\\/10\\\/businessman-businesswoman-sitting-front-manager-workplace.jpg?fit=1000%2C667&quality=20&ssl=1\",\"contentUrl\":\"https:\\\/\\\/i0.wp.com\\\/www.kanzlei-steinwachs.de\\\/wp-content\\\/uploads\\\/2023\\\/10\\\/businessman-businesswoman-sitting-front-manager-workplace.jpg?fit=1000%2C667&quality=20&ssl=1\",\"width\":1000,\"height\":667},{\"@type\":\"WebSite\",\"@id\":\"https:\\\/\\\/www.kanzlei-steinwachs.de\\\/fr\\\/#website\",\"url\":\"https:\\\/\\\/www.kanzlei-steinwachs.de\\\/fr\\\/\",\"name\":\"Rechtsanwaltskanzlei Anwalt Hamburg Berlin Bremen Hannover L\u00fcbeck\",\"description\":\"Wir leisten mehr als Recht bietet\",\"publisher\":{\"@id\":\"https:\\\/\\\/www.kanzlei-steinwachs.de\\\/fr\\\/#organization\"},\"potentialAction\":[{\"@type\":\"SearchAction\",\"target\":{\"@type\":\"EntryPoint\",\"urlTemplate\":\"https:\\\/\\\/www.kanzlei-steinwachs.de\\\/fr\\\/?s={search_term_string}\"},\"query-input\":{\"@type\":\"PropertyValueSpecification\",\"valueRequired\":true,\"valueName\":\"search_term_string\"}}],\"inLanguage\":\"fr-FR\"},{\"@type\":[\"Organization\",\"Place\"],\"@id\":\"https:\\\/\\\/www.kanzlei-steinwachs.de\\\/fr\\\/#organization\",\"name\":\"Rechtsanwaltskanzlei Anwalt Hamburg Berlin Bremen Hannover L\u00fcbeck\",\"url\":\"https:\\\/\\\/www.kanzlei-steinwachs.de\\\/\",\"logo\":{\"@type\":\"ImageObject\",\"inLanguage\":\"fr-FR\",\"@id\":\"https:\\\/\\\/www.kanzlei-steinwachs.de\\\/fr\\\/#\\\/schema\\\/logo\\\/image\\\/\",\"url\":\"https:\\\/\\\/i0.wp.com\\\/www.kanzlei-steinwachs.de\\\/wp-content\\\/uploads\\\/2023\\\/12\\\/logo.webp?fit=174%2C76&quality=80&ssl=1\",\"contentUrl\":\"https:\\\/\\\/i0.wp.com\\\/www.kanzlei-steinwachs.de\\\/wp-content\\\/uploads\\\/2023\\\/12\\\/logo.webp?fit=174%2C76&quality=80&ssl=1\",\"width\":174,\"height\":76,\"caption\":\"Rechtsanwaltskanzlei Anwalt Hamburg Berlin Bremen Hannover L\u00fcbeck\"},\"image\":{\"@id\":\"https:\\\/\\\/www.kanzlei-steinwachs.de\\\/fr\\\/#\\\/schema\\\/logo\\\/image\\\/\"},\"sameAs\":[\"https:\\\/\\\/www.facebook.com\\\/STEINWACHSRechtsanwaltskanzlei\\\/\",\"https:\\\/\\\/x.com\\\/rasteinwachs\",\"https:\\\/\\\/www.instagram.com\\\/steinwachs_rechtsanwaelte\\\/\",\"https:\\\/\\\/www.linkedin.com\\\/in\\\/stephan-steinwachs-7a270197\\\/\",\"https:\\\/\\\/www.youtube.com\\\/channel\\\/UCffmodDlQx81remXm395RWA\"],\"telephone\":[]}]}<\/script>\n<!-- \/ Yoast SEO Premium plugin. -->","yoast_head_json":{"title":"Rechtsanwaltskanzlei in Hamburg Berlin Bremen Hannover L\u00fcbeck","description":"Rechtsanwaltskanzlei f\u00fcr Arbeitsrecht, Arzthaftung, Mietrecht, Gewerbemietrecht ,Gastronomierecht, Immobilienrecht, Schadensersatz Yachtrecht","robots":{"index":"index","follow":"follow","max-snippet":"max-snippet:-1","max-image-preview":"max-image-preview:large","max-video-preview":"max-video-preview:-1"},"canonical":"https:\/\/www.kanzlei-steinwachs.de\/fr\/droit-de-la-construction\/","og_locale":"fr_FR","og_type":"article","og_title":"Rechtsanwaltskanzlei in Hamburg Berlin Bremen Hannover L\u00fcbeck","og_description":"Rechtsanwaltskanzlei f\u00fcr Arbeitsrecht, Arzthaftung, Mietrecht, Gewerbemietrecht ,Gastronomierecht, Immobilienrecht, Schadensersatz Yachtrecht","og_url":"https:\/\/www.kanzlei-steinwachs.de\/fr\/droit-de-la-construction\/","og_site_name":"Rechtsanwaltskanzlei Anwalt Hamburg Berlin Bremen Hannover L\u00fcbeck","article_publisher":"https:\/\/www.facebook.com\/STEINWACHSRechtsanwaltskanzlei\/","article_modified_time":"2023-10-21T05:32:34+00:00","twitter_card":"summary_large_image","twitter_site":"@rasteinwachs","twitter_misc":{"Dur\u00e9e de lecture estim\u00e9e":"3 minutes"},"schema":{"@context":"https:\/\/schema.org","@graph":[{"@type":"WebPage","@id":"https:\/\/www.kanzlei-steinwachs.de\/fr\/droit-de-la-construction\/","url":"https:\/\/www.kanzlei-steinwachs.de\/fr\/droit-de-la-construction\/","name":"Rechtsanwaltskanzlei in Hamburg Berlin Bremen Hannover L\u00fcbeck","isPartOf":{"@id":"https:\/\/www.kanzlei-steinwachs.de\/fr\/#website"},"primaryImageOfPage":{"@id":"https:\/\/www.kanzlei-steinwachs.de\/fr\/droit-de-la-construction\/#primaryimage"},"image":{"@id":"https:\/\/www.kanzlei-steinwachs.de\/fr\/droit-de-la-construction\/#primaryimage"},"thumbnailUrl":"https:\/\/i0.wp.com\/www.kanzlei-steinwachs.de\/wp-content\/uploads\/2023\/10\/businessman-businesswoman-sitting-front-manager-workplace.jpg?fit=1000%2C667&quality=20&ssl=1","datePublished":"2023-09-22T10:14:15+00:00","dateModified":"2023-10-21T05:32:34+00:00","description":"Rechtsanwaltskanzlei f\u00fcr Arbeitsrecht, Arzthaftung, Mietrecht, Gewerbemietrecht ,Gastronomierecht, Immobilienrecht, Schadensersatz Yachtrecht","inLanguage":"fr-FR","potentialAction":[{"@type":"ReadAction","target":["https:\/\/www.kanzlei-steinwachs.de\/fr\/droit-de-la-construction\/"]}]},{"@type":"ImageObject","inLanguage":"fr-FR","@id":"https:\/\/www.kanzlei-steinwachs.de\/fr\/droit-de-la-construction\/#primaryimage","url":"https:\/\/i0.wp.com\/www.kanzlei-steinwachs.de\/wp-content\/uploads\/2023\/10\/businessman-businesswoman-sitting-front-manager-workplace.jpg?fit=1000%2C667&quality=20&ssl=1","contentUrl":"https:\/\/i0.wp.com\/www.kanzlei-steinwachs.de\/wp-content\/uploads\/2023\/10\/businessman-businesswoman-sitting-front-manager-workplace.jpg?fit=1000%2C667&quality=20&ssl=1","width":1000,"height":667},{"@type":"WebSite","@id":"https:\/\/www.kanzlei-steinwachs.de\/fr\/#website","url":"https:\/\/www.kanzlei-steinwachs.de\/fr\/","name":"Rechtsanwaltskanzlei Anwalt Hamburg Berlin Bremen Hannover L\u00fcbeck","description":"Wir leisten mehr als Recht bietet","publisher":{"@id":"https:\/\/www.kanzlei-steinwachs.de\/fr\/#organization"},"potentialAction":[{"@type":"SearchAction","target":{"@type":"EntryPoint","urlTemplate":"https:\/\/www.kanzlei-steinwachs.de\/fr\/?s={search_term_string}"},"query-input":{"@type":"PropertyValueSpecification","valueRequired":true,"valueName":"search_term_string"}}],"inLanguage":"fr-FR"},{"@type":["Organization","Place"],"@id":"https:\/\/www.kanzlei-steinwachs.de\/fr\/#organization","name":"Rechtsanwaltskanzlei Anwalt Hamburg Berlin Bremen Hannover L\u00fcbeck","url":"https:\/\/www.kanzlei-steinwachs.de\/","logo":{"@type":"ImageObject","inLanguage":"fr-FR","@id":"https:\/\/www.kanzlei-steinwachs.de\/fr\/#\/schema\/logo\/image\/","url":"https:\/\/i0.wp.com\/www.kanzlei-steinwachs.de\/wp-content\/uploads\/2023\/12\/logo.webp?fit=174%2C76&quality=80&ssl=1","contentUrl":"https:\/\/i0.wp.com\/www.kanzlei-steinwachs.de\/wp-content\/uploads\/2023\/12\/logo.webp?fit=174%2C76&quality=80&ssl=1","width":174,"height":76,"caption":"Rechtsanwaltskanzlei Anwalt Hamburg Berlin Bremen Hannover L\u00fcbeck"},"image":{"@id":"https:\/\/www.kanzlei-steinwachs.de\/fr\/#\/schema\/logo\/image\/"},"sameAs":["https:\/\/www.facebook.com\/STEINWACHSRechtsanwaltskanzlei\/","https:\/\/x.com\/rasteinwachs","https:\/\/www.instagram.com\/steinwachs_rechtsanwaelte\/","https:\/\/www.linkedin.com\/in\/stephan-steinwachs-7a270197\/","https:\/\/www.youtube.com\/channel\/UCffmodDlQx81remXm395RWA"],"telephone":[]}]}},"jetpack_sharing_enabled":true,"_links":{"self":[{"href":"https:\/\/www.kanzlei-steinwachs.de\/fr\/wp-json\/wp\/v2\/pages\/8206","targetHints":{"allow":["GET"]}}],"collection":[{"href":"https:\/\/www.kanzlei-steinwachs.de\/fr\/wp-json\/wp\/v2\/pages"}],"about":[{"href":"https:\/\/www.kanzlei-steinwachs.de\/fr\/wp-json\/wp\/v2\/types\/page"}],"author":[{"embeddable":true,"href":"https:\/\/www.kanzlei-steinwachs.de\/fr\/wp-json\/wp\/v2\/users\/1"}],"replies":[{"embeddable":true,"href":"https:\/\/www.kanzlei-steinwachs.de\/fr\/wp-json\/wp\/v2\/comments?post=8206"}],"version-history":[{"count":0,"href":"https:\/\/www.kanzlei-steinwachs.de\/fr\/wp-json\/wp\/v2\/pages\/8206\/revisions"}],"wp:featuredmedia":[{"embeddable":true,"href":"https:\/\/www.kanzlei-steinwachs.de\/fr\/wp-json\/wp\/v2\/media\/5983"}],"wp:attachment":[{"href":"https:\/\/www.kanzlei-steinwachs.de\/fr\/wp-json\/wp\/v2\/media?parent=8206"}],"curies":[{"name":"wp","href":"https:\/\/api.w.org\/{rel}","templated":true}]}}