{"id":8167,"date":"2023-09-22T08:51:45","date_gmt":"2023-09-22T06:51:45","guid":{"rendered":"https:\/\/www.kanzlei-steinwachs.de\/loi-sur-la-protection-des-investisseurs\/"},"modified":"2023-10-21T06:36:25","modified_gmt":"2023-10-21T04:36:25","slug":"loi-sur-la-protection-des-investisseurs","status":"publish","type":"page","link":"https:\/\/www.kanzlei-steinwachs.de\/fr\/loi-sur-la-protection-des-investisseurs\/","title":{"rendered":"Loi sur la protection des investisseurs"},"content":{"rendered":"<div class=\"wpb-content-wrapper\"><p>[vc_row triangle_shape=\u00a0\u00bbno\u00a0\u00bb css=\u00a0\u00bb.vc_custom_1695367534935{padding-bottom: 20px !important;}\u00a0\u00bb][vc_column][vc_column_text]La crise financi\u00e8re vient de montrer \u00e0 quelle vitesse on peut perdre des investissements soi-disant s\u00fbrs. Une protection efficace des investisseurs par un avocat sp\u00e9cialis\u00e9 dans la protection des investisseurs est donc plus importante que jamais. De plus, l\u2019investissement immobilier, longtemps consid\u00e9r\u00e9 comme un placement s\u00fbr, est devenu et reste pour beaucoup un pi\u00e8ge de l\u2019endettement.<\/p>\n<p>[\/vc_column_text][\/vc_column][\/vc_row][vc_row triangle_shape=\u00a0\u00bbno\u00a0\u00bb css=\u00a0\u00bb.vc_custom_1695367544870{padding-bottom: 20px !important;}\u00a0\u00bb][vc_column][vc_column_text]Les raisons en sont diverses. D&rsquo;un c\u00f4t\u00e9, il y a le consommateur qui a d\u00e9pass\u00e9 ses limites financi\u00e8res pour l&rsquo;objet\/produit souhait\u00e9 ou qui n&rsquo;a pas correctement \u00e9valu\u00e9 les risques li\u00e9s \u00e0 l&rsquo;investissement dans l&rsquo;espoir d&rsquo;un rendement sup\u00e9rieur \u00e0 la moyenne. des groupes de prestataires douteux et bien organis\u00e9s, qui font de fausses promesses et des informations embellies ou compl\u00e8tement fausses, trouvent leurs victimes. Les mod\u00e8les avec lesquels les consommateurs sont priv\u00e9s de leurs actifs et souvent de leur s\u00e9curit\u00e9 de retraite sur le march\u00e9 dit gris des capitaux sont non seulement in\u00e9puisables, mais les proc\u00e9dures deviennent \u00e9galement de plus en plus perfides.<\/p>\n<p>[\/vc_column_text][\/vc_column][\/vc_row][vc_row triangle_shape=\u00a0\u00bbno\u00a0\u00bb css=\u00a0\u00bb.vc_custom_1695367576149{padding-bottom: 20px !important;}\u00a0\u00bb][vc_column][vc_column_text]Pour atteindre leur objectif, les distributeurs travaillent souvent avec des notaires et des banques sans scrupules dans lesquels les investisseurs ont fondamentalement confiance et peuvent ainsi contourner compl\u00e8tement la protection de leurs victimes.<\/p>\n<p>[\/vc_column_text][\/vc_column][\/vc_row][vc_row triangle_shape=\u00a0\u00bbno\u00a0\u00bb css=\u00a0\u00bb.vc_custom_1695367583253{padding-bottom: 20px !important;}\u00a0\u00bb][vc_column][vc_column_text]Les dommages caus\u00e9s par des erreurs de conseil ou des conseils erron\u00e9s intentionnels ne se manifestent g\u00e9n\u00e9ralement qu&rsquo;apr\u00e8s plusieurs ann\u00e9es. La n\u00e9cessit\u00e9 d&rsquo;une action imm\u00e9diate se fait sentir d\u00e8s que l&rsquo;investisseur est menac\u00e9 de responsabilit\u00e9 personnelle et souvent m\u00eame d&rsquo;insolvabilit\u00e9 personnelle. Dans cette situation, les connaissances approfondies d\u2019un avocat exp\u00e9riment\u00e9 en protection des investisseurs sont requises afin de pouvoir identifier et mettre en \u0153uvre les options de r\u00e9cup\u00e9ration du capital investi.<\/p>\n<p>[\/vc_column_text][\/vc_column][\/vc_row][vc_row triangle_shape=\u00a0\u00bbno\u00a0\u00bb css=\u00a0\u00bb.vc_custom_1695367589669{padding-bottom: 20px !important;}\u00a0\u00bb][vc_column][vc_column_text]L&rsquo;objectif du travail du cabinet d&rsquo;avocats STEINWACHS est r\u00e9guli\u00e8rement de remettre les investisseurs dans une situation comme s&rsquo;ils n&rsquo;avaient jamais acquis leur \u00ab investissement \u00bb en annulant les contrats sous-jacents et en indemnisant les dommages. \u00c0 cette fin, nous effectuons nos propres recherches, dans la mesure du possible, les enqu\u00eates des parquets, qui sont souvent d\u00e9j\u00e0 impliqu\u00e9s, sont suivies et soutenues, et des contacts sont maintenus avec les associations de protection des consommateurs comp\u00e9tentes et les coll\u00e8gues travaillant dans le domaine. m\u00eame affaire. En outre, les connaissances et les preuves d\u2019autres investisseurs l\u00e9s\u00e9s peuvent id\u00e9alement \u00eatre exploit\u00e9es.<\/p>\n<p>[\/vc_column_text][\/vc_column][\/vc_row][vc_row triangle_shape=\u00a0\u00bbno\u00a0\u00bb css=\u00a0\u00bb.vc_custom_1695367594597{padding-bottom: 20px !important;}\u00a0\u00bb][vc_column][vc_column_text]En particulier dans le domaine de la vente de biens immobiliers hors de prix et dits \u00ab ind\u00e9sirables \u00bb, on craint que le \u00ab r\u00e9veil brutal \u00bb pour d\u2019innombrables victimes ne soit encore \u00e0 venir, malgr\u00e9 des milliers et des milliers de proc\u00e8s d\u00e9j\u00e0 intent\u00e9s.<\/p>\n<p>[\/vc_column_text][\/vc_column][\/vc_row][vc_row triangle_shape=\u00a0\u00bbno\u00a0\u00bb css=\u00a0\u00bb.vc_custom_1695367601661{padding-bottom: 20px !important;}\u00a0\u00bb][vc_column][vc_column_text]Veuillez \u00e9galement consulter notre blog sur le sujet : www.schrottimmobilien.net<\/p>\n<p>[\/vc_column_text][\/vc_column][\/vc_row][vc_row triangle_shape=\u00a0\u00bbno\u00a0\u00bb][vc_column][vc_column_text]Responsable du contenu de la page Avocat Droit de la protection des investisseurs Hambourg Berlin Br\u00eame : Avocat Stephan Steinwachs (Avocat Hambourg Berlin Br\u00eame)<br \/>\n[\/vc_column_text][\/vc_column][\/vc_row]<\/p>\n<\/div>","protected":false},"excerpt":{"rendered":"<p>[vc_row triangle_shape=\u00a0\u00bbno\u00a0\u00bb css=\u00a0\u00bb.vc_custom_1695367534935{padding-bottom: 20px !important;}\u00a0\u00bb][vc_column][vc_column_text]La crise financi\u00e8re vient de montrer \u00e0 quelle vitesse on peut perdre des investissements soi-disant s\u00fbrs. Une protection efficace des investisseurs par un avocat sp\u00e9cialis\u00e9 dans la protection des investisseurs est donc plus importante que jamais. De plus, l\u2019investissement immobilier, longtemps consid\u00e9r\u00e9 comme un placement s\u00fbr, est devenu et reste pour beaucoup un pi\u00e8ge de l\u2019endettement. [\/vc_column_text][\/vc_column][\/vc_row][vc_row triangle_shape=\u00a0\u00bbno\u00a0\u00bb css=\u00a0\u00bb.vc_custom_1695367544870{padding-bottom: 20px !important;}\u00a0\u00bb][vc_column][vc_column_text]Les raisons en sont diverses. D&rsquo;un c\u00f4t\u00e9, il y a le consommateur qui a d\u00e9pass\u00e9 ses limites financi\u00e8res pour l&rsquo;objet\/produit souhait\u00e9 ou qui n&rsquo;a pas correctement \u00e9valu\u00e9 les risques li\u00e9s \u00e0 l&rsquo;investissement dans l&rsquo;espoir d&rsquo;un rendement&#8230;<\/p>\n","protected":false},"author":1,"featured_media":0,"parent":0,"menu_order":0,"comment_status":"closed","ping_status":"closed","template":"","meta":{"footnotes":""},"class_list":["post-8167","page","type-page","status-publish","hentry"],"yoast_head":"<!-- This site is optimized with the Yoast SEO Premium plugin v27.2 (Yoast SEO v27.4) - https:\/\/yoast.com\/product\/yoast-seo-premium-wordpress\/ -->\n<title>Rechtsanwaltskanzlei in Hamburg Berlin Bremen Hannover L\u00fcbeck<\/title>\n<meta name=\"description\" content=\"Rechtsanwaltskanzlei f\u00fcr Arbeitsrecht, Arzthaftung, Mietrecht, Gewerbemietrecht ,Gastronomierecht, Immobilienrecht, Schadensersatz Yachtrecht\" \/>\n<meta name=\"robots\" content=\"index, follow, max-snippet:-1, max-image-preview:large, max-video-preview:-1\" \/>\n<link rel=\"canonical\" href=\"https:\/\/www.kanzlei-steinwachs.de\/fr\/loi-sur-la-protection-des-investisseurs\/\" \/>\n<meta property=\"og:locale\" content=\"fr_FR\" \/>\n<meta property=\"og:type\" content=\"article\" \/>\n<meta property=\"og:title\" content=\"Rechtsanwaltskanzlei in Hamburg Berlin Bremen Hannover L\u00fcbeck\" \/>\n<meta property=\"og:description\" content=\"Rechtsanwaltskanzlei f\u00fcr Arbeitsrecht, Arzthaftung, Mietrecht, Gewerbemietrecht ,Gastronomierecht, Immobilienrecht, Schadensersatz Yachtrecht\" \/>\n<meta property=\"og:url\" content=\"https:\/\/www.kanzlei-steinwachs.de\/fr\/loi-sur-la-protection-des-investisseurs\/\" \/>\n<meta property=\"og:site_name\" content=\"Rechtsanwaltskanzlei Anwalt Hamburg Berlin Bremen Hannover L\u00fcbeck\" \/>\n<meta property=\"article:publisher\" content=\"https:\/\/www.facebook.com\/STEINWACHSRechtsanwaltskanzlei\/\" \/>\n<meta property=\"article:modified_time\" content=\"2023-10-21T04:36:25+00:00\" \/>\n<meta name=\"twitter:card\" content=\"summary_large_image\" \/>\n<meta name=\"twitter:site\" content=\"@rasteinwachs\" \/>\n<meta name=\"twitter:label1\" content=\"Dur\u00e9e de lecture estim\u00e9e\" \/>\n\t<meta name=\"twitter:data1\" content=\"3 minutes\" \/>\n<script type=\"application\/ld+json\" class=\"yoast-schema-graph\">{\"@context\":\"https:\\\/\\\/schema.org\",\"@graph\":[{\"@type\":\"WebPage\",\"@id\":\"https:\\\/\\\/www.kanzlei-steinwachs.de\\\/fr\\\/loi-sur-la-protection-des-investisseurs\\\/\",\"url\":\"https:\\\/\\\/www.kanzlei-steinwachs.de\\\/fr\\\/loi-sur-la-protection-des-investisseurs\\\/\",\"name\":\"Rechtsanwaltskanzlei in Hamburg Berlin Bremen Hannover L\u00fcbeck\",\"isPartOf\":{\"@id\":\"https:\\\/\\\/www.kanzlei-steinwachs.de\\\/fr\\\/#website\"},\"datePublished\":\"2023-09-22T06:51:45+00:00\",\"dateModified\":\"2023-10-21T04:36:25+00:00\",\"description\":\"Rechtsanwaltskanzlei f\u00fcr Arbeitsrecht, Arzthaftung, Mietrecht, Gewerbemietrecht ,Gastronomierecht, Immobilienrecht, Schadensersatz Yachtrecht\",\"inLanguage\":\"fr-FR\",\"potentialAction\":[{\"@type\":\"ReadAction\",\"target\":[\"https:\\\/\\\/www.kanzlei-steinwachs.de\\\/fr\\\/loi-sur-la-protection-des-investisseurs\\\/\"]}]},{\"@type\":\"WebSite\",\"@id\":\"https:\\\/\\\/www.kanzlei-steinwachs.de\\\/fr\\\/#website\",\"url\":\"https:\\\/\\\/www.kanzlei-steinwachs.de\\\/fr\\\/\",\"name\":\"Rechtsanwaltskanzlei Anwalt Hamburg Berlin Bremen Hannover L\u00fcbeck\",\"description\":\"Wir leisten mehr als Recht bietet\",\"publisher\":{\"@id\":\"https:\\\/\\\/www.kanzlei-steinwachs.de\\\/fr\\\/#organization\"},\"potentialAction\":[{\"@type\":\"SearchAction\",\"target\":{\"@type\":\"EntryPoint\",\"urlTemplate\":\"https:\\\/\\\/www.kanzlei-steinwachs.de\\\/fr\\\/?s={search_term_string}\"},\"query-input\":{\"@type\":\"PropertyValueSpecification\",\"valueRequired\":true,\"valueName\":\"search_term_string\"}}],\"inLanguage\":\"fr-FR\"},{\"@type\":[\"Organization\",\"Place\"],\"@id\":\"https:\\\/\\\/www.kanzlei-steinwachs.de\\\/fr\\\/#organization\",\"name\":\"Rechtsanwaltskanzlei Anwalt Hamburg Berlin Bremen Hannover L\u00fcbeck\",\"url\":\"https:\\\/\\\/www.kanzlei-steinwachs.de\\\/\",\"logo\":{\"@type\":\"ImageObject\",\"inLanguage\":\"fr-FR\",\"@id\":\"https:\\\/\\\/www.kanzlei-steinwachs.de\\\/fr\\\/#\\\/schema\\\/logo\\\/image\\\/\",\"url\":\"https:\\\/\\\/i0.wp.com\\\/www.kanzlei-steinwachs.de\\\/wp-content\\\/uploads\\\/2023\\\/12\\\/logo.webp?fit=174%2C76&quality=80&ssl=1\",\"contentUrl\":\"https:\\\/\\\/i0.wp.com\\\/www.kanzlei-steinwachs.de\\\/wp-content\\\/uploads\\\/2023\\\/12\\\/logo.webp?fit=174%2C76&quality=80&ssl=1\",\"width\":174,\"height\":76,\"caption\":\"Rechtsanwaltskanzlei Anwalt Hamburg Berlin Bremen Hannover L\u00fcbeck\"},\"image\":{\"@id\":\"https:\\\/\\\/www.kanzlei-steinwachs.de\\\/fr\\\/#\\\/schema\\\/logo\\\/image\\\/\"},\"sameAs\":[\"https:\\\/\\\/www.facebook.com\\\/STEINWACHSRechtsanwaltskanzlei\\\/\",\"https:\\\/\\\/x.com\\\/rasteinwachs\",\"https:\\\/\\\/www.instagram.com\\\/steinwachs_rechtsanwaelte\\\/\",\"https:\\\/\\\/www.linkedin.com\\\/in\\\/stephan-steinwachs-7a270197\\\/\",\"https:\\\/\\\/www.youtube.com\\\/channel\\\/UCffmodDlQx81remXm395RWA\"],\"telephone\":[]}]}<\/script>\n<!-- \/ Yoast SEO Premium plugin. -->","yoast_head_json":{"title":"Rechtsanwaltskanzlei in Hamburg Berlin Bremen Hannover L\u00fcbeck","description":"Rechtsanwaltskanzlei f\u00fcr Arbeitsrecht, Arzthaftung, Mietrecht, Gewerbemietrecht ,Gastronomierecht, Immobilienrecht, Schadensersatz Yachtrecht","robots":{"index":"index","follow":"follow","max-snippet":"max-snippet:-1","max-image-preview":"max-image-preview:large","max-video-preview":"max-video-preview:-1"},"canonical":"https:\/\/www.kanzlei-steinwachs.de\/fr\/loi-sur-la-protection-des-investisseurs\/","og_locale":"fr_FR","og_type":"article","og_title":"Rechtsanwaltskanzlei in Hamburg Berlin Bremen Hannover L\u00fcbeck","og_description":"Rechtsanwaltskanzlei f\u00fcr Arbeitsrecht, Arzthaftung, Mietrecht, Gewerbemietrecht ,Gastronomierecht, Immobilienrecht, Schadensersatz Yachtrecht","og_url":"https:\/\/www.kanzlei-steinwachs.de\/fr\/loi-sur-la-protection-des-investisseurs\/","og_site_name":"Rechtsanwaltskanzlei Anwalt Hamburg Berlin Bremen Hannover L\u00fcbeck","article_publisher":"https:\/\/www.facebook.com\/STEINWACHSRechtsanwaltskanzlei\/","article_modified_time":"2023-10-21T04:36:25+00:00","twitter_card":"summary_large_image","twitter_site":"@rasteinwachs","twitter_misc":{"Dur\u00e9e de lecture estim\u00e9e":"3 minutes"},"schema":{"@context":"https:\/\/schema.org","@graph":[{"@type":"WebPage","@id":"https:\/\/www.kanzlei-steinwachs.de\/fr\/loi-sur-la-protection-des-investisseurs\/","url":"https:\/\/www.kanzlei-steinwachs.de\/fr\/loi-sur-la-protection-des-investisseurs\/","name":"Rechtsanwaltskanzlei in Hamburg Berlin Bremen Hannover L\u00fcbeck","isPartOf":{"@id":"https:\/\/www.kanzlei-steinwachs.de\/fr\/#website"},"datePublished":"2023-09-22T06:51:45+00:00","dateModified":"2023-10-21T04:36:25+00:00","description":"Rechtsanwaltskanzlei f\u00fcr Arbeitsrecht, Arzthaftung, Mietrecht, Gewerbemietrecht ,Gastronomierecht, Immobilienrecht, Schadensersatz Yachtrecht","inLanguage":"fr-FR","potentialAction":[{"@type":"ReadAction","target":["https:\/\/www.kanzlei-steinwachs.de\/fr\/loi-sur-la-protection-des-investisseurs\/"]}]},{"@type":"WebSite","@id":"https:\/\/www.kanzlei-steinwachs.de\/fr\/#website","url":"https:\/\/www.kanzlei-steinwachs.de\/fr\/","name":"Rechtsanwaltskanzlei Anwalt Hamburg Berlin Bremen Hannover L\u00fcbeck","description":"Wir leisten mehr als Recht bietet","publisher":{"@id":"https:\/\/www.kanzlei-steinwachs.de\/fr\/#organization"},"potentialAction":[{"@type":"SearchAction","target":{"@type":"EntryPoint","urlTemplate":"https:\/\/www.kanzlei-steinwachs.de\/fr\/?s={search_term_string}"},"query-input":{"@type":"PropertyValueSpecification","valueRequired":true,"valueName":"search_term_string"}}],"inLanguage":"fr-FR"},{"@type":["Organization","Place"],"@id":"https:\/\/www.kanzlei-steinwachs.de\/fr\/#organization","name":"Rechtsanwaltskanzlei Anwalt Hamburg Berlin Bremen Hannover L\u00fcbeck","url":"https:\/\/www.kanzlei-steinwachs.de\/","logo":{"@type":"ImageObject","inLanguage":"fr-FR","@id":"https:\/\/www.kanzlei-steinwachs.de\/fr\/#\/schema\/logo\/image\/","url":"https:\/\/i0.wp.com\/www.kanzlei-steinwachs.de\/wp-content\/uploads\/2023\/12\/logo.webp?fit=174%2C76&quality=80&ssl=1","contentUrl":"https:\/\/i0.wp.com\/www.kanzlei-steinwachs.de\/wp-content\/uploads\/2023\/12\/logo.webp?fit=174%2C76&quality=80&ssl=1","width":174,"height":76,"caption":"Rechtsanwaltskanzlei Anwalt Hamburg Berlin Bremen Hannover L\u00fcbeck"},"image":{"@id":"https:\/\/www.kanzlei-steinwachs.de\/fr\/#\/schema\/logo\/image\/"},"sameAs":["https:\/\/www.facebook.com\/STEINWACHSRechtsanwaltskanzlei\/","https:\/\/x.com\/rasteinwachs","https:\/\/www.instagram.com\/steinwachs_rechtsanwaelte\/","https:\/\/www.linkedin.com\/in\/stephan-steinwachs-7a270197\/","https:\/\/www.youtube.com\/channel\/UCffmodDlQx81remXm395RWA"],"telephone":[]}]}},"jetpack_sharing_enabled":true,"_links":{"self":[{"href":"https:\/\/www.kanzlei-steinwachs.de\/fr\/wp-json\/wp\/v2\/pages\/8167","targetHints":{"allow":["GET"]}}],"collection":[{"href":"https:\/\/www.kanzlei-steinwachs.de\/fr\/wp-json\/wp\/v2\/pages"}],"about":[{"href":"https:\/\/www.kanzlei-steinwachs.de\/fr\/wp-json\/wp\/v2\/types\/page"}],"author":[{"embeddable":true,"href":"https:\/\/www.kanzlei-steinwachs.de\/fr\/wp-json\/wp\/v2\/users\/1"}],"replies":[{"embeddable":true,"href":"https:\/\/www.kanzlei-steinwachs.de\/fr\/wp-json\/wp\/v2\/comments?post=8167"}],"version-history":[{"count":0,"href":"https:\/\/www.kanzlei-steinwachs.de\/fr\/wp-json\/wp\/v2\/pages\/8167\/revisions"}],"wp:attachment":[{"href":"https:\/\/www.kanzlei-steinwachs.de\/fr\/wp-json\/wp\/v2\/media?parent=8167"}],"curies":[{"name":"wp","href":"https:\/\/api.w.org\/{rel}","templated":true}]}}