{"id":15288,"date":"2023-11-21T04:52:03","date_gmt":"2023-11-21T03:52:03","guid":{"rendered":"https:\/\/www.kanzlei-steinwachs.de\/droit-du-bail-commercial\/avocat-en-droit-des-baux-commerciaux-a-hambourg\/"},"modified":"2023-12-05T12:01:07","modified_gmt":"2023-12-05T11:01:07","slug":"avocat-en-droit-des-baux-commerciaux-a-hambourg","status":"publish","type":"page","link":"https:\/\/www.kanzlei-steinwachs.de\/fr\/droit-du-bail-commercial\/avocat-en-droit-des-baux-commerciaux-a-hambourg\/","title":{"rendered":"Avocat en droit des baux commerciaux \u00e0 Hambourg"},"content":{"rendered":"<div class=\"wpb-content-wrapper\"><p>[vc_row triangle_shape=\u00a0\u00bbno\u00a0\u00bb css=\u00a0\u00bb.vc_custom_1700538808372{margin-bottom: 50px !important;}\u00a0\u00bb][vc_column][vc_column_text]Nos <strong>avocats<\/strong> en droit du bail c<strong>ommercial<\/strong> \u00e0 <strong>Hambourg<\/strong> r\u00e9pondront \u00e0 vos questions sur le droit du bail commercial et vous fourniront des conseils complets en mati\u00e8re de droit du bail commercial. Nous vous apportons les solutions pertinentes pour vous en mati\u00e8re de droit du bail commercial et de droit du bail, pour votre contrat de location commerciale et votre contrat de bail.<\/p>\n<p>Nous serions heureux d\u2019\u00e9tablir un contrat de location commerciale ou un contrat de bail adapt\u00e9 \u00e0 vos besoins sp\u00e9cifiques. Bien entendu, nous examinerons \u00e9galement votre contrat de location commerciale dans son ensemble ou uniquement les questions sp\u00e9cifiques que vous avez soulev\u00e9es concernant votre contrat de location commerciale et le droit du bail commercial. <\/p>\n<p>Dans ce domaine, nos <strong>avocats<\/strong> en droit du bail <strong>commercia<\/strong>l \u00e0 <strong>Hambourg<\/strong> vous proposent les services suivants, fr\u00e9quemment rencontr\u00e9s dans la pratique :<\/p>\n<ul>\n<li>Repr\u00e9sentation extrajudiciaire du propri\u00e9taire ou du locataire lors de la notification de la r\u00e9siliation, par ex. B. ce qui arrive souvent, parce que Retard de paiement<\/li>\n<li>puis repr\u00e9sentation l\u00e9gale dans les proc\u00e9dures d&rsquo;expulsion g\u00e9n\u00e9ralement ult\u00e9rieures<\/li>\n<li>Cr\u00e9ation et \u00e9laboration de contrats de location, notamment. contrats de location commerciale<\/li>\n<li>ici en particulier Clarification des questions sur la dur\u00e9e du contrat, les possibilit\u00e9s de prolongation et autres clauses qui doivent \u00eatre respect\u00e9es dans le bail commercial, m\u00eame si l&rsquo;exp\u00e9rience a montr\u00e9 que cela a du sens \u00e0 l&rsquo;avance, c&rsquo;est-\u00e0-dire H. Avant de signer un bail commercial, demandez un avis juridique<\/li>\n<li>diverses questions sur les d\u00e9lais de pr\u00e9avis en droit du bail r\u00e9sidentiel et commercial<\/li>\n<li>Examen de l&rsquo;efficacit\u00e9 des contrats de location ou des r\u00e9glementations individuelles, notamment en ce qui concerne les clauses pertinentes des conditions g\u00e9n\u00e9rales, \u00e0 la lumi\u00e8re de la jurisprudence en mati\u00e8re de droit du bail<\/li>\n<li>Faire valoir et se d\u00e9fendre contre les demandes de r\u00e9duction de loyer<\/li>\n<li>Faire valoir les arri\u00e9r\u00e9s de loyer et se d\u00e9fendre contre de telles r\u00e9clamations<\/li>\n<li>Ex\u00e9cution et d\u00e9fense de vos r\u00e9clamations en lien avec les augmentations de loyer<\/li>\n<\/ul>\n<p>Veuillez nous appeler sans engagement. Nos avocats en droit du bail commercial \u00e0 Hambourg se feront un plaisir de vous aider.<\/p>\n<p>L&rsquo;avocat Stephan Steinwachs <strong>est responsable du site Internet<\/strong> Lawyer Commercial Tenancy Law Hamburg.[\/vc_column_text][\/vc_column][\/vc_row]<\/p>\n<\/div>","protected":false},"excerpt":{"rendered":"<p>[vc_row triangle_shape=\u00a0\u00bbno\u00a0\u00bb css=\u00a0\u00bb.vc_custom_1700538808372{margin-bottom: 50px !important;}\u00a0\u00bb][vc_column][vc_column_text]Nos avocats en droit du bail commercial \u00e0 Hambourg r\u00e9pondront \u00e0 vos questions sur le droit du bail commercial et vous fourniront des conseils complets en mati\u00e8re de droit du bail commercial. Nous vous apportons les solutions pertinentes pour vous en mati\u00e8re de droit du bail commercial et de droit du bail, pour votre contrat de location commerciale et votre contrat de bail. Nous serions heureux d\u2019\u00e9tablir un contrat de location commerciale ou un contrat de bail adapt\u00e9 \u00e0 vos besoins sp\u00e9cifiques. Bien entendu, nous examinerons \u00e9galement votre contrat de location commerciale dans son ensemble ou&#8230;<\/p>\n","protected":false},"author":1,"featured_media":0,"parent":8238,"menu_order":0,"comment_status":"closed","ping_status":"closed","template":"","meta":{"footnotes":""},"class_list":["post-15288","page","type-page","status-publish","hentry"],"yoast_head":"<!-- This site is optimized with the Yoast SEO Premium plugin v27.2 (Yoast SEO v27.3) - https:\/\/yoast.com\/product\/yoast-seo-premium-wordpress\/ -->\n<title>Rechtsanwaltskanzlei in Hamburg Berlin Bremen Hannover L\u00fcbeck<\/title>\n<meta name=\"description\" content=\"Rechtsanwaltskanzlei f\u00fcr Arbeitsrecht, Arzthaftung, Mietrecht, Gewerbemietrecht ,Gastronomierecht, Immobilienrecht, Schadensersatz Yachtrecht\" \/>\n<meta name=\"robots\" content=\"index, follow, max-snippet:-1, max-image-preview:large, max-video-preview:-1\" \/>\n<link rel=\"canonical\" href=\"https:\/\/www.kanzlei-steinwachs.de\/fr\/droit-du-bail-commercial\/avocat-en-droit-des-baux-commerciaux-a-hambourg\/\" \/>\n<meta property=\"og:locale\" content=\"fr_FR\" \/>\n<meta property=\"og:type\" content=\"article\" \/>\n<meta property=\"og:title\" content=\"Rechtsanwaltskanzlei in Hamburg Berlin Bremen Hannover L\u00fcbeck\" \/>\n<meta property=\"og:description\" content=\"Rechtsanwaltskanzlei f\u00fcr Arbeitsrecht, Arzthaftung, Mietrecht, Gewerbemietrecht ,Gastronomierecht, Immobilienrecht, Schadensersatz Yachtrecht\" \/>\n<meta property=\"og:url\" content=\"https:\/\/www.kanzlei-steinwachs.de\/fr\/droit-du-bail-commercial\/avocat-en-droit-des-baux-commerciaux-a-hambourg\/\" \/>\n<meta property=\"og:site_name\" content=\"Rechtsanwaltskanzlei Anwalt Hamburg Berlin Bremen Hannover L\u00fcbeck\" \/>\n<meta property=\"article:publisher\" content=\"https:\/\/www.facebook.com\/STEINWACHSRechtsanwaltskanzlei\/\" \/>\n<meta property=\"article:modified_time\" content=\"2023-12-05T11:01:07+00:00\" \/>\n<meta name=\"twitter:card\" content=\"summary_large_image\" \/>\n<meta name=\"twitter:site\" content=\"@rasteinwachs\" \/>\n<meta name=\"twitter:label1\" content=\"Dur\u00e9e de lecture estim\u00e9e\" \/>\n\t<meta name=\"twitter:data1\" content=\"2 minutes\" \/>\n<script type=\"application\/ld+json\" class=\"yoast-schema-graph\">{\"@context\":\"https:\\\/\\\/schema.org\",\"@graph\":[{\"@type\":\"WebPage\",\"@id\":\"https:\\\/\\\/www.kanzlei-steinwachs.de\\\/fr\\\/droit-du-bail-commercial\\\/avocat-en-droit-des-baux-commerciaux-a-hambourg\\\/\",\"url\":\"https:\\\/\\\/www.kanzlei-steinwachs.de\\\/fr\\\/droit-du-bail-commercial\\\/avocat-en-droit-des-baux-commerciaux-a-hambourg\\\/\",\"name\":\"Rechtsanwaltskanzlei in Hamburg Berlin Bremen Hannover L\u00fcbeck\",\"isPartOf\":{\"@id\":\"https:\\\/\\\/www.kanzlei-steinwachs.de\\\/fr\\\/#website\"},\"datePublished\":\"2023-11-21T03:52:03+00:00\",\"dateModified\":\"2023-12-05T11:01:07+00:00\",\"description\":\"Rechtsanwaltskanzlei f\u00fcr Arbeitsrecht, Arzthaftung, Mietrecht, Gewerbemietrecht ,Gastronomierecht, Immobilienrecht, Schadensersatz Yachtrecht\",\"breadcrumb\":{\"@id\":\"https:\\\/\\\/www.kanzlei-steinwachs.de\\\/fr\\\/droit-du-bail-commercial\\\/avocat-en-droit-des-baux-commerciaux-a-hambourg\\\/#breadcrumb\"},\"inLanguage\":\"fr-FR\",\"potentialAction\":[{\"@type\":\"ReadAction\",\"target\":[\"https:\\\/\\\/www.kanzlei-steinwachs.de\\\/fr\\\/droit-du-bail-commercial\\\/avocat-en-droit-des-baux-commerciaux-a-hambourg\\\/\"]}]},{\"@type\":\"BreadcrumbList\",\"@id\":\"https:\\\/\\\/www.kanzlei-steinwachs.de\\\/fr\\\/droit-du-bail-commercial\\\/avocat-en-droit-des-baux-commerciaux-a-hambourg\\\/#breadcrumb\",\"itemListElement\":[{\"@type\":\"ListItem\",\"position\":1,\"name\":\"Droit du bail commercial\",\"item\":\"https:\\\/\\\/www.kanzlei-steinwachs.de\\\/fr\\\/droit-du-bail-commercial\\\/\"},{\"@type\":\"ListItem\",\"position\":2,\"name\":\"Avocat en droit des baux commerciaux \u00e0 Hambourg\"}]},{\"@type\":\"WebSite\",\"@id\":\"https:\\\/\\\/www.kanzlei-steinwachs.de\\\/fr\\\/#website\",\"url\":\"https:\\\/\\\/www.kanzlei-steinwachs.de\\\/fr\\\/\",\"name\":\"Rechtsanwaltskanzlei Anwalt Hamburg Berlin Bremen Hannover L\u00fcbeck\",\"description\":\"Wir leisten mehr als Recht bietet\",\"publisher\":{\"@id\":\"https:\\\/\\\/www.kanzlei-steinwachs.de\\\/fr\\\/#organization\"},\"potentialAction\":[{\"@type\":\"SearchAction\",\"target\":{\"@type\":\"EntryPoint\",\"urlTemplate\":\"https:\\\/\\\/www.kanzlei-steinwachs.de\\\/fr\\\/?s={search_term_string}\"},\"query-input\":{\"@type\":\"PropertyValueSpecification\",\"valueRequired\":true,\"valueName\":\"search_term_string\"}}],\"inLanguage\":\"fr-FR\"},{\"@type\":[\"Organization\",\"Place\"],\"@id\":\"https:\\\/\\\/www.kanzlei-steinwachs.de\\\/fr\\\/#organization\",\"name\":\"Rechtsanwaltskanzlei Anwalt Hamburg Berlin Bremen Hannover L\u00fcbeck\",\"url\":\"https:\\\/\\\/www.kanzlei-steinwachs.de\\\/\",\"logo\":{\"@type\":\"ImageObject\",\"inLanguage\":\"fr-FR\",\"@id\":\"https:\\\/\\\/www.kanzlei-steinwachs.de\\\/fr\\\/#\\\/schema\\\/logo\\\/image\\\/\",\"url\":\"https:\\\/\\\/i0.wp.com\\\/www.kanzlei-steinwachs.de\\\/wp-content\\\/uploads\\\/2023\\\/12\\\/logo.webp?fit=174%2C76&quality=80&ssl=1\",\"contentUrl\":\"https:\\\/\\\/i0.wp.com\\\/www.kanzlei-steinwachs.de\\\/wp-content\\\/uploads\\\/2023\\\/12\\\/logo.webp?fit=174%2C76&quality=80&ssl=1\",\"width\":174,\"height\":76,\"caption\":\"Rechtsanwaltskanzlei Anwalt Hamburg Berlin Bremen Hannover L\u00fcbeck\"},\"image\":{\"@id\":\"https:\\\/\\\/www.kanzlei-steinwachs.de\\\/fr\\\/#\\\/schema\\\/logo\\\/image\\\/\"},\"sameAs\":[\"https:\\\/\\\/www.facebook.com\\\/STEINWACHSRechtsanwaltskanzlei\\\/\",\"https:\\\/\\\/x.com\\\/rasteinwachs\",\"https:\\\/\\\/www.instagram.com\\\/steinwachs_rechtsanwaelte\\\/\",\"https:\\\/\\\/www.linkedin.com\\\/in\\\/stephan-steinwachs-7a270197\\\/\",\"https:\\\/\\\/www.youtube.com\\\/channel\\\/UCffmodDlQx81remXm395RWA\"],\"telephone\":[]}]}<\/script>\n<!-- \/ Yoast SEO Premium plugin. -->","yoast_head_json":{"title":"Rechtsanwaltskanzlei in Hamburg Berlin Bremen Hannover L\u00fcbeck","description":"Rechtsanwaltskanzlei f\u00fcr Arbeitsrecht, Arzthaftung, Mietrecht, Gewerbemietrecht ,Gastronomierecht, Immobilienrecht, Schadensersatz Yachtrecht","robots":{"index":"index","follow":"follow","max-snippet":"max-snippet:-1","max-image-preview":"max-image-preview:large","max-video-preview":"max-video-preview:-1"},"canonical":"https:\/\/www.kanzlei-steinwachs.de\/fr\/droit-du-bail-commercial\/avocat-en-droit-des-baux-commerciaux-a-hambourg\/","og_locale":"fr_FR","og_type":"article","og_title":"Rechtsanwaltskanzlei in Hamburg Berlin Bremen Hannover L\u00fcbeck","og_description":"Rechtsanwaltskanzlei f\u00fcr Arbeitsrecht, Arzthaftung, Mietrecht, Gewerbemietrecht ,Gastronomierecht, Immobilienrecht, Schadensersatz Yachtrecht","og_url":"https:\/\/www.kanzlei-steinwachs.de\/fr\/droit-du-bail-commercial\/avocat-en-droit-des-baux-commerciaux-a-hambourg\/","og_site_name":"Rechtsanwaltskanzlei Anwalt Hamburg Berlin Bremen Hannover L\u00fcbeck","article_publisher":"https:\/\/www.facebook.com\/STEINWACHSRechtsanwaltskanzlei\/","article_modified_time":"2023-12-05T11:01:07+00:00","twitter_card":"summary_large_image","twitter_site":"@rasteinwachs","twitter_misc":{"Dur\u00e9e de lecture estim\u00e9e":"2 minutes"},"schema":{"@context":"https:\/\/schema.org","@graph":[{"@type":"WebPage","@id":"https:\/\/www.kanzlei-steinwachs.de\/fr\/droit-du-bail-commercial\/avocat-en-droit-des-baux-commerciaux-a-hambourg\/","url":"https:\/\/www.kanzlei-steinwachs.de\/fr\/droit-du-bail-commercial\/avocat-en-droit-des-baux-commerciaux-a-hambourg\/","name":"Rechtsanwaltskanzlei in Hamburg Berlin Bremen Hannover L\u00fcbeck","isPartOf":{"@id":"https:\/\/www.kanzlei-steinwachs.de\/fr\/#website"},"datePublished":"2023-11-21T03:52:03+00:00","dateModified":"2023-12-05T11:01:07+00:00","description":"Rechtsanwaltskanzlei f\u00fcr Arbeitsrecht, Arzthaftung, Mietrecht, Gewerbemietrecht ,Gastronomierecht, Immobilienrecht, Schadensersatz Yachtrecht","breadcrumb":{"@id":"https:\/\/www.kanzlei-steinwachs.de\/fr\/droit-du-bail-commercial\/avocat-en-droit-des-baux-commerciaux-a-hambourg\/#breadcrumb"},"inLanguage":"fr-FR","potentialAction":[{"@type":"ReadAction","target":["https:\/\/www.kanzlei-steinwachs.de\/fr\/droit-du-bail-commercial\/avocat-en-droit-des-baux-commerciaux-a-hambourg\/"]}]},{"@type":"BreadcrumbList","@id":"https:\/\/www.kanzlei-steinwachs.de\/fr\/droit-du-bail-commercial\/avocat-en-droit-des-baux-commerciaux-a-hambourg\/#breadcrumb","itemListElement":[{"@type":"ListItem","position":1,"name":"Droit du bail commercial","item":"https:\/\/www.kanzlei-steinwachs.de\/fr\/droit-du-bail-commercial\/"},{"@type":"ListItem","position":2,"name":"Avocat en droit des baux commerciaux \u00e0 Hambourg"}]},{"@type":"WebSite","@id":"https:\/\/www.kanzlei-steinwachs.de\/fr\/#website","url":"https:\/\/www.kanzlei-steinwachs.de\/fr\/","name":"Rechtsanwaltskanzlei Anwalt Hamburg Berlin Bremen Hannover L\u00fcbeck","description":"Wir leisten mehr als Recht bietet","publisher":{"@id":"https:\/\/www.kanzlei-steinwachs.de\/fr\/#organization"},"potentialAction":[{"@type":"SearchAction","target":{"@type":"EntryPoint","urlTemplate":"https:\/\/www.kanzlei-steinwachs.de\/fr\/?s={search_term_string}"},"query-input":{"@type":"PropertyValueSpecification","valueRequired":true,"valueName":"search_term_string"}}],"inLanguage":"fr-FR"},{"@type":["Organization","Place"],"@id":"https:\/\/www.kanzlei-steinwachs.de\/fr\/#organization","name":"Rechtsanwaltskanzlei Anwalt Hamburg Berlin Bremen Hannover L\u00fcbeck","url":"https:\/\/www.kanzlei-steinwachs.de\/","logo":{"@type":"ImageObject","inLanguage":"fr-FR","@id":"https:\/\/www.kanzlei-steinwachs.de\/fr\/#\/schema\/logo\/image\/","url":"https:\/\/i0.wp.com\/www.kanzlei-steinwachs.de\/wp-content\/uploads\/2023\/12\/logo.webp?fit=174%2C76&quality=80&ssl=1","contentUrl":"https:\/\/i0.wp.com\/www.kanzlei-steinwachs.de\/wp-content\/uploads\/2023\/12\/logo.webp?fit=174%2C76&quality=80&ssl=1","width":174,"height":76,"caption":"Rechtsanwaltskanzlei Anwalt Hamburg Berlin Bremen Hannover L\u00fcbeck"},"image":{"@id":"https:\/\/www.kanzlei-steinwachs.de\/fr\/#\/schema\/logo\/image\/"},"sameAs":["https:\/\/www.facebook.com\/STEINWACHSRechtsanwaltskanzlei\/","https:\/\/x.com\/rasteinwachs","https:\/\/www.instagram.com\/steinwachs_rechtsanwaelte\/","https:\/\/www.linkedin.com\/in\/stephan-steinwachs-7a270197\/","https:\/\/www.youtube.com\/channel\/UCffmodDlQx81remXm395RWA"],"telephone":[]}]}},"jetpack_sharing_enabled":true,"_links":{"self":[{"href":"https:\/\/www.kanzlei-steinwachs.de\/fr\/wp-json\/wp\/v2\/pages\/15288","targetHints":{"allow":["GET"]}}],"collection":[{"href":"https:\/\/www.kanzlei-steinwachs.de\/fr\/wp-json\/wp\/v2\/pages"}],"about":[{"href":"https:\/\/www.kanzlei-steinwachs.de\/fr\/wp-json\/wp\/v2\/types\/page"}],"author":[{"embeddable":true,"href":"https:\/\/www.kanzlei-steinwachs.de\/fr\/wp-json\/wp\/v2\/users\/1"}],"replies":[{"embeddable":true,"href":"https:\/\/www.kanzlei-steinwachs.de\/fr\/wp-json\/wp\/v2\/comments?post=15288"}],"version-history":[{"count":0,"href":"https:\/\/www.kanzlei-steinwachs.de\/fr\/wp-json\/wp\/v2\/pages\/15288\/revisions"}],"up":[{"embeddable":true,"href":"https:\/\/www.kanzlei-steinwachs.de\/fr\/wp-json\/wp\/v2\/pages\/8238"}],"wp:attachment":[{"href":"https:\/\/www.kanzlei-steinwachs.de\/fr\/wp-json\/wp\/v2\/media?parent=15288"}],"curies":[{"name":"wp","href":"https:\/\/api.w.org\/{rel}","templated":true}]}}