{"id":15130,"date":"2023-11-21T05:42:18","date_gmt":"2023-11-21T04:42:18","guid":{"rendered":"https:\/\/www.kanzlei-steinwachs.de\/droit-du-bail-2\/plafond-de-loyer\/"},"modified":"2023-12-05T07:01:46","modified_gmt":"2023-12-05T06:01:46","slug":"plafond-de-loyer","status":"publish","type":"page","link":"https:\/\/www.kanzlei-steinwachs.de\/fr\/droit-du-bail-2\/plafond-de-loyer\/","title":{"rendered":"Plafond de loyer"},"content":{"rendered":"<div class=\"wpb-content-wrapper\"><p>[vc_row triangle_shape=\u00a0\u00bbno\u00a0\u00bb css=\u00a0\u00bb.vc_custom_1700541777626{margin-bottom: 50px !important;}\u00a0\u00bb][vc_column][vc_column_text]Le sujet du travail de l&rsquo;avocat en droit du bail concerne les questions juridiques et les litiges li\u00e9s au contrat de location. Les parties s&rsquo;engagent dans le droit du bail \u00e0 long terme, principalement en concluant des contrats de location de locaux commerciaux ou r\u00e9sidentiels. Il est conseill\u00e9 aux propri\u00e9taires comme aux locataires de toujours faire v\u00e9rifier au pr\u00e9alable le contrat de location par un avocat exp\u00e9riment\u00e9 en droit du bail.  <\/p>\n<p>Le droit du bail est r\u00e9gi par la loi notamment par les r\u00e9glementations suivantes :<\/p>\n<ul>\n<li><a title=\"Code civil\" href=\"http:\/\/www.gesetze-im-internet.de\/bgb\/\" target=\"_blank\" rel=\"noopener\">Code civil<\/a> (\u00a7\u00a7 535 et suivants BGB).<\/li>\n<li><a title=\"Loi sur le maintien du logement\" href=\"http:\/\/www.gesetze-im-internet.de\/wobindg\/index.html\" target=\"_blank\" rel=\"noopener\">Loi contraignante sur le logement<\/a> (WoBindG)<\/li>\n<li><a title=\"Deuxi\u00e8me r\u00e8glement de calcul\" href=\"http:\/\/www.gesetze-im-internet.de\/bvo_2\/index.html\" target=\"_blank\" rel=\"noopener\">Deuxi\u00e8me ordonnance de calcul<\/a> (II. BVO)<\/li>\n<li><a title=\"Ordonnance sur les loyers des nouveaux b\u00e2timents\" href=\"http:\/\/www.gesetze-im-internet.de\/nmv_1970\/index.html\" target=\"_blank\" rel=\"noopener\">Ordonnance sur les loyers des nouveaux b\u00e2timents<\/a> (NMV)<\/li>\n<li><a title=\"Deuxi\u00e8me loi sur le logement (page non disponible)\" href=\"https:\/\/www.jurion.de\/Gesetze\/II_WoBauG\" target=\"_blank\" rel=\"noopener\">Deuxi\u00e8me loi sur la construction de logements<\/a> (II. WoBauG).<\/li>\n<\/ul>\n<p>C&rsquo;est le cas depuis le 1er janvier 2002 pour les surfaces habitables \u00e0 prix contr\u00f4l\u00e9s.<\/p>\n<ul>\n<li><a title=\"Loi sur la promotion du logement\" href=\"http:\/\/www.gesetze-im-internet.de\/wofg\/index.html\" target=\"_blank\" rel=\"noopener\">Loi sur la promotion du logement<\/a> (BGBl I 2001, 2376).<\/li>\n<\/ul>\n<p>Parmi les \u00e9l\u00e9ments du menu :<\/p>\n<ul>\n<li><a title=\"Avocat Droit du bail R\u00e9siliation Hambourg Berlin\" href=\"https:\/\/www.kanzlei-steinwachs.de\/rechtsanwalt-mietrecht-hamburg-berlin\/kuendigung\" target=\"_self\" rel=\"noopener\">R\u00e9siliation<\/a><\/li>\n<li><a title=\"Avocat Droit du bail D\u00e9fauts et r\u00e9duction de loyer Hambourg Berlin\" href=\"https:\/\/www.kanzlei-steinwachs.de\/rechtsanwalt-mietrecht-hamburg-berlin\/mangel-und-mietminderung\" target=\"_self\" rel=\"noopener\">Vices et r\u00e9duction de loyer<\/a><\/li>\n<li><a title=\"Avocat Droit du bail Hambourg Berlin Augmentation des loyers\" href=\"https:\/\/www.kanzlei-steinwachs.de\/rechtsanwalt-mietrecht-hamburg-berlin\/mieterhoehung\" target=\"_self\" rel=\"noopener\">augmentation du loyer<\/a><\/li>\n<li><a title=\"Avocat Droit du bail Hambourg Berlin Frais de fonctionnement\" href=\"https:\/\/www.kanzlei-steinwachs.de\/rechtsanwalt-mietrecht-hamburg-berlin\/betriebskosten\" target=\"_self\" rel=\"noopener\">le co\u00fbt d&rsquo;exploitation<\/a><\/li>\n<\/ul>\n<p>Vous trouverez des informations sur les sujets pr\u00e9par\u00e9s par l&rsquo;avocat Steinwachs. Bien entendu, cela ne peut remplacer les conseils d\u2019un avocat sp\u00e9cialis\u00e9 en droit du bail. <\/p>\n<p>\u00c9tant donn\u00e9 que le droit du bail est devenu compliqu\u00e9, m\u00eame pour les avocats, en raison d&rsquo;une l\u00e9gislation peu claire et de d\u00e9cisions de justice sp\u00e9cifiques \u00e0 chaque \u00c9tat, en cas de litige, vous ne pouvez pas vous passer de l&rsquo;assistance d&rsquo;un avocat exp\u00e9riment\u00e9 en droit du bail. En tant que locataire ou propri\u00e9taire chez STEINWACHS, vous pouvez b\u00e9n\u00e9ficier de l&rsquo;exp\u00e9rience de votre avocat &#8211; notamment en mati\u00e8re de <a title=\"Avocat Droit du bail R\u00e9siliation Hambourg Berlin\" href=\"https:\/\/www.kanzlei-steinwachs.de\/rechtsanwalt-mietrecht-hamburg-berlin\/kuendigung\" target=\"_self\" rel=\"noopener\">r\u00e9siliation<\/a> en droit du bail.<\/p>\n<p>L&rsquo;\u00e9quipe STEINWACHS \u00e0 Hambourg et Berlin travaille dans tous les domaines du droit du bail. Vos conseils \u00e0 Hambourg et \u00e0 Berlin seront prodigu\u00e9s par un avocat exp\u00e9riment\u00e9 et comp\u00e9tent en droit du bail. <\/p>\n<p>Lisez tout sur le sujet sur <a title=\"loyer et droit\" href=\"http:\/\/mieten-und-recht.com\/\" target=\"_blank\" rel=\"noopener\">notre blog<\/a> sur le droit du bail !<\/p>\n<h6>Responsable du contenu de la page Avocat Droit du bail Hambourg Berlin Br\u00eame : Avocat Stephan Steinwachs (Avocat Hambourg Berlin Br\u00eame)<\/h6>\n<div class=\"pe-richsnippets\"><\/div>\n<p>[\/vc_column_text][\/vc_column][\/vc_row]<\/p>\n<\/div>","protected":false},"excerpt":{"rendered":"<p>[vc_row triangle_shape=\u00a0\u00bbno\u00a0\u00bb css=\u00a0\u00bb.vc_custom_1700541777626{margin-bottom: 50px !important;}\u00a0\u00bb][vc_column][vc_column_text]Le sujet du travail de l&rsquo;avocat en droit du bail concerne les questions juridiques et les litiges li\u00e9s au contrat de location. Les parties s&rsquo;engagent dans le droit du bail \u00e0 long terme, principalement en concluant des contrats de location de locaux commerciaux ou r\u00e9sidentiels. Il est conseill\u00e9 aux propri\u00e9taires comme aux locataires de toujours faire v\u00e9rifier au pr\u00e9alable le contrat de location par un avocat exp\u00e9riment\u00e9 en droit du bail. Le droit du bail est r\u00e9gi par la loi notamment par les r\u00e9glementations suivantes : Code civil (\u00a7\u00a7 535 et suivants BGB). Loi contraignante sur&#8230;<\/p>\n","protected":false},"author":1,"featured_media":0,"parent":8296,"menu_order":0,"comment_status":"closed","ping_status":"closed","template":"","meta":{"footnotes":""},"class_list":["post-15130","page","type-page","status-publish","hentry"],"yoast_head":"<!-- This site is optimized with the Yoast SEO Premium plugin v27.2 (Yoast SEO v27.4) - https:\/\/yoast.com\/product\/yoast-seo-premium-wordpress\/ -->\n<title>Rechtsanwaltskanzlei in Hamburg Berlin Bremen Hannover L\u00fcbeck<\/title>\n<meta name=\"description\" content=\"Rechtsanwaltskanzlei f\u00fcr Arbeitsrecht, Arzthaftung, Mietrecht, Gewerbemietrecht ,Gastronomierecht, Immobilienrecht, Schadensersatz Yachtrecht\" \/>\n<meta name=\"robots\" content=\"index, follow, max-snippet:-1, max-image-preview:large, max-video-preview:-1\" \/>\n<link rel=\"canonical\" href=\"https:\/\/www.kanzlei-steinwachs.de\/fr\/droit-du-bail-2\/plafond-de-loyer\/\" \/>\n<meta property=\"og:locale\" content=\"fr_FR\" \/>\n<meta property=\"og:type\" content=\"article\" \/>\n<meta property=\"og:title\" content=\"Rechtsanwaltskanzlei in Hamburg Berlin Bremen Hannover L\u00fcbeck\" \/>\n<meta property=\"og:description\" content=\"Rechtsanwaltskanzlei f\u00fcr Arbeitsrecht, Arzthaftung, Mietrecht, Gewerbemietrecht ,Gastronomierecht, Immobilienrecht, Schadensersatz Yachtrecht\" \/>\n<meta property=\"og:url\" content=\"https:\/\/www.kanzlei-steinwachs.de\/fr\/droit-du-bail-2\/plafond-de-loyer\/\" \/>\n<meta property=\"og:site_name\" content=\"Rechtsanwaltskanzlei Anwalt Hamburg Berlin Bremen Hannover L\u00fcbeck\" \/>\n<meta property=\"article:publisher\" content=\"https:\/\/www.facebook.com\/STEINWACHSRechtsanwaltskanzlei\/\" \/>\n<meta property=\"article:modified_time\" content=\"2023-12-05T06:01:46+00:00\" \/>\n<meta name=\"twitter:card\" content=\"summary_large_image\" \/>\n<meta name=\"twitter:site\" content=\"@rasteinwachs\" \/>\n<meta name=\"twitter:label1\" content=\"Dur\u00e9e de lecture estim\u00e9e\" \/>\n\t<meta name=\"twitter:data1\" content=\"2 minutes\" \/>\n<script type=\"application\/ld+json\" class=\"yoast-schema-graph\">{\"@context\":\"https:\\\/\\\/schema.org\",\"@graph\":[{\"@type\":\"WebPage\",\"@id\":\"https:\\\/\\\/www.kanzlei-steinwachs.de\\\/fr\\\/droit-du-bail-2\\\/plafond-de-loyer\\\/\",\"url\":\"https:\\\/\\\/www.kanzlei-steinwachs.de\\\/fr\\\/droit-du-bail-2\\\/plafond-de-loyer\\\/\",\"name\":\"Rechtsanwaltskanzlei in Hamburg Berlin Bremen Hannover L\u00fcbeck\",\"isPartOf\":{\"@id\":\"https:\\\/\\\/www.kanzlei-steinwachs.de\\\/fr\\\/#website\"},\"datePublished\":\"2023-11-21T04:42:18+00:00\",\"dateModified\":\"2023-12-05T06:01:46+00:00\",\"description\":\"Rechtsanwaltskanzlei f\u00fcr Arbeitsrecht, Arzthaftung, Mietrecht, Gewerbemietrecht ,Gastronomierecht, Immobilienrecht, Schadensersatz Yachtrecht\",\"breadcrumb\":{\"@id\":\"https:\\\/\\\/www.kanzlei-steinwachs.de\\\/fr\\\/droit-du-bail-2\\\/plafond-de-loyer\\\/#breadcrumb\"},\"inLanguage\":\"fr-FR\",\"potentialAction\":[{\"@type\":\"ReadAction\",\"target\":[\"https:\\\/\\\/www.kanzlei-steinwachs.de\\\/fr\\\/droit-du-bail-2\\\/plafond-de-loyer\\\/\"]}]},{\"@type\":\"BreadcrumbList\",\"@id\":\"https:\\\/\\\/www.kanzlei-steinwachs.de\\\/fr\\\/droit-du-bail-2\\\/plafond-de-loyer\\\/#breadcrumb\",\"itemListElement\":[{\"@type\":\"ListItem\",\"position\":1,\"name\":\"Droit du bail\",\"item\":\"https:\\\/\\\/www.kanzlei-steinwachs.de\\\/fr\\\/droit-du-bail-2\\\/\"},{\"@type\":\"ListItem\",\"position\":2,\"name\":\"Plafond de loyer\"}]},{\"@type\":\"WebSite\",\"@id\":\"https:\\\/\\\/www.kanzlei-steinwachs.de\\\/fr\\\/#website\",\"url\":\"https:\\\/\\\/www.kanzlei-steinwachs.de\\\/fr\\\/\",\"name\":\"Rechtsanwaltskanzlei Anwalt Hamburg Berlin Bremen Hannover L\u00fcbeck\",\"description\":\"Wir leisten mehr als Recht bietet\",\"publisher\":{\"@id\":\"https:\\\/\\\/www.kanzlei-steinwachs.de\\\/fr\\\/#organization\"},\"potentialAction\":[{\"@type\":\"SearchAction\",\"target\":{\"@type\":\"EntryPoint\",\"urlTemplate\":\"https:\\\/\\\/www.kanzlei-steinwachs.de\\\/fr\\\/?s={search_term_string}\"},\"query-input\":{\"@type\":\"PropertyValueSpecification\",\"valueRequired\":true,\"valueName\":\"search_term_string\"}}],\"inLanguage\":\"fr-FR\"},{\"@type\":[\"Organization\",\"Place\"],\"@id\":\"https:\\\/\\\/www.kanzlei-steinwachs.de\\\/fr\\\/#organization\",\"name\":\"Rechtsanwaltskanzlei Anwalt Hamburg Berlin Bremen Hannover L\u00fcbeck\",\"url\":\"https:\\\/\\\/www.kanzlei-steinwachs.de\\\/\",\"logo\":{\"@type\":\"ImageObject\",\"inLanguage\":\"fr-FR\",\"@id\":\"https:\\\/\\\/www.kanzlei-steinwachs.de\\\/fr\\\/#\\\/schema\\\/logo\\\/image\\\/\",\"url\":\"https:\\\/\\\/i0.wp.com\\\/www.kanzlei-steinwachs.de\\\/wp-content\\\/uploads\\\/2023\\\/12\\\/logo.webp?fit=174%2C76&quality=80&ssl=1\",\"contentUrl\":\"https:\\\/\\\/i0.wp.com\\\/www.kanzlei-steinwachs.de\\\/wp-content\\\/uploads\\\/2023\\\/12\\\/logo.webp?fit=174%2C76&quality=80&ssl=1\",\"width\":174,\"height\":76,\"caption\":\"Rechtsanwaltskanzlei Anwalt Hamburg Berlin Bremen Hannover L\u00fcbeck\"},\"image\":{\"@id\":\"https:\\\/\\\/www.kanzlei-steinwachs.de\\\/fr\\\/#\\\/schema\\\/logo\\\/image\\\/\"},\"sameAs\":[\"https:\\\/\\\/www.facebook.com\\\/STEINWACHSRechtsanwaltskanzlei\\\/\",\"https:\\\/\\\/x.com\\\/rasteinwachs\",\"https:\\\/\\\/www.instagram.com\\\/steinwachs_rechtsanwaelte\\\/\",\"https:\\\/\\\/www.linkedin.com\\\/in\\\/stephan-steinwachs-7a270197\\\/\",\"https:\\\/\\\/www.youtube.com\\\/channel\\\/UCffmodDlQx81remXm395RWA\"],\"telephone\":[]}]}<\/script>\n<!-- \/ Yoast SEO Premium plugin. -->","yoast_head_json":{"title":"Rechtsanwaltskanzlei in Hamburg Berlin Bremen Hannover L\u00fcbeck","description":"Rechtsanwaltskanzlei f\u00fcr Arbeitsrecht, Arzthaftung, Mietrecht, Gewerbemietrecht ,Gastronomierecht, Immobilienrecht, Schadensersatz Yachtrecht","robots":{"index":"index","follow":"follow","max-snippet":"max-snippet:-1","max-image-preview":"max-image-preview:large","max-video-preview":"max-video-preview:-1"},"canonical":"https:\/\/www.kanzlei-steinwachs.de\/fr\/droit-du-bail-2\/plafond-de-loyer\/","og_locale":"fr_FR","og_type":"article","og_title":"Rechtsanwaltskanzlei in Hamburg Berlin Bremen Hannover L\u00fcbeck","og_description":"Rechtsanwaltskanzlei f\u00fcr Arbeitsrecht, Arzthaftung, Mietrecht, Gewerbemietrecht ,Gastronomierecht, Immobilienrecht, Schadensersatz Yachtrecht","og_url":"https:\/\/www.kanzlei-steinwachs.de\/fr\/droit-du-bail-2\/plafond-de-loyer\/","og_site_name":"Rechtsanwaltskanzlei Anwalt Hamburg Berlin Bremen Hannover L\u00fcbeck","article_publisher":"https:\/\/www.facebook.com\/STEINWACHSRechtsanwaltskanzlei\/","article_modified_time":"2023-12-05T06:01:46+00:00","twitter_card":"summary_large_image","twitter_site":"@rasteinwachs","twitter_misc":{"Dur\u00e9e de lecture estim\u00e9e":"2 minutes"},"schema":{"@context":"https:\/\/schema.org","@graph":[{"@type":"WebPage","@id":"https:\/\/www.kanzlei-steinwachs.de\/fr\/droit-du-bail-2\/plafond-de-loyer\/","url":"https:\/\/www.kanzlei-steinwachs.de\/fr\/droit-du-bail-2\/plafond-de-loyer\/","name":"Rechtsanwaltskanzlei in Hamburg Berlin Bremen Hannover L\u00fcbeck","isPartOf":{"@id":"https:\/\/www.kanzlei-steinwachs.de\/fr\/#website"},"datePublished":"2023-11-21T04:42:18+00:00","dateModified":"2023-12-05T06:01:46+00:00","description":"Rechtsanwaltskanzlei f\u00fcr Arbeitsrecht, Arzthaftung, Mietrecht, Gewerbemietrecht ,Gastronomierecht, Immobilienrecht, Schadensersatz Yachtrecht","breadcrumb":{"@id":"https:\/\/www.kanzlei-steinwachs.de\/fr\/droit-du-bail-2\/plafond-de-loyer\/#breadcrumb"},"inLanguage":"fr-FR","potentialAction":[{"@type":"ReadAction","target":["https:\/\/www.kanzlei-steinwachs.de\/fr\/droit-du-bail-2\/plafond-de-loyer\/"]}]},{"@type":"BreadcrumbList","@id":"https:\/\/www.kanzlei-steinwachs.de\/fr\/droit-du-bail-2\/plafond-de-loyer\/#breadcrumb","itemListElement":[{"@type":"ListItem","position":1,"name":"Droit du bail","item":"https:\/\/www.kanzlei-steinwachs.de\/fr\/droit-du-bail-2\/"},{"@type":"ListItem","position":2,"name":"Plafond de loyer"}]},{"@type":"WebSite","@id":"https:\/\/www.kanzlei-steinwachs.de\/fr\/#website","url":"https:\/\/www.kanzlei-steinwachs.de\/fr\/","name":"Rechtsanwaltskanzlei Anwalt Hamburg Berlin Bremen Hannover L\u00fcbeck","description":"Wir leisten mehr als Recht bietet","publisher":{"@id":"https:\/\/www.kanzlei-steinwachs.de\/fr\/#organization"},"potentialAction":[{"@type":"SearchAction","target":{"@type":"EntryPoint","urlTemplate":"https:\/\/www.kanzlei-steinwachs.de\/fr\/?s={search_term_string}"},"query-input":{"@type":"PropertyValueSpecification","valueRequired":true,"valueName":"search_term_string"}}],"inLanguage":"fr-FR"},{"@type":["Organization","Place"],"@id":"https:\/\/www.kanzlei-steinwachs.de\/fr\/#organization","name":"Rechtsanwaltskanzlei Anwalt Hamburg Berlin Bremen Hannover L\u00fcbeck","url":"https:\/\/www.kanzlei-steinwachs.de\/","logo":{"@type":"ImageObject","inLanguage":"fr-FR","@id":"https:\/\/www.kanzlei-steinwachs.de\/fr\/#\/schema\/logo\/image\/","url":"https:\/\/i0.wp.com\/www.kanzlei-steinwachs.de\/wp-content\/uploads\/2023\/12\/logo.webp?fit=174%2C76&quality=80&ssl=1","contentUrl":"https:\/\/i0.wp.com\/www.kanzlei-steinwachs.de\/wp-content\/uploads\/2023\/12\/logo.webp?fit=174%2C76&quality=80&ssl=1","width":174,"height":76,"caption":"Rechtsanwaltskanzlei Anwalt Hamburg Berlin Bremen Hannover L\u00fcbeck"},"image":{"@id":"https:\/\/www.kanzlei-steinwachs.de\/fr\/#\/schema\/logo\/image\/"},"sameAs":["https:\/\/www.facebook.com\/STEINWACHSRechtsanwaltskanzlei\/","https:\/\/x.com\/rasteinwachs","https:\/\/www.instagram.com\/steinwachs_rechtsanwaelte\/","https:\/\/www.linkedin.com\/in\/stephan-steinwachs-7a270197\/","https:\/\/www.youtube.com\/channel\/UCffmodDlQx81remXm395RWA"],"telephone":[]}]}},"jetpack_sharing_enabled":true,"_links":{"self":[{"href":"https:\/\/www.kanzlei-steinwachs.de\/fr\/wp-json\/wp\/v2\/pages\/15130","targetHints":{"allow":["GET"]}}],"collection":[{"href":"https:\/\/www.kanzlei-steinwachs.de\/fr\/wp-json\/wp\/v2\/pages"}],"about":[{"href":"https:\/\/www.kanzlei-steinwachs.de\/fr\/wp-json\/wp\/v2\/types\/page"}],"author":[{"embeddable":true,"href":"https:\/\/www.kanzlei-steinwachs.de\/fr\/wp-json\/wp\/v2\/users\/1"}],"replies":[{"embeddable":true,"href":"https:\/\/www.kanzlei-steinwachs.de\/fr\/wp-json\/wp\/v2\/comments?post=15130"}],"version-history":[{"count":0,"href":"https:\/\/www.kanzlei-steinwachs.de\/fr\/wp-json\/wp\/v2\/pages\/15130\/revisions"}],"up":[{"embeddable":true,"href":"https:\/\/www.kanzlei-steinwachs.de\/fr\/wp-json\/wp\/v2\/pages\/8296"}],"wp:attachment":[{"href":"https:\/\/www.kanzlei-steinwachs.de\/fr\/wp-json\/wp\/v2\/media?parent=15130"}],"curies":[{"name":"wp","href":"https:\/\/api.w.org\/{rel}","templated":true}]}}