{"id":14789,"date":"2023-11-15T07:46:08","date_gmt":"2023-11-15T06:46:08","guid":{"rendered":"https:\/\/www.kanzlei-steinwachs.de\/prestations-de-service\/"},"modified":"2023-12-04T14:01:53","modified_gmt":"2023-12-04T13:01:53","slug":"prestations-de-service","status":"publish","type":"page","link":"https:\/\/www.kanzlei-steinwachs.de\/fr\/prestations-de-service\/","title":{"rendered":"Prestations de service"},"content":{"rendered":"<div class=\"wpb-content-wrapper\"><p>[vc_row triangle_shape=\u00a0\u00bbno\u00a0\u00bb][vc_column][vc_column_text]<\/p>\n<h4>Le cabinet d&rsquo;avocats propose des services pour :<\/h4>\n<ul>\n<li><strong><a title=\"Avocat pour entrepreneurs\" href=\"https:\/\/www.kanzlei-steinwachs.de\/leistungen\/unternehmen\" target=\"_self\" rel=\"noopener\">petites et moyennes entreprises<\/a><\/strong><\/li>\n<li><strong><a title=\"Avocat aupr\u00e8s des particuliers\" href=\"https:\/\/www.kanzlei-steinwachs.de\/leistungen\/privatpersonen\" target=\"_self\" rel=\"noopener\">Particuliers<\/a><\/strong><\/li>\n<li><strong><a title=\"Avocat des restaurateurs\" href=\"https:\/\/www.kanzlei-steinwachs.de\/leistungen\/gastronomen\" target=\"_self\" rel=\"noopener\">H\u00f4teliers et restaurateurs<\/a><\/strong><\/li>\n<li><strong><a title=\"Industrie des m\u00e9dias, du sport et du mannequinat\" href=\"https:\/\/www.kanzlei-steinwachs.de\/leistungen\/mediensportfashion\" target=\"_self\" rel=\"noopener\">Mod\u00e8les photo, athl\u00e8tes et leurs agences<\/a><\/strong><\/li>\n<\/ul>\n<p>[\/vc_column_text][\/vc_column][\/vc_row][vc_row triangle_shape=\u00a0\u00bbno\u00a0\u00bb][vc_column][vc_empty_space][vc_column_text]Vous pouvez conna\u00eetre l&rsquo;\u00e9tendue des activit\u00e9s en cliquant sur le sous-\u00e9l\u00e9ment qui vous concerne.<\/p>\n<h4>Dans la zone<\/h4>\n<ul>\n<li><strong><a title=\"Domaines du droit\" href=\"https:\/\/www.kanzlei-steinwachs.de\/leistungen\/rechtsgebiete\">Domaines du droit<\/a><\/strong><\/li>\n<\/ul>\n<p>Vous y trouverez des explications et des conseils sur les domaines probl\u00e9matiques sp\u00e9cifiques. Les principales activit\u00e9s du cabinet d&rsquo;avocats sont le <a title=\"Droit du travail\" href=\"https:\/\/www.kanzlei-steinwachs.de\/rechtsanwalt-anlegerschutzrecht-hamburg-berlin\">droit du travail<\/a>, <a title=\"Droit du bail\" href=\"https:\/\/www.kanzlei-steinwachs.de\/rechtsanwalt-mietrecht-hamburg-berlin\">le droit du bail et le<\/a> <a title=\"Droit immobilier\" href=\"https:\/\/www.kanzlei-steinwachs.de\/rechtsanwalt-immobilienrecht-hamburg-berlin\">droit immobilier,<\/a> <a title=\"Loi sur la gastronomie\" href=\"https:\/\/www.kanzlei-steinwachs.de\/rechtsanwalt-gastronomierecht-hamburg-berlin\">le droit de la restauration<\/a>, le <a title=\"Loi sur la protection des investisseurs\" href=\"https:\/\/www.kanzlei-steinwachs.de\/rechtsanwalt-anlegerschutzrecht-hamburg-berlin\">droit de la protection des investisseurs<\/a> et le <a title=\"Droit de la circulation\" href=\"https:\/\/www.kanzlei-steinwachs.de\/rechtsanwalt-verkehrsrecht-hamburg-berlin\">droit de la circulation.<\/a><\/p>\n<p>\u00c9viter les litiges ou les r\u00e9gler \u00e0 l\u2019amiable est souvent possible<\/p>\n<ul>\n<li><strong><a title=\"La m\u00e9diation\" href=\"https:\/\/www.kanzlei-steinwachs.de\/leistungen\/mediation\">La m\u00e9diation<\/a><br \/>\n<\/strong><\/li>\n<\/ul>\n<p>Un service sp\u00e9cial propos\u00e9 par le cabinet d&rsquo;avocats est la collaboration avec la psychologue qualifi\u00e9e Andrea Danker, sp\u00e9cialis\u00e9e dans les conflits sur le lieu de travail. Mme Danker a, entre autres, de l&rsquo;exp\u00e9rience dans l&rsquo;accompagnement des processus de changement, notamment en cas de licenciements obligatoires et dans les n\u00e9gociations de plans sociaux dans les entreprises commerciales, conseillant les parties aux n\u00e9gociations sur le processus afin de mettre en \u0153uvre les suppressions d&#8217;emplois d&rsquo;une mani\u00e8re socialement acceptable pour tous. impliqu\u00e9s, ainsi que conseiller et d\u00e9velopper des concepts pour la mise en \u0153uvre des mesures de l&rsquo;entreprise. En collaboration avec Mme Danker, le cabinet d&rsquo;avocats propose des strat\u00e9gies de solutions pour pr\u00e9venir ou att\u00e9nuer les sc\u00e9narios de conflits typiques dans les entreprises ainsi que leur m\u00e9diation extrajudiciaire dans le cadre de la com\u00e9diation (Steinwachs\/Danker).[\/vc_column_text][\/vc_column][\/vc_row]<\/p>\n<\/div>","protected":false},"excerpt":{"rendered":"<p>[vc_row triangle_shape=\u00a0\u00bbno\u00a0\u00bb][vc_column][vc_column_text] Le cabinet d&rsquo;avocats propose des services pour : petites et moyennes entreprises Particuliers H\u00f4teliers et restaurateurs Mod\u00e8les photo, athl\u00e8tes et leurs agences [\/vc_column_text][\/vc_column][\/vc_row][vc_row triangle_shape=\u00a0\u00bbno\u00a0\u00bb][vc_column][vc_empty_space][vc_column_text]Vous pouvez conna\u00eetre l&rsquo;\u00e9tendue des activit\u00e9s en cliquant sur le sous-\u00e9l\u00e9ment qui vous concerne. Dans la zone Domaines du droit Vous y trouverez des explications et des conseils sur les domaines probl\u00e9matiques sp\u00e9cifiques. Les principales activit\u00e9s du cabinet d&rsquo;avocats sont le droit du travail, le droit du bail et le droit immobilier, le droit de la restauration, le droit de la protection des investisseurs et le droit de la circulation. \u00c9viter les litiges ou les&#8230;<\/p>\n","protected":false},"author":1,"featured_media":0,"parent":0,"menu_order":0,"comment_status":"closed","ping_status":"closed","template":"","meta":{"footnotes":""},"class_list":["post-14789","page","type-page","status-publish","hentry"],"yoast_head":"<!-- This site is optimized with the Yoast SEO Premium plugin v27.2 (Yoast SEO v27.3) - https:\/\/yoast.com\/product\/yoast-seo-premium-wordpress\/ -->\n<title>Rechtsanwaltskanzlei in Hamburg Berlin Bremen Hannover L\u00fcbeck<\/title>\n<meta name=\"description\" content=\"Rechtsanwaltskanzlei f\u00fcr Arbeitsrecht, Arzthaftung, Mietrecht, Gewerbemietrecht ,Gastronomierecht, Immobilienrecht, Schadensersatz Yachtrecht\" \/>\n<meta name=\"robots\" content=\"index, follow, max-snippet:-1, max-image-preview:large, max-video-preview:-1\" \/>\n<link rel=\"canonical\" href=\"https:\/\/www.kanzlei-steinwachs.de\/fr\/prestations-de-service\/\" \/>\n<meta property=\"og:locale\" content=\"fr_FR\" \/>\n<meta property=\"og:type\" content=\"article\" \/>\n<meta property=\"og:title\" content=\"Rechtsanwaltskanzlei in Hamburg Berlin Bremen Hannover L\u00fcbeck\" \/>\n<meta property=\"og:description\" content=\"Rechtsanwaltskanzlei f\u00fcr Arbeitsrecht, Arzthaftung, Mietrecht, Gewerbemietrecht ,Gastronomierecht, Immobilienrecht, Schadensersatz Yachtrecht\" \/>\n<meta property=\"og:url\" content=\"https:\/\/www.kanzlei-steinwachs.de\/fr\/prestations-de-service\/\" \/>\n<meta property=\"og:site_name\" content=\"Rechtsanwaltskanzlei Anwalt Hamburg Berlin Bremen Hannover L\u00fcbeck\" \/>\n<meta property=\"article:publisher\" content=\"https:\/\/www.facebook.com\/STEINWACHSRechtsanwaltskanzlei\/\" \/>\n<meta property=\"article:modified_time\" content=\"2023-12-04T13:01:53+00:00\" \/>\n<meta name=\"twitter:card\" content=\"summary_large_image\" \/>\n<meta name=\"twitter:site\" content=\"@rasteinwachs\" \/>\n<meta name=\"twitter:label1\" content=\"Dur\u00e9e de lecture estim\u00e9e\" \/>\n\t<meta name=\"twitter:data1\" content=\"2 minutes\" \/>\n<script type=\"application\/ld+json\" class=\"yoast-schema-graph\">{\"@context\":\"https:\\\/\\\/schema.org\",\"@graph\":[{\"@type\":\"WebPage\",\"@id\":\"https:\\\/\\\/www.kanzlei-steinwachs.de\\\/fr\\\/prestations-de-service\\\/\",\"url\":\"https:\\\/\\\/www.kanzlei-steinwachs.de\\\/fr\\\/prestations-de-service\\\/\",\"name\":\"Rechtsanwaltskanzlei in Hamburg Berlin Bremen Hannover L\u00fcbeck\",\"isPartOf\":{\"@id\":\"https:\\\/\\\/www.kanzlei-steinwachs.de\\\/fr\\\/#website\"},\"datePublished\":\"2023-11-15T06:46:08+00:00\",\"dateModified\":\"2023-12-04T13:01:53+00:00\",\"description\":\"Rechtsanwaltskanzlei f\u00fcr Arbeitsrecht, Arzthaftung, Mietrecht, Gewerbemietrecht ,Gastronomierecht, Immobilienrecht, Schadensersatz Yachtrecht\",\"inLanguage\":\"fr-FR\",\"potentialAction\":[{\"@type\":\"ReadAction\",\"target\":[\"https:\\\/\\\/www.kanzlei-steinwachs.de\\\/fr\\\/prestations-de-service\\\/\"]}]},{\"@type\":\"WebSite\",\"@id\":\"https:\\\/\\\/www.kanzlei-steinwachs.de\\\/fr\\\/#website\",\"url\":\"https:\\\/\\\/www.kanzlei-steinwachs.de\\\/fr\\\/\",\"name\":\"Rechtsanwaltskanzlei Anwalt Hamburg Berlin Bremen Hannover L\u00fcbeck\",\"description\":\"Wir leisten mehr als Recht bietet\",\"publisher\":{\"@id\":\"https:\\\/\\\/www.kanzlei-steinwachs.de\\\/fr\\\/#organization\"},\"potentialAction\":[{\"@type\":\"SearchAction\",\"target\":{\"@type\":\"EntryPoint\",\"urlTemplate\":\"https:\\\/\\\/www.kanzlei-steinwachs.de\\\/fr\\\/?s={search_term_string}\"},\"query-input\":{\"@type\":\"PropertyValueSpecification\",\"valueRequired\":true,\"valueName\":\"search_term_string\"}}],\"inLanguage\":\"fr-FR\"},{\"@type\":[\"Organization\",\"Place\"],\"@id\":\"https:\\\/\\\/www.kanzlei-steinwachs.de\\\/fr\\\/#organization\",\"name\":\"Rechtsanwaltskanzlei Anwalt Hamburg Berlin Bremen Hannover L\u00fcbeck\",\"url\":\"https:\\\/\\\/www.kanzlei-steinwachs.de\\\/\",\"logo\":{\"@type\":\"ImageObject\",\"inLanguage\":\"fr-FR\",\"@id\":\"https:\\\/\\\/www.kanzlei-steinwachs.de\\\/fr\\\/#\\\/schema\\\/logo\\\/image\\\/\",\"url\":\"https:\\\/\\\/i0.wp.com\\\/www.kanzlei-steinwachs.de\\\/wp-content\\\/uploads\\\/2023\\\/12\\\/logo.webp?fit=174%2C76&quality=80&ssl=1\",\"contentUrl\":\"https:\\\/\\\/i0.wp.com\\\/www.kanzlei-steinwachs.de\\\/wp-content\\\/uploads\\\/2023\\\/12\\\/logo.webp?fit=174%2C76&quality=80&ssl=1\",\"width\":174,\"height\":76,\"caption\":\"Rechtsanwaltskanzlei Anwalt Hamburg Berlin Bremen Hannover L\u00fcbeck\"},\"image\":{\"@id\":\"https:\\\/\\\/www.kanzlei-steinwachs.de\\\/fr\\\/#\\\/schema\\\/logo\\\/image\\\/\"},\"sameAs\":[\"https:\\\/\\\/www.facebook.com\\\/STEINWACHSRechtsanwaltskanzlei\\\/\",\"https:\\\/\\\/x.com\\\/rasteinwachs\",\"https:\\\/\\\/www.instagram.com\\\/steinwachs_rechtsanwaelte\\\/\",\"https:\\\/\\\/www.linkedin.com\\\/in\\\/stephan-steinwachs-7a270197\\\/\",\"https:\\\/\\\/www.youtube.com\\\/channel\\\/UCffmodDlQx81remXm395RWA\"],\"telephone\":[]}]}<\/script>\n<!-- \/ Yoast SEO Premium plugin. -->","yoast_head_json":{"title":"Rechtsanwaltskanzlei in Hamburg Berlin Bremen Hannover L\u00fcbeck","description":"Rechtsanwaltskanzlei f\u00fcr Arbeitsrecht, Arzthaftung, Mietrecht, Gewerbemietrecht ,Gastronomierecht, Immobilienrecht, Schadensersatz Yachtrecht","robots":{"index":"index","follow":"follow","max-snippet":"max-snippet:-1","max-image-preview":"max-image-preview:large","max-video-preview":"max-video-preview:-1"},"canonical":"https:\/\/www.kanzlei-steinwachs.de\/fr\/prestations-de-service\/","og_locale":"fr_FR","og_type":"article","og_title":"Rechtsanwaltskanzlei in Hamburg Berlin Bremen Hannover L\u00fcbeck","og_description":"Rechtsanwaltskanzlei f\u00fcr Arbeitsrecht, Arzthaftung, Mietrecht, Gewerbemietrecht ,Gastronomierecht, Immobilienrecht, Schadensersatz Yachtrecht","og_url":"https:\/\/www.kanzlei-steinwachs.de\/fr\/prestations-de-service\/","og_site_name":"Rechtsanwaltskanzlei Anwalt Hamburg Berlin Bremen Hannover L\u00fcbeck","article_publisher":"https:\/\/www.facebook.com\/STEINWACHSRechtsanwaltskanzlei\/","article_modified_time":"2023-12-04T13:01:53+00:00","twitter_card":"summary_large_image","twitter_site":"@rasteinwachs","twitter_misc":{"Dur\u00e9e de lecture estim\u00e9e":"2 minutes"},"schema":{"@context":"https:\/\/schema.org","@graph":[{"@type":"WebPage","@id":"https:\/\/www.kanzlei-steinwachs.de\/fr\/prestations-de-service\/","url":"https:\/\/www.kanzlei-steinwachs.de\/fr\/prestations-de-service\/","name":"Rechtsanwaltskanzlei in Hamburg Berlin Bremen Hannover L\u00fcbeck","isPartOf":{"@id":"https:\/\/www.kanzlei-steinwachs.de\/fr\/#website"},"datePublished":"2023-11-15T06:46:08+00:00","dateModified":"2023-12-04T13:01:53+00:00","description":"Rechtsanwaltskanzlei f\u00fcr Arbeitsrecht, Arzthaftung, Mietrecht, Gewerbemietrecht ,Gastronomierecht, Immobilienrecht, Schadensersatz Yachtrecht","inLanguage":"fr-FR","potentialAction":[{"@type":"ReadAction","target":["https:\/\/www.kanzlei-steinwachs.de\/fr\/prestations-de-service\/"]}]},{"@type":"WebSite","@id":"https:\/\/www.kanzlei-steinwachs.de\/fr\/#website","url":"https:\/\/www.kanzlei-steinwachs.de\/fr\/","name":"Rechtsanwaltskanzlei Anwalt Hamburg Berlin Bremen Hannover L\u00fcbeck","description":"Wir leisten mehr als Recht bietet","publisher":{"@id":"https:\/\/www.kanzlei-steinwachs.de\/fr\/#organization"},"potentialAction":[{"@type":"SearchAction","target":{"@type":"EntryPoint","urlTemplate":"https:\/\/www.kanzlei-steinwachs.de\/fr\/?s={search_term_string}"},"query-input":{"@type":"PropertyValueSpecification","valueRequired":true,"valueName":"search_term_string"}}],"inLanguage":"fr-FR"},{"@type":["Organization","Place"],"@id":"https:\/\/www.kanzlei-steinwachs.de\/fr\/#organization","name":"Rechtsanwaltskanzlei Anwalt Hamburg Berlin Bremen Hannover L\u00fcbeck","url":"https:\/\/www.kanzlei-steinwachs.de\/","logo":{"@type":"ImageObject","inLanguage":"fr-FR","@id":"https:\/\/www.kanzlei-steinwachs.de\/fr\/#\/schema\/logo\/image\/","url":"https:\/\/i0.wp.com\/www.kanzlei-steinwachs.de\/wp-content\/uploads\/2023\/12\/logo.webp?fit=174%2C76&quality=80&ssl=1","contentUrl":"https:\/\/i0.wp.com\/www.kanzlei-steinwachs.de\/wp-content\/uploads\/2023\/12\/logo.webp?fit=174%2C76&quality=80&ssl=1","width":174,"height":76,"caption":"Rechtsanwaltskanzlei Anwalt Hamburg Berlin Bremen Hannover L\u00fcbeck"},"image":{"@id":"https:\/\/www.kanzlei-steinwachs.de\/fr\/#\/schema\/logo\/image\/"},"sameAs":["https:\/\/www.facebook.com\/STEINWACHSRechtsanwaltskanzlei\/","https:\/\/x.com\/rasteinwachs","https:\/\/www.instagram.com\/steinwachs_rechtsanwaelte\/","https:\/\/www.linkedin.com\/in\/stephan-steinwachs-7a270197\/","https:\/\/www.youtube.com\/channel\/UCffmodDlQx81remXm395RWA"],"telephone":[]}]}},"jetpack_sharing_enabled":true,"_links":{"self":[{"href":"https:\/\/www.kanzlei-steinwachs.de\/fr\/wp-json\/wp\/v2\/pages\/14789","targetHints":{"allow":["GET"]}}],"collection":[{"href":"https:\/\/www.kanzlei-steinwachs.de\/fr\/wp-json\/wp\/v2\/pages"}],"about":[{"href":"https:\/\/www.kanzlei-steinwachs.de\/fr\/wp-json\/wp\/v2\/types\/page"}],"author":[{"embeddable":true,"href":"https:\/\/www.kanzlei-steinwachs.de\/fr\/wp-json\/wp\/v2\/users\/1"}],"replies":[{"embeddable":true,"href":"https:\/\/www.kanzlei-steinwachs.de\/fr\/wp-json\/wp\/v2\/comments?post=14789"}],"version-history":[{"count":0,"href":"https:\/\/www.kanzlei-steinwachs.de\/fr\/wp-json\/wp\/v2\/pages\/14789\/revisions"}],"wp:attachment":[{"href":"https:\/\/www.kanzlei-steinwachs.de\/fr\/wp-json\/wp\/v2\/media?parent=14789"}],"curies":[{"name":"wp","href":"https:\/\/api.w.org\/{rel}","templated":true}]}}