{"id":14650,"date":"2023-11-20T14:22:35","date_gmt":"2023-11-20T13:22:35","guid":{"rendered":"https:\/\/www.kanzlei-steinwachs.de\/droit-du-bail-commercial\/contrat-de-bail-commercial\/delais-de-resiliation-des-baux-commerciaux\/"},"modified":"2023-12-04T11:39:46","modified_gmt":"2023-12-04T10:39:46","slug":"delais-de-resiliation-des-baux-commerciaux","status":"publish","type":"page","link":"https:\/\/www.kanzlei-steinwachs.de\/fr\/droit-du-bail-commercial\/contrat-de-bail-commercial\/delais-de-resiliation-des-baux-commerciaux\/","title":{"rendered":"D\u00e9lais de r\u00e9siliation des baux commerciaux"},"content":{"rendered":"<div class=\"wpb-content-wrapper\"><p>[vc_row content_width=\u00a0\u00bbgrid\u00a0\u00bb content_aligment=\u00a0\u00bbcenter\u00a0\u00bb triangle_shape=\u00a0\u00bbno\u00a0\u00bb css=\u00a0\u00bb.vc_custom_1696926719838{padding-bottom: 10px !important;background-position: center !important;background-repeat: no-repeat !important;background-size: cover !important;}\u00a0\u00bb][vc_column]<div class=\"mkd-separator-holder clearfix  mkd-separator-center mkd-separator-with-icon mkd-animate\" style=\"margin-top: 20px; margin-bottom: 30px\">\n\t<div class=\"mkd-separator\" style=\"border-color: #c18f59;border-style: solid;width: 97.5px\"><\/div>\n\t\t<div class=\"mkd-separator-icon\">\n\t\t\t                    \t\t\t\t\t\t<\/div>\n\t<div class=\"mkd-separator\" style=\"border-color: #c18f59;border-style: solid;width: 97.5px\"><\/div>\n<\/div>\n[\/vc_column][\/vc_row][vc_row triangle_shape=\u00a0\u00bbno\u00a0\u00bb css=\u00a0\u00bb.vc_custom_1700486668910{padding-bottom: 20px !important;}\u00a0\u00bb][vc_column][vc_column_text css=\u00a0\u00bb.vc_custom_1700486641745{padding-top: 10px !important;}\u00a0\u00bb]Le droit du bail commercial diff\u00e8re fondamentalement du droit du bail r\u00e9sidentiel car il n\u2019offre aucune protection sp\u00e9cifique au locataire. Dans ce domaine, locataires et propri\u00e9taires sont trait\u00e9s sur un pied d\u2019\u00e9galit\u00e9.[\/vc_column_text][vc_column_text css=\u00a0\u00bb.vc_custom_1700486651472{padding-top: 10px !important;}\u00a0\u00bb]Il en r\u00e9sulte une plus grande possibilit\u00e9 de r\u00e9siliation des baux commerciaux. Les d\u00e9rogations contractuelles peuvent pr\u00e9valoir sur les dispositions l\u00e9gales. C&rsquo;est pourquoi les conditions et les d\u00e9lais de r\u00e9siliation varient souvent dans le contrat individuel. Avant de r\u00e9silier le bail, il est indispensable de v\u00e9rifier le contrat de location pour conna\u00eetre les bonnes d\u00e9marches et d\u00e9lais.[\/vc_column_text][vc_column_text css=\u00a0\u00bb.vc_custom_1700486657089{padding-top: 10px !important;}\u00a0\u00bb]Les baux commerciaux sont souvent conclus pour une dur\u00e9e limit\u00e9e. Dans de tels cas, une r\u00e9siliation ordinaire n&rsquo;est pas possible car le contrat prend fin automatiquement \u00e0 l&rsquo;expiration du d\u00e9lai. Toutefois, sous certaines conditions, une r\u00e9siliation extraordinaire sans pr\u00e9avis ou une r\u00e9siliation particuli\u00e8re est possible. Un accord de r\u00e9siliation peut \u00e9galement \u00eatre conclu de gr\u00e9 \u00e0 gr\u00e9.[\/vc_column_text][\/vc_column][\/vc_row][vc_row triangle_shape=\u00a0\u00bbno\u00a0\u00bb css=\u00a0\u00bb.vc_custom_1700486668910{padding-bottom: 20px !important;}\u00a0\u00bb][vc_column]\n<h2 class=\"mkd-custom-font-holder\" style=\"font-size: 20px;line-height: 30px;font-weight: 700\" data-font-size= 20 data-line-height= 30>\n\tWann gilt ein Mietvertrag als gewerblich?<\/h2>[vc_column_text css=\u00a0\u00bb.vc_custom_1700486707369{padding-top: 10px !important;}\u00a0\u00bb]Le type de contrat d\u00e9pend de l&rsquo;utilisation pr\u00e9vue. Un contrat de location pour un usage professionnel de la propri\u00e9t\u00e9 est consid\u00e9r\u00e9 comme commercial. \u00c0 l\u2019oppos\u00e9, le contrat de location d\u2019habitation couvre l\u2019usage r\u00e9sidentiel priv\u00e9.[\/vc_column_text][\/vc_column][\/vc_row][vc_row triangle_shape=\u00a0\u00bbno\u00a0\u00bb css=\u00a0\u00bb.vc_custom_1700486668910{padding-bottom: 20px !important;}\u00a0\u00bb][vc_column]\n<h2 class=\"mkd-custom-font-holder\" style=\"font-size: 20px;line-height: 30px;font-weight: 700\" data-font-size= 20 data-line-height= 30>\n\tWann kann ich meinen Gewerbemietvertrag k\u00fcndigen?<\/h2>[vc_column_text css=\u00a0\u00bb.vc_custom_1700486734760{padding-top: 10px !important;}\u00a0\u00bb]Contrairement au droit du bail \u00e0 usage d&rsquo;habitation, ni les locataires ni les propri\u00e9taires ne sont tenus de fournir des motifs juridiques de r\u00e9siliation en cas de r\u00e9siliation normale.<\/p>\n<div id=\"gtx-trans\" style=\"position: absolute; left: 146px; top: 89px;\">\n<div class=\"gtx-trans-icon\"><\/div>\n<\/div>\n<p>[\/vc_column_text][vc_column_text css=\u00a0\u00bb.vc_custom_1700486744321{padding-top: 10px !important;}\u00a0\u00bb]Attention : Dans le cas de contrats de location temporaires, ceux-ci prennent fin automatiquement et ne peuvent \u00eatre r\u00e9sili\u00e9s normalement. Une exception concerne les contrats d&rsquo;une dur\u00e9e sup\u00e9rieure \u00e0 30 ans. Dans de tels cas, les locataires et les propri\u00e9taires peuvent r\u00e9silier le contrat apr\u00e8s 30 ans (article 544 du Code civil).  <\/p>\n<div id=\"gtx-trans\" style=\"position: absolute; left: 166px; top: 62px;\">\n<div class=\"gtx-trans-icon\"><\/div>\n<\/div>\n<p>[\/vc_column_text][\/vc_column][\/vc_row][vc_row triangle_shape=\u00a0\u00bbno\u00a0\u00bb css=\u00a0\u00bb.vc_custom_1700486668910{padding-bottom: 20px !important;}\u00a0\u00bb][vc_column]\n<h2 class=\"mkd-custom-font-holder\" style=\"font-size: 20px;line-height: 30px;font-weight: 700\" data-font-size= 20 data-line-height= 30>\n\tUnter welchen Umst\u00e4nden ist eine au\u00dferordentliche K\u00fcndigung gerechtfertigt?<\/h2>[vc_column_text css=\u00a0\u00bb.vc_custom_1700486801143{padding-top: 10px !important;}\u00a0\u00bb]Les contrats de location \u00e0 dur\u00e9e d\u00e9termin\u00e9e ou illimit\u00e9e peuvent \u00eatre r\u00e9sili\u00e9s sans pr\u00e9avis en cas de \u00ab motif important \u00bb (article 543, paragraphe 1, du BGB).<\/p>\n<div id=\"gtx-trans\" style=\"position: absolute; left: 233px; top: 62px;\">\n<div class=\"gtx-trans-icon\"><\/div>\n<\/div>\n<p>[\/vc_column_text][vc_column_text css=\u00a0\u00bb.vc_custom_1700486815655{padding-top: 10px !important;}\u00a0\u00bb]La loi reconna\u00eet de telles r\u00e9siliations extraordinaires dans les situations suivantes :[\/vc_column_text]<div class=\"mkd-unordered-list \" ><ul>\n<li>Das verwehren der rechtzeitigen Nutzung der Immobilie, etwa bei versp\u00e4teter \u00dcbergabe der Gesch\u00e4ftsr\u00e4ume.<\/li>\n<li>Mieter oder Vermieter verletzen schwerwiegend eine Vertragspflicht. Zum Beispiel, wenn der Mieter die R\u00e4umlichkeiten unerlaubt untervermietet oder der Vermieter die Gesundheit des Mieters durch Schimmel oder Einsturzgefahr gef\u00e4hrdet. Beachte, dass meist eine vorherige Abmahnung erforderlich ist.<\/li>\n<li>Der Mieter ger\u00e4t in Zahlungsverzug. Dies kann eintreten, wenn die Miete \u00fcber zwei aufeinanderfolgende Termine ausbleibt oder der Mieter langfristig zu wenig Miete zahlt.<\/li>\n<\/ul>\n<\/div>[\/vc_column][\/vc_row][vc_row triangle_shape=\u00a0\u00bbno\u00a0\u00bb css=\u00a0\u00bb.vc_custom_1700486668910{padding-bottom: 20px !important;}\u00a0\u00bb][vc_column][vc_column_text css=\u00a0\u00bb.vc_custom_1700486895415{padding-top: 10px !important;}\u00a0\u00bb]<strong>Welche Fristen gelten f\u00fcr Gewerbemietvertragsk\u00fcndigungen?<\/strong> Sauf accords contractuels particuliers, les dispositions l\u00e9gales s&rsquo;appliquent. Selon l&rsquo;article 580a, paragraphe 2 du BGB :[\/vc_column_text][vc_column_text css=\u00a0\u00bb.vc_custom_1700486928887{padding-top: 10px !important;}\u00a0\u00bb]\u00ab Pour les contrats de location de locaux professionnels, la r\u00e9siliation ordinaire est possible le troisi\u00e8me jour ouvrable d&rsquo;un trimestre civil jusqu&rsquo;\u00e0 la fin du trimestre civil suivant. \u00bb[\/vc_column_text][vc_column_text css=\u00a0\u00bb.vc_custom_1700486921161{padding-top: 10px !important;}\u00a0\u00bb]Cela signifie que les locataires et les propri\u00e9taires doivent donner un pr\u00e9avis d&rsquo;au moins six mois jusqu&rsquo;\u00e0 la fin d&rsquo;un trimestre civil. Le d\u00e9lai de pr\u00e9avis l\u00e9gal est compris entre six et neuf mois.[\/vc_column_text][vc_column_text css=\u00a0\u00bb.vc_custom_1700486912897{padding-top: 10px !important;}\u00a0\u00bb]<strong>Astuce : Envoyez l&rsquo;annulation par courrier recommand\u00e9<\/strong> Afin de respecter le d\u00e9lai, le moment de r\u00e9ception de l&rsquo;annulation est crucial. Il est donc conseill\u00e9 d&rsquo;envoyer la notification de r\u00e9siliation par courrier recommand\u00e9 ou de la remettre personnellement en pr\u00e9sence d&rsquo;un t\u00e9moin. Un accus\u00e9 de r\u00e9ception \u00e9crit est recommand\u00e9.[\/vc_column_text][\/vc_column][\/vc_row][vc_row triangle_shape=\u00a0\u00bbno\u00a0\u00bb css=\u00a0\u00bb.vc_custom_1700486668910{padding-bottom: 20px !important;}\u00a0\u00bb][vc_column][vc_column_text css=\u00a0\u00bb.vc_custom_1700486950544{padding-top: 10px !important;}\u00a0\u00bb]<strong>Quelles informations doivent figurer dans la lettre de licenciement ?<\/strong> Les points suivants sont essentiels :<\/p>\n<div id=\"gtx-trans\" style=\"position: absolute; left: 123px; top: 38px;\">\n<div class=\"gtx-trans-icon\"><\/div>\n<\/div>\n<p>[\/vc_column_text][vc_column_text css=\u00a0\u00bb.vc_custom_1700486956968{padding-top: 10px !important;}\u00a0\u00bb]<\/p>\n<ul>\n<li>Forme \u00e9crite de r\u00e9siliation.<\/li>\n<li>Tous les locataires ou propri\u00e9taires mentionn\u00e9s dans le contrat de location doivent \u00eatre contact\u00e9s.<\/li>\n<li>D\u00e9crivez la propri\u00e9t\u00e9 en d\u00e9tail, y compris l&rsquo;adresse.<\/li>\n<li>La lettre de r\u00e9siliation doit \u00eatre sign\u00e9e par toutes les parties concern\u00e9es.<\/li>\n<\/ul>\n<p>[\/vc_column_text][\/vc_column][\/vc_row]<\/p>\n<\/div>","protected":false},"excerpt":{"rendered":"<p>[vc_row content_width=\u00a0\u00bbgrid\u00a0\u00bb content_aligment=\u00a0\u00bbcenter\u00a0\u00bb triangle_shape=\u00a0\u00bbno\u00a0\u00bb css=\u00a0\u00bb.vc_custom_1696926719838{padding-bottom: 10px !important;background-position: center !important;background-repeat: no-repeat !important;background-size: cover !important;}\u00a0\u00bb][vc_column][\/vc_column][\/vc_row][vc_row triangle_shape=\u00a0\u00bbno\u00a0\u00bb css=\u00a0\u00bb.vc_custom_1700486668910{padding-bottom: 20px !important;}\u00a0\u00bb][vc_column][vc_column_text css=\u00a0\u00bb.vc_custom_1700486641745{padding-top: 10px !important;}\u00a0\u00bb]Le droit du bail commercial diff\u00e8re fondamentalement du droit du bail r\u00e9sidentiel car il n\u2019offre aucune protection sp\u00e9cifique au locataire. Dans ce domaine, locataires et propri\u00e9taires sont trait\u00e9s sur un pied d\u2019\u00e9galit\u00e9.[\/vc_column_text][vc_column_text css=\u00a0\u00bb.vc_custom_1700486651472{padding-top: 10px !important;}\u00a0\u00bb]Il en r\u00e9sulte une plus grande possibilit\u00e9 de r\u00e9siliation des baux commerciaux. Les d\u00e9rogations contractuelles peuvent pr\u00e9valoir sur les dispositions l\u00e9gales. C&rsquo;est pourquoi les conditions et les d\u00e9lais de r\u00e9siliation varient souvent dans le contrat individuel. Avant de r\u00e9silier le bail, il est indispensable de v\u00e9rifier le&#8230;<\/p>\n","protected":false},"author":1,"featured_media":0,"parent":14607,"menu_order":0,"comment_status":"closed","ping_status":"closed","template":"","meta":{"footnotes":""},"class_list":["post-14650","page","type-page","status-publish","hentry"],"yoast_head":"<!-- This site is optimized with the Yoast SEO Premium plugin v27.2 (Yoast SEO v27.4) - https:\/\/yoast.com\/product\/yoast-seo-premium-wordpress\/ -->\n<title>Rechtsanwaltskanzlei in Hamburg Berlin Bremen Hannover L\u00fcbeck<\/title>\n<meta name=\"description\" content=\"Rechtsanwaltskanzlei f\u00fcr Arbeitsrecht, Arzthaftung, Mietrecht, Gewerbemietrecht ,Gastronomierecht, Immobilienrecht, Schadensersatz Yachtrecht\" \/>\n<meta name=\"robots\" content=\"index, follow, max-snippet:-1, max-image-preview:large, max-video-preview:-1\" \/>\n<link rel=\"canonical\" href=\"https:\/\/www.kanzlei-steinwachs.de\/fr\/droit-du-bail-commercial\/contrat-de-bail-commercial\/delais-de-resiliation-des-baux-commerciaux\/\" \/>\n<meta property=\"og:locale\" content=\"fr_FR\" \/>\n<meta property=\"og:type\" content=\"article\" \/>\n<meta property=\"og:title\" content=\"Rechtsanwaltskanzlei in Hamburg Berlin Bremen Hannover L\u00fcbeck\" \/>\n<meta property=\"og:description\" content=\"Rechtsanwaltskanzlei f\u00fcr Arbeitsrecht, Arzthaftung, Mietrecht, Gewerbemietrecht ,Gastronomierecht, Immobilienrecht, Schadensersatz Yachtrecht\" \/>\n<meta property=\"og:url\" content=\"https:\/\/www.kanzlei-steinwachs.de\/fr\/droit-du-bail-commercial\/contrat-de-bail-commercial\/delais-de-resiliation-des-baux-commerciaux\/\" \/>\n<meta property=\"og:site_name\" content=\"Rechtsanwaltskanzlei Anwalt Hamburg Berlin Bremen Hannover L\u00fcbeck\" \/>\n<meta property=\"article:publisher\" content=\"https:\/\/www.facebook.com\/STEINWACHSRechtsanwaltskanzlei\/\" \/>\n<meta property=\"article:modified_time\" content=\"2023-12-04T10:39:46+00:00\" \/>\n<meta name=\"twitter:card\" content=\"summary_large_image\" \/>\n<meta name=\"twitter:site\" content=\"@rasteinwachs\" \/>\n<meta name=\"twitter:label1\" content=\"Dur\u00e9e de lecture estim\u00e9e\" \/>\n\t<meta name=\"twitter:data1\" content=\"5 minutes\" \/>\n<script type=\"application\/ld+json\" class=\"yoast-schema-graph\">{\"@context\":\"https:\\\/\\\/schema.org\",\"@graph\":[{\"@type\":\"WebPage\",\"@id\":\"https:\\\/\\\/www.kanzlei-steinwachs.de\\\/fr\\\/droit-du-bail-commercial\\\/contrat-de-bail-commercial\\\/delais-de-resiliation-des-baux-commerciaux\\\/\",\"url\":\"https:\\\/\\\/www.kanzlei-steinwachs.de\\\/fr\\\/droit-du-bail-commercial\\\/contrat-de-bail-commercial\\\/delais-de-resiliation-des-baux-commerciaux\\\/\",\"name\":\"Rechtsanwaltskanzlei in Hamburg Berlin Bremen Hannover L\u00fcbeck\",\"isPartOf\":{\"@id\":\"https:\\\/\\\/www.kanzlei-steinwachs.de\\\/fr\\\/#website\"},\"datePublished\":\"2023-11-20T13:22:35+00:00\",\"dateModified\":\"2023-12-04T10:39:46+00:00\",\"description\":\"Rechtsanwaltskanzlei f\u00fcr Arbeitsrecht, Arzthaftung, Mietrecht, Gewerbemietrecht ,Gastronomierecht, Immobilienrecht, Schadensersatz Yachtrecht\",\"breadcrumb\":{\"@id\":\"https:\\\/\\\/www.kanzlei-steinwachs.de\\\/fr\\\/droit-du-bail-commercial\\\/contrat-de-bail-commercial\\\/delais-de-resiliation-des-baux-commerciaux\\\/#breadcrumb\"},\"inLanguage\":\"fr-FR\",\"potentialAction\":[{\"@type\":\"ReadAction\",\"target\":[\"https:\\\/\\\/www.kanzlei-steinwachs.de\\\/fr\\\/droit-du-bail-commercial\\\/contrat-de-bail-commercial\\\/delais-de-resiliation-des-baux-commerciaux\\\/\"]}]},{\"@type\":\"BreadcrumbList\",\"@id\":\"https:\\\/\\\/www.kanzlei-steinwachs.de\\\/fr\\\/droit-du-bail-commercial\\\/contrat-de-bail-commercial\\\/delais-de-resiliation-des-baux-commerciaux\\\/#breadcrumb\",\"itemListElement\":[{\"@type\":\"ListItem\",\"position\":1,\"name\":\"Droit du bail commercial\",\"item\":\"https:\\\/\\\/www.kanzlei-steinwachs.de\\\/fr\\\/droit-du-bail-commercial\\\/\"},{\"@type\":\"ListItem\",\"position\":2,\"name\":\"Contrat de bail commercial\",\"item\":\"https:\\\/\\\/www.kanzlei-steinwachs.de\\\/fr\\\/droit-du-bail-commercial\\\/contrat-de-bail-commercial\\\/\"},{\"@type\":\"ListItem\",\"position\":3,\"name\":\"D\u00e9lais de r\u00e9siliation des baux commerciaux\"}]},{\"@type\":\"WebSite\",\"@id\":\"https:\\\/\\\/www.kanzlei-steinwachs.de\\\/fr\\\/#website\",\"url\":\"https:\\\/\\\/www.kanzlei-steinwachs.de\\\/fr\\\/\",\"name\":\"Rechtsanwaltskanzlei Anwalt Hamburg Berlin Bremen Hannover L\u00fcbeck\",\"description\":\"Wir leisten mehr als Recht bietet\",\"publisher\":{\"@id\":\"https:\\\/\\\/www.kanzlei-steinwachs.de\\\/fr\\\/#organization\"},\"potentialAction\":[{\"@type\":\"SearchAction\",\"target\":{\"@type\":\"EntryPoint\",\"urlTemplate\":\"https:\\\/\\\/www.kanzlei-steinwachs.de\\\/fr\\\/?s={search_term_string}\"},\"query-input\":{\"@type\":\"PropertyValueSpecification\",\"valueRequired\":true,\"valueName\":\"search_term_string\"}}],\"inLanguage\":\"fr-FR\"},{\"@type\":[\"Organization\",\"Place\"],\"@id\":\"https:\\\/\\\/www.kanzlei-steinwachs.de\\\/fr\\\/#organization\",\"name\":\"Rechtsanwaltskanzlei Anwalt Hamburg Berlin Bremen Hannover L\u00fcbeck\",\"url\":\"https:\\\/\\\/www.kanzlei-steinwachs.de\\\/\",\"logo\":{\"@type\":\"ImageObject\",\"inLanguage\":\"fr-FR\",\"@id\":\"https:\\\/\\\/www.kanzlei-steinwachs.de\\\/fr\\\/#\\\/schema\\\/logo\\\/image\\\/\",\"url\":\"https:\\\/\\\/i0.wp.com\\\/www.kanzlei-steinwachs.de\\\/wp-content\\\/uploads\\\/2023\\\/12\\\/logo.webp?fit=174%2C76&quality=80&ssl=1\",\"contentUrl\":\"https:\\\/\\\/i0.wp.com\\\/www.kanzlei-steinwachs.de\\\/wp-content\\\/uploads\\\/2023\\\/12\\\/logo.webp?fit=174%2C76&quality=80&ssl=1\",\"width\":174,\"height\":76,\"caption\":\"Rechtsanwaltskanzlei Anwalt Hamburg Berlin Bremen Hannover L\u00fcbeck\"},\"image\":{\"@id\":\"https:\\\/\\\/www.kanzlei-steinwachs.de\\\/fr\\\/#\\\/schema\\\/logo\\\/image\\\/\"},\"sameAs\":[\"https:\\\/\\\/www.facebook.com\\\/STEINWACHSRechtsanwaltskanzlei\\\/\",\"https:\\\/\\\/x.com\\\/rasteinwachs\",\"https:\\\/\\\/www.instagram.com\\\/steinwachs_rechtsanwaelte\\\/\",\"https:\\\/\\\/www.linkedin.com\\\/in\\\/stephan-steinwachs-7a270197\\\/\",\"https:\\\/\\\/www.youtube.com\\\/channel\\\/UCffmodDlQx81remXm395RWA\"],\"telephone\":[]}]}<\/script>\n<!-- \/ Yoast SEO Premium plugin. -->","yoast_head_json":{"title":"Rechtsanwaltskanzlei in Hamburg Berlin Bremen Hannover L\u00fcbeck","description":"Rechtsanwaltskanzlei f\u00fcr Arbeitsrecht, Arzthaftung, Mietrecht, Gewerbemietrecht ,Gastronomierecht, Immobilienrecht, Schadensersatz Yachtrecht","robots":{"index":"index","follow":"follow","max-snippet":"max-snippet:-1","max-image-preview":"max-image-preview:large","max-video-preview":"max-video-preview:-1"},"canonical":"https:\/\/www.kanzlei-steinwachs.de\/fr\/droit-du-bail-commercial\/contrat-de-bail-commercial\/delais-de-resiliation-des-baux-commerciaux\/","og_locale":"fr_FR","og_type":"article","og_title":"Rechtsanwaltskanzlei in Hamburg Berlin Bremen Hannover L\u00fcbeck","og_description":"Rechtsanwaltskanzlei f\u00fcr Arbeitsrecht, Arzthaftung, Mietrecht, Gewerbemietrecht ,Gastronomierecht, Immobilienrecht, Schadensersatz Yachtrecht","og_url":"https:\/\/www.kanzlei-steinwachs.de\/fr\/droit-du-bail-commercial\/contrat-de-bail-commercial\/delais-de-resiliation-des-baux-commerciaux\/","og_site_name":"Rechtsanwaltskanzlei Anwalt Hamburg Berlin Bremen Hannover L\u00fcbeck","article_publisher":"https:\/\/www.facebook.com\/STEINWACHSRechtsanwaltskanzlei\/","article_modified_time":"2023-12-04T10:39:46+00:00","twitter_card":"summary_large_image","twitter_site":"@rasteinwachs","twitter_misc":{"Dur\u00e9e de lecture estim\u00e9e":"5 minutes"},"schema":{"@context":"https:\/\/schema.org","@graph":[{"@type":"WebPage","@id":"https:\/\/www.kanzlei-steinwachs.de\/fr\/droit-du-bail-commercial\/contrat-de-bail-commercial\/delais-de-resiliation-des-baux-commerciaux\/","url":"https:\/\/www.kanzlei-steinwachs.de\/fr\/droit-du-bail-commercial\/contrat-de-bail-commercial\/delais-de-resiliation-des-baux-commerciaux\/","name":"Rechtsanwaltskanzlei in Hamburg Berlin Bremen Hannover L\u00fcbeck","isPartOf":{"@id":"https:\/\/www.kanzlei-steinwachs.de\/fr\/#website"},"datePublished":"2023-11-20T13:22:35+00:00","dateModified":"2023-12-04T10:39:46+00:00","description":"Rechtsanwaltskanzlei f\u00fcr Arbeitsrecht, Arzthaftung, Mietrecht, Gewerbemietrecht ,Gastronomierecht, Immobilienrecht, Schadensersatz Yachtrecht","breadcrumb":{"@id":"https:\/\/www.kanzlei-steinwachs.de\/fr\/droit-du-bail-commercial\/contrat-de-bail-commercial\/delais-de-resiliation-des-baux-commerciaux\/#breadcrumb"},"inLanguage":"fr-FR","potentialAction":[{"@type":"ReadAction","target":["https:\/\/www.kanzlei-steinwachs.de\/fr\/droit-du-bail-commercial\/contrat-de-bail-commercial\/delais-de-resiliation-des-baux-commerciaux\/"]}]},{"@type":"BreadcrumbList","@id":"https:\/\/www.kanzlei-steinwachs.de\/fr\/droit-du-bail-commercial\/contrat-de-bail-commercial\/delais-de-resiliation-des-baux-commerciaux\/#breadcrumb","itemListElement":[{"@type":"ListItem","position":1,"name":"Droit du bail commercial","item":"https:\/\/www.kanzlei-steinwachs.de\/fr\/droit-du-bail-commercial\/"},{"@type":"ListItem","position":2,"name":"Contrat de bail commercial","item":"https:\/\/www.kanzlei-steinwachs.de\/fr\/droit-du-bail-commercial\/contrat-de-bail-commercial\/"},{"@type":"ListItem","position":3,"name":"D\u00e9lais de r\u00e9siliation des baux commerciaux"}]},{"@type":"WebSite","@id":"https:\/\/www.kanzlei-steinwachs.de\/fr\/#website","url":"https:\/\/www.kanzlei-steinwachs.de\/fr\/","name":"Rechtsanwaltskanzlei Anwalt Hamburg Berlin Bremen Hannover L\u00fcbeck","description":"Wir leisten mehr als Recht bietet","publisher":{"@id":"https:\/\/www.kanzlei-steinwachs.de\/fr\/#organization"},"potentialAction":[{"@type":"SearchAction","target":{"@type":"EntryPoint","urlTemplate":"https:\/\/www.kanzlei-steinwachs.de\/fr\/?s={search_term_string}"},"query-input":{"@type":"PropertyValueSpecification","valueRequired":true,"valueName":"search_term_string"}}],"inLanguage":"fr-FR"},{"@type":["Organization","Place"],"@id":"https:\/\/www.kanzlei-steinwachs.de\/fr\/#organization","name":"Rechtsanwaltskanzlei Anwalt Hamburg Berlin Bremen Hannover L\u00fcbeck","url":"https:\/\/www.kanzlei-steinwachs.de\/","logo":{"@type":"ImageObject","inLanguage":"fr-FR","@id":"https:\/\/www.kanzlei-steinwachs.de\/fr\/#\/schema\/logo\/image\/","url":"https:\/\/i0.wp.com\/www.kanzlei-steinwachs.de\/wp-content\/uploads\/2023\/12\/logo.webp?fit=174%2C76&quality=80&ssl=1","contentUrl":"https:\/\/i0.wp.com\/www.kanzlei-steinwachs.de\/wp-content\/uploads\/2023\/12\/logo.webp?fit=174%2C76&quality=80&ssl=1","width":174,"height":76,"caption":"Rechtsanwaltskanzlei Anwalt Hamburg Berlin Bremen Hannover L\u00fcbeck"},"image":{"@id":"https:\/\/www.kanzlei-steinwachs.de\/fr\/#\/schema\/logo\/image\/"},"sameAs":["https:\/\/www.facebook.com\/STEINWACHSRechtsanwaltskanzlei\/","https:\/\/x.com\/rasteinwachs","https:\/\/www.instagram.com\/steinwachs_rechtsanwaelte\/","https:\/\/www.linkedin.com\/in\/stephan-steinwachs-7a270197\/","https:\/\/www.youtube.com\/channel\/UCffmodDlQx81remXm395RWA"],"telephone":[]}]}},"jetpack_sharing_enabled":true,"_links":{"self":[{"href":"https:\/\/www.kanzlei-steinwachs.de\/fr\/wp-json\/wp\/v2\/pages\/14650","targetHints":{"allow":["GET"]}}],"collection":[{"href":"https:\/\/www.kanzlei-steinwachs.de\/fr\/wp-json\/wp\/v2\/pages"}],"about":[{"href":"https:\/\/www.kanzlei-steinwachs.de\/fr\/wp-json\/wp\/v2\/types\/page"}],"author":[{"embeddable":true,"href":"https:\/\/www.kanzlei-steinwachs.de\/fr\/wp-json\/wp\/v2\/users\/1"}],"replies":[{"embeddable":true,"href":"https:\/\/www.kanzlei-steinwachs.de\/fr\/wp-json\/wp\/v2\/comments?post=14650"}],"version-history":[{"count":0,"href":"https:\/\/www.kanzlei-steinwachs.de\/fr\/wp-json\/wp\/v2\/pages\/14650\/revisions"}],"up":[{"embeddable":true,"href":"https:\/\/www.kanzlei-steinwachs.de\/fr\/wp-json\/wp\/v2\/pages\/14607"}],"wp:attachment":[{"href":"https:\/\/www.kanzlei-steinwachs.de\/fr\/wp-json\/wp\/v2\/media?parent=14650"}],"curies":[{"name":"wp","href":"https:\/\/api.w.org\/{rel}","templated":true}]}}