{"id":14544,"date":"2023-11-20T12:27:26","date_gmt":"2023-11-20T11:27:26","guid":{"rendered":"https:\/\/www.kanzlei-steinwachs.de\/jugements-en-droit-du-travail\/bag-urteile-2009\/dommages-et-responsabilite\/"},"modified":"2023-12-04T10:17:15","modified_gmt":"2023-12-04T09:17:15","slug":"dommages-et-responsabilite","status":"publish","type":"page","link":"https:\/\/www.kanzlei-steinwachs.de\/fr\/jugements-en-droit-du-travail\/bag-urteile-2009\/dommages-et-responsabilite\/","title":{"rendered":"Dommages et responsabilit\u00e9"},"content":{"rendered":"<div class=\"wpb-content-wrapper\"><p>[vc_row triangle_shape=\u00a0\u00bbno\u00a0\u00bb css=\u00a0\u00bb.vc_custom_1700479698024{margin-bottom: 50px !important;}\u00a0\u00bb][vc_column][vc_column_text]Selon une d\u00e9cision du VIIIe S\u00e9nat du 28 mai 2009 (8 AZR 226\/08), l&#8217;employeur peut exiger le remboursement des frais n\u00e9cessaires occasionn\u00e9s par l&rsquo;intervention d&rsquo;un d\u00e9tective s&rsquo;il a charg\u00e9 le d\u00e9tective de surveiller l&#8217;employ\u00e9 sur la base d&rsquo;un soup\u00e7on concret d&rsquo;un d\u00e9lit et l&#8217;employ\u00e9 est alors reconnu coupable de violation intentionnelle d&rsquo;une obligation contractuelle.<\/p>\n<p>La possibilit\u00e9 d&rsquo;effectuer la proc\u00e9dure de d\u00e9termination des co\u00fbts conform\u00e9ment aux articles 103 et suivants du ZPO n&#8217;emp\u00eache pas l&#8217;employeur de demander le remboursement des frais des d\u00e9tectives. Une demande l\u00e9gale substantielle de remboursement des frais ne fait pas l&rsquo;objet de la proc\u00e9dure de remboursement des frais de proc\u00e9dure. Elle examine uniquement s&rsquo;il existe une demande proc\u00e9durale de remboursement des frais conform\u00e9ment aux articles 91 et suivants du ZPO, article 12a ArbGG. Apr\u00e8s une d\u00e9cision de justice sur les frais de base, une d\u00e9cision est prise concernant le remboursement des frais de proc\u00e9dure conform\u00e9ment aux normes proc\u00e9durales et conform\u00e9ment \u00e0 la loi sur les frais. En revanche, une obligation de remboursement fond\u00e9e sur une base juridique factuelle, par exemple \u00e0 la suite d&rsquo;un acte ill\u00e9gal, constitue un autre sujet de litige.<\/p>\n<p>Un droit \u00e0 l&#8217;emploi dans la fonction publique peut d\u00e9couler directement de l&rsquo;article 33 al. 2 GG, \u00e0 condition que toutes les conditions d&#8217;emploi soient remplies dans la personne du demandeur et que son emploi soit la seule d\u00e9cision l\u00e9gale de l&rsquo;autorit\u00e9, car toute autre d\u00e9cision serait ill\u00e9gale ou erron\u00e9e en termes de pouvoir discr\u00e9tionnaire. Si l&#8217;employeur public pourvoit d\u00e9finitivement le poste annonc\u00e9 alors qu&rsquo;une d\u00e9cision n&rsquo;a pas encore \u00e9t\u00e9 rendue sur une demande d&rsquo;injonction provisoire visant \u00e0 emp\u00eacher la cr\u00e9ation d&rsquo;un fait accompli, cela viole les droits du concurrent non retenu conform\u00e9ment \u00e0 l&rsquo;article 33 paragraphe. 2 iVm. Art. 19 Abdos. 4, art. 20 abdominaux. 3 GG. Il a droit au r\u00e9tablissement de ses droits.<\/p>\n<p>Cela a \u00e9t\u00e9 d\u00e9cid\u00e9 par le Neuvi\u00e8me S\u00e9nat dans son arr\u00eat du 24 mars 2009 ( 9 AZR 277\/08 ). Selon les id\u00e9es juridiques de l&rsquo;article 162 al. 2 BGB et \u00a7\u00a7 135, 136 BGB, l&#8217;employeur ne peut pas faire valoir avec succ\u00e8s contre un candidat qui a \u00e9t\u00e9 ignor\u00e9 \u00e0 tort qu&rsquo;il ne peut plus remplir ses conditions de proc\u00e9dure de candidature parce que le poste est d\u00e9j\u00e0 pourvu. Dans ce cas, la personne concern\u00e9e peut demander \u00e0 \u00eatre plac\u00e9e, sur le plan proc\u00e9dural et quant au fond, dans la m\u00eame situation que si l&rsquo;injonction provisoire avait \u00e9t\u00e9 respect\u00e9e et que la proc\u00e9dure de demande n&rsquo;\u00e9tait pas encore termin\u00e9e.<\/p>\n<p>Si l&#8217;employeur annule le processus de nomination, cela \u00e9limine les droits conform\u00e9ment \u00e0 l&rsquo;article 33, paragraphe. 2 GG uniquement si l&rsquo;annulation a eu lieu pour des raisons objectives. Une raison objective peut \u00eatre que le poste annonc\u00e9 comme permanent n&rsquo;est destin\u00e9 qu&rsquo;\u00e0 \u00eatre pourvu \u00e0 titre temporaire conform\u00e9ment aux r\u00e9glementations budg\u00e9taires, ou que le poste annonc\u00e9 accidentellement pour les employ\u00e9s est en r\u00e9alit\u00e9 r\u00e9serv\u00e9 uniquement aux fonctionnaires.[\/vc_column_text][\/vc_column][\/vc_row]<\/p>\n<\/div>","protected":false},"excerpt":{"rendered":"<p>[vc_row triangle_shape=\u00a0\u00bbno\u00a0\u00bb css=\u00a0\u00bb.vc_custom_1700479698024{margin-bottom: 50px !important;}\u00a0\u00bb][vc_column][vc_column_text]Selon une d\u00e9cision du VIIIe S\u00e9nat du 28 mai 2009 (8 AZR 226\/08), l&#8217;employeur peut exiger le remboursement des frais n\u00e9cessaires occasionn\u00e9s par l&rsquo;intervention d&rsquo;un d\u00e9tective s&rsquo;il a charg\u00e9 le d\u00e9tective de surveiller l&#8217;employ\u00e9 sur la base d&rsquo;un soup\u00e7on concret d&rsquo;un d\u00e9lit et l&#8217;employ\u00e9 est alors reconnu coupable de violation intentionnelle d&rsquo;une obligation contractuelle. La possibilit\u00e9 d&rsquo;effectuer la proc\u00e9dure de d\u00e9termination des co\u00fbts conform\u00e9ment aux articles 103 et suivants du ZPO n&#8217;emp\u00eache pas l&#8217;employeur de demander le remboursement des frais des d\u00e9tectives. Une demande l\u00e9gale substantielle de remboursement des frais ne fait pas l&rsquo;objet de la&#8230;<\/p>\n","protected":false},"author":1,"featured_media":0,"parent":14463,"menu_order":0,"comment_status":"closed","ping_status":"closed","template":"","meta":{"footnotes":""},"class_list":["post-14544","page","type-page","status-publish","hentry"],"yoast_head":"<!-- This site is optimized with the Yoast SEO Premium plugin v27.2 (Yoast SEO v27.4) - https:\/\/yoast.com\/product\/yoast-seo-premium-wordpress\/ -->\n<title>Rechtsanwaltskanzlei in Hamburg Berlin Bremen Hannover L\u00fcbeck<\/title>\n<meta name=\"description\" content=\"Rechtsanwaltskanzlei f\u00fcr Arbeitsrecht, Arzthaftung, Mietrecht, Gewerbemietrecht ,Gastronomierecht, Immobilienrecht, Schadensersatz Yachtrecht\" \/>\n<meta name=\"robots\" content=\"index, follow, max-snippet:-1, max-image-preview:large, max-video-preview:-1\" \/>\n<link rel=\"canonical\" href=\"https:\/\/www.kanzlei-steinwachs.de\/fr\/jugements-en-droit-du-travail\/bag-urteile-2009\/dommages-et-responsabilite\/\" \/>\n<meta property=\"og:locale\" content=\"fr_FR\" \/>\n<meta property=\"og:type\" content=\"article\" \/>\n<meta property=\"og:title\" content=\"Rechtsanwaltskanzlei in Hamburg Berlin Bremen Hannover L\u00fcbeck\" \/>\n<meta property=\"og:description\" content=\"Rechtsanwaltskanzlei f\u00fcr Arbeitsrecht, Arzthaftung, Mietrecht, Gewerbemietrecht ,Gastronomierecht, Immobilienrecht, Schadensersatz Yachtrecht\" \/>\n<meta property=\"og:url\" content=\"https:\/\/www.kanzlei-steinwachs.de\/fr\/jugements-en-droit-du-travail\/bag-urteile-2009\/dommages-et-responsabilite\/\" \/>\n<meta property=\"og:site_name\" content=\"Rechtsanwaltskanzlei Anwalt Hamburg Berlin Bremen Hannover L\u00fcbeck\" \/>\n<meta property=\"article:publisher\" content=\"https:\/\/www.facebook.com\/STEINWACHSRechtsanwaltskanzlei\/\" \/>\n<meta property=\"article:modified_time\" content=\"2023-12-04T09:17:15+00:00\" \/>\n<meta name=\"twitter:card\" content=\"summary_large_image\" \/>\n<meta name=\"twitter:site\" content=\"@rasteinwachs\" \/>\n<meta name=\"twitter:label1\" content=\"Dur\u00e9e de lecture estim\u00e9e\" \/>\n\t<meta name=\"twitter:data1\" content=\"3 minutes\" \/>\n<script type=\"application\/ld+json\" class=\"yoast-schema-graph\">{\"@context\":\"https:\\\/\\\/schema.org\",\"@graph\":[{\"@type\":\"WebPage\",\"@id\":\"https:\\\/\\\/www.kanzlei-steinwachs.de\\\/fr\\\/jugements-en-droit-du-travail\\\/bag-urteile-2009\\\/dommages-et-responsabilite\\\/\",\"url\":\"https:\\\/\\\/www.kanzlei-steinwachs.de\\\/fr\\\/jugements-en-droit-du-travail\\\/bag-urteile-2009\\\/dommages-et-responsabilite\\\/\",\"name\":\"Rechtsanwaltskanzlei in Hamburg Berlin Bremen Hannover L\u00fcbeck\",\"isPartOf\":{\"@id\":\"https:\\\/\\\/www.kanzlei-steinwachs.de\\\/fr\\\/#website\"},\"datePublished\":\"2023-11-20T11:27:26+00:00\",\"dateModified\":\"2023-12-04T09:17:15+00:00\",\"description\":\"Rechtsanwaltskanzlei f\u00fcr Arbeitsrecht, Arzthaftung, Mietrecht, Gewerbemietrecht ,Gastronomierecht, Immobilienrecht, Schadensersatz Yachtrecht\",\"breadcrumb\":{\"@id\":\"https:\\\/\\\/www.kanzlei-steinwachs.de\\\/fr\\\/jugements-en-droit-du-travail\\\/bag-urteile-2009\\\/dommages-et-responsabilite\\\/#breadcrumb\"},\"inLanguage\":\"fr-FR\",\"potentialAction\":[{\"@type\":\"ReadAction\",\"target\":[\"https:\\\/\\\/www.kanzlei-steinwachs.de\\\/fr\\\/jugements-en-droit-du-travail\\\/bag-urteile-2009\\\/dommages-et-responsabilite\\\/\"]}]},{\"@type\":\"BreadcrumbList\",\"@id\":\"https:\\\/\\\/www.kanzlei-steinwachs.de\\\/fr\\\/jugements-en-droit-du-travail\\\/bag-urteile-2009\\\/dommages-et-responsabilite\\\/#breadcrumb\",\"itemListElement\":[{\"@type\":\"ListItem\",\"position\":1,\"name\":\"Jugements en droit du travail\",\"item\":\"https:\\\/\\\/www.kanzlei-steinwachs.de\\\/fr\\\/jugements-en-droit-du-travail\\\/\"},{\"@type\":\"ListItem\",\"position\":2,\"name\":\"BAG-Urteile-2009\",\"item\":\"https:\\\/\\\/www.kanzlei-steinwachs.de\\\/fr\\\/jugements-en-droit-du-travail\\\/bag-urteile-2009\\\/\"},{\"@type\":\"ListItem\",\"position\":3,\"name\":\"Dommages et responsabilit\u00e9\"}]},{\"@type\":\"WebSite\",\"@id\":\"https:\\\/\\\/www.kanzlei-steinwachs.de\\\/fr\\\/#website\",\"url\":\"https:\\\/\\\/www.kanzlei-steinwachs.de\\\/fr\\\/\",\"name\":\"Rechtsanwaltskanzlei Anwalt Hamburg Berlin Bremen Hannover L\u00fcbeck\",\"description\":\"Wir leisten mehr als Recht bietet\",\"publisher\":{\"@id\":\"https:\\\/\\\/www.kanzlei-steinwachs.de\\\/fr\\\/#organization\"},\"potentialAction\":[{\"@type\":\"SearchAction\",\"target\":{\"@type\":\"EntryPoint\",\"urlTemplate\":\"https:\\\/\\\/www.kanzlei-steinwachs.de\\\/fr\\\/?s={search_term_string}\"},\"query-input\":{\"@type\":\"PropertyValueSpecification\",\"valueRequired\":true,\"valueName\":\"search_term_string\"}}],\"inLanguage\":\"fr-FR\"},{\"@type\":[\"Organization\",\"Place\"],\"@id\":\"https:\\\/\\\/www.kanzlei-steinwachs.de\\\/fr\\\/#organization\",\"name\":\"Rechtsanwaltskanzlei Anwalt Hamburg Berlin Bremen Hannover L\u00fcbeck\",\"url\":\"https:\\\/\\\/www.kanzlei-steinwachs.de\\\/\",\"logo\":{\"@type\":\"ImageObject\",\"inLanguage\":\"fr-FR\",\"@id\":\"https:\\\/\\\/www.kanzlei-steinwachs.de\\\/fr\\\/#\\\/schema\\\/logo\\\/image\\\/\",\"url\":\"https:\\\/\\\/i0.wp.com\\\/www.kanzlei-steinwachs.de\\\/wp-content\\\/uploads\\\/2023\\\/12\\\/logo.webp?fit=174%2C76&quality=80&ssl=1\",\"contentUrl\":\"https:\\\/\\\/i0.wp.com\\\/www.kanzlei-steinwachs.de\\\/wp-content\\\/uploads\\\/2023\\\/12\\\/logo.webp?fit=174%2C76&quality=80&ssl=1\",\"width\":174,\"height\":76,\"caption\":\"Rechtsanwaltskanzlei Anwalt Hamburg Berlin Bremen Hannover L\u00fcbeck\"},\"image\":{\"@id\":\"https:\\\/\\\/www.kanzlei-steinwachs.de\\\/fr\\\/#\\\/schema\\\/logo\\\/image\\\/\"},\"sameAs\":[\"https:\\\/\\\/www.facebook.com\\\/STEINWACHSRechtsanwaltskanzlei\\\/\",\"https:\\\/\\\/x.com\\\/rasteinwachs\",\"https:\\\/\\\/www.instagram.com\\\/steinwachs_rechtsanwaelte\\\/\",\"https:\\\/\\\/www.linkedin.com\\\/in\\\/stephan-steinwachs-7a270197\\\/\",\"https:\\\/\\\/www.youtube.com\\\/channel\\\/UCffmodDlQx81remXm395RWA\"],\"telephone\":[]}]}<\/script>\n<!-- \/ Yoast SEO Premium plugin. -->","yoast_head_json":{"title":"Rechtsanwaltskanzlei in Hamburg Berlin Bremen Hannover L\u00fcbeck","description":"Rechtsanwaltskanzlei f\u00fcr Arbeitsrecht, Arzthaftung, Mietrecht, Gewerbemietrecht ,Gastronomierecht, Immobilienrecht, Schadensersatz Yachtrecht","robots":{"index":"index","follow":"follow","max-snippet":"max-snippet:-1","max-image-preview":"max-image-preview:large","max-video-preview":"max-video-preview:-1"},"canonical":"https:\/\/www.kanzlei-steinwachs.de\/fr\/jugements-en-droit-du-travail\/bag-urteile-2009\/dommages-et-responsabilite\/","og_locale":"fr_FR","og_type":"article","og_title":"Rechtsanwaltskanzlei in Hamburg Berlin Bremen Hannover L\u00fcbeck","og_description":"Rechtsanwaltskanzlei f\u00fcr Arbeitsrecht, Arzthaftung, Mietrecht, Gewerbemietrecht ,Gastronomierecht, Immobilienrecht, Schadensersatz Yachtrecht","og_url":"https:\/\/www.kanzlei-steinwachs.de\/fr\/jugements-en-droit-du-travail\/bag-urteile-2009\/dommages-et-responsabilite\/","og_site_name":"Rechtsanwaltskanzlei Anwalt Hamburg Berlin Bremen Hannover L\u00fcbeck","article_publisher":"https:\/\/www.facebook.com\/STEINWACHSRechtsanwaltskanzlei\/","article_modified_time":"2023-12-04T09:17:15+00:00","twitter_card":"summary_large_image","twitter_site":"@rasteinwachs","twitter_misc":{"Dur\u00e9e de lecture estim\u00e9e":"3 minutes"},"schema":{"@context":"https:\/\/schema.org","@graph":[{"@type":"WebPage","@id":"https:\/\/www.kanzlei-steinwachs.de\/fr\/jugements-en-droit-du-travail\/bag-urteile-2009\/dommages-et-responsabilite\/","url":"https:\/\/www.kanzlei-steinwachs.de\/fr\/jugements-en-droit-du-travail\/bag-urteile-2009\/dommages-et-responsabilite\/","name":"Rechtsanwaltskanzlei in Hamburg Berlin Bremen Hannover L\u00fcbeck","isPartOf":{"@id":"https:\/\/www.kanzlei-steinwachs.de\/fr\/#website"},"datePublished":"2023-11-20T11:27:26+00:00","dateModified":"2023-12-04T09:17:15+00:00","description":"Rechtsanwaltskanzlei f\u00fcr Arbeitsrecht, Arzthaftung, Mietrecht, Gewerbemietrecht ,Gastronomierecht, Immobilienrecht, Schadensersatz Yachtrecht","breadcrumb":{"@id":"https:\/\/www.kanzlei-steinwachs.de\/fr\/jugements-en-droit-du-travail\/bag-urteile-2009\/dommages-et-responsabilite\/#breadcrumb"},"inLanguage":"fr-FR","potentialAction":[{"@type":"ReadAction","target":["https:\/\/www.kanzlei-steinwachs.de\/fr\/jugements-en-droit-du-travail\/bag-urteile-2009\/dommages-et-responsabilite\/"]}]},{"@type":"BreadcrumbList","@id":"https:\/\/www.kanzlei-steinwachs.de\/fr\/jugements-en-droit-du-travail\/bag-urteile-2009\/dommages-et-responsabilite\/#breadcrumb","itemListElement":[{"@type":"ListItem","position":1,"name":"Jugements en droit du travail","item":"https:\/\/www.kanzlei-steinwachs.de\/fr\/jugements-en-droit-du-travail\/"},{"@type":"ListItem","position":2,"name":"BAG-Urteile-2009","item":"https:\/\/www.kanzlei-steinwachs.de\/fr\/jugements-en-droit-du-travail\/bag-urteile-2009\/"},{"@type":"ListItem","position":3,"name":"Dommages et responsabilit\u00e9"}]},{"@type":"WebSite","@id":"https:\/\/www.kanzlei-steinwachs.de\/fr\/#website","url":"https:\/\/www.kanzlei-steinwachs.de\/fr\/","name":"Rechtsanwaltskanzlei Anwalt Hamburg Berlin Bremen Hannover L\u00fcbeck","description":"Wir leisten mehr als Recht bietet","publisher":{"@id":"https:\/\/www.kanzlei-steinwachs.de\/fr\/#organization"},"potentialAction":[{"@type":"SearchAction","target":{"@type":"EntryPoint","urlTemplate":"https:\/\/www.kanzlei-steinwachs.de\/fr\/?s={search_term_string}"},"query-input":{"@type":"PropertyValueSpecification","valueRequired":true,"valueName":"search_term_string"}}],"inLanguage":"fr-FR"},{"@type":["Organization","Place"],"@id":"https:\/\/www.kanzlei-steinwachs.de\/fr\/#organization","name":"Rechtsanwaltskanzlei Anwalt Hamburg Berlin Bremen Hannover L\u00fcbeck","url":"https:\/\/www.kanzlei-steinwachs.de\/","logo":{"@type":"ImageObject","inLanguage":"fr-FR","@id":"https:\/\/www.kanzlei-steinwachs.de\/fr\/#\/schema\/logo\/image\/","url":"https:\/\/i0.wp.com\/www.kanzlei-steinwachs.de\/wp-content\/uploads\/2023\/12\/logo.webp?fit=174%2C76&quality=80&ssl=1","contentUrl":"https:\/\/i0.wp.com\/www.kanzlei-steinwachs.de\/wp-content\/uploads\/2023\/12\/logo.webp?fit=174%2C76&quality=80&ssl=1","width":174,"height":76,"caption":"Rechtsanwaltskanzlei Anwalt Hamburg Berlin Bremen Hannover L\u00fcbeck"},"image":{"@id":"https:\/\/www.kanzlei-steinwachs.de\/fr\/#\/schema\/logo\/image\/"},"sameAs":["https:\/\/www.facebook.com\/STEINWACHSRechtsanwaltskanzlei\/","https:\/\/x.com\/rasteinwachs","https:\/\/www.instagram.com\/steinwachs_rechtsanwaelte\/","https:\/\/www.linkedin.com\/in\/stephan-steinwachs-7a270197\/","https:\/\/www.youtube.com\/channel\/UCffmodDlQx81remXm395RWA"],"telephone":[]}]}},"jetpack_sharing_enabled":true,"_links":{"self":[{"href":"https:\/\/www.kanzlei-steinwachs.de\/fr\/wp-json\/wp\/v2\/pages\/14544","targetHints":{"allow":["GET"]}}],"collection":[{"href":"https:\/\/www.kanzlei-steinwachs.de\/fr\/wp-json\/wp\/v2\/pages"}],"about":[{"href":"https:\/\/www.kanzlei-steinwachs.de\/fr\/wp-json\/wp\/v2\/types\/page"}],"author":[{"embeddable":true,"href":"https:\/\/www.kanzlei-steinwachs.de\/fr\/wp-json\/wp\/v2\/users\/1"}],"replies":[{"embeddable":true,"href":"https:\/\/www.kanzlei-steinwachs.de\/fr\/wp-json\/wp\/v2\/comments?post=14544"}],"version-history":[{"count":0,"href":"https:\/\/www.kanzlei-steinwachs.de\/fr\/wp-json\/wp\/v2\/pages\/14544\/revisions"}],"up":[{"embeddable":true,"href":"https:\/\/www.kanzlei-steinwachs.de\/fr\/wp-json\/wp\/v2\/pages\/14463"}],"wp:attachment":[{"href":"https:\/\/www.kanzlei-steinwachs.de\/fr\/wp-json\/wp\/v2\/media?parent=14544"}],"curies":[{"name":"wp","href":"https:\/\/api.w.org\/{rel}","templated":true}]}}