{"id":14355,"date":"2023-11-20T10:42:32","date_gmt":"2023-11-20T09:42:32","guid":{"rendered":"https:\/\/www.kanzlei-steinwachs.de\/jugements-en-droit-du-travail\/arrets-bag-2006\/responsabilite-du-comite-general-dentreprise\/"},"modified":"2023-12-02T09:16:45","modified_gmt":"2023-12-02T08:16:45","slug":"responsabilite-du-comite-general-dentreprise","status":"publish","type":"page","link":"https:\/\/www.kanzlei-steinwachs.de\/fr\/jugements-en-droit-du-travail\/arrets-bag-2006\/responsabilite-du-comite-general-dentreprise\/","title":{"rendered":"Responsabilit\u00e9 du comit\u00e9 g\u00e9n\u00e9ral d&rsquo;entreprise"},"content":{"rendered":"<div class=\"wpb-content-wrapper\"><p>[vc_row triangle_shape=\u00a0\u00bbno\u00a0\u00bb][vc_column][vc_column_text]Le comit\u00e9 central d&rsquo;entreprise a la responsabilit\u00e9 initiale conform\u00e9ment \u00e0 l&rsquo;article 50 al. 1 Phrase 1 BetrVG pour le traitement des questions qui concernent l&rsquo;ensemble de l&rsquo;entreprise ou plusieurs entreprises et ne peuvent pas \u00eatre r\u00e9glement\u00e9es par les comit\u00e9s d&rsquo;entreprise individuels au sein de leurs entreprises. Selon une r\u00e9solution du Premier S\u00e9nat du 14 novembre 2006 ( 1 ABR 4\/06 ), le comit\u00e9 g\u00e9n\u00e9ral d&rsquo;entreprise est cens\u00e9 \u00eatre charg\u00e9 de conclure un accord g\u00e9n\u00e9ral d&rsquo;entreprise pour plusieurs entreprises, destin\u00e9 \u00e0 r\u00e9glementer l&rsquo;introduction et l&rsquo;utilisation de un syst\u00e8me de traitement de donn\u00e9es. Si l&#8217;employeur souhaite permettre l&rsquo;\u00e9change de donn\u00e9es entre les diff\u00e9rentes entreprises et entre celles-ci et des tiers en introduisant un tel syst\u00e8me, une r\u00e9glementation uniforme entre les entreprises est absolument n\u00e9cessaire. Si le comit\u00e9 g\u00e9n\u00e9ral d&rsquo;entreprise est charg\u00e9 de conclure un tel accord d&rsquo;entreprise, il ne se limite pas \u00e0 une simple autorit\u00e9-cadre. Dans une situation de cogestion, la mati\u00e8re \u00e0 r\u00e9glementer ne peut \u00eatre divis\u00e9e entre les parties qui rel\u00e8vent de la responsabilit\u00e9 du comit\u00e9 g\u00e9n\u00e9ral d&rsquo;entreprise et celles qui rel\u00e8vent des comit\u00e9s d&rsquo;entreprise locaux.[\/vc_column_text][\/vc_column][\/vc_row][vc_row triangle_shape=\u00a0\u00bbno\u00a0\u00bb][vc_column][vc_empty_space][\/vc_column][\/vc_row]<\/p>\n<\/div>","protected":false},"excerpt":{"rendered":"<p>[vc_row triangle_shape=\u00a0\u00bbno\u00a0\u00bb][vc_column][vc_column_text]Le comit\u00e9 central d&rsquo;entreprise a la responsabilit\u00e9 initiale conform\u00e9ment \u00e0 l&rsquo;article 50 al. 1 Phrase 1 BetrVG pour le traitement des questions qui concernent l&rsquo;ensemble de l&rsquo;entreprise ou plusieurs entreprises et ne peuvent pas \u00eatre r\u00e9glement\u00e9es par les comit\u00e9s d&rsquo;entreprise individuels au sein de leurs entreprises. Selon une r\u00e9solution du Premier S\u00e9nat du 14 novembre 2006 ( 1 ABR 4\/06 ), le comit\u00e9 g\u00e9n\u00e9ral d&rsquo;entreprise est cens\u00e9 \u00eatre charg\u00e9 de conclure un accord g\u00e9n\u00e9ral d&rsquo;entreprise pour plusieurs entreprises, destin\u00e9 \u00e0 r\u00e9glementer l&rsquo;introduction et l&rsquo;utilisation de un syst\u00e8me de traitement de donn\u00e9es. Si l&#8217;employeur souhaite permettre l&rsquo;\u00e9change de donn\u00e9es entre&#8230;<\/p>\n","protected":false},"author":1,"featured_media":10681,"parent":13685,"menu_order":0,"comment_status":"closed","ping_status":"closed","template":"","meta":{"footnotes":""},"class_list":["post-14355","page","type-page","status-publish","has-post-thumbnail","hentry"],"yoast_head":"<!-- This site is optimized with the Yoast SEO Premium plugin v27.2 (Yoast SEO v27.4) - https:\/\/yoast.com\/product\/yoast-seo-premium-wordpress\/ -->\n<title>Rechtsanwaltskanzlei in Hamburg Berlin Bremen Hannover L\u00fcbeck<\/title>\n<meta name=\"description\" content=\"Rechtsanwaltskanzlei f\u00fcr Arbeitsrecht, Arzthaftung, Mietrecht, Gewerbemietrecht ,Gastronomierecht, Immobilienrecht, Schadensersatz Yachtrecht\" \/>\n<meta name=\"robots\" content=\"index, follow, max-snippet:-1, max-image-preview:large, max-video-preview:-1\" \/>\n<link rel=\"canonical\" href=\"https:\/\/www.kanzlei-steinwachs.de\/fr\/jugements-en-droit-du-travail\/arrets-bag-2006\/responsabilite-du-comite-general-dentreprise\/\" \/>\n<meta property=\"og:locale\" content=\"fr_FR\" \/>\n<meta property=\"og:type\" content=\"article\" \/>\n<meta property=\"og:title\" content=\"Rechtsanwaltskanzlei in Hamburg Berlin Bremen Hannover L\u00fcbeck\" \/>\n<meta property=\"og:description\" content=\"Rechtsanwaltskanzlei f\u00fcr Arbeitsrecht, Arzthaftung, Mietrecht, Gewerbemietrecht ,Gastronomierecht, Immobilienrecht, Schadensersatz Yachtrecht\" \/>\n<meta property=\"og:url\" content=\"https:\/\/www.kanzlei-steinwachs.de\/fr\/jugements-en-droit-du-travail\/arrets-bag-2006\/responsabilite-du-comite-general-dentreprise\/\" \/>\n<meta property=\"og:site_name\" content=\"Rechtsanwaltskanzlei Anwalt Hamburg Berlin Bremen Hannover L\u00fcbeck\" \/>\n<meta property=\"article:publisher\" content=\"https:\/\/www.facebook.com\/STEINWACHSRechtsanwaltskanzlei\/\" \/>\n<meta property=\"article:modified_time\" content=\"2023-12-02T08:16:45+00:00\" \/>\n<meta name=\"twitter:card\" content=\"summary_large_image\" \/>\n<meta name=\"twitter:site\" content=\"@rasteinwachs\" \/>\n<meta name=\"twitter:label1\" content=\"Dur\u00e9e de lecture estim\u00e9e\" \/>\n\t<meta name=\"twitter:data1\" content=\"1 minute\" \/>\n<script type=\"application\/ld+json\" class=\"yoast-schema-graph\">{\"@context\":\"https:\\\/\\\/schema.org\",\"@graph\":[{\"@type\":\"WebPage\",\"@id\":\"https:\\\/\\\/www.kanzlei-steinwachs.de\\\/fr\\\/jugements-en-droit-du-travail\\\/arrets-bag-2006\\\/responsabilite-du-comite-general-dentreprise\\\/\",\"url\":\"https:\\\/\\\/www.kanzlei-steinwachs.de\\\/fr\\\/jugements-en-droit-du-travail\\\/arrets-bag-2006\\\/responsabilite-du-comite-general-dentreprise\\\/\",\"name\":\"Rechtsanwaltskanzlei in Hamburg Berlin Bremen Hannover L\u00fcbeck\",\"isPartOf\":{\"@id\":\"https:\\\/\\\/www.kanzlei-steinwachs.de\\\/fr\\\/#website\"},\"primaryImageOfPage\":{\"@id\":\"https:\\\/\\\/www.kanzlei-steinwachs.de\\\/fr\\\/jugements-en-droit-du-travail\\\/arrets-bag-2006\\\/responsabilite-du-comite-general-dentreprise\\\/#primaryimage\"},\"image\":{\"@id\":\"https:\\\/\\\/www.kanzlei-steinwachs.de\\\/fr\\\/jugements-en-droit-du-travail\\\/arrets-bag-2006\\\/responsabilite-du-comite-general-dentreprise\\\/#primaryimage\"},\"thumbnailUrl\":\"https:\\\/\\\/i0.wp.com\\\/www.kanzlei-steinwachs.de\\\/wp-content\\\/uploads\\\/2023\\\/11\\\/Bundesarbeitsgericht_Urteile_2006.webp?fit=200%2C100&quality=20&ssl=1\",\"datePublished\":\"2023-11-20T09:42:32+00:00\",\"dateModified\":\"2023-12-02T08:16:45+00:00\",\"description\":\"Rechtsanwaltskanzlei f\u00fcr Arbeitsrecht, Arzthaftung, Mietrecht, Gewerbemietrecht ,Gastronomierecht, Immobilienrecht, Schadensersatz Yachtrecht\",\"breadcrumb\":{\"@id\":\"https:\\\/\\\/www.kanzlei-steinwachs.de\\\/fr\\\/jugements-en-droit-du-travail\\\/arrets-bag-2006\\\/responsabilite-du-comite-general-dentreprise\\\/#breadcrumb\"},\"inLanguage\":\"fr-FR\",\"potentialAction\":[{\"@type\":\"ReadAction\",\"target\":[\"https:\\\/\\\/www.kanzlei-steinwachs.de\\\/fr\\\/jugements-en-droit-du-travail\\\/arrets-bag-2006\\\/responsabilite-du-comite-general-dentreprise\\\/\"]}]},{\"@type\":\"ImageObject\",\"inLanguage\":\"fr-FR\",\"@id\":\"https:\\\/\\\/www.kanzlei-steinwachs.de\\\/fr\\\/jugements-en-droit-du-travail\\\/arrets-bag-2006\\\/responsabilite-du-comite-general-dentreprise\\\/#primaryimage\",\"url\":\"https:\\\/\\\/i0.wp.com\\\/www.kanzlei-steinwachs.de\\\/wp-content\\\/uploads\\\/2023\\\/11\\\/Bundesarbeitsgericht_Urteile_2006.webp?fit=200%2C100&quality=20&ssl=1\",\"contentUrl\":\"https:\\\/\\\/i0.wp.com\\\/www.kanzlei-steinwachs.de\\\/wp-content\\\/uploads\\\/2023\\\/11\\\/Bundesarbeitsgericht_Urteile_2006.webp?fit=200%2C100&quality=20&ssl=1\",\"width\":200,\"height\":100,\"caption\":\"Bundesarbeitsgericht Urteile\"},{\"@type\":\"BreadcrumbList\",\"@id\":\"https:\\\/\\\/www.kanzlei-steinwachs.de\\\/fr\\\/jugements-en-droit-du-travail\\\/arrets-bag-2006\\\/responsabilite-du-comite-general-dentreprise\\\/#breadcrumb\",\"itemListElement\":[{\"@type\":\"ListItem\",\"position\":1,\"name\":\"Jugements en droit du travail\",\"item\":\"https:\\\/\\\/www.kanzlei-steinwachs.de\\\/fr\\\/jugements-en-droit-du-travail\\\/\"},{\"@type\":\"ListItem\",\"position\":2,\"name\":\"Arr\u00eats BAG 2006\",\"item\":\"https:\\\/\\\/www.kanzlei-steinwachs.de\\\/fr\\\/arbeitsrecht-urteile\\\/bag-urteile-2006\\\/\"},{\"@type\":\"ListItem\",\"position\":3,\"name\":\"Responsabilit\u00e9 du comit\u00e9 g\u00e9n\u00e9ral d&#8217;entreprise\"}]},{\"@type\":\"WebSite\",\"@id\":\"https:\\\/\\\/www.kanzlei-steinwachs.de\\\/fr\\\/#website\",\"url\":\"https:\\\/\\\/www.kanzlei-steinwachs.de\\\/fr\\\/\",\"name\":\"Rechtsanwaltskanzlei Anwalt Hamburg Berlin Bremen Hannover L\u00fcbeck\",\"description\":\"Wir leisten mehr als Recht bietet\",\"publisher\":{\"@id\":\"https:\\\/\\\/www.kanzlei-steinwachs.de\\\/fr\\\/#organization\"},\"potentialAction\":[{\"@type\":\"SearchAction\",\"target\":{\"@type\":\"EntryPoint\",\"urlTemplate\":\"https:\\\/\\\/www.kanzlei-steinwachs.de\\\/fr\\\/?s={search_term_string}\"},\"query-input\":{\"@type\":\"PropertyValueSpecification\",\"valueRequired\":true,\"valueName\":\"search_term_string\"}}],\"inLanguage\":\"fr-FR\"},{\"@type\":[\"Organization\",\"Place\"],\"@id\":\"https:\\\/\\\/www.kanzlei-steinwachs.de\\\/fr\\\/#organization\",\"name\":\"Rechtsanwaltskanzlei Anwalt Hamburg Berlin Bremen Hannover L\u00fcbeck\",\"url\":\"https:\\\/\\\/www.kanzlei-steinwachs.de\\\/\",\"logo\":{\"@type\":\"ImageObject\",\"inLanguage\":\"fr-FR\",\"@id\":\"https:\\\/\\\/www.kanzlei-steinwachs.de\\\/fr\\\/#\\\/schema\\\/logo\\\/image\\\/\",\"url\":\"https:\\\/\\\/i0.wp.com\\\/www.kanzlei-steinwachs.de\\\/wp-content\\\/uploads\\\/2023\\\/12\\\/logo.webp?fit=174%2C76&quality=80&ssl=1\",\"contentUrl\":\"https:\\\/\\\/i0.wp.com\\\/www.kanzlei-steinwachs.de\\\/wp-content\\\/uploads\\\/2023\\\/12\\\/logo.webp?fit=174%2C76&quality=80&ssl=1\",\"width\":174,\"height\":76,\"caption\":\"Rechtsanwaltskanzlei Anwalt Hamburg Berlin Bremen Hannover L\u00fcbeck\"},\"image\":{\"@id\":\"https:\\\/\\\/www.kanzlei-steinwachs.de\\\/fr\\\/#\\\/schema\\\/logo\\\/image\\\/\"},\"sameAs\":[\"https:\\\/\\\/www.facebook.com\\\/STEINWACHSRechtsanwaltskanzlei\\\/\",\"https:\\\/\\\/x.com\\\/rasteinwachs\",\"https:\\\/\\\/www.instagram.com\\\/steinwachs_rechtsanwaelte\\\/\",\"https:\\\/\\\/www.linkedin.com\\\/in\\\/stephan-steinwachs-7a270197\\\/\",\"https:\\\/\\\/www.youtube.com\\\/channel\\\/UCffmodDlQx81remXm395RWA\"],\"telephone\":[]}]}<\/script>\n<!-- \/ Yoast SEO Premium plugin. -->","yoast_head_json":{"title":"Rechtsanwaltskanzlei in Hamburg Berlin Bremen Hannover L\u00fcbeck","description":"Rechtsanwaltskanzlei f\u00fcr Arbeitsrecht, Arzthaftung, Mietrecht, Gewerbemietrecht ,Gastronomierecht, Immobilienrecht, Schadensersatz Yachtrecht","robots":{"index":"index","follow":"follow","max-snippet":"max-snippet:-1","max-image-preview":"max-image-preview:large","max-video-preview":"max-video-preview:-1"},"canonical":"https:\/\/www.kanzlei-steinwachs.de\/fr\/jugements-en-droit-du-travail\/arrets-bag-2006\/responsabilite-du-comite-general-dentreprise\/","og_locale":"fr_FR","og_type":"article","og_title":"Rechtsanwaltskanzlei in Hamburg Berlin Bremen Hannover L\u00fcbeck","og_description":"Rechtsanwaltskanzlei f\u00fcr Arbeitsrecht, Arzthaftung, Mietrecht, Gewerbemietrecht ,Gastronomierecht, Immobilienrecht, Schadensersatz Yachtrecht","og_url":"https:\/\/www.kanzlei-steinwachs.de\/fr\/jugements-en-droit-du-travail\/arrets-bag-2006\/responsabilite-du-comite-general-dentreprise\/","og_site_name":"Rechtsanwaltskanzlei Anwalt Hamburg Berlin Bremen Hannover L\u00fcbeck","article_publisher":"https:\/\/www.facebook.com\/STEINWACHSRechtsanwaltskanzlei\/","article_modified_time":"2023-12-02T08:16:45+00:00","twitter_card":"summary_large_image","twitter_site":"@rasteinwachs","twitter_misc":{"Dur\u00e9e de lecture estim\u00e9e":"1 minute"},"schema":{"@context":"https:\/\/schema.org","@graph":[{"@type":"WebPage","@id":"https:\/\/www.kanzlei-steinwachs.de\/fr\/jugements-en-droit-du-travail\/arrets-bag-2006\/responsabilite-du-comite-general-dentreprise\/","url":"https:\/\/www.kanzlei-steinwachs.de\/fr\/jugements-en-droit-du-travail\/arrets-bag-2006\/responsabilite-du-comite-general-dentreprise\/","name":"Rechtsanwaltskanzlei in Hamburg Berlin Bremen Hannover L\u00fcbeck","isPartOf":{"@id":"https:\/\/www.kanzlei-steinwachs.de\/fr\/#website"},"primaryImageOfPage":{"@id":"https:\/\/www.kanzlei-steinwachs.de\/fr\/jugements-en-droit-du-travail\/arrets-bag-2006\/responsabilite-du-comite-general-dentreprise\/#primaryimage"},"image":{"@id":"https:\/\/www.kanzlei-steinwachs.de\/fr\/jugements-en-droit-du-travail\/arrets-bag-2006\/responsabilite-du-comite-general-dentreprise\/#primaryimage"},"thumbnailUrl":"https:\/\/i0.wp.com\/www.kanzlei-steinwachs.de\/wp-content\/uploads\/2023\/11\/Bundesarbeitsgericht_Urteile_2006.webp?fit=200%2C100&quality=20&ssl=1","datePublished":"2023-11-20T09:42:32+00:00","dateModified":"2023-12-02T08:16:45+00:00","description":"Rechtsanwaltskanzlei f\u00fcr Arbeitsrecht, Arzthaftung, Mietrecht, Gewerbemietrecht ,Gastronomierecht, Immobilienrecht, Schadensersatz Yachtrecht","breadcrumb":{"@id":"https:\/\/www.kanzlei-steinwachs.de\/fr\/jugements-en-droit-du-travail\/arrets-bag-2006\/responsabilite-du-comite-general-dentreprise\/#breadcrumb"},"inLanguage":"fr-FR","potentialAction":[{"@type":"ReadAction","target":["https:\/\/www.kanzlei-steinwachs.de\/fr\/jugements-en-droit-du-travail\/arrets-bag-2006\/responsabilite-du-comite-general-dentreprise\/"]}]},{"@type":"ImageObject","inLanguage":"fr-FR","@id":"https:\/\/www.kanzlei-steinwachs.de\/fr\/jugements-en-droit-du-travail\/arrets-bag-2006\/responsabilite-du-comite-general-dentreprise\/#primaryimage","url":"https:\/\/i0.wp.com\/www.kanzlei-steinwachs.de\/wp-content\/uploads\/2023\/11\/Bundesarbeitsgericht_Urteile_2006.webp?fit=200%2C100&quality=20&ssl=1","contentUrl":"https:\/\/i0.wp.com\/www.kanzlei-steinwachs.de\/wp-content\/uploads\/2023\/11\/Bundesarbeitsgericht_Urteile_2006.webp?fit=200%2C100&quality=20&ssl=1","width":200,"height":100,"caption":"Bundesarbeitsgericht Urteile"},{"@type":"BreadcrumbList","@id":"https:\/\/www.kanzlei-steinwachs.de\/fr\/jugements-en-droit-du-travail\/arrets-bag-2006\/responsabilite-du-comite-general-dentreprise\/#breadcrumb","itemListElement":[{"@type":"ListItem","position":1,"name":"Jugements en droit du travail","item":"https:\/\/www.kanzlei-steinwachs.de\/fr\/jugements-en-droit-du-travail\/"},{"@type":"ListItem","position":2,"name":"Arr\u00eats BAG 2006","item":"https:\/\/www.kanzlei-steinwachs.de\/fr\/arbeitsrecht-urteile\/bag-urteile-2006\/"},{"@type":"ListItem","position":3,"name":"Responsabilit\u00e9 du comit\u00e9 g\u00e9n\u00e9ral d&#8217;entreprise"}]},{"@type":"WebSite","@id":"https:\/\/www.kanzlei-steinwachs.de\/fr\/#website","url":"https:\/\/www.kanzlei-steinwachs.de\/fr\/","name":"Rechtsanwaltskanzlei Anwalt Hamburg Berlin Bremen Hannover L\u00fcbeck","description":"Wir leisten mehr als Recht bietet","publisher":{"@id":"https:\/\/www.kanzlei-steinwachs.de\/fr\/#organization"},"potentialAction":[{"@type":"SearchAction","target":{"@type":"EntryPoint","urlTemplate":"https:\/\/www.kanzlei-steinwachs.de\/fr\/?s={search_term_string}"},"query-input":{"@type":"PropertyValueSpecification","valueRequired":true,"valueName":"search_term_string"}}],"inLanguage":"fr-FR"},{"@type":["Organization","Place"],"@id":"https:\/\/www.kanzlei-steinwachs.de\/fr\/#organization","name":"Rechtsanwaltskanzlei Anwalt Hamburg Berlin Bremen Hannover L\u00fcbeck","url":"https:\/\/www.kanzlei-steinwachs.de\/","logo":{"@type":"ImageObject","inLanguage":"fr-FR","@id":"https:\/\/www.kanzlei-steinwachs.de\/fr\/#\/schema\/logo\/image\/","url":"https:\/\/i0.wp.com\/www.kanzlei-steinwachs.de\/wp-content\/uploads\/2023\/12\/logo.webp?fit=174%2C76&quality=80&ssl=1","contentUrl":"https:\/\/i0.wp.com\/www.kanzlei-steinwachs.de\/wp-content\/uploads\/2023\/12\/logo.webp?fit=174%2C76&quality=80&ssl=1","width":174,"height":76,"caption":"Rechtsanwaltskanzlei Anwalt Hamburg Berlin Bremen Hannover L\u00fcbeck"},"image":{"@id":"https:\/\/www.kanzlei-steinwachs.de\/fr\/#\/schema\/logo\/image\/"},"sameAs":["https:\/\/www.facebook.com\/STEINWACHSRechtsanwaltskanzlei\/","https:\/\/x.com\/rasteinwachs","https:\/\/www.instagram.com\/steinwachs_rechtsanwaelte\/","https:\/\/www.linkedin.com\/in\/stephan-steinwachs-7a270197\/","https:\/\/www.youtube.com\/channel\/UCffmodDlQx81remXm395RWA"],"telephone":[]}]}},"jetpack_sharing_enabled":true,"_links":{"self":[{"href":"https:\/\/www.kanzlei-steinwachs.de\/fr\/wp-json\/wp\/v2\/pages\/14355","targetHints":{"allow":["GET"]}}],"collection":[{"href":"https:\/\/www.kanzlei-steinwachs.de\/fr\/wp-json\/wp\/v2\/pages"}],"about":[{"href":"https:\/\/www.kanzlei-steinwachs.de\/fr\/wp-json\/wp\/v2\/types\/page"}],"author":[{"embeddable":true,"href":"https:\/\/www.kanzlei-steinwachs.de\/fr\/wp-json\/wp\/v2\/users\/1"}],"replies":[{"embeddable":true,"href":"https:\/\/www.kanzlei-steinwachs.de\/fr\/wp-json\/wp\/v2\/comments?post=14355"}],"version-history":[{"count":0,"href":"https:\/\/www.kanzlei-steinwachs.de\/fr\/wp-json\/wp\/v2\/pages\/14355\/revisions"}],"up":[{"embeddable":true,"href":"https:\/\/www.kanzlei-steinwachs.de\/fr\/wp-json\/wp\/v2\/pages\/13685"}],"wp:featuredmedia":[{"embeddable":true,"href":"https:\/\/www.kanzlei-steinwachs.de\/fr\/wp-json\/wp\/v2\/media\/10681"}],"wp:attachment":[{"href":"https:\/\/www.kanzlei-steinwachs.de\/fr\/wp-json\/wp\/v2\/media?parent=14355"}],"curies":[{"name":"wp","href":"https:\/\/api.w.org\/{rel}","templated":true}]}}