{"id":14215,"date":"2023-11-21T06:06:27","date_gmt":"2023-11-21T05:06:27","guid":{"rendered":"https:\/\/www.kanzlei-steinwachs.de\/corona\/"},"modified":"2023-12-02T05:43:18","modified_gmt":"2023-12-02T04:43:18","slug":"corona","status":"publish","type":"page","link":"https:\/\/www.kanzlei-steinwachs.de\/fr\/corona\/","title":{"rendered":"Corona"},"content":{"rendered":"<div class=\"wpb-content-wrapper\"><p>[vc_row content_width=\u00a0\u00bbgrid\u00a0\u00bb content_aligment=\u00a0\u00bbcenter\u00a0\u00bb triangle_shape=\u00a0\u00bbno\u00a0\u00bb css=\u00a0\u00bb.vc_custom_1696926719838{padding-bottom: 10px !important;background-position: center !important;background-repeat: no-repeat !important;background-size: cover !important;}\u00a0\u00bb][vc_column]<div class=\"mkd-separator-holder clearfix  mkd-separator-center mkd-separator-with-icon mkd-animate\" style=\"margin-top: 20px; margin-bottom: 30px\">\n\t<div class=\"mkd-separator\" style=\"border-color: #c18f59;border-style: solid;width: 97.5px\"><\/div>\n\t\t<div class=\"mkd-separator-icon\">\n\t\t\t                    \t\t\t\t\t\t<\/div>\n\t<div class=\"mkd-separator\" style=\"border-color: #c18f59;border-style: solid;width: 97.5px\"><\/div>\n<\/div>\n[\/vc_column][\/vc_row][vc_row triangle_shape=\u00a0\u00bbno\u00a0\u00bb css=\u00a0\u00bb.vc_custom_1700542658617{padding-bottom: 20px !important;}\u00a0\u00bb][vc_column][vc_column_text css=\u00a0\u00bb.vc_custom_1700542642908{margin-bottom: 0px !important;padding-top: 20px !important;padding-bottom: 1px !important;}\u00a0\u00bb]<\/p>\n<p style=\"text-align: left;\">Le coronavirus nous touche actuellement au quotidien. La propagation mondiale du virus corona a conduit \u00e0 des restrictions \u00e9tendues des contacts et \u00e0 un confinement \u00e9conomique g\u00e9n\u00e9ralis\u00e9 (pas seulement en Allemagne). La situation actuelle et la situation juridique sont en constante \u00e9volution. M\u00eame si des assouplissements sont actuellement mis en \u0153uvre, il est pr\u00e9visible que certaines restrictions continueront \u00e0 s&rsquo;appliquer et tout contact comporte en pratique un risque d&rsquo;infection.   <\/p>\n<p>[\/vc_column_text][vc_column_text css=\u00a0\u00bb.vc_custom_1700542651202{padding-top: 10px !important;}\u00a0\u00bb]Sur cette page de pr\u00e9sentation, vous trouverez tous nos articles, FAQ et conseils. Si vous avez des questions sp\u00e9cifiques, n\u2019h\u00e9sitez pas \u00e0 nous appeler pour une premi\u00e8re \u00e9valuation t\u00e9l\u00e9phonique gratuite de votre dossier.<\/p>\n<p>[\/vc_column_text][\/vc_column][\/vc_row][vc_row triangle_shape=\u00a0\u00bbno\u00a0\u00bb css=\u00a0\u00bb.vc_custom_1700542658617{padding-bottom: 20px !important;}\u00a0\u00bb][vc_column][vc_column_text css=\u00a0\u00bb.vc_custom_1700542685219{margin-bottom: 0px !important;padding-top: 20px !important;padding-bottom: 1px !important;}\u00a0\u00bb]Nous essayons de vous fournir des informations actuelles et compr\u00e9hensibles sur les aspects juridiques les plus importants :[\/vc_column_text]\n<h2 class=\"mkd-custom-font-holder\" style=\"font-size: 20px;line-height: 30px;font-weight: 700\" data-font-size= 20 data-line-height= 30>\n\tGastronomie und Corona<\/h2>[vc_column_text css=\u00a0\u00bb.vc_custom_1700542705083{padding-top: 10px !important;}\u00a0\u00bb]Le nouveau coronavirus pose d\u2019\u00e9normes probl\u00e8mes, notamment au secteur de l\u2019h\u00f4tellerie et de la restauration. D\u2019innombrables entreprises ont d\u00fb cesser la plupart, voire la totalit\u00e9, de leurs activit\u00e9s. Quels sont les programmes d\u2019aide ? Qu\u2019en est-il des indemnit\u00e9s de ch\u00f4mage partiel ? Quelles solutions et id\u00e9es ressortons de la crise ? Les entreprises ont-elles droit \u00e0 une indemnisation en cas de fermetures forc\u00e9es ? Nous sommes l&rsquo;un des cabinets d&rsquo;avocats leaders dans le domaine et sommes disponibles pour vous conseiller dans tous les domaines.[\/vc_column_text][vc_column_text css=\u00a0\u00bb.vc_custom_1700542716194{padding-top: 10px !important;}\u00a0\u00bb]Nous vous informerons gratuitement et sans engagement par t\u00e9l\u00e9phone sur les questions suivantes :[\/vc_column_text]<div class=\"mkd-unordered-list \" ><ul>\n<li>Anspr\u00fcche gegen den Bund wegen Betriebsschlie\u00dfung?<\/li>\n<li>Bu\u00dfgeld erhalten?<\/li>\n<li>Wenn das Gesundheitsamt eine Schlie\u00dfung fordert, kann dann Kurzarbeitergeld beantragt werden.<\/li>\n<li>Haben Corona erkrankte Mitarbeiter einen Anspruch auf Gehalt nach dem Entgeldfortzahlungsgesetz?<\/li>\n<li>Was ist bei Quarant\u00e4ne?<\/li>\n<li>Greift bei einer Epidemie\/Pandemie die h\u00f6here Gewalt und ist der Gast ist bei Stornierungen von seiner Zahlungspflicht befreit?<\/li>\n<li>Was tun wenn ein Betrieb geschlossen wird und Ihre Versicherung die Zahlung verweigert?<\/li>\n<li>Durch Corona \u00fcberschuldet \u2013 wie rette ich den Betrieb?<\/li>\n<\/ul>\n<\/div>[vc_column_text css=\u00a0\u00bb.vc_custom_1700542745051{padding-top: 10px !important;}\u00a0\u00bb]Vous pouvez trouver des r\u00e9ponses et des informations compl\u00e9mentaires en cliquant sur la question correspondante.<\/p>\n<h4><\/h4>\n<p>[\/vc_column_text][\/vc_column][\/vc_row][vc_row triangle_shape=\u00a0\u00bbno\u00a0\u00bb css=\u00a0\u00bb.vc_custom_1700542658617{padding-bottom: 20px !important;}\u00a0\u00bb][vc_column]\n<h2 class=\"mkd-custom-font-holder\" style=\"font-size: 20px;line-height: 30px;font-weight: 700\" data-font-size= 20 data-line-height= 30>\n\tBetriebe und Corona<\/h2>[vc_column_text css=\u00a0\u00bb.vc_custom_1700542861547{padding-top: 10px !important;}\u00a0\u00bb]D\u00e9g\u00e2ts:<\/p>\n<div id=\"gtx-trans\" style=\"position: absolute; left: 131px; top: 38px;\">\n<div class=\"gtx-trans-icon\"><\/div>\n<\/div>\n<p>[\/vc_column_text][vc_column_text css=\u00a0\u00bb.vc_custom_1700542877162{padding-top: 10px !important;}\u00a0\u00bb]Votre entreprise a-t-elle d\u00fb fermer ses portes \u00e0 cause du Corona ou avez-vous subi des pertes dues aux mesures de quarantaine ? Vous pourriez alors avoir droit \u00e0 des demandes d\u2019indemnisation contre le gouvernement f\u00e9d\u00e9ral. <\/p>\n<div id=\"gtx-trans\" style=\"position: absolute; left: 177px; top: 38px;\">\n<div class=\"gtx-trans-icon\"><\/div>\n<\/div>\n<p>[\/vc_column_text][vc_column_text css=\u00a0\u00bb.vc_custom_1700542840098{padding-top: 10px !important;}\u00a0\u00bb]Ch\u00f4mage partiel :[\/vc_column_text][vc_column_text css=\u00a0\u00bb.vc_custom_1700542850226{margin-bottom: 0px !important;padding-top: 20px !important;padding-bottom: 1px !important;}\u00a0\u00bb]En cas de crise, les entreprises peuvent par exemple recourir au ch\u00f4mage partiel. Premi\u00e8rement, une entreprise doit \u00e9puiser toutes les autres options pour \u00e9viter le ch\u00f4mage partiel (par exemple, vacances, r\u00e9duction des heures suppl\u00e9mentaires, travail \u00e0 domicile, etc.). <\/p>\n<div><\/div>\n<div><\/div>\n<p>[\/vc_column_text][vc_column_text css=\u00a0\u00bb.vc_custom_1700542830026{padding-top: 10px !important;}\u00a0\u00bb]<\/p>\n<div>All\u00e9gement fiscal:<\/div>\n<div><\/div>\n<p>[\/vc_column_text][vc_column_text css=\u00a0\u00bb.vc_custom_1700542816258{padding-top: 10px !important;}\u00a0\u00bb]<\/p>\n<div class=\"text\">En cas de difficult\u00e9s \u00e9conomiques dues \u00e0 la propagation du virus corona, les entreprises peuvent recourir \u00e0 diverses offres d&rsquo;aide fiscale des services fiscaux, par exemple :<\/div>\n<h4><\/h4>\n<div id=\"gtx-trans\" style=\"position: absolute; left: 140px; top: 62px;\">\n<div class=\"gtx-trans-icon\"><\/div>\n<\/div>\n<p>[\/vc_column_text]<div class=\"mkd-unordered-list \" ><ul>\n<li>Herabsetzung oder Aussetzung laufender Vorauszahlungen zur Einkommensteuer bzw. K\u00f6rperschaftsteuer auf Antrag (Antr\u00e4ge zur Anpassung der Gewerbesteuervorauszahlungen sind hingegen an das kommunale Steueramt zu richten)<\/li>\n<li>Stundung f\u00e4lliger Steuerzahlungen<\/li>\n<li>Erlass von S\u00e4umniszuschl\u00e4gen<\/li>\n<li>Verzicht auf Vollstreckungsma\u00dfnahmen<\/li>\n<\/ul>\n<\/div>[\/vc_column][\/vc_row][vc_row triangle_shape=\u00a0\u00bbno\u00a0\u00bb css=\u00a0\u00bb.vc_custom_1697455870159{padding-bottom: 50px !important;}\u00a0\u00bb][vc_column]\n<h2 class=\"mkd-custom-font-holder\" style=\"font-size: 20px;line-height: 20px;font-weight: 700\" data-font-size= 20 data-line-height= 20>\n\tArbeitgeber und Corona<\/h2>[vc_column_text css=\u00a0\u00bb.vc_custom_1700542947886{padding-top: 10px !important;}\u00a0\u00bb]Les employeurs doivent non seulement prendre les mesures de protection n\u00e9cessaires pour leurs salari\u00e9s dans leur propre int\u00e9r\u00eat afin de maintenir ou de reprendre l&rsquo;activit\u00e9 commerciale le plus longtemps possible, mais ils y sont \u00e9galement l\u00e9galement tenus (article 618, paragraphe 1 du BGB, article 3 de la s\u00e9curit\u00e9 et de la sant\u00e9 au travail). Loi \/ArbSchG). La protection commence par une information compl\u00e8te sur le risque d\u2019infection par le coronavirus et le comportement hygi\u00e9nique correct. Dans le pire des cas, cela s\u2019arr\u00eate avec une fermeture d\u2019entreprise et une demande aux salari\u00e9s de rester chez eux.<\/p>\n<p>[\/vc_column_text][vc_column_text css=\u00a0\u00bb.vc_custom_1700542995907{padding-top: 10px !important;}\u00a0\u00bb]Toutes les informations destin\u00e9es aux employeurs peuvent <a href=\"https:\/\/www.kanzlei-steinwachs.de\/corona\/arbeitgeber-und-corona\/\">\u00eatre trouv\u00e9es ici<\/a>.<\/p>\n<div id=\"gtx-trans\" style=\"position: absolute; left: 351px; top: -10px;\">\n<div class=\"gtx-trans-icon\"><\/div>\n<\/div>\n<p>[\/vc_column_text][\/vc_column][\/vc_row]<\/p>\n<\/div>","protected":false},"excerpt":{"rendered":"<p>[vc_row content_width=\u00a0\u00bbgrid\u00a0\u00bb content_aligment=\u00a0\u00bbcenter\u00a0\u00bb triangle_shape=\u00a0\u00bbno\u00a0\u00bb css=\u00a0\u00bb.vc_custom_1696926719838{padding-bottom: 10px !important;background-position: center !important;background-repeat: no-repeat !important;background-size: cover !important;}\u00a0\u00bb][vc_column][\/vc_column][\/vc_row][vc_row triangle_shape=\u00a0\u00bbno\u00a0\u00bb css=\u00a0\u00bb.vc_custom_1700542658617{padding-bottom: 20px !important;}\u00a0\u00bb][vc_column][vc_column_text css=\u00a0\u00bb.vc_custom_1700542642908{margin-bottom: 0px !important;padding-top: 20px !important;padding-bottom: 1px !important;}\u00a0\u00bb] Le coronavirus nous touche actuellement au quotidien. La propagation mondiale du virus corona a conduit \u00e0 des restrictions \u00e9tendues des contacts et \u00e0 un confinement \u00e9conomique g\u00e9n\u00e9ralis\u00e9 (pas seulement en Allemagne). La situation actuelle et la situation juridique sont en constante \u00e9volution. M\u00eame si des assouplissements sont actuellement mis en \u0153uvre, il est pr\u00e9visible que certaines restrictions continueront \u00e0 s&rsquo;appliquer et tout contact comporte en pratique un risque d&rsquo;infection. [\/vc_column_text][vc_column_text css=\u00a0\u00bb.vc_custom_1700542651202{padding-top: 10px !important;}\u00a0\u00bb]Sur cette page de&#8230;<\/p>\n","protected":false},"author":1,"featured_media":0,"parent":0,"menu_order":0,"comment_status":"closed","ping_status":"closed","template":"","meta":{"footnotes":""},"class_list":["post-14215","page","type-page","status-publish","hentry"],"yoast_head":"<!-- This site is optimized with the Yoast SEO Premium plugin v27.2 (Yoast SEO v27.5) - https:\/\/yoast.com\/product\/yoast-seo-premium-wordpress\/ -->\n<title>Rechtsanwaltskanzlei in Hamburg Berlin Bremen Hannover L\u00fcbeck<\/title>\n<meta name=\"description\" content=\"Rechtsanwaltskanzlei f\u00fcr Arbeitsrecht, Arzthaftung, Mietrecht, Gewerbemietrecht ,Gastronomierecht, Immobilienrecht, Schadensersatz Yachtrecht\" \/>\n<meta name=\"robots\" content=\"index, follow, max-snippet:-1, max-image-preview:large, max-video-preview:-1\" \/>\n<link rel=\"canonical\" href=\"https:\/\/www.kanzlei-steinwachs.de\/fr\/corona\/\" \/>\n<meta property=\"og:locale\" content=\"fr_FR\" \/>\n<meta property=\"og:type\" content=\"article\" \/>\n<meta property=\"og:title\" content=\"Rechtsanwaltskanzlei in Hamburg Berlin Bremen Hannover L\u00fcbeck\" \/>\n<meta property=\"og:description\" content=\"Rechtsanwaltskanzlei f\u00fcr Arbeitsrecht, Arzthaftung, Mietrecht, Gewerbemietrecht ,Gastronomierecht, Immobilienrecht, Schadensersatz Yachtrecht\" \/>\n<meta property=\"og:url\" content=\"https:\/\/www.kanzlei-steinwachs.de\/fr\/corona\/\" \/>\n<meta property=\"og:site_name\" content=\"Rechtsanwaltskanzlei Anwalt Hamburg Berlin Bremen Hannover L\u00fcbeck\" \/>\n<meta property=\"article:publisher\" content=\"https:\/\/www.facebook.com\/STEINWACHSRechtsanwaltskanzlei\/\" \/>\n<meta property=\"article:modified_time\" content=\"2023-12-02T04:43:18+00:00\" \/>\n<meta name=\"twitter:card\" content=\"summary_large_image\" \/>\n<meta name=\"twitter:site\" content=\"@rasteinwachs\" \/>\n<meta name=\"twitter:label1\" content=\"Dur\u00e9e de lecture estim\u00e9e\" \/>\n\t<meta name=\"twitter:data1\" content=\"5 minutes\" \/>\n<script type=\"application\/ld+json\" class=\"yoast-schema-graph\">{\"@context\":\"https:\\\/\\\/schema.org\",\"@graph\":[{\"@type\":\"WebPage\",\"@id\":\"https:\\\/\\\/www.kanzlei-steinwachs.de\\\/fr\\\/corona\\\/\",\"url\":\"https:\\\/\\\/www.kanzlei-steinwachs.de\\\/fr\\\/corona\\\/\",\"name\":\"Rechtsanwaltskanzlei in Hamburg Berlin Bremen Hannover L\u00fcbeck\",\"isPartOf\":{\"@id\":\"https:\\\/\\\/www.kanzlei-steinwachs.de\\\/fr\\\/#website\"},\"datePublished\":\"2023-11-21T05:06:27+00:00\",\"dateModified\":\"2023-12-02T04:43:18+00:00\",\"description\":\"Rechtsanwaltskanzlei f\u00fcr Arbeitsrecht, Arzthaftung, Mietrecht, Gewerbemietrecht ,Gastronomierecht, Immobilienrecht, Schadensersatz Yachtrecht\",\"inLanguage\":\"fr-FR\",\"potentialAction\":[{\"@type\":\"ReadAction\",\"target\":[\"https:\\\/\\\/www.kanzlei-steinwachs.de\\\/fr\\\/corona\\\/\"]}]},{\"@type\":\"WebSite\",\"@id\":\"https:\\\/\\\/www.kanzlei-steinwachs.de\\\/fr\\\/#website\",\"url\":\"https:\\\/\\\/www.kanzlei-steinwachs.de\\\/fr\\\/\",\"name\":\"Rechtsanwaltskanzlei Anwalt Hamburg Berlin Bremen Hannover L\u00fcbeck\",\"description\":\"Wir leisten mehr als Recht bietet\",\"publisher\":{\"@id\":\"https:\\\/\\\/www.kanzlei-steinwachs.de\\\/fr\\\/#organization\"},\"potentialAction\":[{\"@type\":\"SearchAction\",\"target\":{\"@type\":\"EntryPoint\",\"urlTemplate\":\"https:\\\/\\\/www.kanzlei-steinwachs.de\\\/fr\\\/?s={search_term_string}\"},\"query-input\":{\"@type\":\"PropertyValueSpecification\",\"valueRequired\":true,\"valueName\":\"search_term_string\"}}],\"inLanguage\":\"fr-FR\"},{\"@type\":[\"Organization\",\"Place\"],\"@id\":\"https:\\\/\\\/www.kanzlei-steinwachs.de\\\/fr\\\/#organization\",\"name\":\"Rechtsanwaltskanzlei Anwalt Hamburg Berlin Bremen Hannover L\u00fcbeck\",\"url\":\"https:\\\/\\\/www.kanzlei-steinwachs.de\\\/\",\"logo\":{\"@type\":\"ImageObject\",\"inLanguage\":\"fr-FR\",\"@id\":\"https:\\\/\\\/www.kanzlei-steinwachs.de\\\/fr\\\/#\\\/schema\\\/logo\\\/image\\\/\",\"url\":\"https:\\\/\\\/i0.wp.com\\\/www.kanzlei-steinwachs.de\\\/wp-content\\\/uploads\\\/2023\\\/12\\\/logo.webp?fit=174%2C76&quality=80&ssl=1\",\"contentUrl\":\"https:\\\/\\\/i0.wp.com\\\/www.kanzlei-steinwachs.de\\\/wp-content\\\/uploads\\\/2023\\\/12\\\/logo.webp?fit=174%2C76&quality=80&ssl=1\",\"width\":174,\"height\":76,\"caption\":\"Rechtsanwaltskanzlei Anwalt Hamburg Berlin Bremen Hannover L\u00fcbeck\"},\"image\":{\"@id\":\"https:\\\/\\\/www.kanzlei-steinwachs.de\\\/fr\\\/#\\\/schema\\\/logo\\\/image\\\/\"},\"sameAs\":[\"https:\\\/\\\/www.facebook.com\\\/STEINWACHSRechtsanwaltskanzlei\\\/\",\"https:\\\/\\\/x.com\\\/rasteinwachs\",\"https:\\\/\\\/www.instagram.com\\\/steinwachs_rechtsanwaelte\\\/\",\"https:\\\/\\\/www.linkedin.com\\\/in\\\/stephan-steinwachs-7a270197\\\/\",\"https:\\\/\\\/www.youtube.com\\\/channel\\\/UCffmodDlQx81remXm395RWA\"],\"telephone\":[]}]}<\/script>\n<!-- \/ Yoast SEO Premium plugin. -->","yoast_head_json":{"title":"Rechtsanwaltskanzlei in Hamburg Berlin Bremen Hannover L\u00fcbeck","description":"Rechtsanwaltskanzlei f\u00fcr Arbeitsrecht, Arzthaftung, Mietrecht, Gewerbemietrecht ,Gastronomierecht, Immobilienrecht, Schadensersatz Yachtrecht","robots":{"index":"index","follow":"follow","max-snippet":"max-snippet:-1","max-image-preview":"max-image-preview:large","max-video-preview":"max-video-preview:-1"},"canonical":"https:\/\/www.kanzlei-steinwachs.de\/fr\/corona\/","og_locale":"fr_FR","og_type":"article","og_title":"Rechtsanwaltskanzlei in Hamburg Berlin Bremen Hannover L\u00fcbeck","og_description":"Rechtsanwaltskanzlei f\u00fcr Arbeitsrecht, Arzthaftung, Mietrecht, Gewerbemietrecht ,Gastronomierecht, Immobilienrecht, Schadensersatz Yachtrecht","og_url":"https:\/\/www.kanzlei-steinwachs.de\/fr\/corona\/","og_site_name":"Rechtsanwaltskanzlei Anwalt Hamburg Berlin Bremen Hannover L\u00fcbeck","article_publisher":"https:\/\/www.facebook.com\/STEINWACHSRechtsanwaltskanzlei\/","article_modified_time":"2023-12-02T04:43:18+00:00","twitter_card":"summary_large_image","twitter_site":"@rasteinwachs","twitter_misc":{"Dur\u00e9e de lecture estim\u00e9e":"5 minutes"},"schema":{"@context":"https:\/\/schema.org","@graph":[{"@type":"WebPage","@id":"https:\/\/www.kanzlei-steinwachs.de\/fr\/corona\/","url":"https:\/\/www.kanzlei-steinwachs.de\/fr\/corona\/","name":"Rechtsanwaltskanzlei in Hamburg Berlin Bremen Hannover L\u00fcbeck","isPartOf":{"@id":"https:\/\/www.kanzlei-steinwachs.de\/fr\/#website"},"datePublished":"2023-11-21T05:06:27+00:00","dateModified":"2023-12-02T04:43:18+00:00","description":"Rechtsanwaltskanzlei f\u00fcr Arbeitsrecht, Arzthaftung, Mietrecht, Gewerbemietrecht ,Gastronomierecht, Immobilienrecht, Schadensersatz Yachtrecht","inLanguage":"fr-FR","potentialAction":[{"@type":"ReadAction","target":["https:\/\/www.kanzlei-steinwachs.de\/fr\/corona\/"]}]},{"@type":"WebSite","@id":"https:\/\/www.kanzlei-steinwachs.de\/fr\/#website","url":"https:\/\/www.kanzlei-steinwachs.de\/fr\/","name":"Rechtsanwaltskanzlei Anwalt Hamburg Berlin Bremen Hannover L\u00fcbeck","description":"Wir leisten mehr als Recht bietet","publisher":{"@id":"https:\/\/www.kanzlei-steinwachs.de\/fr\/#organization"},"potentialAction":[{"@type":"SearchAction","target":{"@type":"EntryPoint","urlTemplate":"https:\/\/www.kanzlei-steinwachs.de\/fr\/?s={search_term_string}"},"query-input":{"@type":"PropertyValueSpecification","valueRequired":true,"valueName":"search_term_string"}}],"inLanguage":"fr-FR"},{"@type":["Organization","Place"],"@id":"https:\/\/www.kanzlei-steinwachs.de\/fr\/#organization","name":"Rechtsanwaltskanzlei Anwalt Hamburg Berlin Bremen Hannover L\u00fcbeck","url":"https:\/\/www.kanzlei-steinwachs.de\/","logo":{"@type":"ImageObject","inLanguage":"fr-FR","@id":"https:\/\/www.kanzlei-steinwachs.de\/fr\/#\/schema\/logo\/image\/","url":"https:\/\/i0.wp.com\/www.kanzlei-steinwachs.de\/wp-content\/uploads\/2023\/12\/logo.webp?fit=174%2C76&quality=80&ssl=1","contentUrl":"https:\/\/i0.wp.com\/www.kanzlei-steinwachs.de\/wp-content\/uploads\/2023\/12\/logo.webp?fit=174%2C76&quality=80&ssl=1","width":174,"height":76,"caption":"Rechtsanwaltskanzlei Anwalt Hamburg Berlin Bremen Hannover L\u00fcbeck"},"image":{"@id":"https:\/\/www.kanzlei-steinwachs.de\/fr\/#\/schema\/logo\/image\/"},"sameAs":["https:\/\/www.facebook.com\/STEINWACHSRechtsanwaltskanzlei\/","https:\/\/x.com\/rasteinwachs","https:\/\/www.instagram.com\/steinwachs_rechtsanwaelte\/","https:\/\/www.linkedin.com\/in\/stephan-steinwachs-7a270197\/","https:\/\/www.youtube.com\/channel\/UCffmodDlQx81remXm395RWA"],"telephone":[]}]}},"jetpack_sharing_enabled":true,"_links":{"self":[{"href":"https:\/\/www.kanzlei-steinwachs.de\/fr\/wp-json\/wp\/v2\/pages\/14215","targetHints":{"allow":["GET"]}}],"collection":[{"href":"https:\/\/www.kanzlei-steinwachs.de\/fr\/wp-json\/wp\/v2\/pages"}],"about":[{"href":"https:\/\/www.kanzlei-steinwachs.de\/fr\/wp-json\/wp\/v2\/types\/page"}],"author":[{"embeddable":true,"href":"https:\/\/www.kanzlei-steinwachs.de\/fr\/wp-json\/wp\/v2\/users\/1"}],"replies":[{"embeddable":true,"href":"https:\/\/www.kanzlei-steinwachs.de\/fr\/wp-json\/wp\/v2\/comments?post=14215"}],"version-history":[{"count":0,"href":"https:\/\/www.kanzlei-steinwachs.de\/fr\/wp-json\/wp\/v2\/pages\/14215\/revisions"}],"wp:attachment":[{"href":"https:\/\/www.kanzlei-steinwachs.de\/fr\/wp-json\/wp\/v2\/media?parent=14215"}],"curies":[{"name":"wp","href":"https:\/\/api.w.org\/{rel}","templated":true}]}}