{"id":14203,"date":"2023-11-20T10:34:13","date_gmt":"2023-11-20T09:34:13","guid":{"rendered":"https:\/\/www.kanzlei-steinwachs.de\/jugements-en-droit-du-travail\/arrets-bag-2006\/capacite-de-negociation-collective-dune-association-de-salaries\/"},"modified":"2023-12-02T04:30:12","modified_gmt":"2023-12-02T03:30:12","slug":"capacite-de-negociation-collective-dune-association-de-salaries","status":"publish","type":"page","link":"https:\/\/www.kanzlei-steinwachs.de\/fr\/jugements-en-droit-du-travail\/arrets-bag-2006\/capacite-de-negociation-collective-dune-association-de-salaries\/","title":{"rendered":"Capacit\u00e9 de n\u00e9gociation collective d\u2019une association de salari\u00e9s"},"content":{"rendered":"<div class=\"wpb-content-wrapper\"><p>[vc_row triangle_shape=\u00a0\u00bbno\u00a0\u00bb][vc_column][vc_column_text]Par r\u00e9solution du 28 mars 2006 ( 1 ABR 58\/04 ), le Premier S\u00e9nat a d\u00e9cid\u00e9 que le \u00ab Syndicat M\u00e9tallurgique Chr\u00e9tien \u00bb (CGM) est un syndicat \u00e9ligible \u00e0 la n\u00e9gociation collective. Selon la jurisprudence constante du S\u00e9nat, une association de salari\u00e9s doit satisfaire \u00e0 certaines exigences minimales pour \u00eatre \u00e9ligible \u00e0 la n\u00e9gociation collective. Elle doit s&rsquo;\u00eatre donn\u00e9 pour mission l\u00e9gale de repr\u00e9senter les int\u00e9r\u00eats de ses membres en leur qualit\u00e9 de salari\u00e9s et doit \u00eatre dispos\u00e9e \u00e0 conclure des conventions collectives. Il doit \u00eatre librement form\u00e9, libre d&rsquo;opposants, ind\u00e9pendant et organis\u00e9 sur une base interentreprises et reconna\u00eetre le droit applicable en mati\u00e8re de n\u00e9gociation collective comme \u00e9tant contraignant. En outre, il est indispensable que l&rsquo;association des travailleurs puisse remplir de mani\u00e8re significative son r\u00f4le de partenaire dans les n\u00e9gociations collectives. Elle doit donc avoir une assurance qui lui permette d&rsquo;\u00eatre reconnue et prise au s\u00e9rieux par son homologue social. Ces exigences judiciaires concernant la capacit\u00e9 de n\u00e9gocier collectivement interf\u00e8rent avec la libert\u00e9 d&rsquo;activit\u00e9 d&rsquo;une association de salari\u00e9s. Toutefois, l\u2019intervention est justifi\u00e9e dans l\u2019int\u00e9r\u00eat de l\u2019autonomie fonctionnelle des n\u00e9gociations collectives. L&rsquo;objectif est de compenser l&rsquo;inf\u00e9riorit\u00e9 structurelle des diff\u00e9rents salari\u00e9s lors de la conclusion de conventions collectives par une action collective et de permettre ainsi de n\u00e9gocier les salaires et les conditions de travail avec une importance \u00e0 peu pr\u00e8s \u00e9gale. L\u2019autonomie de n\u00e9gociation collective n\u2019est donc constitutionnellement accessible qu\u2019aux coalitions qui sont en mesure de fa\u00e7onner de mani\u00e8re significative l\u2019espace de la vie professionnelle laiss\u00e9 libre par le syst\u00e8me juridique de l\u2019\u00c9tat par le biais de conventions collectives. Cela n\u00e9cessite de l&rsquo;unit\u00e9 dans l&rsquo;organisation et de l&rsquo;affirmation de soi envers l&rsquo;adversaire social. Si une association de salari\u00e9s a d\u00e9j\u00e0 conclu dans une large mesure des conventions collectives, cela d\u00e9montre r\u00e9guli\u00e8rement son assurance. Cela s&rsquo;applique aussi bien \u00e0 la conclusion de conventions collectives initiales qu&rsquo;\u00e0 la conclusion de conventions collectives ult\u00e9rieures. Le Premier S\u00e9nat a en outre d\u00e9cid\u00e9 que la capacit\u00e9 de n\u00e9gociation collective d&rsquo;une association de salari\u00e9s pour le domaine de responsabilit\u00e9 qu&rsquo;elle revendique ne peut \u00eatre d\u00e9termin\u00e9e que dans son ensemble, ou pas du tout. Il n\u2019y a pas d\u2019\u00e9ligibilit\u00e9 tarifaire partielle. Si la capacit\u00e9 de n\u00e9gociation collective d\u2019une association de salari\u00e9s devait \u00eatre \u00e9valu\u00e9e diff\u00e9remment selon la r\u00e9gion, la profession ou le secteur en fonction de son pouvoir respectif, cela cr\u00e9erait une ins\u00e9curit\u00e9 juridique qui mettrait s\u00e9rieusement en p\u00e9ril la fonctionnalit\u00e9 de l\u2019autonomie de n\u00e9gociation collective. Es w\u00fcrde sich bei jedem Tarifvertrag die Frage stellen, ob die ihn abschlie\u00dfende Arbeitnehmervereinigung im jeweiligen r\u00e4umlichen oder fachli chen Bereich Durchsetzungskraft und damit (partielle) Tariff\u00e4higkeit besitzt.[\/vc_column_text][\/vc_column][\/vc_row]<\/p>\n<\/div>","protected":false},"excerpt":{"rendered":"<p>[vc_row triangle_shape=\u00a0\u00bbno\u00a0\u00bb][vc_column][vc_column_text]Par r\u00e9solution du 28 mars 2006 ( 1 ABR 58\/04 ), le Premier S\u00e9nat a d\u00e9cid\u00e9 que le \u00ab Syndicat M\u00e9tallurgique Chr\u00e9tien \u00bb (CGM) est un syndicat \u00e9ligible \u00e0 la n\u00e9gociation collective. Selon la jurisprudence constante du S\u00e9nat, une association de salari\u00e9s doit satisfaire \u00e0 certaines exigences minimales pour \u00eatre \u00e9ligible \u00e0 la n\u00e9gociation collective. Elle doit s&rsquo;\u00eatre donn\u00e9 pour mission l\u00e9gale de repr\u00e9senter les int\u00e9r\u00eats de ses membres en leur qualit\u00e9 de salari\u00e9s et doit \u00eatre dispos\u00e9e \u00e0 conclure des conventions collectives. Il doit \u00eatre librement form\u00e9, libre d&rsquo;opposants, ind\u00e9pendant et organis\u00e9 sur une base interentreprises et reconna\u00eetre&#8230;<\/p>\n","protected":false},"author":1,"featured_media":10681,"parent":13685,"menu_order":0,"comment_status":"closed","ping_status":"closed","template":"","meta":{"footnotes":""},"class_list":["post-14203","page","type-page","status-publish","has-post-thumbnail","hentry"],"yoast_head":"<!-- This site is optimized with the Yoast SEO Premium plugin v27.2 (Yoast SEO v27.5) - https:\/\/yoast.com\/product\/yoast-seo-premium-wordpress\/ -->\n<title>Rechtsanwaltskanzlei in Hamburg Berlin Bremen Hannover L\u00fcbeck<\/title>\n<meta name=\"description\" content=\"Rechtsanwaltskanzlei f\u00fcr Arbeitsrecht, Arzthaftung, Mietrecht, Gewerbemietrecht ,Gastronomierecht, Immobilienrecht, Schadensersatz Yachtrecht\" \/>\n<meta name=\"robots\" content=\"index, follow, max-snippet:-1, max-image-preview:large, max-video-preview:-1\" \/>\n<link rel=\"canonical\" href=\"https:\/\/www.kanzlei-steinwachs.de\/fr\/jugements-en-droit-du-travail\/arrets-bag-2006\/capacite-de-negociation-collective-dune-association-de-salaries\/\" \/>\n<meta property=\"og:locale\" content=\"fr_FR\" \/>\n<meta property=\"og:type\" content=\"article\" \/>\n<meta property=\"og:title\" content=\"Rechtsanwaltskanzlei in Hamburg Berlin Bremen Hannover L\u00fcbeck\" \/>\n<meta property=\"og:description\" content=\"Rechtsanwaltskanzlei f\u00fcr Arbeitsrecht, Arzthaftung, Mietrecht, Gewerbemietrecht ,Gastronomierecht, Immobilienrecht, Schadensersatz Yachtrecht\" \/>\n<meta property=\"og:url\" content=\"https:\/\/www.kanzlei-steinwachs.de\/fr\/jugements-en-droit-du-travail\/arrets-bag-2006\/capacite-de-negociation-collective-dune-association-de-salaries\/\" \/>\n<meta property=\"og:site_name\" content=\"Rechtsanwaltskanzlei Anwalt Hamburg Berlin Bremen Hannover L\u00fcbeck\" \/>\n<meta property=\"article:publisher\" content=\"https:\/\/www.facebook.com\/STEINWACHSRechtsanwaltskanzlei\/\" \/>\n<meta property=\"article:modified_time\" content=\"2023-12-02T03:30:12+00:00\" \/>\n<meta name=\"twitter:card\" content=\"summary_large_image\" \/>\n<meta name=\"twitter:site\" content=\"@rasteinwachs\" \/>\n<meta name=\"twitter:label1\" content=\"Dur\u00e9e de lecture estim\u00e9e\" \/>\n\t<meta name=\"twitter:data1\" content=\"3 minutes\" \/>\n<script type=\"application\/ld+json\" class=\"yoast-schema-graph\">{\"@context\":\"https:\\\/\\\/schema.org\",\"@graph\":[{\"@type\":\"WebPage\",\"@id\":\"https:\\\/\\\/www.kanzlei-steinwachs.de\\\/fr\\\/jugements-en-droit-du-travail\\\/arrets-bag-2006\\\/capacite-de-negociation-collective-dune-association-de-salaries\\\/\",\"url\":\"https:\\\/\\\/www.kanzlei-steinwachs.de\\\/fr\\\/jugements-en-droit-du-travail\\\/arrets-bag-2006\\\/capacite-de-negociation-collective-dune-association-de-salaries\\\/\",\"name\":\"Rechtsanwaltskanzlei in Hamburg Berlin Bremen Hannover L\u00fcbeck\",\"isPartOf\":{\"@id\":\"https:\\\/\\\/www.kanzlei-steinwachs.de\\\/fr\\\/#website\"},\"primaryImageOfPage\":{\"@id\":\"https:\\\/\\\/www.kanzlei-steinwachs.de\\\/fr\\\/jugements-en-droit-du-travail\\\/arrets-bag-2006\\\/capacite-de-negociation-collective-dune-association-de-salaries\\\/#primaryimage\"},\"image\":{\"@id\":\"https:\\\/\\\/www.kanzlei-steinwachs.de\\\/fr\\\/jugements-en-droit-du-travail\\\/arrets-bag-2006\\\/capacite-de-negociation-collective-dune-association-de-salaries\\\/#primaryimage\"},\"thumbnailUrl\":\"https:\\\/\\\/i0.wp.com\\\/www.kanzlei-steinwachs.de\\\/wp-content\\\/uploads\\\/2023\\\/11\\\/Bundesarbeitsgericht_Urteile_2006.webp?fit=200%2C100&quality=20&ssl=1\",\"datePublished\":\"2023-11-20T09:34:13+00:00\",\"dateModified\":\"2023-12-02T03:30:12+00:00\",\"description\":\"Rechtsanwaltskanzlei f\u00fcr Arbeitsrecht, Arzthaftung, Mietrecht, Gewerbemietrecht ,Gastronomierecht, Immobilienrecht, Schadensersatz Yachtrecht\",\"breadcrumb\":{\"@id\":\"https:\\\/\\\/www.kanzlei-steinwachs.de\\\/fr\\\/jugements-en-droit-du-travail\\\/arrets-bag-2006\\\/capacite-de-negociation-collective-dune-association-de-salaries\\\/#breadcrumb\"},\"inLanguage\":\"fr-FR\",\"potentialAction\":[{\"@type\":\"ReadAction\",\"target\":[\"https:\\\/\\\/www.kanzlei-steinwachs.de\\\/fr\\\/jugements-en-droit-du-travail\\\/arrets-bag-2006\\\/capacite-de-negociation-collective-dune-association-de-salaries\\\/\"]}]},{\"@type\":\"ImageObject\",\"inLanguage\":\"fr-FR\",\"@id\":\"https:\\\/\\\/www.kanzlei-steinwachs.de\\\/fr\\\/jugements-en-droit-du-travail\\\/arrets-bag-2006\\\/capacite-de-negociation-collective-dune-association-de-salaries\\\/#primaryimage\",\"url\":\"https:\\\/\\\/i0.wp.com\\\/www.kanzlei-steinwachs.de\\\/wp-content\\\/uploads\\\/2023\\\/11\\\/Bundesarbeitsgericht_Urteile_2006.webp?fit=200%2C100&quality=20&ssl=1\",\"contentUrl\":\"https:\\\/\\\/i0.wp.com\\\/www.kanzlei-steinwachs.de\\\/wp-content\\\/uploads\\\/2023\\\/11\\\/Bundesarbeitsgericht_Urteile_2006.webp?fit=200%2C100&quality=20&ssl=1\",\"width\":200,\"height\":100,\"caption\":\"Bundesarbeitsgericht Urteile\"},{\"@type\":\"BreadcrumbList\",\"@id\":\"https:\\\/\\\/www.kanzlei-steinwachs.de\\\/fr\\\/jugements-en-droit-du-travail\\\/arrets-bag-2006\\\/capacite-de-negociation-collective-dune-association-de-salaries\\\/#breadcrumb\",\"itemListElement\":[{\"@type\":\"ListItem\",\"position\":1,\"name\":\"Jugements en droit du travail\",\"item\":\"https:\\\/\\\/www.kanzlei-steinwachs.de\\\/fr\\\/jugements-en-droit-du-travail\\\/\"},{\"@type\":\"ListItem\",\"position\":2,\"name\":\"Arr\u00eats BAG 2006\",\"item\":\"https:\\\/\\\/www.kanzlei-steinwachs.de\\\/fr\\\/arbeitsrecht-urteile\\\/bag-urteile-2006\\\/\"},{\"@type\":\"ListItem\",\"position\":3,\"name\":\"Capacit\u00e9 de n\u00e9gociation collective d\u2019une association de salari\u00e9s\"}]},{\"@type\":\"WebSite\",\"@id\":\"https:\\\/\\\/www.kanzlei-steinwachs.de\\\/fr\\\/#website\",\"url\":\"https:\\\/\\\/www.kanzlei-steinwachs.de\\\/fr\\\/\",\"name\":\"Rechtsanwaltskanzlei Anwalt Hamburg Berlin Bremen Hannover L\u00fcbeck\",\"description\":\"Wir leisten mehr als Recht bietet\",\"publisher\":{\"@id\":\"https:\\\/\\\/www.kanzlei-steinwachs.de\\\/fr\\\/#organization\"},\"potentialAction\":[{\"@type\":\"SearchAction\",\"target\":{\"@type\":\"EntryPoint\",\"urlTemplate\":\"https:\\\/\\\/www.kanzlei-steinwachs.de\\\/fr\\\/?s={search_term_string}\"},\"query-input\":{\"@type\":\"PropertyValueSpecification\",\"valueRequired\":true,\"valueName\":\"search_term_string\"}}],\"inLanguage\":\"fr-FR\"},{\"@type\":[\"Organization\",\"Place\"],\"@id\":\"https:\\\/\\\/www.kanzlei-steinwachs.de\\\/fr\\\/#organization\",\"name\":\"Rechtsanwaltskanzlei Anwalt Hamburg Berlin Bremen Hannover L\u00fcbeck\",\"url\":\"https:\\\/\\\/www.kanzlei-steinwachs.de\\\/\",\"logo\":{\"@type\":\"ImageObject\",\"inLanguage\":\"fr-FR\",\"@id\":\"https:\\\/\\\/www.kanzlei-steinwachs.de\\\/fr\\\/#\\\/schema\\\/logo\\\/image\\\/\",\"url\":\"https:\\\/\\\/i0.wp.com\\\/www.kanzlei-steinwachs.de\\\/wp-content\\\/uploads\\\/2023\\\/12\\\/logo.webp?fit=174%2C76&quality=80&ssl=1\",\"contentUrl\":\"https:\\\/\\\/i0.wp.com\\\/www.kanzlei-steinwachs.de\\\/wp-content\\\/uploads\\\/2023\\\/12\\\/logo.webp?fit=174%2C76&quality=80&ssl=1\",\"width\":174,\"height\":76,\"caption\":\"Rechtsanwaltskanzlei Anwalt Hamburg Berlin Bremen Hannover L\u00fcbeck\"},\"image\":{\"@id\":\"https:\\\/\\\/www.kanzlei-steinwachs.de\\\/fr\\\/#\\\/schema\\\/logo\\\/image\\\/\"},\"sameAs\":[\"https:\\\/\\\/www.facebook.com\\\/STEINWACHSRechtsanwaltskanzlei\\\/\",\"https:\\\/\\\/x.com\\\/rasteinwachs\",\"https:\\\/\\\/www.instagram.com\\\/steinwachs_rechtsanwaelte\\\/\",\"https:\\\/\\\/www.linkedin.com\\\/in\\\/stephan-steinwachs-7a270197\\\/\",\"https:\\\/\\\/www.youtube.com\\\/channel\\\/UCffmodDlQx81remXm395RWA\"],\"telephone\":[]}]}<\/script>\n<!-- \/ Yoast SEO Premium plugin. -->","yoast_head_json":{"title":"Rechtsanwaltskanzlei in Hamburg Berlin Bremen Hannover L\u00fcbeck","description":"Rechtsanwaltskanzlei f\u00fcr Arbeitsrecht, Arzthaftung, Mietrecht, Gewerbemietrecht ,Gastronomierecht, Immobilienrecht, Schadensersatz Yachtrecht","robots":{"index":"index","follow":"follow","max-snippet":"max-snippet:-1","max-image-preview":"max-image-preview:large","max-video-preview":"max-video-preview:-1"},"canonical":"https:\/\/www.kanzlei-steinwachs.de\/fr\/jugements-en-droit-du-travail\/arrets-bag-2006\/capacite-de-negociation-collective-dune-association-de-salaries\/","og_locale":"fr_FR","og_type":"article","og_title":"Rechtsanwaltskanzlei in Hamburg Berlin Bremen Hannover L\u00fcbeck","og_description":"Rechtsanwaltskanzlei f\u00fcr Arbeitsrecht, Arzthaftung, Mietrecht, Gewerbemietrecht ,Gastronomierecht, Immobilienrecht, Schadensersatz Yachtrecht","og_url":"https:\/\/www.kanzlei-steinwachs.de\/fr\/jugements-en-droit-du-travail\/arrets-bag-2006\/capacite-de-negociation-collective-dune-association-de-salaries\/","og_site_name":"Rechtsanwaltskanzlei Anwalt Hamburg Berlin Bremen Hannover L\u00fcbeck","article_publisher":"https:\/\/www.facebook.com\/STEINWACHSRechtsanwaltskanzlei\/","article_modified_time":"2023-12-02T03:30:12+00:00","twitter_card":"summary_large_image","twitter_site":"@rasteinwachs","twitter_misc":{"Dur\u00e9e de lecture estim\u00e9e":"3 minutes"},"schema":{"@context":"https:\/\/schema.org","@graph":[{"@type":"WebPage","@id":"https:\/\/www.kanzlei-steinwachs.de\/fr\/jugements-en-droit-du-travail\/arrets-bag-2006\/capacite-de-negociation-collective-dune-association-de-salaries\/","url":"https:\/\/www.kanzlei-steinwachs.de\/fr\/jugements-en-droit-du-travail\/arrets-bag-2006\/capacite-de-negociation-collective-dune-association-de-salaries\/","name":"Rechtsanwaltskanzlei in Hamburg Berlin Bremen Hannover L\u00fcbeck","isPartOf":{"@id":"https:\/\/www.kanzlei-steinwachs.de\/fr\/#website"},"primaryImageOfPage":{"@id":"https:\/\/www.kanzlei-steinwachs.de\/fr\/jugements-en-droit-du-travail\/arrets-bag-2006\/capacite-de-negociation-collective-dune-association-de-salaries\/#primaryimage"},"image":{"@id":"https:\/\/www.kanzlei-steinwachs.de\/fr\/jugements-en-droit-du-travail\/arrets-bag-2006\/capacite-de-negociation-collective-dune-association-de-salaries\/#primaryimage"},"thumbnailUrl":"https:\/\/i0.wp.com\/www.kanzlei-steinwachs.de\/wp-content\/uploads\/2023\/11\/Bundesarbeitsgericht_Urteile_2006.webp?fit=200%2C100&quality=20&ssl=1","datePublished":"2023-11-20T09:34:13+00:00","dateModified":"2023-12-02T03:30:12+00:00","description":"Rechtsanwaltskanzlei f\u00fcr Arbeitsrecht, Arzthaftung, Mietrecht, Gewerbemietrecht ,Gastronomierecht, Immobilienrecht, Schadensersatz Yachtrecht","breadcrumb":{"@id":"https:\/\/www.kanzlei-steinwachs.de\/fr\/jugements-en-droit-du-travail\/arrets-bag-2006\/capacite-de-negociation-collective-dune-association-de-salaries\/#breadcrumb"},"inLanguage":"fr-FR","potentialAction":[{"@type":"ReadAction","target":["https:\/\/www.kanzlei-steinwachs.de\/fr\/jugements-en-droit-du-travail\/arrets-bag-2006\/capacite-de-negociation-collective-dune-association-de-salaries\/"]}]},{"@type":"ImageObject","inLanguage":"fr-FR","@id":"https:\/\/www.kanzlei-steinwachs.de\/fr\/jugements-en-droit-du-travail\/arrets-bag-2006\/capacite-de-negociation-collective-dune-association-de-salaries\/#primaryimage","url":"https:\/\/i0.wp.com\/www.kanzlei-steinwachs.de\/wp-content\/uploads\/2023\/11\/Bundesarbeitsgericht_Urteile_2006.webp?fit=200%2C100&quality=20&ssl=1","contentUrl":"https:\/\/i0.wp.com\/www.kanzlei-steinwachs.de\/wp-content\/uploads\/2023\/11\/Bundesarbeitsgericht_Urteile_2006.webp?fit=200%2C100&quality=20&ssl=1","width":200,"height":100,"caption":"Bundesarbeitsgericht Urteile"},{"@type":"BreadcrumbList","@id":"https:\/\/www.kanzlei-steinwachs.de\/fr\/jugements-en-droit-du-travail\/arrets-bag-2006\/capacite-de-negociation-collective-dune-association-de-salaries\/#breadcrumb","itemListElement":[{"@type":"ListItem","position":1,"name":"Jugements en droit du travail","item":"https:\/\/www.kanzlei-steinwachs.de\/fr\/jugements-en-droit-du-travail\/"},{"@type":"ListItem","position":2,"name":"Arr\u00eats BAG 2006","item":"https:\/\/www.kanzlei-steinwachs.de\/fr\/arbeitsrecht-urteile\/bag-urteile-2006\/"},{"@type":"ListItem","position":3,"name":"Capacit\u00e9 de n\u00e9gociation collective d\u2019une association de salari\u00e9s"}]},{"@type":"WebSite","@id":"https:\/\/www.kanzlei-steinwachs.de\/fr\/#website","url":"https:\/\/www.kanzlei-steinwachs.de\/fr\/","name":"Rechtsanwaltskanzlei Anwalt Hamburg Berlin Bremen Hannover L\u00fcbeck","description":"Wir leisten mehr als Recht bietet","publisher":{"@id":"https:\/\/www.kanzlei-steinwachs.de\/fr\/#organization"},"potentialAction":[{"@type":"SearchAction","target":{"@type":"EntryPoint","urlTemplate":"https:\/\/www.kanzlei-steinwachs.de\/fr\/?s={search_term_string}"},"query-input":{"@type":"PropertyValueSpecification","valueRequired":true,"valueName":"search_term_string"}}],"inLanguage":"fr-FR"},{"@type":["Organization","Place"],"@id":"https:\/\/www.kanzlei-steinwachs.de\/fr\/#organization","name":"Rechtsanwaltskanzlei Anwalt Hamburg Berlin Bremen Hannover L\u00fcbeck","url":"https:\/\/www.kanzlei-steinwachs.de\/","logo":{"@type":"ImageObject","inLanguage":"fr-FR","@id":"https:\/\/www.kanzlei-steinwachs.de\/fr\/#\/schema\/logo\/image\/","url":"https:\/\/i0.wp.com\/www.kanzlei-steinwachs.de\/wp-content\/uploads\/2023\/12\/logo.webp?fit=174%2C76&quality=80&ssl=1","contentUrl":"https:\/\/i0.wp.com\/www.kanzlei-steinwachs.de\/wp-content\/uploads\/2023\/12\/logo.webp?fit=174%2C76&quality=80&ssl=1","width":174,"height":76,"caption":"Rechtsanwaltskanzlei Anwalt Hamburg Berlin Bremen Hannover L\u00fcbeck"},"image":{"@id":"https:\/\/www.kanzlei-steinwachs.de\/fr\/#\/schema\/logo\/image\/"},"sameAs":["https:\/\/www.facebook.com\/STEINWACHSRechtsanwaltskanzlei\/","https:\/\/x.com\/rasteinwachs","https:\/\/www.instagram.com\/steinwachs_rechtsanwaelte\/","https:\/\/www.linkedin.com\/in\/stephan-steinwachs-7a270197\/","https:\/\/www.youtube.com\/channel\/UCffmodDlQx81remXm395RWA"],"telephone":[]}]}},"jetpack_sharing_enabled":true,"_links":{"self":[{"href":"https:\/\/www.kanzlei-steinwachs.de\/fr\/wp-json\/wp\/v2\/pages\/14203","targetHints":{"allow":["GET"]}}],"collection":[{"href":"https:\/\/www.kanzlei-steinwachs.de\/fr\/wp-json\/wp\/v2\/pages"}],"about":[{"href":"https:\/\/www.kanzlei-steinwachs.de\/fr\/wp-json\/wp\/v2\/types\/page"}],"author":[{"embeddable":true,"href":"https:\/\/www.kanzlei-steinwachs.de\/fr\/wp-json\/wp\/v2\/users\/1"}],"replies":[{"embeddable":true,"href":"https:\/\/www.kanzlei-steinwachs.de\/fr\/wp-json\/wp\/v2\/comments?post=14203"}],"version-history":[{"count":0,"href":"https:\/\/www.kanzlei-steinwachs.de\/fr\/wp-json\/wp\/v2\/pages\/14203\/revisions"}],"up":[{"embeddable":true,"href":"https:\/\/www.kanzlei-steinwachs.de\/fr\/wp-json\/wp\/v2\/pages\/13685"}],"wp:featuredmedia":[{"embeddable":true,"href":"https:\/\/www.kanzlei-steinwachs.de\/fr\/wp-json\/wp\/v2\/media\/10681"}],"wp:attachment":[{"href":"https:\/\/www.kanzlei-steinwachs.de\/fr\/wp-json\/wp\/v2\/media?parent=14203"}],"curies":[{"name":"wp","href":"https:\/\/api.w.org\/{rel}","templated":true}]}}