{"id":13954,"date":"2023-11-20T10:45:11","date_gmt":"2023-11-20T09:45:11","guid":{"rendered":"https:\/\/www.kanzlei-steinwachs.de\/jugements-en-droit-du-travail\/arrets-bag-2006\/couts-de-lactivite-du-comite-dentreprise\/"},"modified":"2023-12-01T07:09:06","modified_gmt":"2023-12-01T06:09:06","slug":"couts-de-lactivite-du-comite-dentreprise","status":"publish","type":"page","link":"https:\/\/www.kanzlei-steinwachs.de\/fr\/jugements-en-droit-du-travail\/arrets-bag-2006\/couts-de-lactivite-du-comite-dentreprise\/","title":{"rendered":"Co\u00fbts de l&rsquo;activit\u00e9 du comit\u00e9 d&rsquo;entreprise"},"content":{"rendered":"<div class=\"wpb-content-wrapper\"><p>[vc_row triangle_shape=\u00a0\u00bbno\u00a0\u00bb][vc_column][vc_column_text]Les frais r\u00e9sultant des activit\u00e9s du comit\u00e9 d&rsquo;entreprise sont support\u00e9s conform\u00e9ment \u00e0 l&rsquo;article 40 al. 1 BetrVG de l&#8217;employeur. Cela comprend \u00e9galement les d\u00e9penses li\u00e9es \u00e0 l&rsquo;implication n\u00e9cessaire d&rsquo;experts conform\u00e9ment \u00e0 l&rsquo;article 80, paragraphe. 3 BetrVG. Selon ce r\u00e8glement, le comit\u00e9 d&rsquo;entreprise peut &#8211; apr\u00e8s accord pr\u00e9alable avec l&#8217;employeur &#8211; faire appel \u00e0 un expert pour l&rsquo;ex\u00e9cution de ses t\u00e2ches, dans la mesure o\u00f9 cela est n\u00e9cessaire au bon accomplissement de ses t\u00e2ches. Selon une r\u00e9solution du septi\u00e8me S\u00e9nat du 16 novembre 2005 (- 7 ABR 12\/05 -), les t\u00e2ches statutaires du comit\u00e9 d&rsquo;entreprise selon l&rsquo;article 80 al. 1 n\u00b0 1 BetrVG doit \u00e9galement contr\u00f4ler la compatibilit\u00e9 des dispositions contenues dans les contrats de travail types avec les exigences de la loi sur la preuve et avec la loi des conditions g\u00e9n\u00e9rales.<\/p>\n<p>Le droit de contr\u00f4le ne comprend pas un contr\u00f4le d&rsquo;opportunit\u00e9, mais seulement un contr\u00f4le juridique des clauses contractuelles contenues dans les formulaires des contrats de travail. Elle se limite \u00e0 v\u00e9rifier si, de l&rsquo;avis d&rsquo;un tiers objectif, il existe une probabilit\u00e9 \u00e9crasante que les clauses contractuelles existantes r\u00e9pondent aux exigences fix\u00e9es par la loi et la jurisprudence pertinente de la Cour supr\u00eame. En l\u2019absence de d\u00e9cisions de la Cour supr\u00eame, la jurisprudence ant\u00e9rieure des juridictions inf\u00e9rieures doit \u00eatre prise en compte. Si cela fait \u00e9galement d\u00e9faut, l&rsquo;\u00e9valuation doit \u00eatre effectu\u00e9e en tenant compte des opinions exprim\u00e9es dans la litt\u00e9rature sur le droit du travail.<\/p>\n<p>L&rsquo;intervention d&rsquo;un expert pour cet examen n&rsquo;est n\u00e9cessaire que si le comit\u00e9 d&rsquo;entreprise utilise au pr\u00e9alable toutes les sources de connaissances dont il dispose pour acqu\u00e9rir les connaissances n\u00e9cessaires. Le comit\u00e9 d&rsquo;entreprise doit d&rsquo;abord demander des \u00e9claircissements \u00e0 l&#8217;employeur sur les questions ouvertes et profiter des opportunit\u00e9s offertes par l&#8217;employeur pour obtenir des informations aupr\u00e8s de sp\u00e9cialistes de l&rsquo;entreprise ou de l&rsquo;entreprise. En ce qui concerne le contenu des contrats de travail formels, cela ressort clairement de l&rsquo;article 80 al. 1 n\u00b0 1 BetrVG du comit\u00e9 d&rsquo;entreprise suffit s&rsquo;il peut reconna\u00eetre, sur la base de sa propre connaissance ou de celle fournie par l&#8217;employeur, que les clauses contractuelles sont au moins consid\u00e9r\u00e9es comme justifiables.[\/vc_column_text][\/vc_column][\/vc_row]<\/p>\n<\/div>","protected":false},"excerpt":{"rendered":"<p>[vc_row triangle_shape=\u00a0\u00bbno\u00a0\u00bb][vc_column][vc_column_text]Les frais r\u00e9sultant des activit\u00e9s du comit\u00e9 d&rsquo;entreprise sont support\u00e9s conform\u00e9ment \u00e0 l&rsquo;article 40 al. 1 BetrVG de l&#8217;employeur. Cela comprend \u00e9galement les d\u00e9penses li\u00e9es \u00e0 l&rsquo;implication n\u00e9cessaire d&rsquo;experts conform\u00e9ment \u00e0 l&rsquo;article 80, paragraphe. 3 BetrVG. Selon ce r\u00e8glement, le comit\u00e9 d&rsquo;entreprise peut &#8211; apr\u00e8s accord pr\u00e9alable avec l&#8217;employeur &#8211; faire appel \u00e0 un expert pour l&rsquo;ex\u00e9cution de ses t\u00e2ches, dans la mesure o\u00f9 cela est n\u00e9cessaire au bon accomplissement de ses t\u00e2ches. Selon une r\u00e9solution du septi\u00e8me S\u00e9nat du 16 novembre 2005 (- 7 ABR 12\/05 -), les t\u00e2ches statutaires du comit\u00e9 d&rsquo;entreprise selon l&rsquo;article 80 al. 1&#8230;<\/p>\n","protected":false},"author":1,"featured_media":10681,"parent":13685,"menu_order":0,"comment_status":"closed","ping_status":"closed","template":"","meta":{"footnotes":""},"class_list":["post-13954","page","type-page","status-publish","has-post-thumbnail","hentry"],"yoast_head":"<!-- This site is optimized with the Yoast SEO Premium plugin v27.2 (Yoast SEO v27.5) - https:\/\/yoast.com\/product\/yoast-seo-premium-wordpress\/ -->\n<title>Rechtsanwaltskanzlei in Hamburg Berlin Bremen Hannover L\u00fcbeck<\/title>\n<meta name=\"description\" content=\"Rechtsanwaltskanzlei f\u00fcr Arbeitsrecht, Arzthaftung, Mietrecht, Gewerbemietrecht ,Gastronomierecht, Immobilienrecht, Schadensersatz Yachtrecht\" \/>\n<meta name=\"robots\" content=\"index, follow, max-snippet:-1, max-image-preview:large, max-video-preview:-1\" \/>\n<link rel=\"canonical\" href=\"https:\/\/www.kanzlei-steinwachs.de\/fr\/jugements-en-droit-du-travail\/arrets-bag-2006\/couts-de-lactivite-du-comite-dentreprise\/\" \/>\n<meta property=\"og:locale\" content=\"fr_FR\" \/>\n<meta property=\"og:type\" content=\"article\" \/>\n<meta property=\"og:title\" content=\"Rechtsanwaltskanzlei in Hamburg Berlin Bremen Hannover L\u00fcbeck\" \/>\n<meta property=\"og:description\" content=\"Rechtsanwaltskanzlei f\u00fcr Arbeitsrecht, Arzthaftung, Mietrecht, Gewerbemietrecht ,Gastronomierecht, Immobilienrecht, Schadensersatz Yachtrecht\" \/>\n<meta property=\"og:url\" content=\"https:\/\/www.kanzlei-steinwachs.de\/fr\/jugements-en-droit-du-travail\/arrets-bag-2006\/couts-de-lactivite-du-comite-dentreprise\/\" \/>\n<meta property=\"og:site_name\" content=\"Rechtsanwaltskanzlei Anwalt Hamburg Berlin Bremen Hannover L\u00fcbeck\" \/>\n<meta property=\"article:publisher\" content=\"https:\/\/www.facebook.com\/STEINWACHSRechtsanwaltskanzlei\/\" \/>\n<meta property=\"article:modified_time\" content=\"2023-12-01T06:09:06+00:00\" \/>\n<meta name=\"twitter:card\" content=\"summary_large_image\" \/>\n<meta name=\"twitter:site\" content=\"@rasteinwachs\" \/>\n<meta name=\"twitter:label1\" content=\"Dur\u00e9e de lecture estim\u00e9e\" \/>\n\t<meta name=\"twitter:data1\" content=\"2 minutes\" \/>\n<script type=\"application\/ld+json\" class=\"yoast-schema-graph\">{\"@context\":\"https:\\\/\\\/schema.org\",\"@graph\":[{\"@type\":\"WebPage\",\"@id\":\"https:\\\/\\\/www.kanzlei-steinwachs.de\\\/fr\\\/jugements-en-droit-du-travail\\\/arrets-bag-2006\\\/couts-de-lactivite-du-comite-dentreprise\\\/\",\"url\":\"https:\\\/\\\/www.kanzlei-steinwachs.de\\\/fr\\\/jugements-en-droit-du-travail\\\/arrets-bag-2006\\\/couts-de-lactivite-du-comite-dentreprise\\\/\",\"name\":\"Rechtsanwaltskanzlei in Hamburg Berlin Bremen Hannover L\u00fcbeck\",\"isPartOf\":{\"@id\":\"https:\\\/\\\/www.kanzlei-steinwachs.de\\\/fr\\\/#website\"},\"primaryImageOfPage\":{\"@id\":\"https:\\\/\\\/www.kanzlei-steinwachs.de\\\/fr\\\/jugements-en-droit-du-travail\\\/arrets-bag-2006\\\/couts-de-lactivite-du-comite-dentreprise\\\/#primaryimage\"},\"image\":{\"@id\":\"https:\\\/\\\/www.kanzlei-steinwachs.de\\\/fr\\\/jugements-en-droit-du-travail\\\/arrets-bag-2006\\\/couts-de-lactivite-du-comite-dentreprise\\\/#primaryimage\"},\"thumbnailUrl\":\"https:\\\/\\\/i0.wp.com\\\/www.kanzlei-steinwachs.de\\\/wp-content\\\/uploads\\\/2023\\\/11\\\/Bundesarbeitsgericht_Urteile_2006.webp?fit=200%2C100&quality=20&ssl=1\",\"datePublished\":\"2023-11-20T09:45:11+00:00\",\"dateModified\":\"2023-12-01T06:09:06+00:00\",\"description\":\"Rechtsanwaltskanzlei f\u00fcr Arbeitsrecht, Arzthaftung, Mietrecht, Gewerbemietrecht ,Gastronomierecht, Immobilienrecht, Schadensersatz Yachtrecht\",\"breadcrumb\":{\"@id\":\"https:\\\/\\\/www.kanzlei-steinwachs.de\\\/fr\\\/jugements-en-droit-du-travail\\\/arrets-bag-2006\\\/couts-de-lactivite-du-comite-dentreprise\\\/#breadcrumb\"},\"inLanguage\":\"fr-FR\",\"potentialAction\":[{\"@type\":\"ReadAction\",\"target\":[\"https:\\\/\\\/www.kanzlei-steinwachs.de\\\/fr\\\/jugements-en-droit-du-travail\\\/arrets-bag-2006\\\/couts-de-lactivite-du-comite-dentreprise\\\/\"]}]},{\"@type\":\"ImageObject\",\"inLanguage\":\"fr-FR\",\"@id\":\"https:\\\/\\\/www.kanzlei-steinwachs.de\\\/fr\\\/jugements-en-droit-du-travail\\\/arrets-bag-2006\\\/couts-de-lactivite-du-comite-dentreprise\\\/#primaryimage\",\"url\":\"https:\\\/\\\/i0.wp.com\\\/www.kanzlei-steinwachs.de\\\/wp-content\\\/uploads\\\/2023\\\/11\\\/Bundesarbeitsgericht_Urteile_2006.webp?fit=200%2C100&quality=20&ssl=1\",\"contentUrl\":\"https:\\\/\\\/i0.wp.com\\\/www.kanzlei-steinwachs.de\\\/wp-content\\\/uploads\\\/2023\\\/11\\\/Bundesarbeitsgericht_Urteile_2006.webp?fit=200%2C100&quality=20&ssl=1\",\"width\":200,\"height\":100,\"caption\":\"Bundesarbeitsgericht Urteile\"},{\"@type\":\"BreadcrumbList\",\"@id\":\"https:\\\/\\\/www.kanzlei-steinwachs.de\\\/fr\\\/jugements-en-droit-du-travail\\\/arrets-bag-2006\\\/couts-de-lactivite-du-comite-dentreprise\\\/#breadcrumb\",\"itemListElement\":[{\"@type\":\"ListItem\",\"position\":1,\"name\":\"Jugements en droit du travail\",\"item\":\"https:\\\/\\\/www.kanzlei-steinwachs.de\\\/fr\\\/jugements-en-droit-du-travail\\\/\"},{\"@type\":\"ListItem\",\"position\":2,\"name\":\"Arr\u00eats BAG 2006\",\"item\":\"https:\\\/\\\/www.kanzlei-steinwachs.de\\\/fr\\\/arbeitsrecht-urteile\\\/bag-urteile-2006\\\/\"},{\"@type\":\"ListItem\",\"position\":3,\"name\":\"Co\u00fbts de l&#8217;activit\u00e9 du comit\u00e9 d&#8217;entreprise\"}]},{\"@type\":\"WebSite\",\"@id\":\"https:\\\/\\\/www.kanzlei-steinwachs.de\\\/fr\\\/#website\",\"url\":\"https:\\\/\\\/www.kanzlei-steinwachs.de\\\/fr\\\/\",\"name\":\"Rechtsanwaltskanzlei Anwalt Hamburg Berlin Bremen Hannover L\u00fcbeck\",\"description\":\"Wir leisten mehr als Recht bietet\",\"publisher\":{\"@id\":\"https:\\\/\\\/www.kanzlei-steinwachs.de\\\/fr\\\/#organization\"},\"potentialAction\":[{\"@type\":\"SearchAction\",\"target\":{\"@type\":\"EntryPoint\",\"urlTemplate\":\"https:\\\/\\\/www.kanzlei-steinwachs.de\\\/fr\\\/?s={search_term_string}\"},\"query-input\":{\"@type\":\"PropertyValueSpecification\",\"valueRequired\":true,\"valueName\":\"search_term_string\"}}],\"inLanguage\":\"fr-FR\"},{\"@type\":[\"Organization\",\"Place\"],\"@id\":\"https:\\\/\\\/www.kanzlei-steinwachs.de\\\/fr\\\/#organization\",\"name\":\"Rechtsanwaltskanzlei Anwalt Hamburg Berlin Bremen Hannover L\u00fcbeck\",\"url\":\"https:\\\/\\\/www.kanzlei-steinwachs.de\\\/\",\"logo\":{\"@type\":\"ImageObject\",\"inLanguage\":\"fr-FR\",\"@id\":\"https:\\\/\\\/www.kanzlei-steinwachs.de\\\/fr\\\/#\\\/schema\\\/logo\\\/image\\\/\",\"url\":\"https:\\\/\\\/i0.wp.com\\\/www.kanzlei-steinwachs.de\\\/wp-content\\\/uploads\\\/2023\\\/12\\\/logo.webp?fit=174%2C76&quality=80&ssl=1\",\"contentUrl\":\"https:\\\/\\\/i0.wp.com\\\/www.kanzlei-steinwachs.de\\\/wp-content\\\/uploads\\\/2023\\\/12\\\/logo.webp?fit=174%2C76&quality=80&ssl=1\",\"width\":174,\"height\":76,\"caption\":\"Rechtsanwaltskanzlei Anwalt Hamburg Berlin Bremen Hannover L\u00fcbeck\"},\"image\":{\"@id\":\"https:\\\/\\\/www.kanzlei-steinwachs.de\\\/fr\\\/#\\\/schema\\\/logo\\\/image\\\/\"},\"sameAs\":[\"https:\\\/\\\/www.facebook.com\\\/STEINWACHSRechtsanwaltskanzlei\\\/\",\"https:\\\/\\\/x.com\\\/rasteinwachs\",\"https:\\\/\\\/www.instagram.com\\\/steinwachs_rechtsanwaelte\\\/\",\"https:\\\/\\\/www.linkedin.com\\\/in\\\/stephan-steinwachs-7a270197\\\/\",\"https:\\\/\\\/www.youtube.com\\\/channel\\\/UCffmodDlQx81remXm395RWA\"],\"telephone\":[]}]}<\/script>\n<!-- \/ Yoast SEO Premium plugin. -->","yoast_head_json":{"title":"Rechtsanwaltskanzlei in Hamburg Berlin Bremen Hannover L\u00fcbeck","description":"Rechtsanwaltskanzlei f\u00fcr Arbeitsrecht, Arzthaftung, Mietrecht, Gewerbemietrecht ,Gastronomierecht, Immobilienrecht, Schadensersatz Yachtrecht","robots":{"index":"index","follow":"follow","max-snippet":"max-snippet:-1","max-image-preview":"max-image-preview:large","max-video-preview":"max-video-preview:-1"},"canonical":"https:\/\/www.kanzlei-steinwachs.de\/fr\/jugements-en-droit-du-travail\/arrets-bag-2006\/couts-de-lactivite-du-comite-dentreprise\/","og_locale":"fr_FR","og_type":"article","og_title":"Rechtsanwaltskanzlei in Hamburg Berlin Bremen Hannover L\u00fcbeck","og_description":"Rechtsanwaltskanzlei f\u00fcr Arbeitsrecht, Arzthaftung, Mietrecht, Gewerbemietrecht ,Gastronomierecht, Immobilienrecht, Schadensersatz Yachtrecht","og_url":"https:\/\/www.kanzlei-steinwachs.de\/fr\/jugements-en-droit-du-travail\/arrets-bag-2006\/couts-de-lactivite-du-comite-dentreprise\/","og_site_name":"Rechtsanwaltskanzlei Anwalt Hamburg Berlin Bremen Hannover L\u00fcbeck","article_publisher":"https:\/\/www.facebook.com\/STEINWACHSRechtsanwaltskanzlei\/","article_modified_time":"2023-12-01T06:09:06+00:00","twitter_card":"summary_large_image","twitter_site":"@rasteinwachs","twitter_misc":{"Dur\u00e9e de lecture estim\u00e9e":"2 minutes"},"schema":{"@context":"https:\/\/schema.org","@graph":[{"@type":"WebPage","@id":"https:\/\/www.kanzlei-steinwachs.de\/fr\/jugements-en-droit-du-travail\/arrets-bag-2006\/couts-de-lactivite-du-comite-dentreprise\/","url":"https:\/\/www.kanzlei-steinwachs.de\/fr\/jugements-en-droit-du-travail\/arrets-bag-2006\/couts-de-lactivite-du-comite-dentreprise\/","name":"Rechtsanwaltskanzlei in Hamburg Berlin Bremen Hannover L\u00fcbeck","isPartOf":{"@id":"https:\/\/www.kanzlei-steinwachs.de\/fr\/#website"},"primaryImageOfPage":{"@id":"https:\/\/www.kanzlei-steinwachs.de\/fr\/jugements-en-droit-du-travail\/arrets-bag-2006\/couts-de-lactivite-du-comite-dentreprise\/#primaryimage"},"image":{"@id":"https:\/\/www.kanzlei-steinwachs.de\/fr\/jugements-en-droit-du-travail\/arrets-bag-2006\/couts-de-lactivite-du-comite-dentreprise\/#primaryimage"},"thumbnailUrl":"https:\/\/i0.wp.com\/www.kanzlei-steinwachs.de\/wp-content\/uploads\/2023\/11\/Bundesarbeitsgericht_Urteile_2006.webp?fit=200%2C100&quality=20&ssl=1","datePublished":"2023-11-20T09:45:11+00:00","dateModified":"2023-12-01T06:09:06+00:00","description":"Rechtsanwaltskanzlei f\u00fcr Arbeitsrecht, Arzthaftung, Mietrecht, Gewerbemietrecht ,Gastronomierecht, Immobilienrecht, Schadensersatz Yachtrecht","breadcrumb":{"@id":"https:\/\/www.kanzlei-steinwachs.de\/fr\/jugements-en-droit-du-travail\/arrets-bag-2006\/couts-de-lactivite-du-comite-dentreprise\/#breadcrumb"},"inLanguage":"fr-FR","potentialAction":[{"@type":"ReadAction","target":["https:\/\/www.kanzlei-steinwachs.de\/fr\/jugements-en-droit-du-travail\/arrets-bag-2006\/couts-de-lactivite-du-comite-dentreprise\/"]}]},{"@type":"ImageObject","inLanguage":"fr-FR","@id":"https:\/\/www.kanzlei-steinwachs.de\/fr\/jugements-en-droit-du-travail\/arrets-bag-2006\/couts-de-lactivite-du-comite-dentreprise\/#primaryimage","url":"https:\/\/i0.wp.com\/www.kanzlei-steinwachs.de\/wp-content\/uploads\/2023\/11\/Bundesarbeitsgericht_Urteile_2006.webp?fit=200%2C100&quality=20&ssl=1","contentUrl":"https:\/\/i0.wp.com\/www.kanzlei-steinwachs.de\/wp-content\/uploads\/2023\/11\/Bundesarbeitsgericht_Urteile_2006.webp?fit=200%2C100&quality=20&ssl=1","width":200,"height":100,"caption":"Bundesarbeitsgericht Urteile"},{"@type":"BreadcrumbList","@id":"https:\/\/www.kanzlei-steinwachs.de\/fr\/jugements-en-droit-du-travail\/arrets-bag-2006\/couts-de-lactivite-du-comite-dentreprise\/#breadcrumb","itemListElement":[{"@type":"ListItem","position":1,"name":"Jugements en droit du travail","item":"https:\/\/www.kanzlei-steinwachs.de\/fr\/jugements-en-droit-du-travail\/"},{"@type":"ListItem","position":2,"name":"Arr\u00eats BAG 2006","item":"https:\/\/www.kanzlei-steinwachs.de\/fr\/arbeitsrecht-urteile\/bag-urteile-2006\/"},{"@type":"ListItem","position":3,"name":"Co\u00fbts de l&#8217;activit\u00e9 du comit\u00e9 d&#8217;entreprise"}]},{"@type":"WebSite","@id":"https:\/\/www.kanzlei-steinwachs.de\/fr\/#website","url":"https:\/\/www.kanzlei-steinwachs.de\/fr\/","name":"Rechtsanwaltskanzlei Anwalt Hamburg Berlin Bremen Hannover L\u00fcbeck","description":"Wir leisten mehr als Recht bietet","publisher":{"@id":"https:\/\/www.kanzlei-steinwachs.de\/fr\/#organization"},"potentialAction":[{"@type":"SearchAction","target":{"@type":"EntryPoint","urlTemplate":"https:\/\/www.kanzlei-steinwachs.de\/fr\/?s={search_term_string}"},"query-input":{"@type":"PropertyValueSpecification","valueRequired":true,"valueName":"search_term_string"}}],"inLanguage":"fr-FR"},{"@type":["Organization","Place"],"@id":"https:\/\/www.kanzlei-steinwachs.de\/fr\/#organization","name":"Rechtsanwaltskanzlei Anwalt Hamburg Berlin Bremen Hannover L\u00fcbeck","url":"https:\/\/www.kanzlei-steinwachs.de\/","logo":{"@type":"ImageObject","inLanguage":"fr-FR","@id":"https:\/\/www.kanzlei-steinwachs.de\/fr\/#\/schema\/logo\/image\/","url":"https:\/\/i0.wp.com\/www.kanzlei-steinwachs.de\/wp-content\/uploads\/2023\/12\/logo.webp?fit=174%2C76&quality=80&ssl=1","contentUrl":"https:\/\/i0.wp.com\/www.kanzlei-steinwachs.de\/wp-content\/uploads\/2023\/12\/logo.webp?fit=174%2C76&quality=80&ssl=1","width":174,"height":76,"caption":"Rechtsanwaltskanzlei Anwalt Hamburg Berlin Bremen Hannover L\u00fcbeck"},"image":{"@id":"https:\/\/www.kanzlei-steinwachs.de\/fr\/#\/schema\/logo\/image\/"},"sameAs":["https:\/\/www.facebook.com\/STEINWACHSRechtsanwaltskanzlei\/","https:\/\/x.com\/rasteinwachs","https:\/\/www.instagram.com\/steinwachs_rechtsanwaelte\/","https:\/\/www.linkedin.com\/in\/stephan-steinwachs-7a270197\/","https:\/\/www.youtube.com\/channel\/UCffmodDlQx81remXm395RWA"],"telephone":[]}]}},"jetpack_sharing_enabled":true,"_links":{"self":[{"href":"https:\/\/www.kanzlei-steinwachs.de\/fr\/wp-json\/wp\/v2\/pages\/13954","targetHints":{"allow":["GET"]}}],"collection":[{"href":"https:\/\/www.kanzlei-steinwachs.de\/fr\/wp-json\/wp\/v2\/pages"}],"about":[{"href":"https:\/\/www.kanzlei-steinwachs.de\/fr\/wp-json\/wp\/v2\/types\/page"}],"author":[{"embeddable":true,"href":"https:\/\/www.kanzlei-steinwachs.de\/fr\/wp-json\/wp\/v2\/users\/1"}],"replies":[{"embeddable":true,"href":"https:\/\/www.kanzlei-steinwachs.de\/fr\/wp-json\/wp\/v2\/comments?post=13954"}],"version-history":[{"count":0,"href":"https:\/\/www.kanzlei-steinwachs.de\/fr\/wp-json\/wp\/v2\/pages\/13954\/revisions"}],"up":[{"embeddable":true,"href":"https:\/\/www.kanzlei-steinwachs.de\/fr\/wp-json\/wp\/v2\/pages\/13685"}],"wp:featuredmedia":[{"embeddable":true,"href":"https:\/\/www.kanzlei-steinwachs.de\/fr\/wp-json\/wp\/v2\/media\/10681"}],"wp:attachment":[{"href":"https:\/\/www.kanzlei-steinwachs.de\/fr\/wp-json\/wp\/v2\/media?parent=13954"}],"curies":[{"name":"wp","href":"https:\/\/api.w.org\/{rel}","templated":true}]}}