{"id":13685,"date":"2023-11-20T07:52:58","date_gmt":"2023-11-20T06:52:58","guid":{"rendered":"https:\/\/www.kanzlei-steinwachs.de\/jugements-en-droit-du-travail\/arrets-bag-2006\/"},"modified":"2023-11-29T11:23:53","modified_gmt":"2023-11-29T10:23:53","slug":"arrets-bag-2006","status":"publish","type":"page","link":"https:\/\/www.kanzlei-steinwachs.de\/fr\/jugements-en-droit-du-travail\/arrets-bag-2006\/","title":{"rendered":"Arr\u00eats BAG 2006"},"content":{"rendered":"<div class=\"wpb-content-wrapper\"><p>[vc_row triangle_shape=\u00a0\u00bbno\u00a0\u00bb][vc_column width=\u00a0\u00bb1\/2&Prime;][vc_column_text]<\/p>\n<h3>A. Droit de la relation de travail<\/h3>\n<p><strong>I.Conditions de travail<\/strong><\/p>\n<ul>\n<li>1.  <a title=\"sac-jugments-2006 heures de travail\" href=\"https:\/\/www.kanzlei-steinwachs.de\/arbeitsrecht-urteile\/bag-urteile-2006\/arbeitszeit\" target=\"_blank\" rel=\"noopener\"> heures d&rsquo;ouverture<\/a><\/li>\n<li>2. <a title=\"bag-jugments-2006 droit au travail \u00e0 temps partiel\" href=\"https:\/\/www.kanzlei-steinwachs.de\/arbeitsrecht-urteile\/bag-urteile-2006\/anspruch-auf-teilzeitarbeit\" target=\"_blank\" rel=\"noopener\">Droit au travail \u00e0 temps partiel<\/a><\/li>\n<li>3. <a title=\"bag-jugments-2006 changement-de-conditions-de-travail\" href=\"https:\/\/www.kanzlei-steinwachs.de\/arbeitsrecht-urteile\/bag-urteile-2006\/aenderung-von-arbeitsbedingungen\" target=\"_blank\" rel=\"noopener\">Changement des conditions de travail<\/a><\/li>\n<\/ul>\n<p><strong>II. Cr\u00e9ances d\u00e9coulant de la relation de travail<\/strong><\/p>\n<ul>\n<li>1. <a title=\"sac-jugments-r\u00e9mun\u00e9ration 2006\" href=\"https:\/\/www.kanzlei-steinwachs.de\/arbeitsrecht-urteile\/bag-urteile-2006\/verguetung\" target=\"_blank\" rel=\"noopener\">R\u00e9mun\u00e9ration<\/a><\/li>\n<li>2. <a title=\"bag-jugments-2006 horaires de travail et r\u00e9mun\u00e9ration\" href=\"https:\/\/www.kanzlei-steinwachs.de\/arbeitsrecht-urteile\/bag-urteile-2006\/arbeitszeit-und-verguetung\" target=\"_blank\" rel=\"noopener\">Temps de travail<\/a><\/li>\n<li>3. <a title=\"bag-jugments-clause de non-concurrence 2006\" href=\"https:\/\/www.kanzlei-steinwachs.de\/arbeitsrecht-urteile\/bag-urteile-2006\/wettbewerbsverbot\" target=\"_blank\" rel=\"noopener\">Accords de non-concurrence<\/a><\/li>\n<li>4. <a title=\"sac-arr\u00eats droit du travail-arr\u00eats-2006\/retraite partielle\" href=\"https:\/\/www.kanzlei-steinwachs.de\/arbeitsrecht-urteile\/bag-urteile-2006\/altersteilzeit\" target=\"_blank\" rel=\"noopener\">Retraite partielle<\/a><\/li>\n<li>5. <a title=\"sac-jugments-2006 remboursement-des-frais-de-formation\" href=\"https:\/\/www.kanzlei-steinwachs.de\/arbeitsrecht-urteile\/bag-urteile-2006\/ruckzahlung-von-ausbildungskosten\" target=\"_blank\" rel=\"noopener\">Remboursement des frais de formation<\/a><\/li>\n<li>6. <a title=\"sac-jugements-2006 dommages et int\u00e9r\u00eats\" href=\"https:\/\/www.kanzlei-steinwachs.de\/arbeitsrecht-urteile\/bag-urteile-2006\/schadensersatz\" target=\"_blank\" rel=\"noopener\">Dommages<\/a><\/li>\n<li>7. <a title=\"bag-jugments-2006 responsabilit\u00e9 manag\u00e9riale\" href=\"https:\/\/www.kanzlei-steinwachs.de\/arbeitsrecht-urteile\/bag-urteile-2006\/geschaftsfuhrerhaftung\" target=\"_blank\" rel=\"noopener\">Responsabilit\u00e9 du dirigeant<\/a><\/li>\n<li>8. <a title=\"bag-jugments-2006 responsabilit\u00e9 pr\u00e9liminaire\" href=\"https:\/\/www.kanzlei-steinwachs.de\/arbeitsrecht-urteile\/bag-urteile-2006\/vorgruendungshaftung\" target=\"_blank\" rel=\"noopener\">Responsabilit\u00e9 pr\u00e9alable \u00e0 la fondation<\/a><\/li>\n<li>9. <a title=\"sac-jugments-2006 obligation de publier\" href=\"https:\/\/www.kanzlei-steinwachs.de\/arbeitsrecht-urteile\/bag-urteile-2006\/herausgabepflicht\" target=\"_blank\" rel=\"noopener\">Obligation de lib\u00e9ration<\/a><\/li>\n<li>10. <a title=\"dossier personnel bag-jugments-2006\" href=\"https:\/\/www.kanzlei-steinwachs.de\/arbeitsrecht-urteile\/bag-urteile-2006\/personalakte\" target=\"_blank\" rel=\"noopener\">Dossier personnel<\/a><\/li>\n<\/ul>\n<p><strong>III. Protection contre la discrimination et promotion des opportunit\u00e9s<\/strong><br \/>\n<strong>\u00e9galit\u00e9 <\/strong><\/p>\n<ul>\n<li>1. <a title=\"sac-jugements-2006 genre\" href=\"https:\/\/www.kanzlei-steinwachs.de\/arbeitsrecht-urteile\/bag-urteile-2006\/geschlecht\" target=\"_blank\" rel=\"noopener\">Sexe<\/a><\/li>\n<li>2. <a title=\"sac-jugments-2006 handicap grave\" href=\"https:\/\/www.kanzlei-steinwachs.de\/arbeitsrecht-urteile\/bag-urteile-2006\/schwerbehinderung\" target=\"_blank\" rel=\"noopener\">Schwerbehinderung<\/a><\/li>\n<li>3<a title=\"jugements en mati\u00e8re de droit du travail\/jugements en sac 2006 \u00e2ge\" href=\"https:\/\/www.kanzlei-steinwachs.de\/arbeitsrecht-urteile\/bag-urteile-2006\/alter\" target=\"_blank\" rel=\"noopener\">.Modifier<\/a><\/li>\n<\/ul>\n<p><strong>IV. Cessation des relations de travail<\/strong><\/p>\n<ul>\n<li>1. <a title=\"accord de r\u00e9siliation de bag-jugments-2006\" href=\"https:\/\/www.kanzlei-steinwachs.de\/arbeitsrecht-urteile\/bag-urteile-2006\/aufhebungsvereinbarung\" target=\"_blank\" rel=\"noopener\">Accord de r\u00e9siliation<\/a><\/li>\n<li>2. <a title=\"d\u00e9lai des jugements-sacs-2006\" href=\"https:\/\/www.kanzlei-steinwachs.de\/arbeitsrecht-urteile\/bag-urteile-2006\/befristung\" target=\"_blank\" rel=\"noopener\">D\u00e9lai<\/a><\/li>\n<li>3. <a title=\"sac-jugments-2006 \u00e9tat de dissolution\" href=\"https:\/\/www.kanzlei-steinwachs.de\/arbeitsrecht-urteile\/bag-urteile-2006\/aufloesende-bedingung\" target=\"_blank\" rel=\"noopener\">R\u00e9solution de la condition<\/a><\/li>\n<li>4. <a title=\"sac-jugments-2006 r\u00e9siliation\" href=\"https:\/\/www.kanzlei-steinwachs.de\/arbeitsrecht-urteile\/bag-urteile-2006\/kuendigung\" target=\"_blank\" rel=\"noopener\">R\u00e9siliation<\/a><\/li>\n<li>5. <a title=\"sac-jugments-indemnit\u00e9 de d\u00e9part 2006\" href=\"https:\/\/www.kanzlei-steinwachs.de\/arbeitsrecht-urteile\/bag-urteile-2006\/abfindung\" target=\"_blank\" rel=\"noopener\">Indemnit\u00e9 de d\u00e9part \u2013 \u00ab turbo bonus \u00bb<\/a><\/li>\n<\/ul>\n<p>[\/vc_column_text][\/vc_column][vc_column width=\u00a0\u00bb1\/2&Prime;][vc_column_text]<\/p>\n<h3>B. Droit collectif du travail<\/h3>\n<p><strong>I. Droit de la n\u00e9gociation collective <\/strong><\/p>\n<ul>\n<li>1. <a title=\"sac-jugments-2006 loi sur la n\u00e9gociation collective\" href=\"https:\/\/www.kanzlei-steinwachs.de\/arbeitsrecht-urteile\/bag-urteile-2006\/tarifvertragsrecht\" target=\"_blank\" rel=\"noopener\">Loi sur la n\u00e9gociation collective<\/a><\/li>\n<li>2. <a title=\"bag-jugments-2006 comp\u00e9tence en mati\u00e8re de n\u00e9gociation collective\" href=\"https:\/\/www.kanzlei-steinwachs.de\/arbeitsrecht-urteile\/bag-urteile-2006\/tarifzustaendigkeit\" target=\"_blank\" rel=\"noopener\">Comp\u00e9tence en mati\u00e8re de n\u00e9gociation collective<\/a><\/li>\n<li>3. <a href=\"https:\/\/www.kanzlei-steinwachs.de\/arbeitsrecht-urteile\/bag-urteile-2006\/tariffahigkeit-einer-arbeitnehmervereinigung\" target=\"_blank\" rel=\"noopener\">Capacit\u00e9 de n\u00e9gociation collective d&rsquo;une association de salari\u00e9s<\/a><\/li>\n<\/ul>\n<p><strong>II. Loi constitutionnelle sur les \u0153uvres<\/strong><\/p>\n<ul>\n<li>1. <a title=\"sac-jugements-2006 cod\u00e9termination-et-participation-du-comit\u00e9-d'entreprise\" href=\"https:\/\/www.kanzlei-steinwachs.de\/arbeitsrecht-urteile\/bag-urteile-2006\/mitbestimmung-und-mitwirkung-des-betriebsrats\" target=\"_blank\" rel=\"noopener\">Cod\u00e9termination et participation du comit\u00e9 d&rsquo;entreprise<\/a><\/li>\n<li>2. <a title=\"sac-jugements-2006 responsabilit\u00e9-du-comit\u00e9-g\u00e9n\u00e9ral-d'entreprise\" href=\"https:\/\/www.kanzlei-steinwachs.de\/arbeitsrecht-urteile\/bag-urteile-2006\/zustaendigkeit-des-gesamtbetriebsrats\" target=\"_blank\" rel=\"noopener\">Responsabilit\u00e9 du comit\u00e9 g\u00e9n\u00e9ral d&rsquo;entreprise<\/a><\/li>\n<li>3. <a title=\"bag-jugments-2006 co\u00fbts-de-travail-comit\u00e9 d'adh\u00e9sion\" href=\"https:\/\/www.kanzlei-steinwachs.de\/arbeitsrecht-urteile\/bag-urteile-2006\/kosten-der-betriebsratstaetigkeit\" target=\"_blank\" rel=\"noopener\">Co\u00fbts de l&rsquo;activit\u00e9 du comit\u00e9 d&rsquo;entreprise<\/a><\/li>\n<li>4. <a title=\"bag-jugments-2006 droit d'acc\u00e8s en vertu de la loi constitutionnelle sur les entreprises\" href=\"https:\/\/www.kanzlei-steinwachs.de\/arbeitsrecht-urteile\/bag-urteile-2006\/betriebsverfassungsrechtliches-zugangsrecht\" target=\"_blank\" rel=\"noopener\">Droit d&rsquo;acc\u00e8s en vertu de la loi constitutionnelle des entreprises<\/a> <\/li>\n<li>3. <a title=\"jugements en mati\u00e8re de droit du travail\/jugements en sac 2006 droit de l'insolvabilit\u00e9\" href=\"https:\/\/www.kanzlei-steinwachs.de\/arbeitsrecht-urteile\/bag-urteile-2006\/insolvenzrecht\" target=\"_blank\" rel=\"noopener\">Droit de la faillite<\/a><\/li>\n<\/ul>\n<p>[\/vc_column_text][\/vc_column][\/vc_row][vc_row triangle_shape=\u00a0\u00bbno\u00a0\u00bb][vc_column][vc_empty_space][\/vc_column][\/vc_row]<\/p>\n<\/div>","protected":false},"excerpt":{"rendered":"<p>[vc_row triangle_shape=\u00a0\u00bbno\u00a0\u00bb][vc_column width=\u00a0\u00bb1\/2&Prime;][vc_column_text] A. Droit de la relation de travail I.Conditions de travail 1. heures d&rsquo;ouverture 2. Droit au travail \u00e0 temps partiel 3. Changement des conditions de travail II. Cr\u00e9ances d\u00e9coulant de la relation de travail 1. R\u00e9mun\u00e9ration 2. Temps de travail 3. Accords de non-concurrence 4. Retraite partielle 5. Remboursement des frais de formation 6. Dommages 7. Responsabilit\u00e9 du dirigeant 8. Responsabilit\u00e9 pr\u00e9alable \u00e0 la fondation 9. Obligation de lib\u00e9ration 10. Dossier personnel III. Protection contre la discrimination et promotion des opportunit\u00e9s \u00e9galit\u00e9 1. Sexe 2. Schwerbehinderung 3.Modifier IV. Cessation des relations de travail 1. Accord de r\u00e9siliation&#8230;<\/p>\n","protected":false},"author":1,"featured_media":10681,"parent":11541,"menu_order":0,"comment_status":"closed","ping_status":"closed","template":"","meta":{"footnotes":""},"class_list":["post-13685","page","type-page","status-publish","has-post-thumbnail","hentry"],"yoast_head":"<!-- This site is optimized with the Yoast SEO Premium plugin v27.2 (Yoast SEO v27.4) - https:\/\/yoast.com\/product\/yoast-seo-premium-wordpress\/ -->\n<title>Rechtsanwaltskanzlei in Hamburg Berlin Bremen Hannover L\u00fcbeck<\/title>\n<meta name=\"description\" content=\"Rechtsanwaltskanzlei f\u00fcr Arbeitsrecht, Arzthaftung, Mietrecht, Gewerbemietrecht ,Gastronomierecht, Immobilienrecht, Schadensersatz Yachtrecht\" \/>\n<meta name=\"robots\" content=\"index, follow, max-snippet:-1, max-image-preview:large, max-video-preview:-1\" \/>\n<link rel=\"canonical\" href=\"https:\/\/www.kanzlei-steinwachs.de\/fr\/jugements-en-droit-du-travail\/arrets-bag-2006\/\" \/>\n<meta property=\"og:locale\" content=\"fr_FR\" \/>\n<meta property=\"og:type\" content=\"article\" \/>\n<meta property=\"og:title\" content=\"Rechtsanwaltskanzlei in Hamburg Berlin Bremen Hannover L\u00fcbeck\" \/>\n<meta property=\"og:description\" content=\"Rechtsanwaltskanzlei f\u00fcr Arbeitsrecht, Arzthaftung, Mietrecht, Gewerbemietrecht ,Gastronomierecht, Immobilienrecht, Schadensersatz Yachtrecht\" \/>\n<meta property=\"og:url\" content=\"https:\/\/www.kanzlei-steinwachs.de\/fr\/jugements-en-droit-du-travail\/arrets-bag-2006\/\" \/>\n<meta property=\"og:site_name\" content=\"Rechtsanwaltskanzlei Anwalt Hamburg Berlin Bremen Hannover L\u00fcbeck\" \/>\n<meta property=\"article:publisher\" content=\"https:\/\/www.facebook.com\/STEINWACHSRechtsanwaltskanzlei\/\" \/>\n<meta property=\"article:modified_time\" content=\"2023-11-29T10:23:53+00:00\" \/>\n<meta name=\"twitter:card\" content=\"summary_large_image\" \/>\n<meta name=\"twitter:site\" content=\"@rasteinwachs\" \/>\n<meta name=\"twitter:label1\" content=\"Dur\u00e9e de lecture estim\u00e9e\" \/>\n\t<meta name=\"twitter:data1\" content=\"1 minute\" \/>\n<script type=\"application\/ld+json\" class=\"yoast-schema-graph\">{\"@context\":\"https:\\\/\\\/schema.org\",\"@graph\":[{\"@type\":\"WebPage\",\"@id\":\"https:\\\/\\\/www.kanzlei-steinwachs.de\\\/fr\\\/jugements-en-droit-du-travail\\\/arrets-bag-2006\\\/\",\"url\":\"https:\\\/\\\/www.kanzlei-steinwachs.de\\\/fr\\\/jugements-en-droit-du-travail\\\/arrets-bag-2006\\\/\",\"name\":\"Rechtsanwaltskanzlei in Hamburg Berlin Bremen Hannover L\u00fcbeck\",\"isPartOf\":{\"@id\":\"https:\\\/\\\/www.kanzlei-steinwachs.de\\\/fr\\\/#website\"},\"primaryImageOfPage\":{\"@id\":\"https:\\\/\\\/www.kanzlei-steinwachs.de\\\/fr\\\/jugements-en-droit-du-travail\\\/arrets-bag-2006\\\/#primaryimage\"},\"image\":{\"@id\":\"https:\\\/\\\/www.kanzlei-steinwachs.de\\\/fr\\\/jugements-en-droit-du-travail\\\/arrets-bag-2006\\\/#primaryimage\"},\"thumbnailUrl\":\"https:\\\/\\\/i0.wp.com\\\/www.kanzlei-steinwachs.de\\\/wp-content\\\/uploads\\\/2023\\\/11\\\/Bundesarbeitsgericht_Urteile_2006.webp?fit=200%2C100&quality=20&ssl=1\",\"datePublished\":\"2023-11-20T06:52:58+00:00\",\"dateModified\":\"2023-11-29T10:23:53+00:00\",\"description\":\"Rechtsanwaltskanzlei f\u00fcr Arbeitsrecht, Arzthaftung, Mietrecht, Gewerbemietrecht ,Gastronomierecht, Immobilienrecht, Schadensersatz Yachtrecht\",\"breadcrumb\":{\"@id\":\"https:\\\/\\\/www.kanzlei-steinwachs.de\\\/fr\\\/jugements-en-droit-du-travail\\\/arrets-bag-2006\\\/#breadcrumb\"},\"inLanguage\":\"fr-FR\",\"potentialAction\":[{\"@type\":\"ReadAction\",\"target\":[\"https:\\\/\\\/www.kanzlei-steinwachs.de\\\/fr\\\/jugements-en-droit-du-travail\\\/arrets-bag-2006\\\/\"]}]},{\"@type\":\"ImageObject\",\"inLanguage\":\"fr-FR\",\"@id\":\"https:\\\/\\\/www.kanzlei-steinwachs.de\\\/fr\\\/jugements-en-droit-du-travail\\\/arrets-bag-2006\\\/#primaryimage\",\"url\":\"https:\\\/\\\/i0.wp.com\\\/www.kanzlei-steinwachs.de\\\/wp-content\\\/uploads\\\/2023\\\/11\\\/Bundesarbeitsgericht_Urteile_2006.webp?fit=200%2C100&quality=20&ssl=1\",\"contentUrl\":\"https:\\\/\\\/i0.wp.com\\\/www.kanzlei-steinwachs.de\\\/wp-content\\\/uploads\\\/2023\\\/11\\\/Bundesarbeitsgericht_Urteile_2006.webp?fit=200%2C100&quality=20&ssl=1\",\"width\":200,\"height\":100,\"caption\":\"Bundesarbeitsgericht Urteile\"},{\"@type\":\"BreadcrumbList\",\"@id\":\"https:\\\/\\\/www.kanzlei-steinwachs.de\\\/fr\\\/jugements-en-droit-du-travail\\\/arrets-bag-2006\\\/#breadcrumb\",\"itemListElement\":[{\"@type\":\"ListItem\",\"position\":1,\"name\":\"Jugements en droit du travail\",\"item\":\"https:\\\/\\\/www.kanzlei-steinwachs.de\\\/fr\\\/jugements-en-droit-du-travail\\\/\"},{\"@type\":\"ListItem\",\"position\":2,\"name\":\"Arr\u00eats BAG 2006\"}]},{\"@type\":\"WebSite\",\"@id\":\"https:\\\/\\\/www.kanzlei-steinwachs.de\\\/fr\\\/#website\",\"url\":\"https:\\\/\\\/www.kanzlei-steinwachs.de\\\/fr\\\/\",\"name\":\"Rechtsanwaltskanzlei Anwalt Hamburg Berlin Bremen Hannover L\u00fcbeck\",\"description\":\"Wir leisten mehr als Recht bietet\",\"publisher\":{\"@id\":\"https:\\\/\\\/www.kanzlei-steinwachs.de\\\/fr\\\/#organization\"},\"potentialAction\":[{\"@type\":\"SearchAction\",\"target\":{\"@type\":\"EntryPoint\",\"urlTemplate\":\"https:\\\/\\\/www.kanzlei-steinwachs.de\\\/fr\\\/?s={search_term_string}\"},\"query-input\":{\"@type\":\"PropertyValueSpecification\",\"valueRequired\":true,\"valueName\":\"search_term_string\"}}],\"inLanguage\":\"fr-FR\"},{\"@type\":[\"Organization\",\"Place\"],\"@id\":\"https:\\\/\\\/www.kanzlei-steinwachs.de\\\/fr\\\/#organization\",\"name\":\"Rechtsanwaltskanzlei Anwalt Hamburg Berlin Bremen Hannover L\u00fcbeck\",\"url\":\"https:\\\/\\\/www.kanzlei-steinwachs.de\\\/\",\"logo\":{\"@type\":\"ImageObject\",\"inLanguage\":\"fr-FR\",\"@id\":\"https:\\\/\\\/www.kanzlei-steinwachs.de\\\/fr\\\/#\\\/schema\\\/logo\\\/image\\\/\",\"url\":\"https:\\\/\\\/i0.wp.com\\\/www.kanzlei-steinwachs.de\\\/wp-content\\\/uploads\\\/2023\\\/12\\\/logo.webp?fit=174%2C76&quality=80&ssl=1\",\"contentUrl\":\"https:\\\/\\\/i0.wp.com\\\/www.kanzlei-steinwachs.de\\\/wp-content\\\/uploads\\\/2023\\\/12\\\/logo.webp?fit=174%2C76&quality=80&ssl=1\",\"width\":174,\"height\":76,\"caption\":\"Rechtsanwaltskanzlei Anwalt Hamburg Berlin Bremen Hannover L\u00fcbeck\"},\"image\":{\"@id\":\"https:\\\/\\\/www.kanzlei-steinwachs.de\\\/fr\\\/#\\\/schema\\\/logo\\\/image\\\/\"},\"sameAs\":[\"https:\\\/\\\/www.facebook.com\\\/STEINWACHSRechtsanwaltskanzlei\\\/\",\"https:\\\/\\\/x.com\\\/rasteinwachs\",\"https:\\\/\\\/www.instagram.com\\\/steinwachs_rechtsanwaelte\\\/\",\"https:\\\/\\\/www.linkedin.com\\\/in\\\/stephan-steinwachs-7a270197\\\/\",\"https:\\\/\\\/www.youtube.com\\\/channel\\\/UCffmodDlQx81remXm395RWA\"],\"telephone\":[]}]}<\/script>\n<!-- \/ Yoast SEO Premium plugin. -->","yoast_head_json":{"title":"Rechtsanwaltskanzlei in Hamburg Berlin Bremen Hannover L\u00fcbeck","description":"Rechtsanwaltskanzlei f\u00fcr Arbeitsrecht, Arzthaftung, Mietrecht, Gewerbemietrecht ,Gastronomierecht, Immobilienrecht, Schadensersatz Yachtrecht","robots":{"index":"index","follow":"follow","max-snippet":"max-snippet:-1","max-image-preview":"max-image-preview:large","max-video-preview":"max-video-preview:-1"},"canonical":"https:\/\/www.kanzlei-steinwachs.de\/fr\/jugements-en-droit-du-travail\/arrets-bag-2006\/","og_locale":"fr_FR","og_type":"article","og_title":"Rechtsanwaltskanzlei in Hamburg Berlin Bremen Hannover L\u00fcbeck","og_description":"Rechtsanwaltskanzlei f\u00fcr Arbeitsrecht, Arzthaftung, Mietrecht, Gewerbemietrecht ,Gastronomierecht, Immobilienrecht, Schadensersatz Yachtrecht","og_url":"https:\/\/www.kanzlei-steinwachs.de\/fr\/jugements-en-droit-du-travail\/arrets-bag-2006\/","og_site_name":"Rechtsanwaltskanzlei Anwalt Hamburg Berlin Bremen Hannover L\u00fcbeck","article_publisher":"https:\/\/www.facebook.com\/STEINWACHSRechtsanwaltskanzlei\/","article_modified_time":"2023-11-29T10:23:53+00:00","twitter_card":"summary_large_image","twitter_site":"@rasteinwachs","twitter_misc":{"Dur\u00e9e de lecture estim\u00e9e":"1 minute"},"schema":{"@context":"https:\/\/schema.org","@graph":[{"@type":"WebPage","@id":"https:\/\/www.kanzlei-steinwachs.de\/fr\/jugements-en-droit-du-travail\/arrets-bag-2006\/","url":"https:\/\/www.kanzlei-steinwachs.de\/fr\/jugements-en-droit-du-travail\/arrets-bag-2006\/","name":"Rechtsanwaltskanzlei in Hamburg Berlin Bremen Hannover L\u00fcbeck","isPartOf":{"@id":"https:\/\/www.kanzlei-steinwachs.de\/fr\/#website"},"primaryImageOfPage":{"@id":"https:\/\/www.kanzlei-steinwachs.de\/fr\/jugements-en-droit-du-travail\/arrets-bag-2006\/#primaryimage"},"image":{"@id":"https:\/\/www.kanzlei-steinwachs.de\/fr\/jugements-en-droit-du-travail\/arrets-bag-2006\/#primaryimage"},"thumbnailUrl":"https:\/\/i0.wp.com\/www.kanzlei-steinwachs.de\/wp-content\/uploads\/2023\/11\/Bundesarbeitsgericht_Urteile_2006.webp?fit=200%2C100&quality=20&ssl=1","datePublished":"2023-11-20T06:52:58+00:00","dateModified":"2023-11-29T10:23:53+00:00","description":"Rechtsanwaltskanzlei f\u00fcr Arbeitsrecht, Arzthaftung, Mietrecht, Gewerbemietrecht ,Gastronomierecht, Immobilienrecht, Schadensersatz Yachtrecht","breadcrumb":{"@id":"https:\/\/www.kanzlei-steinwachs.de\/fr\/jugements-en-droit-du-travail\/arrets-bag-2006\/#breadcrumb"},"inLanguage":"fr-FR","potentialAction":[{"@type":"ReadAction","target":["https:\/\/www.kanzlei-steinwachs.de\/fr\/jugements-en-droit-du-travail\/arrets-bag-2006\/"]}]},{"@type":"ImageObject","inLanguage":"fr-FR","@id":"https:\/\/www.kanzlei-steinwachs.de\/fr\/jugements-en-droit-du-travail\/arrets-bag-2006\/#primaryimage","url":"https:\/\/i0.wp.com\/www.kanzlei-steinwachs.de\/wp-content\/uploads\/2023\/11\/Bundesarbeitsgericht_Urteile_2006.webp?fit=200%2C100&quality=20&ssl=1","contentUrl":"https:\/\/i0.wp.com\/www.kanzlei-steinwachs.de\/wp-content\/uploads\/2023\/11\/Bundesarbeitsgericht_Urteile_2006.webp?fit=200%2C100&quality=20&ssl=1","width":200,"height":100,"caption":"Bundesarbeitsgericht Urteile"},{"@type":"BreadcrumbList","@id":"https:\/\/www.kanzlei-steinwachs.de\/fr\/jugements-en-droit-du-travail\/arrets-bag-2006\/#breadcrumb","itemListElement":[{"@type":"ListItem","position":1,"name":"Jugements en droit du travail","item":"https:\/\/www.kanzlei-steinwachs.de\/fr\/jugements-en-droit-du-travail\/"},{"@type":"ListItem","position":2,"name":"Arr\u00eats BAG 2006"}]},{"@type":"WebSite","@id":"https:\/\/www.kanzlei-steinwachs.de\/fr\/#website","url":"https:\/\/www.kanzlei-steinwachs.de\/fr\/","name":"Rechtsanwaltskanzlei Anwalt Hamburg Berlin Bremen Hannover L\u00fcbeck","description":"Wir leisten mehr als Recht bietet","publisher":{"@id":"https:\/\/www.kanzlei-steinwachs.de\/fr\/#organization"},"potentialAction":[{"@type":"SearchAction","target":{"@type":"EntryPoint","urlTemplate":"https:\/\/www.kanzlei-steinwachs.de\/fr\/?s={search_term_string}"},"query-input":{"@type":"PropertyValueSpecification","valueRequired":true,"valueName":"search_term_string"}}],"inLanguage":"fr-FR"},{"@type":["Organization","Place"],"@id":"https:\/\/www.kanzlei-steinwachs.de\/fr\/#organization","name":"Rechtsanwaltskanzlei Anwalt Hamburg Berlin Bremen Hannover L\u00fcbeck","url":"https:\/\/www.kanzlei-steinwachs.de\/","logo":{"@type":"ImageObject","inLanguage":"fr-FR","@id":"https:\/\/www.kanzlei-steinwachs.de\/fr\/#\/schema\/logo\/image\/","url":"https:\/\/i0.wp.com\/www.kanzlei-steinwachs.de\/wp-content\/uploads\/2023\/12\/logo.webp?fit=174%2C76&quality=80&ssl=1","contentUrl":"https:\/\/i0.wp.com\/www.kanzlei-steinwachs.de\/wp-content\/uploads\/2023\/12\/logo.webp?fit=174%2C76&quality=80&ssl=1","width":174,"height":76,"caption":"Rechtsanwaltskanzlei Anwalt Hamburg Berlin Bremen Hannover L\u00fcbeck"},"image":{"@id":"https:\/\/www.kanzlei-steinwachs.de\/fr\/#\/schema\/logo\/image\/"},"sameAs":["https:\/\/www.facebook.com\/STEINWACHSRechtsanwaltskanzlei\/","https:\/\/x.com\/rasteinwachs","https:\/\/www.instagram.com\/steinwachs_rechtsanwaelte\/","https:\/\/www.linkedin.com\/in\/stephan-steinwachs-7a270197\/","https:\/\/www.youtube.com\/channel\/UCffmodDlQx81remXm395RWA"],"telephone":[]}]}},"jetpack_sharing_enabled":true,"_links":{"self":[{"href":"https:\/\/www.kanzlei-steinwachs.de\/fr\/wp-json\/wp\/v2\/pages\/13685","targetHints":{"allow":["GET"]}}],"collection":[{"href":"https:\/\/www.kanzlei-steinwachs.de\/fr\/wp-json\/wp\/v2\/pages"}],"about":[{"href":"https:\/\/www.kanzlei-steinwachs.de\/fr\/wp-json\/wp\/v2\/types\/page"}],"author":[{"embeddable":true,"href":"https:\/\/www.kanzlei-steinwachs.de\/fr\/wp-json\/wp\/v2\/users\/1"}],"replies":[{"embeddable":true,"href":"https:\/\/www.kanzlei-steinwachs.de\/fr\/wp-json\/wp\/v2\/comments?post=13685"}],"version-history":[{"count":0,"href":"https:\/\/www.kanzlei-steinwachs.de\/fr\/wp-json\/wp\/v2\/pages\/13685\/revisions"}],"up":[{"embeddable":true,"href":"https:\/\/www.kanzlei-steinwachs.de\/fr\/wp-json\/wp\/v2\/pages\/11541"}],"wp:featuredmedia":[{"embeddable":true,"href":"https:\/\/www.kanzlei-steinwachs.de\/fr\/wp-json\/wp\/v2\/media\/10681"}],"wp:attachment":[{"href":"https:\/\/www.kanzlei-steinwachs.de\/fr\/wp-json\/wp\/v2\/media?parent=13685"}],"curies":[{"name":"wp","href":"https:\/\/api.w.org\/{rel}","templated":true}]}}