{"id":13617,"date":"2023-11-20T07:36:41","date_gmt":"2023-11-20T06:36:41","guid":{"rendered":"https:\/\/www.kanzlei-steinwachs.de\/jugements-en-droit-du-travail\/arrets-bag-2005\/loi-sur-la-negociation-collective\/"},"modified":"2023-11-29T06:53:28","modified_gmt":"2023-11-29T05:53:28","slug":"loi-sur-la-negociation-collective","status":"publish","type":"page","link":"https:\/\/www.kanzlei-steinwachs.de\/fr\/jugements-en-droit-du-travail\/arrets-bag-2005\/loi-sur-la-negociation-collective\/","title":{"rendered":"Loi sur la n\u00e9gociation collective"},"content":{"rendered":"<div class=\"wpb-content-wrapper\"><p>[vc_row triangle_shape=\u00a0\u00bbno\u00a0\u00bb][vc_column][vc_column_text]<strong>1. Comp\u00e9tence en mati\u00e8re de n\u00e9gociation collective<\/strong><\/p>\n<p>Par r\u00e9solution du 27 septembre 2005 (- 1 ABR 41\/04 -), le Premier S\u00e9nat a d\u00e9cid\u00e9 qu&rsquo;IG Metall \u00e9tait responsable de la conclusion des conventions collectives pour les employ\u00e9s des soci\u00e9t\u00e9s IBM en Allemagne qui fournissent des services dans le domaine des technologies de l&rsquo;information. La responsabilit\u00e9 en mati\u00e8re de n\u00e9gociation collective d\u00e9pend g\u00e9n\u00e9ralement du domaine organisationnel sp\u00e9cifi\u00e9 dans les statuts d&rsquo;un syndicat. La responsabilit\u00e9 d&rsquo;IG Metall est n\u00e9e au plus tard depuis la modification des statuts de 1995, selon laquelle elle est responsable des \u00ab\u00a0entreprises&#8230; dans les secteurs de services connexes, en particulier les technologies de l&rsquo;information et de la communication et le traitement des donn\u00e9es\u00a0\u00bb. Cela ne fait pas obstacle \u00e0 la responsabilit\u00e9 du syndicat ver.di en mati\u00e8re de n\u00e9gociation collective. En principe, un syndicat peut d\u00e9terminer librement son domaine d&rsquo;organisation. Leur n\u00e9gociation collective et leur autonomie associative incluent le droit de modifier le domaine de responsabilit\u00e9 statutaire. Cela peut amener plusieurs syndicats \u00e0 revendiquer la responsabilit\u00e9 d&rsquo;un domaine nouvellement couvert. Cela ne suffit pas \u00e0 contredire la recevabilit\u00e9 de la modification des statuts. L\u2019applicabilit\u00e9 de la loi pertinente sur la n\u00e9gociation collective d\u00e9pend alors des principes de pluralit\u00e9 des n\u00e9gociations collectives et de concurrence dans les n\u00e9gociations collectives. Il ne peut \u00eatre exclu que plusieurs syndicats du DGB aient une double responsabilit\u00e9 dans le m\u00eame domaine. Cependant, IG Metall s&rsquo;est engag\u00e9 dans ses statuts \u00e0 suivre les statuts du DGB. Apr\u00e8s cela, il ne pouvait modifier son domaine d&rsquo;organisation qu&rsquo;en accord avec les syndicats concern\u00e9s du DGB et avec l&rsquo;accord du Comit\u00e9 f\u00e9d\u00e9ral du DGB. Cela manquait. N\u00e9anmoins, la violation des statuts du DGB dans les relations ext\u00e9rieures avec d&rsquo;\u00e9ventuels partenaires de n\u00e9gociation collective n&rsquo;a pas conduit \u00e0 l&rsquo;inefficacit\u00e9 du compl\u00e9ment aux statuts. Les statuts du DGB en vigueur \u00e0 l\u2019\u00e9poque ne pr\u00e9voyaient pas une telle cons\u00e9quence juridique. La responsabilit\u00e9 de n\u00e9gociation collective d&rsquo;IG Metall n&rsquo;entre pas en conflit avec un accord conclu entre IG Metall et le syndicat ver.di devant le tribunal arbitral du DGB pour \u00e9tablir une convention collective pour les op\u00e9rations et les soci\u00e9t\u00e9s d&rsquo;IBM. L&rsquo;accord n&rsquo;aborde pas express\u00e9ment la question de la responsabilit\u00e9 en mati\u00e8re de n\u00e9gociation collective. Elle r\u00e9glemente uniquement la conclusion d&rsquo;une convention collective, ce qui n&rsquo;a pas \u00e9t\u00e9 mis en pratique par la suite. Ce faisant, il suppose tacitement qu&rsquo;IG Metall et ver.di ont une responsabilit\u00e9 mutuelle en mati\u00e8re de n\u00e9gociation collective.<\/p>\n<p><strong>2. Concurrence tarifaire<\/strong><\/p>\n<p>Dans son arr\u00eat du 23 mars 2005 (- 4 AZR 203\/04 -) le Quatri\u00e8me S\u00e9nat a confirm\u00e9 qu&rsquo;il existe une concurrence en mati\u00e8re de n\u00e9gociation collective si diff\u00e9rentes conventions collectives s&rsquo;appliquent \u00e0 la m\u00eame relation de travail. La concurrence en mati\u00e8re de n\u00e9gociation collective doit \u00eatre r\u00e9solue selon le principe de l&rsquo;unit\u00e9 de n\u00e9gociation collective de telle sorte que seule la convention collective la plus sp\u00e9cifique s&rsquo;applique.<\/p>\n<p>Les conventions collectives d&rsquo;entreprise repr\u00e9sentent toujours une r\u00e9glementation plus sp\u00e9cifique que les conventions collectives d&rsquo;association. Le S\u00e9nat a en outre d\u00e9cid\u00e9 que la concurrence dans les n\u00e9gociations collectives existe \u00e9galement si, en plus d&rsquo;une convention collective g\u00e9n\u00e9ralement contraignante, une autre convention collective s&rsquo;applique \u00e0 une relation de travail par r\u00e9f\u00e9rence au contrat de travail. Une convention collective d&rsquo;entreprise qui s&rsquo;applique \u00e0 une relation de travail en vertu d&rsquo;un accord contractuel remplace donc, en tant que r\u00e9glementation plus sp\u00e9cifique, une convention collective d&rsquo;association qui s&rsquo;applique \u00e0 la relation de travail en vertu de sa validit\u00e9 g\u00e9n\u00e9rale &#8211; et est \u00e9galement mentionn\u00e9e dans le contrat &#8211; conclu par le m\u00eame syndicat. Le principe de favorabilit\u00e9 (article 4, paragraphe 3, TVG) n&rsquo;est pas applicable dans ce cas. Son application entra\u00eenerait des r\u00e9sultats incompatibles avec l&rsquo;esprit et le but de la d\u00e9claration g\u00e9n\u00e9rale, car le salari\u00e9 non syndiqu\u00e9 s&rsquo;en trouverait mieux loti qu&rsquo;un syndiqu\u00e9. Cependant, la d\u00e9claration g\u00e9n\u00e9ralement contraignante vise \u00e0 garantir l\u2019\u00e9galit\u00e9 entre les travailleurs organis\u00e9s et non syndiqu\u00e9s. L\u2019article 5 TVG doit donc \u00eatre r\u00e9duit t\u00e9l\u00e9ologiquement.<\/p>\n<p><strong>3. Liaison des parties \u00e0 la n\u00e9gociation collective aux droits fondamentaux<\/strong><\/p>\n<p>Les parties aux n\u00e9gociations collectives doivent respecter le principe g\u00e9n\u00e9ral d\u2019\u00e9galit\u00e9. Il est contest\u00e9 si cette obligation d\u00e9coule d\u2019une application directe ou seulement indirecte de l\u2019article 3 par. R\u00e9sultats 1 GG. Dans son arr\u00eat du 16 ao\u00fbt 2005 (- 9 AZR 378\/04 -), le Neuvi\u00e8me S\u00e9nat a d\u00e9cid\u00e9 que le principe d&rsquo;\u00e9galit\u00e9 &#8211; ind\u00e9pendamment de la d\u00e9rivation dogmatique &#8211; s&rsquo;applique \u00e9galement lorsque les m\u00eames parties \u00e0 la n\u00e9gociation collective r\u00e9glementent les relations juridiques des salari\u00e9s dans le m\u00eame position professionnelle dans diff\u00e9rentes conventions collectives. \u00c0 cet \u00e9gard, il s\u2019agit simplement de savoir comment les normes sont fix\u00e9es dans la pratique. Le principe d\u2019\u00e9galit\u00e9 interdit que des situations essentiellement similaires soient trait\u00e9es diff\u00e9remment sans raison objective. Le contr\u00f4le judiciaire est exerc\u00e9 par les parties \u00e0 la convention collective en vertu de l&rsquo;article 9, paragraphe 1. 3 GG limite l\u2019autonomie de n\u00e9gociation collective. Le fait qu&rsquo;une r\u00e9glementation conventionnelle soit contraire \u00e0 l&rsquo;\u00e9galit\u00e9 est d\u00e9termin\u00e9 par l&rsquo;objectif poursuivi par les parties \u00e0 la convention collective avec le service, car cela r\u00e9sulte principalement du libell\u00e9, des conditions d&rsquo;\u00e9ligibilit\u00e9 uniformis\u00e9es, des exclusions et de l&rsquo;historique de son origine. Les parties aux n\u00e9gociations collectives peuvent poursuivre plusieurs objectifs avec un seul service. Si une pension transitoire compos\u00e9e d&rsquo;une pension compl\u00e9mentaire et d&rsquo;une pension d&rsquo;incapacit\u00e9 de voler est introduite pour la premi\u00e8re fois dans une convention collective d&rsquo;entreprise, il n&rsquo;y a pas d&rsquo;objection si les parties \u00e0 la convention collective prennent en compte les co\u00fbts support\u00e9s par l&#8217;employeur lors de la conception de l&rsquo;allocation et, par cons\u00e9quent, toutes les ann\u00e9es d&#8217;emploi d\u00e9j\u00e0 accomplies ne constituent pas un motif d&rsquo;ouverture du droit.[\/vc_column_text][\/vc_column][\/vc_row][vc_row triangle_shape=\u00a0\u00bbno\u00a0\u00bb][vc_column][vc_empty_space][\/vc_column][\/vc_row]<\/p>\n<\/div>","protected":false},"excerpt":{"rendered":"<p>[vc_row triangle_shape=\u00a0\u00bbno\u00a0\u00bb][vc_column][vc_column_text]1. Comp\u00e9tence en mati\u00e8re de n\u00e9gociation collective Par r\u00e9solution du 27 septembre 2005 (- 1 ABR 41\/04 -), le Premier S\u00e9nat a d\u00e9cid\u00e9 qu&rsquo;IG Metall \u00e9tait responsable de la conclusion des conventions collectives pour les employ\u00e9s des soci\u00e9t\u00e9s IBM en Allemagne qui fournissent des services dans le domaine des technologies de l&rsquo;information. La responsabilit\u00e9 en mati\u00e8re de n\u00e9gociation collective d\u00e9pend g\u00e9n\u00e9ralement du domaine organisationnel sp\u00e9cifi\u00e9 dans les statuts d&rsquo;un syndicat. La responsabilit\u00e9 d&rsquo;IG Metall est n\u00e9e au plus tard depuis la modification des statuts de 1995, selon laquelle elle est responsable des \u00ab\u00a0entreprises&#8230; dans les secteurs de services connexes,&#8230;<\/p>\n","protected":false},"author":1,"featured_media":10674,"parent":12808,"menu_order":0,"comment_status":"closed","ping_status":"closed","template":"","meta":{"footnotes":""},"class_list":["post-13617","page","type-page","status-publish","has-post-thumbnail","hentry"],"yoast_head":"<!-- This site is optimized with the Yoast SEO Premium plugin v27.2 (Yoast SEO v27.4) - https:\/\/yoast.com\/product\/yoast-seo-premium-wordpress\/ -->\n<title>Rechtsanwaltskanzlei in Hamburg Berlin Bremen Hannover L\u00fcbeck<\/title>\n<meta name=\"description\" content=\"Rechtsanwaltskanzlei f\u00fcr Arbeitsrecht, Arzthaftung, Mietrecht, Gewerbemietrecht ,Gastronomierecht, Immobilienrecht, Schadensersatz Yachtrecht\" \/>\n<meta name=\"robots\" content=\"index, follow, max-snippet:-1, max-image-preview:large, max-video-preview:-1\" \/>\n<link rel=\"canonical\" href=\"https:\/\/www.kanzlei-steinwachs.de\/fr\/jugements-en-droit-du-travail\/arrets-bag-2005\/loi-sur-la-negociation-collective\/\" \/>\n<meta property=\"og:locale\" content=\"fr_FR\" \/>\n<meta property=\"og:type\" content=\"article\" \/>\n<meta property=\"og:title\" content=\"Rechtsanwaltskanzlei in Hamburg Berlin Bremen Hannover L\u00fcbeck\" \/>\n<meta property=\"og:description\" content=\"Rechtsanwaltskanzlei f\u00fcr Arbeitsrecht, Arzthaftung, Mietrecht, Gewerbemietrecht ,Gastronomierecht, Immobilienrecht, Schadensersatz Yachtrecht\" \/>\n<meta property=\"og:url\" content=\"https:\/\/www.kanzlei-steinwachs.de\/fr\/jugements-en-droit-du-travail\/arrets-bag-2005\/loi-sur-la-negociation-collective\/\" \/>\n<meta property=\"og:site_name\" content=\"Rechtsanwaltskanzlei Anwalt Hamburg Berlin Bremen Hannover L\u00fcbeck\" \/>\n<meta property=\"article:publisher\" content=\"https:\/\/www.facebook.com\/STEINWACHSRechtsanwaltskanzlei\/\" \/>\n<meta property=\"article:modified_time\" content=\"2023-11-29T05:53:28+00:00\" \/>\n<meta name=\"twitter:card\" content=\"summary_large_image\" \/>\n<meta name=\"twitter:site\" content=\"@rasteinwachs\" \/>\n<meta name=\"twitter:label1\" content=\"Dur\u00e9e de lecture estim\u00e9e\" \/>\n\t<meta name=\"twitter:data1\" content=\"5 minutes\" \/>\n<script type=\"application\/ld+json\" class=\"yoast-schema-graph\">{\"@context\":\"https:\\\/\\\/schema.org\",\"@graph\":[{\"@type\":\"WebPage\",\"@id\":\"https:\\\/\\\/www.kanzlei-steinwachs.de\\\/fr\\\/jugements-en-droit-du-travail\\\/arrets-bag-2005\\\/loi-sur-la-negociation-collective\\\/\",\"url\":\"https:\\\/\\\/www.kanzlei-steinwachs.de\\\/fr\\\/jugements-en-droit-du-travail\\\/arrets-bag-2005\\\/loi-sur-la-negociation-collective\\\/\",\"name\":\"Rechtsanwaltskanzlei in Hamburg Berlin Bremen Hannover L\u00fcbeck\",\"isPartOf\":{\"@id\":\"https:\\\/\\\/www.kanzlei-steinwachs.de\\\/fr\\\/#website\"},\"primaryImageOfPage\":{\"@id\":\"https:\\\/\\\/www.kanzlei-steinwachs.de\\\/fr\\\/jugements-en-droit-du-travail\\\/arrets-bag-2005\\\/loi-sur-la-negociation-collective\\\/#primaryimage\"},\"image\":{\"@id\":\"https:\\\/\\\/www.kanzlei-steinwachs.de\\\/fr\\\/jugements-en-droit-du-travail\\\/arrets-bag-2005\\\/loi-sur-la-negociation-collective\\\/#primaryimage\"},\"thumbnailUrl\":\"https:\\\/\\\/i0.wp.com\\\/www.kanzlei-steinwachs.de\\\/wp-content\\\/uploads\\\/2023\\\/11\\\/Bundesarbeitsgericht_Urteile_2005.webp?fit=200%2C100&quality=20&ssl=1\",\"datePublished\":\"2023-11-20T06:36:41+00:00\",\"dateModified\":\"2023-11-29T05:53:28+00:00\",\"description\":\"Rechtsanwaltskanzlei f\u00fcr Arbeitsrecht, Arzthaftung, Mietrecht, Gewerbemietrecht ,Gastronomierecht, Immobilienrecht, Schadensersatz Yachtrecht\",\"breadcrumb\":{\"@id\":\"https:\\\/\\\/www.kanzlei-steinwachs.de\\\/fr\\\/jugements-en-droit-du-travail\\\/arrets-bag-2005\\\/loi-sur-la-negociation-collective\\\/#breadcrumb\"},\"inLanguage\":\"fr-FR\",\"potentialAction\":[{\"@type\":\"ReadAction\",\"target\":[\"https:\\\/\\\/www.kanzlei-steinwachs.de\\\/fr\\\/jugements-en-droit-du-travail\\\/arrets-bag-2005\\\/loi-sur-la-negociation-collective\\\/\"]}]},{\"@type\":\"ImageObject\",\"inLanguage\":\"fr-FR\",\"@id\":\"https:\\\/\\\/www.kanzlei-steinwachs.de\\\/fr\\\/jugements-en-droit-du-travail\\\/arrets-bag-2005\\\/loi-sur-la-negociation-collective\\\/#primaryimage\",\"url\":\"https:\\\/\\\/i0.wp.com\\\/www.kanzlei-steinwachs.de\\\/wp-content\\\/uploads\\\/2023\\\/11\\\/Bundesarbeitsgericht_Urteile_2005.webp?fit=200%2C100&quality=20&ssl=1\",\"contentUrl\":\"https:\\\/\\\/i0.wp.com\\\/www.kanzlei-steinwachs.de\\\/wp-content\\\/uploads\\\/2023\\\/11\\\/Bundesarbeitsgericht_Urteile_2005.webp?fit=200%2C100&quality=20&ssl=1\",\"width\":200,\"height\":100,\"caption\":\"Urteile im Arbeitsrecht\"},{\"@type\":\"BreadcrumbList\",\"@id\":\"https:\\\/\\\/www.kanzlei-steinwachs.de\\\/fr\\\/jugements-en-droit-du-travail\\\/arrets-bag-2005\\\/loi-sur-la-negociation-collective\\\/#breadcrumb\",\"itemListElement\":[{\"@type\":\"ListItem\",\"position\":1,\"name\":\"Jugements en droit du travail\",\"item\":\"https:\\\/\\\/www.kanzlei-steinwachs.de\\\/fr\\\/jugements-en-droit-du-travail\\\/\"},{\"@type\":\"ListItem\",\"position\":2,\"name\":\"Arr\u00eats BAG 2005\",\"item\":\"https:\\\/\\\/www.kanzlei-steinwachs.de\\\/fr\\\/arbeitsrecht-urteile\\\/bag-urteile-2005\\\/\"},{\"@type\":\"ListItem\",\"position\":3,\"name\":\"Loi sur la n\u00e9gociation collective\"}]},{\"@type\":\"WebSite\",\"@id\":\"https:\\\/\\\/www.kanzlei-steinwachs.de\\\/fr\\\/#website\",\"url\":\"https:\\\/\\\/www.kanzlei-steinwachs.de\\\/fr\\\/\",\"name\":\"Rechtsanwaltskanzlei Anwalt Hamburg Berlin Bremen Hannover L\u00fcbeck\",\"description\":\"Wir leisten mehr als Recht bietet\",\"publisher\":{\"@id\":\"https:\\\/\\\/www.kanzlei-steinwachs.de\\\/fr\\\/#organization\"},\"potentialAction\":[{\"@type\":\"SearchAction\",\"target\":{\"@type\":\"EntryPoint\",\"urlTemplate\":\"https:\\\/\\\/www.kanzlei-steinwachs.de\\\/fr\\\/?s={search_term_string}\"},\"query-input\":{\"@type\":\"PropertyValueSpecification\",\"valueRequired\":true,\"valueName\":\"search_term_string\"}}],\"inLanguage\":\"fr-FR\"},{\"@type\":[\"Organization\",\"Place\"],\"@id\":\"https:\\\/\\\/www.kanzlei-steinwachs.de\\\/fr\\\/#organization\",\"name\":\"Rechtsanwaltskanzlei Anwalt Hamburg Berlin Bremen Hannover L\u00fcbeck\",\"url\":\"https:\\\/\\\/www.kanzlei-steinwachs.de\\\/\",\"logo\":{\"@type\":\"ImageObject\",\"inLanguage\":\"fr-FR\",\"@id\":\"https:\\\/\\\/www.kanzlei-steinwachs.de\\\/fr\\\/#\\\/schema\\\/logo\\\/image\\\/\",\"url\":\"https:\\\/\\\/i0.wp.com\\\/www.kanzlei-steinwachs.de\\\/wp-content\\\/uploads\\\/2023\\\/12\\\/logo.webp?fit=174%2C76&quality=80&ssl=1\",\"contentUrl\":\"https:\\\/\\\/i0.wp.com\\\/www.kanzlei-steinwachs.de\\\/wp-content\\\/uploads\\\/2023\\\/12\\\/logo.webp?fit=174%2C76&quality=80&ssl=1\",\"width\":174,\"height\":76,\"caption\":\"Rechtsanwaltskanzlei Anwalt Hamburg Berlin Bremen Hannover L\u00fcbeck\"},\"image\":{\"@id\":\"https:\\\/\\\/www.kanzlei-steinwachs.de\\\/fr\\\/#\\\/schema\\\/logo\\\/image\\\/\"},\"sameAs\":[\"https:\\\/\\\/www.facebook.com\\\/STEINWACHSRechtsanwaltskanzlei\\\/\",\"https:\\\/\\\/x.com\\\/rasteinwachs\",\"https:\\\/\\\/www.instagram.com\\\/steinwachs_rechtsanwaelte\\\/\",\"https:\\\/\\\/www.linkedin.com\\\/in\\\/stephan-steinwachs-7a270197\\\/\",\"https:\\\/\\\/www.youtube.com\\\/channel\\\/UCffmodDlQx81remXm395RWA\"],\"telephone\":[]}]}<\/script>\n<!-- \/ Yoast SEO Premium plugin. -->","yoast_head_json":{"title":"Rechtsanwaltskanzlei in Hamburg Berlin Bremen Hannover L\u00fcbeck","description":"Rechtsanwaltskanzlei f\u00fcr Arbeitsrecht, Arzthaftung, Mietrecht, Gewerbemietrecht ,Gastronomierecht, Immobilienrecht, Schadensersatz Yachtrecht","robots":{"index":"index","follow":"follow","max-snippet":"max-snippet:-1","max-image-preview":"max-image-preview:large","max-video-preview":"max-video-preview:-1"},"canonical":"https:\/\/www.kanzlei-steinwachs.de\/fr\/jugements-en-droit-du-travail\/arrets-bag-2005\/loi-sur-la-negociation-collective\/","og_locale":"fr_FR","og_type":"article","og_title":"Rechtsanwaltskanzlei in Hamburg Berlin Bremen Hannover L\u00fcbeck","og_description":"Rechtsanwaltskanzlei f\u00fcr Arbeitsrecht, Arzthaftung, Mietrecht, Gewerbemietrecht ,Gastronomierecht, Immobilienrecht, Schadensersatz Yachtrecht","og_url":"https:\/\/www.kanzlei-steinwachs.de\/fr\/jugements-en-droit-du-travail\/arrets-bag-2005\/loi-sur-la-negociation-collective\/","og_site_name":"Rechtsanwaltskanzlei Anwalt Hamburg Berlin Bremen Hannover L\u00fcbeck","article_publisher":"https:\/\/www.facebook.com\/STEINWACHSRechtsanwaltskanzlei\/","article_modified_time":"2023-11-29T05:53:28+00:00","twitter_card":"summary_large_image","twitter_site":"@rasteinwachs","twitter_misc":{"Dur\u00e9e de lecture estim\u00e9e":"5 minutes"},"schema":{"@context":"https:\/\/schema.org","@graph":[{"@type":"WebPage","@id":"https:\/\/www.kanzlei-steinwachs.de\/fr\/jugements-en-droit-du-travail\/arrets-bag-2005\/loi-sur-la-negociation-collective\/","url":"https:\/\/www.kanzlei-steinwachs.de\/fr\/jugements-en-droit-du-travail\/arrets-bag-2005\/loi-sur-la-negociation-collective\/","name":"Rechtsanwaltskanzlei in Hamburg Berlin Bremen Hannover L\u00fcbeck","isPartOf":{"@id":"https:\/\/www.kanzlei-steinwachs.de\/fr\/#website"},"primaryImageOfPage":{"@id":"https:\/\/www.kanzlei-steinwachs.de\/fr\/jugements-en-droit-du-travail\/arrets-bag-2005\/loi-sur-la-negociation-collective\/#primaryimage"},"image":{"@id":"https:\/\/www.kanzlei-steinwachs.de\/fr\/jugements-en-droit-du-travail\/arrets-bag-2005\/loi-sur-la-negociation-collective\/#primaryimage"},"thumbnailUrl":"https:\/\/i0.wp.com\/www.kanzlei-steinwachs.de\/wp-content\/uploads\/2023\/11\/Bundesarbeitsgericht_Urteile_2005.webp?fit=200%2C100&quality=20&ssl=1","datePublished":"2023-11-20T06:36:41+00:00","dateModified":"2023-11-29T05:53:28+00:00","description":"Rechtsanwaltskanzlei f\u00fcr Arbeitsrecht, Arzthaftung, Mietrecht, Gewerbemietrecht ,Gastronomierecht, Immobilienrecht, Schadensersatz Yachtrecht","breadcrumb":{"@id":"https:\/\/www.kanzlei-steinwachs.de\/fr\/jugements-en-droit-du-travail\/arrets-bag-2005\/loi-sur-la-negociation-collective\/#breadcrumb"},"inLanguage":"fr-FR","potentialAction":[{"@type":"ReadAction","target":["https:\/\/www.kanzlei-steinwachs.de\/fr\/jugements-en-droit-du-travail\/arrets-bag-2005\/loi-sur-la-negociation-collective\/"]}]},{"@type":"ImageObject","inLanguage":"fr-FR","@id":"https:\/\/www.kanzlei-steinwachs.de\/fr\/jugements-en-droit-du-travail\/arrets-bag-2005\/loi-sur-la-negociation-collective\/#primaryimage","url":"https:\/\/i0.wp.com\/www.kanzlei-steinwachs.de\/wp-content\/uploads\/2023\/11\/Bundesarbeitsgericht_Urteile_2005.webp?fit=200%2C100&quality=20&ssl=1","contentUrl":"https:\/\/i0.wp.com\/www.kanzlei-steinwachs.de\/wp-content\/uploads\/2023\/11\/Bundesarbeitsgericht_Urteile_2005.webp?fit=200%2C100&quality=20&ssl=1","width":200,"height":100,"caption":"Urteile im Arbeitsrecht"},{"@type":"BreadcrumbList","@id":"https:\/\/www.kanzlei-steinwachs.de\/fr\/jugements-en-droit-du-travail\/arrets-bag-2005\/loi-sur-la-negociation-collective\/#breadcrumb","itemListElement":[{"@type":"ListItem","position":1,"name":"Jugements en droit du travail","item":"https:\/\/www.kanzlei-steinwachs.de\/fr\/jugements-en-droit-du-travail\/"},{"@type":"ListItem","position":2,"name":"Arr\u00eats BAG 2005","item":"https:\/\/www.kanzlei-steinwachs.de\/fr\/arbeitsrecht-urteile\/bag-urteile-2005\/"},{"@type":"ListItem","position":3,"name":"Loi sur la n\u00e9gociation collective"}]},{"@type":"WebSite","@id":"https:\/\/www.kanzlei-steinwachs.de\/fr\/#website","url":"https:\/\/www.kanzlei-steinwachs.de\/fr\/","name":"Rechtsanwaltskanzlei Anwalt Hamburg Berlin Bremen Hannover L\u00fcbeck","description":"Wir leisten mehr als Recht bietet","publisher":{"@id":"https:\/\/www.kanzlei-steinwachs.de\/fr\/#organization"},"potentialAction":[{"@type":"SearchAction","target":{"@type":"EntryPoint","urlTemplate":"https:\/\/www.kanzlei-steinwachs.de\/fr\/?s={search_term_string}"},"query-input":{"@type":"PropertyValueSpecification","valueRequired":true,"valueName":"search_term_string"}}],"inLanguage":"fr-FR"},{"@type":["Organization","Place"],"@id":"https:\/\/www.kanzlei-steinwachs.de\/fr\/#organization","name":"Rechtsanwaltskanzlei Anwalt Hamburg Berlin Bremen Hannover L\u00fcbeck","url":"https:\/\/www.kanzlei-steinwachs.de\/","logo":{"@type":"ImageObject","inLanguage":"fr-FR","@id":"https:\/\/www.kanzlei-steinwachs.de\/fr\/#\/schema\/logo\/image\/","url":"https:\/\/i0.wp.com\/www.kanzlei-steinwachs.de\/wp-content\/uploads\/2023\/12\/logo.webp?fit=174%2C76&quality=80&ssl=1","contentUrl":"https:\/\/i0.wp.com\/www.kanzlei-steinwachs.de\/wp-content\/uploads\/2023\/12\/logo.webp?fit=174%2C76&quality=80&ssl=1","width":174,"height":76,"caption":"Rechtsanwaltskanzlei Anwalt Hamburg Berlin Bremen Hannover L\u00fcbeck"},"image":{"@id":"https:\/\/www.kanzlei-steinwachs.de\/fr\/#\/schema\/logo\/image\/"},"sameAs":["https:\/\/www.facebook.com\/STEINWACHSRechtsanwaltskanzlei\/","https:\/\/x.com\/rasteinwachs","https:\/\/www.instagram.com\/steinwachs_rechtsanwaelte\/","https:\/\/www.linkedin.com\/in\/stephan-steinwachs-7a270197\/","https:\/\/www.youtube.com\/channel\/UCffmodDlQx81remXm395RWA"],"telephone":[]}]}},"jetpack_sharing_enabled":true,"_links":{"self":[{"href":"https:\/\/www.kanzlei-steinwachs.de\/fr\/wp-json\/wp\/v2\/pages\/13617","targetHints":{"allow":["GET"]}}],"collection":[{"href":"https:\/\/www.kanzlei-steinwachs.de\/fr\/wp-json\/wp\/v2\/pages"}],"about":[{"href":"https:\/\/www.kanzlei-steinwachs.de\/fr\/wp-json\/wp\/v2\/types\/page"}],"author":[{"embeddable":true,"href":"https:\/\/www.kanzlei-steinwachs.de\/fr\/wp-json\/wp\/v2\/users\/1"}],"replies":[{"embeddable":true,"href":"https:\/\/www.kanzlei-steinwachs.de\/fr\/wp-json\/wp\/v2\/comments?post=13617"}],"version-history":[{"count":0,"href":"https:\/\/www.kanzlei-steinwachs.de\/fr\/wp-json\/wp\/v2\/pages\/13617\/revisions"}],"up":[{"embeddable":true,"href":"https:\/\/www.kanzlei-steinwachs.de\/fr\/wp-json\/wp\/v2\/pages\/12808"}],"wp:featuredmedia":[{"embeddable":true,"href":"https:\/\/www.kanzlei-steinwachs.de\/fr\/wp-json\/wp\/v2\/media\/10674"}],"wp:attachment":[{"href":"https:\/\/www.kanzlei-steinwachs.de\/fr\/wp-json\/wp\/v2\/media?parent=13617"}],"curies":[{"name":"wp","href":"https:\/\/api.w.org\/{rel}","templated":true}]}}