{"id":13242,"date":"2023-11-20T13:10:02","date_gmt":"2023-11-20T12:10:02","guid":{"rendered":"https:\/\/www.kanzlei-steinwachs.de\/dommages-et-responsabilite\/"},"modified":"2023-11-28T08:03:01","modified_gmt":"2023-11-28T07:03:01","slug":"dommages-et-responsabilite","status":"publish","type":"page","link":"https:\/\/www.kanzlei-steinwachs.de\/fr\/jugements-en-droit-du-travail\/arrets-bag-2008\/dommages-et-responsabilite\/","title":{"rendered":"Dommages et responsabilit\u00e9"},"content":{"rendered":"<div class=\"wpb-content-wrapper\"><p>[vc_row triangle_shape=\u00a0\u00bbno\u00a0\u00bb css=\u00a0\u00bb.vc_custom_1700482241362{padding-bottom: 50px !important;}\u00a0\u00bb][vc_column][vc_column_text]Si une r\u00e9siliation selon le \u00a7 626 BGB est provoqu\u00e9e par un comportement contraire au contrat de la part de l&rsquo;autre partie, cette derni\u00e8re est tenue d&rsquo;indemniser le pr\u00e9judice caus\u00e9 par la rupture de la relation de travail conform\u00e9ment au \u00a7 628, paragraphe 2 du BGB. L&rsquo;indemnisation des dommages-int\u00e9r\u00eats dits de dissolution comprend fondamentalement l&rsquo;obligation de placer le demandeur dans la situation dans laquelle il se trouverait si la relation de travail se poursuivait, car la cr\u00e9ance au titre de l&rsquo;article 628, paragraphe 2 du Code civil allemand (BGB), concerne l&rsquo;int\u00e9gralit\u00e9 des int\u00e9r\u00eats dans performance. Il s&rsquo;ensuit que l&#8217;employeur doit indemniser le salari\u00e9 de toute perte de gain par voie d&rsquo;indemnisation jusqu&rsquo;\u00e0 la fin du d\u00e9lai de pr\u00e9avis r\u00e9gulier. \u00c0 cette demande de dommages-int\u00e9r\u00eats pour perte de gain, limit\u00e9e \u00e0 la dur\u00e9e du d\u00e9lai de pr\u00e9avis fictif, peut s&rsquo;ajouter une demande d&rsquo;indemnisation appropri\u00e9e pour compenser la perte de la protection continue de la relation de travail conform\u00e9ment \u00e0 l&rsquo;article 9. , 10 et 13 KSchG. En raison d&rsquo;une rupture de contrat de la part de l&#8217;employeur, l&#8217;employ\u00e9 qui a pris son cong\u00e9 a renonc\u00e9 \u00e0 la protection offerte par les dispositions relatives \u00e0 la protection contre le licenciement. Selon une d\u00e9cision du huiti\u00e8me S\u00e9nat du 21 mai 2008 ( 8 AZR 623\/07 ), la demande d&rsquo;indemnisation d&rsquo;un salari\u00e9 en vertu de l&rsquo;article 628, paragraphe 2 du Code civil allemand (BGB), en raison de la perte de son emploi pr\u00e9suppose que la protection existante offerte par la protection contre le licenciement soit perdue. Le droit \u00e0 indemnisation n&rsquo;existe que si la loi sur la protection de l&#8217;emploi s&rsquo;applique \u00e0 la relation de travail et que l&#8217;employeur n&rsquo;aurait pas d\u00fb mettre fin lui-m\u00eame \u00e0 la relation de travail au moment du licenciement de l&#8217;employ\u00e9. Ces principes s&rsquo;appliquent \u00e9galement \u00e0 un membre du comit\u00e9 d&rsquo;entreprise qui b\u00e9n\u00e9ficie d&rsquo;une protection particuli\u00e8re contre le licenciement en vertu de l&rsquo;article 15 KSchG. Le droit d&rsquo;un candidat de transf\u00e9rer le poste annonc\u00e9 ou de renouveler la d\u00e9cision de s\u00e9lection, d\u00e9coulant de l&rsquo;article 33, paragraphe 2, de la Loi fondamentale, pr\u00e9suppose que la fonction publique recherch\u00e9e soit toujours disponible. Ce \u00ab droit au processus de candidature \u00bb prend fin lorsque le poste annonc\u00e9 a \u00e9t\u00e9 transf\u00e9r\u00e9 de mani\u00e8re contraignante \u00e0 un autre candidat. Un candidat qui n&rsquo;a pas r\u00e9ussi la proc\u00e9dure de candidature peut r\u00e9clamer des dommages-int\u00e9r\u00eats conform\u00e9ment \u00e0 l&rsquo;article 280, paragraphe 1 du code civil allemand (BGB) et \u00e0 l&rsquo;article 823, paragraphe 2 du code civil allemand (BGB), en relation avec un concurrent mal s\u00e9lectionn\u00e9 apr\u00e8s le poste. a \u00e9t\u00e9 rempli. Article 33, paragraphe 2, GG. Si le poste est pourvu au cours du processus juridique visant \u00e0 faire valoir la r\u00e9clamation relative au processus de candidature, la poursuite peut \u00eatre transform\u00e9e en une demande de dommages-int\u00e9r\u00eats. Une telle modification est autoris\u00e9e conform\u00e9ment \u00e0 l&rsquo;article 264 n\u00b0 3 ZPO. La demande d&rsquo;indemnisation n&rsquo;est accueillie que si le candidat non retenu aurait d\u00fb se voir attribuer le poste conform\u00e9ment aux principes de la meilleure s\u00e9lection conform\u00e9ment \u00e0 l&rsquo;article 33, paragraphe 2, de la Loi fondamentale. Dans l&rsquo;affaire tranch\u00e9e par le Neuvi\u00e8me S\u00e9nat le 19 f\u00e9vrier 2008 ( 9 AZR 70\/07 ), le profil des exigences d&rsquo;un poste \u00e0 pourvoir exigeait une formation universitaire scientifique ou des comp\u00e9tences et une exp\u00e9rience \u00e9quivalentes. Le S\u00e9nat a d\u00e9cid\u00e9 que dans un tel cas, la preuve d&rsquo;\u00e9quivalence n&rsquo;est pas li\u00e9e \u00e0 un formulaire sp\u00e9cifique. L&rsquo;\u00e9quivalence ne doit exister qu&rsquo;objectivement. Il appartient \u00e0 l&#8217;employeur de comparer les performances des candidats, \u00e0 moins que les r\u00e9glementations l\u00e9gales ne prescrivent une proc\u00e9dure sp\u00e9cifique. Le S\u00e9nat a \u00e9galement d\u00e9cid\u00e9 que pour un poste comportant des t\u00e2ches de gestion du personnel, le style de gestion constitue un crit\u00e8re de s\u00e9lection appropri\u00e9 conform\u00e9ment \u00e0 l&rsquo;article 33, paragraphe 2, de la Loi fondamentale. L&#8217;employeur d\u00e9cide seul s&rsquo;il pr\u00e9f\u00e8re un style de gestion coop\u00e9ratif ou directif. Il n&rsquo;y a donc aucune objection s&rsquo;il s\u00e9lectionne le candidat ayant le style de leadership coop\u00e9ratif pr\u00e9f\u00e9r\u00e9 malgr\u00e9 l&rsquo;\u00e9quivalence professionnelle.[\/vc_column_text][\/vc_column][\/vc_row]<\/p>\n<\/div>","protected":false},"excerpt":{"rendered":"<p>[vc_row triangle_shape=\u00a0\u00bbno\u00a0\u00bb css=\u00a0\u00bb.vc_custom_1700482241362{padding-bottom: 50px !important;}\u00a0\u00bb][vc_column][vc_column_text]Si une r\u00e9siliation selon le \u00a7 626 BGB est provoqu\u00e9e par un comportement contraire au contrat de la part de l&rsquo;autre partie, cette derni\u00e8re est tenue d&rsquo;indemniser le pr\u00e9judice caus\u00e9 par la rupture de la relation de travail conform\u00e9ment au \u00a7 628, paragraphe 2 du BGB. L&rsquo;indemnisation des dommages-int\u00e9r\u00eats dits de dissolution comprend fondamentalement l&rsquo;obligation de placer le demandeur dans la situation dans laquelle il se trouverait si la relation de travail se poursuivait, car la cr\u00e9ance au titre de l&rsquo;article 628, paragraphe 2 du Code civil allemand (BGB), concerne l&rsquo;int\u00e9gralit\u00e9 des int\u00e9r\u00eats dans performance. Il&#8230;<\/p>\n","protected":false},"author":1,"featured_media":10708,"parent":13260,"menu_order":0,"comment_status":"closed","ping_status":"closed","template":"","meta":{"footnotes":""},"class_list":["post-13242","page","type-page","status-publish","has-post-thumbnail","hentry"],"yoast_head":"<!-- This site is optimized with the Yoast SEO Premium plugin v27.2 (Yoast SEO v27.6) - https:\/\/yoast.com\/product\/yoast-seo-premium-wordpress\/ -->\n<title>Rechtsanwaltskanzlei in Hamburg Berlin Bremen Hannover L\u00fcbeck<\/title>\n<meta name=\"description\" content=\"Rechtsanwaltskanzlei f\u00fcr Arbeitsrecht, Arzthaftung, Mietrecht, Gewerbemietrecht ,Gastronomierecht, Immobilienrecht, Schadensersatz Yachtrecht\" \/>\n<meta name=\"robots\" content=\"index, follow, max-snippet:-1, max-image-preview:large, max-video-preview:-1\" \/>\n<link rel=\"canonical\" href=\"https:\/\/www.kanzlei-steinwachs.de\/fr\/jugements-en-droit-du-travail\/arrets-bag-2008\/dommages-et-responsabilite\/\" \/>\n<meta property=\"og:locale\" content=\"fr_FR\" \/>\n<meta property=\"og:type\" content=\"article\" \/>\n<meta property=\"og:title\" content=\"Rechtsanwaltskanzlei in Hamburg Berlin Bremen Hannover L\u00fcbeck\" \/>\n<meta property=\"og:description\" content=\"Rechtsanwaltskanzlei f\u00fcr Arbeitsrecht, Arzthaftung, Mietrecht, Gewerbemietrecht ,Gastronomierecht, Immobilienrecht, Schadensersatz Yachtrecht\" \/>\n<meta property=\"og:url\" content=\"https:\/\/www.kanzlei-steinwachs.de\/fr\/jugements-en-droit-du-travail\/arrets-bag-2008\/dommages-et-responsabilite\/\" \/>\n<meta property=\"og:site_name\" content=\"Rechtsanwaltskanzlei Anwalt Hamburg Berlin Bremen Hannover L\u00fcbeck\" \/>\n<meta property=\"article:publisher\" content=\"https:\/\/www.facebook.com\/STEINWACHSRechtsanwaltskanzlei\/\" \/>\n<meta property=\"article:modified_time\" content=\"2023-11-28T07:03:01+00:00\" \/>\n<meta name=\"twitter:card\" content=\"summary_large_image\" \/>\n<meta name=\"twitter:site\" content=\"@rasteinwachs\" \/>\n<meta name=\"twitter:label1\" content=\"Dur\u00e9e de lecture estim\u00e9e\" \/>\n\t<meta name=\"twitter:data1\" content=\"4 minutes\" \/>\n<script type=\"application\/ld+json\" class=\"yoast-schema-graph\">{\"@context\":\"https:\\\/\\\/schema.org\",\"@graph\":[{\"@type\":\"WebPage\",\"@id\":\"https:\\\/\\\/www.kanzlei-steinwachs.de\\\/fr\\\/jugements-en-droit-du-travail\\\/arrets-bag-2008\\\/dommages-et-responsabilite\\\/\",\"url\":\"https:\\\/\\\/www.kanzlei-steinwachs.de\\\/fr\\\/jugements-en-droit-du-travail\\\/arrets-bag-2008\\\/dommages-et-responsabilite\\\/\",\"name\":\"Rechtsanwaltskanzlei in Hamburg Berlin Bremen Hannover L\u00fcbeck\",\"isPartOf\":{\"@id\":\"https:\\\/\\\/www.kanzlei-steinwachs.de\\\/fr\\\/#website\"},\"primaryImageOfPage\":{\"@id\":\"https:\\\/\\\/www.kanzlei-steinwachs.de\\\/fr\\\/jugements-en-droit-du-travail\\\/arrets-bag-2008\\\/dommages-et-responsabilite\\\/#primaryimage\"},\"image\":{\"@id\":\"https:\\\/\\\/www.kanzlei-steinwachs.de\\\/fr\\\/jugements-en-droit-du-travail\\\/arrets-bag-2008\\\/dommages-et-responsabilite\\\/#primaryimage\"},\"thumbnailUrl\":\"https:\\\/\\\/i0.wp.com\\\/www.kanzlei-steinwachs.de\\\/wp-content\\\/uploads\\\/2023\\\/11\\\/Bundesarbeitsgericht_Urteile_2008.webp?fit=200%2C100&quality=20&ssl=1\",\"datePublished\":\"2023-11-20T12:10:02+00:00\",\"dateModified\":\"2023-11-28T07:03:01+00:00\",\"description\":\"Rechtsanwaltskanzlei f\u00fcr Arbeitsrecht, Arzthaftung, Mietrecht, Gewerbemietrecht ,Gastronomierecht, Immobilienrecht, Schadensersatz Yachtrecht\",\"breadcrumb\":{\"@id\":\"https:\\\/\\\/www.kanzlei-steinwachs.de\\\/fr\\\/jugements-en-droit-du-travail\\\/arrets-bag-2008\\\/dommages-et-responsabilite\\\/#breadcrumb\"},\"inLanguage\":\"fr-FR\",\"potentialAction\":[{\"@type\":\"ReadAction\",\"target\":[\"https:\\\/\\\/www.kanzlei-steinwachs.de\\\/fr\\\/jugements-en-droit-du-travail\\\/arrets-bag-2008\\\/dommages-et-responsabilite\\\/\"]}]},{\"@type\":\"ImageObject\",\"inLanguage\":\"fr-FR\",\"@id\":\"https:\\\/\\\/www.kanzlei-steinwachs.de\\\/fr\\\/jugements-en-droit-du-travail\\\/arrets-bag-2008\\\/dommages-et-responsabilite\\\/#primaryimage\",\"url\":\"https:\\\/\\\/i0.wp.com\\\/www.kanzlei-steinwachs.de\\\/wp-content\\\/uploads\\\/2023\\\/11\\\/Bundesarbeitsgericht_Urteile_2008.webp?fit=200%2C100&quality=20&ssl=1\",\"contentUrl\":\"https:\\\/\\\/i0.wp.com\\\/www.kanzlei-steinwachs.de\\\/wp-content\\\/uploads\\\/2023\\\/11\\\/Bundesarbeitsgericht_Urteile_2008.webp?fit=200%2C100&quality=20&ssl=1\",\"width\":200,\"height\":100},{\"@type\":\"BreadcrumbList\",\"@id\":\"https:\\\/\\\/www.kanzlei-steinwachs.de\\\/fr\\\/jugements-en-droit-du-travail\\\/arrets-bag-2008\\\/dommages-et-responsabilite\\\/#breadcrumb\",\"itemListElement\":[{\"@type\":\"ListItem\",\"position\":1,\"name\":\"Jugements en droit du travail\",\"item\":\"https:\\\/\\\/www.kanzlei-steinwachs.de\\\/fr\\\/jugements-en-droit-du-travail\\\/\"},{\"@type\":\"ListItem\",\"position\":2,\"name\":\"Arr\u00eats BAG 2008\",\"item\":\"https:\\\/\\\/www.kanzlei-steinwachs.de\\\/fr\\\/jugements-en-droit-du-travail\\\/arrets-bag-2008\\\/\"},{\"@type\":\"ListItem\",\"position\":3,\"name\":\"Dommages et responsabilit\u00e9\"}]},{\"@type\":\"WebSite\",\"@id\":\"https:\\\/\\\/www.kanzlei-steinwachs.de\\\/fr\\\/#website\",\"url\":\"https:\\\/\\\/www.kanzlei-steinwachs.de\\\/fr\\\/\",\"name\":\"Rechtsanwaltskanzlei Anwalt Hamburg Berlin Bremen Hannover L\u00fcbeck\",\"description\":\"Wir leisten mehr als Recht bietet\",\"publisher\":{\"@id\":\"https:\\\/\\\/www.kanzlei-steinwachs.de\\\/fr\\\/#organization\"},\"potentialAction\":[{\"@type\":\"SearchAction\",\"target\":{\"@type\":\"EntryPoint\",\"urlTemplate\":\"https:\\\/\\\/www.kanzlei-steinwachs.de\\\/fr\\\/?s={search_term_string}\"},\"query-input\":{\"@type\":\"PropertyValueSpecification\",\"valueRequired\":true,\"valueName\":\"search_term_string\"}}],\"inLanguage\":\"fr-FR\"},{\"@type\":[\"Organization\",\"Place\"],\"@id\":\"https:\\\/\\\/www.kanzlei-steinwachs.de\\\/fr\\\/#organization\",\"name\":\"Rechtsanwaltskanzlei Anwalt Hamburg Berlin Bremen Hannover L\u00fcbeck\",\"url\":\"https:\\\/\\\/www.kanzlei-steinwachs.de\\\/\",\"logo\":{\"@type\":\"ImageObject\",\"inLanguage\":\"fr-FR\",\"@id\":\"https:\\\/\\\/www.kanzlei-steinwachs.de\\\/fr\\\/#\\\/schema\\\/logo\\\/image\\\/\",\"url\":\"https:\\\/\\\/i0.wp.com\\\/www.kanzlei-steinwachs.de\\\/wp-content\\\/uploads\\\/2023\\\/12\\\/logo.webp?fit=174%2C76&quality=80&ssl=1\",\"contentUrl\":\"https:\\\/\\\/i0.wp.com\\\/www.kanzlei-steinwachs.de\\\/wp-content\\\/uploads\\\/2023\\\/12\\\/logo.webp?fit=174%2C76&quality=80&ssl=1\",\"width\":174,\"height\":76,\"caption\":\"Rechtsanwaltskanzlei Anwalt Hamburg Berlin Bremen Hannover L\u00fcbeck\"},\"image\":{\"@id\":\"https:\\\/\\\/www.kanzlei-steinwachs.de\\\/fr\\\/#\\\/schema\\\/logo\\\/image\\\/\"},\"sameAs\":[\"https:\\\/\\\/www.facebook.com\\\/STEINWACHSRechtsanwaltskanzlei\\\/\",\"https:\\\/\\\/x.com\\\/rasteinwachs\",\"https:\\\/\\\/www.instagram.com\\\/steinwachs_rechtsanwaelte\\\/\",\"https:\\\/\\\/www.linkedin.com\\\/in\\\/stephan-steinwachs-7a270197\\\/\",\"https:\\\/\\\/www.youtube.com\\\/channel\\\/UCffmodDlQx81remXm395RWA\"],\"telephone\":[]}]}<\/script>\n<!-- \/ Yoast SEO Premium plugin. -->","yoast_head_json":{"title":"Rechtsanwaltskanzlei in Hamburg Berlin Bremen Hannover L\u00fcbeck","description":"Rechtsanwaltskanzlei f\u00fcr Arbeitsrecht, Arzthaftung, Mietrecht, Gewerbemietrecht ,Gastronomierecht, Immobilienrecht, Schadensersatz Yachtrecht","robots":{"index":"index","follow":"follow","max-snippet":"max-snippet:-1","max-image-preview":"max-image-preview:large","max-video-preview":"max-video-preview:-1"},"canonical":"https:\/\/www.kanzlei-steinwachs.de\/fr\/jugements-en-droit-du-travail\/arrets-bag-2008\/dommages-et-responsabilite\/","og_locale":"fr_FR","og_type":"article","og_title":"Rechtsanwaltskanzlei in Hamburg Berlin Bremen Hannover L\u00fcbeck","og_description":"Rechtsanwaltskanzlei f\u00fcr Arbeitsrecht, Arzthaftung, Mietrecht, Gewerbemietrecht ,Gastronomierecht, Immobilienrecht, Schadensersatz Yachtrecht","og_url":"https:\/\/www.kanzlei-steinwachs.de\/fr\/jugements-en-droit-du-travail\/arrets-bag-2008\/dommages-et-responsabilite\/","og_site_name":"Rechtsanwaltskanzlei Anwalt Hamburg Berlin Bremen Hannover L\u00fcbeck","article_publisher":"https:\/\/www.facebook.com\/STEINWACHSRechtsanwaltskanzlei\/","article_modified_time":"2023-11-28T07:03:01+00:00","twitter_card":"summary_large_image","twitter_site":"@rasteinwachs","twitter_misc":{"Dur\u00e9e de lecture estim\u00e9e":"4 minutes"},"schema":{"@context":"https:\/\/schema.org","@graph":[{"@type":"WebPage","@id":"https:\/\/www.kanzlei-steinwachs.de\/fr\/jugements-en-droit-du-travail\/arrets-bag-2008\/dommages-et-responsabilite\/","url":"https:\/\/www.kanzlei-steinwachs.de\/fr\/jugements-en-droit-du-travail\/arrets-bag-2008\/dommages-et-responsabilite\/","name":"Rechtsanwaltskanzlei in Hamburg Berlin Bremen Hannover L\u00fcbeck","isPartOf":{"@id":"https:\/\/www.kanzlei-steinwachs.de\/fr\/#website"},"primaryImageOfPage":{"@id":"https:\/\/www.kanzlei-steinwachs.de\/fr\/jugements-en-droit-du-travail\/arrets-bag-2008\/dommages-et-responsabilite\/#primaryimage"},"image":{"@id":"https:\/\/www.kanzlei-steinwachs.de\/fr\/jugements-en-droit-du-travail\/arrets-bag-2008\/dommages-et-responsabilite\/#primaryimage"},"thumbnailUrl":"https:\/\/i0.wp.com\/www.kanzlei-steinwachs.de\/wp-content\/uploads\/2023\/11\/Bundesarbeitsgericht_Urteile_2008.webp?fit=200%2C100&quality=20&ssl=1","datePublished":"2023-11-20T12:10:02+00:00","dateModified":"2023-11-28T07:03:01+00:00","description":"Rechtsanwaltskanzlei f\u00fcr Arbeitsrecht, Arzthaftung, Mietrecht, Gewerbemietrecht ,Gastronomierecht, Immobilienrecht, Schadensersatz Yachtrecht","breadcrumb":{"@id":"https:\/\/www.kanzlei-steinwachs.de\/fr\/jugements-en-droit-du-travail\/arrets-bag-2008\/dommages-et-responsabilite\/#breadcrumb"},"inLanguage":"fr-FR","potentialAction":[{"@type":"ReadAction","target":["https:\/\/www.kanzlei-steinwachs.de\/fr\/jugements-en-droit-du-travail\/arrets-bag-2008\/dommages-et-responsabilite\/"]}]},{"@type":"ImageObject","inLanguage":"fr-FR","@id":"https:\/\/www.kanzlei-steinwachs.de\/fr\/jugements-en-droit-du-travail\/arrets-bag-2008\/dommages-et-responsabilite\/#primaryimage","url":"https:\/\/i0.wp.com\/www.kanzlei-steinwachs.de\/wp-content\/uploads\/2023\/11\/Bundesarbeitsgericht_Urteile_2008.webp?fit=200%2C100&quality=20&ssl=1","contentUrl":"https:\/\/i0.wp.com\/www.kanzlei-steinwachs.de\/wp-content\/uploads\/2023\/11\/Bundesarbeitsgericht_Urteile_2008.webp?fit=200%2C100&quality=20&ssl=1","width":200,"height":100},{"@type":"BreadcrumbList","@id":"https:\/\/www.kanzlei-steinwachs.de\/fr\/jugements-en-droit-du-travail\/arrets-bag-2008\/dommages-et-responsabilite\/#breadcrumb","itemListElement":[{"@type":"ListItem","position":1,"name":"Jugements en droit du travail","item":"https:\/\/www.kanzlei-steinwachs.de\/fr\/jugements-en-droit-du-travail\/"},{"@type":"ListItem","position":2,"name":"Arr\u00eats BAG 2008","item":"https:\/\/www.kanzlei-steinwachs.de\/fr\/jugements-en-droit-du-travail\/arrets-bag-2008\/"},{"@type":"ListItem","position":3,"name":"Dommages et responsabilit\u00e9"}]},{"@type":"WebSite","@id":"https:\/\/www.kanzlei-steinwachs.de\/fr\/#website","url":"https:\/\/www.kanzlei-steinwachs.de\/fr\/","name":"Rechtsanwaltskanzlei Anwalt Hamburg Berlin Bremen Hannover L\u00fcbeck","description":"Wir leisten mehr als Recht bietet","publisher":{"@id":"https:\/\/www.kanzlei-steinwachs.de\/fr\/#organization"},"potentialAction":[{"@type":"SearchAction","target":{"@type":"EntryPoint","urlTemplate":"https:\/\/www.kanzlei-steinwachs.de\/fr\/?s={search_term_string}"},"query-input":{"@type":"PropertyValueSpecification","valueRequired":true,"valueName":"search_term_string"}}],"inLanguage":"fr-FR"},{"@type":["Organization","Place"],"@id":"https:\/\/www.kanzlei-steinwachs.de\/fr\/#organization","name":"Rechtsanwaltskanzlei Anwalt Hamburg Berlin Bremen Hannover L\u00fcbeck","url":"https:\/\/www.kanzlei-steinwachs.de\/","logo":{"@type":"ImageObject","inLanguage":"fr-FR","@id":"https:\/\/www.kanzlei-steinwachs.de\/fr\/#\/schema\/logo\/image\/","url":"https:\/\/i0.wp.com\/www.kanzlei-steinwachs.de\/wp-content\/uploads\/2023\/12\/logo.webp?fit=174%2C76&quality=80&ssl=1","contentUrl":"https:\/\/i0.wp.com\/www.kanzlei-steinwachs.de\/wp-content\/uploads\/2023\/12\/logo.webp?fit=174%2C76&quality=80&ssl=1","width":174,"height":76,"caption":"Rechtsanwaltskanzlei Anwalt Hamburg Berlin Bremen Hannover L\u00fcbeck"},"image":{"@id":"https:\/\/www.kanzlei-steinwachs.de\/fr\/#\/schema\/logo\/image\/"},"sameAs":["https:\/\/www.facebook.com\/STEINWACHSRechtsanwaltskanzlei\/","https:\/\/x.com\/rasteinwachs","https:\/\/www.instagram.com\/steinwachs_rechtsanwaelte\/","https:\/\/www.linkedin.com\/in\/stephan-steinwachs-7a270197\/","https:\/\/www.youtube.com\/channel\/UCffmodDlQx81remXm395RWA"],"telephone":[]}]}},"jetpack_sharing_enabled":true,"_links":{"self":[{"href":"https:\/\/www.kanzlei-steinwachs.de\/fr\/wp-json\/wp\/v2\/pages\/13242","targetHints":{"allow":["GET"]}}],"collection":[{"href":"https:\/\/www.kanzlei-steinwachs.de\/fr\/wp-json\/wp\/v2\/pages"}],"about":[{"href":"https:\/\/www.kanzlei-steinwachs.de\/fr\/wp-json\/wp\/v2\/types\/page"}],"author":[{"embeddable":true,"href":"https:\/\/www.kanzlei-steinwachs.de\/fr\/wp-json\/wp\/v2\/users\/1"}],"replies":[{"embeddable":true,"href":"https:\/\/www.kanzlei-steinwachs.de\/fr\/wp-json\/wp\/v2\/comments?post=13242"}],"version-history":[{"count":0,"href":"https:\/\/www.kanzlei-steinwachs.de\/fr\/wp-json\/wp\/v2\/pages\/13242\/revisions"}],"up":[{"embeddable":true,"href":"https:\/\/www.kanzlei-steinwachs.de\/fr\/wp-json\/wp\/v2\/pages\/13260"}],"wp:featuredmedia":[{"embeddable":true,"href":"https:\/\/www.kanzlei-steinwachs.de\/fr\/wp-json\/wp\/v2\/media\/10708"}],"wp:attachment":[{"href":"https:\/\/www.kanzlei-steinwachs.de\/fr\/wp-json\/wp\/v2\/media?parent=13242"}],"curies":[{"name":"wp","href":"https:\/\/api.w.org\/{rel}","templated":true}]}}