{"id":12539,"date":"2023-11-20T11:32:35","date_gmt":"2023-11-20T10:32:35","guid":{"rendered":"https:\/\/www.kanzlei-steinwachs.de\/jugements-en-droit-du-travail\/jugements-de-sacs-2007\/mise-en-place-du-comite-de-groupe\/"},"modified":"2023-11-23T12:27:07","modified_gmt":"2023-11-23T11:27:07","slug":"mise-en-place-du-comite-de-groupe","status":"publish","type":"page","link":"https:\/\/www.kanzlei-steinwachs.de\/fr\/jugements-en-droit-du-travail\/jugements-de-sacs-2007\/mise-en-place-du-comite-de-groupe\/","title":{"rendered":"Mise en place du comit\u00e9 de groupe"},"content":{"rendered":"<div class=\"wpb-content-wrapper\"><p>[vc_row triangle_shape=\u00a0\u00bbno\u00a0\u00bb][vc_column][vc_column_text css=\u00a0\u00bb.vc_custom_1700476496480{padding-top: 10px !important;padding-bottom: 20px !important;}\u00a0\u00bb]<\/p>\n<h4 style=\"text-align: center;\">Mise en place du comit\u00e9 de groupe<\/h4>\n<p>[\/vc_column_text][vc_column_text css=\u00a0\u00bb.vc_custom_1700476508880{padding-top: 10px !important;padding-bottom: 10px !important;}\u00a0\u00bb]Conform\u00e9ment \u00e0 l&rsquo;article 54, paragraphe 1, phrase 1, en liaison avec l&rsquo;article 54, paragraphe 2 du BetrVG, un comit\u00e9 d&rsquo;entreprise de groupe peut \u00eatre cr\u00e9\u00e9 pour un groupe par le biais de d\u00e9cisions des comit\u00e9s d&rsquo;entreprise g\u00e9n\u00e9raux et, dans certaines circonstances, des comit\u00e9s d&rsquo;entreprise. La loi constitutionnelle sur les entreprises ne d\u00e9termine pas elle-m\u00eame quand un groupe existe et quelles soci\u00e9t\u00e9s appartiennent \u00e0 ce groupe. L&rsquo;article 54 (1) BetrVG fait r\u00e9f\u00e9rence \u00e0 cet \u00e9gard \u00e0 l&rsquo;article 18 (1) AktG.[\/vc_column_text][vc_column_text css=\u00a0\u00bb.vc_custom_1700476537313{padding-top: 10px !important;padding-bottom: 10px !important;}\u00a0\u00bb]Il n&rsquo;existe pas de notion ind\u00e9pendante de groupe en vertu de la loi constitutionnelle d&rsquo;entreprise. Par d\u00e9cision du 14 f\u00e9vrier 2007 ( 7 ABR 26\/06 ), le septi\u00e8me S\u00e9nat a d\u00e9cid\u00e9 que la cr\u00e9ation d&rsquo;un comit\u00e9 d&rsquo;entreprise de groupe conform\u00e9ment \u00e0 l&rsquo;article 54, paragraphe 1, phrase 1 du BetrVG n&rsquo;est possible que si non seulement les entreprises regroup\u00e9es sous un m\u00eame direction, mais aussi une soci\u00e9t\u00e9 m\u00e8re dont le si\u00e8ge est en Allemagne.[\/vc_column_text][vc_column_text css=\u00a0\u00bb.vc_custom_1700476549831{padding-top: 10px !important;padding-bottom: 10px !important;}\u00a0\u00bb]Dans un groupe \u00e0 plusieurs niveaux avec une soci\u00e9t\u00e9 m\u00e8re bas\u00e9e \u00e0 l&rsquo;\u00e9tranger, un comit\u00e9 d&rsquo;entreprise de groupe peut \u00e9galement \u00eatre constitu\u00e9 pour les soci\u00e9t\u00e9s situ\u00e9es en Allemagne si la soci\u00e9t\u00e9 m\u00e8re \u00e9trang\u00e8re fait un usage important de son pouvoir de direction, mais qu&rsquo;une soci\u00e9t\u00e9 d\u00e9pendante bas\u00e9e en Allemagne fait office de chef du sous-groupe national les t\u00e2ches essentielles de gestion dans les domaines du personnel, des questions sociales et \u00e9conomiques restent ex\u00e9cut\u00e9es de mani\u00e8re ind\u00e9pendante par les soci\u00e9t\u00e9s subordonn\u00e9es. Toutefois, au-del\u00e0 du libell\u00e9 de l&rsquo;article 54, paragraphe 1, phrase 1 du BetrVG, un comit\u00e9 d&rsquo;entreprise de groupe ne peut pas \u00eatre constitu\u00e9 dans le cas o\u00f9 la soci\u00e9t\u00e9 m\u00e8re du groupe a son si\u00e8ge \u00e0 l&rsquo;\u00e9tranger et qu&rsquo;aucune autre direction (partielle) du groupe n&rsquo;est situ\u00e9e en Allemagne.[\/vc_column_text][vc_column_text css=\u00a0\u00bb.vc_custom_1700476559543{padding-top: 10px !important;padding-bottom: 10px !important;}\u00a0\u00bb]Les conditions requises pour une formation juridique compl\u00e9mentaire ne sont pas remplies. L&rsquo;article 54, paragraphe 1, du BetrVG ne contient aucune lacune involontaire dans le cas des soci\u00e9t\u00e9s m\u00e8res situ\u00e9es \u00e0 l&rsquo;\u00e9tranger. D&rsquo;une part, le l\u00e9gislateur s&rsquo;est abstenu consciemment de r\u00e8gles de sous-groupes comparables \u00e0 l&rsquo;article 5, paragraphe 3 du MitbestG dans les statuts de l&rsquo;entreprise. En outre, en mati\u00e8re de cogestion d&rsquo;entreprise, le si\u00e8ge d&rsquo;une entreprise dominante \u00e0 l&rsquo;\u00e9tranger n&rsquo;entra\u00eene pas la perte des droits de participation des salari\u00e9s, mais seulement leur transfert \u00e0 un autre niveau dans les entreprises affili\u00e9es. Dans ce cas, les droits de participation selon le BetrVG sont exerc\u00e9s par les comit\u00e9s centraux d&rsquo;entreprise et les comit\u00e9s d&rsquo;entreprise des entreprises appartenant au groupe.[\/vc_column_text][\/vc_column][\/vc_row]<\/p>\n<\/div>","protected":false},"excerpt":{"rendered":"<p>[vc_row triangle_shape=\u00a0\u00bbno\u00a0\u00bb][vc_column][vc_column_text css=\u00a0\u00bb.vc_custom_1700476496480{padding-top: 10px !important;padding-bottom: 20px !important;}\u00a0\u00bb] Mise en place du comit\u00e9 de groupe [\/vc_column_text][vc_column_text css=\u00a0\u00bb.vc_custom_1700476508880{padding-top: 10px !important;padding-bottom: 10px !important;}\u00a0\u00bb]Conform\u00e9ment \u00e0 l&rsquo;article 54, paragraphe 1, phrase 1, en liaison avec l&rsquo;article 54, paragraphe 2 du BetrVG, un comit\u00e9 d&rsquo;entreprise de groupe peut \u00eatre cr\u00e9\u00e9 pour un groupe par le biais de d\u00e9cisions des comit\u00e9s d&rsquo;entreprise g\u00e9n\u00e9raux et, dans certaines circonstances, des comit\u00e9s d&rsquo;entreprise. La loi constitutionnelle sur les entreprises ne d\u00e9termine pas elle-m\u00eame quand un groupe existe et quelles soci\u00e9t\u00e9s appartiennent \u00e0 ce groupe. L&rsquo;article 54 (1) BetrVG fait r\u00e9f\u00e9rence \u00e0 cet \u00e9gard \u00e0 l&rsquo;article 18 (1) AktG.[\/vc_column_text][vc_column_text css=\u00a0\u00bb.vc_custom_1700476537313{padding-top: 10px&#8230;<\/p>\n","protected":false},"author":1,"featured_media":10688,"parent":11578,"menu_order":0,"comment_status":"closed","ping_status":"closed","template":"","meta":{"footnotes":""},"class_list":["post-12539","page","type-page","status-publish","has-post-thumbnail","hentry"],"yoast_head":"<!-- This site is optimized with the Yoast SEO Premium plugin v27.2 (Yoast SEO v27.5) - https:\/\/yoast.com\/product\/yoast-seo-premium-wordpress\/ -->\n<title>Rechtsanwaltskanzlei in Hamburg Berlin Bremen Hannover L\u00fcbeck<\/title>\n<meta name=\"description\" content=\"Rechtsanwaltskanzlei f\u00fcr Arbeitsrecht, Arzthaftung, Mietrecht, Gewerbemietrecht ,Gastronomierecht, Immobilienrecht, Schadensersatz Yachtrecht\" \/>\n<meta name=\"robots\" content=\"index, follow, max-snippet:-1, max-image-preview:large, max-video-preview:-1\" \/>\n<link rel=\"canonical\" href=\"https:\/\/www.kanzlei-steinwachs.de\/fr\/jugements-en-droit-du-travail\/jugements-de-sacs-2007\/mise-en-place-du-comite-de-groupe\/\" \/>\n<meta property=\"og:locale\" content=\"fr_FR\" \/>\n<meta property=\"og:type\" content=\"article\" \/>\n<meta property=\"og:title\" content=\"Rechtsanwaltskanzlei in Hamburg Berlin Bremen Hannover L\u00fcbeck\" \/>\n<meta property=\"og:description\" content=\"Rechtsanwaltskanzlei f\u00fcr Arbeitsrecht, Arzthaftung, Mietrecht, Gewerbemietrecht ,Gastronomierecht, Immobilienrecht, Schadensersatz Yachtrecht\" \/>\n<meta property=\"og:url\" content=\"https:\/\/www.kanzlei-steinwachs.de\/fr\/jugements-en-droit-du-travail\/jugements-de-sacs-2007\/mise-en-place-du-comite-de-groupe\/\" \/>\n<meta property=\"og:site_name\" content=\"Rechtsanwaltskanzlei Anwalt Hamburg Berlin Bremen Hannover L\u00fcbeck\" \/>\n<meta property=\"article:publisher\" content=\"https:\/\/www.facebook.com\/STEINWACHSRechtsanwaltskanzlei\/\" \/>\n<meta property=\"article:modified_time\" content=\"2023-11-23T11:27:07+00:00\" \/>\n<meta name=\"twitter:card\" content=\"summary_large_image\" \/>\n<meta name=\"twitter:site\" content=\"@rasteinwachs\" \/>\n<meta name=\"twitter:label1\" content=\"Dur\u00e9e de lecture estim\u00e9e\" \/>\n\t<meta name=\"twitter:data1\" content=\"3 minutes\" \/>\n<script type=\"application\/ld+json\" class=\"yoast-schema-graph\">{\"@context\":\"https:\\\/\\\/schema.org\",\"@graph\":[{\"@type\":\"WebPage\",\"@id\":\"https:\\\/\\\/www.kanzlei-steinwachs.de\\\/fr\\\/jugements-en-droit-du-travail\\\/jugements-de-sacs-2007\\\/mise-en-place-du-comite-de-groupe\\\/\",\"url\":\"https:\\\/\\\/www.kanzlei-steinwachs.de\\\/fr\\\/jugements-en-droit-du-travail\\\/jugements-de-sacs-2007\\\/mise-en-place-du-comite-de-groupe\\\/\",\"name\":\"Rechtsanwaltskanzlei in Hamburg Berlin Bremen Hannover L\u00fcbeck\",\"isPartOf\":{\"@id\":\"https:\\\/\\\/www.kanzlei-steinwachs.de\\\/fr\\\/#website\"},\"primaryImageOfPage\":{\"@id\":\"https:\\\/\\\/www.kanzlei-steinwachs.de\\\/fr\\\/jugements-en-droit-du-travail\\\/jugements-de-sacs-2007\\\/mise-en-place-du-comite-de-groupe\\\/#primaryimage\"},\"image\":{\"@id\":\"https:\\\/\\\/www.kanzlei-steinwachs.de\\\/fr\\\/jugements-en-droit-du-travail\\\/jugements-de-sacs-2007\\\/mise-en-place-du-comite-de-groupe\\\/#primaryimage\"},\"thumbnailUrl\":\"https:\\\/\\\/i0.wp.com\\\/www.kanzlei-steinwachs.de\\\/wp-content\\\/uploads\\\/2023\\\/11\\\/Bundesarbeitsgericht_Urteile_2007.webp?fit=200%2C100&quality=20&ssl=1\",\"datePublished\":\"2023-11-20T10:32:35+00:00\",\"dateModified\":\"2023-11-23T11:27:07+00:00\",\"description\":\"Rechtsanwaltskanzlei f\u00fcr Arbeitsrecht, Arzthaftung, Mietrecht, Gewerbemietrecht ,Gastronomierecht, Immobilienrecht, Schadensersatz Yachtrecht\",\"breadcrumb\":{\"@id\":\"https:\\\/\\\/www.kanzlei-steinwachs.de\\\/fr\\\/jugements-en-droit-du-travail\\\/jugements-de-sacs-2007\\\/mise-en-place-du-comite-de-groupe\\\/#breadcrumb\"},\"inLanguage\":\"fr-FR\",\"potentialAction\":[{\"@type\":\"ReadAction\",\"target\":[\"https:\\\/\\\/www.kanzlei-steinwachs.de\\\/fr\\\/jugements-en-droit-du-travail\\\/jugements-de-sacs-2007\\\/mise-en-place-du-comite-de-groupe\\\/\"]}]},{\"@type\":\"ImageObject\",\"inLanguage\":\"fr-FR\",\"@id\":\"https:\\\/\\\/www.kanzlei-steinwachs.de\\\/fr\\\/jugements-en-droit-du-travail\\\/jugements-de-sacs-2007\\\/mise-en-place-du-comite-de-groupe\\\/#primaryimage\",\"url\":\"https:\\\/\\\/i0.wp.com\\\/www.kanzlei-steinwachs.de\\\/wp-content\\\/uploads\\\/2023\\\/11\\\/Bundesarbeitsgericht_Urteile_2007.webp?fit=200%2C100&quality=20&ssl=1\",\"contentUrl\":\"https:\\\/\\\/i0.wp.com\\\/www.kanzlei-steinwachs.de\\\/wp-content\\\/uploads\\\/2023\\\/11\\\/Bundesarbeitsgericht_Urteile_2007.webp?fit=200%2C100&quality=20&ssl=1\",\"width\":200,\"height\":100,\"caption\":\"Rechtliche Wirkung einer K\u00fcndigung\"},{\"@type\":\"BreadcrumbList\",\"@id\":\"https:\\\/\\\/www.kanzlei-steinwachs.de\\\/fr\\\/jugements-en-droit-du-travail\\\/jugements-de-sacs-2007\\\/mise-en-place-du-comite-de-groupe\\\/#breadcrumb\",\"itemListElement\":[{\"@type\":\"ListItem\",\"position\":1,\"name\":\"Jugements en droit du travail\",\"item\":\"https:\\\/\\\/www.kanzlei-steinwachs.de\\\/fr\\\/jugements-en-droit-du-travail\\\/\"},{\"@type\":\"ListItem\",\"position\":2,\"name\":\"Jugements de sacs 2007\",\"item\":\"https:\\\/\\\/www.kanzlei-steinwachs.de\\\/fr\\\/arbeitsrecht-urteile\\\/bag-urteile-2007\\\/\"},{\"@type\":\"ListItem\",\"position\":3,\"name\":\"Mise en place du comit\u00e9 de groupe\"}]},{\"@type\":\"WebSite\",\"@id\":\"https:\\\/\\\/www.kanzlei-steinwachs.de\\\/fr\\\/#website\",\"url\":\"https:\\\/\\\/www.kanzlei-steinwachs.de\\\/fr\\\/\",\"name\":\"Rechtsanwaltskanzlei Anwalt Hamburg Berlin Bremen Hannover L\u00fcbeck\",\"description\":\"Wir leisten mehr als Recht bietet\",\"publisher\":{\"@id\":\"https:\\\/\\\/www.kanzlei-steinwachs.de\\\/fr\\\/#organization\"},\"potentialAction\":[{\"@type\":\"SearchAction\",\"target\":{\"@type\":\"EntryPoint\",\"urlTemplate\":\"https:\\\/\\\/www.kanzlei-steinwachs.de\\\/fr\\\/?s={search_term_string}\"},\"query-input\":{\"@type\":\"PropertyValueSpecification\",\"valueRequired\":true,\"valueName\":\"search_term_string\"}}],\"inLanguage\":\"fr-FR\"},{\"@type\":[\"Organization\",\"Place\"],\"@id\":\"https:\\\/\\\/www.kanzlei-steinwachs.de\\\/fr\\\/#organization\",\"name\":\"Rechtsanwaltskanzlei Anwalt Hamburg Berlin Bremen Hannover L\u00fcbeck\",\"url\":\"https:\\\/\\\/www.kanzlei-steinwachs.de\\\/\",\"logo\":{\"@type\":\"ImageObject\",\"inLanguage\":\"fr-FR\",\"@id\":\"https:\\\/\\\/www.kanzlei-steinwachs.de\\\/fr\\\/#\\\/schema\\\/logo\\\/image\\\/\",\"url\":\"https:\\\/\\\/i0.wp.com\\\/www.kanzlei-steinwachs.de\\\/wp-content\\\/uploads\\\/2023\\\/12\\\/logo.webp?fit=174%2C76&quality=80&ssl=1\",\"contentUrl\":\"https:\\\/\\\/i0.wp.com\\\/www.kanzlei-steinwachs.de\\\/wp-content\\\/uploads\\\/2023\\\/12\\\/logo.webp?fit=174%2C76&quality=80&ssl=1\",\"width\":174,\"height\":76,\"caption\":\"Rechtsanwaltskanzlei Anwalt Hamburg Berlin Bremen Hannover L\u00fcbeck\"},\"image\":{\"@id\":\"https:\\\/\\\/www.kanzlei-steinwachs.de\\\/fr\\\/#\\\/schema\\\/logo\\\/image\\\/\"},\"sameAs\":[\"https:\\\/\\\/www.facebook.com\\\/STEINWACHSRechtsanwaltskanzlei\\\/\",\"https:\\\/\\\/x.com\\\/rasteinwachs\",\"https:\\\/\\\/www.instagram.com\\\/steinwachs_rechtsanwaelte\\\/\",\"https:\\\/\\\/www.linkedin.com\\\/in\\\/stephan-steinwachs-7a270197\\\/\",\"https:\\\/\\\/www.youtube.com\\\/channel\\\/UCffmodDlQx81remXm395RWA\"],\"telephone\":[]}]}<\/script>\n<!-- \/ Yoast SEO Premium plugin. -->","yoast_head_json":{"title":"Rechtsanwaltskanzlei in Hamburg Berlin Bremen Hannover L\u00fcbeck","description":"Rechtsanwaltskanzlei f\u00fcr Arbeitsrecht, Arzthaftung, Mietrecht, Gewerbemietrecht ,Gastronomierecht, Immobilienrecht, Schadensersatz Yachtrecht","robots":{"index":"index","follow":"follow","max-snippet":"max-snippet:-1","max-image-preview":"max-image-preview:large","max-video-preview":"max-video-preview:-1"},"canonical":"https:\/\/www.kanzlei-steinwachs.de\/fr\/jugements-en-droit-du-travail\/jugements-de-sacs-2007\/mise-en-place-du-comite-de-groupe\/","og_locale":"fr_FR","og_type":"article","og_title":"Rechtsanwaltskanzlei in Hamburg Berlin Bremen Hannover L\u00fcbeck","og_description":"Rechtsanwaltskanzlei f\u00fcr Arbeitsrecht, Arzthaftung, Mietrecht, Gewerbemietrecht ,Gastronomierecht, Immobilienrecht, Schadensersatz Yachtrecht","og_url":"https:\/\/www.kanzlei-steinwachs.de\/fr\/jugements-en-droit-du-travail\/jugements-de-sacs-2007\/mise-en-place-du-comite-de-groupe\/","og_site_name":"Rechtsanwaltskanzlei Anwalt Hamburg Berlin Bremen Hannover L\u00fcbeck","article_publisher":"https:\/\/www.facebook.com\/STEINWACHSRechtsanwaltskanzlei\/","article_modified_time":"2023-11-23T11:27:07+00:00","twitter_card":"summary_large_image","twitter_site":"@rasteinwachs","twitter_misc":{"Dur\u00e9e de lecture estim\u00e9e":"3 minutes"},"schema":{"@context":"https:\/\/schema.org","@graph":[{"@type":"WebPage","@id":"https:\/\/www.kanzlei-steinwachs.de\/fr\/jugements-en-droit-du-travail\/jugements-de-sacs-2007\/mise-en-place-du-comite-de-groupe\/","url":"https:\/\/www.kanzlei-steinwachs.de\/fr\/jugements-en-droit-du-travail\/jugements-de-sacs-2007\/mise-en-place-du-comite-de-groupe\/","name":"Rechtsanwaltskanzlei in Hamburg Berlin Bremen Hannover L\u00fcbeck","isPartOf":{"@id":"https:\/\/www.kanzlei-steinwachs.de\/fr\/#website"},"primaryImageOfPage":{"@id":"https:\/\/www.kanzlei-steinwachs.de\/fr\/jugements-en-droit-du-travail\/jugements-de-sacs-2007\/mise-en-place-du-comite-de-groupe\/#primaryimage"},"image":{"@id":"https:\/\/www.kanzlei-steinwachs.de\/fr\/jugements-en-droit-du-travail\/jugements-de-sacs-2007\/mise-en-place-du-comite-de-groupe\/#primaryimage"},"thumbnailUrl":"https:\/\/i0.wp.com\/www.kanzlei-steinwachs.de\/wp-content\/uploads\/2023\/11\/Bundesarbeitsgericht_Urteile_2007.webp?fit=200%2C100&quality=20&ssl=1","datePublished":"2023-11-20T10:32:35+00:00","dateModified":"2023-11-23T11:27:07+00:00","description":"Rechtsanwaltskanzlei f\u00fcr Arbeitsrecht, Arzthaftung, Mietrecht, Gewerbemietrecht ,Gastronomierecht, Immobilienrecht, Schadensersatz Yachtrecht","breadcrumb":{"@id":"https:\/\/www.kanzlei-steinwachs.de\/fr\/jugements-en-droit-du-travail\/jugements-de-sacs-2007\/mise-en-place-du-comite-de-groupe\/#breadcrumb"},"inLanguage":"fr-FR","potentialAction":[{"@type":"ReadAction","target":["https:\/\/www.kanzlei-steinwachs.de\/fr\/jugements-en-droit-du-travail\/jugements-de-sacs-2007\/mise-en-place-du-comite-de-groupe\/"]}]},{"@type":"ImageObject","inLanguage":"fr-FR","@id":"https:\/\/www.kanzlei-steinwachs.de\/fr\/jugements-en-droit-du-travail\/jugements-de-sacs-2007\/mise-en-place-du-comite-de-groupe\/#primaryimage","url":"https:\/\/i0.wp.com\/www.kanzlei-steinwachs.de\/wp-content\/uploads\/2023\/11\/Bundesarbeitsgericht_Urteile_2007.webp?fit=200%2C100&quality=20&ssl=1","contentUrl":"https:\/\/i0.wp.com\/www.kanzlei-steinwachs.de\/wp-content\/uploads\/2023\/11\/Bundesarbeitsgericht_Urteile_2007.webp?fit=200%2C100&quality=20&ssl=1","width":200,"height":100,"caption":"Rechtliche Wirkung einer K\u00fcndigung"},{"@type":"BreadcrumbList","@id":"https:\/\/www.kanzlei-steinwachs.de\/fr\/jugements-en-droit-du-travail\/jugements-de-sacs-2007\/mise-en-place-du-comite-de-groupe\/#breadcrumb","itemListElement":[{"@type":"ListItem","position":1,"name":"Jugements en droit du travail","item":"https:\/\/www.kanzlei-steinwachs.de\/fr\/jugements-en-droit-du-travail\/"},{"@type":"ListItem","position":2,"name":"Jugements de sacs 2007","item":"https:\/\/www.kanzlei-steinwachs.de\/fr\/arbeitsrecht-urteile\/bag-urteile-2007\/"},{"@type":"ListItem","position":3,"name":"Mise en place du comit\u00e9 de groupe"}]},{"@type":"WebSite","@id":"https:\/\/www.kanzlei-steinwachs.de\/fr\/#website","url":"https:\/\/www.kanzlei-steinwachs.de\/fr\/","name":"Rechtsanwaltskanzlei Anwalt Hamburg Berlin Bremen Hannover L\u00fcbeck","description":"Wir leisten mehr als Recht bietet","publisher":{"@id":"https:\/\/www.kanzlei-steinwachs.de\/fr\/#organization"},"potentialAction":[{"@type":"SearchAction","target":{"@type":"EntryPoint","urlTemplate":"https:\/\/www.kanzlei-steinwachs.de\/fr\/?s={search_term_string}"},"query-input":{"@type":"PropertyValueSpecification","valueRequired":true,"valueName":"search_term_string"}}],"inLanguage":"fr-FR"},{"@type":["Organization","Place"],"@id":"https:\/\/www.kanzlei-steinwachs.de\/fr\/#organization","name":"Rechtsanwaltskanzlei Anwalt Hamburg Berlin Bremen Hannover L\u00fcbeck","url":"https:\/\/www.kanzlei-steinwachs.de\/","logo":{"@type":"ImageObject","inLanguage":"fr-FR","@id":"https:\/\/www.kanzlei-steinwachs.de\/fr\/#\/schema\/logo\/image\/","url":"https:\/\/i0.wp.com\/www.kanzlei-steinwachs.de\/wp-content\/uploads\/2023\/12\/logo.webp?fit=174%2C76&quality=80&ssl=1","contentUrl":"https:\/\/i0.wp.com\/www.kanzlei-steinwachs.de\/wp-content\/uploads\/2023\/12\/logo.webp?fit=174%2C76&quality=80&ssl=1","width":174,"height":76,"caption":"Rechtsanwaltskanzlei Anwalt Hamburg Berlin Bremen Hannover L\u00fcbeck"},"image":{"@id":"https:\/\/www.kanzlei-steinwachs.de\/fr\/#\/schema\/logo\/image\/"},"sameAs":["https:\/\/www.facebook.com\/STEINWACHSRechtsanwaltskanzlei\/","https:\/\/x.com\/rasteinwachs","https:\/\/www.instagram.com\/steinwachs_rechtsanwaelte\/","https:\/\/www.linkedin.com\/in\/stephan-steinwachs-7a270197\/","https:\/\/www.youtube.com\/channel\/UCffmodDlQx81remXm395RWA"],"telephone":[]}]}},"jetpack_sharing_enabled":true,"_links":{"self":[{"href":"https:\/\/www.kanzlei-steinwachs.de\/fr\/wp-json\/wp\/v2\/pages\/12539","targetHints":{"allow":["GET"]}}],"collection":[{"href":"https:\/\/www.kanzlei-steinwachs.de\/fr\/wp-json\/wp\/v2\/pages"}],"about":[{"href":"https:\/\/www.kanzlei-steinwachs.de\/fr\/wp-json\/wp\/v2\/types\/page"}],"author":[{"embeddable":true,"href":"https:\/\/www.kanzlei-steinwachs.de\/fr\/wp-json\/wp\/v2\/users\/1"}],"replies":[{"embeddable":true,"href":"https:\/\/www.kanzlei-steinwachs.de\/fr\/wp-json\/wp\/v2\/comments?post=12539"}],"version-history":[{"count":0,"href":"https:\/\/www.kanzlei-steinwachs.de\/fr\/wp-json\/wp\/v2\/pages\/12539\/revisions"}],"up":[{"embeddable":true,"href":"https:\/\/www.kanzlei-steinwachs.de\/fr\/wp-json\/wp\/v2\/pages\/11578"}],"wp:featuredmedia":[{"embeddable":true,"href":"https:\/\/www.kanzlei-steinwachs.de\/fr\/wp-json\/wp\/v2\/media\/10688"}],"wp:attachment":[{"href":"https:\/\/www.kanzlei-steinwachs.de\/fr\/wp-json\/wp\/v2\/media?parent=12539"}],"curies":[{"name":"wp","href":"https:\/\/api.w.org\/{rel}","templated":true}]}}