{"id":11559,"date":"2023-11-15T09:28:28","date_gmt":"2023-11-15T08:28:28","guid":{"rendered":"https:\/\/www.kanzlei-steinwachs.de\/loi-sur-les-saisies\/"},"modified":"2023-11-21T07:05:57","modified_gmt":"2023-11-21T06:05:57","slug":"loi-sur-les-saisies","status":"publish","type":"page","link":"https:\/\/www.kanzlei-steinwachs.de\/fr\/loi-sur-les-saisies\/","title":{"rendered":"loi sur les saisies"},"content":{"rendered":"<div class=\"wpb-content-wrapper\"><p>[vc_row content_width=\u00a0\u00bbgrid\u00a0\u00bb content_aligment=\u00a0\u00bbcenter\u00a0\u00bb triangle_shape=\u00a0\u00bbno\u00a0\u00bb css=\u00a0\u00bb.vc_custom_1696926719838{padding-bottom: 10px !important;background-position: center !important;background-repeat: no-repeat !important;background-size: cover !important;}\u00a0\u00bb][vc_column]<div class=\"mkd-separator-holder clearfix  mkd-separator-center mkd-separator-with-icon mkd-animate\" style=\"margin-top: 20px; margin-bottom: 30px\">\n\t<div class=\"mkd-separator\" style=\"border-color: #c18f59;border-style: solid;width: 97.5px\"><\/div>\n\t\t<div class=\"mkd-separator-icon\">\n\t\t\t                    \t\t\t\t\t\t<\/div>\n\t<div class=\"mkd-separator\" style=\"border-color: #c18f59;border-style: solid;width: 97.5px\"><\/div>\n<\/div>\n[\/vc_column][\/vc_row][vc_row triangle_shape=\u00a0\u00bbno\u00a0\u00bb][vc_column][vc_column_text css=\u00a0\u00bb.vc_custom_1700478770647{margin-bottom: 0px !important;padding-top: 20px !important;padding-bottom: 1px !important;}\u00a0\u00bb]Le droit de l&rsquo;ex\u00e9cution forc\u00e9e concerne l&rsquo;ex\u00e9cution forc\u00e9e de cr\u00e9ances de droit priv\u00e9 ou public par le pouvoir de l&rsquo;\u00c9tat.<\/p>\n<div id=\"gtx-trans\" style=\"position: absolute; left: 91px; top: 113px;\">\n<div class=\"gtx-trans-icon\"><\/div>\n<\/div>\n<p>[\/vc_column_text][vc_column_text css=\u00a0\u00bb.vc_custom_1700478793566{padding-top: 10px !important;}\u00a0\u00bb]Seul l\u2019\u00c9tat est responsable du recours \u00e0 la force pour faire valoir les revendications priv\u00e9es. La justice vigilante n&rsquo;est autoris\u00e9e que dans des limites \u00e9troites (par exemple \u00a7 229 BGB). En droit priv\u00e9 de l&rsquo;ex\u00e9cution forc\u00e9e, l&rsquo;ex\u00e9cution forc\u00e9e s&rsquo;effectue sur la base d&rsquo;un titre ex\u00e9cutoire. Le cr\u00e9ancier y parvient dans le cadre du droit de l&rsquo;ex\u00e9cution forc\u00e9e, par exemple en intentant une action en justice et en obtenant un jugement d\u00e9finitif juridiquement contraignant (\u00a7 704 ZPO). Cependant, il existe \u00e9galement d&rsquo;autres titres ex\u00e9cutoires dans le droit de l&rsquo;ex\u00e9cution forc\u00e9e, comme par exemple l&rsquo;avis d&rsquo;ex\u00e9cution ou l&rsquo;acte notari\u00e9 ; une liste des titres ex\u00e9cutoires figure \u00e0 l&rsquo;article 794 ZPO.[\/vc_column_text][vc_column_text css=\u00a0\u00bb.vc_custom_1700478799390{padding-top: 10px !important;}\u00a0\u00bb]La forme la plus courante en mati\u00e8re d&rsquo;application du droit priv\u00e9 est l&rsquo;ex\u00e9cution forc\u00e9e sur la base de cr\u00e9ances p\u00e9cuniaires. L&rsquo;ex\u00e9cution forc\u00e9e en raison de cr\u00e9ances p\u00e9cuniaires peut \u00eatre effectu\u00e9e sur les biens meubles (\u00a7\u00a7 803 et suivants du ZPO) ou sur les biens immobiliers (\u00a7\u00a7 864 et suivants du ZPO) du d\u00e9biteur judiciaire. En droit de l&rsquo;ex\u00e9cution forc\u00e9e, l&rsquo;huissier de justice, le tribunal de l&rsquo;ex\u00e9cution ou le tribunal de premi\u00e8re instance peuvent \u00eatre responsables. Toutefois, l&rsquo;ex\u00e9cution de droit priv\u00e9 peut \u00e9galement \u00eatre effectu\u00e9e, par exemple pour faire ex\u00e9cuter un acte\/une omission du d\u00e9biteur judiciaire (\u00a7\u00a7 883 et suivants du ZPO).[\/vc_column_text][\/vc_column][\/vc_row][vc_row triangle_shape=\u00a0\u00bbno\u00a0\u00bb css=\u00a0\u00bb.vc_custom_1695985900053{padding-top: 30px !important;}\u00a0\u00bb][vc_column][vc_row_inner css=\u00a0\u00bb.vc_custom_1697455935676{padding-bottom: 10px !important;}\u00a0\u00bb][vc_column_inner width=\u00a0\u00bb1\/2&Prime;]\n<h2 class=\"mkd-custom-font-holder\" style=\"font-size: 20px;line-height: 30px;font-weight: 700\" data-font-size= 20 data-line-height= 30>\n\tZu den wesentlichen Themen im privatrechtlichen Zwangsvollstreckungsrecht geh\u00f6ren unter anderem:<\/h2>[vc_empty_space]<div class=\"mkd-unordered-list \" ><ul>\n<li>Crise d&rsquo;\u00e9pilepsie<\/li>\n<li>Lien de saisie-arr\u00eat et enchev\u00eatrement<\/li>\n<li>Limites d\u2019exemption de saisie<\/li>\n<li>Forclusion<\/li>\n<li>D\u00e9cision de transfert<\/li>\n<li>Injonction provisoire\/arrestation provisoire<\/li>\n<li>Recours juridiques contre l&rsquo;ex\u00e9cution forc\u00e9e (par exemple action d&rsquo;opposition d&rsquo;un tiers, rappel ou demande reconventionnelle d&rsquo;ex\u00e9cution)<\/li>\n<\/ul>\n<\/div>[\/vc_column_inner][vc_column_inner width=\u00a0\u00bb1\/2&Prime;][vc_single_image image=\u00a0\u00bb1425&Prime; img_size=\u00a0\u00bbfull\u00a0\u00bb][\/vc_column_inner][\/vc_row_inner][\/vc_column][\/vc_row][vc_row triangle_shape=\u00a0\u00bbno\u00a0\u00bb css=\u00a0\u00bb.vc_custom_1697455870159{padding-bottom: 50px !important;}\u00a0\u00bb][vc_column][vc_column_text css=\u00a0\u00bb.vc_custom_1700478858253{padding-top: 10px !important;}\u00a0\u00bb]Le droit de l&rsquo;ex\u00e9cution priv\u00e9e est r\u00e9glement\u00e9 principalement dans le livre 8 du ZPO. Au niveau de l&rsquo;UE, le r\u00e8glement Bruxelles I (CE) n\u00b0 44\/2001 doit \u00eatre respect\u00e9 en particulier dans le droit de l&rsquo;ex\u00e9cution.<\/p>\n<p>[\/vc_column_text][vc_column_text css=\u00a0\u00bb.vc_custom_1700478876709{padding-top: 10px !important;}\u00a0\u00bb]En droit public de l&rsquo;ex\u00e9cution, l&rsquo;ex\u00e9cution s&rsquo;effectue g\u00e9n\u00e9ralement sur la base d&rsquo;un acte administratif faisant office de titre. Contrairement \u00e0 la plupart des lois d\u2019application priv\u00e9es, l\u2019autorit\u00e9 n\u2019a pas besoin d\u2019engager de proc\u00e9dure pr\u00e9alable. Le droit public de l&rsquo;ex\u00e9cution est r\u00e9glement\u00e9 en particulier par la loi f\u00e9d\u00e9rale sur l&rsquo;ex\u00e9cution administrative (VwVG) ou par les L\u00e4nder respectifs (par exemple HmbVwVG, VwVG NRW).<\/p>\n<p>[\/vc_column_text][vc_column_text css=\u00a0\u00bb.vc_custom_1700478888966{padding-top: 10px !important;}\u00a0\u00bb]Dans les pages suivantes, nous essaierons de vous fournir le plus d&rsquo;informations possible sur les principes de base du droit de l&rsquo;ex\u00e9cution forc\u00e9e.[\/vc_column_text][vc_column_text css=\u00a0\u00bb.vc_custom_1700478900021{padding-top: 10px !important;}\u00a0\u00bb]Nous vous recommandons \u00e9galement les pages suivantes au sujet du droit de l\u2019ex\u00e9cution forc\u00e9e :<\/p>\n<p>[\/vc_column_text][\/vc_column][\/vc_row]<\/p>\n<\/div>","protected":false},"excerpt":{"rendered":"<p>[vc_row content_width=\u00a0\u00bbgrid\u00a0\u00bb content_aligment=\u00a0\u00bbcenter\u00a0\u00bb triangle_shape=\u00a0\u00bbno\u00a0\u00bb css=\u00a0\u00bb.vc_custom_1696926719838{padding-bottom: 10px !important;background-position: center !important;background-repeat: no-repeat !important;background-size: cover !important;}\u00a0\u00bb][vc_column][\/vc_column][\/vc_row][vc_row triangle_shape=\u00a0\u00bbno\u00a0\u00bb][vc_column][vc_column_text css=\u00a0\u00bb.vc_custom_1700478770647{margin-bottom: 0px !important;padding-top: 20px !important;padding-bottom: 1px !important;}\u00a0\u00bb]Le droit de l&rsquo;ex\u00e9cution forc\u00e9e concerne l&rsquo;ex\u00e9cution forc\u00e9e de cr\u00e9ances de droit priv\u00e9 ou public par le pouvoir de l&rsquo;\u00c9tat. [\/vc_column_text][vc_column_text css=\u00a0\u00bb.vc_custom_1700478793566{padding-top: 10px !important;}\u00a0\u00bb]Seul l\u2019\u00c9tat est responsable du recours \u00e0 la force pour faire valoir les revendications priv\u00e9es. La justice vigilante n&rsquo;est autoris\u00e9e que dans des limites \u00e9troites (par exemple \u00a7 229 BGB). En droit priv\u00e9 de l&rsquo;ex\u00e9cution forc\u00e9e, l&rsquo;ex\u00e9cution forc\u00e9e s&rsquo;effectue sur la base d&rsquo;un titre ex\u00e9cutoire. Le cr\u00e9ancier y parvient dans le cadre du droit de l&rsquo;ex\u00e9cution forc\u00e9e,&#8230;<\/p>\n","protected":false},"author":1,"featured_media":0,"parent":0,"menu_order":0,"comment_status":"closed","ping_status":"closed","template":"","meta":{"footnotes":""},"class_list":["post-11559","page","type-page","status-publish","hentry"],"yoast_head":"<!-- This site is optimized with the Yoast SEO Premium plugin v27.2 (Yoast SEO v27.3) - https:\/\/yoast.com\/product\/yoast-seo-premium-wordpress\/ -->\n<title>Rechtsanwaltskanzlei in Hamburg Berlin Bremen Hannover L\u00fcbeck<\/title>\n<meta name=\"description\" content=\"Rechtsanwaltskanzlei f\u00fcr Arbeitsrecht, Arzthaftung, Mietrecht, Gewerbemietrecht ,Gastronomierecht, Immobilienrecht, Schadensersatz Yachtrecht\" \/>\n<meta name=\"robots\" content=\"index, follow, max-snippet:-1, max-image-preview:large, max-video-preview:-1\" \/>\n<link rel=\"canonical\" href=\"https:\/\/www.kanzlei-steinwachs.de\/fr\/loi-sur-les-saisies\/\" \/>\n<meta property=\"og:locale\" content=\"fr_FR\" \/>\n<meta property=\"og:type\" content=\"article\" \/>\n<meta property=\"og:title\" content=\"Rechtsanwaltskanzlei in Hamburg Berlin Bremen Hannover L\u00fcbeck\" \/>\n<meta property=\"og:description\" content=\"Rechtsanwaltskanzlei f\u00fcr Arbeitsrecht, Arzthaftung, Mietrecht, Gewerbemietrecht ,Gastronomierecht, Immobilienrecht, Schadensersatz Yachtrecht\" \/>\n<meta property=\"og:url\" content=\"https:\/\/www.kanzlei-steinwachs.de\/fr\/loi-sur-les-saisies\/\" \/>\n<meta property=\"og:site_name\" content=\"Rechtsanwaltskanzlei Anwalt Hamburg Berlin Bremen Hannover L\u00fcbeck\" \/>\n<meta property=\"article:publisher\" content=\"https:\/\/www.facebook.com\/STEINWACHSRechtsanwaltskanzlei\/\" \/>\n<meta property=\"article:modified_time\" content=\"2023-11-21T06:05:57+00:00\" \/>\n<meta name=\"twitter:card\" content=\"summary_large_image\" \/>\n<meta name=\"twitter:site\" content=\"@rasteinwachs\" \/>\n<meta name=\"twitter:label1\" content=\"Dur\u00e9e de lecture estim\u00e9e\" \/>\n\t<meta name=\"twitter:data1\" content=\"4 minutes\" \/>\n<script type=\"application\/ld+json\" class=\"yoast-schema-graph\">{\"@context\":\"https:\\\/\\\/schema.org\",\"@graph\":[{\"@type\":\"WebPage\",\"@id\":\"https:\\\/\\\/www.kanzlei-steinwachs.de\\\/fr\\\/loi-sur-les-saisies\\\/\",\"url\":\"https:\\\/\\\/www.kanzlei-steinwachs.de\\\/fr\\\/loi-sur-les-saisies\\\/\",\"name\":\"Rechtsanwaltskanzlei in Hamburg Berlin Bremen Hannover L\u00fcbeck\",\"isPartOf\":{\"@id\":\"https:\\\/\\\/www.kanzlei-steinwachs.de\\\/fr\\\/#website\"},\"datePublished\":\"2023-11-15T08:28:28+00:00\",\"dateModified\":\"2023-11-21T06:05:57+00:00\",\"description\":\"Rechtsanwaltskanzlei f\u00fcr Arbeitsrecht, Arzthaftung, Mietrecht, Gewerbemietrecht ,Gastronomierecht, Immobilienrecht, Schadensersatz Yachtrecht\",\"inLanguage\":\"fr-FR\",\"potentialAction\":[{\"@type\":\"ReadAction\",\"target\":[\"https:\\\/\\\/www.kanzlei-steinwachs.de\\\/fr\\\/loi-sur-les-saisies\\\/\"]}]},{\"@type\":\"WebSite\",\"@id\":\"https:\\\/\\\/www.kanzlei-steinwachs.de\\\/fr\\\/#website\",\"url\":\"https:\\\/\\\/www.kanzlei-steinwachs.de\\\/fr\\\/\",\"name\":\"Rechtsanwaltskanzlei Anwalt Hamburg Berlin Bremen Hannover L\u00fcbeck\",\"description\":\"Wir leisten mehr als Recht bietet\",\"publisher\":{\"@id\":\"https:\\\/\\\/www.kanzlei-steinwachs.de\\\/fr\\\/#organization\"},\"potentialAction\":[{\"@type\":\"SearchAction\",\"target\":{\"@type\":\"EntryPoint\",\"urlTemplate\":\"https:\\\/\\\/www.kanzlei-steinwachs.de\\\/fr\\\/?s={search_term_string}\"},\"query-input\":{\"@type\":\"PropertyValueSpecification\",\"valueRequired\":true,\"valueName\":\"search_term_string\"}}],\"inLanguage\":\"fr-FR\"},{\"@type\":[\"Organization\",\"Place\"],\"@id\":\"https:\\\/\\\/www.kanzlei-steinwachs.de\\\/fr\\\/#organization\",\"name\":\"Rechtsanwaltskanzlei Anwalt Hamburg Berlin Bremen Hannover L\u00fcbeck\",\"url\":\"https:\\\/\\\/www.kanzlei-steinwachs.de\\\/\",\"logo\":{\"@type\":\"ImageObject\",\"inLanguage\":\"fr-FR\",\"@id\":\"https:\\\/\\\/www.kanzlei-steinwachs.de\\\/fr\\\/#\\\/schema\\\/logo\\\/image\\\/\",\"url\":\"https:\\\/\\\/i0.wp.com\\\/www.kanzlei-steinwachs.de\\\/wp-content\\\/uploads\\\/2023\\\/12\\\/logo.webp?fit=174%2C76&quality=80&ssl=1\",\"contentUrl\":\"https:\\\/\\\/i0.wp.com\\\/www.kanzlei-steinwachs.de\\\/wp-content\\\/uploads\\\/2023\\\/12\\\/logo.webp?fit=174%2C76&quality=80&ssl=1\",\"width\":174,\"height\":76,\"caption\":\"Rechtsanwaltskanzlei Anwalt Hamburg Berlin Bremen Hannover L\u00fcbeck\"},\"image\":{\"@id\":\"https:\\\/\\\/www.kanzlei-steinwachs.de\\\/fr\\\/#\\\/schema\\\/logo\\\/image\\\/\"},\"sameAs\":[\"https:\\\/\\\/www.facebook.com\\\/STEINWACHSRechtsanwaltskanzlei\\\/\",\"https:\\\/\\\/x.com\\\/rasteinwachs\",\"https:\\\/\\\/www.instagram.com\\\/steinwachs_rechtsanwaelte\\\/\",\"https:\\\/\\\/www.linkedin.com\\\/in\\\/stephan-steinwachs-7a270197\\\/\",\"https:\\\/\\\/www.youtube.com\\\/channel\\\/UCffmodDlQx81remXm395RWA\"],\"telephone\":[]}]}<\/script>\n<!-- \/ Yoast SEO Premium plugin. -->","yoast_head_json":{"title":"Rechtsanwaltskanzlei in Hamburg Berlin Bremen Hannover L\u00fcbeck","description":"Rechtsanwaltskanzlei f\u00fcr Arbeitsrecht, Arzthaftung, Mietrecht, Gewerbemietrecht ,Gastronomierecht, Immobilienrecht, Schadensersatz Yachtrecht","robots":{"index":"index","follow":"follow","max-snippet":"max-snippet:-1","max-image-preview":"max-image-preview:large","max-video-preview":"max-video-preview:-1"},"canonical":"https:\/\/www.kanzlei-steinwachs.de\/fr\/loi-sur-les-saisies\/","og_locale":"fr_FR","og_type":"article","og_title":"Rechtsanwaltskanzlei in Hamburg Berlin Bremen Hannover L\u00fcbeck","og_description":"Rechtsanwaltskanzlei f\u00fcr Arbeitsrecht, Arzthaftung, Mietrecht, Gewerbemietrecht ,Gastronomierecht, Immobilienrecht, Schadensersatz Yachtrecht","og_url":"https:\/\/www.kanzlei-steinwachs.de\/fr\/loi-sur-les-saisies\/","og_site_name":"Rechtsanwaltskanzlei Anwalt Hamburg Berlin Bremen Hannover L\u00fcbeck","article_publisher":"https:\/\/www.facebook.com\/STEINWACHSRechtsanwaltskanzlei\/","article_modified_time":"2023-11-21T06:05:57+00:00","twitter_card":"summary_large_image","twitter_site":"@rasteinwachs","twitter_misc":{"Dur\u00e9e de lecture estim\u00e9e":"4 minutes"},"schema":{"@context":"https:\/\/schema.org","@graph":[{"@type":"WebPage","@id":"https:\/\/www.kanzlei-steinwachs.de\/fr\/loi-sur-les-saisies\/","url":"https:\/\/www.kanzlei-steinwachs.de\/fr\/loi-sur-les-saisies\/","name":"Rechtsanwaltskanzlei in Hamburg Berlin Bremen Hannover L\u00fcbeck","isPartOf":{"@id":"https:\/\/www.kanzlei-steinwachs.de\/fr\/#website"},"datePublished":"2023-11-15T08:28:28+00:00","dateModified":"2023-11-21T06:05:57+00:00","description":"Rechtsanwaltskanzlei f\u00fcr Arbeitsrecht, Arzthaftung, Mietrecht, Gewerbemietrecht ,Gastronomierecht, Immobilienrecht, Schadensersatz Yachtrecht","inLanguage":"fr-FR","potentialAction":[{"@type":"ReadAction","target":["https:\/\/www.kanzlei-steinwachs.de\/fr\/loi-sur-les-saisies\/"]}]},{"@type":"WebSite","@id":"https:\/\/www.kanzlei-steinwachs.de\/fr\/#website","url":"https:\/\/www.kanzlei-steinwachs.de\/fr\/","name":"Rechtsanwaltskanzlei Anwalt Hamburg Berlin Bremen Hannover L\u00fcbeck","description":"Wir leisten mehr als Recht bietet","publisher":{"@id":"https:\/\/www.kanzlei-steinwachs.de\/fr\/#organization"},"potentialAction":[{"@type":"SearchAction","target":{"@type":"EntryPoint","urlTemplate":"https:\/\/www.kanzlei-steinwachs.de\/fr\/?s={search_term_string}"},"query-input":{"@type":"PropertyValueSpecification","valueRequired":true,"valueName":"search_term_string"}}],"inLanguage":"fr-FR"},{"@type":["Organization","Place"],"@id":"https:\/\/www.kanzlei-steinwachs.de\/fr\/#organization","name":"Rechtsanwaltskanzlei Anwalt Hamburg Berlin Bremen Hannover L\u00fcbeck","url":"https:\/\/www.kanzlei-steinwachs.de\/","logo":{"@type":"ImageObject","inLanguage":"fr-FR","@id":"https:\/\/www.kanzlei-steinwachs.de\/fr\/#\/schema\/logo\/image\/","url":"https:\/\/i0.wp.com\/www.kanzlei-steinwachs.de\/wp-content\/uploads\/2023\/12\/logo.webp?fit=174%2C76&quality=80&ssl=1","contentUrl":"https:\/\/i0.wp.com\/www.kanzlei-steinwachs.de\/wp-content\/uploads\/2023\/12\/logo.webp?fit=174%2C76&quality=80&ssl=1","width":174,"height":76,"caption":"Rechtsanwaltskanzlei Anwalt Hamburg Berlin Bremen Hannover L\u00fcbeck"},"image":{"@id":"https:\/\/www.kanzlei-steinwachs.de\/fr\/#\/schema\/logo\/image\/"},"sameAs":["https:\/\/www.facebook.com\/STEINWACHSRechtsanwaltskanzlei\/","https:\/\/x.com\/rasteinwachs","https:\/\/www.instagram.com\/steinwachs_rechtsanwaelte\/","https:\/\/www.linkedin.com\/in\/stephan-steinwachs-7a270197\/","https:\/\/www.youtube.com\/channel\/UCffmodDlQx81remXm395RWA"],"telephone":[]}]}},"jetpack_sharing_enabled":true,"_links":{"self":[{"href":"https:\/\/www.kanzlei-steinwachs.de\/fr\/wp-json\/wp\/v2\/pages\/11559","targetHints":{"allow":["GET"]}}],"collection":[{"href":"https:\/\/www.kanzlei-steinwachs.de\/fr\/wp-json\/wp\/v2\/pages"}],"about":[{"href":"https:\/\/www.kanzlei-steinwachs.de\/fr\/wp-json\/wp\/v2\/types\/page"}],"author":[{"embeddable":true,"href":"https:\/\/www.kanzlei-steinwachs.de\/fr\/wp-json\/wp\/v2\/users\/1"}],"replies":[{"embeddable":true,"href":"https:\/\/www.kanzlei-steinwachs.de\/fr\/wp-json\/wp\/v2\/comments?post=11559"}],"version-history":[{"count":0,"href":"https:\/\/www.kanzlei-steinwachs.de\/fr\/wp-json\/wp\/v2\/pages\/11559\/revisions"}],"wp:attachment":[{"href":"https:\/\/www.kanzlei-steinwachs.de\/fr\/wp-json\/wp\/v2\/media?parent=11559"}],"curies":[{"name":"wp","href":"https:\/\/api.w.org\/{rel}","templated":true}]}}