{"id":9566,"date":"2023-10-14T06:50:01","date_gmt":"2023-10-14T04:50:01","guid":{"rendered":"https:\/\/www.kanzlei-steinwachs.de\/ley-de-competencia\/"},"modified":"2023-10-26T07:17:29","modified_gmt":"2023-10-26T05:17:29","slug":"ley-de-competencia","status":"publish","type":"page","link":"https:\/\/www.kanzlei-steinwachs.de\/es\/ley-de-competencia\/","title":{"rendered":"Ley de Competencia"},"content":{"rendered":"<div class=\"wpb-content-wrapper\"><p>[vc_row content_width=\u00bbgrid\u00bb content_aligment=\u00bbcenter\u00bb triangle_shape=\u00bbno\u00bb css=\u00bb.vc_custom_1696926719838{padding-bottom: 10px !important;background-position: center !important;background-repeat: no-repeat !important;background-size: cover !important;}\u00bb][vc_column]<div class=\"mkd-separator-holder clearfix  mkd-separator-center mkd-separator-with-icon mkd-animate\" style=\"margin-top: 20px; margin-bottom: 30px\">\n\t<div class=\"mkd-separator\" style=\"border-color: #c18f59;border-style: solid;width: 97.5px\"><\/div>\n\t\t<div class=\"mkd-separator-icon\">\n\t\t\t                    \t\t\t\t\t\t<\/div>\n\t<div class=\"mkd-separator\" style=\"border-color: #c18f59;border-style: solid;width: 97.5px\"><\/div>\n<\/div>\n[\/vc_column][\/vc_row][vc_row triangle_shape=\u00bbno\u00bb][vc_column][vc_column_text css=\u00bb.vc_custom_1697259119048{padding-top: 20px !important;}\u00bb]La ley de competencia incluye todas las regulaciones que sirven para proteger la competencia en el mercado. Esto incluye, en particular, la legislaci\u00f3n antimonopolio y la legislaci\u00f3n sobre competencia desleal (ley de comercio justo).[\/vc_column_text][vc_column_text css=\u00bb.vc_custom_1697259133285{padding-top: 20px !important;}\u00bb]<\/p>\n<p style=\"text-align: left;\">El derecho de la competencia sirve para proteger la competencia libre, justa y no distorsionada y, por tanto, los intereses del p\u00fablico en general, los participantes del mercado y los consumidores.<\/p>\n<p>[\/vc_column_text][vc_column_text css=\u00bb.vc_custom_1697259144883{padding-top: 20px !important;}\u00bb]<\/p>\n<p style=\"text-align: left;\">La ley antimonopolio como sub\u00e1rea de la ley de competencia est\u00e1 regulada principalmente en la Ley contra las restricciones a la competencia (GWB). Sirve para evitar restricciones a la competencia, en particular se debe impedir la cooperaci\u00f3n de varias empresas para influir en la competencia (los llamados c\u00e1rteles), ver art\u00edculo 1 de la GWB. En el derecho de la competencia, la supervisi\u00f3n y el control de la competencia lo llevan a cabo las autoridades de competencia (oficinas federales o estatales de c\u00e1rteles) y, en casos de importancia europea, la Comisi\u00f3n Europea.  <\/p>\n<p>[\/vc_column_text][vc_column_text css=\u00bb.vc_custom_1697259157969{padding-top: 20px !important;}\u00bb]<\/p>\n<p style=\"text-align: left;\">El derecho de comercio justo como rama del derecho de la competencia se regula principalmente en la Ley contra la competencia desleal (UWG). Su objetivo es garantizar una competencia leal y proteger a los participantes del mercado de pr\u00e1cticas comerciales desleales por parte de un competidor. Tambi\u00e9n sirve al inter\u00e9s del p\u00fablico en general y de los consumidores contra la distorsi\u00f3n de la competencia, ver Secci\u00f3n 1 UWG. A diferencia de, por ejemplo, la legislaci\u00f3n antimonopolio, las violaciones de la UWG se denuncian ante los tribunales civiles en materia de competencia, normalmente por parte de participantes del mercado competidores o grupos de inter\u00e9s (v\u00e9ase el art\u00edculo 8, p\u00e1rrafo 3 de la UWG).    <\/p>\n<p>[\/vc_column_text][\/vc_column][\/vc_row][vc_row triangle_shape=\u00bbno\u00bb css=\u00bb.vc_custom_1695985900053{padding-top: 30px !important;}\u00bb][vc_column][vc_row_inner css=\u00bb.vc_custom_1695965286321{padding-top: 40px !important;padding-bottom: 10px !important;}\u00bb][vc_column_inner width=\u00bb1\/2&#8243;]\n<h2 class=\"mkd-custom-font-holder\" style=\"font-size: 20px;line-height: 20px;font-weight: 700\" data-font-size= 20 data-line-height= 20>\n\tZu den Themenkomplexen im Wettbewerbsrecht geh\u00f6ren unter anderem:<\/h2>[vc_empty_space]<div class=\"mkd-unordered-list \" ><ul>\n<li>Advertencias en el derecho de la competencia<\/li>\n<li>Declaraci\u00f3n de cese y desistimiento<\/li>\n<li>Env\u00edo de Terceros<\/li>\n<li>control de fusiones<\/li>\n<li>derechos de autor<\/li>\n<li>Propiedad intellectual<\/li>\n<li>Pirater\u00eda de productos<\/li>\n<\/ul>\n<\/div>[\/vc_column_inner][vc_column_inner width=\u00bb1\/2&#8243;][vc_single_image image=\u00bb1425&#8243; img_size=\u00bbfull\u00bb css=\u00bb.vc_custom_1696927314802{margin-top: 10px !important;padding-top: 10px !important;}\u00bb][\/vc_column_inner][\/vc_row_inner][\/vc_column][\/vc_row][vc_row triangle_shape=\u00bbno\u00bb css=\u00bb.vc_custom_1697257938110{padding-top: 30px !important;padding-bottom: 50px !important;}\u00bb][vc_column]\n<h2 class=\"mkd-custom-font-holder\" style=\"font-size: 20px;line-height: 20px;font-weight: 700\" data-font-size= 20 data-line-height= 20>\n\tAbschluss<\/h2>[vc_column_text css=\u00bb.vc_custom_1697259255919{padding-top: 20px !important;}\u00bb]<\/p>\n<div class=\"art-content\">\n<div class=\"art-Post\">\n<div class=\"art-Post-body\">\n<div class=\"art-Post-inner art-article\">\n<div class=\"art-PostContent\">\n<p style=\"text-align: left;\">La ley de competencia est\u00e1 particularmente influenciada por la ley de la Uni\u00f3n Europea, ya que tiene como objetivo garantizar una competencia leal en toda Europa. Por lo tanto, las leyes nacionales de competencia se basan a menudo en directivas europeas y deben observarse una gran cantidad de regulaciones especiales de la UE. <\/p>\n<\/div>\n<\/div>\n<\/div>\n<\/div>\n<\/div>\n<p>[\/vc_column_text][vc_column_text css=\u00bb.vc_custom_1697259268568{padding-top: 20px !important;}\u00bb]<\/p>\n<div class=\"art-content\">\n<div class=\"art-Post\">\n<div class=\"art-Post-body\">\n<div class=\"art-Post-inner art-article\">\n<div class=\"art-PostContent\">\n<p style=\"text-align: left;\">En las siguientes p\u00e1ginas intentaremos proporcionarle la mayor informaci\u00f3n posible sobre el derecho de la competencia.<\/p>\n<\/div>\n<\/div>\n<\/div>\n<\/div>\n<\/div>\n<p>[\/vc_column_text][vc_column_text css=\u00bb.vc_custom_1697259284021{padding-top: 20px !important;}\u00bb]<\/p>\n<div class=\"art-content\">\n<div class=\"art-Post\">\n<div class=\"art-Post-body\">\n<div class=\"art-Post-inner art-article\">\n<div class=\"art-PostContent\">\n<p>Tambi\u00e9n recomendamos las siguientes p\u00e1ginas sobre el tema del derecho de la competencia:<\/p>\n<\/div>\n<\/div>\n<\/div>\n<\/div>\n<\/div>\n<p>[\/vc_column_text][\/vc_column][\/vc_row]<\/p>\n<\/div>","protected":false},"excerpt":{"rendered":"<p>[vc_row content_width=\u00bbgrid\u00bb content_aligment=\u00bbcenter\u00bb triangle_shape=\u00bbno\u00bb css=\u00bb.vc_custom_1696926719838{padding-bottom: 10px !important;background-position: center !important;background-repeat: no-repeat !important;background-size: cover !important;}\u00bb][vc_column][\/vc_column][\/vc_row][vc_row triangle_shape=\u00bbno\u00bb][vc_column][vc_column_text css=\u00bb.vc_custom_1697259119048{padding-top: 20px !important;}\u00bb]La ley de competencia incluye todas las regulaciones que sirven para proteger la competencia en el mercado. Esto incluye, en particular, la legislaci\u00f3n antimonopolio y la legislaci\u00f3n sobre competencia desleal (ley de comercio justo).[\/vc_column_text][vc_column_text css=\u00bb.vc_custom_1697259133285{padding-top: 20px !important;}\u00bb] El derecho de la competencia sirve para proteger la competencia libre, justa y no distorsionada y, por tanto, los intereses del p\u00fablico en general, los participantes del mercado y los consumidores. [\/vc_column_text][vc_column_text css=\u00bb.vc_custom_1697259144883{padding-top: 20px !important;}\u00bb] La ley antimonopolio como sub\u00e1rea de la ley de competencia est\u00e1 regulada&#8230;<\/p>\n","protected":false},"author":1,"featured_media":0,"parent":0,"menu_order":0,"comment_status":"closed","ping_status":"closed","template":"","meta":{"footnotes":""},"class_list":["post-9566","page","type-page","status-publish","hentry"],"yoast_head":"<!-- This site is optimized with the Yoast SEO Premium plugin v27.2 (Yoast SEO v27.5) - https:\/\/yoast.com\/product\/yoast-seo-premium-wordpress\/ -->\n<title>Rechtsanwaltskanzlei in Hamburg Berlin Bremen Hannover L\u00fcbeck<\/title>\n<meta name=\"description\" content=\"Rechtsanwaltskanzlei f\u00fcr Arbeitsrecht, Arzthaftung, Mietrecht, Gewerbemietrecht ,Gastronomierecht, Immobilienrecht, Schadensersatz Yachtrecht\" \/>\n<meta name=\"robots\" content=\"index, follow, max-snippet:-1, max-image-preview:large, max-video-preview:-1\" \/>\n<link rel=\"canonical\" href=\"https:\/\/www.kanzlei-steinwachs.de\/es\/ley-de-competencia\/\" \/>\n<meta property=\"og:locale\" content=\"es_ES\" \/>\n<meta property=\"og:type\" content=\"article\" \/>\n<meta property=\"og:title\" content=\"Rechtsanwaltskanzlei in Hamburg Berlin Bremen Hannover L\u00fcbeck\" \/>\n<meta property=\"og:description\" content=\"Rechtsanwaltskanzlei f\u00fcr Arbeitsrecht, Arzthaftung, Mietrecht, Gewerbemietrecht ,Gastronomierecht, Immobilienrecht, Schadensersatz Yachtrecht\" \/>\n<meta property=\"og:url\" content=\"https:\/\/www.kanzlei-steinwachs.de\/es\/ley-de-competencia\/\" \/>\n<meta property=\"og:site_name\" content=\"Rechtsanwaltskanzlei Anwalt Hamburg Berlin Bremen Hannover L\u00fcbeck\" \/>\n<meta property=\"article:publisher\" content=\"https:\/\/www.facebook.com\/STEINWACHSRechtsanwaltskanzlei\/\" \/>\n<meta property=\"article:modified_time\" content=\"2023-10-26T05:17:29+00:00\" \/>\n<meta name=\"twitter:card\" content=\"summary_large_image\" \/>\n<meta name=\"twitter:site\" content=\"@rasteinwachs\" \/>\n<meta name=\"twitter:label1\" content=\"Tiempo de lectura\" \/>\n\t<meta name=\"twitter:data1\" content=\"3 minutos\" \/>\n<script type=\"application\/ld+json\" class=\"yoast-schema-graph\">{\"@context\":\"https:\\\/\\\/schema.org\",\"@graph\":[{\"@type\":\"WebPage\",\"@id\":\"https:\\\/\\\/www.kanzlei-steinwachs.de\\\/es\\\/ley-de-competencia\\\/\",\"url\":\"https:\\\/\\\/www.kanzlei-steinwachs.de\\\/es\\\/ley-de-competencia\\\/\",\"name\":\"Rechtsanwaltskanzlei in Hamburg Berlin Bremen Hannover L\u00fcbeck\",\"isPartOf\":{\"@id\":\"https:\\\/\\\/www.kanzlei-steinwachs.de\\\/es\\\/#website\"},\"datePublished\":\"2023-10-14T04:50:01+00:00\",\"dateModified\":\"2023-10-26T05:17:29+00:00\",\"description\":\"Rechtsanwaltskanzlei f\u00fcr Arbeitsrecht, Arzthaftung, Mietrecht, Gewerbemietrecht ,Gastronomierecht, Immobilienrecht, Schadensersatz Yachtrecht\",\"inLanguage\":\"es\",\"potentialAction\":[{\"@type\":\"ReadAction\",\"target\":[\"https:\\\/\\\/www.kanzlei-steinwachs.de\\\/es\\\/ley-de-competencia\\\/\"]}]},{\"@type\":\"WebSite\",\"@id\":\"https:\\\/\\\/www.kanzlei-steinwachs.de\\\/es\\\/#website\",\"url\":\"https:\\\/\\\/www.kanzlei-steinwachs.de\\\/es\\\/\",\"name\":\"Rechtsanwaltskanzlei Anwalt Hamburg Berlin Bremen Hannover L\u00fcbeck\",\"description\":\"Wir leisten mehr als Recht bietet\",\"publisher\":{\"@id\":\"https:\\\/\\\/www.kanzlei-steinwachs.de\\\/es\\\/#organization\"},\"potentialAction\":[{\"@type\":\"SearchAction\",\"target\":{\"@type\":\"EntryPoint\",\"urlTemplate\":\"https:\\\/\\\/www.kanzlei-steinwachs.de\\\/es\\\/?s={search_term_string}\"},\"query-input\":{\"@type\":\"PropertyValueSpecification\",\"valueRequired\":true,\"valueName\":\"search_term_string\"}}],\"inLanguage\":\"es\"},{\"@type\":[\"Organization\",\"Place\"],\"@id\":\"https:\\\/\\\/www.kanzlei-steinwachs.de\\\/es\\\/#organization\",\"name\":\"Rechtsanwaltskanzlei Anwalt Hamburg Berlin Bremen Hannover L\u00fcbeck\",\"url\":\"https:\\\/\\\/www.kanzlei-steinwachs.de\\\/\",\"logo\":{\"@type\":\"ImageObject\",\"inLanguage\":\"es\",\"@id\":\"https:\\\/\\\/www.kanzlei-steinwachs.de\\\/es\\\/#\\\/schema\\\/logo\\\/image\\\/\",\"url\":\"https:\\\/\\\/i0.wp.com\\\/www.kanzlei-steinwachs.de\\\/wp-content\\\/uploads\\\/2023\\\/12\\\/logo.webp?fit=174%2C76&quality=80&ssl=1\",\"contentUrl\":\"https:\\\/\\\/i0.wp.com\\\/www.kanzlei-steinwachs.de\\\/wp-content\\\/uploads\\\/2023\\\/12\\\/logo.webp?fit=174%2C76&quality=80&ssl=1\",\"width\":174,\"height\":76,\"caption\":\"Rechtsanwaltskanzlei Anwalt Hamburg Berlin Bremen Hannover L\u00fcbeck\"},\"image\":{\"@id\":\"https:\\\/\\\/www.kanzlei-steinwachs.de\\\/es\\\/#\\\/schema\\\/logo\\\/image\\\/\"},\"sameAs\":[\"https:\\\/\\\/www.facebook.com\\\/STEINWACHSRechtsanwaltskanzlei\\\/\",\"https:\\\/\\\/x.com\\\/rasteinwachs\",\"https:\\\/\\\/www.instagram.com\\\/steinwachs_rechtsanwaelte\\\/\",\"https:\\\/\\\/www.linkedin.com\\\/in\\\/stephan-steinwachs-7a270197\\\/\",\"https:\\\/\\\/www.youtube.com\\\/channel\\\/UCffmodDlQx81remXm395RWA\"],\"telephone\":[]}]}<\/script>\n<!-- \/ Yoast SEO Premium plugin. -->","yoast_head_json":{"title":"Rechtsanwaltskanzlei in Hamburg Berlin Bremen Hannover L\u00fcbeck","description":"Rechtsanwaltskanzlei f\u00fcr Arbeitsrecht, Arzthaftung, Mietrecht, Gewerbemietrecht ,Gastronomierecht, Immobilienrecht, Schadensersatz Yachtrecht","robots":{"index":"index","follow":"follow","max-snippet":"max-snippet:-1","max-image-preview":"max-image-preview:large","max-video-preview":"max-video-preview:-1"},"canonical":"https:\/\/www.kanzlei-steinwachs.de\/es\/ley-de-competencia\/","og_locale":"es_ES","og_type":"article","og_title":"Rechtsanwaltskanzlei in Hamburg Berlin Bremen Hannover L\u00fcbeck","og_description":"Rechtsanwaltskanzlei f\u00fcr Arbeitsrecht, Arzthaftung, Mietrecht, Gewerbemietrecht ,Gastronomierecht, Immobilienrecht, Schadensersatz Yachtrecht","og_url":"https:\/\/www.kanzlei-steinwachs.de\/es\/ley-de-competencia\/","og_site_name":"Rechtsanwaltskanzlei Anwalt Hamburg Berlin Bremen Hannover L\u00fcbeck","article_publisher":"https:\/\/www.facebook.com\/STEINWACHSRechtsanwaltskanzlei\/","article_modified_time":"2023-10-26T05:17:29+00:00","twitter_card":"summary_large_image","twitter_site":"@rasteinwachs","twitter_misc":{"Tiempo de lectura":"3 minutos"},"schema":{"@context":"https:\/\/schema.org","@graph":[{"@type":"WebPage","@id":"https:\/\/www.kanzlei-steinwachs.de\/es\/ley-de-competencia\/","url":"https:\/\/www.kanzlei-steinwachs.de\/es\/ley-de-competencia\/","name":"Rechtsanwaltskanzlei in Hamburg Berlin Bremen Hannover L\u00fcbeck","isPartOf":{"@id":"https:\/\/www.kanzlei-steinwachs.de\/es\/#website"},"datePublished":"2023-10-14T04:50:01+00:00","dateModified":"2023-10-26T05:17:29+00:00","description":"Rechtsanwaltskanzlei f\u00fcr Arbeitsrecht, Arzthaftung, Mietrecht, Gewerbemietrecht ,Gastronomierecht, Immobilienrecht, Schadensersatz Yachtrecht","inLanguage":"es","potentialAction":[{"@type":"ReadAction","target":["https:\/\/www.kanzlei-steinwachs.de\/es\/ley-de-competencia\/"]}]},{"@type":"WebSite","@id":"https:\/\/www.kanzlei-steinwachs.de\/es\/#website","url":"https:\/\/www.kanzlei-steinwachs.de\/es\/","name":"Rechtsanwaltskanzlei Anwalt Hamburg Berlin Bremen Hannover L\u00fcbeck","description":"Wir leisten mehr als Recht bietet","publisher":{"@id":"https:\/\/www.kanzlei-steinwachs.de\/es\/#organization"},"potentialAction":[{"@type":"SearchAction","target":{"@type":"EntryPoint","urlTemplate":"https:\/\/www.kanzlei-steinwachs.de\/es\/?s={search_term_string}"},"query-input":{"@type":"PropertyValueSpecification","valueRequired":true,"valueName":"search_term_string"}}],"inLanguage":"es"},{"@type":["Organization","Place"],"@id":"https:\/\/www.kanzlei-steinwachs.de\/es\/#organization","name":"Rechtsanwaltskanzlei Anwalt Hamburg Berlin Bremen Hannover L\u00fcbeck","url":"https:\/\/www.kanzlei-steinwachs.de\/","logo":{"@type":"ImageObject","inLanguage":"es","@id":"https:\/\/www.kanzlei-steinwachs.de\/es\/#\/schema\/logo\/image\/","url":"https:\/\/i0.wp.com\/www.kanzlei-steinwachs.de\/wp-content\/uploads\/2023\/12\/logo.webp?fit=174%2C76&quality=80&ssl=1","contentUrl":"https:\/\/i0.wp.com\/www.kanzlei-steinwachs.de\/wp-content\/uploads\/2023\/12\/logo.webp?fit=174%2C76&quality=80&ssl=1","width":174,"height":76,"caption":"Rechtsanwaltskanzlei Anwalt Hamburg Berlin Bremen Hannover L\u00fcbeck"},"image":{"@id":"https:\/\/www.kanzlei-steinwachs.de\/es\/#\/schema\/logo\/image\/"},"sameAs":["https:\/\/www.facebook.com\/STEINWACHSRechtsanwaltskanzlei\/","https:\/\/x.com\/rasteinwachs","https:\/\/www.instagram.com\/steinwachs_rechtsanwaelte\/","https:\/\/www.linkedin.com\/in\/stephan-steinwachs-7a270197\/","https:\/\/www.youtube.com\/channel\/UCffmodDlQx81remXm395RWA"],"telephone":[]}]}},"jetpack_sharing_enabled":true,"_links":{"self":[{"href":"https:\/\/www.kanzlei-steinwachs.de\/es\/wp-json\/wp\/v2\/pages\/9566","targetHints":{"allow":["GET"]}}],"collection":[{"href":"https:\/\/www.kanzlei-steinwachs.de\/es\/wp-json\/wp\/v2\/pages"}],"about":[{"href":"https:\/\/www.kanzlei-steinwachs.de\/es\/wp-json\/wp\/v2\/types\/page"}],"author":[{"embeddable":true,"href":"https:\/\/www.kanzlei-steinwachs.de\/es\/wp-json\/wp\/v2\/users\/1"}],"replies":[{"embeddable":true,"href":"https:\/\/www.kanzlei-steinwachs.de\/es\/wp-json\/wp\/v2\/comments?post=9566"}],"version-history":[{"count":0,"href":"https:\/\/www.kanzlei-steinwachs.de\/es\/wp-json\/wp\/v2\/pages\/9566\/revisions"}],"wp:attachment":[{"href":"https:\/\/www.kanzlei-steinwachs.de\/es\/wp-json\/wp\/v2\/media?parent=9566"}],"curies":[{"name":"wp","href":"https:\/\/api.w.org\/{rel}","templated":true}]}}