{"id":9557,"date":"2023-10-14T07:05:21","date_gmt":"2023-10-14T05:05:21","guid":{"rendered":"https:\/\/www.kanzlei-steinwachs.de\/ley-administrative\/"},"modified":"2023-10-26T07:12:14","modified_gmt":"2023-10-26T05:12:14","slug":"ley-administrative","status":"publish","type":"page","link":"https:\/\/www.kanzlei-steinwachs.de\/es\/ley-administrative\/","title":{"rendered":"Ley administrative"},"content":{"rendered":"<div class=\"wpb-content-wrapper\"><p>[vc_row content_width=\u00bbgrid\u00bb content_aligment=\u00bbcenter\u00bb triangle_shape=\u00bbno\u00bb css=\u00bb.vc_custom_1696926719838{padding-bottom: 10px !important;background-position: center !important;background-repeat: no-repeat !important;background-size: cover !important;}\u00bb][vc_column]<div class=\"mkd-separator-holder clearfix  mkd-separator-center mkd-separator-with-icon mkd-animate\" style=\"margin-top: 20px; margin-bottom: 30px\">\n\t<div class=\"mkd-separator\" style=\"border-color: #c18f59;border-style: solid;width: 97.5px\"><\/div>\n\t\t<div class=\"mkd-separator-icon\">\n\t\t\t                    \t\t\t\t\t\t<\/div>\n\t<div class=\"mkd-separator\" style=\"border-color: #c18f59;border-style: solid;width: 97.5px\"><\/div>\n<\/div>\n[\/vc_column][\/vc_row][vc_row triangle_shape=\u00bbno\u00bb][vc_column][vc_column_text css=\u00bb.vc_custom_1697260056734{padding-top: 20px !important;}\u00bb]Como parte del derecho p\u00fablico, el derecho administrativo incluye todo el derecho de la administraci\u00f3n p\u00fablica (ejecutiva) del estado, en particular las autoridades y corporaciones de derecho p\u00fablico.[\/vc_column_text][vc_column_text css=\u00bb.vc_custom_1697260069682{padding-top: 20px !important;}\u00bb]El derecho administrativo se divide en derecho administrativo general y especial.[\/vc_column_text][vc_column_text css=\u00bb.vc_custom_1697260083611{padding-top: 20px !important;}\u00bb]El derecho administrativo general se regula en particular en la Ley Federal de Procedimiento Administrativo (VwVfG) o en las respectivas leyes estatales de procedimiento administrativo (por ejemplo, BayVwVfG, HmbVwVfG) para las autoridades estatales. El derecho administrativo general se ocupa de los principios generales de la administraci\u00f3n como el procedimiento administrativo, las formas de actuaci\u00f3n administrativa (acto administrativo, regulaci\u00f3n legal, estatutos, contrato de derecho p\u00fablico, etc.) o la organizaci\u00f3n de la administraci\u00f3n. Las disposiciones generales de ejecuci\u00f3n administrativa tambi\u00e9n forman parte del derecho administrativo general.[\/vc_column_text][vc_column_text css=\u00bb.vc_custom_1697260101555{padding-top: 20px !important;}\u00bb]El derecho administrativo especial regula \u00e1reas espec\u00edficas de la administraci\u00f3n p\u00fablica. Las normas de derecho administrativo especial complementan o modifican las normas de derecho administrativo general para atender las diferentes exigencias f\u00e1cticas y tem\u00e1ticas del respectivo \u00e1mbito administrativo.[\/vc_column_text][\/vc_column][\/vc_row][vc_row triangle_shape=\u00bbno\u00bb css=\u00bb.vc_custom_1695985900053{padding-top: 30px !important;}\u00bb][vc_column][vc_row_inner css=\u00bb.vc_custom_1695965286321{padding-top: 40px !important;padding-bottom: 10px !important;}\u00bb][vc_column_inner width=\u00bb1\/2&#8243;]\n<h2 class=\"mkd-custom-font-holder\" style=\"font-size: 20px;line-height: 20px;font-weight: 700\" data-font-size= 20 data-line-height= 20>\n\tZum besonderen Verwaltungsrecht geh\u00f6ren unter anderem<\/h2>[vc_empty_space]<div class=\"mkd-unordered-list \" ><ul>\n<li>ley policial<\/li>\n<li>Ley de construcci\u00f3n<\/li>\n<li>Ley del Medio Ambiente<\/li>\n<li>Derecho administrativo mercantil<\/li>\n<li>ley de servicio civil<\/li>\n<li>derecho social<\/li>\n<li>Ley de Impuesto<\/li>\n<li>ley de tr\u00e1nsito<\/li>\n<\/ul>\n<\/div>[\/vc_column_inner][vc_column_inner width=\u00bb1\/2&#8243;][vc_single_image image=\u00bb1425&#8243; img_size=\u00bbfull\u00bb css=\u00bb.vc_custom_1696927314802{margin-top: 10px !important;padding-top: 10px !important;}\u00bb][\/vc_column_inner][\/vc_row_inner][\/vc_column][\/vc_row][vc_row triangle_shape=\u00bbno\u00bb css=\u00bb.vc_custom_1697257938110{padding-top: 30px !important;padding-bottom: 50px !important;}\u00bb][vc_column]\n<h2 class=\"mkd-custom-font-holder\" style=\"font-size: 20px;line-height: 20px;font-weight: 700\" data-font-size= 20 data-line-height= 20>\n\tAbschluss<\/h2>[vc_column_text css=\u00bb.vc_custom_1697260168490{padding-top: 20px !important;}\u00bb]El derecho administrativo especial est\u00e1 regulado en un gran n\u00famero de leyes individuales diferentes, seg\u00fan la distribuci\u00f3n de competencias, a nivel federal o estatal. El derecho administrativo especial, al igual que el derecho administrativo general, tambi\u00e9n se caracteriza por un gran n\u00famero de normas jur\u00eddicas europeas que pueden desplazar al derecho nacional.[\/vc_column_text][vc_column_text css=\u00bb.vc_custom_1697260181964{padding-top: 20px !important;}\u00bb]En las siguientes p\u00e1ginas intentaremos proporcionarle la mayor informaci\u00f3n posible sobre los principios b\u00e1sicos del derecho administrativo.[\/vc_column_text][vc_column_text css=\u00bb.vc_custom_1697260196126{padding-top: 20px !important;}\u00bb]Tambi\u00e9n recomendamos las siguientes p\u00e1ginas sobre el tema de derecho administrativo:[\/vc_column_text][\/vc_column][\/vc_row]<\/p>\n<\/div>","protected":false},"excerpt":{"rendered":"<p>[vc_row content_width=\u00bbgrid\u00bb content_aligment=\u00bbcenter\u00bb triangle_shape=\u00bbno\u00bb css=\u00bb.vc_custom_1696926719838{padding-bottom: 10px !important;background-position: center !important;background-repeat: no-repeat !important;background-size: cover !important;}\u00bb][vc_column][\/vc_column][\/vc_row][vc_row triangle_shape=\u00bbno\u00bb][vc_column][vc_column_text css=\u00bb.vc_custom_1697260056734{padding-top: 20px !important;}\u00bb]Como parte del derecho p\u00fablico, el derecho administrativo incluye todo el derecho de la administraci\u00f3n p\u00fablica (ejecutiva) del estado, en particular las autoridades y corporaciones de derecho p\u00fablico.[\/vc_column_text][vc_column_text css=\u00bb.vc_custom_1697260069682{padding-top: 20px !important;}\u00bb]El derecho administrativo se divide en derecho administrativo general y especial.[\/vc_column_text][vc_column_text css=\u00bb.vc_custom_1697260083611{padding-top: 20px !important;}\u00bb]El derecho administrativo general se regula en particular en la Ley Federal de Procedimiento Administrativo (VwVfG) o en las respectivas leyes estatales de procedimiento administrativo (por ejemplo, BayVwVfG, HmbVwVfG) para las autoridades estatales. El derecho administrativo general se ocupa de los&#8230;<\/p>\n","protected":false},"author":1,"featured_media":16528,"parent":0,"menu_order":0,"comment_status":"closed","ping_status":"closed","template":"","meta":{"footnotes":""},"class_list":["post-9557","page","type-page","status-publish","has-post-thumbnail","hentry"],"yoast_head":"<!-- This site is optimized with the Yoast SEO Premium plugin v27.2 (Yoast SEO v27.4) - https:\/\/yoast.com\/product\/yoast-seo-premium-wordpress\/ -->\n<title>Rechtsanwaltskanzlei in Hamburg Berlin Bremen Hannover L\u00fcbeck<\/title>\n<meta name=\"description\" content=\"Rechtsanwaltskanzlei f\u00fcr Arbeitsrecht, Arzthaftung, Mietrecht, Gewerbemietrecht ,Gastronomierecht, Immobilienrecht, Schadensersatz Yachtrecht\" \/>\n<meta name=\"robots\" content=\"index, follow, max-snippet:-1, max-image-preview:large, max-video-preview:-1\" \/>\n<link rel=\"canonical\" href=\"https:\/\/www.kanzlei-steinwachs.de\/es\/ley-administrative\/\" \/>\n<meta property=\"og:locale\" content=\"es_ES\" \/>\n<meta property=\"og:type\" content=\"article\" \/>\n<meta property=\"og:title\" content=\"Rechtsanwaltskanzlei in Hamburg Berlin Bremen Hannover L\u00fcbeck\" \/>\n<meta property=\"og:description\" content=\"Rechtsanwaltskanzlei f\u00fcr Arbeitsrecht, Arzthaftung, Mietrecht, Gewerbemietrecht ,Gastronomierecht, Immobilienrecht, Schadensersatz Yachtrecht\" \/>\n<meta property=\"og:url\" content=\"https:\/\/www.kanzlei-steinwachs.de\/es\/ley-administrative\/\" \/>\n<meta property=\"og:site_name\" content=\"Rechtsanwaltskanzlei Anwalt Hamburg Berlin Bremen Hannover L\u00fcbeck\" \/>\n<meta property=\"article:publisher\" content=\"https:\/\/www.facebook.com\/STEINWACHSRechtsanwaltskanzlei\/\" \/>\n<meta property=\"article:modified_time\" content=\"2023-10-26T05:12:14+00:00\" \/>\n<meta name=\"twitter:card\" content=\"summary_large_image\" \/>\n<meta name=\"twitter:site\" content=\"@rasteinwachs\" \/>\n<meta name=\"twitter:label1\" content=\"Tiempo de lectura\" \/>\n\t<meta name=\"twitter:data1\" content=\"3 minutos\" \/>\n<script type=\"application\/ld+json\" class=\"yoast-schema-graph\">{\"@context\":\"https:\\\/\\\/schema.org\",\"@graph\":[{\"@type\":\"WebPage\",\"@id\":\"https:\\\/\\\/www.kanzlei-steinwachs.de\\\/es\\\/ley-administrative\\\/\",\"url\":\"https:\\\/\\\/www.kanzlei-steinwachs.de\\\/es\\\/ley-administrative\\\/\",\"name\":\"Rechtsanwaltskanzlei in Hamburg Berlin Bremen Hannover L\u00fcbeck\",\"isPartOf\":{\"@id\":\"https:\\\/\\\/www.kanzlei-steinwachs.de\\\/es\\\/#website\"},\"primaryImageOfPage\":{\"@id\":\"https:\\\/\\\/www.kanzlei-steinwachs.de\\\/es\\\/ley-administrative\\\/#primaryimage\"},\"image\":{\"@id\":\"https:\\\/\\\/www.kanzlei-steinwachs.de\\\/es\\\/ley-administrative\\\/#primaryimage\"},\"thumbnailUrl\":\"https:\\\/\\\/i0.wp.com\\\/www.kanzlei-steinwachs.de\\\/wp-content\\\/uploads\\\/2023\\\/10\\\/1687347968-6399.jpg?fit=800%2C600&quality=20&ssl=1\",\"datePublished\":\"2023-10-14T05:05:21+00:00\",\"dateModified\":\"2023-10-26T05:12:14+00:00\",\"description\":\"Rechtsanwaltskanzlei f\u00fcr Arbeitsrecht, Arzthaftung, Mietrecht, Gewerbemietrecht ,Gastronomierecht, Immobilienrecht, Schadensersatz Yachtrecht\",\"inLanguage\":\"es\",\"potentialAction\":[{\"@type\":\"ReadAction\",\"target\":[\"https:\\\/\\\/www.kanzlei-steinwachs.de\\\/es\\\/ley-administrative\\\/\"]}]},{\"@type\":\"ImageObject\",\"inLanguage\":\"es\",\"@id\":\"https:\\\/\\\/www.kanzlei-steinwachs.de\\\/es\\\/ley-administrative\\\/#primaryimage\",\"url\":\"https:\\\/\\\/i0.wp.com\\\/www.kanzlei-steinwachs.de\\\/wp-content\\\/uploads\\\/2023\\\/10\\\/1687347968-6399.jpg?fit=800%2C600&quality=20&ssl=1\",\"contentUrl\":\"https:\\\/\\\/i0.wp.com\\\/www.kanzlei-steinwachs.de\\\/wp-content\\\/uploads\\\/2023\\\/10\\\/1687347968-6399.jpg?fit=800%2C600&quality=20&ssl=1\",\"width\":800,\"height\":600},{\"@type\":\"WebSite\",\"@id\":\"https:\\\/\\\/www.kanzlei-steinwachs.de\\\/es\\\/#website\",\"url\":\"https:\\\/\\\/www.kanzlei-steinwachs.de\\\/es\\\/\",\"name\":\"Rechtsanwaltskanzlei Anwalt Hamburg Berlin Bremen Hannover L\u00fcbeck\",\"description\":\"Wir leisten mehr als Recht bietet\",\"publisher\":{\"@id\":\"https:\\\/\\\/www.kanzlei-steinwachs.de\\\/es\\\/#organization\"},\"potentialAction\":[{\"@type\":\"SearchAction\",\"target\":{\"@type\":\"EntryPoint\",\"urlTemplate\":\"https:\\\/\\\/www.kanzlei-steinwachs.de\\\/es\\\/?s={search_term_string}\"},\"query-input\":{\"@type\":\"PropertyValueSpecification\",\"valueRequired\":true,\"valueName\":\"search_term_string\"}}],\"inLanguage\":\"es\"},{\"@type\":[\"Organization\",\"Place\"],\"@id\":\"https:\\\/\\\/www.kanzlei-steinwachs.de\\\/es\\\/#organization\",\"name\":\"Rechtsanwaltskanzlei Anwalt Hamburg Berlin Bremen Hannover L\u00fcbeck\",\"url\":\"https:\\\/\\\/www.kanzlei-steinwachs.de\\\/\",\"logo\":{\"@type\":\"ImageObject\",\"inLanguage\":\"es\",\"@id\":\"https:\\\/\\\/www.kanzlei-steinwachs.de\\\/es\\\/#\\\/schema\\\/logo\\\/image\\\/\",\"url\":\"https:\\\/\\\/i0.wp.com\\\/www.kanzlei-steinwachs.de\\\/wp-content\\\/uploads\\\/2023\\\/12\\\/logo.webp?fit=174%2C76&quality=80&ssl=1\",\"contentUrl\":\"https:\\\/\\\/i0.wp.com\\\/www.kanzlei-steinwachs.de\\\/wp-content\\\/uploads\\\/2023\\\/12\\\/logo.webp?fit=174%2C76&quality=80&ssl=1\",\"width\":174,\"height\":76,\"caption\":\"Rechtsanwaltskanzlei Anwalt Hamburg Berlin Bremen Hannover L\u00fcbeck\"},\"image\":{\"@id\":\"https:\\\/\\\/www.kanzlei-steinwachs.de\\\/es\\\/#\\\/schema\\\/logo\\\/image\\\/\"},\"sameAs\":[\"https:\\\/\\\/www.facebook.com\\\/STEINWACHSRechtsanwaltskanzlei\\\/\",\"https:\\\/\\\/x.com\\\/rasteinwachs\",\"https:\\\/\\\/www.instagram.com\\\/steinwachs_rechtsanwaelte\\\/\",\"https:\\\/\\\/www.linkedin.com\\\/in\\\/stephan-steinwachs-7a270197\\\/\",\"https:\\\/\\\/www.youtube.com\\\/channel\\\/UCffmodDlQx81remXm395RWA\"],\"telephone\":[]}]}<\/script>\n<!-- \/ Yoast SEO Premium plugin. -->","yoast_head_json":{"title":"Rechtsanwaltskanzlei in Hamburg Berlin Bremen Hannover L\u00fcbeck","description":"Rechtsanwaltskanzlei f\u00fcr Arbeitsrecht, Arzthaftung, Mietrecht, Gewerbemietrecht ,Gastronomierecht, Immobilienrecht, Schadensersatz Yachtrecht","robots":{"index":"index","follow":"follow","max-snippet":"max-snippet:-1","max-image-preview":"max-image-preview:large","max-video-preview":"max-video-preview:-1"},"canonical":"https:\/\/www.kanzlei-steinwachs.de\/es\/ley-administrative\/","og_locale":"es_ES","og_type":"article","og_title":"Rechtsanwaltskanzlei in Hamburg Berlin Bremen Hannover L\u00fcbeck","og_description":"Rechtsanwaltskanzlei f\u00fcr Arbeitsrecht, Arzthaftung, Mietrecht, Gewerbemietrecht ,Gastronomierecht, Immobilienrecht, Schadensersatz Yachtrecht","og_url":"https:\/\/www.kanzlei-steinwachs.de\/es\/ley-administrative\/","og_site_name":"Rechtsanwaltskanzlei Anwalt Hamburg Berlin Bremen Hannover L\u00fcbeck","article_publisher":"https:\/\/www.facebook.com\/STEINWACHSRechtsanwaltskanzlei\/","article_modified_time":"2023-10-26T05:12:14+00:00","twitter_card":"summary_large_image","twitter_site":"@rasteinwachs","twitter_misc":{"Tiempo de lectura":"3 minutos"},"schema":{"@context":"https:\/\/schema.org","@graph":[{"@type":"WebPage","@id":"https:\/\/www.kanzlei-steinwachs.de\/es\/ley-administrative\/","url":"https:\/\/www.kanzlei-steinwachs.de\/es\/ley-administrative\/","name":"Rechtsanwaltskanzlei in Hamburg Berlin Bremen Hannover L\u00fcbeck","isPartOf":{"@id":"https:\/\/www.kanzlei-steinwachs.de\/es\/#website"},"primaryImageOfPage":{"@id":"https:\/\/www.kanzlei-steinwachs.de\/es\/ley-administrative\/#primaryimage"},"image":{"@id":"https:\/\/www.kanzlei-steinwachs.de\/es\/ley-administrative\/#primaryimage"},"thumbnailUrl":"https:\/\/i0.wp.com\/www.kanzlei-steinwachs.de\/wp-content\/uploads\/2023\/10\/1687347968-6399.jpg?fit=800%2C600&quality=20&ssl=1","datePublished":"2023-10-14T05:05:21+00:00","dateModified":"2023-10-26T05:12:14+00:00","description":"Rechtsanwaltskanzlei f\u00fcr Arbeitsrecht, Arzthaftung, Mietrecht, Gewerbemietrecht ,Gastronomierecht, Immobilienrecht, Schadensersatz Yachtrecht","inLanguage":"es","potentialAction":[{"@type":"ReadAction","target":["https:\/\/www.kanzlei-steinwachs.de\/es\/ley-administrative\/"]}]},{"@type":"ImageObject","inLanguage":"es","@id":"https:\/\/www.kanzlei-steinwachs.de\/es\/ley-administrative\/#primaryimage","url":"https:\/\/i0.wp.com\/www.kanzlei-steinwachs.de\/wp-content\/uploads\/2023\/10\/1687347968-6399.jpg?fit=800%2C600&quality=20&ssl=1","contentUrl":"https:\/\/i0.wp.com\/www.kanzlei-steinwachs.de\/wp-content\/uploads\/2023\/10\/1687347968-6399.jpg?fit=800%2C600&quality=20&ssl=1","width":800,"height":600},{"@type":"WebSite","@id":"https:\/\/www.kanzlei-steinwachs.de\/es\/#website","url":"https:\/\/www.kanzlei-steinwachs.de\/es\/","name":"Rechtsanwaltskanzlei Anwalt Hamburg Berlin Bremen Hannover L\u00fcbeck","description":"Wir leisten mehr als Recht bietet","publisher":{"@id":"https:\/\/www.kanzlei-steinwachs.de\/es\/#organization"},"potentialAction":[{"@type":"SearchAction","target":{"@type":"EntryPoint","urlTemplate":"https:\/\/www.kanzlei-steinwachs.de\/es\/?s={search_term_string}"},"query-input":{"@type":"PropertyValueSpecification","valueRequired":true,"valueName":"search_term_string"}}],"inLanguage":"es"},{"@type":["Organization","Place"],"@id":"https:\/\/www.kanzlei-steinwachs.de\/es\/#organization","name":"Rechtsanwaltskanzlei Anwalt Hamburg Berlin Bremen Hannover L\u00fcbeck","url":"https:\/\/www.kanzlei-steinwachs.de\/","logo":{"@type":"ImageObject","inLanguage":"es","@id":"https:\/\/www.kanzlei-steinwachs.de\/es\/#\/schema\/logo\/image\/","url":"https:\/\/i0.wp.com\/www.kanzlei-steinwachs.de\/wp-content\/uploads\/2023\/12\/logo.webp?fit=174%2C76&quality=80&ssl=1","contentUrl":"https:\/\/i0.wp.com\/www.kanzlei-steinwachs.de\/wp-content\/uploads\/2023\/12\/logo.webp?fit=174%2C76&quality=80&ssl=1","width":174,"height":76,"caption":"Rechtsanwaltskanzlei Anwalt Hamburg Berlin Bremen Hannover L\u00fcbeck"},"image":{"@id":"https:\/\/www.kanzlei-steinwachs.de\/es\/#\/schema\/logo\/image\/"},"sameAs":["https:\/\/www.facebook.com\/STEINWACHSRechtsanwaltskanzlei\/","https:\/\/x.com\/rasteinwachs","https:\/\/www.instagram.com\/steinwachs_rechtsanwaelte\/","https:\/\/www.linkedin.com\/in\/stephan-steinwachs-7a270197\/","https:\/\/www.youtube.com\/channel\/UCffmodDlQx81remXm395RWA"],"telephone":[]}]}},"jetpack_sharing_enabled":true,"_links":{"self":[{"href":"https:\/\/www.kanzlei-steinwachs.de\/es\/wp-json\/wp\/v2\/pages\/9557","targetHints":{"allow":["GET"]}}],"collection":[{"href":"https:\/\/www.kanzlei-steinwachs.de\/es\/wp-json\/wp\/v2\/pages"}],"about":[{"href":"https:\/\/www.kanzlei-steinwachs.de\/es\/wp-json\/wp\/v2\/types\/page"}],"author":[{"embeddable":true,"href":"https:\/\/www.kanzlei-steinwachs.de\/es\/wp-json\/wp\/v2\/users\/1"}],"replies":[{"embeddable":true,"href":"https:\/\/www.kanzlei-steinwachs.de\/es\/wp-json\/wp\/v2\/comments?post=9557"}],"version-history":[{"count":0,"href":"https:\/\/www.kanzlei-steinwachs.de\/es\/wp-json\/wp\/v2\/pages\/9557\/revisions"}],"wp:featuredmedia":[{"embeddable":true,"href":"https:\/\/www.kanzlei-steinwachs.de\/es\/wp-json\/wp\/v2\/media\/16528"}],"wp:attachment":[{"href":"https:\/\/www.kanzlei-steinwachs.de\/es\/wp-json\/wp\/v2\/media?parent=9557"}],"curies":[{"name":"wp","href":"https:\/\/api.w.org\/{rel}","templated":true}]}}