{"id":9446,"date":"2023-09-22T12:30:16","date_gmt":"2023-09-22T10:30:16","guid":{"rendered":"https:\/\/www.kanzlei-steinwachs.de\/areas-del-derecho\/"},"modified":"2023-10-25T16:33:41","modified_gmt":"2023-10-25T14:33:41","slug":"areas-del-derecho","status":"publish","type":"page","link":"https:\/\/www.kanzlei-steinwachs.de\/es\/areas-del-derecho\/","title":{"rendered":"\u00c1reas del derecho"},"content":{"rendered":"<div class=\"wpb-content-wrapper\"><p>[vc_row content_width=\u00bbgrid\u00bb content_aligment=\u00bbcenter\u00bb triangle_shape=\u00bbno\u00bb css=\u00bb.vc_custom_1696926719838{padding-bottom: 10px !important;background-position: center !important;background-repeat: no-repeat !important;background-size: cover !important;}\u00bb][vc_column]<div class=\"mkd-separator-holder clearfix  mkd-separator-center mkd-separator-with-icon mkd-animate\" style=\"margin-top: 20px; margin-bottom: 30px\">\n\t<div class=\"mkd-separator\" style=\"border-color: #c18f59;border-style: solid;width: 97.5px\"><\/div>\n\t\t<div class=\"mkd-separator-icon\">\n\t\t\t                    \t\t\t\t\t\t<\/div>\n\t<div class=\"mkd-separator\" style=\"border-color: #c18f59;border-style: solid;width: 97.5px\"><\/div>\n<\/div>\n[\/vc_column][\/vc_row][vc_row triangle_shape=\u00bbno\u00bb][vc_column][vc_column_text css=\u00bb.vc_custom_1697267092698{padding-top: 20px !important;}\u00bb]<\/p>\n<p style=\"text-align: left;\">El despacho de abogados trabaja para sus clientes en casi todas las \u00e1reas jur\u00eddicas importantes. Hemos enumerado en detalle algunas \u00e1reas legales para usted y las hemos desglosado y explicado en detalle para que pueda asignar su problema a un \u00e1rea del derecho. <\/p>\n<p>[\/vc_column_text][vc_column_text css=\u00bb.vc_custom_1697267100322{padding-top: 20px !important;}\u00bb]Sin embargo, comprenda que no todas las \u00e1reas tem\u00e1ticas pueden incluirse en un cat\u00e1logo de \u00e1reas legales. Por supuesto, estaremos encantados de responder en cualquier momento a cualquier pregunta que pueda tener sobre el contenido.[\/vc_column_text][\/vc_column][\/vc_row][vc_row triangle_shape=\u00bbno\u00bb css=\u00bb.vc_custom_1697608496058{padding-top: 50px !important;padding-bottom: 50px !important;}\u00bb el_class=\u00bbmy-heading\u00bb][vc_column width=\u00bb1\/5&#8243;]<div class=\"mkd-unordered-list  mkd-arrow mkd-animate-list\" ><ul>\n<li><a href=\"https:\/\/www.kanzlei-steinwachs.de\/agrarrecht\/\">ley agraria<\/a><\/li>\n<li><a href=\"https:\/\/www.kanzlei-steinwachs.de\/es\/derecho-contractual-general\/\">Derecho contractual general<\/a><\/li>\n<li><a href=\"https:\/\/www.kanzlei-steinwachs.de\/es\/responsabilidad-del-abogado\/\">Responsabilidad del abogado<\/a><\/li>\n<li><a href=\"https:\/\/www.kanzlei-steinwachs.de\/es\/ley-de-empleo-2\/\">Ley de Empleo<\/a><\/li>\n<li><a href=\"https:\/\/www.kanzlei-steinwachs.de\/es\/ley-de-responsabilidad-medica\/\">Ley de responsabilidad m\u00e9dica<\/a><\/li>\n<li><a href=\"https:\/\/www.kanzlei-steinwachs.de\/es\/ley-de-inmigracion-y-ley-de-asilo\/\">Ley de inmigraci\u00f3n y ley de asilo<\/a><\/li>\n<li><a href=\"https:\/\/www.kanzlei-steinwachs.de\/es\/derecho-de-la-construccion-y-derecho-arquitectonico\/\">Derecho de la construcci\u00f3n y derecho arquitect\u00f3nico.<\/a><\/li>\n<li><a href=\"https:\/\/www.kanzlei-steinwachs.de\/es\/derecho-de-la-construccion-y-derecho-arquitectonico\/\">Derecho bancario y derecho del mercado de capitales<\/a><\/li>\n<li><a href=\"https:\/\/www.kanzlei-steinwachs.de\/es\/ley-de-servicio-civil\/\">ley de servicio civil<\/a><\/li>\n<li><a href=\"https:\/\/www.kanzlei-steinwachs.de\/es\/autoridades\/\">Autoridades<\/a><\/li>\n<li><a href=\"https:\/\/www.kanzlei-steinwachs.de\/es\/ley-de-tutela\/\">Ley de tutela<\/a><\/li>\n<li><a href=\"https:\/\/www.kanzlei-steinwachs.de\/es\/ebay-y-la-ley\/\">eBay y la ley<\/a><\/li>\n<li><a href=\"https:\/\/www.kanzlei-steinwachs.de\/es\/ley-de-herencia\/\">ley de herencia<\/a><\/li>\n<li><a href=\"https:\/\/www.kanzlei-steinwachs.de\/es\/ley-europea\/\">ley europea<\/a><\/li>\n<li><a href=\"https:\/\/www.kanzlei-steinwachs.de\/es\/ley-familiar-2\/\">Ley familiar<\/a><\/li>\n<li><a href=\"https:\/\/www.kanzlei-steinwachs.de\/es\/cobro-de-deudas-y-cobro-de-deudas\/\">Cobro de deudas y ley de cobro de deudas.<\/a><\/li>\n<li><a href=\"https:\/\/www.kanzlei-steinwachs.de\/es\/ley-de-modelos-de-utilidad-y-ley-de-patentes-de-disenos\/\">Ley de modelos de utilidad y ley de patentes de dise\u00f1os<\/a><\/li>\n<\/ul>\n<div id=\"gtx-trans\" style=\"position: absolute; left: 122px; top: 206px;\">\n<div class=\"gtx-trans-icon\"><\/div>\n<\/div>\n<\/div>[\/vc_column][vc_column width=\u00bb1\/5&#8243;]<div class=\"mkd-unordered-list  mkd-arrow mkd-animate-list\" ><ul>\n<li><a href=\"https:\/\/www.kanzlei-steinwachs.de\/es\/propiedad-intelectual\/\">Propiedad intelectual<\/a><\/li>\n<li><a href=\"https:\/\/www.kanzlei-steinwachs.de\/es\/derecho-inmobiliario-derecho-inmobiliario\/\">Derecho Inmobiliario &amp; Derecho Inmobiliario<\/a><\/li>\n<li><a href=\"https:\/\/quickwebsiteseo.com\/kanzlei-steinwachs\/handelsrecht-gesellschaftsrecht\/\">Derecho mercantil y derecho corporativo<\/a><\/li>\n<li><a href=\"https:\/\/www.kanzlei-steinwachs.de\/es\/derecho-de-agencia-comercial\/\">derecho de agencia comercial<\/a><\/li>\n<li><a href=\"https:\/\/www.kanzlei-steinwachs.de\/es\/derecho-inmobiliario\/\">derecho inmobiliario<\/a><\/li>\n<li><a href=\"https:\/\/www.kanzlei-steinwachs.de\/es\/ley-de-quiebra\/\">Ley de quiebra<\/a><\/li>\n<li><a href=\"https:\/\/www.kanzlei-steinwachs.de\/es\/derecho-internacional\/\">derecho internacional<\/a><\/li>\n<li><a href=\"https:\/\/www.kanzlei-steinwachs.de\/es\/ley-informatica\/\">ley inform\u00e1tica<\/a><\/li>\n<li><a href=\"https:\/\/www.kanzlei-steinwachs.de\/es\/ley-de-caza\/\">ley de caza<\/a><\/li>\n<li><a href=\"https:\/\/www.kanzlei-steinwachs.de\/es\/ley-antimonopolio-y-control-de-fusiones\/\">Ley antimonopolio y control de fusiones<\/a><\/li>\n<li><a href=\"https:\/\/www.kanzlei-steinwachs.de\/es\/derecho-a-comprar\/\">Derecho a comprar<\/a><\/li>\n<li><a href=\"https:\/\/www.kanzlei-steinwachs.de\/es\/ley-agraria\/\">ley agraria<\/a><\/li>\n<li><a href=\"https:\/\/www.kanzlei-steinwachs.de\/es\/ley-de-arrendamiento\/\">ley de arrendamiento<\/a><\/li>\n<li><a href=\"https:\/\/www.kanzlei-steinwachs.de\/es\/ley-alimentaria\/\">ley alimentaria<\/a><\/li>\n<li><a href=\"https:\/\/www.kanzlei-steinwachs.de\/es\/ley-de-corretaje\/\">ley de corretaje<\/a><\/li>\n<li><a href=\"https:\/\/www.kanzlei-steinwachs.de\/es\/ley-de-marcas\/\">ley de marcas<\/a><\/li>\n<li><a href=\"https:\/\/www.kanzlei-steinwachs.de\/es\/mediacion\/\">Mediaci\u00f3n<\/a><\/li>\n<\/ul>\n<div id=\"gtx-trans\" style=\"position: absolute; left: 203px; top: 254px;\">\n<div class=\"gtx-trans-icon\"><\/div>\n<\/div>\n<\/div>[\/vc_column][vc_column width=\u00bb1\/5&#8243;]<div class=\"mkd-unordered-list  mkd-arrow mkd-animate-list\" ><ul>\n<li><a href=\"https:\/\/www.kanzlei-steinwachs.de\/es\/ley-medica\/\">ley medica<\/a><\/li>\n<li><a href=\"https:\/\/www.kanzlei-steinwachs.de\/es\/ley-de-arrendamiento-2\/\">ley de arrendamiento<\/a><\/li>\n<li><a href=\"https:\/\/www.kanzlei-steinwachs.de\/es\/ley-musical\/\">ley musical<\/a><\/li>\n<li><a href=\"https:\/\/www.kanzlei-steinwachs.de\/es\/ley-de-vecinos\/\">ley de vecinos<\/a><\/li>\n<li><a href=\"https:\/\/www.kanzlei-steinwachs.de\/es\/ley-de-edificacion-publica\/\">ley de edificaci\u00f3n p\u00fablica<\/a><\/li>\n<li><a href=\"https:\/\/www.kanzlei-steinwachs.de\/es\/ley-publica\/\">Ley P\u00fablica<\/a><\/li>\n<li><a href=\"https:\/\/www.kanzlei-steinwachs.de\/es\/apoyo-a-las-victimas\/\">Apoyo a las v\u00edctimas<\/a><\/li>\n<li><a href=\"https:\/\/quickwebsiteseo.com\/kanzlei-steinwachs\/ordnungswidrigkeitenrecht\/\">Ordnungswidrigkeitenrecht<\/a><\/li>\n<li><a href=\"https:\/\/www.kanzlei-steinwachs.de\/es\/ley-de-patentes\/\">Ley de Patentes<\/a><\/li>\n<li><a href=\"https:\/\/www.kanzlei-steinwachs.de\/es\/ley-del-caballo\/\">ley del caballo<\/a><\/li>\n<li><a href=\"https:\/\/www.kanzlei-steinwachs.de\/es\/ley-de-enfermeria\/\">ley de enfermer\u00eda<\/a><\/li>\n<li><a href=\"https:\/\/www.kanzlei-steinwachs.de\/es\/ley-de-responsabilidad-del-producto\/\">Ley de responsabilidad del producto<\/a><\/li>\n<li><a href=\"https:\/\/www.kanzlei-steinwachs.de\/es\/ley-de-examen\/\">ley de examen<\/a><\/li>\n<li><a href=\"https:\/\/www.kanzlei-steinwachs.de\/es\/ley-relativa-a-los-animals\/\">Ley relativa a los animals.<\/a><\/li>\n<li><a href=\"https:\/\/www.kanzlei-steinwachs.de\/reiserecht\/\">Ley de viajes<\/a><\/li>\n<li><a href=\"https:\/\/www.kanzlei-steinwachs.de\/rentenversicherungsrecht\/\">ley de seguros de pensiones<\/a><\/li>\n<li><a href=\"https:\/\/www.kanzlei-steinwachs.de\/schadensersatzrecht-schmerzensgeldrecht\/\">Ley de da\u00f1os y ley de dolor y sufrimiento<\/a><\/li>\n<li><a href=\"https:\/\/www.kanzlei-steinwachs.de\/schulrecht\/\">ley escolar<\/a><\/li>\n<\/ul>\n<\/div>[\/vc_column][vc_column width=\u00bb1\/5&#8243;]<div class=\"mkd-unordered-list  mkd-arrow mkd-animate-list\" ><ul>\n<li><a href=\"https:\/\/www.kanzlei-steinwachs.de\/schwerbehindertenrecht\/\">Ley de discapacidad grave<\/a><\/li>\n<li><a href=\"https:\/\/www.kanzlei-steinwachs.de\/sozialrecht\/\">derecho social<\/a><\/li>\n<li><a href=\"https:\/\/www.kanzlei-steinwachs.de\/sportrecht\/\">derecho deportivo<\/a><\/li>\n<li><a href=\"https:\/\/www.kanzlei-steinwachs.de\/steuerrecht\/\">Ley de Impuesto<\/a><\/li>\n<li><a href=\"https:\/\/www.kanzlei-steinwachs.de\/strafrecht\/\">Derecho penal<\/a><\/li>\n<li><a href=\"https:\/\/www.kanzlei-steinwachs.de\/tarifrecht\/\">Ley de negociaci\u00f3n colectiva<\/a><\/li>\n<li><a href=\"https:\/\/www.kanzlei-steinwachs.de\/transportrecht-speditionsrecht\/\">Derecho de transporte y derecho de expedici\u00f3n.<\/a><\/li>\n<li><a href=\"https:\/\/www.kanzlei-steinwachs.de\/umweltrecht\/\">Ley del Medio Ambiente<\/a><\/li>\n<li><a href=\"https:\/\/www.kanzlei-steinwachs.de\/unterhaltsrecht\/\">ley de pensiones alimenticias<\/a><\/li>\n<li><a href=\"https:\/\/www.kanzlei-steinwachs.de\/unternehmensrecht-betriebsnachfolge\/\">Derecho corporativo y sucesi\u00f3n empresarial<\/a><\/li>\n<li><a href=\"https:\/\/www.kanzlei-steinwachs.de\/urheberrecht-medienrecht\/\">Ley de derechos de autor y medios de comunicaci\u00f3n<\/a><\/li>\n<li><a href=\"https:\/\/www.kanzlei-steinwachs.de\/vaterschaftsrecht\/\">ley de paternidad<\/a><\/li>\n<li><a href=\"https:\/\/www.kanzlei-steinwachs.de\/vereinsrecht-verbandsrecht\/\">Derecho de asociaciones y derecho de asociaciones.<\/a><\/li>\n<li><a href=\"https:\/\/www.kanzlei-steinwachs.de\/verfassungsrecht\/\">Ley constitucional<\/a><\/li>\n<li><a href=\"https:\/\/www.kanzlei-steinwachs.de\/vergaberecht\/\">ley de adquisiciones<\/a><\/li>\n<li><a href=\"https:\/\/www.kanzlei-steinwachs.de\/verkehrsrecht-2\/\">Verkehrsrecht<\/a><\/li>\n<li><a href=\"https:\/\/www.kanzlei-steinwachs.de\/versicherungsrecht\/\">ley de seguros<\/a><\/li>\n<\/ul>\n<div id=\"gtx-trans\" style=\"position: absolute; left: 154px; top: 350px;\">\n<div class=\"gtx-trans-icon\"><\/div>\n<\/div>\n<\/div>[\/vc_column][vc_column width=\u00bb1\/5&#8243;]<div class=\"mkd-unordered-list  mkd-arrow mkd-animate-list\" ><ul>\n<li><a href=\"https:\/\/www.kanzlei-steinwachs.de\/versicherungsvertreterrecht\/\">ley de agencia de seguros<\/a><\/li>\n<li><a href=\"https:\/\/www.kanzlei-steinwachs.de\/verwaltungsrecht\/\">Ley administrative<\/a><\/li>\n<li><a href=\"https:\/\/www.kanzlei-steinwachs.de\/wehrrecht\/\">ley militar<\/a><\/li>\n<li><a href=\"https:\/\/www.kanzlei-steinwachs.de\/werkvertragsrecht\/\">Derecho contractual<\/a><\/li>\n<li><a href=\"https:\/\/www.kanzlei-steinwachs.de\/wettbewerbsrecht\/\">Ley de Competencia<\/a><\/li>\n<li><a href=\"https:\/\/www.kanzlei-steinwachs.de\/wirtschaftsrecht\/\">Derecho empresarial<\/a><\/li>\n<li><a href=\"https:\/\/www.kanzlei-steinwachs.de\/wohnungseigentumsrecht\/\">ley de condominio<\/a><\/li>\n<li><a href=\"https:\/\/www.kanzlei-steinwachs.de\/zivilprozesrecht\/\">Derecho procesal civil<\/a><\/li>\n<li><a href=\"https:\/\/www.kanzlei-steinwachs.de\/zivilrecht\/\">derecho Civil<\/a><\/li>\n<\/ul>\n<div id=\"gtx-trans\" style=\"position: absolute; left: 125px; top: 86px;\">\n<div class=\"gtx-trans-icon\"><\/div>\n<\/div>\n<\/div>[\/vc_column][\/vc_row]<\/p>\n<\/div>","protected":false},"excerpt":{"rendered":"<p>[vc_row content_width=\u00bbgrid\u00bb content_aligment=\u00bbcenter\u00bb triangle_shape=\u00bbno\u00bb css=\u00bb.vc_custom_1696926719838{padding-bottom: 10px !important;background-position: center !important;background-repeat: no-repeat !important;background-size: cover !important;}\u00bb][vc_column][\/vc_column][\/vc_row][vc_row triangle_shape=\u00bbno\u00bb][vc_column][vc_column_text css=\u00bb.vc_custom_1697267092698{padding-top: 20px !important;}\u00bb] El despacho de abogados trabaja para sus clientes en casi todas las \u00e1reas jur\u00eddicas importantes. Hemos enumerado en detalle algunas \u00e1reas legales para usted y las hemos desglosado y explicado en detalle para que pueda asignar su problema a un \u00e1rea del derecho. [\/vc_column_text][vc_column_text css=\u00bb.vc_custom_1697267100322{padding-top: 20px !important;}\u00bb]Sin embargo, comprenda que no todas las \u00e1reas tem\u00e1ticas pueden incluirse en un cat\u00e1logo de \u00e1reas legales. Por supuesto, estaremos encantados de responder en cualquier momento a cualquier pregunta que pueda tener sobre el contenido.[\/vc_column_text][\/vc_column][\/vc_row][vc_row triangle_shape=\u00bbno\u00bb css=\u00bb.vc_custom_1697608496058{padding-top:&#8230;<\/p>\n","protected":false},"author":1,"featured_media":0,"parent":0,"menu_order":0,"comment_status":"closed","ping_status":"closed","template":"","meta":{"footnotes":""},"class_list":["post-9446","page","type-page","status-publish","hentry"],"yoast_head":"<!-- This site is optimized with the Yoast SEO Premium plugin v27.2 (Yoast SEO v27.6) - https:\/\/yoast.com\/product\/yoast-seo-premium-wordpress\/ -->\n<title>Rechtsanwaltskanzlei in Hamburg Berlin Bremen Hannover L\u00fcbeck<\/title>\n<meta name=\"description\" content=\"Rechtsanwaltskanzlei f\u00fcr Arbeitsrecht, Arzthaftung, Mietrecht, Gewerbemietrecht ,Gastronomierecht, Immobilienrecht, Schadensersatz Yachtrecht\" \/>\n<meta name=\"robots\" content=\"index, follow, max-snippet:-1, max-image-preview:large, max-video-preview:-1\" \/>\n<link rel=\"canonical\" href=\"https:\/\/www.kanzlei-steinwachs.de\/es\/areas-del-derecho\/\" \/>\n<meta property=\"og:locale\" content=\"es_ES\" \/>\n<meta property=\"og:type\" content=\"article\" \/>\n<meta property=\"og:title\" content=\"Rechtsanwaltskanzlei in Hamburg Berlin Bremen Hannover L\u00fcbeck\" \/>\n<meta property=\"og:description\" content=\"Rechtsanwaltskanzlei f\u00fcr Arbeitsrecht, Arzthaftung, Mietrecht, Gewerbemietrecht ,Gastronomierecht, Immobilienrecht, Schadensersatz Yachtrecht\" \/>\n<meta property=\"og:url\" content=\"https:\/\/www.kanzlei-steinwachs.de\/es\/areas-del-derecho\/\" \/>\n<meta property=\"og:site_name\" content=\"Rechtsanwaltskanzlei Anwalt Hamburg Berlin Bremen Hannover L\u00fcbeck\" \/>\n<meta property=\"article:publisher\" content=\"https:\/\/www.facebook.com\/STEINWACHSRechtsanwaltskanzlei\/\" \/>\n<meta property=\"article:modified_time\" content=\"2023-10-25T14:33:41+00:00\" \/>\n<meta name=\"twitter:card\" content=\"summary_large_image\" \/>\n<meta name=\"twitter:site\" content=\"@rasteinwachs\" \/>\n<meta name=\"twitter:label1\" content=\"Tiempo de lectura\" \/>\n\t<meta name=\"twitter:data1\" content=\"3 minutos\" \/>\n<script type=\"application\/ld+json\" class=\"yoast-schema-graph\">{\"@context\":\"https:\\\/\\\/schema.org\",\"@graph\":[{\"@type\":\"WebPage\",\"@id\":\"https:\\\/\\\/www.kanzlei-steinwachs.de\\\/es\\\/areas-del-derecho\\\/\",\"url\":\"https:\\\/\\\/www.kanzlei-steinwachs.de\\\/es\\\/areas-del-derecho\\\/\",\"name\":\"Rechtsanwaltskanzlei in Hamburg Berlin Bremen Hannover L\u00fcbeck\",\"isPartOf\":{\"@id\":\"https:\\\/\\\/www.kanzlei-steinwachs.de\\\/es\\\/#website\"},\"datePublished\":\"2023-09-22T10:30:16+00:00\",\"dateModified\":\"2023-10-25T14:33:41+00:00\",\"description\":\"Rechtsanwaltskanzlei f\u00fcr Arbeitsrecht, Arzthaftung, Mietrecht, Gewerbemietrecht ,Gastronomierecht, Immobilienrecht, Schadensersatz Yachtrecht\",\"inLanguage\":\"es\",\"potentialAction\":[{\"@type\":\"ReadAction\",\"target\":[\"https:\\\/\\\/www.kanzlei-steinwachs.de\\\/es\\\/areas-del-derecho\\\/\"]}]},{\"@type\":\"WebSite\",\"@id\":\"https:\\\/\\\/www.kanzlei-steinwachs.de\\\/es\\\/#website\",\"url\":\"https:\\\/\\\/www.kanzlei-steinwachs.de\\\/es\\\/\",\"name\":\"Rechtsanwaltskanzlei Anwalt Hamburg Berlin Bremen Hannover L\u00fcbeck\",\"description\":\"Wir leisten mehr als Recht bietet\",\"publisher\":{\"@id\":\"https:\\\/\\\/www.kanzlei-steinwachs.de\\\/es\\\/#organization\"},\"potentialAction\":[{\"@type\":\"SearchAction\",\"target\":{\"@type\":\"EntryPoint\",\"urlTemplate\":\"https:\\\/\\\/www.kanzlei-steinwachs.de\\\/es\\\/?s={search_term_string}\"},\"query-input\":{\"@type\":\"PropertyValueSpecification\",\"valueRequired\":true,\"valueName\":\"search_term_string\"}}],\"inLanguage\":\"es\"},{\"@type\":[\"Organization\",\"Place\"],\"@id\":\"https:\\\/\\\/www.kanzlei-steinwachs.de\\\/es\\\/#organization\",\"name\":\"Rechtsanwaltskanzlei Anwalt Hamburg Berlin Bremen Hannover L\u00fcbeck\",\"url\":\"https:\\\/\\\/www.kanzlei-steinwachs.de\\\/\",\"logo\":{\"@type\":\"ImageObject\",\"inLanguage\":\"es\",\"@id\":\"https:\\\/\\\/www.kanzlei-steinwachs.de\\\/es\\\/#\\\/schema\\\/logo\\\/image\\\/\",\"url\":\"https:\\\/\\\/i0.wp.com\\\/www.kanzlei-steinwachs.de\\\/wp-content\\\/uploads\\\/2023\\\/12\\\/logo.webp?fit=174%2C76&quality=80&ssl=1\",\"contentUrl\":\"https:\\\/\\\/i0.wp.com\\\/www.kanzlei-steinwachs.de\\\/wp-content\\\/uploads\\\/2023\\\/12\\\/logo.webp?fit=174%2C76&quality=80&ssl=1\",\"width\":174,\"height\":76,\"caption\":\"Rechtsanwaltskanzlei Anwalt Hamburg Berlin Bremen Hannover L\u00fcbeck\"},\"image\":{\"@id\":\"https:\\\/\\\/www.kanzlei-steinwachs.de\\\/es\\\/#\\\/schema\\\/logo\\\/image\\\/\"},\"sameAs\":[\"https:\\\/\\\/www.facebook.com\\\/STEINWACHSRechtsanwaltskanzlei\\\/\",\"https:\\\/\\\/x.com\\\/rasteinwachs\",\"https:\\\/\\\/www.instagram.com\\\/steinwachs_rechtsanwaelte\\\/\",\"https:\\\/\\\/www.linkedin.com\\\/in\\\/stephan-steinwachs-7a270197\\\/\",\"https:\\\/\\\/www.youtube.com\\\/channel\\\/UCffmodDlQx81remXm395RWA\"],\"telephone\":[]}]}<\/script>\n<!-- \/ Yoast SEO Premium plugin. -->","yoast_head_json":{"title":"Rechtsanwaltskanzlei in Hamburg Berlin Bremen Hannover L\u00fcbeck","description":"Rechtsanwaltskanzlei f\u00fcr Arbeitsrecht, Arzthaftung, Mietrecht, Gewerbemietrecht ,Gastronomierecht, Immobilienrecht, Schadensersatz Yachtrecht","robots":{"index":"index","follow":"follow","max-snippet":"max-snippet:-1","max-image-preview":"max-image-preview:large","max-video-preview":"max-video-preview:-1"},"canonical":"https:\/\/www.kanzlei-steinwachs.de\/es\/areas-del-derecho\/","og_locale":"es_ES","og_type":"article","og_title":"Rechtsanwaltskanzlei in Hamburg Berlin Bremen Hannover L\u00fcbeck","og_description":"Rechtsanwaltskanzlei f\u00fcr Arbeitsrecht, Arzthaftung, Mietrecht, Gewerbemietrecht ,Gastronomierecht, Immobilienrecht, Schadensersatz Yachtrecht","og_url":"https:\/\/www.kanzlei-steinwachs.de\/es\/areas-del-derecho\/","og_site_name":"Rechtsanwaltskanzlei Anwalt Hamburg Berlin Bremen Hannover L\u00fcbeck","article_publisher":"https:\/\/www.facebook.com\/STEINWACHSRechtsanwaltskanzlei\/","article_modified_time":"2023-10-25T14:33:41+00:00","twitter_card":"summary_large_image","twitter_site":"@rasteinwachs","twitter_misc":{"Tiempo de lectura":"3 minutos"},"schema":{"@context":"https:\/\/schema.org","@graph":[{"@type":"WebPage","@id":"https:\/\/www.kanzlei-steinwachs.de\/es\/areas-del-derecho\/","url":"https:\/\/www.kanzlei-steinwachs.de\/es\/areas-del-derecho\/","name":"Rechtsanwaltskanzlei in Hamburg Berlin Bremen Hannover L\u00fcbeck","isPartOf":{"@id":"https:\/\/www.kanzlei-steinwachs.de\/es\/#website"},"datePublished":"2023-09-22T10:30:16+00:00","dateModified":"2023-10-25T14:33:41+00:00","description":"Rechtsanwaltskanzlei f\u00fcr Arbeitsrecht, Arzthaftung, Mietrecht, Gewerbemietrecht ,Gastronomierecht, Immobilienrecht, Schadensersatz Yachtrecht","inLanguage":"es","potentialAction":[{"@type":"ReadAction","target":["https:\/\/www.kanzlei-steinwachs.de\/es\/areas-del-derecho\/"]}]},{"@type":"WebSite","@id":"https:\/\/www.kanzlei-steinwachs.de\/es\/#website","url":"https:\/\/www.kanzlei-steinwachs.de\/es\/","name":"Rechtsanwaltskanzlei Anwalt Hamburg Berlin Bremen Hannover L\u00fcbeck","description":"Wir leisten mehr als Recht bietet","publisher":{"@id":"https:\/\/www.kanzlei-steinwachs.de\/es\/#organization"},"potentialAction":[{"@type":"SearchAction","target":{"@type":"EntryPoint","urlTemplate":"https:\/\/www.kanzlei-steinwachs.de\/es\/?s={search_term_string}"},"query-input":{"@type":"PropertyValueSpecification","valueRequired":true,"valueName":"search_term_string"}}],"inLanguage":"es"},{"@type":["Organization","Place"],"@id":"https:\/\/www.kanzlei-steinwachs.de\/es\/#organization","name":"Rechtsanwaltskanzlei Anwalt Hamburg Berlin Bremen Hannover L\u00fcbeck","url":"https:\/\/www.kanzlei-steinwachs.de\/","logo":{"@type":"ImageObject","inLanguage":"es","@id":"https:\/\/www.kanzlei-steinwachs.de\/es\/#\/schema\/logo\/image\/","url":"https:\/\/i0.wp.com\/www.kanzlei-steinwachs.de\/wp-content\/uploads\/2023\/12\/logo.webp?fit=174%2C76&quality=80&ssl=1","contentUrl":"https:\/\/i0.wp.com\/www.kanzlei-steinwachs.de\/wp-content\/uploads\/2023\/12\/logo.webp?fit=174%2C76&quality=80&ssl=1","width":174,"height":76,"caption":"Rechtsanwaltskanzlei Anwalt Hamburg Berlin Bremen Hannover L\u00fcbeck"},"image":{"@id":"https:\/\/www.kanzlei-steinwachs.de\/es\/#\/schema\/logo\/image\/"},"sameAs":["https:\/\/www.facebook.com\/STEINWACHSRechtsanwaltskanzlei\/","https:\/\/x.com\/rasteinwachs","https:\/\/www.instagram.com\/steinwachs_rechtsanwaelte\/","https:\/\/www.linkedin.com\/in\/stephan-steinwachs-7a270197\/","https:\/\/www.youtube.com\/channel\/UCffmodDlQx81remXm395RWA"],"telephone":[]}]}},"jetpack_sharing_enabled":true,"_links":{"self":[{"href":"https:\/\/www.kanzlei-steinwachs.de\/es\/wp-json\/wp\/v2\/pages\/9446","targetHints":{"allow":["GET"]}}],"collection":[{"href":"https:\/\/www.kanzlei-steinwachs.de\/es\/wp-json\/wp\/v2\/pages"}],"about":[{"href":"https:\/\/www.kanzlei-steinwachs.de\/es\/wp-json\/wp\/v2\/types\/page"}],"author":[{"embeddable":true,"href":"https:\/\/www.kanzlei-steinwachs.de\/es\/wp-json\/wp\/v2\/users\/1"}],"replies":[{"embeddable":true,"href":"https:\/\/www.kanzlei-steinwachs.de\/es\/wp-json\/wp\/v2\/comments?post=9446"}],"version-history":[{"count":0,"href":"https:\/\/www.kanzlei-steinwachs.de\/es\/wp-json\/wp\/v2\/pages\/9446\/revisions"}],"wp:attachment":[{"href":"https:\/\/www.kanzlei-steinwachs.de\/es\/wp-json\/wp\/v2\/media?parent=9446"}],"curies":[{"name":"wp","href":"https:\/\/api.w.org\/{rel}","templated":true}]}}