{"id":9288,"date":"2023-09-26T07:23:05","date_gmt":"2023-09-26T05:23:05","guid":{"rendered":"https:\/\/www.kanzlei-steinwachs.de\/imprimir\/"},"modified":"2023-10-25T13:24:53","modified_gmt":"2023-10-25T11:24:53","slug":"imprimir","status":"publish","type":"page","link":"https:\/\/www.kanzlei-steinwachs.de\/es\/imprimir\/","title":{"rendered":"imprimir"},"content":{"rendered":"<div class=\"wpb-content-wrapper\"><p>[vc_row content_width=\u00bbgrid\u00bb content_aligment=\u00bbcenter\u00bb triangle_shape=\u00bbno\u00bb css=\u00bb.vc_custom_1696926719838{padding-bottom: 10px !important;background-position: center !important;background-repeat: no-repeat !important;background-size: cover !important;}\u00bb][vc_column][vc_column_text css=\u00bb.vc_custom_1697439791118{padding-bottom: 20px !important;}\u00bb]<\/p>\n<h2 style=\"text-align: center;\">Responsable del contenido seg\u00fan \u00a7 5 TMG (Ley de Telemedia):<\/h2>\n<div id=\"gtx-trans\" style=\"position: absolute; left: 340px; top: -4.09375px;\">\n<div class=\"gtx-trans-icon\"><\/div>\n<\/div>\n<p>[\/vc_column_text]<div class=\"mkd-separator-holder clearfix  mkd-separator-center mkd-separator-with-icon mkd-animate\" style=\"margin-top: 20px; margin-bottom: 30px\">\n\t<div class=\"mkd-separator\" style=\"border-color: #c18f59;border-style: solid;width: 97.5px\"><\/div>\n\t\t<div class=\"mkd-separator-icon\">\n\t\t\t                    \t\t\t\t\t\t<\/div>\n\t<div class=\"mkd-separator\" style=\"border-color: #c18f59;border-style: solid;width: 97.5px\"><\/div>\n<\/div>\n[\/vc_column][\/vc_row][vc_row triangle_shape=\u00bbno\u00bb css=\u00bb.vc_custom_1695985900053{padding-top: 30px !important;}\u00bb][vc_column][vc_row_inner css=\u00bb.vc_custom_1695965286321{padding-top: 40px !important;padding-bottom: 10px !important;}\u00bb][vc_column_inner width=\u00bb1\/4&#8243;][vc_single_image image=\u00bb6443&#8243; img_size=\u00bb230 X 230&#8243; onclick=\u00bbzoom\u00bb css=\u00bb.vc_custom_1697442221534{margin-top: 10px !important;padding-top: 10px !important;}\u00bb]\n<h2 class=\"mkd-custom-font-holder\" style=\"font-size: 20px;line-height: 20px;font-weight: 700\" data-font-size= 20 data-line-height= 20>\n\tRA Stephan Steinwachs<\/h2>[vc_column_text css=\u00bb.vc_custom_1697441654918{padding-top: 20px !important;}\u00bb]<\/p>\n<p style=\"text-align: left;\">S T E I N W A C H S<\/p>\n<p style=\"text-align: left;\">Hallerstr. 89 20149 Hamburg<\/p>\n<p style=\"text-align: left;\">T +49 (40) 41 53 7117 \u2013 0<\/p>\n<p style=\"text-align: left;\">F +49 (40) 41 53 7117 \u2013 17<\/p>\n<p style=\"text-align: left;\">info@kanzlei-steinwachs.de<\/p>\n<p style=\"text-align: left;\">Internet: <a title=\"BUFETE DE ABOGADOS - CERA DE PIEDRA\" href=\"https:\/\/www.kanzlei-steinwachs.de\/\" target=\"_self\" rel=\"noopener\">www.kanzlei-steinwachs.de<\/a><\/p>\n<p>[\/vc_column_text][\/vc_column_inner][vc_column_inner width=\u00bb3\/4&#8243;][vc_column_text css=\u00bb.vc_custom_1697439948269{padding-top: 20px !important;}\u00bb]<\/p>\n<p style=\"text-align: left;\">El abogado Stephan Steinwachs est\u00e1 autorizado para ejercer en Alemania y es miembro del Colegio de Abogados del Tribunal Regional Superior de Hamburgo en Bleichenbr\u00fccke 9, 20354 Hamburgo, tel\u00e9fono: +49 (40) 357 441 \u2013 0, fax: +49 (40) 357 441 \u2013 41<\/p>\n<p style=\"text-align: left;\">http:\/\/www.rechtsanwaltskammerhamburg.de<\/p>\n<p style=\"text-align: left;\">El t\u00edtulo profesional de abogado fue otorgado en la Rep\u00fablica Federal de Alemania.<\/p>\n<div id=\"gtx-trans\" style=\"position: absolute; left: 124px; top: 113px;\">\n<div class=\"gtx-trans-icon\"><\/div>\n<\/div>\n<p>[\/vc_column_text][vc_empty_space height=\u00bb30px\u00bb]\n<h2 class=\"mkd-custom-font-holder\" style=\"font-size: 20px;line-height: 30px;font-weight: 700\" data-font-size= 20 data-line-height= 30>\n\tDie nachfolgend aufgelisteten berufsrechtlichen Regelungen sind unter www.brak.de bei der Bundesrechtsanwaltskammer unter dem Stichwort \u201eInformationspflichten gem. \u00a7 5 TMG\u201c abrufbar:<\/h2>[vc_column_text css=\u00bb.vc_custom_1697440755467{padding-top: 20px !important;}\u00bb]<\/p>\n<ul>\n<li>Ley Federal de Abogados (BRAO)<\/li>\n<li>Reglamento profesional del Colegio Federal de Abogados (BORA)<\/li>\n<li>Reglamento de Abogados Especialistas (FAO)<\/li>\n<li>Reglas de Conducta Profesional de los Abogados de la Uni\u00f3n Europea (CCBE)<\/li>\n<li>Ley sobre las actividades de los abogados europeos en Alemania (EURAG)<\/li>\n<li>Ley de remuneraci\u00f3n de los abogados (RVG)<\/li>\n<li>Lista de Honorarios de Abogados Federales (BRAGO)<\/li>\n<\/ul>\n<p>[\/vc_column_text][vc_column_text css=\u00bb.vc_custom_1697440772580{padding-top: 20px !important;}\u00bb]<\/p>\n<p style=\"text-align: left;\">El bufete de abogados representa a clientes en toda Alemania, especialmente en el norte de Alemania, en las regiones de Hamburgo, Schleswig-Holstein, Baja Sajonia, Berl\u00edn y Mecklenburg y en las ciudades de Kiel, L\u00fcbeck, Elmshorn, Flensburg, Neum\u00fcnster, Heide, Itzehoe, Schleswig, Pinneberg, Pl\u00f6n y Eutin, Rendsburg, Norderstedt, Bad Segeberg, Husum, Wedel, Bad Oldesloe, Ahrensburg, Bargteheide, Ratzeburg, Bad Schwartau, Reinbek, L\u00fcneburg, Wismar, Rostock, Schwerin, Potsdam, Stade.<\/p>\n<p>[\/vc_column_text][\/vc_column_inner][\/vc_row_inner][\/vc_column][\/vc_row][vc_row triangle_shape=\u00bbno\u00bb css=\u00bb.vc_custom_1697441709519{padding-top: 50px !important;}\u00bb][vc_column]\n<h2 class=\"mkd-custom-font-holder\" style=\"font-size: 20px;line-height: 20px;font-weight: 700\" data-font-size= 20 data-line-height= 20>\n\tHaftungshinweis<\/h2>[vc_column_text css=\u00bb.vc_custom_1697440885283{padding-top: 20px !important;}\u00bb]<\/p>\n<p style=\"text-align: left;\">A pesar de un cuidadoso control del contenido, no asumimos ninguna responsabilidad por el contenido de los enlaces externos. Los operadores son los \u00fanicos responsables del contenido de las p\u00e1ginas enlazadas. <\/p>\n<p style=\"text-align: left;\">Dise\u00f1o: max4u \u2013 atractivo dise\u00f1o digital \u2013 http:\/\/www.max4u.de<\/p>\n<p style=\"text-align: left;\">Fotos: Valeria Mitelman \u2013 http:\/\/www.mitelman.de \/ Christophe Sorenti \u2013 http:\/\/www.csorenti.com<\/p>\n<p style=\"text-align: left;\">Programaci\u00f3n: Vitali Usselmann \u2013 http:\/\/www.vita.li<\/p>\n<p style=\"text-align: left;\" data-fontsize=\"16\" data-lineheight=\"24\">Referencia a \u00f3rganos de arbitraje extrajudicial<\/p>\n<p style=\"text-align: left;\"><a href=\"http:\/\/www.schlichtungsstelle-der-rechtsanwaltschaft.de\/\">http:\/\/www.schlichtungsstelle-der-rechtsanwaltschaft.de\/ <\/a><\/p>\n<p style=\"text-align: left;\">Plataforma de la UE para la resoluci\u00f3n extrajudicial de litigios en l\u00ednea: <a href=\"http:\/\/ec.europa.eu\/consumers\/odr\/\">http:\/\/ec.europa.eu\/consumers\/odr\/<\/a><\/p>\n<p style=\"text-align: left;\">No existe obligaci\u00f3n de participar en un arbitraje extrajudicial. Nos negamos expresamente a participar. <\/p>\n<p>[\/vc_column_text][\/vc_column][\/vc_row][vc_row triangle_shape=\u00bbno\u00bb css=\u00bb.vc_custom_1697435245090{padding-top: 50px !important;padding-bottom: 50px !important;}\u00bb][vc_column]\n<h2 class=\"mkd-custom-font-holder\" style=\"font-size: 20px;line-height: 20px;font-weight: 700\" data-font-size= 20 data-line-height= 20>\n\tRechtsportale der Kanzlei:<\/h2>[vc_column_text css=\u00bb.vc_custom_1697440915019{padding-top: 20px !important;}\u00bb]<\/p>\n<p style=\"text-align: left;\">A pesar de un cuidadoso control del contenido, no asumimos ninguna responsabilidad por el contenido de los enlaces externos. Los operadores son los \u00fanicos responsables del contenido de las p\u00e1ginas enlazadas. <\/p>\n<p style=\"text-align: left;\">Dise\u00f1o: max4u \u2013 atractivo dise\u00f1o digital \u2013 http:\/\/www.max4u.de<\/p>\n<p style=\"text-align: left;\">Fotos: Valeria Mitelman \u2013 http:\/\/www.mitelman.de \/ Christophe Sorenti \u2013 http:\/\/www.csorenti.com<\/p>\n<p style=\"text-align: left;\">Programaci\u00f3n: Vitali Usselmann \u2013 http:\/\/www.vita.li<\/p>\n<p style=\"text-align: left;\" data-fontsize=\"16\" data-lineheight=\"24\">Referencia a \u00f3rganos de arbitraje extrajudicial<\/p>\n<p style=\"text-align: left;\"><a href=\"http:\/\/www.schlichtungsstelle-der-rechtsanwaltschaft.de\/\">http:\/\/www.schlichtungsstelle-der-rechtsanwaltschaft.de\/ <\/a><\/p>\n<p style=\"text-align: left;\">Plataforma de la UE para la resoluci\u00f3n extrajudicial de litigios en l\u00ednea: <a href=\"http:\/\/ec.europa.eu\/consumers\/odr\/\">http:\/\/ec.europa.eu\/consumers\/odr\/<\/a><\/p>\n<p style=\"text-align: left;\">No existe obligaci\u00f3n de participar en un arbitraje extrajudicial. Nos negamos expresamente a participar. <\/p>\n<p>[\/vc_column_text][\/vc_column][\/vc_row]<\/p>\n<\/div>","protected":false},"excerpt":{"rendered":"<p>[vc_row content_width=\u00bbgrid\u00bb content_aligment=\u00bbcenter\u00bb triangle_shape=\u00bbno\u00bb css=\u00bb.vc_custom_1696926719838{padding-bottom: 10px !important;background-position: center !important;background-repeat: no-repeat !important;background-size: cover !important;}\u00bb][vc_column][vc_column_text css=\u00bb.vc_custom_1697439791118{padding-bottom: 20px !important;}\u00bb] Responsable del contenido seg\u00fan \u00a7 5 TMG (Ley de Telemedia): [\/vc_column_text][\/vc_column][\/vc_row][vc_row triangle_shape=\u00bbno\u00bb css=\u00bb.vc_custom_1695985900053{padding-top: 30px !important;}\u00bb][vc_column][vc_row_inner css=\u00bb.vc_custom_1695965286321{padding-top: 40px !important;padding-bottom: 10px !important;}\u00bb][vc_column_inner width=\u00bb1\/4&#8243;][vc_single_image image=\u00bb6443&#8243; img_size=\u00bb230 X 230&#8243; onclick=\u00bbzoom\u00bb css=\u00bb.vc_custom_1697442221534{margin-top: 10px !important;padding-top: 10px !important;}\u00bb][vc_column_text css=\u00bb.vc_custom_1697441654918{padding-top: 20px !important;}\u00bb] S T E I N W A C H S Hallerstr. 89 20149 Hamburg T +49 (40) 41 53 7117 \u2013 0 F +49 (40) 41 53 7117 \u2013 17 info@kanzlei-steinwachs.de Internet: www.kanzlei-steinwachs.de [\/vc_column_text][\/vc_column_inner][vc_column_inner width=\u00bb3\/4&#8243;][vc_column_text css=\u00bb.vc_custom_1697439948269{padding-top: 20px !important;}\u00bb] El abogado Stephan Steinwachs est\u00e1 autorizado para ejercer en Alemania y es&#8230;<\/p>\n","protected":false},"author":1,"featured_media":0,"parent":0,"menu_order":0,"comment_status":"closed","ping_status":"closed","template":"","meta":{"footnotes":""},"class_list":["post-9288","page","type-page","status-publish","hentry"],"yoast_head":"<!-- This site is optimized with the Yoast SEO Premium plugin v27.2 (Yoast SEO v27.3) - https:\/\/yoast.com\/product\/yoast-seo-premium-wordpress\/ -->\n<title>Rechtsanwaltskanzlei in Hamburg Berlin Bremen Hannover L\u00fcbeck<\/title>\n<meta name=\"description\" content=\"Rechtsanwaltskanzlei f\u00fcr Arbeitsrecht, Arzthaftung, Mietrecht, Gewerbemietrecht ,Gastronomierecht, Immobilienrecht, Schadensersatz Yachtrecht\" \/>\n<meta name=\"robots\" content=\"index, follow, max-snippet:-1, max-image-preview:large, max-video-preview:-1\" \/>\n<link rel=\"canonical\" href=\"https:\/\/www.kanzlei-steinwachs.de\/es\/imprimir\/\" \/>\n<meta property=\"og:locale\" content=\"es_ES\" \/>\n<meta property=\"og:type\" content=\"article\" \/>\n<meta property=\"og:title\" content=\"Rechtsanwaltskanzlei in Hamburg Berlin Bremen Hannover L\u00fcbeck\" \/>\n<meta property=\"og:description\" content=\"Rechtsanwaltskanzlei f\u00fcr Arbeitsrecht, Arzthaftung, Mietrecht, Gewerbemietrecht ,Gastronomierecht, Immobilienrecht, Schadensersatz Yachtrecht\" \/>\n<meta property=\"og:url\" content=\"https:\/\/www.kanzlei-steinwachs.de\/es\/imprimir\/\" \/>\n<meta property=\"og:site_name\" content=\"Rechtsanwaltskanzlei Anwalt Hamburg Berlin Bremen Hannover L\u00fcbeck\" \/>\n<meta property=\"article:publisher\" content=\"https:\/\/www.facebook.com\/STEINWACHSRechtsanwaltskanzlei\/\" \/>\n<meta property=\"article:modified_time\" content=\"2023-10-25T11:24:53+00:00\" \/>\n<meta name=\"twitter:card\" content=\"summary_large_image\" \/>\n<meta name=\"twitter:site\" content=\"@rasteinwachs\" \/>\n<meta name=\"twitter:label1\" content=\"Tiempo de lectura\" \/>\n\t<meta name=\"twitter:data1\" content=\"4 minutos\" \/>\n<script type=\"application\/ld+json\" class=\"yoast-schema-graph\">{\"@context\":\"https:\\\/\\\/schema.org\",\"@graph\":[{\"@type\":\"WebPage\",\"@id\":\"https:\\\/\\\/www.kanzlei-steinwachs.de\\\/es\\\/imprimir\\\/\",\"url\":\"https:\\\/\\\/www.kanzlei-steinwachs.de\\\/es\\\/imprimir\\\/\",\"name\":\"Rechtsanwaltskanzlei in Hamburg Berlin Bremen Hannover L\u00fcbeck\",\"isPartOf\":{\"@id\":\"https:\\\/\\\/www.kanzlei-steinwachs.de\\\/es\\\/#website\"},\"datePublished\":\"2023-09-26T05:23:05+00:00\",\"dateModified\":\"2023-10-25T11:24:53+00:00\",\"description\":\"Rechtsanwaltskanzlei f\u00fcr Arbeitsrecht, Arzthaftung, Mietrecht, Gewerbemietrecht ,Gastronomierecht, Immobilienrecht, Schadensersatz Yachtrecht\",\"inLanguage\":\"es\",\"potentialAction\":[{\"@type\":\"ReadAction\",\"target\":[\"https:\\\/\\\/www.kanzlei-steinwachs.de\\\/es\\\/imprimir\\\/\"]}]},{\"@type\":\"WebSite\",\"@id\":\"https:\\\/\\\/www.kanzlei-steinwachs.de\\\/es\\\/#website\",\"url\":\"https:\\\/\\\/www.kanzlei-steinwachs.de\\\/es\\\/\",\"name\":\"Rechtsanwaltskanzlei Anwalt Hamburg Berlin Bremen Hannover L\u00fcbeck\",\"description\":\"Wir leisten mehr als Recht bietet\",\"publisher\":{\"@id\":\"https:\\\/\\\/www.kanzlei-steinwachs.de\\\/es\\\/#organization\"},\"potentialAction\":[{\"@type\":\"SearchAction\",\"target\":{\"@type\":\"EntryPoint\",\"urlTemplate\":\"https:\\\/\\\/www.kanzlei-steinwachs.de\\\/es\\\/?s={search_term_string}\"},\"query-input\":{\"@type\":\"PropertyValueSpecification\",\"valueRequired\":true,\"valueName\":\"search_term_string\"}}],\"inLanguage\":\"es\"},{\"@type\":[\"Organization\",\"Place\"],\"@id\":\"https:\\\/\\\/www.kanzlei-steinwachs.de\\\/es\\\/#organization\",\"name\":\"Rechtsanwaltskanzlei Anwalt Hamburg Berlin Bremen Hannover L\u00fcbeck\",\"url\":\"https:\\\/\\\/www.kanzlei-steinwachs.de\\\/\",\"logo\":{\"@type\":\"ImageObject\",\"inLanguage\":\"es\",\"@id\":\"https:\\\/\\\/www.kanzlei-steinwachs.de\\\/es\\\/#\\\/schema\\\/logo\\\/image\\\/\",\"url\":\"https:\\\/\\\/i0.wp.com\\\/www.kanzlei-steinwachs.de\\\/wp-content\\\/uploads\\\/2023\\\/12\\\/logo.webp?fit=174%2C76&quality=80&ssl=1\",\"contentUrl\":\"https:\\\/\\\/i0.wp.com\\\/www.kanzlei-steinwachs.de\\\/wp-content\\\/uploads\\\/2023\\\/12\\\/logo.webp?fit=174%2C76&quality=80&ssl=1\",\"width\":174,\"height\":76,\"caption\":\"Rechtsanwaltskanzlei Anwalt Hamburg Berlin Bremen Hannover L\u00fcbeck\"},\"image\":{\"@id\":\"https:\\\/\\\/www.kanzlei-steinwachs.de\\\/es\\\/#\\\/schema\\\/logo\\\/image\\\/\"},\"sameAs\":[\"https:\\\/\\\/www.facebook.com\\\/STEINWACHSRechtsanwaltskanzlei\\\/\",\"https:\\\/\\\/x.com\\\/rasteinwachs\",\"https:\\\/\\\/www.instagram.com\\\/steinwachs_rechtsanwaelte\\\/\",\"https:\\\/\\\/www.linkedin.com\\\/in\\\/stephan-steinwachs-7a270197\\\/\",\"https:\\\/\\\/www.youtube.com\\\/channel\\\/UCffmodDlQx81remXm395RWA\"],\"telephone\":[]}]}<\/script>\n<!-- \/ Yoast SEO Premium plugin. -->","yoast_head_json":{"title":"Rechtsanwaltskanzlei in Hamburg Berlin Bremen Hannover L\u00fcbeck","description":"Rechtsanwaltskanzlei f\u00fcr Arbeitsrecht, Arzthaftung, Mietrecht, Gewerbemietrecht ,Gastronomierecht, Immobilienrecht, Schadensersatz Yachtrecht","robots":{"index":"index","follow":"follow","max-snippet":"max-snippet:-1","max-image-preview":"max-image-preview:large","max-video-preview":"max-video-preview:-1"},"canonical":"https:\/\/www.kanzlei-steinwachs.de\/es\/imprimir\/","og_locale":"es_ES","og_type":"article","og_title":"Rechtsanwaltskanzlei in Hamburg Berlin Bremen Hannover L\u00fcbeck","og_description":"Rechtsanwaltskanzlei f\u00fcr Arbeitsrecht, Arzthaftung, Mietrecht, Gewerbemietrecht ,Gastronomierecht, Immobilienrecht, Schadensersatz Yachtrecht","og_url":"https:\/\/www.kanzlei-steinwachs.de\/es\/imprimir\/","og_site_name":"Rechtsanwaltskanzlei Anwalt Hamburg Berlin Bremen Hannover L\u00fcbeck","article_publisher":"https:\/\/www.facebook.com\/STEINWACHSRechtsanwaltskanzlei\/","article_modified_time":"2023-10-25T11:24:53+00:00","twitter_card":"summary_large_image","twitter_site":"@rasteinwachs","twitter_misc":{"Tiempo de lectura":"4 minutos"},"schema":{"@context":"https:\/\/schema.org","@graph":[{"@type":"WebPage","@id":"https:\/\/www.kanzlei-steinwachs.de\/es\/imprimir\/","url":"https:\/\/www.kanzlei-steinwachs.de\/es\/imprimir\/","name":"Rechtsanwaltskanzlei in Hamburg Berlin Bremen Hannover L\u00fcbeck","isPartOf":{"@id":"https:\/\/www.kanzlei-steinwachs.de\/es\/#website"},"datePublished":"2023-09-26T05:23:05+00:00","dateModified":"2023-10-25T11:24:53+00:00","description":"Rechtsanwaltskanzlei f\u00fcr Arbeitsrecht, Arzthaftung, Mietrecht, Gewerbemietrecht ,Gastronomierecht, Immobilienrecht, Schadensersatz Yachtrecht","inLanguage":"es","potentialAction":[{"@type":"ReadAction","target":["https:\/\/www.kanzlei-steinwachs.de\/es\/imprimir\/"]}]},{"@type":"WebSite","@id":"https:\/\/www.kanzlei-steinwachs.de\/es\/#website","url":"https:\/\/www.kanzlei-steinwachs.de\/es\/","name":"Rechtsanwaltskanzlei Anwalt Hamburg Berlin Bremen Hannover L\u00fcbeck","description":"Wir leisten mehr als Recht bietet","publisher":{"@id":"https:\/\/www.kanzlei-steinwachs.de\/es\/#organization"},"potentialAction":[{"@type":"SearchAction","target":{"@type":"EntryPoint","urlTemplate":"https:\/\/www.kanzlei-steinwachs.de\/es\/?s={search_term_string}"},"query-input":{"@type":"PropertyValueSpecification","valueRequired":true,"valueName":"search_term_string"}}],"inLanguage":"es"},{"@type":["Organization","Place"],"@id":"https:\/\/www.kanzlei-steinwachs.de\/es\/#organization","name":"Rechtsanwaltskanzlei Anwalt Hamburg Berlin Bremen Hannover L\u00fcbeck","url":"https:\/\/www.kanzlei-steinwachs.de\/","logo":{"@type":"ImageObject","inLanguage":"es","@id":"https:\/\/www.kanzlei-steinwachs.de\/es\/#\/schema\/logo\/image\/","url":"https:\/\/i0.wp.com\/www.kanzlei-steinwachs.de\/wp-content\/uploads\/2023\/12\/logo.webp?fit=174%2C76&quality=80&ssl=1","contentUrl":"https:\/\/i0.wp.com\/www.kanzlei-steinwachs.de\/wp-content\/uploads\/2023\/12\/logo.webp?fit=174%2C76&quality=80&ssl=1","width":174,"height":76,"caption":"Rechtsanwaltskanzlei Anwalt Hamburg Berlin Bremen Hannover L\u00fcbeck"},"image":{"@id":"https:\/\/www.kanzlei-steinwachs.de\/es\/#\/schema\/logo\/image\/"},"sameAs":["https:\/\/www.facebook.com\/STEINWACHSRechtsanwaltskanzlei\/","https:\/\/x.com\/rasteinwachs","https:\/\/www.instagram.com\/steinwachs_rechtsanwaelte\/","https:\/\/www.linkedin.com\/in\/stephan-steinwachs-7a270197\/","https:\/\/www.youtube.com\/channel\/UCffmodDlQx81remXm395RWA"],"telephone":[]}]}},"jetpack_sharing_enabled":true,"_links":{"self":[{"href":"https:\/\/www.kanzlei-steinwachs.de\/es\/wp-json\/wp\/v2\/pages\/9288","targetHints":{"allow":["GET"]}}],"collection":[{"href":"https:\/\/www.kanzlei-steinwachs.de\/es\/wp-json\/wp\/v2\/pages"}],"about":[{"href":"https:\/\/www.kanzlei-steinwachs.de\/es\/wp-json\/wp\/v2\/types\/page"}],"author":[{"embeddable":true,"href":"https:\/\/www.kanzlei-steinwachs.de\/es\/wp-json\/wp\/v2\/users\/1"}],"replies":[{"embeddable":true,"href":"https:\/\/www.kanzlei-steinwachs.de\/es\/wp-json\/wp\/v2\/comments?post=9288"}],"version-history":[{"count":0,"href":"https:\/\/www.kanzlei-steinwachs.de\/es\/wp-json\/wp\/v2\/pages\/9288\/revisions"}],"wp:attachment":[{"href":"https:\/\/www.kanzlei-steinwachs.de\/es\/wp-json\/wp\/v2\/media?parent=9288"}],"curies":[{"name":"wp","href":"https:\/\/api.w.org\/{rel}","templated":true}]}}