{"id":9267,"date":"2023-10-17T10:59:38","date_gmt":"2023-10-17T08:59:38","guid":{"rendered":"https:\/\/www.kanzlei-steinwachs.de\/derecho-inmobiliario\/"},"modified":"2023-10-25T12:49:08","modified_gmt":"2023-10-25T10:49:08","slug":"derecho-inmobiliario","status":"publish","type":"page","link":"https:\/\/www.kanzlei-steinwachs.de\/es\/derecho-inmobiliario\/","title":{"rendered":"derecho inmobiliario"},"content":{"rendered":"<div class=\"wpb-content-wrapper\"><p>[vc_row content_width=\u00bbgrid\u00bb content_aligment=\u00bbcenter\u00bb triangle_shape=\u00bbno\u00bb css=\u00bb.vc_custom_1696926719838{padding-bottom: 10px !important;background-position: center !important;background-repeat: no-repeat !important;background-size: cover !important;}\u00bb][vc_column]<div class=\"mkd-separator-holder clearfix  mkd-separator-center mkd-separator-with-icon mkd-animate\" style=\"margin-top: 20px; margin-bottom: 30px\">\n\t<div class=\"mkd-separator\" style=\"border-color: #c18f59;border-style: solid;width: 97.5px\"><\/div>\n\t\t<div class=\"mkd-separator-icon\">\n\t\t\t                    \t\t\t\t\t\t<\/div>\n\t<div class=\"mkd-separator\" style=\"border-color: #c18f59;border-style: solid;width: 97.5px\"><\/div>\n<\/div>\n[\/vc_column][\/vc_row][vc_row triangle_shape=\u00bbno\u00bb][vc_column][vc_column_text css=\u00bb.vc_custom_1697533332204{margin-bottom: 0px !important;padding-top: 20px !important;padding-bottom: 1px !important;}\u00bb]Una <a title=\"Propiedad\" href=\"http:\/\/de.wikipedia.org\/wiki\/Grundst%C3%BCck\">propiedad<\/a> es un terreno o un <a title=\"Edificio\" href=\"http:\/\/de.wikipedia.org\/wiki\/Bauwerk\">edificio<\/a>. Dado que los bienes inmuebles son bienes inmuebles, tambi\u00e9n se los denomina bienes inmuebles o el derecho sobre ellos se denomina derecho inmobiliario.[\/vc_column_text][vc_column_text css=\u00bb.vc_custom_1697533326341{padding-top: 10px !important;}\u00bb]Los condominios tambi\u00e9n se consideran bienes inmuebles, por lo que la ley inmobiliaria se ocupa de la compra y venta de condominios. Esto est\u00e1 regulado en la ley de condominios en la Ley de Condominios (WEG). A menudo pueden surgir problemas en este \u00e1mbito que deber\u00edan resolverse antes de celebrar el contrato de compra. Una conexi\u00f3n con la comunidad de propietarios puede durar muchos a\u00f1os y, en \u00faltima instancia, s\u00f3lo puede terminar mediante una venta. Para evitar futuros inconvenientes, es imprescindible comprobar con antelaci\u00f3n, por ejemplo, las reservas y la situaci\u00f3n administrativa.[\/vc_column_text][\/vc_column][\/vc_row][vc_row triangle_shape=\u00bbno\u00bb css=\u00bb.vc_custom_1697796693471{padding-top: 30px !important;}\u00bb el_class=\u00bball-least-pages\u00bb][vc_column][vc_row_inner css=\u00bb.vc_custom_1697455935676{padding-bottom: 10px !important;}\u00bb][vc_column_inner width=\u00bb1\/2&#8243;]\n<h2 class=\"mkd-custom-font-holder\" style=\"font-size: 20px;line-height: 30px;font-weight: 700\" data-font-size= 20 data-line-height= 30>\n\tDas Immobilienrecht bzw. Grundst\u00fccksrecht ist der Oberbegriff f\u00fcr alle Rechtbereiche, die mit dem<\/h2>[vc_empty_space]<div class=\"mkd-unordered-list \" ><ul>\n<li>Erwerb<\/li>\n<li>der Ver\u00e4u\u00dferung,<\/li>\n<li>der Belastung,<\/li>\n<li>oder der Nutzung<\/li>\n<\/ul>\n<div id=\"gtx-trans\" style=\"position: absolute; left: 112px; top: 110px;\">\n<div class=\"gtx-trans-icon\"><\/div>\n<\/div>\n<\/div>[vc_column_text css=\u00bb.vc_custom_1697533380861{padding-top: 20px !important;}\u00bb]<\/p>\n<div class=\"art-content\">\n<div class=\"art-Post\">\n<div class=\"art-Post-body\">\n<div class=\"art-Post-inner art-article\">\n<div class=\"art-PostContent\">\n<p>asociado a una propiedad.<\/p>\n<\/div>\n<div class=\"cleared\"><\/div>\n<\/div>\n<\/div>\n<\/div>\n<\/div>\n<div class=\"art-sidebar2\">\n<div id=\"custom_html-12\" class=\"widget_text widget widget_custom_html\">\n<div class=\"art-Block\"><\/div>\n<\/div>\n<\/div>\n<p>[\/vc_column_text][vc_column_text css=\u00bb.vc_custom_1697533405868{padding-top: 20px !important;}\u00bb]<\/p>\n<div class=\"art-content\">\n<div class=\"art-Post\">\n<div class=\"art-Post-body\">\n<div class=\"art-Post-inner art-article\">\n<div class=\"art-PostContent\">\n<p>Sin embargo, el derecho inmobiliario no s\u00f3lo se limita a las transacciones cl\u00e1sicas como la adquisici\u00f3n, venta, arrendamiento y alquiler de un inmueble, sino que tambi\u00e9n incluye temas como fondos inmobiliarios, fideicomisos de inversi\u00f3n inmobiliaria (REIT), modelos de titulizaci\u00f3n, no pr\u00e9stamos productivos y modelos de APP y privatizaci\u00f3n.<\/p>\n<\/div>\n<\/div>\n<\/div>\n<\/div>\n<\/div>\n<p>[\/vc_column_text][vc_column_text css=\u00bb.vc_custom_1697533395620{padding-top: 20px !important;}\u00bb]<\/p>\n<div class=\"art-content\">\n<div class=\"art-Post\">\n<div class=\"art-Post-body\">\n<div class=\"art-Post-inner art-article\">\n<div class=\"art-PostContent\">\n<p>Sin embargo, la legislaci\u00f3n inmobiliaria se aplica con mayor frecuencia a la hora de comprar y vender una propiedad.<\/p>\n<\/div>\n<\/div>\n<\/div>\n<\/div>\n<\/div>\n<p>[\/vc_column_text][\/vc_column_inner][vc_column_inner width=\u00bb1\/2&#8243;][vc_single_image image=\u00bb1425&#8243; img_size=\u00bbfull\u00bb][\/vc_column_inner][\/vc_row_inner][\/vc_column][\/vc_row][vc_row triangle_shape=\u00bbno\u00bb css=\u00bb.vc_custom_1697796708129{padding-bottom: 50px !important;}\u00bb el_class=\u00bball-least-pages1&#8243;][vc_column][vc_column_text css=\u00bb.vc_custom_1697533447125{padding-top: 20px !important;}\u00bb]<\/p>\n<div class=\"art-content\">\n<div class=\"art-Post\">\n<div class=\"art-Post-body\">\n<div class=\"art-Post-inner art-article\">\n<div class=\"art-PostContent\">\n<p>Las normas fundamentales del derecho inmobiliario que se refieren a la compra de un inmueble y que se aplican en particular a la celebraci\u00f3n de un contrato de compraventa est\u00e1n contenidas en las disposiciones sobre derecho contractual del C\u00f3digo Civil. La transferencia de propiedad o la concesi\u00f3n de un derecho sobre una propiedad, por otra parte, est\u00e1 regulada por las normas de derecho de propiedad del C\u00f3digo Civil. <\/p>\n<\/div>\n<div class=\"cleared\"><\/div>\n<\/div>\n<\/div>\n<\/div>\n<\/div>\n<div class=\"art-sidebar2\">\n<div id=\"custom_html-12\" class=\"widget_text widget widget_custom_html\">\n<div class=\"art-Block\"><\/div>\n<\/div>\n<\/div>\n<p>[\/vc_column_text][vc_empty_space]\n<h2 class=\"mkd-custom-font-holder\" style=\"font-size: 20px;line-height: 20px;font-weight: 700\" data-font-size= 20 data-line-height= 20>\n\tAbschluss<\/h2>[vc_column_text css=\u00bb.vc_custom_1697533490229{padding-top: 20px !important;}\u00bb]<\/p>\n<div class=\"art-content\">\n<div class=\"art-Post\">\n<div class=\"art-Post-body\">\n<div class=\"art-Post-inner art-article\">\n<div class=\"art-PostContent\">\n<p>El derecho inmobiliario tambi\u00e9n se determina a nivel federal, entre otras cosas, por el C\u00f3digo de Construcci\u00f3n (BauGB), el Reglamento de Ahorro de Energ\u00eda (EnEV), la Ley de Calor de Energ\u00edas Renovables (EEW\u00e4rmeG), la Ley de Propiedad de Condominios (WoEigG) y la Ley de Corredores. y Ordenanza sobre promotores inmobiliarios (MaBV). A nivel de derecho estatal, el derecho inmobiliario incluye, entre otras cosas, las normas estatales de construcci\u00f3n, la ley de protecci\u00f3n de monumentos, el derecho de vecinos y el derecho estatal. <\/p>\n<\/div>\n<div class=\"cleared\"><\/div>\n<\/div>\n<\/div>\n<\/div>\n<\/div>\n<div class=\"art-sidebar2\">\n<div id=\"custom_html-12\" class=\"widget_text widget widget_custom_html\">\n<div class=\"art-Block\"><\/div>\n<\/div>\n<\/div>\n<p>[\/vc_column_text][vc_column_text css=\u00bb.vc_custom_1697533479812{padding-top: 10px !important;}\u00bb]<\/p>\n<div class=\"art-content\">\n<div class=\"art-Post\">\n<div class=\"art-Post-body\">\n<div class=\"art-Post-inner art-article\">\n<div class=\"art-PostContent\">\n<p>En las siguientes p\u00e1ginas intentaremos brindarle la mayor informaci\u00f3n posible sobre el derecho inmobiliario.<\/p>\n<\/div>\n<div class=\"cleared\"><\/div>\n<\/div>\n<\/div>\n<\/div>\n<\/div>\n<div class=\"art-sidebar2\">\n<div id=\"custom_html-12\" class=\"widget_text widget widget_custom_html\">\n<div class=\"art-Block\"><\/div>\n<\/div>\n<\/div>\n<p>[\/vc_column_text][vc_column_text css=\u00bb.vc_custom_1697533469764{padding-top: 10px !important;}\u00bb]<\/p>\n<div class=\"art-content\">\n<div class=\"art-Post\">\n<div class=\"art-Post-body\">\n<div class=\"art-Post-inner art-article\">\n<div class=\"art-PostContent\">\n<p>Tambi\u00e9n recomendamos las siguientes p\u00e1ginas sobre el tema de derecho inmobiliario:<\/p>\n<\/div>\n<\/div>\n<\/div>\n<\/div>\n<\/div>\n<p>[\/vc_column_text][vc_column_text css=\u00bb.vc_custom_1697533462844{padding-top: 10px !important;}\u00bb]<\/p>\n<div class=\"art-content\">\n<div class=\"art-Post\">\n<div class=\"art-Post-body\">\n<div class=\"art-Post-inner art-article\">\n<div class=\"art-PostContent\">\n<ul>\n<li><a href=\"http:\/\/www.bnotk.de\/\" target=\"_blank\" rel=\"noopener\">www.bnotk.de<\/a><\/li>\n<\/ul>\n<ul>\n<li> <a href=\"http:\/\/www.grundbuch-portal.de\/\" target=\"_blank\" rel=\"noopener\">www.grundbuch-portal.de<\/a><\/li>\n<\/ul>\n<\/div>\n<\/div>\n<\/div>\n<\/div>\n<\/div>\n<p>[\/vc_column_text][\/vc_column][\/vc_row]<\/p>\n<\/div>","protected":false},"excerpt":{"rendered":"<p>[vc_row content_width=\u00bbgrid\u00bb content_aligment=\u00bbcenter\u00bb triangle_shape=\u00bbno\u00bb css=\u00bb.vc_custom_1696926719838{padding-bottom: 10px !important;background-position: center !important;background-repeat: no-repeat !important;background-size: cover !important;}\u00bb][vc_column][\/vc_column][\/vc_row][vc_row triangle_shape=\u00bbno\u00bb][vc_column][vc_column_text css=\u00bb.vc_custom_1697533332204{margin-bottom: 0px !important;padding-top: 20px !important;padding-bottom: 1px !important;}\u00bb]Una propiedad es un terreno o un edificio. Dado que los bienes inmuebles son bienes inmuebles, tambi\u00e9n se los denomina bienes inmuebles o el derecho sobre ellos se denomina derecho inmobiliario.[\/vc_column_text][vc_column_text css=\u00bb.vc_custom_1697533326341{padding-top: 10px !important;}\u00bb]Los condominios tambi\u00e9n se consideran bienes inmuebles, por lo que la ley inmobiliaria se ocupa de la compra y venta de condominios. Esto est\u00e1 regulado en la ley de condominios en la Ley de Condominios (WEG). A menudo pueden surgir problemas en este \u00e1mbito que deber\u00edan resolverse&#8230;<\/p>\n","protected":false},"author":1,"featured_media":15786,"parent":0,"menu_order":0,"comment_status":"closed","ping_status":"closed","template":"","meta":{"footnotes":""},"class_list":["post-9267","page","type-page","status-publish","has-post-thumbnail","hentry"],"yoast_head":"<!-- This site is optimized with the Yoast SEO Premium plugin v27.2 (Yoast SEO v27.4) - https:\/\/yoast.com\/product\/yoast-seo-premium-wordpress\/ -->\n<title>Rechtsanwaltskanzlei in Hamburg Berlin Bremen Hannover L\u00fcbeck<\/title>\n<meta name=\"description\" content=\"Rechtsanwaltskanzlei f\u00fcr Arbeitsrecht, Arzthaftung, Mietrecht, Gewerbemietrecht ,Gastronomierecht, Immobilienrecht, Schadensersatz Yachtrecht\" \/>\n<meta name=\"robots\" content=\"index, follow, max-snippet:-1, max-image-preview:large, max-video-preview:-1\" \/>\n<link rel=\"canonical\" href=\"https:\/\/www.kanzlei-steinwachs.de\/es\/derecho-inmobiliario\/\" \/>\n<meta property=\"og:locale\" content=\"es_ES\" \/>\n<meta property=\"og:type\" content=\"article\" \/>\n<meta property=\"og:title\" content=\"Rechtsanwaltskanzlei in Hamburg Berlin Bremen Hannover L\u00fcbeck\" \/>\n<meta property=\"og:description\" content=\"Rechtsanwaltskanzlei f\u00fcr Arbeitsrecht, Arzthaftung, Mietrecht, Gewerbemietrecht ,Gastronomierecht, Immobilienrecht, Schadensersatz Yachtrecht\" \/>\n<meta property=\"og:url\" content=\"https:\/\/www.kanzlei-steinwachs.de\/es\/derecho-inmobiliario\/\" \/>\n<meta property=\"og:site_name\" content=\"Rechtsanwaltskanzlei Anwalt Hamburg Berlin Bremen Hannover L\u00fcbeck\" \/>\n<meta property=\"article:publisher\" content=\"https:\/\/www.facebook.com\/STEINWACHSRechtsanwaltskanzlei\/\" \/>\n<meta property=\"article:modified_time\" content=\"2023-10-25T10:49:08+00:00\" \/>\n<meta name=\"twitter:card\" content=\"summary_large_image\" \/>\n<meta name=\"twitter:site\" content=\"@rasteinwachs\" \/>\n<meta name=\"twitter:label1\" content=\"Tiempo de lectura\" \/>\n\t<meta name=\"twitter:data1\" content=\"4 minutos\" \/>\n<script type=\"application\/ld+json\" class=\"yoast-schema-graph\">{\"@context\":\"https:\\\/\\\/schema.org\",\"@graph\":[{\"@type\":\"WebPage\",\"@id\":\"https:\\\/\\\/www.kanzlei-steinwachs.de\\\/es\\\/derecho-inmobiliario\\\/\",\"url\":\"https:\\\/\\\/www.kanzlei-steinwachs.de\\\/es\\\/derecho-inmobiliario\\\/\",\"name\":\"Rechtsanwaltskanzlei in Hamburg Berlin Bremen Hannover L\u00fcbeck\",\"isPartOf\":{\"@id\":\"https:\\\/\\\/www.kanzlei-steinwachs.de\\\/es\\\/#website\"},\"primaryImageOfPage\":{\"@id\":\"https:\\\/\\\/www.kanzlei-steinwachs.de\\\/es\\\/derecho-inmobiliario\\\/#primaryimage\"},\"image\":{\"@id\":\"https:\\\/\\\/www.kanzlei-steinwachs.de\\\/es\\\/derecho-inmobiliario\\\/#primaryimage\"},\"thumbnailUrl\":\"https:\\\/\\\/i0.wp.com\\\/www.kanzlei-steinwachs.de\\\/wp-content\\\/uploads\\\/2023\\\/12\\\/logo.webp?fit=174%2C76&quality=20&ssl=1\",\"datePublished\":\"2023-10-17T08:59:38+00:00\",\"dateModified\":\"2023-10-25T10:49:08+00:00\",\"description\":\"Rechtsanwaltskanzlei f\u00fcr Arbeitsrecht, Arzthaftung, Mietrecht, Gewerbemietrecht ,Gastronomierecht, Immobilienrecht, Schadensersatz Yachtrecht\",\"inLanguage\":\"es\",\"potentialAction\":[{\"@type\":\"ReadAction\",\"target\":[\"https:\\\/\\\/www.kanzlei-steinwachs.de\\\/es\\\/derecho-inmobiliario\\\/\"]}]},{\"@type\":\"ImageObject\",\"inLanguage\":\"es\",\"@id\":\"https:\\\/\\\/www.kanzlei-steinwachs.de\\\/es\\\/derecho-inmobiliario\\\/#primaryimage\",\"url\":\"https:\\\/\\\/i0.wp.com\\\/www.kanzlei-steinwachs.de\\\/wp-content\\\/uploads\\\/2023\\\/12\\\/logo.webp?fit=174%2C76&quality=20&ssl=1\",\"contentUrl\":\"https:\\\/\\\/i0.wp.com\\\/www.kanzlei-steinwachs.de\\\/wp-content\\\/uploads\\\/2023\\\/12\\\/logo.webp?fit=174%2C76&quality=20&ssl=1\",\"width\":174,\"height\":76,\"caption\":\"Kanzlei Steinwachs\"},{\"@type\":\"WebSite\",\"@id\":\"https:\\\/\\\/www.kanzlei-steinwachs.de\\\/es\\\/#website\",\"url\":\"https:\\\/\\\/www.kanzlei-steinwachs.de\\\/es\\\/\",\"name\":\"Rechtsanwaltskanzlei Anwalt Hamburg Berlin Bremen Hannover L\u00fcbeck\",\"description\":\"Wir leisten mehr als Recht bietet\",\"publisher\":{\"@id\":\"https:\\\/\\\/www.kanzlei-steinwachs.de\\\/es\\\/#organization\"},\"potentialAction\":[{\"@type\":\"SearchAction\",\"target\":{\"@type\":\"EntryPoint\",\"urlTemplate\":\"https:\\\/\\\/www.kanzlei-steinwachs.de\\\/es\\\/?s={search_term_string}\"},\"query-input\":{\"@type\":\"PropertyValueSpecification\",\"valueRequired\":true,\"valueName\":\"search_term_string\"}}],\"inLanguage\":\"es\"},{\"@type\":[\"Organization\",\"Place\"],\"@id\":\"https:\\\/\\\/www.kanzlei-steinwachs.de\\\/es\\\/#organization\",\"name\":\"Rechtsanwaltskanzlei Anwalt Hamburg Berlin Bremen Hannover L\u00fcbeck\",\"url\":\"https:\\\/\\\/www.kanzlei-steinwachs.de\\\/\",\"logo\":{\"@type\":\"ImageObject\",\"inLanguage\":\"es\",\"@id\":\"https:\\\/\\\/www.kanzlei-steinwachs.de\\\/es\\\/#\\\/schema\\\/logo\\\/image\\\/\",\"url\":\"https:\\\/\\\/i0.wp.com\\\/www.kanzlei-steinwachs.de\\\/wp-content\\\/uploads\\\/2023\\\/12\\\/logo.webp?fit=174%2C76&quality=80&ssl=1\",\"contentUrl\":\"https:\\\/\\\/i0.wp.com\\\/www.kanzlei-steinwachs.de\\\/wp-content\\\/uploads\\\/2023\\\/12\\\/logo.webp?fit=174%2C76&quality=80&ssl=1\",\"width\":174,\"height\":76,\"caption\":\"Rechtsanwaltskanzlei Anwalt Hamburg Berlin Bremen Hannover L\u00fcbeck\"},\"image\":{\"@id\":\"https:\\\/\\\/www.kanzlei-steinwachs.de\\\/es\\\/#\\\/schema\\\/logo\\\/image\\\/\"},\"sameAs\":[\"https:\\\/\\\/www.facebook.com\\\/STEINWACHSRechtsanwaltskanzlei\\\/\",\"https:\\\/\\\/x.com\\\/rasteinwachs\",\"https:\\\/\\\/www.instagram.com\\\/steinwachs_rechtsanwaelte\\\/\",\"https:\\\/\\\/www.linkedin.com\\\/in\\\/stephan-steinwachs-7a270197\\\/\",\"https:\\\/\\\/www.youtube.com\\\/channel\\\/UCffmodDlQx81remXm395RWA\"],\"telephone\":[]}]}<\/script>\n<!-- \/ Yoast SEO Premium plugin. -->","yoast_head_json":{"title":"Rechtsanwaltskanzlei in Hamburg Berlin Bremen Hannover L\u00fcbeck","description":"Rechtsanwaltskanzlei f\u00fcr Arbeitsrecht, Arzthaftung, Mietrecht, Gewerbemietrecht ,Gastronomierecht, Immobilienrecht, Schadensersatz Yachtrecht","robots":{"index":"index","follow":"follow","max-snippet":"max-snippet:-1","max-image-preview":"max-image-preview:large","max-video-preview":"max-video-preview:-1"},"canonical":"https:\/\/www.kanzlei-steinwachs.de\/es\/derecho-inmobiliario\/","og_locale":"es_ES","og_type":"article","og_title":"Rechtsanwaltskanzlei in Hamburg Berlin Bremen Hannover L\u00fcbeck","og_description":"Rechtsanwaltskanzlei f\u00fcr Arbeitsrecht, Arzthaftung, Mietrecht, Gewerbemietrecht ,Gastronomierecht, Immobilienrecht, Schadensersatz Yachtrecht","og_url":"https:\/\/www.kanzlei-steinwachs.de\/es\/derecho-inmobiliario\/","og_site_name":"Rechtsanwaltskanzlei Anwalt Hamburg Berlin Bremen Hannover L\u00fcbeck","article_publisher":"https:\/\/www.facebook.com\/STEINWACHSRechtsanwaltskanzlei\/","article_modified_time":"2023-10-25T10:49:08+00:00","twitter_card":"summary_large_image","twitter_site":"@rasteinwachs","twitter_misc":{"Tiempo de lectura":"4 minutos"},"schema":{"@context":"https:\/\/schema.org","@graph":[{"@type":"WebPage","@id":"https:\/\/www.kanzlei-steinwachs.de\/es\/derecho-inmobiliario\/","url":"https:\/\/www.kanzlei-steinwachs.de\/es\/derecho-inmobiliario\/","name":"Rechtsanwaltskanzlei in Hamburg Berlin Bremen Hannover L\u00fcbeck","isPartOf":{"@id":"https:\/\/www.kanzlei-steinwachs.de\/es\/#website"},"primaryImageOfPage":{"@id":"https:\/\/www.kanzlei-steinwachs.de\/es\/derecho-inmobiliario\/#primaryimage"},"image":{"@id":"https:\/\/www.kanzlei-steinwachs.de\/es\/derecho-inmobiliario\/#primaryimage"},"thumbnailUrl":"https:\/\/i0.wp.com\/www.kanzlei-steinwachs.de\/wp-content\/uploads\/2023\/12\/logo.webp?fit=174%2C76&quality=20&ssl=1","datePublished":"2023-10-17T08:59:38+00:00","dateModified":"2023-10-25T10:49:08+00:00","description":"Rechtsanwaltskanzlei f\u00fcr Arbeitsrecht, Arzthaftung, Mietrecht, Gewerbemietrecht ,Gastronomierecht, Immobilienrecht, Schadensersatz Yachtrecht","inLanguage":"es","potentialAction":[{"@type":"ReadAction","target":["https:\/\/www.kanzlei-steinwachs.de\/es\/derecho-inmobiliario\/"]}]},{"@type":"ImageObject","inLanguage":"es","@id":"https:\/\/www.kanzlei-steinwachs.de\/es\/derecho-inmobiliario\/#primaryimage","url":"https:\/\/i0.wp.com\/www.kanzlei-steinwachs.de\/wp-content\/uploads\/2023\/12\/logo.webp?fit=174%2C76&quality=20&ssl=1","contentUrl":"https:\/\/i0.wp.com\/www.kanzlei-steinwachs.de\/wp-content\/uploads\/2023\/12\/logo.webp?fit=174%2C76&quality=20&ssl=1","width":174,"height":76,"caption":"Kanzlei Steinwachs"},{"@type":"WebSite","@id":"https:\/\/www.kanzlei-steinwachs.de\/es\/#website","url":"https:\/\/www.kanzlei-steinwachs.de\/es\/","name":"Rechtsanwaltskanzlei Anwalt Hamburg Berlin Bremen Hannover L\u00fcbeck","description":"Wir leisten mehr als Recht bietet","publisher":{"@id":"https:\/\/www.kanzlei-steinwachs.de\/es\/#organization"},"potentialAction":[{"@type":"SearchAction","target":{"@type":"EntryPoint","urlTemplate":"https:\/\/www.kanzlei-steinwachs.de\/es\/?s={search_term_string}"},"query-input":{"@type":"PropertyValueSpecification","valueRequired":true,"valueName":"search_term_string"}}],"inLanguage":"es"},{"@type":["Organization","Place"],"@id":"https:\/\/www.kanzlei-steinwachs.de\/es\/#organization","name":"Rechtsanwaltskanzlei Anwalt Hamburg Berlin Bremen Hannover L\u00fcbeck","url":"https:\/\/www.kanzlei-steinwachs.de\/","logo":{"@type":"ImageObject","inLanguage":"es","@id":"https:\/\/www.kanzlei-steinwachs.de\/es\/#\/schema\/logo\/image\/","url":"https:\/\/i0.wp.com\/www.kanzlei-steinwachs.de\/wp-content\/uploads\/2023\/12\/logo.webp?fit=174%2C76&quality=80&ssl=1","contentUrl":"https:\/\/i0.wp.com\/www.kanzlei-steinwachs.de\/wp-content\/uploads\/2023\/12\/logo.webp?fit=174%2C76&quality=80&ssl=1","width":174,"height":76,"caption":"Rechtsanwaltskanzlei Anwalt Hamburg Berlin Bremen Hannover L\u00fcbeck"},"image":{"@id":"https:\/\/www.kanzlei-steinwachs.de\/es\/#\/schema\/logo\/image\/"},"sameAs":["https:\/\/www.facebook.com\/STEINWACHSRechtsanwaltskanzlei\/","https:\/\/x.com\/rasteinwachs","https:\/\/www.instagram.com\/steinwachs_rechtsanwaelte\/","https:\/\/www.linkedin.com\/in\/stephan-steinwachs-7a270197\/","https:\/\/www.youtube.com\/channel\/UCffmodDlQx81remXm395RWA"],"telephone":[]}]}},"jetpack_sharing_enabled":true,"_links":{"self":[{"href":"https:\/\/www.kanzlei-steinwachs.de\/es\/wp-json\/wp\/v2\/pages\/9267","targetHints":{"allow":["GET"]}}],"collection":[{"href":"https:\/\/www.kanzlei-steinwachs.de\/es\/wp-json\/wp\/v2\/pages"}],"about":[{"href":"https:\/\/www.kanzlei-steinwachs.de\/es\/wp-json\/wp\/v2\/types\/page"}],"author":[{"embeddable":true,"href":"https:\/\/www.kanzlei-steinwachs.de\/es\/wp-json\/wp\/v2\/users\/1"}],"replies":[{"embeddable":true,"href":"https:\/\/www.kanzlei-steinwachs.de\/es\/wp-json\/wp\/v2\/comments?post=9267"}],"version-history":[{"count":0,"href":"https:\/\/www.kanzlei-steinwachs.de\/es\/wp-json\/wp\/v2\/pages\/9267\/revisions"}],"wp:featuredmedia":[{"embeddable":true,"href":"https:\/\/www.kanzlei-steinwachs.de\/es\/wp-json\/wp\/v2\/media\/15786"}],"wp:attachment":[{"href":"https:\/\/www.kanzlei-steinwachs.de\/es\/wp-json\/wp\/v2\/media?parent=9267"}],"curies":[{"name":"wp","href":"https:\/\/api.w.org\/{rel}","templated":true}]}}