{"id":9233,"date":"2023-09-22T13:29:34","date_gmt":"2023-09-22T11:29:34","guid":{"rendered":"https:\/\/www.kanzlei-steinwachs.de\/ley-de-arrendamiento-comercial\/"},"modified":"2023-10-25T12:30:30","modified_gmt":"2023-10-25T10:30:30","slug":"ley-de-arrendamiento-comercial","status":"publish","type":"page","link":"https:\/\/www.kanzlei-steinwachs.de\/es\/ley-de-arrendamiento-comercial\/","title":{"rendered":"ley de arrendamiento comercial"},"content":{"rendered":"<div class=\"wpb-content-wrapper\"><p>[vc_row triangle_shape=\u00bbno\u00bb css=\u00bb.vc_custom_1695383110497{padding-bottom: 20px !important;}\u00bb][vc_column][vc_column_text]Ley de arrendamiento comercial para propietarios e inquilinos.[\/vc_column_text][\/vc_column][\/vc_row][vc_row triangle_shape=\u00bbno\u00bb css=\u00bb.vc_custom_1695383105225{padding-bottom: 20px !important;}\u00bb][vc_column][vc_column_text]Le asesoramos sobre la ley de arrendamiento comercial como propietario de un nuevo negocio o como empresario existente; lo asesoramos como posible inquilino o si ya es inquilino de una propiedad comercial.[\/vc_column_text][\/vc_column][\/vc_row][vc_row triangle_shape=\u00bbno\u00bb css=\u00bb.vc_custom_1695383100665{padding-bottom: 20px !important;}\u00bb][vc_column][vc_column_text]Tambi\u00e9n lo representamos como propietario de bienes ra\u00edces comerciales en todos los asuntos de arrendamiento commercial.[\/vc_column_text][\/vc_column][\/vc_row][vc_row triangle_shape=\u00bbno\u00bb css=\u00bb.vc_custom_1695383090426{padding-bottom: 20px !important;}\u00bb][vc_column][vc_column_text]Tambi\u00e9n contamos con muchos a\u00f1os de experiencia en el \u00e1rea de iniciaci\u00f3n, dise\u00f1o, interpretaci\u00f3n y evaluaci\u00f3n de contratos de alquiler comercial, as\u00ed como su ejecuci\u00f3n judicial. Siempre pensamos con especial consideraci\u00f3n en el objetivo comercial y la industria respectiva. Gracias a nuestra experiencia de muchos a\u00f1os en asesoramiento y litigios, somos capaces de redactar contratos de alquiler comercial tanto para el propietario comercial como para el inquilino comercial dentro de las condiciones marco previstas por la legislaci\u00f3n y la jurisprudencia, con una visi\u00f3n pendular de las respectivas Se logran los intereses econ\u00f3micos del inquilino comercial y del propietario comercial, lo que le ofrece una base segura como propietario e inquilino.[\/vc_column_text][\/vc_column][\/vc_row][vc_row triangle_shape=\u00bbno\u00bb css=\u00bb.vc_custom_1695383085530{padding-bottom: 20px !important;}\u00bb][vc_column][vc_column_text]Cabe se\u00f1alar que los contratos de alquiler comerciales se pueden negociar libremente y no est\u00e1n sujetos a los criterios m\u00e1s estrictos de un contrato de alquiler residencial. Sin embargo, incluso en el caso de contratos de alquiler comercial, la libertad en el contenido de dichos contratos est\u00e1 limitada por la legislaci\u00f3n y la jurisprudencia.[\/vc_column_text][\/vc_column][\/vc_row][vc_row triangle_shape=\u00bbno\u00bb css=\u00bb.vc_custom_1695383080850{padding-bottom: 20px !important;}\u00bb][vc_column][vc_column_text]A diferencia del contrato de alquiler de viviendas, el importe del alquiler del local comercial se puede negociar libremente. Sin embargo, especialmente como inquilino comercial, usted deber\u00eda adquirir conocimientos de mercado sobre los precios de mercado relacionados con la ubicaci\u00f3n y sobre las condiciones estructurales, as\u00ed como sobre la combinaci\u00f3n de inquilinos y la combinaci\u00f3n de industrias, si se trata de una propiedad con varios inquilinos comerciales vecinos dentro de un \u00e1rea entera. \u00e1rea.[\/vc_column_text][\/vc_column][\/vc_row][vc_row triangle_shape=\u00bbno\u00bb css=\u00bb.vc_custom_1695383074763{padding-bottom: 20px !important;}\u00bb][vc_column][vc_column_text]Caracter\u00edsticas especiales para ambos lados.[\/vc_column_text][\/vc_column][\/vc_row][vc_row triangle_shape=\u00bbno\u00bb css=\u00bb.vc_custom_1695382612313{padding-bottom: 20px !important;}\u00bb][vc_column][vc_column_text]Como propietario comercial, antes de concluir un contrato de alquiler comercial con un inquilino comercial, tambi\u00e9n debe considerar qu\u00e9 prop\u00f3sito comercial debe incluirse en el contrato de alquiler comercial y si la propiedad de alquiler debe ser preparada o amueblada estructuralmente por usted o por el inquilino comercial. previamente para lograr este prop\u00f3sito comercial.[\/vc_column_text][\/vc_column][\/vc_row][vc_row triangle_shape=\u00bbno\u00bb css=\u00bb.vc_custom_1695383065058{padding-bottom: 20px !important;}\u00bb][vc_column][vc_column_text]Como inquilino comercial, debe prestar atenci\u00f3n al hecho de que los contratos de alquiler comercial a menudo implican un largo per\u00edodo de compromiso como parte de un contrato de alquiler a plazo fijo, a menudo con opciones de extensi\u00f3n que debe ejercer a tiempo.[\/vc_column_text][\/vc_column][\/vc_row][vc_row triangle_shape=\u00bbno\u00bb css=\u00bb.vc_custom_1695383060034{padding-bottom: 20px !important;}\u00bb][vc_column][vc_column_text]Dado que el derecho de arrendamiento comercial est\u00e1 fuertemente influenciado por la jurisprudencia en constante evoluci\u00f3n, que existen pocas regulaciones legales independientes en el derecho de arrendamiento comercial y que adem\u00e1s hay menos literatura especializada disponible para los expertos legales que en otras \u00e1reas legales, conviene confiar en abogados con experiencia. que le apoyan en la redacci\u00f3n de contratos, su cumplimiento y la protecci\u00f3n de sus intereses.[\/vc_column_text][\/vc_column][\/vc_row][vc_row triangle_shape=\u00bbno\u00bb css=\u00bb.vc_custom_1695383055313{padding-bottom: 20px !important;}\u00bb][vc_column][vc_column_text]Gracias a nuestra experiencia en todas las \u00e1reas de propiedades de alquiler comercial, ya sea espacios de alquiler comercial en centros comerciales, escaparates, unidades residenciales\/comerciales mixtas, parques de diversiones o propiedades individuales, podemos brindarle asesoramiento y representaci\u00f3n integral en todas las \u00e1reas de ley de alquiler comercial.[\/vc_column_text][\/vc_column][\/vc_row][vc_row triangle_shape=\u00bbno\u00bb css=\u00bb.vc_custom_1695383051370{padding-bottom: 20px !important;}\u00bb][vc_column][vc_column_text]Asesoramos y representamos a nuestros clientes en derecho de arrendamiento comercial en los siguientes temas:<\/p>\n<ul>\n<li>Redacci\u00f3n de contratos<\/li>\n<li>Ejecuci\u00f3n de contratos<\/li>\n<li>Terminaci\u00f3n<\/li>\n<li>Notificaci\u00f3n de desalojo<\/li>\n<li>costo operacional<\/li>\n<li>juego de miet<\/li>\n<li>Reducci\u00f3n de alquiler<\/li>\n<li>da\u00f1os y perjuicios<\/li>\n<li>Seguridad de arrendamiento<\/li>\n<li>Garant\u00eda de alquiler<\/li>\n<li>Prop\u00f3sito operativo<\/li>\n<li>Prop\u00f3sito operativo<\/li>\n<li>Reparaciones cosm\u00e9ticas quir\u00fargicas<\/li>\n<li>alquiler graduado<\/li>\n<li>Alquiler de \u00edndice<\/li>\n<li>Mezcla de inquilinos<\/li>\n<li>mezcla de ramas<\/li>\n<li>modificaci\u00f3n<\/li>\n<li>Renovaci\u00f3n<\/li>\n<li>renovaci\u00f3n<\/li>\n<li>Insonorizaci\u00f3n<\/li>\n<li>Prueba<\/li>\n<li>Cl\u00e1usulas contractuales<\/li>\n<li>terminaci\u00f3n anticipada del contrato de arrendamiento comercial<\/li>\n<li>Acuerdo de t\u00e9rmino<\/li>\n<\/ul>\n<p>[\/vc_column_text][\/vc_column][\/vc_row][vc_row triangle_shape=\u00bbno\u00bb css=\u00bb.vc_custom_1695383045570{padding-bottom: 20px !important;}\u00bb][vc_column][vc_column_text]El derecho de arrendamiento comercial no es un \u00e1rea independiente del derecho. Su base es la ley de arrendamientos del C\u00f3digo Civil alem\u00e1n (BGB). Esto est\u00e1 regulado en los art\u00edculos 535 \u2013 580a del BGB.[\/vc_column_text][\/vc_column][\/vc_row][vc_row triangle_shape=\u00bbno\u00bb css=\u00bb.vc_custom_1695383039994{padding-bottom: 20px !important;}\u00bb][vc_column][vc_column_text]Quienes asesoran a STEINWACHS en materia de derecho de arrendamiento tambi\u00e9n tienen experiencia en la gesti\u00f3n inmobiliaria y, por tanto, est\u00e1n familiarizados con las cuestiones relevantes m\u00e1s all\u00e1 del \u00e1mbito jur\u00eddico. Cont\u00e1ctanos sin compromise.[\/vc_column_text][\/vc_column][\/vc_row][vc_row triangle_shape=\u00bbno\u00bb css=\u00bb.vc_custom_1695383035514{padding-bottom: 20px !important;}\u00bb][vc_column][vc_column_text]Tenga en cuenta tambi\u00e9n nuestro portal sobre el tema del derecho de arrendamiento.[\/vc_column_text][\/vc_column][\/vc_row][vc_row triangle_shape=\u00bbno\u00bb css=\u00bb.vc_custom_1695383031234{padding-bottom: 20px !important;}\u00bb][vc_column][vc_column_text]Responsable del contenido de la p\u00e1gina Bufete de abogados STEINWACHS Derecho de arrendamiento comercial Hamburgo Berl\u00edn Bremen: Abogado Stephan Steinwachs (Abogado Hamburgo Berl\u00edn Bremen)[\/vc_column_text][\/vc_column][\/vc_row]<\/p>\n<\/div>","protected":false},"excerpt":{"rendered":"<p>[vc_row triangle_shape=\u00bbno\u00bb css=\u00bb.vc_custom_1695383110497{padding-bottom: 20px !important;}\u00bb][vc_column][vc_column_text]Ley de arrendamiento comercial para propietarios e inquilinos.[\/vc_column_text][\/vc_column][\/vc_row][vc_row triangle_shape=\u00bbno\u00bb css=\u00bb.vc_custom_1695383105225{padding-bottom: 20px !important;}\u00bb][vc_column][vc_column_text]Le asesoramos sobre la ley de arrendamiento comercial como propietario de un nuevo negocio o como empresario existente; lo asesoramos como posible inquilino o si ya es inquilino de una propiedad comercial.[\/vc_column_text][\/vc_column][\/vc_row][vc_row triangle_shape=\u00bbno\u00bb css=\u00bb.vc_custom_1695383100665{padding-bottom: 20px !important;}\u00bb][vc_column][vc_column_text]Tambi\u00e9n lo representamos como propietario de bienes ra\u00edces comerciales en todos los asuntos de arrendamiento commercial.[\/vc_column_text][\/vc_column][\/vc_row][vc_row triangle_shape=\u00bbno\u00bb css=\u00bb.vc_custom_1695383090426{padding-bottom: 20px !important;}\u00bb][vc_column][vc_column_text]Tambi\u00e9n contamos con muchos a\u00f1os de experiencia en el \u00e1rea de iniciaci\u00f3n, dise\u00f1o, interpretaci\u00f3n y evaluaci\u00f3n de contratos de alquiler comercial, as\u00ed como su ejecuci\u00f3n judicial. Siempre pensamos con especial consideraci\u00f3n&#8230;<\/p>\n","protected":false},"author":1,"featured_media":15786,"parent":0,"menu_order":0,"comment_status":"closed","ping_status":"closed","template":"","meta":{"footnotes":""},"class_list":["post-9233","page","type-page","status-publish","has-post-thumbnail","hentry"],"yoast_head":"<!-- This site is optimized with the Yoast SEO Premium plugin v27.2 (Yoast SEO v27.5) - https:\/\/yoast.com\/product\/yoast-seo-premium-wordpress\/ -->\n<title>Rechtsanwaltskanzlei in Hamburg Berlin Bremen Hannover L\u00fcbeck<\/title>\n<meta name=\"description\" content=\"Rechtsanwaltskanzlei f\u00fcr Arbeitsrecht, Arzthaftung, Mietrecht, Gewerbemietrecht ,Gastronomierecht, Immobilienrecht, Schadensersatz Yachtrecht\" \/>\n<meta name=\"robots\" content=\"index, follow, max-snippet:-1, max-image-preview:large, max-video-preview:-1\" \/>\n<link rel=\"canonical\" href=\"https:\/\/www.kanzlei-steinwachs.de\/es\/ley-de-arrendamiento-comercial\/\" \/>\n<meta property=\"og:locale\" content=\"es_ES\" \/>\n<meta property=\"og:type\" content=\"article\" \/>\n<meta property=\"og:title\" content=\"Rechtsanwaltskanzlei in Hamburg Berlin Bremen Hannover L\u00fcbeck\" \/>\n<meta property=\"og:description\" content=\"Rechtsanwaltskanzlei f\u00fcr Arbeitsrecht, Arzthaftung, Mietrecht, Gewerbemietrecht ,Gastronomierecht, Immobilienrecht, Schadensersatz Yachtrecht\" \/>\n<meta property=\"og:url\" content=\"https:\/\/www.kanzlei-steinwachs.de\/es\/ley-de-arrendamiento-comercial\/\" \/>\n<meta property=\"og:site_name\" content=\"Rechtsanwaltskanzlei Anwalt Hamburg Berlin Bremen Hannover L\u00fcbeck\" \/>\n<meta property=\"article:publisher\" content=\"https:\/\/www.facebook.com\/STEINWACHSRechtsanwaltskanzlei\/\" \/>\n<meta property=\"article:modified_time\" content=\"2023-10-25T10:30:30+00:00\" \/>\n<meta name=\"twitter:card\" content=\"summary_large_image\" \/>\n<meta name=\"twitter:site\" content=\"@rasteinwachs\" \/>\n<meta name=\"twitter:label1\" content=\"Tiempo de lectura\" \/>\n\t<meta name=\"twitter:data1\" content=\"6 minutos\" \/>\n<script type=\"application\/ld+json\" class=\"yoast-schema-graph\">{\"@context\":\"https:\\\/\\\/schema.org\",\"@graph\":[{\"@type\":\"WebPage\",\"@id\":\"https:\\\/\\\/www.kanzlei-steinwachs.de\\\/es\\\/ley-de-arrendamiento-comercial\\\/\",\"url\":\"https:\\\/\\\/www.kanzlei-steinwachs.de\\\/es\\\/ley-de-arrendamiento-comercial\\\/\",\"name\":\"Rechtsanwaltskanzlei in Hamburg Berlin Bremen Hannover L\u00fcbeck\",\"isPartOf\":{\"@id\":\"https:\\\/\\\/www.kanzlei-steinwachs.de\\\/es\\\/#website\"},\"primaryImageOfPage\":{\"@id\":\"https:\\\/\\\/www.kanzlei-steinwachs.de\\\/es\\\/ley-de-arrendamiento-comercial\\\/#primaryimage\"},\"image\":{\"@id\":\"https:\\\/\\\/www.kanzlei-steinwachs.de\\\/es\\\/ley-de-arrendamiento-comercial\\\/#primaryimage\"},\"thumbnailUrl\":\"https:\\\/\\\/i0.wp.com\\\/www.kanzlei-steinwachs.de\\\/wp-content\\\/uploads\\\/2023\\\/12\\\/logo.webp?fit=174%2C76&quality=20&ssl=1\",\"datePublished\":\"2023-09-22T11:29:34+00:00\",\"dateModified\":\"2023-10-25T10:30:30+00:00\",\"description\":\"Rechtsanwaltskanzlei f\u00fcr Arbeitsrecht, Arzthaftung, Mietrecht, Gewerbemietrecht ,Gastronomierecht, Immobilienrecht, Schadensersatz Yachtrecht\",\"inLanguage\":\"es\",\"potentialAction\":[{\"@type\":\"ReadAction\",\"target\":[\"https:\\\/\\\/www.kanzlei-steinwachs.de\\\/es\\\/ley-de-arrendamiento-comercial\\\/\"]}]},{\"@type\":\"ImageObject\",\"inLanguage\":\"es\",\"@id\":\"https:\\\/\\\/www.kanzlei-steinwachs.de\\\/es\\\/ley-de-arrendamiento-comercial\\\/#primaryimage\",\"url\":\"https:\\\/\\\/i0.wp.com\\\/www.kanzlei-steinwachs.de\\\/wp-content\\\/uploads\\\/2023\\\/12\\\/logo.webp?fit=174%2C76&quality=20&ssl=1\",\"contentUrl\":\"https:\\\/\\\/i0.wp.com\\\/www.kanzlei-steinwachs.de\\\/wp-content\\\/uploads\\\/2023\\\/12\\\/logo.webp?fit=174%2C76&quality=20&ssl=1\",\"width\":174,\"height\":76,\"caption\":\"Kanzlei Steinwachs\"},{\"@type\":\"WebSite\",\"@id\":\"https:\\\/\\\/www.kanzlei-steinwachs.de\\\/es\\\/#website\",\"url\":\"https:\\\/\\\/www.kanzlei-steinwachs.de\\\/es\\\/\",\"name\":\"Rechtsanwaltskanzlei Anwalt Hamburg Berlin Bremen Hannover L\u00fcbeck\",\"description\":\"Wir leisten mehr als Recht bietet\",\"publisher\":{\"@id\":\"https:\\\/\\\/www.kanzlei-steinwachs.de\\\/es\\\/#organization\"},\"potentialAction\":[{\"@type\":\"SearchAction\",\"target\":{\"@type\":\"EntryPoint\",\"urlTemplate\":\"https:\\\/\\\/www.kanzlei-steinwachs.de\\\/es\\\/?s={search_term_string}\"},\"query-input\":{\"@type\":\"PropertyValueSpecification\",\"valueRequired\":true,\"valueName\":\"search_term_string\"}}],\"inLanguage\":\"es\"},{\"@type\":[\"Organization\",\"Place\"],\"@id\":\"https:\\\/\\\/www.kanzlei-steinwachs.de\\\/es\\\/#organization\",\"name\":\"Rechtsanwaltskanzlei Anwalt Hamburg Berlin Bremen Hannover L\u00fcbeck\",\"url\":\"https:\\\/\\\/www.kanzlei-steinwachs.de\\\/\",\"logo\":{\"@type\":\"ImageObject\",\"inLanguage\":\"es\",\"@id\":\"https:\\\/\\\/www.kanzlei-steinwachs.de\\\/es\\\/#\\\/schema\\\/logo\\\/image\\\/\",\"url\":\"https:\\\/\\\/i0.wp.com\\\/www.kanzlei-steinwachs.de\\\/wp-content\\\/uploads\\\/2023\\\/12\\\/logo.webp?fit=174%2C76&quality=80&ssl=1\",\"contentUrl\":\"https:\\\/\\\/i0.wp.com\\\/www.kanzlei-steinwachs.de\\\/wp-content\\\/uploads\\\/2023\\\/12\\\/logo.webp?fit=174%2C76&quality=80&ssl=1\",\"width\":174,\"height\":76,\"caption\":\"Rechtsanwaltskanzlei Anwalt Hamburg Berlin Bremen Hannover L\u00fcbeck\"},\"image\":{\"@id\":\"https:\\\/\\\/www.kanzlei-steinwachs.de\\\/es\\\/#\\\/schema\\\/logo\\\/image\\\/\"},\"sameAs\":[\"https:\\\/\\\/www.facebook.com\\\/STEINWACHSRechtsanwaltskanzlei\\\/\",\"https:\\\/\\\/x.com\\\/rasteinwachs\",\"https:\\\/\\\/www.instagram.com\\\/steinwachs_rechtsanwaelte\\\/\",\"https:\\\/\\\/www.linkedin.com\\\/in\\\/stephan-steinwachs-7a270197\\\/\",\"https:\\\/\\\/www.youtube.com\\\/channel\\\/UCffmodDlQx81remXm395RWA\"],\"telephone\":[]}]}<\/script>\n<!-- \/ Yoast SEO Premium plugin. -->","yoast_head_json":{"title":"Rechtsanwaltskanzlei in Hamburg Berlin Bremen Hannover L\u00fcbeck","description":"Rechtsanwaltskanzlei f\u00fcr Arbeitsrecht, Arzthaftung, Mietrecht, Gewerbemietrecht ,Gastronomierecht, Immobilienrecht, Schadensersatz Yachtrecht","robots":{"index":"index","follow":"follow","max-snippet":"max-snippet:-1","max-image-preview":"max-image-preview:large","max-video-preview":"max-video-preview:-1"},"canonical":"https:\/\/www.kanzlei-steinwachs.de\/es\/ley-de-arrendamiento-comercial\/","og_locale":"es_ES","og_type":"article","og_title":"Rechtsanwaltskanzlei in Hamburg Berlin Bremen Hannover L\u00fcbeck","og_description":"Rechtsanwaltskanzlei f\u00fcr Arbeitsrecht, Arzthaftung, Mietrecht, Gewerbemietrecht ,Gastronomierecht, Immobilienrecht, Schadensersatz Yachtrecht","og_url":"https:\/\/www.kanzlei-steinwachs.de\/es\/ley-de-arrendamiento-comercial\/","og_site_name":"Rechtsanwaltskanzlei Anwalt Hamburg Berlin Bremen Hannover L\u00fcbeck","article_publisher":"https:\/\/www.facebook.com\/STEINWACHSRechtsanwaltskanzlei\/","article_modified_time":"2023-10-25T10:30:30+00:00","twitter_card":"summary_large_image","twitter_site":"@rasteinwachs","twitter_misc":{"Tiempo de lectura":"6 minutos"},"schema":{"@context":"https:\/\/schema.org","@graph":[{"@type":"WebPage","@id":"https:\/\/www.kanzlei-steinwachs.de\/es\/ley-de-arrendamiento-comercial\/","url":"https:\/\/www.kanzlei-steinwachs.de\/es\/ley-de-arrendamiento-comercial\/","name":"Rechtsanwaltskanzlei in Hamburg Berlin Bremen Hannover L\u00fcbeck","isPartOf":{"@id":"https:\/\/www.kanzlei-steinwachs.de\/es\/#website"},"primaryImageOfPage":{"@id":"https:\/\/www.kanzlei-steinwachs.de\/es\/ley-de-arrendamiento-comercial\/#primaryimage"},"image":{"@id":"https:\/\/www.kanzlei-steinwachs.de\/es\/ley-de-arrendamiento-comercial\/#primaryimage"},"thumbnailUrl":"https:\/\/i0.wp.com\/www.kanzlei-steinwachs.de\/wp-content\/uploads\/2023\/12\/logo.webp?fit=174%2C76&quality=20&ssl=1","datePublished":"2023-09-22T11:29:34+00:00","dateModified":"2023-10-25T10:30:30+00:00","description":"Rechtsanwaltskanzlei f\u00fcr Arbeitsrecht, Arzthaftung, Mietrecht, Gewerbemietrecht ,Gastronomierecht, Immobilienrecht, Schadensersatz Yachtrecht","inLanguage":"es","potentialAction":[{"@type":"ReadAction","target":["https:\/\/www.kanzlei-steinwachs.de\/es\/ley-de-arrendamiento-comercial\/"]}]},{"@type":"ImageObject","inLanguage":"es","@id":"https:\/\/www.kanzlei-steinwachs.de\/es\/ley-de-arrendamiento-comercial\/#primaryimage","url":"https:\/\/i0.wp.com\/www.kanzlei-steinwachs.de\/wp-content\/uploads\/2023\/12\/logo.webp?fit=174%2C76&quality=20&ssl=1","contentUrl":"https:\/\/i0.wp.com\/www.kanzlei-steinwachs.de\/wp-content\/uploads\/2023\/12\/logo.webp?fit=174%2C76&quality=20&ssl=1","width":174,"height":76,"caption":"Kanzlei Steinwachs"},{"@type":"WebSite","@id":"https:\/\/www.kanzlei-steinwachs.de\/es\/#website","url":"https:\/\/www.kanzlei-steinwachs.de\/es\/","name":"Rechtsanwaltskanzlei Anwalt Hamburg Berlin Bremen Hannover L\u00fcbeck","description":"Wir leisten mehr als Recht bietet","publisher":{"@id":"https:\/\/www.kanzlei-steinwachs.de\/es\/#organization"},"potentialAction":[{"@type":"SearchAction","target":{"@type":"EntryPoint","urlTemplate":"https:\/\/www.kanzlei-steinwachs.de\/es\/?s={search_term_string}"},"query-input":{"@type":"PropertyValueSpecification","valueRequired":true,"valueName":"search_term_string"}}],"inLanguage":"es"},{"@type":["Organization","Place"],"@id":"https:\/\/www.kanzlei-steinwachs.de\/es\/#organization","name":"Rechtsanwaltskanzlei Anwalt Hamburg Berlin Bremen Hannover L\u00fcbeck","url":"https:\/\/www.kanzlei-steinwachs.de\/","logo":{"@type":"ImageObject","inLanguage":"es","@id":"https:\/\/www.kanzlei-steinwachs.de\/es\/#\/schema\/logo\/image\/","url":"https:\/\/i0.wp.com\/www.kanzlei-steinwachs.de\/wp-content\/uploads\/2023\/12\/logo.webp?fit=174%2C76&quality=80&ssl=1","contentUrl":"https:\/\/i0.wp.com\/www.kanzlei-steinwachs.de\/wp-content\/uploads\/2023\/12\/logo.webp?fit=174%2C76&quality=80&ssl=1","width":174,"height":76,"caption":"Rechtsanwaltskanzlei Anwalt Hamburg Berlin Bremen Hannover L\u00fcbeck"},"image":{"@id":"https:\/\/www.kanzlei-steinwachs.de\/es\/#\/schema\/logo\/image\/"},"sameAs":["https:\/\/www.facebook.com\/STEINWACHSRechtsanwaltskanzlei\/","https:\/\/x.com\/rasteinwachs","https:\/\/www.instagram.com\/steinwachs_rechtsanwaelte\/","https:\/\/www.linkedin.com\/in\/stephan-steinwachs-7a270197\/","https:\/\/www.youtube.com\/channel\/UCffmodDlQx81remXm395RWA"],"telephone":[]}]}},"jetpack_sharing_enabled":true,"_links":{"self":[{"href":"https:\/\/www.kanzlei-steinwachs.de\/es\/wp-json\/wp\/v2\/pages\/9233","targetHints":{"allow":["GET"]}}],"collection":[{"href":"https:\/\/www.kanzlei-steinwachs.de\/es\/wp-json\/wp\/v2\/pages"}],"about":[{"href":"https:\/\/www.kanzlei-steinwachs.de\/es\/wp-json\/wp\/v2\/types\/page"}],"author":[{"embeddable":true,"href":"https:\/\/www.kanzlei-steinwachs.de\/es\/wp-json\/wp\/v2\/users\/1"}],"replies":[{"embeddable":true,"href":"https:\/\/www.kanzlei-steinwachs.de\/es\/wp-json\/wp\/v2\/comments?post=9233"}],"version-history":[{"count":0,"href":"https:\/\/www.kanzlei-steinwachs.de\/es\/wp-json\/wp\/v2\/pages\/9233\/revisions"}],"wp:featuredmedia":[{"embeddable":true,"href":"https:\/\/www.kanzlei-steinwachs.de\/es\/wp-json\/wp\/v2\/media\/15786"}],"wp:attachment":[{"href":"https:\/\/www.kanzlei-steinwachs.de\/es\/wp-json\/wp\/v2\/media?parent=9233"}],"curies":[{"name":"wp","href":"https:\/\/api.w.org\/{rel}","templated":true}]}}