{"id":9088,"date":"2023-09-23T14:44:38","date_gmt":"2023-09-23T12:44:38","guid":{"rendered":"https:\/\/www.kanzlei-steinwachs.de\/berlina\/"},"modified":"2023-11-24T13:12:20","modified_gmt":"2023-11-24T12:12:20","slug":"berlina","status":"publish","type":"page","link":"https:\/\/www.kanzlei-steinwachs.de\/es\/berlina\/","title":{"rendered":"Berlina"},"content":{"rendered":"<div class=\"wpb-content-wrapper\"><p>[vc_row triangle_shape=\u00bbno\u00bb][vc_column][vc_raw_html]PGlmcmFtZSBzcmM9Imh0dHBzOi8vd3d3Lmdvb2dsZS5jb20vbWFwcy9lbWJlZD9wYj0hMW0xNCExbTghMW0zITFkMTk0MTguOTM3MjI5NzYyMTghMmQxMy4zODcyMjUhM2Q1Mi41MjY3OTEhM20yITFpMTAyNCEyaTc2OCE0ZjEzLjEhM20zITFtMiExczB4NDdhODUxOGQwOWY2NGZmNSUzQTB4ZDgzNWM4ODg2YzIyODUwNiEyc1NURUlOV0FDSFMlMjBSZWNodHNhbndhbHRza2FuemxlaSUyMEJlcmxpbiUyME1pdHRlJTIwWmVudHJ1bSE1ZTAhM20yITFzZGUhMnNmciE0djE2OTU3OTE1NzcxODYhNW0yITFzZGUhMnNmciIgd2lkdGg9IjIwMDAiIGhlaWdodD0iNDAwIiBzdHlsZT0iYm9yZGVyOjA7IiBhbGxvd2Z1bGxzY3JlZW49IiIgbG9hZGluZz0ibGF6eSIgcmVmZXJyZXJwb2xpY3k9Im5vLXJlZmVycmVyLXdoZW4tZG93bmdyYWRlIj48L2lmcmFtZT4=[\/vc_raw_html][\/vc_column][\/vc_row][vc_row content_width=\u00bbgrid\u00bb triangle_shape=\u00bbno\u00bb css=\u00bb.vc_custom_1447839811894{padding-top: 58px !important;padding-bottom: 23px !important;background-color: #f2f2f2 !important;}\u00bb][vc_column offset=\u00bbvc_col-lg-4 vc_col-md-4&#8243;][vc_column_text]<\/p>\n<h2>Unsere boros<\/h2>\n<p>[\/vc_column_text]<div class=\"mkd-separator-holder clearfix  mkd-separator-center mkd-separator-full-width\" style=\"margin-top: -9px; margin-bottom: 0px; height: 0px\">\n\t<div class=\"mkd-separator\" style=\"border-color: rgba(255,255,255,0.01);border-bottom-width: 0px\"><\/div>\n<\/div>\n[vc_empty_space height=\u00bb20px\u00bb][vc_single_image image=\u00bb5924&#8243; img_size=\u00bbfull\u00bb][vc_empty_space height=\u00bb20px\u00bb][vc_column_text]STEINWACHS Berl\u00edn Friedrichstrasse 153a 10117 Berl\u00edn[\/vc_column_text][vc_empty_space height=\u00bb55px\u00bb][\/vc_column][vc_column offset=\u00bbvc_col-lg-4 vc_col-md-4&#8243;][vc_column_text]<\/p>\n<h2>como podemos ayudarte?<\/h2>\n<p>[\/vc_column_text]<div class=\"mkd-separator-holder clearfix  mkd-separator-center mkd-separator-full-width\" style=\"margin-top: -9px; margin-bottom: 0px; height: 0px\">\n\t<div class=\"mkd-separator\" style=\"border-color: rgba(255,255,255,0.01);border-bottom-width: 0px\"><\/div>\n<\/div>\n[vc_empty_space height=\u00bb20px\u00bb]\n<div class=\"wpcf7 no-js\" id=\"wpcf7-f12508-o1\" lang=\"es-ES\" dir=\"ltr\" data-wpcf7-id=\"12508\">\n<div class=\"screen-reader-response\"><p role=\"status\" aria-live=\"polite\" aria-atomic=\"true\"><\/p> <ul><\/ul><\/div>\n<form action=\"\/es\/wp-json\/wp\/v2\/pages\/9088#wpcf7-f12508-o1\" method=\"post\" class=\"wpcf7-form init cf7_custom_style_1\" aria-label=\"Formulario de contacto\" novalidate=\"novalidate\" data-status=\"init\">\n<fieldset class=\"hidden-fields-container\"><input type=\"hidden\" name=\"_wpcf7\" value=\"12508\" \/><input type=\"hidden\" name=\"_wpcf7_version\" value=\"6.1.5\" \/><input type=\"hidden\" name=\"_wpcf7_locale\" value=\"es_ES\" \/><input type=\"hidden\" name=\"_wpcf7_unit_tag\" value=\"wpcf7-f12508-o1\" \/><input type=\"hidden\" name=\"_wpcf7_container_post\" value=\"0\" \/><input type=\"hidden\" name=\"_wpcf7_posted_data_hash\" value=\"\" \/>\n<\/fieldset>\n<p><span class=\"wpcf7-form-control-wrap\" data-name=\"text-185\"><input size=\"40\" maxlength=\"400\" class=\"wpcf7-form-control wpcf7-text wpcf7-validates-as-required\" aria-required=\"true\" aria-invalid=\"false\" placeholder=\"Tu nombre complete*\" value=\"\" type=\"text\" name=\"text-185\" \/><\/span>\n<\/p>\n<p><span class=\"wpcf7-form-control-wrap\" data-name=\"email-978\"><input size=\"40\" maxlength=\"400\" class=\"wpcf7-form-control wpcf7-email wpcf7-validates-as-required wpcf7-text wpcf7-validates-as-email\" aria-required=\"true\" aria-invalid=\"false\" placeholder=\"Su direcci\u00f3n de correo electr\u00f3nico*\" value=\"\" type=\"email\" name=\"email-978\" \/><\/span>\n<\/p>\n<p><span class=\"wpcf7-form-control-wrap\" data-name=\"textarea-233\"><textarea cols=\"40\" rows=\"10\" maxlength=\"2000\" class=\"wpcf7-form-control wpcf7-textarea\" aria-invalid=\"false\" placeholder=\"Describe brevemente tu caso.\" name=\"textarea-233\"><\/textarea><\/span>\n<\/p>\n<p><input class=\"wpcf7-form-control wpcf7-submit has-spinner\" type=\"submit\" value=\"Kontaktiere uns jetzt\" \/>\n<\/p><p style=\"display: none !important;\" class=\"akismet-fields-container\" data-prefix=\"_wpcf7_ak_\"><label>&#916;<textarea name=\"_wpcf7_ak_hp_textarea\" cols=\"45\" rows=\"8\" maxlength=\"100\"><\/textarea><\/label><input type=\"hidden\" id=\"ak_js_1\" name=\"_wpcf7_ak_js\" value=\"186\"\/><script data-jetpack-boost=\"ignore\">document.getElementById( \"ak_js_1\" ).setAttribute( \"value\", ( new Date() ).getTime() );<\/script><\/p><div class=\"wpcf7-response-output\" aria-hidden=\"true\"><\/div>\n<\/form>\n<\/div>\n[vc_empty_space height=\u00bb55px\u00bb][\/vc_column][vc_column offset=\u00bbvc_col-lg-4 vc_col-md-4&#8243;][vc_column_text]<\/p>\n<h2>Cont\u00e1ctanos ahora<\/h2>\n<p>[\/vc_column_text]<div class=\"mkd-separator-holder clearfix  mkd-separator-center mkd-separator-full-width\" style=\"margin-top: -9px; margin-bottom: 0px; height: 0px\">\n\t<div class=\"mkd-separator\" style=\"border-color: rgba(255,255,255,0.01);border-bottom-width: 0px\"><\/div>\n<\/div>\n[vc_empty_space height=\u00bb14px\u00bb][vc_column_text]Los asuntos legales pueden ser complejos, pero estamos aqu\u00ed para ayudar. Si necesita asesoramiento, tiene preguntas sobre nuestros servicios o desea concertar una consulta, p\u00f3ngase en contacto con nosotros. Contacte con nosotros mediante el formulario facilitado, por correo electr\u00f3nico o por tel\u00e9fono. Su bienestar legal es nuestra m\u00e1xima prioridad[\/vc_column_text][vc_empty_space height=\u00bb22px\u00bb][vc_column_text]<a href=\"mailto:berlin@kanzlei-steinwachs.de\"><span style=\"color: #222222;\">Soporte<\/span>: <span style=\"color: #c18f59;\">berlin@kanzlei-steinwachs.de<\/span><\/a>[\/vc_column_text][vc_empty_space height=\u00bb50px\u00bb]<div class=\"mkd-elements-holder mkd-two-columns mkd-responsive-mode-1280\" ><div class=\"mkd-elements-holder-item mkd-horizontal-alignment-left\" >\n\t<div class=\"mkd-elements-holder-item-inner\">\n\t\t<div class=\"mkd-elements-holder-item-content mkd-elements-holder-custom-780214\" style=\"padding: 0 5px 0 0\">\n\t\t\t\t\t\t<div class=\"mkd-icon-list-item\">\n\t<div class=\"mkd-icon-list-icon-holder\">\n        <div class=\"mkd-icon-list-icon-holder-inner clearfix\" data-icon-size=23>\n\t\t\t<i class=\"mkd-icon-font-awesome fa fa-fax \" style=\"color:#c18f59;font-size:23px\" ><\/i>\t\t<\/div>\n\t<\/div>\n\t<p class=\"mkd-icon-list-text\" style=\"color:#222222;font-size:17px;padding-left:8px;font-weight:400\" data-title-size=17> +49 30 84710713<\/p>\n<\/div>[vc_empty_space height=\u00bb2px\u00bb][vc_column_text]Fax para obtener detalles claros[\/vc_column_text][vc_empty_space height=\u00bb30px\u00bb]\t\t<\/div>\n\t<\/div>\n<\/div><div class=\"mkd-elements-holder-item mkd-horizontal-alignment-left\" >\n\t<div class=\"mkd-elements-holder-item-inner\">\n\t\t<div class=\"mkd-elements-holder-item-content mkd-elements-holder-custom-782527\" style=\"padding: 0 5px 0 0\">\n\t\t\t\t\t\t<div class=\"mkd-icon-list-item\">\n\t<div class=\"mkd-icon-list-icon-holder\">\n        <div class=\"mkd-icon-list-icon-holder-inner clearfix\" data-icon-size=23>\n\t\t\t<i class=\"mkd-icon-font-awesome fa fa-phone \" style=\"color:#c18f59;font-size:23px\" ><\/i>\t\t<\/div>\n\t<\/div>\n\t<p class=\"mkd-icon-list-text\" style=\"color:#222222;font-size:17px;padding-left:8px;font-weight:400\" data-title-size=17> +49 30 84710711<\/p>\n<\/div>[vc_empty_space height=\u00bb2px\u00bb][vc_column_text]Llame para una consulta gratuita[\/vc_column_text][vc_empty_space height=\u00bb30px\u00bb]\t\t<\/div>\n\t<\/div>\n<\/div><\/div>[vc_empty_space height=\u00bb25px\u00bb][\/vc_column][\/vc_row]<\/p>\n<div id=\"gtx-trans\" style=\"position: absolute; left: 294px; top: 393.719px;\">\n<div class=\"gtx-trans-icon\"><\/div>\n<\/div>\n<\/div>","protected":false},"excerpt":{"rendered":"<p>[vc_row triangle_shape=\u00bbno\u00bb][vc_column][vc_raw_html]PGlmcmFtZSBzcmM9Imh0dHBzOi8vd3d3Lmdvb2dsZS5jb20vbWFwcy9lbWJlZD9wYj0hMW0xNCExbTghMW0zITFkMTk0MTguOTM3MjI5NzYyMTghMmQxMy4zODcyMjUhM2Q1Mi41MjY3OTEhM20yITFpMTAyNCEyaTc2OCE0ZjEzLjEhM20zITFtMiExczB4NDdhODUxOGQwOWY2NGZmNSUzQTB4ZDgzNWM4ODg2YzIyODUwNiEyc1NURUlOV0FDSFMlMjBSZWNodHNhbndhbHRza2FuemxlaSUyMEJlcmxpbiUyME1pdHRlJTIwWmVudHJ1bSE1ZTAhM20yITFzZGUhMnNmciE0djE2OTU3OTE1NzcxODYhNW0yITFzZGUhMnNmciIgd2lkdGg9IjIwMDAiIGhlaWdodD0iNDAwIiBzdHlsZT0iYm9yZGVyOjA7IiBhbGxvd2Z1bGxzY3JlZW49IiIgbG9hZGluZz0ibGF6eSIgcmVmZXJyZXJwb2xpY3k9Im5vLXJlZmVycmVyLXdoZW4tZG93bmdyYWRlIj48L2lmcmFtZT4=[\/vc_raw_html][\/vc_column][\/vc_row][vc_row content_width=\u00bbgrid\u00bb triangle_shape=\u00bbno\u00bb css=\u00bb.vc_custom_1447839811894{padding-top: 58px !important;padding-bottom: 23px !important;background-color: #f2f2f2 !important;}\u00bb][vc_column offset=\u00bbvc_col-lg-4 vc_col-md-4&#8243;][vc_column_text] Unsere boros [\/vc_column_text][vc_empty_space height=\u00bb20px\u00bb][vc_single_image image=\u00bb5924&#8243; img_size=\u00bbfull\u00bb][vc_empty_space height=\u00bb20px\u00bb][vc_column_text]STEINWACHS Berl\u00edn Friedrichstrasse 153a 10117 Berl\u00edn[\/vc_column_text][vc_empty_space height=\u00bb55px\u00bb][\/vc_column][vc_column offset=\u00bbvc_col-lg-4 vc_col-md-4&#8243;][vc_column_text] como podemos ayudarte? [\/vc_column_text][vc_empty_space height=\u00bb20px\u00bb][vc_empty_space height=\u00bb55px\u00bb][\/vc_column][vc_column offset=\u00bbvc_col-lg-4 vc_col-md-4&#8243;][vc_column_text] Cont\u00e1ctanos ahora [\/vc_column_text][vc_empty_space height=\u00bb14px\u00bb][vc_column_text]Los asuntos legales pueden ser complejos, pero estamos aqu\u00ed para ayudar. Si necesita asesoramiento, tiene preguntas sobre nuestros servicios o desea concertar una consulta, p\u00f3ngase en contacto con nosotros. Contacte con nosotros mediante el formulario facilitado, por correo electr\u00f3nico o por tel\u00e9fono. Su bienestar legal es nuestra m\u00e1xima prioridad[\/vc_column_text][vc_empty_space height=\u00bb22px\u00bb][vc_column_text]Soporte: berlin@kanzlei-steinwachs.de[\/vc_column_text][vc_empty_space height=\u00bb50px\u00bb][vc_empty_space height=\u00bb25px\u00bb][\/vc_column][\/vc_row]<\/p>\n","protected":false},"author":1,"featured_media":0,"parent":0,"menu_order":0,"comment_status":"closed","ping_status":"closed","template":"full-width.php","meta":{"footnotes":""},"class_list":["post-9088","page","type-page","status-publish","hentry"],"yoast_head":"<!-- This site is optimized with the Yoast SEO Premium plugin v27.2 (Yoast SEO v27.4) - https:\/\/yoast.com\/product\/yoast-seo-premium-wordpress\/ -->\n<title>Rechtsanwaltskanzlei in Hamburg Berlin Bremen Hannover L\u00fcbeck<\/title>\n<meta name=\"description\" content=\"Rechtsanwaltskanzlei f\u00fcr Arbeitsrecht, Arzthaftung, Mietrecht, Gewerbemietrecht ,Gastronomierecht, Immobilienrecht, Schadensersatz Yachtrecht\" \/>\n<meta name=\"robots\" content=\"index, follow, max-snippet:-1, max-image-preview:large, max-video-preview:-1\" \/>\n<link rel=\"canonical\" href=\"https:\/\/www.kanzlei-steinwachs.de\/es\/berlina\/\" \/>\n<meta property=\"og:locale\" content=\"es_ES\" \/>\n<meta property=\"og:type\" content=\"article\" \/>\n<meta property=\"og:title\" content=\"Rechtsanwaltskanzlei in Hamburg Berlin Bremen Hannover L\u00fcbeck\" \/>\n<meta property=\"og:description\" content=\"Rechtsanwaltskanzlei f\u00fcr Arbeitsrecht, Arzthaftung, Mietrecht, Gewerbemietrecht ,Gastronomierecht, Immobilienrecht, Schadensersatz Yachtrecht\" \/>\n<meta property=\"og:url\" content=\"https:\/\/www.kanzlei-steinwachs.de\/es\/berlina\/\" \/>\n<meta property=\"og:site_name\" content=\"Rechtsanwaltskanzlei Anwalt Hamburg Berlin Bremen Hannover L\u00fcbeck\" \/>\n<meta property=\"article:publisher\" content=\"https:\/\/www.facebook.com\/STEINWACHSRechtsanwaltskanzlei\/\" \/>\n<meta property=\"article:modified_time\" content=\"2023-11-24T12:12:20+00:00\" \/>\n<meta name=\"twitter:card\" content=\"summary_large_image\" \/>\n<meta name=\"twitter:site\" content=\"@rasteinwachs\" \/>\n<meta name=\"twitter:label1\" content=\"Tiempo de lectura\" \/>\n\t<meta name=\"twitter:data1\" content=\"1 minuto\" \/>\n<script type=\"application\/ld+json\" class=\"yoast-schema-graph\">{\"@context\":\"https:\\\/\\\/schema.org\",\"@graph\":[{\"@type\":\"WebPage\",\"@id\":\"https:\\\/\\\/www.kanzlei-steinwachs.de\\\/es\\\/berlina\\\/\",\"url\":\"https:\\\/\\\/www.kanzlei-steinwachs.de\\\/es\\\/berlina\\\/\",\"name\":\"Rechtsanwaltskanzlei in Hamburg Berlin Bremen Hannover L\u00fcbeck\",\"isPartOf\":{\"@id\":\"https:\\\/\\\/www.kanzlei-steinwachs.de\\\/es\\\/#website\"},\"datePublished\":\"2023-09-23T12:44:38+00:00\",\"dateModified\":\"2023-11-24T12:12:20+00:00\",\"description\":\"Rechtsanwaltskanzlei f\u00fcr Arbeitsrecht, Arzthaftung, Mietrecht, Gewerbemietrecht ,Gastronomierecht, Immobilienrecht, Schadensersatz Yachtrecht\",\"inLanguage\":\"es\",\"potentialAction\":[{\"@type\":\"ReadAction\",\"target\":[\"https:\\\/\\\/www.kanzlei-steinwachs.de\\\/es\\\/berlina\\\/\"]}]},{\"@type\":\"WebSite\",\"@id\":\"https:\\\/\\\/www.kanzlei-steinwachs.de\\\/es\\\/#website\",\"url\":\"https:\\\/\\\/www.kanzlei-steinwachs.de\\\/es\\\/\",\"name\":\"Rechtsanwaltskanzlei Anwalt Hamburg Berlin Bremen Hannover L\u00fcbeck\",\"description\":\"Wir leisten mehr als Recht bietet\",\"publisher\":{\"@id\":\"https:\\\/\\\/www.kanzlei-steinwachs.de\\\/es\\\/#organization\"},\"potentialAction\":[{\"@type\":\"SearchAction\",\"target\":{\"@type\":\"EntryPoint\",\"urlTemplate\":\"https:\\\/\\\/www.kanzlei-steinwachs.de\\\/es\\\/?s={search_term_string}\"},\"query-input\":{\"@type\":\"PropertyValueSpecification\",\"valueRequired\":true,\"valueName\":\"search_term_string\"}}],\"inLanguage\":\"es\"},{\"@type\":[\"Organization\",\"Place\"],\"@id\":\"https:\\\/\\\/www.kanzlei-steinwachs.de\\\/es\\\/#organization\",\"name\":\"Rechtsanwaltskanzlei Anwalt Hamburg Berlin Bremen Hannover L\u00fcbeck\",\"url\":\"https:\\\/\\\/www.kanzlei-steinwachs.de\\\/\",\"logo\":{\"@type\":\"ImageObject\",\"inLanguage\":\"es\",\"@id\":\"https:\\\/\\\/www.kanzlei-steinwachs.de\\\/es\\\/#\\\/schema\\\/logo\\\/image\\\/\",\"url\":\"https:\\\/\\\/i0.wp.com\\\/www.kanzlei-steinwachs.de\\\/wp-content\\\/uploads\\\/2023\\\/12\\\/logo.webp?fit=174%2C76&quality=80&ssl=1\",\"contentUrl\":\"https:\\\/\\\/i0.wp.com\\\/www.kanzlei-steinwachs.de\\\/wp-content\\\/uploads\\\/2023\\\/12\\\/logo.webp?fit=174%2C76&quality=80&ssl=1\",\"width\":174,\"height\":76,\"caption\":\"Rechtsanwaltskanzlei Anwalt Hamburg Berlin Bremen Hannover L\u00fcbeck\"},\"image\":{\"@id\":\"https:\\\/\\\/www.kanzlei-steinwachs.de\\\/es\\\/#\\\/schema\\\/logo\\\/image\\\/\"},\"sameAs\":[\"https:\\\/\\\/www.facebook.com\\\/STEINWACHSRechtsanwaltskanzlei\\\/\",\"https:\\\/\\\/x.com\\\/rasteinwachs\",\"https:\\\/\\\/www.instagram.com\\\/steinwachs_rechtsanwaelte\\\/\",\"https:\\\/\\\/www.linkedin.com\\\/in\\\/stephan-steinwachs-7a270197\\\/\",\"https:\\\/\\\/www.youtube.com\\\/channel\\\/UCffmodDlQx81remXm395RWA\"],\"telephone\":[]}]}<\/script>\n<!-- \/ Yoast SEO Premium plugin. -->","yoast_head_json":{"title":"Rechtsanwaltskanzlei in Hamburg Berlin Bremen Hannover L\u00fcbeck","description":"Rechtsanwaltskanzlei f\u00fcr Arbeitsrecht, Arzthaftung, Mietrecht, Gewerbemietrecht ,Gastronomierecht, Immobilienrecht, Schadensersatz Yachtrecht","robots":{"index":"index","follow":"follow","max-snippet":"max-snippet:-1","max-image-preview":"max-image-preview:large","max-video-preview":"max-video-preview:-1"},"canonical":"https:\/\/www.kanzlei-steinwachs.de\/es\/berlina\/","og_locale":"es_ES","og_type":"article","og_title":"Rechtsanwaltskanzlei in Hamburg Berlin Bremen Hannover L\u00fcbeck","og_description":"Rechtsanwaltskanzlei f\u00fcr Arbeitsrecht, Arzthaftung, Mietrecht, Gewerbemietrecht ,Gastronomierecht, Immobilienrecht, Schadensersatz Yachtrecht","og_url":"https:\/\/www.kanzlei-steinwachs.de\/es\/berlina\/","og_site_name":"Rechtsanwaltskanzlei Anwalt Hamburg Berlin Bremen Hannover L\u00fcbeck","article_publisher":"https:\/\/www.facebook.com\/STEINWACHSRechtsanwaltskanzlei\/","article_modified_time":"2023-11-24T12:12:20+00:00","twitter_card":"summary_large_image","twitter_site":"@rasteinwachs","twitter_misc":{"Tiempo de lectura":"1 minuto"},"schema":{"@context":"https:\/\/schema.org","@graph":[{"@type":"WebPage","@id":"https:\/\/www.kanzlei-steinwachs.de\/es\/berlina\/","url":"https:\/\/www.kanzlei-steinwachs.de\/es\/berlina\/","name":"Rechtsanwaltskanzlei in Hamburg Berlin Bremen Hannover L\u00fcbeck","isPartOf":{"@id":"https:\/\/www.kanzlei-steinwachs.de\/es\/#website"},"datePublished":"2023-09-23T12:44:38+00:00","dateModified":"2023-11-24T12:12:20+00:00","description":"Rechtsanwaltskanzlei f\u00fcr Arbeitsrecht, Arzthaftung, Mietrecht, Gewerbemietrecht ,Gastronomierecht, Immobilienrecht, Schadensersatz Yachtrecht","inLanguage":"es","potentialAction":[{"@type":"ReadAction","target":["https:\/\/www.kanzlei-steinwachs.de\/es\/berlina\/"]}]},{"@type":"WebSite","@id":"https:\/\/www.kanzlei-steinwachs.de\/es\/#website","url":"https:\/\/www.kanzlei-steinwachs.de\/es\/","name":"Rechtsanwaltskanzlei Anwalt Hamburg Berlin Bremen Hannover L\u00fcbeck","description":"Wir leisten mehr als Recht bietet","publisher":{"@id":"https:\/\/www.kanzlei-steinwachs.de\/es\/#organization"},"potentialAction":[{"@type":"SearchAction","target":{"@type":"EntryPoint","urlTemplate":"https:\/\/www.kanzlei-steinwachs.de\/es\/?s={search_term_string}"},"query-input":{"@type":"PropertyValueSpecification","valueRequired":true,"valueName":"search_term_string"}}],"inLanguage":"es"},{"@type":["Organization","Place"],"@id":"https:\/\/www.kanzlei-steinwachs.de\/es\/#organization","name":"Rechtsanwaltskanzlei Anwalt Hamburg Berlin Bremen Hannover L\u00fcbeck","url":"https:\/\/www.kanzlei-steinwachs.de\/","logo":{"@type":"ImageObject","inLanguage":"es","@id":"https:\/\/www.kanzlei-steinwachs.de\/es\/#\/schema\/logo\/image\/","url":"https:\/\/i0.wp.com\/www.kanzlei-steinwachs.de\/wp-content\/uploads\/2023\/12\/logo.webp?fit=174%2C76&quality=80&ssl=1","contentUrl":"https:\/\/i0.wp.com\/www.kanzlei-steinwachs.de\/wp-content\/uploads\/2023\/12\/logo.webp?fit=174%2C76&quality=80&ssl=1","width":174,"height":76,"caption":"Rechtsanwaltskanzlei Anwalt Hamburg Berlin Bremen Hannover L\u00fcbeck"},"image":{"@id":"https:\/\/www.kanzlei-steinwachs.de\/es\/#\/schema\/logo\/image\/"},"sameAs":["https:\/\/www.facebook.com\/STEINWACHSRechtsanwaltskanzlei\/","https:\/\/x.com\/rasteinwachs","https:\/\/www.instagram.com\/steinwachs_rechtsanwaelte\/","https:\/\/www.linkedin.com\/in\/stephan-steinwachs-7a270197\/","https:\/\/www.youtube.com\/channel\/UCffmodDlQx81remXm395RWA"],"telephone":[]}]}},"jetpack_sharing_enabled":true,"_links":{"self":[{"href":"https:\/\/www.kanzlei-steinwachs.de\/es\/wp-json\/wp\/v2\/pages\/9088","targetHints":{"allow":["GET"]}}],"collection":[{"href":"https:\/\/www.kanzlei-steinwachs.de\/es\/wp-json\/wp\/v2\/pages"}],"about":[{"href":"https:\/\/www.kanzlei-steinwachs.de\/es\/wp-json\/wp\/v2\/types\/page"}],"author":[{"embeddable":true,"href":"https:\/\/www.kanzlei-steinwachs.de\/es\/wp-json\/wp\/v2\/users\/1"}],"replies":[{"embeddable":true,"href":"https:\/\/www.kanzlei-steinwachs.de\/es\/wp-json\/wp\/v2\/comments?post=9088"}],"version-history":[{"count":0,"href":"https:\/\/www.kanzlei-steinwachs.de\/es\/wp-json\/wp\/v2\/pages\/9088\/revisions"}],"wp:attachment":[{"href":"https:\/\/www.kanzlei-steinwachs.de\/es\/wp-json\/wp\/v2\/media?parent=9088"}],"curies":[{"name":"wp","href":"https:\/\/api.w.org\/{rel}","templated":true}]}}